{"id":1133,"date":"2023-03-21T08:03:22","date_gmt":"2023-03-21T08:03:22","guid":{"rendered":"https:\/\/vcycletech.com\/?post_type=product&#038;p=1133"},"modified":"2023-03-21T08:03:23","modified_gmt":"2023-03-21T08:03:23","slug":"acido-acrilico-2-hidroxipropil-acrilato-copolimero-t-225","status":"publish","type":"product","link":"https:\/\/vcycletech.com\/pt\/produtos\/acido-acrilico-2-hidroxipropil-acrilato-copolimero-t-225\/","title":{"rendered":"Copol\u00edmero de \u00e1cido acr\u00edlico-2-hidroxipropil acrilato (T-225)"},"content":{"rendered":"<h3>N\u00ba CAS 55719-33-0<\/h3>\n<h3>F\u00f3rmula estrutural:<\/h3>\n<p><img fetchpriority=\"high\" decoding=\"async\" class=\"alignnone size-full wp-image-1138\" src=\"https:\/\/vcycletech.com\/wp-content\/uploads\/2023\/03\/Structural-Formula-8.png\" alt=\"F\u00f3rmula estrutural do copol\u00edmero de \u00e1cido acr\u00edlico-2-hidroxipropil acrilato (T-225)\" width=\"1400\" height=\"450\" srcset=\"https:\/\/vcycletech.com\/wp-content\/uploads\/2023\/03\/Structural-Formula-8.png 1400w, https:\/\/vcycletech.com\/wp-content\/uploads\/2023\/03\/Structural-Formula-8-600x193.png 600w, https:\/\/vcycletech.com\/wp-content\/uploads\/2023\/03\/Structural-Formula-8-300x96.png 300w, https:\/\/vcycletech.com\/wp-content\/uploads\/2023\/03\/Structural-Formula-8-1024x329.png 1024w, https:\/\/vcycletech.com\/wp-content\/uploads\/2023\/03\/Structural-Formula-8-768x247.png 768w\" sizes=\"(max-width: 1400px) 100vw, 1400px\" \/><\/p>\n<h3>Propriedades:<\/h3>\n<p>T-225 \u00e9 um copol\u00edmero avan\u00e7ado de \u00e1cido poliacr\u00edlico e acrilato de hidroxipropil. Ele oferece propriedades excepcionais de inibi\u00e7\u00e3o e dispers\u00e3o de incrusta\u00e7\u00f5es contra os principais antagonistas, como fosfato de c\u00e1lcio, carbonato de c\u00e1lcio, lodo de \u00f3xido f\u00e9rrico, argila e graxa. Este produto pode ser utilizado em situa\u00e7\u00f5es de pH elevado com excelente compatibilidade com outras organofosfinas e BTA. Al\u00e9m disso, o T-225 fornece \u00f3timos resultados com sua capacidade de reter sedimentos de sal de zinco e fosfato de c\u00e1lcio de forma eficaz. Seu desempenho permanece mesmo sob altas temperaturas e condi\u00e7\u00f5es alcalinas para excelentes resultados.<\/p>\n<h3>Especifica\u00e7\u00e3o:<\/h3>\n<div id=\"footable_parent_1140\"\n         class=\"footable_parent ninja_table_wrapper loading_ninja_table wp_table_data_press_parent semantic_ui\">\n                <table data-ninja_table_instance=\"ninja_table_instance_0\" data-footable_id=\"1140\" data-filter-delay=\"1000\" aria-label=\"Copol\u00edmero de \u00e1cido acr\u00edlico-2-hidroxipropil acrilato-333.csv\"            id=\"footable_1140\"\n           data-unique_identifier=\"ninja_table_unique_id_2502049245_1140\"\n           class=\"foo-table ninja_footable foo_table_1140 ninja_table_unique_id_2502049245_1140 ui table  nt_type_legacy_table selectable striped vertical_centered  footable-paging-right ninja_table_pro\">\n                <colgroup>\n                            <col class=\"ninja_column_0\">\n                            <col class=\"ninja_column_1\">\n                            <col class=\"ninja_column_2\">\n                    <\/colgroup>\n        <thead>\n<tr class=\"footable-header\">\n                                                        <th scope=\"col\"  class=\"ninja_column_0 ninja_clmn_nm_items\">Itens<\/th><th scope=\"col\"  class=\"ninja_column_1 ninja_clmn_nm_index\">\u00cdndice<\/th><th scope=\"col\"  class=\"ninja_column_2 ninja_clmn_nm_ninja_column_3\"><\/th><\/tr>\n<\/thead>\n<tbody>\n\n        <tr data-row_id=\"241\" class=\"ninja_table_row_0 nt_row_id_241\">\n            <td><\/td><td>Neutro<\/td><td>\u00c1cido<\/td>        <\/tr>\n            <tr data-row_id=\"242\" class=\"ninja_table_row_1 nt_row_id_242\">\n            <td>Apar\u00eancia<\/td><td>L\u00edquido transparente incolor a amarelo p\u00e1lido<\/td><td><\/td>        <\/tr>\n            <tr data-row_id=\"243\" class=\"ninja_table_row_2 nt_row_id_243\">\n            <td>Conte\u00fado s\u00f3lido, %<\/td><td>30,0 min<\/td><td>30,0 min<\/td>        <\/tr>\n            <tr data-row_id=\"244\" class=\"ninja_table_row_3 nt_row_id_244\">\n            <td>Mon\u00f4mero livre (como AA), %<\/td><td>0,5 m\u00e1x.<\/td><td>0,5 m\u00e1x.<\/td>        <\/tr>\n            <tr data-row_id=\"245\" class=\"ninja_table_row_4 nt_row_id_245\">\n            <td>pH (solu\u00e7\u00e3o de \u00e1gua 1%)<\/td><td>7,5\u00b11,0<\/td><td>2,5\u00b10,5<\/td>        <\/tr>\n            <tr data-row_id=\"246\" class=\"ninja_table_row_5 nt_row_id_246\">\n            <td>Densidade (20 \u2103), g\/cm3<\/td><td>1,10 min<\/td><td><\/td>        <\/tr>\n    <\/tbody><!--ninja_tobody_rendering_done-->\n    <\/table>\n    \n    \n    \n<\/div>\n\n<h3>Uso:<\/h3>\n<p>O T-225 pode ser usado em sistemas de circula\u00e7\u00e3o de \u00e1gua fria com alta alcalinidade e n\u00edveis de fosfato. \u00c9 um inibidor de incrusta\u00e7\u00f5es e dispersante eficaz para aquecedores, evaporadores sem coluna, caldeiras, \u00e1gua fria circulante e campos petrol\u00edferos de reabastecimento sujos com teor de c\u00e1lcio. A dosagem deve estar entre 10-30mg\/L para melhores resultados. O T-225 tamb\u00e9m pode ser combinado com organofosfinas para formar uma f\u00f3rmula alcalina org\u00e2nica completa.<\/p>\n<h3>Instru\u00e7\u00f5es de embalagem e armazenamento para T-225<\/h3>\n<p>De acordo com os requisitos do cliente, inclua tambores de pl\u00e1stico de 200L ou cont\u00eaineres IBC (1000L). O produto deve ser armazenado em local seco e sombreado por at\u00e9 um ano para manter sua efic\u00e1cia.<\/p>\n<h3>perguntas frequentes<\/h3>\n<p><img decoding=\"async\" class=\"alignnone size-full wp-image-1142\" src=\"https:\/\/vcycletech.com\/wp-content\/uploads\/2023\/03\/Acrylic-Acid-2-Hydroxypropyl-Acrylate-Copolymer-T-225-1.png\" alt=\"Copol\u00edmero de \u00e1cido acr\u00edlico-2-hidroxipropil acrilato (T-225)\" width=\"600\" height=\"400\" srcset=\"https:\/\/vcycletech.com\/wp-content\/uploads\/2023\/03\/Acrylic-Acid-2-Hydroxypropyl-Acrylate-Copolymer-T-225-1.png 600w, https:\/\/vcycletech.com\/wp-content\/uploads\/2023\/03\/Acrylic-Acid-2-Hydroxypropyl-Acrylate-Copolymer-T-225-1-300x200.png 300w\" sizes=\"(max-width: 600px) 100vw, 600px\" \/><\/p>\n<h4>O que \u00e9 T-225?<\/h4>\n<p>O T-225 \u00e9 um pol\u00edmero sint\u00e9tico usado em uma variedade de aplica\u00e7\u00f5es industriais e comerciais. \u00c9 um copol\u00edmero de \u00e1cido acr\u00edlico e acrilato de 2-hidroxipropil.<\/p>\n<h4>Quais s\u00e3o as propriedades do T-225?<\/h4>\n<p>O T-225 possui v\u00e1rias propriedades exclusivas que o tornam \u00fatil para v\u00e1rias aplica\u00e7\u00f5es. \u00c9 um s\u00f3lido pulverulento branco que \u00e9 insol\u00favel em \u00e1gua. Tamb\u00e9m n\u00e3o \u00e9 t\u00f3xico e tem um baixo ponto de fus\u00e3o.<\/p>\n<h4>Quais s\u00e3o os usos do T-225?<\/h4>\n<p>O T-225 pode ser usado em uma variedade de ind\u00fastrias e aplica\u00e7\u00f5es. \u00c9 comumente usado como aditivo em adesivos, revestimentos e selantes. Tamb\u00e9m \u00e9 usado para produzir pl\u00e1sticos, borrachas e t\u00eaxteis.<\/p>\n<h4>Como funciona o T-225?<\/h4>\n<p>O T-225 funciona fornecendo uma s\u00e9rie de benef\u00edcios aos produtos nos quais \u00e9 usado. Por exemplo, pode melhorar a ades\u00e3o, coes\u00e3o e flexibilidade do adesivo. Tamb\u00e9m pode melhorar a durabilidade e resist\u00eancia \u00e0 abras\u00e3o de revestimentos e selantes.<\/p>\n<h4>Quais s\u00e3o os benef\u00edcios do T-225?<\/h4>\n<p>Os benef\u00edcios do T-225 dependem da aplica\u00e7\u00e3o espec\u00edfica em que \u00e9 usado. No entanto, alguns benef\u00edcios gerais incluem melhor desempenho do produto, maior efici\u00eancia e custos reduzidos.<\/p>\n<h4>Existem riscos associados ao T-225?<\/h4>\n<p>N\u00e3o h\u00e1 riscos conhecidos associados ao T-225. No entanto, como acontece com qualquer pol\u00edmero sint\u00e9tico, h\u00e1 sempre a possibilidade de surgirem riscos desconhecidos ao longo do tempo.<\/p>\n<h4>Que precau\u00e7\u00f5es devem ser tomadas ao usar o T-225?<\/h4>\n<p>Como com qualquer pol\u00edmero sint\u00e9tico, devem ser tomadas precau\u00e7\u00f5es para evitar a inala\u00e7\u00e3o ou contato com a pele ou olhos. Em caso de contato, lave a \u00e1rea afetada com \u00e1gua por 15 minutos e procure atendimento m\u00e9dico se a irrita\u00e7\u00e3o persistir. Se inalado, remova para o ar fresco e procure atendimento m\u00e9dico, se necess\u00e1rio.<\/p>\n<h4>Como o T-225 deve ser armazenado?<\/h4>\n<p>O T-225 deve ser armazenado em local fresco e seco, longe da luz solar direta<\/p>","protected":false},"excerpt":{"rendered":"<p>O copol\u00edmero de \u00e1cido acr\u00edlico-2-hidroxipropil acrilato (T-225) \u00e9 um copol\u00edmero de \u00e1cido poliacr\u00edlico e acrilato de hidroxipropil. Possui boas propriedades de inibi\u00e7\u00e3o e dispers\u00e3o de incrusta\u00e7\u00f5es para fosfato de c\u00e1lcio e c\u00e1lcio, tornando-o adequado para uso em \u00e1gua de resfriamento circulante em condi\u00e7\u00f5es alcalinas e com a presen\u00e7a de mais fosfato. T-225 tem um CAS No. 55719-33-0, uma apar\u00eancia de l\u00edquido viscoso incolor a amarelo claro e um conte\u00fado s\u00f3lido de 30,0% min com mon\u00f4mero livre (como AA) a 0,5% m\u00e1x. Tamb\u00e9m \u00e9 conhecido como AA\/HPA, pol\u00edmero de \u00e9ster de 2-hidroxipropil \u00e1cido 2-propen\u00f3ico com \u00e1cido 2-propen\u00f3ico, copol\u00edmero de acrilato de 2-hidroxipropil \u00e1cido acr\u00edlico (T-225), copol\u00edmero de acrilato de 2-hidroxipropil \u00e1cido acr\u00edlico (T-225 ) e T-225.<\/p>","protected":false},"featured_media":1141,"template":"","meta":{"site-sidebar-layout":"default","site-content-layout":"default","ast-site-content-layout":"default","site-content-style":"default","site-sidebar-style":"default","ast-global-header-display":"","ast-banner-title-visibility":"","ast-main-header-display":"","ast-hfb-above-header-display":"","ast-hfb-below-header-display":"","ast-hfb-mobile-header-display":"","site-post-title":"","ast-breadcrumbs-content":"","ast-featured-img":"","footer-sml-layout":"","ast-disable-related-posts":"","theme-transparent-header-meta":"default","adv-header-id-meta":"","stick-header-meta":"default","header-above-stick-meta":"","header-main-stick-meta":"","header-below-stick-meta":"","astra-migrate-meta-layouts":"default","ast-page-background-enabled":"default","ast-page-background-meta":{"desktop":{"background-color":"","background-image":"","background-repeat":"repeat","background-position":"center center","background-size":"auto","background-attachment":"scroll","background-type":"","background-media":"","overlay-type":"","overlay-color":"","overlay-opacity":"","overlay-gradient":""},"tablet":{"background-color":"","background-image":"","background-repeat":"repeat","background-position":"center center","background-size":"auto","background-attachment":"scroll","background-type":"","background-media":"","overlay-type":"","overlay-color":"","overlay-opacity":"","overlay-gradient":""},"mobile":{"background-color":"","background-image":"","background-repeat":"repeat","background-position":"center center","background-size":"auto","background-attachment":"scroll","background-type":"","background-media":"","overlay-type":"","overlay-color":"","overlay-opacity":"","overlay-gradient":""}},"ast-content-background-meta":{"desktop":{"background-color":"var(--ast-global-color-5)","background-image":"","background-repeat":"repeat","background-position":"center center","background-size":"auto","background-attachment":"scroll","background-type":"","background-media":"","overlay-type":"","overlay-color":"","overlay-opacity":"","overlay-gradient":""},"tablet":{"background-color":"var(--ast-global-color-5)","background-image":"","background-repeat":"repeat","background-position":"center center","background-size":"auto","background-attachment":"scroll","background-type":"","background-media":"","overlay-type":"","overlay-color":"","overlay-opacity":"","overlay-gradient":""},"mobile":{"background-color":"var(--ast-global-color-5)","background-image":"","background-repeat":"repeat","background-position":"center center","background-size":"auto","background-attachment":"scroll","background-type":"","background-media":"","overlay-type":"","overlay-color":"","overlay-opacity":"","overlay-gradient":""}}},"product_brand":[],"product_cat":[28],"product_tag":[],"class_list":{"0":"post-1133","1":"product","2":"type-product","3":"status-publish","4":"has-post-thumbnail","6":"product_cat-polycarboxylic-antiscalant-and-dispersant","7":"desktop-align-left","8":"tablet-align-left","9":"mobile-align-left","10":"ast-product-gallery-layout-horizontal-slider","11":"ast-product-gallery-with-no-image","12":"ast-product-tabs-layout-horizontal","14":"first","15":"instock","16":"shipping-taxable","17":"product-type-simple"},"yoast_head":"<!-- This site is optimized with the Yoast SEO Premium plugin v26.3 (Yoast SEO v27.3) - https:\/\/yoast.com\/product\/yoast-seo-premium-wordpress\/ -->\n<title>Acrylic Acid-2-Hydroxypropyl Acrylate Copolymer (T-225) - vcycletech<\/title>\n<meta name=\"description\" content=\"Get the best Acrylic Acid-2-Hydroxypropyl Acrylate Copolymer (T-225) for your needs today! Scale inhibition and dispersion properties guaranteed.\" \/>\n<meta name=\"robots\" content=\"index, follow, max-snippet:-1, max-image-preview:large, max-video-preview:-1\" \/>\n<link rel=\"canonical\" href=\"https:\/\/vcycletech.com\/pt\/produtos\/acido-acrilico-2-hidroxipropil-acrilato-copolimero-t-225\/\" \/>\n<meta property=\"og:locale\" content=\"pt_PT\" \/>\n<meta property=\"og:type\" content=\"article\" \/>\n<meta property=\"og:title\" content=\"Acrylic Acid-2-Hydroxypropyl Acrylate Copolymer (T-225)\" \/>\n<meta property=\"og:description\" content=\"Get the best Acrylic Acid-2-Hydroxypropyl Acrylate Copolymer (T-225) for your needs today! Scale inhibition and dispersion properties guaranteed.\" \/>\n<meta property=\"og:url\" content=\"https:\/\/vcycletech.com\/pt\/produtos\/acido-acrilico-2-hidroxipropil-acrilato-copolimero-t-225\/\" \/>\n<meta property=\"og:site_name\" content=\"vcycletech\" \/>\n<meta property=\"article:modified_time\" content=\"2023-03-21T08:03:23+00:00\" \/>\n<meta property=\"og:image\" content=\"https:\/\/vcycletech.com\/wp-content\/uploads\/2023\/03\/Acrylic-Acid-2-Hydroxypropyl-Acrylate-Copolymer-T-225.png\" \/>\n\t<meta property=\"og:image:width\" content=\"600\" \/>\n\t<meta property=\"og:image:height\" content=\"600\" \/>\n\t<meta property=\"og:image:type\" content=\"image\/png\" \/>\n<meta name=\"twitter:card\" content=\"summary_large_image\" \/>\n<meta name=\"twitter:label1\" content=\"Tempo estimado de leitura\" \/>\n\t<meta name=\"twitter:data1\" content=\"3 minutos\" \/>\n<script type=\"application\/ld+json\" class=\"yoast-schema-graph\">{\"@context\":\"https:\\\/\\\/schema.org\",\"@graph\":[{\"@type\":\"WebPage\",\"@id\":\"https:\\\/\\\/vcycletech.com\\\/product\\\/acrylic-acid-2-hydroxypropyl-acrylate-copolymer-t-225\\\/\",\"url\":\"https:\\\/\\\/vcycletech.com\\\/product\\\/acrylic-acid-2-hydroxypropyl-acrylate-copolymer-t-225\\\/\",\"name\":\"Acrylic Acid-2-Hydroxypropyl Acrylate Copolymer (T-225) - vcycletech\",\"isPartOf\":{\"@id\":\"https:\\\/\\\/vcycletech.com\\\/#website\"},\"primaryImageOfPage\":{\"@id\":\"https:\\\/\\\/vcycletech.com\\\/product\\\/acrylic-acid-2-hydroxypropyl-acrylate-copolymer-t-225\\\/#primaryimage\"},\"image\":{\"@id\":\"https:\\\/\\\/vcycletech.com\\\/product\\\/acrylic-acid-2-hydroxypropyl-acrylate-copolymer-t-225\\\/#primaryimage\"},\"thumbnailUrl\":\"https:\\\/\\\/vcycletech.com\\\/wp-content\\\/uploads\\\/2023\\\/03\\\/Acrylic-Acid-2-Hydroxypropyl-Acrylate-Copolymer-T-225.png\",\"datePublished\":\"2023-03-21T08:03:22+00:00\",\"dateModified\":\"2023-03-21T08:03:23+00:00\",\"description\":\"Get the best Acrylic Acid-2-Hydroxypropyl Acrylate Copolymer (T-225) for your needs today! Scale inhibition and dispersion properties guaranteed.\",\"breadcrumb\":{\"@id\":\"https:\\\/\\\/vcycletech.com\\\/product\\\/acrylic-acid-2-hydroxypropyl-acrylate-copolymer-t-225\\\/#breadcrumb\"},\"inLanguage\":\"pt-PT\",\"potentialAction\":[{\"@type\":\"ReadAction\",\"target\":[\"https:\\\/\\\/vcycletech.com\\\/product\\\/acrylic-acid-2-hydroxypropyl-acrylate-copolymer-t-225\\\/\"]}]},{\"@type\":\"ImageObject\",\"inLanguage\":\"pt-PT\",\"@id\":\"https:\\\/\\\/vcycletech.com\\\/product\\\/acrylic-acid-2-hydroxypropyl-acrylate-copolymer-t-225\\\/#primaryimage\",\"url\":\"https:\\\/\\\/vcycletech.com\\\/wp-content\\\/uploads\\\/2023\\\/03\\\/Acrylic-Acid-2-Hydroxypropyl-Acrylate-Copolymer-T-225.png\",\"contentUrl\":\"https:\\\/\\\/vcycletech.com\\\/wp-content\\\/uploads\\\/2023\\\/03\\\/Acrylic-Acid-2-Hydroxypropyl-Acrylate-Copolymer-T-225.png\",\"width\":600,\"height\":600,\"caption\":\"Acrylic Acid-2-Hydroxypropyl Acrylate Copolymer (T-225)\"},{\"@type\":\"BreadcrumbList\",\"@id\":\"https:\\\/\\\/vcycletech.com\\\/product\\\/acrylic-acid-2-hydroxypropyl-acrylate-copolymer-t-225\\\/#breadcrumb\",\"itemListElement\":[{\"@type\":\"ListItem\",\"position\":1,\"name\":\"Home\",\"item\":\"https:\\\/\\\/vcycletech.com\\\/\"},{\"@type\":\"ListItem\",\"position\":2,\"name\":\"Water Treatment Chemicals Manufacturer\",\"item\":\"https:\\\/\\\/vcycletech.com\\\/water-treatment-chemicals-manufacturer\\\/\"},{\"@type\":\"ListItem\",\"position\":3,\"name\":\"Acrylic Acid-2-Hydroxypropyl Acrylate Copolymer (T-225)\"}]},{\"@type\":\"WebSite\",\"@id\":\"https:\\\/\\\/vcycletech.com\\\/#website\",\"url\":\"https:\\\/\\\/vcycletech.com\\\/\",\"name\":\"vcycletech\",\"description\":\"China&#039;s top water treatment chemicals supplier\",\"publisher\":{\"@id\":\"https:\\\/\\\/vcycletech.com\\\/#organization\"},\"potentialAction\":[{\"@type\":\"SearchAction\",\"target\":{\"@type\":\"EntryPoint\",\"urlTemplate\":\"https:\\\/\\\/vcycletech.com\\\/?s={search_term_string}\"},\"query-input\":{\"@type\":\"PropertyValueSpecification\",\"valueRequired\":true,\"valueName\":\"search_term_string\"}}],\"inLanguage\":\"pt-PT\"},{\"@type\":\"Organization\",\"@id\":\"https:\\\/\\\/vcycletech.com\\\/#organization\",\"name\":\"vcycletech\",\"url\":\"https:\\\/\\\/vcycletech.com\\\/\",\"logo\":{\"@type\":\"ImageObject\",\"inLanguage\":\"pt-PT\",\"@id\":\"https:\\\/\\\/vcycletech.com\\\/#\\\/schema\\\/logo\\\/image\\\/\",\"url\":\"https:\\\/\\\/vcycletech.com\\\/wp-content\\\/uploads\\\/2023\\\/03\\\/logo-vcycletech-1.png\",\"contentUrl\":\"https:\\\/\\\/vcycletech.com\\\/wp-content\\\/uploads\\\/2023\\\/03\\\/logo-vcycletech-1.png\",\"width\":600,\"height\":400,\"caption\":\"vcycletech\"},\"image\":{\"@id\":\"https:\\\/\\\/vcycletech.com\\\/#\\\/schema\\\/logo\\\/image\\\/\"}}]}<\/script>\n<!-- \/ Yoast SEO Premium plugin. -->","yoast_head_json":{"title":"Copol\u00edmero de \u00e1cido acr\u00edlico-2-hidroxipropil acrilato (T-225) - vcycletech","description":"Obtenha o melhor copol\u00edmero de \u00e1cido acr\u00edlico-2-hidroxipropil acrilato (T-225) para suas necessidades hoje! Propriedades de inibi\u00e7\u00e3o e dispers\u00e3o de incrusta\u00e7\u00f5es garantidas.","robots":{"index":"index","follow":"follow","max-snippet":"max-snippet:-1","max-image-preview":"max-image-preview:large","max-video-preview":"max-video-preview:-1"},"canonical":"https:\/\/vcycletech.com\/pt\/produtos\/acido-acrilico-2-hidroxipropil-acrilato-copolimero-t-225\/","og_locale":"pt_PT","og_type":"article","og_title":"Acrylic Acid-2-Hydroxypropyl Acrylate Copolymer (T-225)","og_description":"Get the best Acrylic Acid-2-Hydroxypropyl Acrylate Copolymer (T-225) for your needs today! Scale inhibition and dispersion properties guaranteed.","og_url":"https:\/\/vcycletech.com\/pt\/produtos\/acido-acrilico-2-hidroxipropil-acrilato-copolimero-t-225\/","og_site_name":"vcycletech","article_modified_time":"2023-03-21T08:03:23+00:00","og_image":[{"width":600,"height":600,"url":"https:\/\/vcycletech.com\/wp-content\/uploads\/2023\/03\/Acrylic-Acid-2-Hydroxypropyl-Acrylate-Copolymer-T-225.png","type":"image\/png"}],"twitter_card":"summary_large_image","twitter_misc":{"Tempo estimado de leitura":"3 minutos"},"schema":{"@context":"https:\/\/schema.org","@graph":[{"@type":"WebPage","@id":"https:\/\/vcycletech.com\/product\/acrylic-acid-2-hydroxypropyl-acrylate-copolymer-t-225\/","url":"https:\/\/vcycletech.com\/product\/acrylic-acid-2-hydroxypropyl-acrylate-copolymer-t-225\/","name":"Copol\u00edmero de \u00e1cido acr\u00edlico-2-hidroxipropil acrilato (T-225) - vcycletech","isPartOf":{"@id":"https:\/\/vcycletech.com\/#website"},"primaryImageOfPage":{"@id":"https:\/\/vcycletech.com\/product\/acrylic-acid-2-hydroxypropyl-acrylate-copolymer-t-225\/#primaryimage"},"image":{"@id":"https:\/\/vcycletech.com\/product\/acrylic-acid-2-hydroxypropyl-acrylate-copolymer-t-225\/#primaryimage"},"thumbnailUrl":"https:\/\/vcycletech.com\/wp-content\/uploads\/2023\/03\/Acrylic-Acid-2-Hydroxypropyl-Acrylate-Copolymer-T-225.png","datePublished":"2023-03-21T08:03:22+00:00","dateModified":"2023-03-21T08:03:23+00:00","description":"Obtenha o melhor copol\u00edmero de \u00e1cido acr\u00edlico-2-hidroxipropil acrilato (T-225) para suas necessidades hoje! Propriedades de inibi\u00e7\u00e3o e dispers\u00e3o de incrusta\u00e7\u00f5es garantidas.","breadcrumb":{"@id":"https:\/\/vcycletech.com\/product\/acrylic-acid-2-hydroxypropyl-acrylate-copolymer-t-225\/#breadcrumb"},"inLanguage":"pt-PT","potentialAction":[{"@type":"ReadAction","target":["https:\/\/vcycletech.com\/product\/acrylic-acid-2-hydroxypropyl-acrylate-copolymer-t-225\/"]}]},{"@type":"ImageObject","inLanguage":"pt-PT","@id":"https:\/\/vcycletech.com\/product\/acrylic-acid-2-hydroxypropyl-acrylate-copolymer-t-225\/#primaryimage","url":"https:\/\/vcycletech.com\/wp-content\/uploads\/2023\/03\/Acrylic-Acid-2-Hydroxypropyl-Acrylate-Copolymer-T-225.png","contentUrl":"https:\/\/vcycletech.com\/wp-content\/uploads\/2023\/03\/Acrylic-Acid-2-Hydroxypropyl-Acrylate-Copolymer-T-225.png","width":600,"height":600,"caption":"Acrylic Acid-2-Hydroxypropyl Acrylate Copolymer (T-225)"},{"@type":"BreadcrumbList","@id":"https:\/\/vcycletech.com\/product\/acrylic-acid-2-hydroxypropyl-acrylate-copolymer-t-225\/#breadcrumb","itemListElement":[{"@type":"ListItem","position":1,"name":"Home","item":"https:\/\/vcycletech.com\/"},{"@type":"ListItem","position":2,"name":"Water Treatment Chemicals Manufacturer","item":"https:\/\/vcycletech.com\/water-treatment-chemicals-manufacturer\/"},{"@type":"ListItem","position":3,"name":"Acrylic Acid-2-Hydroxypropyl Acrylate Copolymer (T-225)"}]},{"@type":"WebSite","@id":"https:\/\/vcycletech.com\/#website","url":"https:\/\/vcycletech.com\/","name":"vcycletech","description":"China&#039;principal fornecedor de produtos qu\u00edmicos para tratamento de \u00e1gua","publisher":{"@id":"https:\/\/vcycletech.com\/#organization"},"potentialAction":[{"@type":"SearchAction","target":{"@type":"EntryPoint","urlTemplate":"https:\/\/vcycletech.com\/?s={search_term_string}"},"query-input":{"@type":"PropertyValueSpecification","valueRequired":true,"valueName":"search_term_string"}}],"inLanguage":"pt-PT"},{"@type":"Organization","@id":"https:\/\/vcycletech.com\/#organization","name":"vcycletech","url":"https:\/\/vcycletech.com\/","logo":{"@type":"ImageObject","inLanguage":"pt-PT","@id":"https:\/\/vcycletech.com\/#\/schema\/logo\/image\/","url":"https:\/\/vcycletech.com\/wp-content\/uploads\/2023\/03\/logo-vcycletech-1.png","contentUrl":"https:\/\/vcycletech.com\/wp-content\/uploads\/2023\/03\/logo-vcycletech-1.png","width":600,"height":400,"caption":"vcycletech"},"image":{"@id":"https:\/\/vcycletech.com\/#\/schema\/logo\/image\/"}}]}},"_links":{"self":[{"href":"https:\/\/vcycletech.com\/pt\/wp-json\/wp\/v2\/product\/1133","targetHints":{"allow":["GET"]}}],"collection":[{"href":"https:\/\/vcycletech.com\/pt\/wp-json\/wp\/v2\/product"}],"about":[{"href":"https:\/\/vcycletech.com\/pt\/wp-json\/wp\/v2\/types\/product"}],"wp:featuredmedia":[{"embeddable":true,"href":"https:\/\/vcycletech.com\/pt\/wp-json\/wp\/v2\/media\/1141"}],"wp:attachment":[{"href":"https:\/\/vcycletech.com\/pt\/wp-json\/wp\/v2\/media?parent=1133"}],"wp:term":[{"taxonomy":"product_brand","embeddable":true,"href":"https:\/\/vcycletech.com\/pt\/wp-json\/wp\/v2\/product_brand?post=1133"},{"taxonomy":"product_cat","embeddable":true,"href":"https:\/\/vcycletech.com\/pt\/wp-json\/wp\/v2\/product_cat?post=1133"},{"taxonomy":"product_tag","embeddable":true,"href":"https:\/\/vcycletech.com\/pt\/wp-json\/wp\/v2\/product_tag?post=1133"}],"curies":[{"name":"wp","href":"https:\/\/api.w.org\/{rel}","templated":true}]}}