{"id":1129,"date":"2023-03-21T08:09:29","date_gmt":"2023-03-21T08:09:29","guid":{"rendered":"https:\/\/vcycletech.com\/?post_type=product&#038;p=1129"},"modified":"2023-03-21T09:09:17","modified_gmt":"2023-03-21T09:09:17","slug":"sal-de-sodio-de-2-mercaptobenzotiazol-mbtna","status":"publish","type":"product","link":"https:\/\/vcycletech.com\/pt\/produtos\/sal-de-sodio-de-2-mercaptobenzotiazol-mbtna\/","title":{"rendered":"Sal S\u00f3dico de 2-Mercaptobenzotiazol (MBT\u2022Na)"},"content":{"rendered":"<h3>N\u00ba CAS 2492-26-4<br \/>\nF\u00f3rmula molecular: C7H4NNaS2<\/h3>\n<h3>Peso molecular: 189,22<br \/>\nEspecifica\u00e7\u00e3o:<\/h3>\n<div id=\"footable_parent_1139\"\n         class=\"footable_parent ninja_table_wrapper loading_ninja_table wp_table_data_press_parent semantic_ui\">\n                <table data-ninja_table_instance=\"ninja_table_instance_0\" data-footable_id=\"1139\" data-filter-delay=\"1000\" aria-label=\"(MBT\u2022Na).csv\"            id=\"footable_1139\"\n           data-unique_identifier=\"ninja_table_unique_id_331837833_1139\"\n           class=\"foo-table ninja_footable foo_table_1139 ninja_table_unique_id_331837833_1139 ui table  nt_type_legacy_table selectable striped vertical_centered  footable-paging-right ninja_table_pro\">\n                <colgroup>\n                            <col class=\"ninja_column_0\">\n                            <col class=\"ninja_column_1\">\n                    <\/colgroup>\n        <thead>\n<tr class=\"footable-header\">\n                                        <th scope=\"col\"  class=\"ninja_column_0 ninja_clmn_nm_items\">Unid<\/th><th scope=\"col\"  class=\"ninja_column_1 ninja_clmn_nm_index\">\u00cdndice<\/th><\/tr>\n<\/thead>\n<tbody>\n\n        <tr data-row_id=\"237\" class=\"ninja_table_row_0 nt_row_id_237\">\n            <td>Apar\u00eancia<\/td><td>L\u00edquido transparente amarelo<\/td>        <\/tr>\n            <tr data-row_id=\"238\" class=\"ninja_table_row_1 nt_row_id_238\">\n            <td>Conte\u00fado s\u00f3lido %<\/td><td>50,0 min<\/td>        <\/tr>\n            <tr data-row_id=\"239\" class=\"ninja_table_row_2 nt_row_id_239\">\n            <td>Densidade (20 \u2103) g\/cm3<\/td><td>1,20 min<\/td>        <\/tr>\n            <tr data-row_id=\"240\" class=\"ninja_table_row_3 nt_row_id_240\">\n            <td>pH (solu\u00e7\u00e3o de \u00e1gua 1%)<\/td><td>9.0-11.5<\/td>        <\/tr>\n    <\/tbody><!--ninja_tobody_rendering_done-->\n    <\/table>\n    \n    \n    \n<\/div>\n\n<h3>Propriedades:<\/h3>\n<p><strong>Sal de s\u00f3dio de 2-mercaptobenzotiazol (MBT\u2022Na)<\/strong> \u00e9 um composto org\u00e2nico com um anel tiazol e dois \u00e1tomos de enxofre. \u00c9 uma subst\u00e2ncia em flocos branca e inodora que se dissolve em \u00e1gua, \u00e1lcool e glic\u00f3is. O MBT\u2022Na tem aplica\u00e7\u00f5es como acelerador e ativador na fabrica\u00e7\u00e3o de compostos de borracha e possui propriedades s\u00f3lidas inibidoras de corros\u00e3o. Al\u00e9m disso, \u00e9 n\u00e3o corrosivo e n\u00e3o t\u00f3xico quando manuseado adequadamente.<\/p>\n<h3>Pacote e armazenamento:<\/h3>\n<p><strong>Sal S\u00f3dico de 2-Mercaptobenzotiazol (MBT\u2022Na)<\/strong> deve ser armazenado em local fresco e seco, longe do calor e umidade excessivos. Ao embalar o MBT\u2022Na, \u00e9 importante garantir que o material esteja bem vedado e protegido contra poss\u00edvel contamina\u00e7\u00e3o por umidade. Al\u00e9m disso, o material deve estar livre de materiais estranhos, como poeira ou sujeira. A embalagem tamb\u00e9m deve ser claramente rotulada com todas as informa\u00e7\u00f5es relevantes sobre o produto. Tambor pl\u00e1stico de 200L, IBC(1000L) e os requisitos dos clientes. Armazenamento por seis meses em uma sala com sombra e local seco.<\/p>\n<h3>Sin\u00f4nimos:<\/h3>\n<p>MBT\u2022Na;2-MBT;2-Mercaptobenzotiazol;2-benzotiazoltiona<\/p>\n<h3>Perguntas frequentes sobre o sal s\u00f3dico de 2-mercaptobenzotiazol (MBT\u2022Na):<\/h3>\n<p><strong>O que \u00e9 Sal S\u00f3dico de 2-Mercaptobenzotiazol (MBT\u2022Na)?<\/strong><br \/>\nO sal de s\u00f3dio de 2-mercaptobenzotiazol (MBT\u2022Na) \u00e9 um s\u00f3lido cristalino branco usado como acelerador da vulcaniza\u00e7\u00e3o da borracha e como inibidor de corros\u00e3o. Tamb\u00e9m \u00e9 usado na produ\u00e7\u00e3o de pl\u00e1sticos, t\u00eaxteis e adesivos.<\/p>\n<p><strong>De onde vem o sal s\u00f3dico de 2-mercaptobenzotiazol (MBT\u2022Na)?<\/strong><br \/>\nO sal s\u00f3dico de 2-mercaptobenzotiazol (MBT\u2022Na) \u00e9 produzido pela rea\u00e7\u00e3o do hidr\u00f3xido de s\u00f3dio e 2-mercaptobenzotiazol.<\/p>\n<p><strong>Como \u00e9 usado o sal s\u00f3dico de 2-mercaptobenzotiazol (MBT\u2022Na)?<\/strong><br \/>\nO sal de s\u00f3dio de 2-mercaptobenzotiazol (MBT\u2022Na) \u00e9 usado como acelerador da vulcaniza\u00e7\u00e3o da borracha e como inibidor de corros\u00e3o. Tamb\u00e9m \u00e9 usado na produ\u00e7\u00e3o de pl\u00e1sticos, t\u00eaxteis e adesivos.<\/p>\n<p><strong>Quais s\u00e3o os benef\u00edcios do uso do Sal S\u00f3dico de 2-Mercaptobenzotiazol (MBT\u2022Na)?<\/strong><br \/>\nAlguns benef\u00edcios do uso do sal s\u00f3dico de 2-mercaptobenzotiazol (MBT\u2022Na) incluem sua capacidade de melhorar as propriedades da borracha e dos pl\u00e1sticos, sua resist\u00eancia ao calor e \u00e0 luz e sua baixa toxicidade. Al\u00e9m disso, n\u00e3o \u00e9 inflam\u00e1vel ou explosivo, tornando-o seguro para uso e transporte.<\/p>\n<p><a href=\"https:\/\/vcycletech.com\/pt\/inibidor-de-corrosao\/\"><strong>Obtenha a solu\u00e7\u00e3o completa de inibidores de corros\u00e3o.<\/strong><\/a><\/p>","protected":false},"excerpt":{"rendered":"<p><strong>Sal de s\u00f3dio de 2-mercaptobenzotiazol (MBT\u2022Na)<\/strong> \u00e9 um composto org\u00e2nico usado como inibidor de corros\u00e3o e antioxidante. Pode ser usado em v\u00e1rios setores, incluindo automotivo, aeroespacial, naval e t\u00eaxtil. A alta qualidade e baixo pre\u00e7o do nosso <strong>Sal de s\u00f3dio de 2-mercaptobenzotiazol (MBT\u2022Na)<\/strong> torna a escolha perfeita para empresas que desejam comprar a granel. Somos o principal fornecedor de<strong> Sal de s\u00f3dio de 2-mercaptobenzotiazol (MBT\u2022Na)<\/strong> na China. Nosso produto \u00e9 feito com ingredientes da mais alta qualidade e atende a todos os padr\u00f5es de seguran\u00e7a. Oferecemos pre\u00e7os competitivos e prazos de entrega r\u00e1pidos para garantir que voc\u00ea obtenha o que precisa quando necess\u00e1rio. Entre em contato conosco hoje para saber mais sobre nossos produtos ou fazer um pedido. Voc\u00ea n\u00e3o ficar\u00e1 desapontado!<\/p>","protected":false},"featured_media":1143,"template":"","meta":{"site-sidebar-layout":"default","site-content-layout":"default","ast-site-content-layout":"default","site-content-style":"default","site-sidebar-style":"default","ast-global-header-display":"","ast-banner-title-visibility":"","ast-main-header-display":"","ast-hfb-above-header-display":"","ast-hfb-below-header-display":"","ast-hfb-mobile-header-display":"","site-post-title":"","ast-breadcrumbs-content":"","ast-featured-img":"","footer-sml-layout":"","ast-disable-related-posts":"","theme-transparent-header-meta":"default","adv-header-id-meta":"","stick-header-meta":"default","header-above-stick-meta":"","header-main-stick-meta":"","header-below-stick-meta":"","astra-migrate-meta-layouts":"default","ast-page-background-enabled":"default","ast-page-background-meta":{"desktop":{"background-color":"","background-image":"","background-repeat":"repeat","background-position":"center center","background-size":"auto","background-attachment":"scroll","background-type":"","background-media":"","overlay-type":"","overlay-color":"","overlay-opacity":"","overlay-gradient":""},"tablet":{"background-color":"","background-image":"","background-repeat":"repeat","background-position":"center center","background-size":"auto","background-attachment":"scroll","background-type":"","background-media":"","overlay-type":"","overlay-color":"","overlay-opacity":"","overlay-gradient":""},"mobile":{"background-color":"","background-image":"","background-repeat":"repeat","background-position":"center center","background-size":"auto","background-attachment":"scroll","background-type":"","background-media":"","overlay-type":"","overlay-color":"","overlay-opacity":"","overlay-gradient":""}},"ast-content-background-meta":{"desktop":{"background-color":"var(--ast-global-color-5)","background-image":"","background-repeat":"repeat","background-position":"center center","background-size":"auto","background-attachment":"scroll","background-type":"","background-media":"","overlay-type":"","overlay-color":"","overlay-opacity":"","overlay-gradient":""},"tablet":{"background-color":"var(--ast-global-color-5)","background-image":"","background-repeat":"repeat","background-position":"center center","background-size":"auto","background-attachment":"scroll","background-type":"","background-media":"","overlay-type":"","overlay-color":"","overlay-opacity":"","overlay-gradient":""},"mobile":{"background-color":"var(--ast-global-color-5)","background-image":"","background-repeat":"repeat","background-position":"center center","background-size":"auto","background-attachment":"scroll","background-type":"","background-media":"","overlay-type":"","overlay-color":"","overlay-opacity":"","overlay-gradient":""}}},"product_brand":[],"product_cat":[30],"product_tag":[],"class_list":{"0":"post-1129","1":"product","2":"type-product","3":"status-publish","4":"has-post-thumbnail","6":"product_cat-corrosion-inhibitors","7":"desktop-align-left","8":"tablet-align-left","9":"mobile-align-left","10":"ast-product-gallery-layout-horizontal-slider","11":"ast-product-tabs-layout-horizontal","13":"first","14":"instock","15":"shipping-taxable","16":"product-type-simple"},"yoast_head":"<!-- This site is optimized with the Yoast SEO Premium plugin v26.3 (Yoast SEO v27.5) - https:\/\/yoast.com\/product\/yoast-seo-premium-wordpress\/ -->\n<title>Sodium Salt of 2-Mercaptobenzothiazole (MBT\u2022Na) - vcycletech<\/title>\n<meta name=\"description\" content=\"Sodium salt of 2-Mercaptobenzothiazole (MBT\u2022Na) is an organic compound composed of a thiazole ring and two sulfur atoms. It is a white, odorless flake substance that dissolves in water, alcohol, and glycols. MBT\u2022Na has applications as an accelerator and activator in the manufacture of rubber compounds and has strong corrosion-inhibiting properties. Additionally, it is non-corrosive and non-toxic when handled properly.\" \/>\n<meta name=\"robots\" content=\"index, follow, max-snippet:-1, max-image-preview:large, max-video-preview:-1\" \/>\n<link rel=\"canonical\" href=\"https:\/\/vcycletech.com\/pt\/produtos\/sal-de-sodio-de-2-mercaptobenzotiazol-mbtna\/\" \/>\n<meta property=\"og:locale\" content=\"pt_PT\" \/>\n<meta property=\"og:type\" content=\"article\" \/>\n<meta property=\"og:title\" content=\"Sodium Salt of 2-Mercaptobenzothiazole (MBT\u2022Na)\" \/>\n<meta property=\"og:description\" content=\"Sodium salt of 2-Mercaptobenzothiazole (MBT\u2022Na) is an organic compound composed of a thiazole ring and two sulfur atoms. It is a white, odorless flake substance that dissolves in water, alcohol, and glycols. MBT\u2022Na has applications as an accelerator and activator in the manufacture of rubber compounds and has strong corrosion-inhibiting properties. Additionally, it is non-corrosive and non-toxic when handled properly.\" \/>\n<meta property=\"og:url\" content=\"https:\/\/vcycletech.com\/pt\/produtos\/sal-de-sodio-de-2-mercaptobenzotiazol-mbtna\/\" \/>\n<meta property=\"og:site_name\" content=\"vcycletech\" \/>\n<meta property=\"article:modified_time\" content=\"2023-03-21T09:09:17+00:00\" \/>\n<meta property=\"og:image\" content=\"https:\/\/vcycletech.com\/wp-content\/uploads\/2023\/03\/\u672a\u547d\u540d\u7684\u8bbe\u8ba1-1-4.png\" \/>\n\t<meta property=\"og:image:width\" content=\"600\" \/>\n\t<meta property=\"og:image:height\" content=\"600\" \/>\n\t<meta property=\"og:image:type\" content=\"image\/png\" \/>\n<meta name=\"twitter:card\" content=\"summary_large_image\" \/>\n<meta name=\"twitter:label1\" content=\"Tempo estimado de leitura\" \/>\n\t<meta name=\"twitter:data1\" content=\"2 minutos\" \/>\n<script type=\"application\/ld+json\" class=\"yoast-schema-graph\">{\"@context\":\"https:\\\/\\\/schema.org\",\"@graph\":[{\"@type\":\"WebPage\",\"@id\":\"https:\\\/\\\/vcycletech.com\\\/product\\\/sodium-salt-of-2-mercaptobenzothiazole-mbtna\\\/\",\"url\":\"https:\\\/\\\/vcycletech.com\\\/product\\\/sodium-salt-of-2-mercaptobenzothiazole-mbtna\\\/\",\"name\":\"Sodium Salt of 2-Mercaptobenzothiazole (MBT\u2022Na) - vcycletech\",\"isPartOf\":{\"@id\":\"https:\\\/\\\/vcycletech.com\\\/#website\"},\"primaryImageOfPage\":{\"@id\":\"https:\\\/\\\/vcycletech.com\\\/product\\\/sodium-salt-of-2-mercaptobenzothiazole-mbtna\\\/#primaryimage\"},\"image\":{\"@id\":\"https:\\\/\\\/vcycletech.com\\\/product\\\/sodium-salt-of-2-mercaptobenzothiazole-mbtna\\\/#primaryimage\"},\"thumbnailUrl\":\"https:\\\/\\\/vcycletech.com\\\/wp-content\\\/uploads\\\/2023\\\/03\\\/\u672a\u547d\u540d\u7684\u8bbe\u8ba1-1-4.png\",\"datePublished\":\"2023-03-21T08:09:29+00:00\",\"dateModified\":\"2023-03-21T09:09:17+00:00\",\"description\":\"Sodium salt of 2-Mercaptobenzothiazole (MBT\u2022Na) is an organic compound composed of a thiazole ring and two sulfur atoms. It is a white, odorless flake substance that dissolves in water, alcohol, and glycols. MBT\u2022Na has applications as an accelerator and activator in the manufacture of rubber compounds and has strong corrosion-inhibiting properties. Additionally, it is non-corrosive and non-toxic when handled properly.\",\"breadcrumb\":{\"@id\":\"https:\\\/\\\/vcycletech.com\\\/product\\\/sodium-salt-of-2-mercaptobenzothiazole-mbtna\\\/#breadcrumb\"},\"inLanguage\":\"pt-PT\",\"potentialAction\":[{\"@type\":\"ReadAction\",\"target\":[\"https:\\\/\\\/vcycletech.com\\\/product\\\/sodium-salt-of-2-mercaptobenzothiazole-mbtna\\\/\"]}]},{\"@type\":\"ImageObject\",\"inLanguage\":\"pt-PT\",\"@id\":\"https:\\\/\\\/vcycletech.com\\\/product\\\/sodium-salt-of-2-mercaptobenzothiazole-mbtna\\\/#primaryimage\",\"url\":\"https:\\\/\\\/vcycletech.com\\\/wp-content\\\/uploads\\\/2023\\\/03\\\/\u672a\u547d\u540d\u7684\u8bbe\u8ba1-1-4.png\",\"contentUrl\":\"https:\\\/\\\/vcycletech.com\\\/wp-content\\\/uploads\\\/2023\\\/03\\\/\u672a\u547d\u540d\u7684\u8bbe\u8ba1-1-4.png\",\"width\":600,\"height\":600,\"caption\":\"Sodium Salt of 2-Mercaptobenzothiazole (MBT\u2022Na)\"},{\"@type\":\"BreadcrumbList\",\"@id\":\"https:\\\/\\\/vcycletech.com\\\/product\\\/sodium-salt-of-2-mercaptobenzothiazole-mbtna\\\/#breadcrumb\",\"itemListElement\":[{\"@type\":\"ListItem\",\"position\":1,\"name\":\"Home\",\"item\":\"https:\\\/\\\/vcycletech.com\\\/\"},{\"@type\":\"ListItem\",\"position\":2,\"name\":\"Water Treatment Chemicals Manufacturer\",\"item\":\"https:\\\/\\\/vcycletech.com\\\/water-treatment-chemicals-manufacturer\\\/\"},{\"@type\":\"ListItem\",\"position\":3,\"name\":\"Sodium Salt of 2-Mercaptobenzothiazole (MBT\u2022Na)\"}]},{\"@type\":\"WebSite\",\"@id\":\"https:\\\/\\\/vcycletech.com\\\/#website\",\"url\":\"https:\\\/\\\/vcycletech.com\\\/\",\"name\":\"vcycletech\",\"description\":\"China&#039;s top water treatment chemicals supplier\",\"publisher\":{\"@id\":\"https:\\\/\\\/vcycletech.com\\\/#organization\"},\"potentialAction\":[{\"@type\":\"SearchAction\",\"target\":{\"@type\":\"EntryPoint\",\"urlTemplate\":\"https:\\\/\\\/vcycletech.com\\\/?s={search_term_string}\"},\"query-input\":{\"@type\":\"PropertyValueSpecification\",\"valueRequired\":true,\"valueName\":\"search_term_string\"}}],\"inLanguage\":\"pt-PT\"},{\"@type\":\"Organization\",\"@id\":\"https:\\\/\\\/vcycletech.com\\\/#organization\",\"name\":\"vcycletech\",\"url\":\"https:\\\/\\\/vcycletech.com\\\/\",\"logo\":{\"@type\":\"ImageObject\",\"inLanguage\":\"pt-PT\",\"@id\":\"https:\\\/\\\/vcycletech.com\\\/#\\\/schema\\\/logo\\\/image\\\/\",\"url\":\"https:\\\/\\\/vcycletech.com\\\/wp-content\\\/uploads\\\/2023\\\/03\\\/logo-vcycletech-1.png\",\"contentUrl\":\"https:\\\/\\\/vcycletech.com\\\/wp-content\\\/uploads\\\/2023\\\/03\\\/logo-vcycletech-1.png\",\"width\":600,\"height\":400,\"caption\":\"vcycletech\"},\"image\":{\"@id\":\"https:\\\/\\\/vcycletech.com\\\/#\\\/schema\\\/logo\\\/image\\\/\"}}]}<\/script>\n<!-- \/ Yoast SEO Premium plugin. -->","yoast_head_json":{"title":"Sal S\u00f3dico de 2-Mercaptobenzotiazol (MBT\u2022Na) - vcycletech","description":"O sal s\u00f3dico de 2-mercaptobenzotiazol (MBT\u2022Na) \u00e9 um composto org\u00e2nico composto por um anel tiaz\u00f3lico e dois \u00e1tomos de enxofre. \u00c9 uma subst\u00e2ncia em flocos branca e inodora que se dissolve em \u00e1gua, \u00e1lcool e glic\u00f3is. O MBT\u2022Na tem aplica\u00e7\u00f5es como acelerador e ativador na fabrica\u00e7\u00e3o de compostos de borracha e possui fortes propriedades inibidoras de corros\u00e3o. Al\u00e9m disso, \u00e9 n\u00e3o corrosivo e n\u00e3o t\u00f3xico quando manuseado adequadamente.","robots":{"index":"index","follow":"follow","max-snippet":"max-snippet:-1","max-image-preview":"max-image-preview:large","max-video-preview":"max-video-preview:-1"},"canonical":"https:\/\/vcycletech.com\/pt\/produtos\/sal-de-sodio-de-2-mercaptobenzotiazol-mbtna\/","og_locale":"pt_PT","og_type":"article","og_title":"Sodium Salt of 2-Mercaptobenzothiazole (MBT\u2022Na)","og_description":"Sodium salt of 2-Mercaptobenzothiazole (MBT\u2022Na) is an organic compound composed of a thiazole ring and two sulfur atoms. It is a white, odorless flake substance that dissolves in water, alcohol, and glycols. MBT\u2022Na has applications as an accelerator and activator in the manufacture of rubber compounds and has strong corrosion-inhibiting properties. Additionally, it is non-corrosive and non-toxic when handled properly.","og_url":"https:\/\/vcycletech.com\/pt\/produtos\/sal-de-sodio-de-2-mercaptobenzotiazol-mbtna\/","og_site_name":"vcycletech","article_modified_time":"2023-03-21T09:09:17+00:00","og_image":[{"width":600,"height":600,"url":"https:\/\/vcycletech.com\/wp-content\/uploads\/2023\/03\/\u672a\u547d\u540d\u7684\u8bbe\u8ba1-1-4.png","type":"image\/png"}],"twitter_card":"summary_large_image","twitter_misc":{"Tempo estimado de leitura":"2 minutos"},"schema":{"@context":"https:\/\/schema.org","@graph":[{"@type":"WebPage","@id":"https:\/\/vcycletech.com\/product\/sodium-salt-of-2-mercaptobenzothiazole-mbtna\/","url":"https:\/\/vcycletech.com\/product\/sodium-salt-of-2-mercaptobenzothiazole-mbtna\/","name":"Sal S\u00f3dico de 2-Mercaptobenzotiazol (MBT\u2022Na) - vcycletech","isPartOf":{"@id":"https:\/\/vcycletech.com\/#website"},"primaryImageOfPage":{"@id":"https:\/\/vcycletech.com\/product\/sodium-salt-of-2-mercaptobenzothiazole-mbtna\/#primaryimage"},"image":{"@id":"https:\/\/vcycletech.com\/product\/sodium-salt-of-2-mercaptobenzothiazole-mbtna\/#primaryimage"},"thumbnailUrl":"https:\/\/vcycletech.com\/wp-content\/uploads\/2023\/03\/\u672a\u547d\u540d\u7684\u8bbe\u8ba1-1-4.png","datePublished":"2023-03-21T08:09:29+00:00","dateModified":"2023-03-21T09:09:17+00:00","description":"O sal s\u00f3dico de 2-mercaptobenzotiazol (MBT\u2022Na) \u00e9 um composto org\u00e2nico composto por um anel tiaz\u00f3lico e dois \u00e1tomos de enxofre. \u00c9 uma subst\u00e2ncia em flocos branca e inodora que se dissolve em \u00e1gua, \u00e1lcool e glic\u00f3is. O MBT\u2022Na tem aplica\u00e7\u00f5es como acelerador e ativador na fabrica\u00e7\u00e3o de compostos de borracha e possui fortes propriedades inibidoras de corros\u00e3o. Al\u00e9m disso, \u00e9 n\u00e3o corrosivo e n\u00e3o t\u00f3xico quando manuseado adequadamente.","breadcrumb":{"@id":"https:\/\/vcycletech.com\/product\/sodium-salt-of-2-mercaptobenzothiazole-mbtna\/#breadcrumb"},"inLanguage":"pt-PT","potentialAction":[{"@type":"ReadAction","target":["https:\/\/vcycletech.com\/product\/sodium-salt-of-2-mercaptobenzothiazole-mbtna\/"]}]},{"@type":"ImageObject","inLanguage":"pt-PT","@id":"https:\/\/vcycletech.com\/product\/sodium-salt-of-2-mercaptobenzothiazole-mbtna\/#primaryimage","url":"https:\/\/vcycletech.com\/wp-content\/uploads\/2023\/03\/\u672a\u547d\u540d\u7684\u8bbe\u8ba1-1-4.png","contentUrl":"https:\/\/vcycletech.com\/wp-content\/uploads\/2023\/03\/\u672a\u547d\u540d\u7684\u8bbe\u8ba1-1-4.png","width":600,"height":600,"caption":"Sodium Salt of 2-Mercaptobenzothiazole (MBT\u2022Na)"},{"@type":"BreadcrumbList","@id":"https:\/\/vcycletech.com\/product\/sodium-salt-of-2-mercaptobenzothiazole-mbtna\/#breadcrumb","itemListElement":[{"@type":"ListItem","position":1,"name":"Home","item":"https:\/\/vcycletech.com\/"},{"@type":"ListItem","position":2,"name":"Water Treatment Chemicals Manufacturer","item":"https:\/\/vcycletech.com\/water-treatment-chemicals-manufacturer\/"},{"@type":"ListItem","position":3,"name":"Sodium Salt of 2-Mercaptobenzothiazole (MBT\u2022Na)"}]},{"@type":"WebSite","@id":"https:\/\/vcycletech.com\/#website","url":"https:\/\/vcycletech.com\/","name":"vcycletech","description":"China&#039;principal fornecedor de produtos qu\u00edmicos para tratamento de \u00e1gua","publisher":{"@id":"https:\/\/vcycletech.com\/#organization"},"potentialAction":[{"@type":"SearchAction","target":{"@type":"EntryPoint","urlTemplate":"https:\/\/vcycletech.com\/?s={search_term_string}"},"query-input":{"@type":"PropertyValueSpecification","valueRequired":true,"valueName":"search_term_string"}}],"inLanguage":"pt-PT"},{"@type":"Organization","@id":"https:\/\/vcycletech.com\/#organization","name":"vcycletech","url":"https:\/\/vcycletech.com\/","logo":{"@type":"ImageObject","inLanguage":"pt-PT","@id":"https:\/\/vcycletech.com\/#\/schema\/logo\/image\/","url":"https:\/\/vcycletech.com\/wp-content\/uploads\/2023\/03\/logo-vcycletech-1.png","contentUrl":"https:\/\/vcycletech.com\/wp-content\/uploads\/2023\/03\/logo-vcycletech-1.png","width":600,"height":400,"caption":"vcycletech"},"image":{"@id":"https:\/\/vcycletech.com\/#\/schema\/logo\/image\/"}}]}},"_links":{"self":[{"href":"https:\/\/vcycletech.com\/pt\/wp-json\/wp\/v2\/product\/1129","targetHints":{"allow":["GET"]}}],"collection":[{"href":"https:\/\/vcycletech.com\/pt\/wp-json\/wp\/v2\/product"}],"about":[{"href":"https:\/\/vcycletech.com\/pt\/wp-json\/wp\/v2\/types\/product"}],"wp:featuredmedia":[{"embeddable":true,"href":"https:\/\/vcycletech.com\/pt\/wp-json\/wp\/v2\/media\/1143"}],"wp:attachment":[{"href":"https:\/\/vcycletech.com\/pt\/wp-json\/wp\/v2\/media?parent=1129"}],"wp:term":[{"taxonomy":"product_brand","embeddable":true,"href":"https:\/\/vcycletech.com\/pt\/wp-json\/wp\/v2\/product_brand?post=1129"},{"taxonomy":"product_cat","embeddable":true,"href":"https:\/\/vcycletech.com\/pt\/wp-json\/wp\/v2\/product_cat?post=1129"},{"taxonomy":"product_tag","embeddable":true,"href":"https:\/\/vcycletech.com\/pt\/wp-json\/wp\/v2\/product_tag?post=1129"}],"curies":[{"name":"wp","href":"https:\/\/api.w.org\/{rel}","templated":true}]}}