{"id":1115,"date":"2023-03-21T07:19:36","date_gmt":"2023-03-21T07:19:36","guid":{"rendered":"https:\/\/vcycletech.com\/?post_type=product&#038;p=1115"},"modified":"2023-03-21T09:09:58","modified_gmt":"2023-03-21T09:09:58","slug":"123-benzotriazol-bta","status":"publish","type":"product","link":"https:\/\/vcycletech.com\/pt\/produtos\/123-benzotriazol-bta\/","title":{"rendered":"1,2,3-benzotriazol (BTA)"},"content":{"rendered":"<h3>N\u00ba CAS 95-14-7<br \/>\nF\u00f3rmula molecular: C6H5N3<br \/>\nPeso molecular: 119<br \/>\nEspecifica\u00e7\u00e3o:<\/h3>\n<div id=\"footable_parent_1128\"\n         class=\"footable_parent ninja_table_wrapper loading_ninja_table wp_table_data_press_parent semantic_ui\">\n                <table data-ninja_table_instance=\"ninja_table_instance_0\" data-footable_id=\"1128\" data-filter-delay=\"1000\" aria-label=\"BTA.csv\"            id=\"footable_1128\"\n           data-unique_identifier=\"ninja_table_unique_id_2022331470_1128\"\n           class=\"foo-table ninja_footable foo_table_1128 ninja_table_unique_id_2022331470_1128 ui table  nt_type_legacy_table selectable striped vertical_centered  footable-paging-right ninja_table_pro\">\n                <colgroup>\n                            <col class=\"ninja_column_0\">\n                            <col class=\"ninja_column_1\">\n                    <\/colgroup>\n        <thead>\n<tr class=\"footable-header\">\n                                        <th scope=\"col\"  class=\"ninja_column_0 ninja_clmn_nm_items\">Unid<\/th><th scope=\"col\"  class=\"ninja_column_1 ninja_clmn_nm_index\">\u00cdndice<\/th><\/tr>\n<\/thead>\n<tbody>\n\n        <tr data-row_id=\"224\" class=\"ninja_table_row_0 nt_row_id_224\">\n            <td>Apar\u00eancia<\/td><td>Cristal\u00f3ides em forma de agulha, brancos a amarelo claro, ou granulados<\/td>        <\/tr>\n            <tr data-row_id=\"225\" class=\"ninja_table_row_1 nt_row_id_225\">\n            <td>Pureza, %<\/td><td>99,5 minutos<\/td>        <\/tr>\n            <tr data-row_id=\"226\" class=\"ninja_table_row_2 nt_row_id_226\">\n            <td>Cor APHA (Hazen)<\/td><td>40,0 m\u00e1x.<\/td>        <\/tr>\n            <tr data-row_id=\"227\" class=\"ninja_table_row_3 nt_row_id_227\">\n            <td>Umidade, %<\/td><td>0,1 m\u00e1x.<\/td>        <\/tr>\n            <tr data-row_id=\"228\" class=\"ninja_table_row_4 nt_row_id_228\">\n            <td>Ponto de fus\u00e3o, \u2103<\/td><td>96,0 minutos<\/td>        <\/tr>\n            <tr data-row_id=\"229\" class=\"ninja_table_row_5 nt_row_id_229\">\n            <td>Teor de cinzas, %<\/td><td>0,03 m\u00e1x.<\/td>        <\/tr>\n            <tr data-row_id=\"230\" class=\"ninja_table_row_6 nt_row_id_230\">\n            <td>pH<\/td><td>5.0-6.0<\/td>        <\/tr>\n            <tr data-row_id=\"231\" class=\"ninja_table_row_7 nt_row_id_231\">\n            <td><\/td><td><\/td>        <\/tr>\n    <\/tbody><!--ninja_tobody_rendering_done-->\n    <\/table>\n    \n    \n    \n<\/div>\n\n<h3>Propriedades e Uso:<\/h3>\n<p>Este produto \u00e9 um inibidor de corros\u00e3o eficaz que forma uma pel\u00edcula fina quando aplicado em superf\u00edcies met\u00e1licas, ajudando a proteger o cobre e outros metais da oxida\u00e7\u00e3o e descolora\u00e7\u00e3o. Ele provou funcionar bem como um inibidor de incrusta\u00e7\u00f5es e desinfetante de fungos em sistemas de circula\u00e7\u00e3o de \u00e1gua fria, sem nenhum efeito adverso no meio ambiente. Al\u00e9m disso, suas propriedades n\u00e3o corrosivas e n\u00e3o t\u00f3xicas tornam este produto qu\u00edmico particularmente seguro para v\u00e1rios processos industriais.<\/p>\n<h3>Pacote e armazenamento:<\/h3>\n<p>Este produto deve ser armazenado em local fresco, seco e bem ventilado, longe de qualquer fonte de calor ou umidade. Embalagem para <strong>1,2,3-benzotriazol (BTA)<\/strong> deve ser feito usando recipientes herm\u00e9ticos feitos de materiais aprovados, como vidro, a\u00e7o inoxid\u00e1vel ou pl\u00e1stico, \u00e0 prova de vazamentos e inertes \u00e0s propriedades qu\u00edmicas do produto: 25kg em um barril de pl\u00e1stico ou confirmado por clientes - armazenamento por seis meses em um local sombreado e seco. Al\u00e9m disso, deve-se tomar cuidado para minimizar a exposi\u00e7\u00e3o ao ar e a temperaturas acima de 20\u00b0C durante o transporte ou armazenamento.<\/p>\n<h3>Sin\u00f4nimos:<\/h3>\n<p>BTA; 1,2,3-benzotriazol;1,2-aminoazofenileno;1,2,3-triazaindeno<\/p>\n<h3>Perguntas frequentes sobre 1,2,3-benzotriazol (BTA):<\/h3>\n<p><strong>O que \u00e9 1,2,3-benzotriazol (BTA)?<\/strong><br \/>\nO 1,2,3-benzotriazol (BTA) \u00e9 um composto org\u00e2nico sint\u00e9tico usado como aditivo em uma variedade de produtos, incluindo lubrificantes, aditivos de combust\u00edvel e fluidos de usinagem. O BTA tamb\u00e9m \u00e9 usado como inibidor de corros\u00e3o em sistemas de refrigera\u00e7\u00e3o e como inibidor de incrusta\u00e7\u00e3o em sistemas de caldeiras.<\/p>\n<p><strong>Quais s\u00e3o os benef\u00edcios do uso de 1,2,3-benzotriazol (BTA)?<\/strong><br \/>\nO principal benef\u00edcio do uso de 1,2,3-benzotriazol (BTA) \u00e9 que ele ajuda a melhorar o desempenho dos produtos nos quais \u00e9 usado. Foi demonstrado que o BTA aumenta a vida \u00fatil das pe\u00e7as de metal, evitando a corros\u00e3o e a descama\u00e7\u00e3o. Al\u00e9m disso, o BTA pode ajudar a melhorar a efici\u00eancia dos sistemas de resfriamento e caldeira.<\/p>\n<p><strong>Existem riscos associados ao uso de 1,2,3-benzotriazol (BTA)?<\/strong><br \/>\nN\u00e3o h\u00e1 riscos conhecidos associados ao uso de 1,2,3-benzotriazol (BTA). No entanto, como acontece com todos os produtos qu\u00edmicos, \u00e9 importante manusear o BTA com cuidado e seguir todas as instru\u00e7\u00f5es de seguran\u00e7a ao usar produtos que os contenham.<\/p>\n<p><a href=\"https:\/\/vcycletech.com\/pt\/inibidor-de-corrosao\/\"><strong>Obtenha a solu\u00e7\u00e3o completa de inibidores de corros\u00e3o.<\/strong><\/a><\/p>","protected":false},"excerpt":{"rendered":"<p><strong>1,2,3-benzotriazol (BTA)<\/strong> \u00e9 um composto org\u00e2nico com a f\u00f3rmula qu\u00edmica C6H5N3. \u00c9 um s\u00f3lido cristalino branco que \u00e9 sol\u00favel em \u00e1gua e solventes polares. O BTA \u00e9 usado como um inibidor de corros\u00e3o, agente antiest\u00e1tico e assistente de tingimento. Tamb\u00e9m \u00e9 usado como um intermedi\u00e1rio chave na produ\u00e7\u00e3o de produtos farmac\u00eauticos, corantes, agroqu\u00edmicos e outros produtos qu\u00edmicos especiais.<\/p>\n<p>Se voc\u00ea est\u00e1 procurando um fornecedor confi\u00e1vel de <strong>1,2,3-benzotriazol (BTA)<\/strong>, n\u00e3o procure mais do que a china! Nossos fabricantes oferecem produtos de alta qualidade a pre\u00e7os competitivos. Entre em contato conosco hoje para saber mais sobre nossas ofertas!<\/p>","protected":false},"featured_media":1124,"template":"","meta":{"site-sidebar-layout":"default","site-content-layout":"default","ast-site-content-layout":"default","site-content-style":"default","site-sidebar-style":"default","ast-global-header-display":"","ast-banner-title-visibility":"","ast-main-header-display":"","ast-hfb-above-header-display":"","ast-hfb-below-header-display":"","ast-hfb-mobile-header-display":"","site-post-title":"","ast-breadcrumbs-content":"","ast-featured-img":"","footer-sml-layout":"","ast-disable-related-posts":"","theme-transparent-header-meta":"default","adv-header-id-meta":"","stick-header-meta":"default","header-above-stick-meta":"","header-main-stick-meta":"","header-below-stick-meta":"","astra-migrate-meta-layouts":"default","ast-page-background-enabled":"default","ast-page-background-meta":{"desktop":{"background-color":"","background-image":"","background-repeat":"repeat","background-position":"center center","background-size":"auto","background-attachment":"scroll","background-type":"","background-media":"","overlay-type":"","overlay-color":"","overlay-opacity":"","overlay-gradient":""},"tablet":{"background-color":"","background-image":"","background-repeat":"repeat","background-position":"center center","background-size":"auto","background-attachment":"scroll","background-type":"","background-media":"","overlay-type":"","overlay-color":"","overlay-opacity":"","overlay-gradient":""},"mobile":{"background-color":"","background-image":"","background-repeat":"repeat","background-position":"center center","background-size":"auto","background-attachment":"scroll","background-type":"","background-media":"","overlay-type":"","overlay-color":"","overlay-opacity":"","overlay-gradient":""}},"ast-content-background-meta":{"desktop":{"background-color":"var(--ast-global-color-5)","background-image":"","background-repeat":"repeat","background-position":"center center","background-size":"auto","background-attachment":"scroll","background-type":"","background-media":"","overlay-type":"","overlay-color":"","overlay-opacity":"","overlay-gradient":""},"tablet":{"background-color":"var(--ast-global-color-5)","background-image":"","background-repeat":"repeat","background-position":"center center","background-size":"auto","background-attachment":"scroll","background-type":"","background-media":"","overlay-type":"","overlay-color":"","overlay-opacity":"","overlay-gradient":""},"mobile":{"background-color":"var(--ast-global-color-5)","background-image":"","background-repeat":"repeat","background-position":"center center","background-size":"auto","background-attachment":"scroll","background-type":"","background-media":"","overlay-type":"","overlay-color":"","overlay-opacity":"","overlay-gradient":""}}},"product_brand":[],"product_cat":[30],"product_tag":[],"class_list":{"0":"post-1115","1":"product","2":"type-product","3":"status-publish","4":"has-post-thumbnail","6":"product_cat-corrosion-inhibitors","7":"desktop-align-left","8":"tablet-align-left","9":"mobile-align-left","10":"ast-product-gallery-layout-horizontal-slider","11":"ast-product-tabs-layout-horizontal","13":"first","14":"instock","15":"shipping-taxable","16":"product-type-simple"},"yoast_head":"<!-- This site is optimized with the Yoast SEO Premium plugin v26.3 (Yoast SEO v27.3) - https:\/\/yoast.com\/product\/yoast-seo-premium-wordpress\/ -->\n<title>1,2,3-Benzotriazole (BTA) - vcycletech<\/title>\n<meta name=\"description\" content=\"1,2,3-Benzotriazole (BTA) is a bitter and odorless organic compound with a boiling point of 204\u2103 (15mmHg) and is soluble in alcohol, benzene, toluene, chloroform, and dimethylformamide. It is slightly soluble in water. BTA has a variety of uses, including rust prevention, anti-freezing liquid, antioxidant additive for lubricating oil, hydraulic oil, brake oil, and transformer&#039;s oil, and emergent\/water stabilizer\/additive for high molecular materials like polyester and polyesteramide to increase ultraviolet resistance &amp; anti-static electricity properties, photographic antifogging agent, copper mine flotation &amp; metal&#039;s slow corrosion.\" \/>\n<meta name=\"robots\" content=\"index, follow, max-snippet:-1, max-image-preview:large, max-video-preview:-1\" \/>\n<link rel=\"canonical\" href=\"https:\/\/vcycletech.com\/pt\/produtos\/123-benzotriazol-bta\/\" \/>\n<meta property=\"og:locale\" content=\"pt_PT\" \/>\n<meta property=\"og:type\" content=\"article\" \/>\n<meta property=\"og:title\" content=\"1,2,3-Benzotriazole (BTA)\" \/>\n<meta property=\"og:description\" content=\"1,2,3-Benzotriazole (BTA) is a bitter and odorless organic compound with a boiling point of 204\u2103 (15mmHg) and is soluble in alcohol, benzene, toluene, chloroform, and dimethylformamide. It is slightly soluble in water. BTA has a variety of uses, including rust prevention, anti-freezing liquid, antioxidant additive for lubricating oil, hydraulic oil, brake oil, and transformer&#039;s oil, and emergent\/water stabilizer\/additive for high molecular materials like polyester and polyesteramide to increase ultraviolet resistance &amp; anti-static electricity properties, photographic antifogging agent, copper mine flotation &amp; metal&#039;s slow corrosion.\" \/>\n<meta property=\"og:url\" content=\"https:\/\/vcycletech.com\/pt\/produtos\/123-benzotriazol-bta\/\" \/>\n<meta property=\"og:site_name\" content=\"vcycletech\" \/>\n<meta property=\"article:modified_time\" content=\"2023-03-21T09:09:58+00:00\" \/>\n<meta property=\"og:image\" content=\"https:\/\/vcycletech.com\/wp-content\/uploads\/2023\/03\/1-29.png\" \/>\n\t<meta property=\"og:image:width\" content=\"600\" \/>\n\t<meta property=\"og:image:height\" content=\"600\" \/>\n\t<meta property=\"og:image:type\" content=\"image\/png\" \/>\n<meta name=\"twitter:card\" content=\"summary_large_image\" \/>\n<meta name=\"twitter:label1\" content=\"Tempo estimado de leitura\" \/>\n\t<meta name=\"twitter:data1\" content=\"2 minutos\" \/>\n<script type=\"application\/ld+json\" class=\"yoast-schema-graph\">{\"@context\":\"https:\\\/\\\/schema.org\",\"@graph\":[{\"@type\":\"WebPage\",\"@id\":\"https:\\\/\\\/vcycletech.com\\\/product\\\/123-benzotriazole-bta\\\/\",\"url\":\"https:\\\/\\\/vcycletech.com\\\/product\\\/123-benzotriazole-bta\\\/\",\"name\":\"1,2,3-Benzotriazole (BTA) - vcycletech\",\"isPartOf\":{\"@id\":\"https:\\\/\\\/vcycletech.com\\\/#website\"},\"primaryImageOfPage\":{\"@id\":\"https:\\\/\\\/vcycletech.com\\\/product\\\/123-benzotriazole-bta\\\/#primaryimage\"},\"image\":{\"@id\":\"https:\\\/\\\/vcycletech.com\\\/product\\\/123-benzotriazole-bta\\\/#primaryimage\"},\"thumbnailUrl\":\"https:\\\/\\\/vcycletech.com\\\/wp-content\\\/uploads\\\/2023\\\/03\\\/1-29.png\",\"datePublished\":\"2023-03-21T07:19:36+00:00\",\"dateModified\":\"2023-03-21T09:09:58+00:00\",\"description\":\"1,2,3-Benzotriazole (BTA) is a bitter and odorless organic compound with a boiling point of 204\u2103 (15mmHg) and is soluble in alcohol, benzene, toluene, chloroform, and dimethylformamide. It is slightly soluble in water. BTA has a variety of uses, including rust prevention, anti-freezing liquid, antioxidant additive for lubricating oil, hydraulic oil, brake oil, and transformer's oil, and emergent\\\/water stabilizer\\\/additive for high molecular materials like polyester and polyesteramide to increase ultraviolet resistance & anti-static electricity properties, photographic antifogging agent, copper mine flotation & metal's slow corrosion.\",\"breadcrumb\":{\"@id\":\"https:\\\/\\\/vcycletech.com\\\/product\\\/123-benzotriazole-bta\\\/#breadcrumb\"},\"inLanguage\":\"pt-PT\",\"potentialAction\":[{\"@type\":\"ReadAction\",\"target\":[\"https:\\\/\\\/vcycletech.com\\\/product\\\/123-benzotriazole-bta\\\/\"]}]},{\"@type\":\"ImageObject\",\"inLanguage\":\"pt-PT\",\"@id\":\"https:\\\/\\\/vcycletech.com\\\/product\\\/123-benzotriazole-bta\\\/#primaryimage\",\"url\":\"https:\\\/\\\/vcycletech.com\\\/wp-content\\\/uploads\\\/2023\\\/03\\\/1-29.png\",\"contentUrl\":\"https:\\\/\\\/vcycletech.com\\\/wp-content\\\/uploads\\\/2023\\\/03\\\/1-29.png\",\"width\":600,\"height\":600,\"caption\":\"1,2,3-Benzotriazole (BTA)\"},{\"@type\":\"BreadcrumbList\",\"@id\":\"https:\\\/\\\/vcycletech.com\\\/product\\\/123-benzotriazole-bta\\\/#breadcrumb\",\"itemListElement\":[{\"@type\":\"ListItem\",\"position\":1,\"name\":\"Home\",\"item\":\"https:\\\/\\\/vcycletech.com\\\/\"},{\"@type\":\"ListItem\",\"position\":2,\"name\":\"Water Treatment Chemicals Manufacturer\",\"item\":\"https:\\\/\\\/vcycletech.com\\\/water-treatment-chemicals-manufacturer\\\/\"},{\"@type\":\"ListItem\",\"position\":3,\"name\":\"1,2,3-Benzotriazole (BTA)\"}]},{\"@type\":\"WebSite\",\"@id\":\"https:\\\/\\\/vcycletech.com\\\/#website\",\"url\":\"https:\\\/\\\/vcycletech.com\\\/\",\"name\":\"vcycletech\",\"description\":\"China&#039;s top water treatment chemicals supplier\",\"publisher\":{\"@id\":\"https:\\\/\\\/vcycletech.com\\\/#organization\"},\"potentialAction\":[{\"@type\":\"SearchAction\",\"target\":{\"@type\":\"EntryPoint\",\"urlTemplate\":\"https:\\\/\\\/vcycletech.com\\\/?s={search_term_string}\"},\"query-input\":{\"@type\":\"PropertyValueSpecification\",\"valueRequired\":true,\"valueName\":\"search_term_string\"}}],\"inLanguage\":\"pt-PT\"},{\"@type\":\"Organization\",\"@id\":\"https:\\\/\\\/vcycletech.com\\\/#organization\",\"name\":\"vcycletech\",\"url\":\"https:\\\/\\\/vcycletech.com\\\/\",\"logo\":{\"@type\":\"ImageObject\",\"inLanguage\":\"pt-PT\",\"@id\":\"https:\\\/\\\/vcycletech.com\\\/#\\\/schema\\\/logo\\\/image\\\/\",\"url\":\"https:\\\/\\\/vcycletech.com\\\/wp-content\\\/uploads\\\/2023\\\/03\\\/logo-vcycletech-1.png\",\"contentUrl\":\"https:\\\/\\\/vcycletech.com\\\/wp-content\\\/uploads\\\/2023\\\/03\\\/logo-vcycletech-1.png\",\"width\":600,\"height\":400,\"caption\":\"vcycletech\"},\"image\":{\"@id\":\"https:\\\/\\\/vcycletech.com\\\/#\\\/schema\\\/logo\\\/image\\\/\"}}]}<\/script>\n<!-- \/ Yoast SEO Premium plugin. -->","yoast_head_json":{"title":"1,2,3-benzotriazol (BTA) - vcycletech","description":"1,2,3-benzotriazole (BTA) \u00e9 um composto org\u00e2nico amargo e inodoro com um ponto de ebuli\u00e7\u00e3o de 204\u2103 (15mmHg) e \u00e9 sol\u00favel em \u00e1lcool, benzeno, tolueno, clorof\u00f3rmio e dimetilformamida. \u00c9 ligeiramente sol\u00favel em \u00e1gua. O BTA tem uma variedade de usos, incluindo preven\u00e7\u00e3o de ferrugem, l\u00edquido anticongelante, aditivo antioxidante para \u00f3leo lubrificante, \u00f3leo hidr\u00e1ulico, \u00f3leo de freio e \u00f3leo de transformador, e estabilizador\/aditivo emergente\/\u00e1gua para materiais de alto peso molecular como poli\u00e9ster e poli\u00e9steramida para aumentar a radia\u00e7\u00e3o ultravioleta propriedades de resist\u00eancia e eletricidade antiest\u00e1tica, agente antiemba\u00e7ante fotogr\u00e1fico, flota\u00e7\u00e3o de mina de cobre e corros\u00e3o lenta de metal.","robots":{"index":"index","follow":"follow","max-snippet":"max-snippet:-1","max-image-preview":"max-image-preview:large","max-video-preview":"max-video-preview:-1"},"canonical":"https:\/\/vcycletech.com\/pt\/produtos\/123-benzotriazol-bta\/","og_locale":"pt_PT","og_type":"article","og_title":"1,2,3-Benzotriazole (BTA)","og_description":"1,2,3-Benzotriazole (BTA) is a bitter and odorless organic compound with a boiling point of 204\u2103 (15mmHg) and is soluble in alcohol, benzene, toluene, chloroform, and dimethylformamide. It is slightly soluble in water. BTA has a variety of uses, including rust prevention, anti-freezing liquid, antioxidant additive for lubricating oil, hydraulic oil, brake oil, and transformer's oil, and emergent\/water stabilizer\/additive for high molecular materials like polyester and polyesteramide to increase ultraviolet resistance & anti-static electricity properties, photographic antifogging agent, copper mine flotation & metal's slow corrosion.","og_url":"https:\/\/vcycletech.com\/pt\/produtos\/123-benzotriazol-bta\/","og_site_name":"vcycletech","article_modified_time":"2023-03-21T09:09:58+00:00","og_image":[{"width":600,"height":600,"url":"https:\/\/vcycletech.com\/wp-content\/uploads\/2023\/03\/1-29.png","type":"image\/png"}],"twitter_card":"summary_large_image","twitter_misc":{"Tempo estimado de leitura":"2 minutos"},"schema":{"@context":"https:\/\/schema.org","@graph":[{"@type":"WebPage","@id":"https:\/\/vcycletech.com\/product\/123-benzotriazole-bta\/","url":"https:\/\/vcycletech.com\/product\/123-benzotriazole-bta\/","name":"1,2,3-benzotriazol (BTA) - vcycletech","isPartOf":{"@id":"https:\/\/vcycletech.com\/#website"},"primaryImageOfPage":{"@id":"https:\/\/vcycletech.com\/product\/123-benzotriazole-bta\/#primaryimage"},"image":{"@id":"https:\/\/vcycletech.com\/product\/123-benzotriazole-bta\/#primaryimage"},"thumbnailUrl":"https:\/\/vcycletech.com\/wp-content\/uploads\/2023\/03\/1-29.png","datePublished":"2023-03-21T07:19:36+00:00","dateModified":"2023-03-21T09:09:58+00:00","description":"1,2,3-benzotriazole (BTA) \u00e9 um composto org\u00e2nico amargo e inodoro com um ponto de ebuli\u00e7\u00e3o de 204\u2103 (15mmHg) e \u00e9 sol\u00favel em \u00e1lcool, benzeno, tolueno, clorof\u00f3rmio e dimetilformamida. \u00c9 ligeiramente sol\u00favel em \u00e1gua. O BTA tem uma variedade de usos, incluindo preven\u00e7\u00e3o de ferrugem, l\u00edquido anticongelante, aditivo antioxidante para \u00f3leo lubrificante, \u00f3leo hidr\u00e1ulico, \u00f3leo de freio e \u00f3leo de transformador, e estabilizador\/aditivo emergente\/\u00e1gua para materiais de alto peso molecular como poli\u00e9ster e poli\u00e9steramida para aumentar a radia\u00e7\u00e3o ultravioleta propriedades de resist\u00eancia e eletricidade antiest\u00e1tica, agente antiemba\u00e7ante fotogr\u00e1fico, flota\u00e7\u00e3o de mina de cobre e corros\u00e3o lenta de metal.","breadcrumb":{"@id":"https:\/\/vcycletech.com\/product\/123-benzotriazole-bta\/#breadcrumb"},"inLanguage":"pt-PT","potentialAction":[{"@type":"ReadAction","target":["https:\/\/vcycletech.com\/product\/123-benzotriazole-bta\/"]}]},{"@type":"ImageObject","inLanguage":"pt-PT","@id":"https:\/\/vcycletech.com\/product\/123-benzotriazole-bta\/#primaryimage","url":"https:\/\/vcycletech.com\/wp-content\/uploads\/2023\/03\/1-29.png","contentUrl":"https:\/\/vcycletech.com\/wp-content\/uploads\/2023\/03\/1-29.png","width":600,"height":600,"caption":"1,2,3-Benzotriazole (BTA)"},{"@type":"BreadcrumbList","@id":"https:\/\/vcycletech.com\/product\/123-benzotriazole-bta\/#breadcrumb","itemListElement":[{"@type":"ListItem","position":1,"name":"Home","item":"https:\/\/vcycletech.com\/"},{"@type":"ListItem","position":2,"name":"Water Treatment Chemicals Manufacturer","item":"https:\/\/vcycletech.com\/water-treatment-chemicals-manufacturer\/"},{"@type":"ListItem","position":3,"name":"1,2,3-Benzotriazole (BTA)"}]},{"@type":"WebSite","@id":"https:\/\/vcycletech.com\/#website","url":"https:\/\/vcycletech.com\/","name":"vcycletech","description":"China&#039;principal fornecedor de produtos qu\u00edmicos para tratamento de \u00e1gua","publisher":{"@id":"https:\/\/vcycletech.com\/#organization"},"potentialAction":[{"@type":"SearchAction","target":{"@type":"EntryPoint","urlTemplate":"https:\/\/vcycletech.com\/?s={search_term_string}"},"query-input":{"@type":"PropertyValueSpecification","valueRequired":true,"valueName":"search_term_string"}}],"inLanguage":"pt-PT"},{"@type":"Organization","@id":"https:\/\/vcycletech.com\/#organization","name":"vcycletech","url":"https:\/\/vcycletech.com\/","logo":{"@type":"ImageObject","inLanguage":"pt-PT","@id":"https:\/\/vcycletech.com\/#\/schema\/logo\/image\/","url":"https:\/\/vcycletech.com\/wp-content\/uploads\/2023\/03\/logo-vcycletech-1.png","contentUrl":"https:\/\/vcycletech.com\/wp-content\/uploads\/2023\/03\/logo-vcycletech-1.png","width":600,"height":400,"caption":"vcycletech"},"image":{"@id":"https:\/\/vcycletech.com\/#\/schema\/logo\/image\/"}}]}},"_links":{"self":[{"href":"https:\/\/vcycletech.com\/pt\/wp-json\/wp\/v2\/product\/1115","targetHints":{"allow":["GET"]}}],"collection":[{"href":"https:\/\/vcycletech.com\/pt\/wp-json\/wp\/v2\/product"}],"about":[{"href":"https:\/\/vcycletech.com\/pt\/wp-json\/wp\/v2\/types\/product"}],"wp:featuredmedia":[{"embeddable":true,"href":"https:\/\/vcycletech.com\/pt\/wp-json\/wp\/v2\/media\/1124"}],"wp:attachment":[{"href":"https:\/\/vcycletech.com\/pt\/wp-json\/wp\/v2\/media?parent=1115"}],"wp:term":[{"taxonomy":"product_brand","embeddable":true,"href":"https:\/\/vcycletech.com\/pt\/wp-json\/wp\/v2\/product_brand?post=1115"},{"taxonomy":"product_cat","embeddable":true,"href":"https:\/\/vcycletech.com\/pt\/wp-json\/wp\/v2\/product_cat?post=1115"},{"taxonomy":"product_tag","embeddable":true,"href":"https:\/\/vcycletech.com\/pt\/wp-json\/wp\/v2\/product_tag?post=1115"}],"curies":[{"name":"wp","href":"https:\/\/api.w.org\/{rel}","templated":true}]}}