{"id":1104,"date":"2023-03-21T06:59:13","date_gmt":"2023-03-21T06:59:13","guid":{"rendered":"https:\/\/vcycletech.com\/?post_type=product&#038;p=1104"},"modified":"2023-03-24T03:32:47","modified_gmt":"2023-03-24T03:32:47","slug":"glutaraldeido","status":"publish","type":"product","link":"https:\/\/vcycletech.com\/pt\/produtos\/glutaraldeido\/","title":{"rendered":"glutaralde\u00eddo"},"content":{"rendered":"<h3 id=\"structural20formula_1\" class=\"xsj_heading_hash xsj_heading xsj_heading_h3\" data-source-line=\"0\" data-source-line-display=\"true\"><span class=\"xsj_heading_content\">F\u00f3rmula estrutural:<\/span><\/h3>\n<p><img fetchpriority=\"high\" decoding=\"async\" class=\"alignnone size-full wp-image-1111\" src=\"https:\/\/vcycletech.com\/wp-content\/uploads\/2023\/03\/\u672a\u547d\u540d\u7684\u8bbe\u8ba1-16.png\" alt=\"glutaralde\u00eddo\" width=\"400\" height=\"200\" srcset=\"https:\/\/vcycletech.com\/wp-content\/uploads\/2023\/03\/\u672a\u547d\u540d\u7684\u8bbe\u8ba1-16.png 400w, https:\/\/vcycletech.com\/wp-content\/uploads\/2023\/03\/\u672a\u547d\u540d\u7684\u8bbe\u8ba1-16-300x150.png 300w\" sizes=\"(max-width: 400px) 100vw, 400px\" \/><\/p>\n<p class=\"xsj_paragraph xsj_paragraph_level_0\" data-source-line=\"2\" data-source-line-display=\"true\">CAS #: 111-30-8<br \/>\nPeso molecular: 100,11 g\/mol<br \/>\nF\u00f3rmula molecular: C5H8O2<\/p>\n<h3>Propriedades:<\/h3>\n<p>O glutaralde\u00eddo \u00e9 altamente t\u00f3xico e pode causar s\u00e9rios riscos \u00e0 sa\u00fade se entrar em contato com a pele ou os olhos. O equipamento de prote\u00e7\u00e3o adequado deve ser usado ao manusear este material perigoso para evitar efeitos adversos \u00e0 sa\u00fade, como irrita\u00e7\u00e3o nos olhos, espirros, dificuldade para respirar ou sintomas semelhantes aos da asma. A toxicidade do glutaralde\u00eddo tamb\u00e9m significa que ele deve ser manuseado com cautela, armazenado em local seguro, longe de alimentos e bebidas e descartado adequadamente para evitar a contamina\u00e7\u00e3o ambiental.<\/p>\n<h2 id=\"applications_2\" class=\"xsj_heading_hash xsj_heading xsj_heading_h2\" data-source-line=\"6\" data-source-line-display=\"true\"><span class=\"xsj_heading_content\">Formul\u00e1rios<\/span><\/h2>\n<p class=\"xsj_paragraph xsj_paragraph_level_0\" data-source-line=\"7\" data-source-line-display=\"true\">O glutaralde\u00eddo tem v\u00e1rios usos industriais, incluindo a desinfec\u00e7\u00e3o de instala\u00e7\u00f5es de sa\u00fade e laborat\u00f3rios devido \u00e0 sua efic\u00e1cia em matar microorganismos em contato. Tamb\u00e9m \u00e9 comumente usado como conservante em necrot\u00e9rios, para branquear celulose durante a produ\u00e7\u00e3o de papel, para preservar ovas de peixe durante as opera\u00e7\u00f5es de aquicultura, em consult\u00f3rios odontol\u00f3gicos para fazer impress\u00f5es de coroas ou dentaduras e at\u00e9 mesmo em alguns cosm\u00e9ticos, como tinturas de cabelo ou lo\u00e7\u00f5es.<\/p>\n<h3>Especifica\u00e7\u00e3o<\/h3>\n<table>\n<tbody>\n<tr>\n<td width=\"204\">Odor<\/td>\n<td width=\"315\">pungente<\/td>\n<\/tr>\n<tr>\n<td width=\"204\">Densidade<\/td>\n<td width=\"315\">1,06 g\/mL<\/td>\n<\/tr>\n<tr>\n<td width=\"204\">Ponto de fus\u00e3o<\/td>\n<td width=\"315\">\u221214 \u00b0C (7 \u00b0F; 259 K)<\/td>\n<\/tr>\n<tr>\n<td width=\"204\">Ponto de ebuli\u00e7\u00e3o<\/td>\n<td width=\"315\">187 \u00b0C (369 \u00b0F; 460 K)<\/td>\n<\/tr>\n<tr>\n<td width=\"204\">Odor<\/td>\n<td width=\"315\">pungente<\/td>\n<\/tr>\n<tr>\n<td width=\"204\">Densidade<\/td>\n<td width=\"315\">1,06 g\/mL<\/td>\n<\/tr>\n<\/tbody>\n<\/table>\n<h2 id=\"faqs_3\" class=\"xsj_heading_hash xsj_heading xsj_heading_h2\" data-source-line=\"9\" data-source-line-display=\"true\"><span class=\"xsj_heading_content\">perguntas frequentes<\/span><\/h2>\n<div class=\"xiaoshujiang_element xsj_anchor\"><a class=\"blank_anchor_name\" name=\"120what20are20the20side20effects20of20exposure20to20glutaraldehyde_4\"><\/a><a id=\"120what20are20the20side20effects20of20exposure20to20glutaraldehyde_4\" class=\"blank_anchor_id\"><\/a><a class=\"blank_anchor_name\" name=\"1-what-are-the-side-effects-of-exposure-to-glutaraldehyde\"><\/a><a id=\"1-what-are-the-side-effects-of-exposure-to-glutaraldehyde\" class=\"blank_anchor_id\"><\/a><\/div>\n<h3 id=\"120what20are20the20side20effects20of20exposure20to20glutaraldehyde_4\" class=\"xsj_heading_hash xsj_heading xsj_heading_h3\" data-source-line=\"11\" data-source-line-display=\"true\"><span class=\"xsj_heading_content\">1. Quais s\u00e3o os efeitos colaterais da exposi\u00e7\u00e3o ao glutaralde\u00eddo?<\/span><\/h3>\n<p class=\"xsj_paragraph xsj_paragraph_level_0\" data-source-line=\"13\" data-source-line-display=\"true\">Os efeitos colaterais da exposi\u00e7\u00e3o ao glutaralde\u00eddo incluem irrita\u00e7\u00e3o nos olhos, espirros, dificuldade para respirar ou sintomas semelhantes aos da asma. Erup\u00e7\u00f5es cut\u00e2neas podem ocorrer em casos graves de exposi\u00e7\u00e3o prolongada sem prote\u00e7\u00e3o adequada.<\/p>\n<div class=\"xiaoshujiang_element xsj_anchor\"><a class=\"blank_anchor_name\" name=\"220how20do20i20store20glutaraldehyde20safely_5\"><\/a><a id=\"220how20do20i20store20glutaraldehyde20safely_5\" class=\"blank_anchor_id\"><\/a><a class=\"blank_anchor_name\" name=\"2-how-do-i-store-glutaraldehyde-safely\"><\/a><a id=\"2-how-do-i-store-glutaraldehyde-safely\" class=\"blank_anchor_id\"><\/a><\/div>\n<h3 id=\"220how20do20i20store20glutaraldehyde20safely_5\" class=\"xsj_heading_hash xsj_heading xsj_heading_h3\" data-source-line=\"15\" data-source-line-display=\"true\"><span class=\"xsj_heading_content\">2. Como devo armazenar o glutaralde\u00eddo com seguran\u00e7a?<\/span><\/h3>\n<p class=\"xsj_paragraph xsj_paragraph_level_0\" data-source-line=\"17\" data-source-line-display=\"true\">O glutaralde\u00eddo deve sempre ser armazenado de forma segura longe de alimentos e bebidas para evitar a ingest\u00e3o acidental ou contamina\u00e7\u00e3o. Tamb\u00e9m deve ser mantido longe de fontes de calor, como fog\u00f5es ou radiadores, pois podem torn\u00e1-lo vol\u00e1til e aumentar o risco de perigos de inala\u00e7\u00e3o, liberando vapores no ar.<\/p>\n<div class=\"xiaoshujiang_element xsj_anchor\"><a class=\"blank_anchor_name\" name=\"320how20do20i20dispose20of20glutaraldehyde_6\"><\/a><a id=\"320how20do20i20dispose20of20glutaraldehyde_6\" class=\"blank_anchor_id\"><\/a><a class=\"blank_anchor_name\" name=\"3-how-do-i-dispose-of-glutaraldehyde\"><\/a><a id=\"3-how-do-i-dispose-of-glutaraldehyde\" class=\"blank_anchor_id\"><\/a><\/div>\n<h3 id=\"320how20do20i20dispose20of20glutaraldehyde_6\" class=\"xsj_heading_hash xsj_heading xsj_heading_h3\" data-source-line=\"19\" data-source-line-display=\"true\"><span class=\"xsj_heading_content\">3. Como fa\u00e7o para descartar o glutaralde\u00eddo?<\/span><\/h3>\n<p class=\"xsj_paragraph xsj_paragraph_level_0\" data-source-line=\"21\" data-source-line-display=\"true\">O glutaralde\u00eddo deve ser descartado adequadamente de acordo com os regulamentos locais para prote\u00e7\u00e3o contra contamina\u00e7\u00e3o ambiental; entre em contato com o departamento de descarte de res\u00edduos do governo local para obter mais informa\u00e7\u00f5es sobre as pr\u00e1ticas de descarte seguro em sua \u00e1rea. Al\u00e9m disso, todos os recipientes que contenham este material perigoso devem ser claramente rotulados, indicando seu conte\u00fado antes do descarte, para que possam ser descartados com seguran\u00e7a, sem causar danos a outras pessoas ou ao meio ambiente.<\/p>\n<div class=\"xiaoshujiang_element xsj_anchor\"><a class=\"blank_anchor_name\" name=\"420what20are20some20common20uses20for20glutaraldehyde_7\"><\/a><a id=\"420what20are20some20common20uses20for20glutaraldehyde_7\" class=\"blank_anchor_id\"><\/a><a class=\"blank_anchor_name\" name=\"4-what-are-some-common-uses-for-glutaraldehyde\"><\/a><a id=\"4-what-are-some-common-uses-for-glutaraldehyde\" class=\"blank_anchor_id\"><\/a><\/div>\n<h3 id=\"420what20are20some20common20uses20for20glutaraldehyde_7\" class=\"xsj_heading_hash xsj_heading xsj_heading_h3\" data-source-line=\"23\" data-source-line-display=\"true\"><span class=\"xsj_heading_content\">4 . Quais s\u00e3o alguns usos comuns para o glutaralde\u00eddo?<\/span><\/h3>\n<p class=\"xsj_paragraph xsj_paragraph_level_0\" data-source-line=\"25\" data-source-line-display=\"true\">O glutaralde\u00eddo tem uma variedade de aplica\u00e7\u00f5es industriais, incluindo desinfec\u00e7\u00e3o em instala\u00e7\u00f5es de sa\u00fade e laborat\u00f3rios; polpa de branqueamento durante a produ\u00e7\u00e3o de papel; preserva\u00e7\u00e3o de ovas de peixe durante as opera\u00e7\u00f5es de aquicultura; fazer impress\u00f5es para coroas\/dentaduras em consult\u00f3rios odontol\u00f3gicos; bem como alguns produtos cosm\u00e9ticos, como corantes ou lo\u00e7\u00f5es para o cabelo. 5 . O glutaralde\u00eddo \u00e9 inflam\u00e1vel? N\u00e3o \u2013 O glutaralde\u00eddo n\u00e3o \u00e9 considerado inflam\u00e1vel; no entanto, nunca deve entrar em contato com chamas abertas ou outras fontes de calor, pois podem aumentar o risco de libera\u00e7\u00e3o de vapores no ar, o que pode levar a riscos de inala\u00e7\u00e3o se inalados diretamente por algu\u00e9m pr\u00f3ximo<\/p>\n<p class=\"xsj_paragraph xsj_paragraph_level_0\" data-source-line=\"30\" data-source-line-display=\"true\"><a class=\"xsj_link xsj_manu_link\" href=\"https:\/\/vcycletech.com\/pt\/biocida-e-algicida\/\">Obtenha a solu\u00e7\u00e3o completa de biocida e algicida<\/a>.<\/p>","protected":false},"excerpt":{"rendered":"<p>Voc\u00ea est\u00e1 procurando uma maneira segura e confi\u00e1vel de limpar e esterilizar seu equipamento industrial? N\u00e3o procure mais do que <strong>glutaralde\u00eddo<\/strong>. Este l\u00edquido de cheiro pungente mata bact\u00e9rias e outros microorganismos, tornando-o perfeito para v\u00e1rios processos de saneamento e esteriliza\u00e7\u00e3o. No entanto, \u00e9 importante usar equipamento de prote\u00e7\u00e3o adequado ao manusear essa subst\u00e2ncia, pois a exposi\u00e7\u00e3o pode causar efeitos adversos \u00e0 sa\u00fade, como irrita\u00e7\u00e3o nos olhos, espirros e dificuldade para respirar. A vcycletech oferece uma ampla gama de produtos de glutaralde\u00eddo que s\u00e3o seguros para aplica\u00e7\u00f5es industriais. Entre em contato conosco hoje para saber mais!<\/p>","protected":false},"featured_media":1161,"template":"","meta":{"site-sidebar-layout":"default","site-content-layout":"default","ast-site-content-layout":"default","site-content-style":"default","site-sidebar-style":"default","ast-global-header-display":"","ast-banner-title-visibility":"","ast-main-header-display":"","ast-hfb-above-header-display":"","ast-hfb-below-header-display":"","ast-hfb-mobile-header-display":"","site-post-title":"","ast-breadcrumbs-content":"","ast-featured-img":"","footer-sml-layout":"","ast-disable-related-posts":"","theme-transparent-header-meta":"default","adv-header-id-meta":"","stick-header-meta":"default","header-above-stick-meta":"","header-main-stick-meta":"","header-below-stick-meta":"","astra-migrate-meta-layouts":"default","ast-page-background-enabled":"default","ast-page-background-meta":{"desktop":{"background-color":"","background-image":"","background-repeat":"repeat","background-position":"center center","background-size":"auto","background-attachment":"scroll","background-type":"","background-media":"","overlay-type":"","overlay-color":"","overlay-opacity":"","overlay-gradient":""},"tablet":{"background-color":"","background-image":"","background-repeat":"repeat","background-position":"center center","background-size":"auto","background-attachment":"scroll","background-type":"","background-media":"","overlay-type":"","overlay-color":"","overlay-opacity":"","overlay-gradient":""},"mobile":{"background-color":"","background-image":"","background-repeat":"repeat","background-position":"center center","background-size":"auto","background-attachment":"scroll","background-type":"","background-media":"","overlay-type":"","overlay-color":"","overlay-opacity":"","overlay-gradient":""}},"ast-content-background-meta":{"desktop":{"background-color":"var(--ast-global-color-5)","background-image":"","background-repeat":"repeat","background-position":"center center","background-size":"auto","background-attachment":"scroll","background-type":"","background-media":"","overlay-type":"","overlay-color":"","overlay-opacity":"","overlay-gradient":""},"tablet":{"background-color":"var(--ast-global-color-5)","background-image":"","background-repeat":"repeat","background-position":"center center","background-size":"auto","background-attachment":"scroll","background-type":"","background-media":"","overlay-type":"","overlay-color":"","overlay-opacity":"","overlay-gradient":""},"mobile":{"background-color":"var(--ast-global-color-5)","background-image":"","background-repeat":"repeat","background-position":"center center","background-size":"auto","background-attachment":"scroll","background-type":"","background-media":"","overlay-type":"","overlay-color":"","overlay-opacity":"","overlay-gradient":""}}},"product_brand":[],"product_cat":[29],"product_tag":[],"class_list":{"0":"post-1104","1":"product","2":"type-product","3":"status-publish","4":"has-post-thumbnail","6":"product_cat-biocide-and-algicide","7":"desktop-align-left","8":"tablet-align-left","9":"mobile-align-left","10":"ast-product-gallery-layout-horizontal-slider","11":"ast-product-gallery-with-no-image","12":"ast-product-tabs-layout-horizontal","14":"first","15":"instock","16":"shipping-taxable","17":"product-type-simple"},"yoast_head":"<!-- This site is optimized with the Yoast SEO Premium plugin v26.3 (Yoast SEO v27.5) - https:\/\/yoast.com\/product\/yoast-seo-premium-wordpress\/ -->\n<title>Glutaraldehyde - vcycletech<\/title>\n<meta name=\"description\" content=\"Disinfect and sterilize surfaces and equipment easily with [Glutaraldehyde]! C5H8O2 or OCH(CH\u2082)\u2083CHO is the perfect solution for industrial, laboratory, agricultural, medical, and household needs - get yours today!\" \/>\n<meta name=\"robots\" content=\"index, follow, max-snippet:-1, max-image-preview:large, max-video-preview:-1\" \/>\n<link rel=\"canonical\" href=\"https:\/\/vcycletech.com\/pt\/produtos\/glutaraldeido\/\" \/>\n<meta property=\"og:locale\" content=\"pt_PT\" \/>\n<meta property=\"og:type\" content=\"article\" \/>\n<meta property=\"og:title\" content=\"Glutaraldehyde\" \/>\n<meta property=\"og:description\" content=\"Disinfect and sterilize surfaces and equipment easily with [Glutaraldehyde]! C5H8O2 or OCH(CH\u2082)\u2083CHO is the perfect solution for industrial, laboratory, agricultural, medical, and household needs - get yours today!\" \/>\n<meta property=\"og:url\" content=\"https:\/\/vcycletech.com\/pt\/produtos\/glutaraldeido\/\" \/>\n<meta property=\"og:site_name\" content=\"vcycletech\" \/>\n<meta property=\"article:modified_time\" content=\"2023-03-24T03:32:47+00:00\" \/>\n<meta property=\"og:image\" content=\"https:\/\/vcycletech.com\/wp-content\/uploads\/2023\/03\/DBNPA-3-e1679628761433.png\" \/>\n\t<meta property=\"og:image:width\" content=\"600\" \/>\n\t<meta property=\"og:image:height\" content=\"600\" \/>\n\t<meta property=\"og:image:type\" content=\"image\/png\" \/>\n<meta name=\"twitter:card\" content=\"summary_large_image\" \/>\n<meta name=\"twitter:label1\" content=\"Tempo estimado de leitura\" \/>\n\t<meta name=\"twitter:data1\" content=\"3 minutos\" \/>\n<script type=\"application\/ld+json\" class=\"yoast-schema-graph\">{\"@context\":\"https:\\\/\\\/schema.org\",\"@graph\":[{\"@type\":\"WebPage\",\"@id\":\"https:\\\/\\\/vcycletech.com\\\/product\\\/glutaraldehyde\\\/\",\"url\":\"https:\\\/\\\/vcycletech.com\\\/product\\\/glutaraldehyde\\\/\",\"name\":\"Glutaraldehyde - vcycletech\",\"isPartOf\":{\"@id\":\"https:\\\/\\\/vcycletech.com\\\/#website\"},\"primaryImageOfPage\":{\"@id\":\"https:\\\/\\\/vcycletech.com\\\/product\\\/glutaraldehyde\\\/#primaryimage\"},\"image\":{\"@id\":\"https:\\\/\\\/vcycletech.com\\\/product\\\/glutaraldehyde\\\/#primaryimage\"},\"thumbnailUrl\":\"https:\\\/\\\/vcycletech.com\\\/wp-content\\\/uploads\\\/2023\\\/03\\\/DBNPA-3-e1679628761433.png\",\"datePublished\":\"2023-03-21T06:59:13+00:00\",\"dateModified\":\"2023-03-24T03:32:47+00:00\",\"description\":\"Disinfect and sterilize surfaces and equipment easily with [Glutaraldehyde]! C5H8O2 or OCH(CH\u2082)\u2083CHO is the perfect solution for industrial, laboratory, agricultural, medical, and household needs - get yours today!\",\"breadcrumb\":{\"@id\":\"https:\\\/\\\/vcycletech.com\\\/product\\\/glutaraldehyde\\\/#breadcrumb\"},\"inLanguage\":\"pt-PT\",\"potentialAction\":[{\"@type\":\"ReadAction\",\"target\":[\"https:\\\/\\\/vcycletech.com\\\/product\\\/glutaraldehyde\\\/\"]}]},{\"@type\":\"ImageObject\",\"inLanguage\":\"pt-PT\",\"@id\":\"https:\\\/\\\/vcycletech.com\\\/product\\\/glutaraldehyde\\\/#primaryimage\",\"url\":\"https:\\\/\\\/vcycletech.com\\\/wp-content\\\/uploads\\\/2023\\\/03\\\/DBNPA-3-e1679628761433.png\",\"contentUrl\":\"https:\\\/\\\/vcycletech.com\\\/wp-content\\\/uploads\\\/2023\\\/03\\\/DBNPA-3-e1679628761433.png\",\"width\":600,\"height\":600,\"caption\":\"Glutaraldehyde\"},{\"@type\":\"BreadcrumbList\",\"@id\":\"https:\\\/\\\/vcycletech.com\\\/product\\\/glutaraldehyde\\\/#breadcrumb\",\"itemListElement\":[{\"@type\":\"ListItem\",\"position\":1,\"name\":\"Home\",\"item\":\"https:\\\/\\\/vcycletech.com\\\/\"},{\"@type\":\"ListItem\",\"position\":2,\"name\":\"Water Treatment Chemicals Manufacturer\",\"item\":\"https:\\\/\\\/vcycletech.com\\\/water-treatment-chemicals-manufacturer\\\/\"},{\"@type\":\"ListItem\",\"position\":3,\"name\":\"Glutaraldehyde\"}]},{\"@type\":\"WebSite\",\"@id\":\"https:\\\/\\\/vcycletech.com\\\/#website\",\"url\":\"https:\\\/\\\/vcycletech.com\\\/\",\"name\":\"vcycletech\",\"description\":\"China&#039;s top water treatment chemicals supplier\",\"publisher\":{\"@id\":\"https:\\\/\\\/vcycletech.com\\\/#organization\"},\"potentialAction\":[{\"@type\":\"SearchAction\",\"target\":{\"@type\":\"EntryPoint\",\"urlTemplate\":\"https:\\\/\\\/vcycletech.com\\\/?s={search_term_string}\"},\"query-input\":{\"@type\":\"PropertyValueSpecification\",\"valueRequired\":true,\"valueName\":\"search_term_string\"}}],\"inLanguage\":\"pt-PT\"},{\"@type\":\"Organization\",\"@id\":\"https:\\\/\\\/vcycletech.com\\\/#organization\",\"name\":\"vcycletech\",\"url\":\"https:\\\/\\\/vcycletech.com\\\/\",\"logo\":{\"@type\":\"ImageObject\",\"inLanguage\":\"pt-PT\",\"@id\":\"https:\\\/\\\/vcycletech.com\\\/#\\\/schema\\\/logo\\\/image\\\/\",\"url\":\"https:\\\/\\\/vcycletech.com\\\/wp-content\\\/uploads\\\/2023\\\/03\\\/logo-vcycletech-1.png\",\"contentUrl\":\"https:\\\/\\\/vcycletech.com\\\/wp-content\\\/uploads\\\/2023\\\/03\\\/logo-vcycletech-1.png\",\"width\":600,\"height\":400,\"caption\":\"vcycletech\"},\"image\":{\"@id\":\"https:\\\/\\\/vcycletech.com\\\/#\\\/schema\\\/logo\\\/image\\\/\"}}]}<\/script>\n<!-- \/ Yoast SEO Premium plugin. -->","yoast_head_json":{"title":"Glutaralde\u00eddo - vcycletech","description":"Disinfect and sterilize surfaces and equipment easily with [Glutaraldehyde]! C5H8O2 or OCH(CH\u2082)\u2083CHO is the perfect solution for industrial, laboratory, agricultural, medical, and household needs - get yours today!","robots":{"index":"index","follow":"follow","max-snippet":"max-snippet:-1","max-image-preview":"max-image-preview:large","max-video-preview":"max-video-preview:-1"},"canonical":"https:\/\/vcycletech.com\/pt\/produtos\/glutaraldeido\/","og_locale":"pt_PT","og_type":"article","og_title":"Glutaraldehyde","og_description":"Disinfect and sterilize surfaces and equipment easily with [Glutaraldehyde]! C5H8O2 or OCH(CH\u2082)\u2083CHO is the perfect solution for industrial, laboratory, agricultural, medical, and household needs - get yours today!","og_url":"https:\/\/vcycletech.com\/pt\/produtos\/glutaraldeido\/","og_site_name":"vcycletech","article_modified_time":"2023-03-24T03:32:47+00:00","og_image":[{"width":600,"height":600,"url":"https:\/\/vcycletech.com\/wp-content\/uploads\/2023\/03\/DBNPA-3-e1679628761433.png","type":"image\/png"}],"twitter_card":"summary_large_image","twitter_misc":{"Tempo estimado de leitura":"3 minutos"},"schema":{"@context":"https:\/\/schema.org","@graph":[{"@type":"WebPage","@id":"https:\/\/vcycletech.com\/product\/glutaraldehyde\/","url":"https:\/\/vcycletech.com\/product\/glutaraldehyde\/","name":"Glutaralde\u00eddo - vcycletech","isPartOf":{"@id":"https:\/\/vcycletech.com\/#website"},"primaryImageOfPage":{"@id":"https:\/\/vcycletech.com\/product\/glutaraldehyde\/#primaryimage"},"image":{"@id":"https:\/\/vcycletech.com\/product\/glutaraldehyde\/#primaryimage"},"thumbnailUrl":"https:\/\/vcycletech.com\/wp-content\/uploads\/2023\/03\/DBNPA-3-e1679628761433.png","datePublished":"2023-03-21T06:59:13+00:00","dateModified":"2023-03-24T03:32:47+00:00","description":"Disinfect and sterilize surfaces and equipment easily with [Glutaraldehyde]! C5H8O2 or OCH(CH\u2082)\u2083CHO is the perfect solution for industrial, laboratory, agricultural, medical, and household needs - get yours today!","breadcrumb":{"@id":"https:\/\/vcycletech.com\/product\/glutaraldehyde\/#breadcrumb"},"inLanguage":"pt-PT","potentialAction":[{"@type":"ReadAction","target":["https:\/\/vcycletech.com\/product\/glutaraldehyde\/"]}]},{"@type":"ImageObject","inLanguage":"pt-PT","@id":"https:\/\/vcycletech.com\/product\/glutaraldehyde\/#primaryimage","url":"https:\/\/vcycletech.com\/wp-content\/uploads\/2023\/03\/DBNPA-3-e1679628761433.png","contentUrl":"https:\/\/vcycletech.com\/wp-content\/uploads\/2023\/03\/DBNPA-3-e1679628761433.png","width":600,"height":600,"caption":"Glutaraldehyde"},{"@type":"BreadcrumbList","@id":"https:\/\/vcycletech.com\/product\/glutaraldehyde\/#breadcrumb","itemListElement":[{"@type":"ListItem","position":1,"name":"Home","item":"https:\/\/vcycletech.com\/"},{"@type":"ListItem","position":2,"name":"Water Treatment Chemicals Manufacturer","item":"https:\/\/vcycletech.com\/water-treatment-chemicals-manufacturer\/"},{"@type":"ListItem","position":3,"name":"Glutaraldehyde"}]},{"@type":"WebSite","@id":"https:\/\/vcycletech.com\/#website","url":"https:\/\/vcycletech.com\/","name":"vcycletech","description":"China&#039;principal fornecedor de produtos qu\u00edmicos para tratamento de \u00e1gua","publisher":{"@id":"https:\/\/vcycletech.com\/#organization"},"potentialAction":[{"@type":"SearchAction","target":{"@type":"EntryPoint","urlTemplate":"https:\/\/vcycletech.com\/?s={search_term_string}"},"query-input":{"@type":"PropertyValueSpecification","valueRequired":true,"valueName":"search_term_string"}}],"inLanguage":"pt-PT"},{"@type":"Organization","@id":"https:\/\/vcycletech.com\/#organization","name":"vcycletech","url":"https:\/\/vcycletech.com\/","logo":{"@type":"ImageObject","inLanguage":"pt-PT","@id":"https:\/\/vcycletech.com\/#\/schema\/logo\/image\/","url":"https:\/\/vcycletech.com\/wp-content\/uploads\/2023\/03\/logo-vcycletech-1.png","contentUrl":"https:\/\/vcycletech.com\/wp-content\/uploads\/2023\/03\/logo-vcycletech-1.png","width":600,"height":400,"caption":"vcycletech"},"image":{"@id":"https:\/\/vcycletech.com\/#\/schema\/logo\/image\/"}}]}},"_links":{"self":[{"href":"https:\/\/vcycletech.com\/pt\/wp-json\/wp\/v2\/product\/1104","targetHints":{"allow":["GET"]}}],"collection":[{"href":"https:\/\/vcycletech.com\/pt\/wp-json\/wp\/v2\/product"}],"about":[{"href":"https:\/\/vcycletech.com\/pt\/wp-json\/wp\/v2\/types\/product"}],"wp:featuredmedia":[{"embeddable":true,"href":"https:\/\/vcycletech.com\/pt\/wp-json\/wp\/v2\/media\/1161"}],"wp:attachment":[{"href":"https:\/\/vcycletech.com\/pt\/wp-json\/wp\/v2\/media?parent=1104"}],"wp:term":[{"taxonomy":"product_brand","embeddable":true,"href":"https:\/\/vcycletech.com\/pt\/wp-json\/wp\/v2\/product_brand?post=1104"},{"taxonomy":"product_cat","embeddable":true,"href":"https:\/\/vcycletech.com\/pt\/wp-json\/wp\/v2\/product_cat?post=1104"},{"taxonomy":"product_tag","embeddable":true,"href":"https:\/\/vcycletech.com\/pt\/wp-json\/wp\/v2\/product_tag?post=1104"}],"curies":[{"name":"wp","href":"https:\/\/api.w.org\/{rel}","templated":true}]}}