{"id":1092,"date":"2023-03-21T06:44:18","date_gmt":"2023-03-21T06:44:18","guid":{"rendered":"https:\/\/vcycletech.com\/?post_type=product&#038;p=1092"},"modified":"2023-03-21T09:10:45","modified_gmt":"2023-03-21T09:10:45","slug":"sal-de-sodio-de-123-benzotriazol-btana","status":"publish","type":"product","link":"https:\/\/vcycletech.com\/pt\/produtos\/sal-de-sodio-de-123-benzotriazol-btana\/","title":{"rendered":"Sal de s\u00f3dio de 1,2,3-benzotriazol (BTA\u2022Na)"},"content":{"rendered":"<h3>N\u00ba CAS 15217-42-2<br \/>\nF\u00f3rmula molecular: C6H4N3Na Peso molecular: 141,11<br \/>\nEspecifica\u00e7\u00e3o:<\/h3>\n<div id=\"footable_parent_1100\"\n         class=\"footable_parent ninja_table_wrapper loading_ninja_table wp_table_data_press_parent semantic_ui\">\n                <table data-ninja_table_instance=\"ninja_table_instance_0\" data-footable_id=\"1100\" data-filter-delay=\"1000\" aria-label=\"BTA\u2022Na.csv\"            id=\"footable_1100\"\n           data-unique_identifier=\"ninja_table_unique_id_2922804995_1100\"\n           class=\"foo-table ninja_footable foo_table_1100 ninja_table_unique_id_2922804995_1100 ui table  nt_type_legacy_table selectable striped vertical_centered  footable-paging-right ninja_table_pro\">\n                <colgroup>\n                            <col class=\"ninja_column_0\">\n                            <col class=\"ninja_column_1\">\n                    <\/colgroup>\n        <thead>\n<tr class=\"footable-header\">\n                                        <th scope=\"col\"  class=\"ninja_column_0 ninja_clmn_nm_items\">Unid<\/th><th scope=\"col\"  class=\"ninja_column_1 ninja_clmn_nm_index\">\u00cdndice<\/th><\/tr>\n<\/thead>\n<tbody>\n\n        <tr data-row_id=\"212\" class=\"ninja_table_row_0 nt_row_id_212\">\n            <td>Apar\u00eancia<\/td><td>L\u00edquido transparente amarelo p\u00e1lido a amarelo<\/td>        <\/tr>\n            <tr data-row_id=\"213\" class=\"ninja_table_row_1 nt_row_id_213\">\n            <td>Conte\u00fado s\u00f3lido %<\/td><td>50,0 min<\/td>        <\/tr>\n            <tr data-row_id=\"214\" class=\"ninja_table_row_2 nt_row_id_214\">\n            <td>Densidade (20 \u2103) g\/cm3<\/td><td>1,20 min<\/td>        <\/tr>\n    <\/tbody><!--ninja_tobody_rendering_done-->\n    <\/table>\n    \n    \n    \n<\/div>\n\n<h3>BTA\u2022Na Propriedades:<\/h3>\n<p><strong>BTA\u2022Na<\/strong> \u00e9 um inibidor de corros\u00e3o eficaz que pode ser usado em uma variedade de aplica\u00e7\u00f5es, incluindo revestimento e aditivos de \u00f3leo lubrificante. Quando aplicado em superf\u00edcies met\u00e1licas, forma uma pel\u00edcula fina que ajuda a proteger o cobre e outros metais da oxida\u00e7\u00e3o e descolora\u00e7\u00e3o. Al\u00e9m disso, provou funcionar bem como inibidor de incrusta\u00e7\u00f5es e desinfetante de fungos em sistemas de circula\u00e7\u00e3o de \u00e1gua fria, com uma dosagem recomendada de 2-4mg\/L. Finalmente, suas propriedades n\u00e3o corrosivas e n\u00e3o t\u00f3xicas tornam este produto qu\u00edmico particularmente seguro para v\u00e1rios processos industriais.<\/p>\n<h3>BTA\u2022Na Uso:<\/h3>\n<p><strong>BTA\u2022Na<\/strong> \u00e9 um produto qu\u00edmico anticorrosivo vers\u00e1til usado para proteger metais da oxida\u00e7\u00e3o e descolora\u00e7\u00e3o. Pode formar liga\u00e7\u00f5es covalentes e covalentes coordenadas com metais, evitando o ataque de agentes corrosivos. Tem in\u00fameras aplica\u00e7\u00f5es, como metalurgia, restaura\u00e7\u00e3o de arte, ind\u00fastria da constru\u00e7\u00e3o, inibidor de corros\u00e3o em sistemas de resfriamento de \u00e1gua, equipamentos de limpeza a seco, graxas e lubrificantes sint\u00e9ticos, fluidos hidr\u00e1ulicos, processamento eletrol\u00edtico e emuls\u00f5es fotogr\u00e1ficas. Al\u00e9m disso, tamb\u00e9m \u00e9 usado para tratar materiais de embalagem para pe\u00e7as eletr\u00f4nicas de cobre e para prolongar a vida \u00fatil de pol\u00edmeros usados como isolantes para fios de cobre.<\/p>\n<h3>Pacote e armazenamento:<\/h3>\n<p><strong>BTA\u2022Na<\/strong> devem ser embalados em recipientes apertados que sejam resistentes \u00e0 umidade, oxida\u00e7\u00e3o e outras condi\u00e7\u00f5es ambientais. Deve ser armazenado em local fresco, seco e bem ventilado para evitar contamina\u00e7\u00e3o e aumentar sua vida \u00fatil. O transporte e manuseio devem ser feitos de acordo com as boas pr\u00e1ticas industriais para produtos qu\u00edmicos perigosos. Os profissionais devem tomar todas as precau\u00e7\u00f5es necess\u00e1rias para garantir o transporte, manuseio e armazenamento seguros de <strong>BTA\u2022Na<\/strong>. Tambor de pl\u00e1stico de 200L, IBC(1000L), exig\u00eancia dos clientes. Armazenamento por seis meses em uma sala com sombra e local seco.<\/p>\n<h3>Sin\u00f4nimos:<\/h3>\n<p>BTA\u2022Na;1,2,3-Triazaindeno; sal de s\u00f3dio de 1,2,3-benzotrialol;1,2-aminoazofenileno<\/p>\n<h3>Perguntas frequentes sobre o sal s\u00f3dico de 1,2,3-benzotriazol (BTA\u2022Na):<\/h3>\n<p><strong>O que \u00e9 Sal S\u00f3dico de 1,2,3-benzotriazol (BTA\u2022Na)?<\/strong><br \/>\nO sal de s\u00f3dio de 1,2,3-benzotriazole (BTA\u2022Na) \u00e9 um s\u00f3lido cristalino branco que \u00e9 sol\u00favel em \u00e1gua. \u00c9 usado como inibidor de corros\u00e3o e inibidor de incrusta\u00e7\u00e3o em sistemas de \u00e1gua de resfriamento e caldeiras.<\/p>\n<p><strong>Quais s\u00e3o os benef\u00edcios do uso do Sal S\u00f3dico de 1,2,3-benzotriazol (BTA\u2022Na)?<\/strong><br \/>\nO sal de s\u00f3dio de 1,2,3-benzotriazol (BTA\u2022Na) fornece excelente inibi\u00e7\u00e3o de corros\u00e3o e controle de incrusta\u00e7\u00f5es em caldeiras e sistemas de \u00e1gua de resfriamento. Tamb\u00e9m \u00e9 compat\u00edvel com a maioria dos outros produtos qu\u00edmicos usados nesses sistemas.<\/p>\n<p><strong>Quais s\u00e3o os riscos potenciais associados ao uso de sal s\u00f3dico de 1,2,3-benzotriazol (BTA\u2022Na)?<\/strong><br \/>\nOs riscos potenciais associados ao uso de sal s\u00f3dico de 1,2,3-benzotriazol (BTA\u2022Na) s\u00e3o m\u00ednimos. No entanto, como acontece com qualquer produto qu\u00edmico, \u00e9 sempre aconselh\u00e1vel seguir todas as precau\u00e7\u00f5es de seguran\u00e7a ao manusear e usar este produto.<\/p>\n<p><a href=\"https:\/\/vcycletech.com\/pt\/inibidor-de-corrosao\/\"><strong>Obtenha a solu\u00e7\u00e3o completa de inibidores de corros\u00e3o.<\/strong><\/a><\/p>\n<p>&nbsp;<\/p>","protected":false},"excerpt":{"rendered":"<p><strong>Sal de s\u00f3dio de 1,2,3-benzotriazol (BTA\u2022Na)<\/strong> \u00e9 um produto importante em muitas aplica\u00e7\u00f5es industriais. \u00c9 um p\u00f3 cristalino branco sol\u00favel em \u00e1gua e \u00e1lcool. O BTA\u2022Na tem uma ampla gama de aplica\u00e7\u00f5es em ind\u00fastrias como t\u00eaxteis, impress\u00e3o e tingimento, fabrica\u00e7\u00e3o de papel, curtimento de couro, galvanoplastia e produtos farmac\u00eauticos. Este produto \u00e9 oferecido por um fabricante da China a um pre\u00e7o muito competitivo. Se voc\u00ea est\u00e1 procurando um fornecedor confi\u00e1vel de <strong>Sal de s\u00f3dio de 1,2,3-benzotriazol (BTA\u2022Na)<\/strong>, Entre em contato conosco para mais informa\u00e7\u00f5es.<\/p>","protected":false},"featured_media":1107,"template":"","meta":{"site-sidebar-layout":"default","site-content-layout":"default","ast-site-content-layout":"default","site-content-style":"default","site-sidebar-style":"default","ast-global-header-display":"","ast-banner-title-visibility":"","ast-main-header-display":"","ast-hfb-above-header-display":"","ast-hfb-below-header-display":"","ast-hfb-mobile-header-display":"","site-post-title":"","ast-breadcrumbs-content":"","ast-featured-img":"","footer-sml-layout":"","ast-disable-related-posts":"","theme-transparent-header-meta":"default","adv-header-id-meta":"","stick-header-meta":"default","header-above-stick-meta":"","header-main-stick-meta":"","header-below-stick-meta":"","astra-migrate-meta-layouts":"default","ast-page-background-enabled":"default","ast-page-background-meta":{"desktop":{"background-color":"","background-image":"","background-repeat":"repeat","background-position":"center center","background-size":"auto","background-attachment":"scroll","background-type":"","background-media":"","overlay-type":"","overlay-color":"","overlay-opacity":"","overlay-gradient":""},"tablet":{"background-color":"","background-image":"","background-repeat":"repeat","background-position":"center center","background-size":"auto","background-attachment":"scroll","background-type":"","background-media":"","overlay-type":"","overlay-color":"","overlay-opacity":"","overlay-gradient":""},"mobile":{"background-color":"","background-image":"","background-repeat":"repeat","background-position":"center center","background-size":"auto","background-attachment":"scroll","background-type":"","background-media":"","overlay-type":"","overlay-color":"","overlay-opacity":"","overlay-gradient":""}},"ast-content-background-meta":{"desktop":{"background-color":"var(--ast-global-color-5)","background-image":"","background-repeat":"repeat","background-position":"center center","background-size":"auto","background-attachment":"scroll","background-type":"","background-media":"","overlay-type":"","overlay-color":"","overlay-opacity":"","overlay-gradient":""},"tablet":{"background-color":"var(--ast-global-color-5)","background-image":"","background-repeat":"repeat","background-position":"center center","background-size":"auto","background-attachment":"scroll","background-type":"","background-media":"","overlay-type":"","overlay-color":"","overlay-opacity":"","overlay-gradient":""},"mobile":{"background-color":"var(--ast-global-color-5)","background-image":"","background-repeat":"repeat","background-position":"center center","background-size":"auto","background-attachment":"scroll","background-type":"","background-media":"","overlay-type":"","overlay-color":"","overlay-opacity":"","overlay-gradient":""}}},"product_brand":[],"product_cat":[30],"product_tag":[],"class_list":{"0":"post-1092","1":"product","2":"type-product","3":"status-publish","4":"has-post-thumbnail","6":"product_cat-corrosion-inhibitors","7":"desktop-align-left","8":"tablet-align-left","9":"mobile-align-left","10":"ast-product-gallery-layout-horizontal-slider","11":"ast-product-tabs-layout-horizontal","13":"first","14":"instock","15":"shipping-taxable","16":"product-type-simple"},"yoast_head":"<!-- This site is optimized with the Yoast SEO Premium plugin v26.3 (Yoast SEO v27.3) - https:\/\/yoast.com\/product\/yoast-seo-premium-wordpress\/ -->\n<title>Sodium Salt of 1,2,3-Benzotriazole (BTA\u2022Na) - vcycletech<\/title>\n<meta name=\"description\" content=\"Sodium Salt of 1,2,3-Benzotriazole (BTA\u2022Na) is a compound used in various processes such as stabilizing plastics and plating solutions. It&#039;s a white powder that readily dissolves in water and other polar solvents. BTA\u2022Na has good thermal stability and low volatility which makes it ideal for many industrial applications. It&#039;s also non-corrosive and non-toxic, making it safe to use for a variety of purposes.\" \/>\n<meta name=\"robots\" content=\"index, follow, max-snippet:-1, max-image-preview:large, max-video-preview:-1\" \/>\n<link rel=\"canonical\" href=\"https:\/\/vcycletech.com\/pt\/produtos\/sal-de-sodio-de-123-benzotriazol-btana\/\" \/>\n<meta property=\"og:locale\" content=\"pt_PT\" \/>\n<meta property=\"og:type\" content=\"article\" \/>\n<meta property=\"og:title\" content=\"Sodium Salt of 1,2,3-Benzotriazole (BTA\u2022Na)\" \/>\n<meta property=\"og:description\" content=\"Sodium Salt of 1,2,3-Benzotriazole (BTA\u2022Na) is a compound used in various processes such as stabilizing plastics and plating solutions. It&#039;s a white powder that readily dissolves in water and other polar solvents. BTA\u2022Na has good thermal stability and low volatility which makes it ideal for many industrial applications. It&#039;s also non-corrosive and non-toxic, making it safe to use for a variety of purposes.\" \/>\n<meta property=\"og:url\" content=\"https:\/\/vcycletech.com\/pt\/produtos\/sal-de-sodio-de-123-benzotriazol-btana\/\" \/>\n<meta property=\"og:site_name\" content=\"vcycletech\" \/>\n<meta property=\"article:modified_time\" content=\"2023-03-21T09:10:45+00:00\" \/>\n<meta property=\"og:image\" content=\"https:\/\/vcycletech.com\/wp-content\/uploads\/2023\/03\/1-27.png\" \/>\n\t<meta property=\"og:image:width\" content=\"600\" \/>\n\t<meta property=\"og:image:height\" content=\"600\" \/>\n\t<meta property=\"og:image:type\" content=\"image\/png\" \/>\n<meta name=\"twitter:card\" content=\"summary_large_image\" \/>\n<meta name=\"twitter:label1\" content=\"Tempo estimado de leitura\" \/>\n\t<meta name=\"twitter:data1\" content=\"2 minutos\" \/>\n<script type=\"application\/ld+json\" class=\"yoast-schema-graph\">{\"@context\":\"https:\\\/\\\/schema.org\",\"@graph\":[{\"@type\":\"WebPage\",\"@id\":\"https:\\\/\\\/vcycletech.com\\\/product\\\/sodium-salt-of-123-benzotriazole-btana\\\/\",\"url\":\"https:\\\/\\\/vcycletech.com\\\/product\\\/sodium-salt-of-123-benzotriazole-btana\\\/\",\"name\":\"Sodium Salt of 1,2,3-Benzotriazole (BTA\u2022Na) - vcycletech\",\"isPartOf\":{\"@id\":\"https:\\\/\\\/vcycletech.com\\\/#website\"},\"primaryImageOfPage\":{\"@id\":\"https:\\\/\\\/vcycletech.com\\\/product\\\/sodium-salt-of-123-benzotriazole-btana\\\/#primaryimage\"},\"image\":{\"@id\":\"https:\\\/\\\/vcycletech.com\\\/product\\\/sodium-salt-of-123-benzotriazole-btana\\\/#primaryimage\"},\"thumbnailUrl\":\"https:\\\/\\\/vcycletech.com\\\/wp-content\\\/uploads\\\/2023\\\/03\\\/1-27.png\",\"datePublished\":\"2023-03-21T06:44:18+00:00\",\"dateModified\":\"2023-03-21T09:10:45+00:00\",\"description\":\"Sodium Salt of 1,2,3-Benzotriazole (BTA\u2022Na) is a compound used in various processes such as stabilizing plastics and plating solutions. It's a white powder that readily dissolves in water and other polar solvents. BTA\u2022Na has good thermal stability and low volatility which makes it ideal for many industrial applications. It's also non-corrosive and non-toxic, making it safe to use for a variety of purposes.\",\"breadcrumb\":{\"@id\":\"https:\\\/\\\/vcycletech.com\\\/product\\\/sodium-salt-of-123-benzotriazole-btana\\\/#breadcrumb\"},\"inLanguage\":\"pt-PT\",\"potentialAction\":[{\"@type\":\"ReadAction\",\"target\":[\"https:\\\/\\\/vcycletech.com\\\/product\\\/sodium-salt-of-123-benzotriazole-btana\\\/\"]}]},{\"@type\":\"ImageObject\",\"inLanguage\":\"pt-PT\",\"@id\":\"https:\\\/\\\/vcycletech.com\\\/product\\\/sodium-salt-of-123-benzotriazole-btana\\\/#primaryimage\",\"url\":\"https:\\\/\\\/vcycletech.com\\\/wp-content\\\/uploads\\\/2023\\\/03\\\/1-27.png\",\"contentUrl\":\"https:\\\/\\\/vcycletech.com\\\/wp-content\\\/uploads\\\/2023\\\/03\\\/1-27.png\",\"width\":600,\"height\":600,\"caption\":\"Sodium Salt of 1,2,3-Benzotriazole (BTA\u2022Na)\"},{\"@type\":\"BreadcrumbList\",\"@id\":\"https:\\\/\\\/vcycletech.com\\\/product\\\/sodium-salt-of-123-benzotriazole-btana\\\/#breadcrumb\",\"itemListElement\":[{\"@type\":\"ListItem\",\"position\":1,\"name\":\"Home\",\"item\":\"https:\\\/\\\/vcycletech.com\\\/\"},{\"@type\":\"ListItem\",\"position\":2,\"name\":\"Water Treatment Chemicals Manufacturer\",\"item\":\"https:\\\/\\\/vcycletech.com\\\/water-treatment-chemicals-manufacturer\\\/\"},{\"@type\":\"ListItem\",\"position\":3,\"name\":\"Sodium Salt of 1,2,3-Benzotriazole (BTA\u2022Na)\"}]},{\"@type\":\"WebSite\",\"@id\":\"https:\\\/\\\/vcycletech.com\\\/#website\",\"url\":\"https:\\\/\\\/vcycletech.com\\\/\",\"name\":\"vcycletech\",\"description\":\"China&#039;s top water treatment chemicals supplier\",\"publisher\":{\"@id\":\"https:\\\/\\\/vcycletech.com\\\/#organization\"},\"potentialAction\":[{\"@type\":\"SearchAction\",\"target\":{\"@type\":\"EntryPoint\",\"urlTemplate\":\"https:\\\/\\\/vcycletech.com\\\/?s={search_term_string}\"},\"query-input\":{\"@type\":\"PropertyValueSpecification\",\"valueRequired\":true,\"valueName\":\"search_term_string\"}}],\"inLanguage\":\"pt-PT\"},{\"@type\":\"Organization\",\"@id\":\"https:\\\/\\\/vcycletech.com\\\/#organization\",\"name\":\"vcycletech\",\"url\":\"https:\\\/\\\/vcycletech.com\\\/\",\"logo\":{\"@type\":\"ImageObject\",\"inLanguage\":\"pt-PT\",\"@id\":\"https:\\\/\\\/vcycletech.com\\\/#\\\/schema\\\/logo\\\/image\\\/\",\"url\":\"https:\\\/\\\/vcycletech.com\\\/wp-content\\\/uploads\\\/2023\\\/03\\\/logo-vcycletech-1.png\",\"contentUrl\":\"https:\\\/\\\/vcycletech.com\\\/wp-content\\\/uploads\\\/2023\\\/03\\\/logo-vcycletech-1.png\",\"width\":600,\"height\":400,\"caption\":\"vcycletech\"},\"image\":{\"@id\":\"https:\\\/\\\/vcycletech.com\\\/#\\\/schema\\\/logo\\\/image\\\/\"}}]}<\/script>\n<!-- \/ Yoast SEO Premium plugin. -->","yoast_head_json":{"title":"Sal S\u00f3dico de 1,2,3-benzotriazol (BTA\u2022Na) - vcycletech","description":"O sal s\u00f3dico de 1,2,3-benzotriazole (BTA\u2022Na) \u00e9 um composto utilizado em v\u00e1rios processos, como a estabiliza\u00e7\u00e3o de pl\u00e1sticos e solu\u00e7\u00f5es de revestimento. \u00c9 um p\u00f3 branco que se dissolve facilmente em \u00e1gua e outros solventes polares. O BTA\u2022Na possui boa estabilidade t\u00e9rmica e baixa volatilidade, o que o torna ideal para muitas aplica\u00e7\u00f5es industriais. Tamb\u00e9m \u00e9 n\u00e3o corrosivo e n\u00e3o t\u00f3xico, tornando-o seguro para uso em diversos fins.","robots":{"index":"index","follow":"follow","max-snippet":"max-snippet:-1","max-image-preview":"max-image-preview:large","max-video-preview":"max-video-preview:-1"},"canonical":"https:\/\/vcycletech.com\/pt\/produtos\/sal-de-sodio-de-123-benzotriazol-btana\/","og_locale":"pt_PT","og_type":"article","og_title":"Sodium Salt of 1,2,3-Benzotriazole (BTA\u2022Na)","og_description":"Sodium Salt of 1,2,3-Benzotriazole (BTA\u2022Na) is a compound used in various processes such as stabilizing plastics and plating solutions. It's a white powder that readily dissolves in water and other polar solvents. BTA\u2022Na has good thermal stability and low volatility which makes it ideal for many industrial applications. It's also non-corrosive and non-toxic, making it safe to use for a variety of purposes.","og_url":"https:\/\/vcycletech.com\/pt\/produtos\/sal-de-sodio-de-123-benzotriazol-btana\/","og_site_name":"vcycletech","article_modified_time":"2023-03-21T09:10:45+00:00","og_image":[{"width":600,"height":600,"url":"https:\/\/vcycletech.com\/wp-content\/uploads\/2023\/03\/1-27.png","type":"image\/png"}],"twitter_card":"summary_large_image","twitter_misc":{"Tempo estimado de leitura":"2 minutos"},"schema":{"@context":"https:\/\/schema.org","@graph":[{"@type":"WebPage","@id":"https:\/\/vcycletech.com\/product\/sodium-salt-of-123-benzotriazole-btana\/","url":"https:\/\/vcycletech.com\/product\/sodium-salt-of-123-benzotriazole-btana\/","name":"Sal S\u00f3dico de 1,2,3-benzotriazol (BTA\u2022Na) - vcycletech","isPartOf":{"@id":"https:\/\/vcycletech.com\/#website"},"primaryImageOfPage":{"@id":"https:\/\/vcycletech.com\/product\/sodium-salt-of-123-benzotriazole-btana\/#primaryimage"},"image":{"@id":"https:\/\/vcycletech.com\/product\/sodium-salt-of-123-benzotriazole-btana\/#primaryimage"},"thumbnailUrl":"https:\/\/vcycletech.com\/wp-content\/uploads\/2023\/03\/1-27.png","datePublished":"2023-03-21T06:44:18+00:00","dateModified":"2023-03-21T09:10:45+00:00","description":"O sal s\u00f3dico de 1,2,3-benzotriazole (BTA\u2022Na) \u00e9 um composto utilizado em v\u00e1rios processos, como a estabiliza\u00e7\u00e3o de pl\u00e1sticos e solu\u00e7\u00f5es de revestimento. \u00c9 um p\u00f3 branco que se dissolve facilmente em \u00e1gua e outros solventes polares. O BTA\u2022Na possui boa estabilidade t\u00e9rmica e baixa volatilidade, o que o torna ideal para muitas aplica\u00e7\u00f5es industriais. Tamb\u00e9m \u00e9 n\u00e3o corrosivo e n\u00e3o t\u00f3xico, tornando-o seguro para uso em diversos fins.","breadcrumb":{"@id":"https:\/\/vcycletech.com\/product\/sodium-salt-of-123-benzotriazole-btana\/#breadcrumb"},"inLanguage":"pt-PT","potentialAction":[{"@type":"ReadAction","target":["https:\/\/vcycletech.com\/product\/sodium-salt-of-123-benzotriazole-btana\/"]}]},{"@type":"ImageObject","inLanguage":"pt-PT","@id":"https:\/\/vcycletech.com\/product\/sodium-salt-of-123-benzotriazole-btana\/#primaryimage","url":"https:\/\/vcycletech.com\/wp-content\/uploads\/2023\/03\/1-27.png","contentUrl":"https:\/\/vcycletech.com\/wp-content\/uploads\/2023\/03\/1-27.png","width":600,"height":600,"caption":"Sodium Salt of 1,2,3-Benzotriazole (BTA\u2022Na)"},{"@type":"BreadcrumbList","@id":"https:\/\/vcycletech.com\/product\/sodium-salt-of-123-benzotriazole-btana\/#breadcrumb","itemListElement":[{"@type":"ListItem","position":1,"name":"Home","item":"https:\/\/vcycletech.com\/"},{"@type":"ListItem","position":2,"name":"Water Treatment Chemicals Manufacturer","item":"https:\/\/vcycletech.com\/water-treatment-chemicals-manufacturer\/"},{"@type":"ListItem","position":3,"name":"Sodium Salt of 1,2,3-Benzotriazole (BTA\u2022Na)"}]},{"@type":"WebSite","@id":"https:\/\/vcycletech.com\/#website","url":"https:\/\/vcycletech.com\/","name":"vcycletech","description":"China&#039;principal fornecedor de produtos qu\u00edmicos para tratamento de \u00e1gua","publisher":{"@id":"https:\/\/vcycletech.com\/#organization"},"potentialAction":[{"@type":"SearchAction","target":{"@type":"EntryPoint","urlTemplate":"https:\/\/vcycletech.com\/?s={search_term_string}"},"query-input":{"@type":"PropertyValueSpecification","valueRequired":true,"valueName":"search_term_string"}}],"inLanguage":"pt-PT"},{"@type":"Organization","@id":"https:\/\/vcycletech.com\/#organization","name":"vcycletech","url":"https:\/\/vcycletech.com\/","logo":{"@type":"ImageObject","inLanguage":"pt-PT","@id":"https:\/\/vcycletech.com\/#\/schema\/logo\/image\/","url":"https:\/\/vcycletech.com\/wp-content\/uploads\/2023\/03\/logo-vcycletech-1.png","contentUrl":"https:\/\/vcycletech.com\/wp-content\/uploads\/2023\/03\/logo-vcycletech-1.png","width":600,"height":400,"caption":"vcycletech"},"image":{"@id":"https:\/\/vcycletech.com\/#\/schema\/logo\/image\/"}}]}},"_links":{"self":[{"href":"https:\/\/vcycletech.com\/pt\/wp-json\/wp\/v2\/product\/1092","targetHints":{"allow":["GET"]}}],"collection":[{"href":"https:\/\/vcycletech.com\/pt\/wp-json\/wp\/v2\/product"}],"about":[{"href":"https:\/\/vcycletech.com\/pt\/wp-json\/wp\/v2\/types\/product"}],"wp:featuredmedia":[{"embeddable":true,"href":"https:\/\/vcycletech.com\/pt\/wp-json\/wp\/v2\/media\/1107"}],"wp:attachment":[{"href":"https:\/\/vcycletech.com\/pt\/wp-json\/wp\/v2\/media?parent=1092"}],"wp:term":[{"taxonomy":"product_brand","embeddable":true,"href":"https:\/\/vcycletech.com\/pt\/wp-json\/wp\/v2\/product_brand?post=1092"},{"taxonomy":"product_cat","embeddable":true,"href":"https:\/\/vcycletech.com\/pt\/wp-json\/wp\/v2\/product_cat?post=1092"},{"taxonomy":"product_tag","embeddable":true,"href":"https:\/\/vcycletech.com\/pt\/wp-json\/wp\/v2\/product_tag?post=1092"}],"curies":[{"name":"wp","href":"https:\/\/api.w.org\/{rel}","templated":true}]}}