{"id":1074,"date":"2023-03-21T06:04:38","date_gmt":"2023-03-21T06:04:38","guid":{"rendered":"https:\/\/vcycletech.com\/?post_type=product&#038;p=1074"},"modified":"2023-03-21T09:11:29","modified_gmt":"2023-03-21T09:11:29","slug":"toliltriazol-tta","status":"publish","type":"product","link":"https:\/\/vcycletech.com\/pt\/produtos\/toliltriazol-tta\/","title":{"rendered":"Toliltriazol (TTA)"},"content":{"rendered":"<h3>N\u00ba CAS 29385-43-1<br \/>\nF\u00f3rmula molecular: C7H7N3 Peso molecular: 133,16<br \/>\nEspecifica\u00e7\u00e3o:<\/h3>\n<div id=\"footable_parent_1078\"\n         class=\"footable_parent ninja_table_wrapper loading_ninja_table wp_table_data_press_parent semantic_ui\">\n                <table data-ninja_table_instance=\"ninja_table_instance_0\" data-footable_id=\"1078\" data-filter-delay=\"1000\" aria-label=\"Toliltriazol (TTA).csv\"            id=\"footable_1078\"\n           data-unique_identifier=\"ninja_table_unique_id_3285956495_1078\"\n           class=\"foo-table ninja_footable foo_table_1078 ninja_table_unique_id_3285956495_1078 ui table  nt_type_legacy_table selectable striped vertical_centered  footable-paging-right ninja_table_pro\">\n                <colgroup>\n                            <col class=\"ninja_column_0\">\n                            <col class=\"ninja_column_1\">\n                    <\/colgroup>\n        <thead>\n<tr class=\"footable-header\">\n                                        <th scope=\"col\"  class=\"ninja_column_0 ninja_clmn_nm_items\"> Unid<\/th><th scope=\"col\"  class=\"ninja_column_1 ninja_clmn_nm_index\">\u00cdndice<\/th><\/tr>\n<\/thead>\n<tbody>\n\n        <tr data-row_id=\"205\" class=\"ninja_table_row_0 nt_row_id_205\">\n            <td>Apar\u00eancia<\/td><td>Granulado branco ou amarelo claro<\/td>        <\/tr>\n            <tr data-row_id=\"206\" class=\"ninja_table_row_1 nt_row_id_206\">\n            <td>Conte\u00fado, %<\/td><td>99,5 minutos<\/td>        <\/tr>\n            <tr data-row_id=\"207\" class=\"ninja_table_row_2 nt_row_id_207\">\n            <td>Umidade, %<\/td><td>0,2 m\u00e1x.<\/td>        <\/tr>\n            <tr data-row_id=\"208\" class=\"ninja_table_row_3 nt_row_id_208\">\n            <td>Ponto de fus\u00e3o, \u2103<\/td><td>80.0-86.0<\/td>        <\/tr>\n            <tr data-row_id=\"209\" class=\"ninja_table_row_4 nt_row_id_209\">\n            <td>Teor de cinzas, %<\/td><td>0,05 m\u00e1x.<\/td>        <\/tr>\n            <tr data-row_id=\"210\" class=\"ninja_table_row_5 nt_row_id_210\">\n            <td>Cor (Hazen)<\/td><td>45 m\u00e1x.<\/td>        <\/tr>\n            <tr data-row_id=\"211\" class=\"ninja_table_row_6 nt_row_id_211\">\n            <td>pH<\/td><td>5.5-6.5<\/td>        <\/tr>\n    <\/tbody><!--ninja_tobody_rendering_done-->\n    <\/table>\n    \n    \n    \n<\/div>\n\n<h3>Toliltriazol (TTA) Propriedades:<\/h3>\n<p>Puro <strong>TTA<\/strong> \u00e9 um gr\u00e2nulo ou p\u00f3 branco que \u00e9 composto por uma mistura de 4-metil-benzotriazol e 5-metil-benzotriazol. Tem um ponto de fus\u00e3o entre 80\u00b0C e 86\u00b0C e \u00e9 sol\u00favel em \u00e1lcool, benzeno, tolueno, clorof\u00f3rmio e soda c\u00e1ustica. No entanto, \u00e9 apenas ligeiramente sol\u00favel em \u00e1gua. Os profissionais devem ser meticulosos ao manusear o TTA para garantir o uso seguro.<\/p>\n<h3>Toliltriazol (TTA) Uso:<\/h3>\n<p><strong>TTA<\/strong> \u00e9 usado principalmente como antiferrugem e inibidor de corros\u00e3o para metais como prata, cobre, zinco, chumbo e n\u00edquel. Tamb\u00e9m pode ser usado em produtos de \u00f3leo antiferrugem (sebo), inibidores de corros\u00e3o em fase gasosa de cobre, aditivos lubrificantes, compostos de tratamento de \u00e1gua de ciclo e anticongelante automotivo. Al\u00e9m disso, quando usado com algicida de esteriliza\u00e7\u00e3o de manifold, ele demonstra um impressionante efeito de mitiga\u00e7\u00e3o de corros\u00e3o em sistemas de \u00e1gua de resfriamento de ciclo fechado. \u00c9 necess\u00e1rio profissionalismo e meticulosidade no manuseio <strong>TTA<\/strong> para garantir o uso seguro.<\/p>\n<h3>Pacote e armazenamento:<\/h3>\n<p><strong>TTA<\/strong> devem ser embalados em recipientes selados, de pl\u00e1stico n\u00e3o poroso ou de papel. Deve ser armazenado em local fresco, seco e bem ventilado para evitar contamina\u00e7\u00e3o e aumentar sua vida \u00fatil. O transporte e manuseio devem ser feitos de acordo com as boas pr\u00e1ticas industriais para produtos qu\u00edmicos perigosos. Os profissionais devem tomar todas as precau\u00e7\u00f5es para garantir o transporte, manuseio e armazenamento seguros de <strong>TTA<\/strong>: 25 kg\/saco ou exig\u00eancia dos clientes. F\u00e1cil de molhar, coloque em local arejado, seco, n\u00e3o misture com alimentos e sementes.<\/p>\n<h3>Sin\u00f4nimos:<\/h3>\n<p>TTA;Metilbenzotriazol;Toliltriazol;<\/p>\n<h3>Perguntas frequentes sobre toliltriazol (TTA\u2022Na):<\/h3>\n<p><strong>O que \u00e9 Toliltriazol (TTA\u2022Na)?<\/strong><br \/>\nO toliltriazol (TTA\u2022Na) \u00e9 um s\u00f3lido cristalino branco usado como inibidor de corros\u00e3o. \u00c9 insol\u00favel em \u00e1gua e tem um ponto de fus\u00e3o de 115-116\u00b0C.<\/p>\n<p><strong>Quais s\u00e3o os usos do toliltriazol (TTA\u2022Na)?<\/strong><br \/>\nToliltriazol (TTA\u2022Na) \u00e9 um inibidor de corros\u00e3o em fluidos de usinagem e torres de resfriamento. Tamb\u00e9m \u00e9 usado como aditivo em lubrificantes, graxas e fluidos hidr\u00e1ulicos.<\/p>\n<p><strong>Quais s\u00e3o os efeitos colaterais do toliltriazol (TTA\u2022Na)?<\/strong><br \/>\nO toliltriazol (TTA\u2022Na) \u00e9 considerado um composto de baixa toxicidade e n\u00e3o demonstrou causar efeitos adversos \u00e0 sa\u00fade em humanos. No entanto, estudos em animais mostraram que altas doses de toliltriazol podem causar danos ao f\u00edgado e aos rins.<\/p>\n<p><strong>Como devo armazenar o Toliltriazol (TTA\u2022Na)?<\/strong><br \/>\nO toliltriazol (TTA\u2022Na) deve ser armazenado em local fresco e seco, longe do calor ou de chamas abertas.<\/p>\n<p><a href=\"https:\/\/vcycletech.com\/pt\/inibidor-de-corrosao\/\"><strong>Obtenha a solu\u00e7\u00e3o completa de inibidores de corros\u00e3o.<\/strong><\/a><\/p>","protected":false},"excerpt":{"rendered":"<p><strong>Toliltriazol (TTA)<\/strong> \u00e9 um composto org\u00e2nico com a f\u00f3rmula C6H3N3. \u00c9 um s\u00f3lido branco que \u00e9 sol\u00favel em \u00e1gua e \u00e1lcool. O TTA \u00e9 usado como inibidor de corros\u00e3o, agente antiincrustante e desinfetante. Tamb\u00e9m pode ser usado como inibidor de polimeriza\u00e7\u00e3o, tratamento de sementes e fumigante agr\u00edcola.<br \/>\nAtacado <strong>Toliltriazol (TTA)<\/strong> oferece \u00e0s empresas diversos benef\u00edcios, entre eles:<br \/>\nPre\u00e7o baixo: Oferecemos os melhores pre\u00e7os em <strong>Toliltriazol (TTA)<\/strong>.<br \/>\nProdutos de qualidade: Oferecemos aos nossos clientes somente produtos da mais alta qualidade.<br \/>\nAmpla gama de produtos: Temos uma ampla gama de produtos para voc\u00ea escolher.<br \/>\nEscolha-nos para todos os seus <strong>Toliltriazol (TTA)<\/strong> necessidades e aproveite nossos benef\u00edcios!<\/p>","protected":false},"featured_media":1083,"template":"","meta":{"site-sidebar-layout":"default","site-content-layout":"default","ast-site-content-layout":"default","site-content-style":"default","site-sidebar-style":"default","ast-global-header-display":"","ast-banner-title-visibility":"","ast-main-header-display":"","ast-hfb-above-header-display":"","ast-hfb-below-header-display":"","ast-hfb-mobile-header-display":"","site-post-title":"","ast-breadcrumbs-content":"","ast-featured-img":"","footer-sml-layout":"","ast-disable-related-posts":"","theme-transparent-header-meta":"default","adv-header-id-meta":"","stick-header-meta":"default","header-above-stick-meta":"","header-main-stick-meta":"","header-below-stick-meta":"","astra-migrate-meta-layouts":"default","ast-page-background-enabled":"default","ast-page-background-meta":{"desktop":{"background-color":"","background-image":"","background-repeat":"repeat","background-position":"center center","background-size":"auto","background-attachment":"scroll","background-type":"","background-media":"","overlay-type":"","overlay-color":"","overlay-opacity":"","overlay-gradient":""},"tablet":{"background-color":"","background-image":"","background-repeat":"repeat","background-position":"center center","background-size":"auto","background-attachment":"scroll","background-type":"","background-media":"","overlay-type":"","overlay-color":"","overlay-opacity":"","overlay-gradient":""},"mobile":{"background-color":"","background-image":"","background-repeat":"repeat","background-position":"center center","background-size":"auto","background-attachment":"scroll","background-type":"","background-media":"","overlay-type":"","overlay-color":"","overlay-opacity":"","overlay-gradient":""}},"ast-content-background-meta":{"desktop":{"background-color":"var(--ast-global-color-5)","background-image":"","background-repeat":"repeat","background-position":"center center","background-size":"auto","background-attachment":"scroll","background-type":"","background-media":"","overlay-type":"","overlay-color":"","overlay-opacity":"","overlay-gradient":""},"tablet":{"background-color":"var(--ast-global-color-5)","background-image":"","background-repeat":"repeat","background-position":"center center","background-size":"auto","background-attachment":"scroll","background-type":"","background-media":"","overlay-type":"","overlay-color":"","overlay-opacity":"","overlay-gradient":""},"mobile":{"background-color":"var(--ast-global-color-5)","background-image":"","background-repeat":"repeat","background-position":"center center","background-size":"auto","background-attachment":"scroll","background-type":"","background-media":"","overlay-type":"","overlay-color":"","overlay-opacity":"","overlay-gradient":""}}},"product_brand":[],"product_cat":[30],"product_tag":[],"class_list":{"0":"post-1074","1":"product","2":"type-product","3":"status-publish","4":"has-post-thumbnail","6":"product_cat-corrosion-inhibitors","7":"desktop-align-left","8":"tablet-align-left","9":"mobile-align-left","10":"ast-product-gallery-layout-horizontal-slider","11":"ast-product-tabs-layout-horizontal","13":"first","14":"instock","15":"shipping-taxable","16":"product-type-simple"},"yoast_head":"<!-- This site is optimized with the Yoast SEO Premium plugin v26.3 (Yoast SEO v27.3) - https:\/\/yoast.com\/product\/yoast-seo-premium-wordpress\/ -->\n<title>Tolyltriazole (TTA) - vcycletech<\/title>\n<meta name=\"description\" content=\"Tolyltriazole (TTA) is a chemical compound that has been used for decades in the protection of metal surfaces from corrosion. It forms an invisible protective layer on the metal surface and prevents oxidation. TTA is commonly used in marine, industrial, and automotive applications. It is often added to circulating water systems or sprayed directly onto metal surfaces as a protective barrier.\" \/>\n<meta name=\"robots\" content=\"index, follow, max-snippet:-1, max-image-preview:large, max-video-preview:-1\" \/>\n<link rel=\"canonical\" href=\"https:\/\/vcycletech.com\/pt\/produtos\/toliltriazol-tta\/\" \/>\n<meta property=\"og:locale\" content=\"pt_PT\" \/>\n<meta property=\"og:type\" content=\"article\" \/>\n<meta property=\"og:title\" content=\"Tolyltriazole (TTA)\" \/>\n<meta property=\"og:description\" content=\"Tolyltriazole (TTA) is a chemical compound that has been used for decades in the protection of metal surfaces from corrosion. It forms an invisible protective layer on the metal surface and prevents oxidation. TTA is commonly used in marine, industrial, and automotive applications. It is often added to circulating water systems or sprayed directly onto metal surfaces as a protective barrier.\" \/>\n<meta property=\"og:url\" content=\"https:\/\/vcycletech.com\/pt\/produtos\/toliltriazol-tta\/\" \/>\n<meta property=\"og:site_name\" content=\"vcycletech\" \/>\n<meta property=\"article:modified_time\" content=\"2023-03-21T09:11:29+00:00\" \/>\n<meta property=\"og:image\" content=\"https:\/\/vcycletech.com\/wp-content\/uploads\/2023\/03\/\u672a\u547d\u540d\u7684\u8bbe\u8ba1-1-1.png\" \/>\n\t<meta property=\"og:image:width\" content=\"600\" \/>\n\t<meta property=\"og:image:height\" content=\"600\" \/>\n\t<meta property=\"og:image:type\" content=\"image\/png\" \/>\n<meta name=\"twitter:card\" content=\"summary_large_image\" \/>\n<meta name=\"twitter:label1\" content=\"Tempo estimado de leitura\" \/>\n\t<meta name=\"twitter:data1\" content=\"2 minutos\" \/>\n<script type=\"application\/ld+json\" class=\"yoast-schema-graph\">{\"@context\":\"https:\\\/\\\/schema.org\",\"@graph\":[{\"@type\":\"WebPage\",\"@id\":\"https:\\\/\\\/vcycletech.com\\\/product\\\/tolyltriazole-tta\\\/\",\"url\":\"https:\\\/\\\/vcycletech.com\\\/product\\\/tolyltriazole-tta\\\/\",\"name\":\"Tolyltriazole (TTA) - vcycletech\",\"isPartOf\":{\"@id\":\"https:\\\/\\\/vcycletech.com\\\/#website\"},\"primaryImageOfPage\":{\"@id\":\"https:\\\/\\\/vcycletech.com\\\/product\\\/tolyltriazole-tta\\\/#primaryimage\"},\"image\":{\"@id\":\"https:\\\/\\\/vcycletech.com\\\/product\\\/tolyltriazole-tta\\\/#primaryimage\"},\"thumbnailUrl\":\"https:\\\/\\\/vcycletech.com\\\/wp-content\\\/uploads\\\/2023\\\/03\\\/\u672a\u547d\u540d\u7684\u8bbe\u8ba1-1-1.png\",\"datePublished\":\"2023-03-21T06:04:38+00:00\",\"dateModified\":\"2023-03-21T09:11:29+00:00\",\"description\":\"Tolyltriazole (TTA) is a chemical compound that has been used for decades in the protection of metal surfaces from corrosion. It forms an invisible protective layer on the metal surface and prevents oxidation. TTA is commonly used in marine, industrial, and automotive applications. It is often added to circulating water systems or sprayed directly onto metal surfaces as a protective barrier.\",\"breadcrumb\":{\"@id\":\"https:\\\/\\\/vcycletech.com\\\/product\\\/tolyltriazole-tta\\\/#breadcrumb\"},\"inLanguage\":\"pt-PT\",\"potentialAction\":[{\"@type\":\"ReadAction\",\"target\":[\"https:\\\/\\\/vcycletech.com\\\/product\\\/tolyltriazole-tta\\\/\"]}]},{\"@type\":\"ImageObject\",\"inLanguage\":\"pt-PT\",\"@id\":\"https:\\\/\\\/vcycletech.com\\\/product\\\/tolyltriazole-tta\\\/#primaryimage\",\"url\":\"https:\\\/\\\/vcycletech.com\\\/wp-content\\\/uploads\\\/2023\\\/03\\\/\u672a\u547d\u540d\u7684\u8bbe\u8ba1-1-1.png\",\"contentUrl\":\"https:\\\/\\\/vcycletech.com\\\/wp-content\\\/uploads\\\/2023\\\/03\\\/\u672a\u547d\u540d\u7684\u8bbe\u8ba1-1-1.png\",\"width\":600,\"height\":600,\"caption\":\"Tolyltriazole (TTA)\"},{\"@type\":\"BreadcrumbList\",\"@id\":\"https:\\\/\\\/vcycletech.com\\\/product\\\/tolyltriazole-tta\\\/#breadcrumb\",\"itemListElement\":[{\"@type\":\"ListItem\",\"position\":1,\"name\":\"Home\",\"item\":\"https:\\\/\\\/vcycletech.com\\\/\"},{\"@type\":\"ListItem\",\"position\":2,\"name\":\"Water Treatment Chemicals Manufacturer\",\"item\":\"https:\\\/\\\/vcycletech.com\\\/water-treatment-chemicals-manufacturer\\\/\"},{\"@type\":\"ListItem\",\"position\":3,\"name\":\"Tolyltriazole (TTA)\"}]},{\"@type\":\"WebSite\",\"@id\":\"https:\\\/\\\/vcycletech.com\\\/#website\",\"url\":\"https:\\\/\\\/vcycletech.com\\\/\",\"name\":\"vcycletech\",\"description\":\"China&#039;s top water treatment chemicals supplier\",\"publisher\":{\"@id\":\"https:\\\/\\\/vcycletech.com\\\/#organization\"},\"potentialAction\":[{\"@type\":\"SearchAction\",\"target\":{\"@type\":\"EntryPoint\",\"urlTemplate\":\"https:\\\/\\\/vcycletech.com\\\/?s={search_term_string}\"},\"query-input\":{\"@type\":\"PropertyValueSpecification\",\"valueRequired\":true,\"valueName\":\"search_term_string\"}}],\"inLanguage\":\"pt-PT\"},{\"@type\":\"Organization\",\"@id\":\"https:\\\/\\\/vcycletech.com\\\/#organization\",\"name\":\"vcycletech\",\"url\":\"https:\\\/\\\/vcycletech.com\\\/\",\"logo\":{\"@type\":\"ImageObject\",\"inLanguage\":\"pt-PT\",\"@id\":\"https:\\\/\\\/vcycletech.com\\\/#\\\/schema\\\/logo\\\/image\\\/\",\"url\":\"https:\\\/\\\/vcycletech.com\\\/wp-content\\\/uploads\\\/2023\\\/03\\\/logo-vcycletech-1.png\",\"contentUrl\":\"https:\\\/\\\/vcycletech.com\\\/wp-content\\\/uploads\\\/2023\\\/03\\\/logo-vcycletech-1.png\",\"width\":600,\"height\":400,\"caption\":\"vcycletech\"},\"image\":{\"@id\":\"https:\\\/\\\/vcycletech.com\\\/#\\\/schema\\\/logo\\\/image\\\/\"}}]}<\/script>\n<!-- \/ Yoast SEO Premium plugin. -->","yoast_head_json":{"title":"Toliltriazol (TTA) - vcycletech","description":"O toliltriazol (TTA) \u00e9 um composto qu\u00edmico utilizado h\u00e1 d\u00e9cadas na prote\u00e7\u00e3o de superf\u00edcies met\u00e1licas contra a corros\u00e3o. Forma uma camada protetora invis\u00edvel na superf\u00edcie do metal e evita a oxida\u00e7\u00e3o. O TTA \u00e9 comumente usado em aplica\u00e7\u00f5es mar\u00edtimas, industriais e automotivas. Muitas vezes, \u00e9 adicionado a sistemas de circula\u00e7\u00e3o de \u00e1gua ou pulverizado diretamente em superf\u00edcies met\u00e1licas como uma barreira protetora.","robots":{"index":"index","follow":"follow","max-snippet":"max-snippet:-1","max-image-preview":"max-image-preview:large","max-video-preview":"max-video-preview:-1"},"canonical":"https:\/\/vcycletech.com\/pt\/produtos\/toliltriazol-tta\/","og_locale":"pt_PT","og_type":"article","og_title":"Tolyltriazole (TTA)","og_description":"Tolyltriazole (TTA) is a chemical compound that has been used for decades in the protection of metal surfaces from corrosion. It forms an invisible protective layer on the metal surface and prevents oxidation. TTA is commonly used in marine, industrial, and automotive applications. It is often added to circulating water systems or sprayed directly onto metal surfaces as a protective barrier.","og_url":"https:\/\/vcycletech.com\/pt\/produtos\/toliltriazol-tta\/","og_site_name":"vcycletech","article_modified_time":"2023-03-21T09:11:29+00:00","og_image":[{"width":600,"height":600,"url":"https:\/\/vcycletech.com\/wp-content\/uploads\/2023\/03\/\u672a\u547d\u540d\u7684\u8bbe\u8ba1-1-1.png","type":"image\/png"}],"twitter_card":"summary_large_image","twitter_misc":{"Tempo estimado de leitura":"2 minutos"},"schema":{"@context":"https:\/\/schema.org","@graph":[{"@type":"WebPage","@id":"https:\/\/vcycletech.com\/product\/tolyltriazole-tta\/","url":"https:\/\/vcycletech.com\/product\/tolyltriazole-tta\/","name":"Toliltriazol (TTA) - vcycletech","isPartOf":{"@id":"https:\/\/vcycletech.com\/#website"},"primaryImageOfPage":{"@id":"https:\/\/vcycletech.com\/product\/tolyltriazole-tta\/#primaryimage"},"image":{"@id":"https:\/\/vcycletech.com\/product\/tolyltriazole-tta\/#primaryimage"},"thumbnailUrl":"https:\/\/vcycletech.com\/wp-content\/uploads\/2023\/03\/\u672a\u547d\u540d\u7684\u8bbe\u8ba1-1-1.png","datePublished":"2023-03-21T06:04:38+00:00","dateModified":"2023-03-21T09:11:29+00:00","description":"O toliltriazol (TTA) \u00e9 um composto qu\u00edmico utilizado h\u00e1 d\u00e9cadas na prote\u00e7\u00e3o de superf\u00edcies met\u00e1licas contra a corros\u00e3o. Forma uma camada protetora invis\u00edvel na superf\u00edcie do metal e evita a oxida\u00e7\u00e3o. O TTA \u00e9 comumente usado em aplica\u00e7\u00f5es mar\u00edtimas, industriais e automotivas. Muitas vezes, \u00e9 adicionado a sistemas de circula\u00e7\u00e3o de \u00e1gua ou pulverizado diretamente em superf\u00edcies met\u00e1licas como uma barreira protetora.","breadcrumb":{"@id":"https:\/\/vcycletech.com\/product\/tolyltriazole-tta\/#breadcrumb"},"inLanguage":"pt-PT","potentialAction":[{"@type":"ReadAction","target":["https:\/\/vcycletech.com\/product\/tolyltriazole-tta\/"]}]},{"@type":"ImageObject","inLanguage":"pt-PT","@id":"https:\/\/vcycletech.com\/product\/tolyltriazole-tta\/#primaryimage","url":"https:\/\/vcycletech.com\/wp-content\/uploads\/2023\/03\/\u672a\u547d\u540d\u7684\u8bbe\u8ba1-1-1.png","contentUrl":"https:\/\/vcycletech.com\/wp-content\/uploads\/2023\/03\/\u672a\u547d\u540d\u7684\u8bbe\u8ba1-1-1.png","width":600,"height":600,"caption":"Tolyltriazole (TTA)"},{"@type":"BreadcrumbList","@id":"https:\/\/vcycletech.com\/product\/tolyltriazole-tta\/#breadcrumb","itemListElement":[{"@type":"ListItem","position":1,"name":"Home","item":"https:\/\/vcycletech.com\/"},{"@type":"ListItem","position":2,"name":"Water Treatment Chemicals Manufacturer","item":"https:\/\/vcycletech.com\/water-treatment-chemicals-manufacturer\/"},{"@type":"ListItem","position":3,"name":"Tolyltriazole (TTA)"}]},{"@type":"WebSite","@id":"https:\/\/vcycletech.com\/#website","url":"https:\/\/vcycletech.com\/","name":"vcycletech","description":"China&#039;principal fornecedor de produtos qu\u00edmicos para tratamento de \u00e1gua","publisher":{"@id":"https:\/\/vcycletech.com\/#organization"},"potentialAction":[{"@type":"SearchAction","target":{"@type":"EntryPoint","urlTemplate":"https:\/\/vcycletech.com\/?s={search_term_string}"},"query-input":{"@type":"PropertyValueSpecification","valueRequired":true,"valueName":"search_term_string"}}],"inLanguage":"pt-PT"},{"@type":"Organization","@id":"https:\/\/vcycletech.com\/#organization","name":"vcycletech","url":"https:\/\/vcycletech.com\/","logo":{"@type":"ImageObject","inLanguage":"pt-PT","@id":"https:\/\/vcycletech.com\/#\/schema\/logo\/image\/","url":"https:\/\/vcycletech.com\/wp-content\/uploads\/2023\/03\/logo-vcycletech-1.png","contentUrl":"https:\/\/vcycletech.com\/wp-content\/uploads\/2023\/03\/logo-vcycletech-1.png","width":600,"height":400,"caption":"vcycletech"},"image":{"@id":"https:\/\/vcycletech.com\/#\/schema\/logo\/image\/"}}]}},"_links":{"self":[{"href":"https:\/\/vcycletech.com\/pt\/wp-json\/wp\/v2\/product\/1074","targetHints":{"allow":["GET"]}}],"collection":[{"href":"https:\/\/vcycletech.com\/pt\/wp-json\/wp\/v2\/product"}],"about":[{"href":"https:\/\/vcycletech.com\/pt\/wp-json\/wp\/v2\/types\/product"}],"wp:featuredmedia":[{"embeddable":true,"href":"https:\/\/vcycletech.com\/pt\/wp-json\/wp\/v2\/media\/1083"}],"wp:attachment":[{"href":"https:\/\/vcycletech.com\/pt\/wp-json\/wp\/v2\/media?parent=1074"}],"wp:term":[{"taxonomy":"product_brand","embeddable":true,"href":"https:\/\/vcycletech.com\/pt\/wp-json\/wp\/v2\/product_brand?post=1074"},{"taxonomy":"product_cat","embeddable":true,"href":"https:\/\/vcycletech.com\/pt\/wp-json\/wp\/v2\/product_cat?post=1074"},{"taxonomy":"product_tag","embeddable":true,"href":"https:\/\/vcycletech.com\/pt\/wp-json\/wp\/v2\/product_tag?post=1074"}],"curies":[{"name":"wp","href":"https:\/\/api.w.org\/{rel}","templated":true}]}}