{"id":1059,"date":"2023-03-21T06:02:50","date_gmt":"2023-03-21T06:02:50","guid":{"rendered":"https:\/\/vcycletech.com\/?post_type=product&#038;p=1059"},"modified":"2023-03-24T03:34:39","modified_gmt":"2023-03-24T03:34:39","slug":"thpc","status":"publish","type":"product","link":"https:\/\/vcycletech.com\/pt\/produtos\/thpc\/","title":{"rendered":"Cloreto de Tetraquis-Hidroximetil Fosf\u00f4nio (THPC)"},"content":{"rendered":"<h3 id=\"structural20formula_1\" class=\"xsj_heading_hash xsj_heading xsj_heading_h3\" data-source-line=\"0\" data-source-line-display=\"true\"><span class=\"xsj_heading_content\">F\u00f3rmula estrutural:<\/span><\/h3>\n<p><img fetchpriority=\"high\" decoding=\"async\" class=\"alignnone size-full wp-image-1077\" src=\"https:\/\/vcycletech.com\/wp-content\/uploads\/2023\/03\/\u672a\u547d\u540d\u7684\u8bbe\u8ba1-13.png\" alt=\"Cloreto de Tetraquis-Hidroximetil Fosf\u00f4nio (THPC)\" width=\"600\" height=\"400\" srcset=\"https:\/\/vcycletech.com\/wp-content\/uploads\/2023\/03\/\u672a\u547d\u540d\u7684\u8bbe\u8ba1-13.png 600w, https:\/\/vcycletech.com\/wp-content\/uploads\/2023\/03\/\u672a\u547d\u540d\u7684\u8bbe\u8ba1-13-300x200.png 300w\" sizes=\"(max-width: 600px) 100vw, 600px\" \/><\/p>\n<p class=\"xsj_paragraph xsj_paragraph_level_0\" data-source-line=\"2\" data-source-line-display=\"true\">CAS #: 124-64-1<br \/>\nEINECS #: 204-707-7<br \/>\nF\u00f3rmula molecular: C4H12CIO4S<\/p>\n<h3>Propriedades:<\/h3>\n<p>O principal benef\u00edcio do THPC \u00e9 sua baixa toxicidade, o que o torna seguro para uso em humanos, animais e plantas. Isso o torna ideal para muitas aplica\u00e7\u00f5es industriais, como retardantes de fogo e biocidas, onde podem existir materiais perigosos. Al\u00e9m disso, sua r\u00e1pida degrada\u00e7\u00e3o ambiental garante que n\u00e3o se acumule ou persista no meio ambiente, tornando-se uma solu\u00e7\u00e3o segura para aplica\u00e7\u00f5es de longo prazo sem medo de contamina\u00e7\u00e3o ou polui\u00e7\u00e3o. Por fim, o THPC exibe excelente solubilidade em solu\u00e7\u00f5es org\u00e2nicas e aquosas devido \u00e0s suas propriedades de quatro coordenadas como sal de fosf\u00f4nio.<\/p>\n<h2 id=\"applications_2\" class=\"xsj_heading_hash xsj_heading xsj_heading_h2\" data-source-line=\"6\" data-source-line-display=\"true\"><span class=\"xsj_heading_content\">Formul\u00e1rios<\/span><\/h2>\n<p class=\"xsj_paragraph xsj_paragraph_level_0\" data-source-line=\"7\" data-source-line-display=\"true\">O THPC pode ser usado em v\u00e1rios setores com enorme efici\u00eancia. Como um material retardador de fogo eficaz para a produ\u00e7\u00e3o t\u00eaxtil, o THPC reduz a inflamabilidade sem comprometer a integridade do tecido ou a firmeza da cor durante o uso. Este composto vers\u00e1til tamb\u00e9m pode controlar o crescimento microbiano em sistemas de \u00e1gua; como um microbiocida ativo, ele pode erradicar bact\u00e9rias rapidamente, sendo relativamente seguro o suficiente para n\u00e3o afetar adversamente os seres humanos ou a vida selvagem. Finalmente, o THPC tamb\u00e9m pode ser usado como um desinfetante eficaz contra germes e v\u00edrus sem deixar res\u00edduos ou odores indesejados devido aos seus baixos n\u00edveis de toxicidade.<\/p>\n<h3>Especifica\u00e7\u00e3o<\/h3>\n<div id=\"footable_parent_1014\" class=\"footable_parent ninja_table_wrapper wp_table_data_press_parent semantic_ui\">\n<table>\n<tbody>\n<tr>\n<td width=\"204\">Cloreto de tetraquis(hidroximetil)fosf\u00f4nio, 80%<\/td>\n<td width=\"315\"><\/td>\n<\/tr>\n<tr>\n<td width=\"204\">N\u00famero de produto<\/td>\n<td width=\"315\">SMC Global 651<\/td>\n<\/tr>\n<tr>\n<td width=\"204\">Conte\u00fado Ativo, wt.%<\/td>\n<td width=\"315\">80,0 \u2013 82,50<\/td>\n<\/tr>\n<tr>\n<td width=\"204\">Teor de F\u00f3sforo, wt.%<\/td>\n<td width=\"315\">13,0 \u2013 13,4<\/td>\n<\/tr>\n<tr>\n<td width=\"204\">pH<\/td>\n<td width=\"315\">3,0 \u2013 5,0<\/td>\n<\/tr>\n<tr>\n<td width=\"204\">Gravidade Espec\u00edfica (25\u00b0C)<\/td>\n<td width=\"315\">1.32 \u2013 1.35<\/td>\n<\/tr>\n<\/tbody>\n<\/table>\n<h2 id=\"faqs_3\" class=\"xsj_heading_hash xsj_heading xsj_heading_h2\" data-source-line=\"9\" data-source-line-display=\"true\"><span class=\"xsj_heading_content\">perguntas frequentes<\/span><\/h2>\n<div class=\"xiaoshujiang_element xsj_anchor\"><a class=\"blank_anchor_name\" name=\"q20is20tetrakis-hydroxymethyl20phosphonium20chloride20toxic_4\"><\/a><a id=\"q20is20tetrakis-hydroxymethyl20phosphonium20chloride20toxic_4\" class=\"blank_anchor_id\"><\/a><a class=\"blank_anchor_name\" name=\"q-is-tetrakis-hydroxymethyl-phosphonium-chloride-toxic\"><\/a><a id=\"q-is-tetrakis-hydroxymethyl-phosphonium-chloride-toxic\" class=\"blank_anchor_id\"><\/a><\/div>\n<h3 id=\"q20is20tetrakis-hydroxymethyl20phosphonium20chloride20toxic_4\" class=\"xsj_heading_hash xsj_heading xsj_heading_h3\" data-source-line=\"11\" data-source-line-display=\"true\"><span class=\"xsj_heading_content\">P: Cloreto de Tetrakis-Hidroximetil Fosf\u00f4nio \u00e9 t\u00f3xico?<\/span><\/h3>\n<p class=\"xsj_paragraph xsj_paragraph_level_0\" data-source-line=\"13\" data-source-line-display=\"true\">R: N\u00e3o \u2013 THPC apresenta n\u00edveis de toxicidade extremamente baixos, tornando-o seguro para humanos e animais.<\/p>\n<div class=\"xiaoshujiang_element xsj_anchor\"><a class=\"blank_anchor_name\" name=\"q20how20quickly20does20thcp20break20down20in20the20environment_5\"><\/a><a id=\"q20how20quickly20does20thcp20break20down20in20the20environment_5\" class=\"blank_anchor_id\"><\/a><a class=\"blank_anchor_name\" name=\"q-how-quickly-does-thcp-break-down-in-the-environment\"><\/a><a id=\"q-how-quickly-does-thcp-break-down-in-the-environment\" class=\"blank_anchor_id\"><\/a><\/div>\n<h3 id=\"q20how20quickly20does20thcp20break20down20in20the20environment_5\" class=\"xsj_heading_hash xsj_heading xsj_heading_h3\" data-source-line=\"15\" data-source-line-display=\"true\"><span class=\"xsj_heading_content\">P: Com que rapidez o THCP se decomp\u00f5e no ambiente?<\/span><\/h3>\n<p class=\"xsj_paragraph xsj_paragraph_level_0\" data-source-line=\"17\" data-source-line-display=\"true\">R: Muito rapidamente \u2013 devido \u00e0s suas r\u00e1pidas taxas de degrada\u00e7\u00e3o, o THCP n\u00e3o se acumula ou persiste no meio ambiente, o que significa que n\u00e3o h\u00e1 preocupa\u00e7\u00e3o com contamina\u00e7\u00e3o ou polui\u00e7\u00e3o pelo uso prolongado.<\/p>\n<div class=\"xiaoshujiang_element xsj_anchor\"><a class=\"blank_anchor_name\" name=\"q20what20are20some20industrial20applications20of20tetrakis-hydroxymethyl20phosphonium20chloride_6\"><\/a><a id=\"q20what20are20some20industrial20applications20of20tetrakis-hydroxymethyl20phosphonium20chloride_6\" class=\"blank_anchor_id\"><\/a><a class=\"blank_anchor_name\" name=\"q-what-are-some-industrial-applications-of-tetrakis-hydroxymethyl-phosphonium-chloride\"><\/a><a id=\"q-what-are-some-industrial-applications-of-tetrakis-hydroxymethyl-phosphonium-chloride\" class=\"blank_anchor_id\"><\/a><\/div>\n<h3 id=\"q20what20are20some20industrial20applications20of20tetrakis-hydroxymethyl20phosphonium20chloride_6\" class=\"xsj_heading_hash xsj_heading xsj_heading_h3\" data-source-line=\"19\" data-source-line-display=\"true\"><span class=\"xsj_heading_content\">P: Quais s\u00e3o algumas aplica\u00e7\u00f5es industriais do Cloreto de Tetrakis-Hidroximetil Fosf\u00f4nio?<\/span><\/h3>\n<p class=\"xsj_paragraph xsj_paragraph_level_0\" data-source-line=\"21\" data-source-line-display=\"true\">R: Como um material retardador de fogo eficaz para a produ\u00e7\u00e3o de t\u00eaxteis e uma solu\u00e7\u00e3o de controle de micro biocida ativo para sistemas de \u00e1gua; al\u00e9m disso, este composto vers\u00e1til pode ser usado como desinfetante contra germes e v\u00edrus com seguran\u00e7a, sem deixar res\u00edduos ou odores indesejados.<\/p>\n<div class=\"xiaoshujiang_element xsj_anchor\"><a class=\"blank_anchor_name\" name=\"q20does20tetrakis-hydroxymethyl20phosphonium20chloride20have20four-coordinate20properties_7\"><\/a><a id=\"q20does20tetrakis-hydroxymethyl20phosphonium20chloride20have20four-coordinate20properties_7\" class=\"blank_anchor_id\"><\/a><a class=\"blank_anchor_name\" name=\"q-does-tetrakis-hydroxymethyl-phosphonium-chloride-have-four-coordinate-properties\"><\/a><a id=\"q-does-tetrakis-hydroxymethyl-phosphonium-chloride-have-four-coordinate-properties\" class=\"blank_anchor_id\"><\/a><\/div>\n<h3 id=\"q20does20tetrakis-hydroxymethyl20phosphonium20chloride20have20four-coordinate20properties_7\" class=\"xsj_heading_hash xsj_heading xsj_heading_h3\" data-source-line=\"23\" data-source-line-display=\"true\"><span class=\"xsj_heading_content\">P: Cloreto de tetraquis-hidroximetil fosf\u00f4nio tem propriedades de quatro coordenadas?<\/span><\/h3>\n<p class=\"xsj_paragraph xsj_paragraph_level_0\" data-source-line=\"25\" data-source-line-display=\"true\">R: Sim \u2013 como a maioria dos sais de fosf\u00f4nio, este material inovador exibe excelente solubilidade em solu\u00e7\u00f5es org\u00e2nicas e aquosas devido \u00e0 sua estrutura de quatro coordenadas, o que lhe confere estabilidade superior em rela\u00e7\u00e3o aos sais comuns sozinhos.<\/p>\n<p class=\"xsj_paragraph xsj_paragraph_level_0\" data-source-line=\"28\" data-source-line-display=\"true\"><a class=\"xsj_link xsj_manu_link\" href=\"https:\/\/vcycletech.com\/pt\/biocida-e-algicida\/\">Obtenha a solu\u00e7\u00e3o completa de biocida e algicida<\/a>.<\/p>\n<p>&nbsp;<\/p>\n<\/div>","protected":false},"excerpt":{"rendered":"<p>Vcycletech`s Tetrakis-Hydroxymethyl Phosphonium Chloride (<strong>THPC<\/strong>) is a versatile and innovative product that offers tremendous benefits in multiple industries. It boasts low toxicity, the rapid breakdown of the environment and almost no bioaccumulation with its chemical formula [P(CH2OH)4]Cl. Possessing four-coordinate properties typical for phosphonium salts, this product can be used as both an effective fire retardant material and an active micro biocide in commercial\/industrial water systems. With its many advantages, THPC is quickly becoming a go-to choice for businesses looking to improve safety and efficiency. Contact vcycletech today to learn more about this groundbreaking solution!<\/p>\n","protected":false},"featured_media":1080,"template":"","meta":{"site-sidebar-layout":"default","site-content-layout":"default","ast-site-content-layout":"default","site-content-style":"default","site-sidebar-style":"default","ast-global-header-display":"","ast-banner-title-visibility":"","ast-main-header-display":"","ast-hfb-above-header-display":"","ast-hfb-below-header-display":"","ast-hfb-mobile-header-display":"","site-post-title":"","ast-breadcrumbs-content":"","ast-featured-img":"","footer-sml-layout":"","ast-disable-related-posts":"","theme-transparent-header-meta":"default","adv-header-id-meta":"","stick-header-meta":"default","header-above-stick-meta":"","header-main-stick-meta":"","header-below-stick-meta":"","astra-migrate-meta-layouts":"default","ast-page-background-enabled":"default","ast-page-background-meta":{"desktop":{"background-color":"","background-image":"","background-repeat":"repeat","background-position":"center center","background-size":"auto","background-attachment":"scroll","background-type":"","background-media":"","overlay-type":"","overlay-color":"","overlay-opacity":"","overlay-gradient":""},"tablet":{"background-color":"","background-image":"","background-repeat":"repeat","background-position":"center center","background-size":"auto","background-attachment":"scroll","background-type":"","background-media":"","overlay-type":"","overlay-color":"","overlay-opacity":"","overlay-gradient":""},"mobile":{"background-color":"","background-image":"","background-repeat":"repeat","background-position":"center center","background-size":"auto","background-attachment":"scroll","background-type":"","background-media":"","overlay-type":"","overlay-color":"","overlay-opacity":"","overlay-gradient":""}},"ast-content-background-meta":{"desktop":{"background-color":"var(--ast-global-color-5)","background-image":"","background-repeat":"repeat","background-position":"center center","background-size":"auto","background-attachment":"scroll","background-type":"","background-media":"","overlay-type":"","overlay-color":"","overlay-opacity":"","overlay-gradient":""},"tablet":{"background-color":"var(--ast-global-color-5)","background-image":"","background-repeat":"repeat","background-position":"center center","background-size":"auto","background-attachment":"scroll","background-type":"","background-media":"","overlay-type":"","overlay-color":"","overlay-opacity":"","overlay-gradient":""},"mobile":{"background-color":"var(--ast-global-color-5)","background-image":"","background-repeat":"repeat","background-position":"center center","background-size":"auto","background-attachment":"scroll","background-type":"","background-media":"","overlay-type":"","overlay-color":"","overlay-opacity":"","overlay-gradient":""}}},"product_brand":[],"product_cat":[29],"product_tag":[],"class_list":{"0":"post-1059","1":"product","2":"type-product","3":"status-publish","4":"has-post-thumbnail","6":"product_cat-biocide-and-algicide","7":"desktop-align-left","8":"tablet-align-left","9":"mobile-align-left","10":"ast-product-gallery-layout-horizontal-slider","11":"ast-product-gallery-with-no-image","12":"ast-product-tabs-layout-horizontal","14":"first","15":"instock","16":"shipping-taxable","17":"product-type-simple"},"yoast_head":"<!-- This site is optimized with the Yoast SEO Premium plugin v26.3 (Yoast SEO v27.3) - https:\/\/yoast.com\/product\/yoast-seo-premium-wordpress\/ -->\n<title>Tetrakis-Hydroxymethyl Phosphonium Chloride (THPC) - vcycletech<\/title>\n<meta name=\"description\" content=\"Get the low toxicity, rapid breakdown and no\/little bioaccumulation you need with Tetrakis(hydroxymethyl) phosphonium chloride (THPC)! Make P(CH2OH)4Cl part of your chemical formula today.\" \/>\n<meta name=\"robots\" content=\"index, follow, max-snippet:-1, max-image-preview:large, max-video-preview:-1\" \/>\n<link rel=\"canonical\" href=\"https:\/\/vcycletech.com\/pt\/produtos\/thpc\/\" \/>\n<meta property=\"og:locale\" content=\"pt_PT\" \/>\n<meta property=\"og:type\" content=\"article\" \/>\n<meta property=\"og:title\" content=\"Tetrakis-Hydroxymethyl Phosphonium Chloride (THPC)\" \/>\n<meta property=\"og:description\" content=\"Get the low toxicity, rapid breakdown and no\/little bioaccumulation you need with Tetrakis(hydroxymethyl) phosphonium chloride (THPC)! Make P(CH2OH)4Cl part of your chemical formula today.\" \/>\n<meta property=\"og:url\" content=\"https:\/\/vcycletech.com\/pt\/produtos\/thpc\/\" \/>\n<meta property=\"og:site_name\" content=\"vcycletech\" \/>\n<meta property=\"article:modified_time\" content=\"2023-03-24T03:34:39+00:00\" \/>\n<meta property=\"og:image\" content=\"https:\/\/vcycletech.com\/wp-content\/uploads\/2023\/03\/Tetrakishydroxymethylphosphonium-sulfate-THPS-1-e1679628873131.png\" \/>\n\t<meta property=\"og:image:width\" content=\"600\" \/>\n\t<meta property=\"og:image:height\" content=\"600\" \/>\n\t<meta property=\"og:image:type\" content=\"image\/png\" \/>\n<meta name=\"twitter:card\" content=\"summary_large_image\" \/>\n<meta name=\"twitter:label1\" content=\"Tempo estimado de leitura\" \/>\n\t<meta name=\"twitter:data1\" content=\"2 minutos\" \/>\n<script type=\"application\/ld+json\" class=\"yoast-schema-graph\">{\"@context\":\"https:\\\/\\\/schema.org\",\"@graph\":[{\"@type\":\"WebPage\",\"@id\":\"https:\\\/\\\/vcycletech.com\\\/product\\\/thpc\\\/\",\"url\":\"https:\\\/\\\/vcycletech.com\\\/product\\\/thpc\\\/\",\"name\":\"Tetrakis-Hydroxymethyl Phosphonium Chloride (THPC) - vcycletech\",\"isPartOf\":{\"@id\":\"https:\\\/\\\/vcycletech.com\\\/#website\"},\"primaryImageOfPage\":{\"@id\":\"https:\\\/\\\/vcycletech.com\\\/product\\\/thpc\\\/#primaryimage\"},\"image\":{\"@id\":\"https:\\\/\\\/vcycletech.com\\\/product\\\/thpc\\\/#primaryimage\"},\"thumbnailUrl\":\"https:\\\/\\\/vcycletech.com\\\/wp-content\\\/uploads\\\/2023\\\/03\\\/Tetrakishydroxymethylphosphonium-sulfate-THPS-1-e1679628873131.png\",\"datePublished\":\"2023-03-21T06:02:50+00:00\",\"dateModified\":\"2023-03-24T03:34:39+00:00\",\"description\":\"Get the low toxicity, rapid breakdown and no\\\/little bioaccumulation you need with Tetrakis(hydroxymethyl) phosphonium chloride (THPC)! Make P(CH2OH)4Cl part of your chemical formula today.\",\"breadcrumb\":{\"@id\":\"https:\\\/\\\/vcycletech.com\\\/product\\\/thpc\\\/#breadcrumb\"},\"inLanguage\":\"pt-PT\",\"potentialAction\":[{\"@type\":\"ReadAction\",\"target\":[\"https:\\\/\\\/vcycletech.com\\\/product\\\/thpc\\\/\"]}]},{\"@type\":\"ImageObject\",\"inLanguage\":\"pt-PT\",\"@id\":\"https:\\\/\\\/vcycletech.com\\\/product\\\/thpc\\\/#primaryimage\",\"url\":\"https:\\\/\\\/vcycletech.com\\\/wp-content\\\/uploads\\\/2023\\\/03\\\/Tetrakishydroxymethylphosphonium-sulfate-THPS-1-e1679628873131.png\",\"contentUrl\":\"https:\\\/\\\/vcycletech.com\\\/wp-content\\\/uploads\\\/2023\\\/03\\\/Tetrakishydroxymethylphosphonium-sulfate-THPS-1-e1679628873131.png\",\"width\":600,\"height\":600,\"caption\":\"Tetrakis-Hydroxymethyl Phosphonium Chloride (THPC)\"},{\"@type\":\"BreadcrumbList\",\"@id\":\"https:\\\/\\\/vcycletech.com\\\/product\\\/thpc\\\/#breadcrumb\",\"itemListElement\":[{\"@type\":\"ListItem\",\"position\":1,\"name\":\"Home\",\"item\":\"https:\\\/\\\/vcycletech.com\\\/\"},{\"@type\":\"ListItem\",\"position\":2,\"name\":\"Water Treatment Chemicals Manufacturer\",\"item\":\"https:\\\/\\\/vcycletech.com\\\/water-treatment-chemicals-manufacturer\\\/\"},{\"@type\":\"ListItem\",\"position\":3,\"name\":\"Tetrakis-Hydroxymethyl Phosphonium Chloride (THPC)\"}]},{\"@type\":\"WebSite\",\"@id\":\"https:\\\/\\\/vcycletech.com\\\/#website\",\"url\":\"https:\\\/\\\/vcycletech.com\\\/\",\"name\":\"vcycletech\",\"description\":\"China&#039;s top water treatment chemicals supplier\",\"publisher\":{\"@id\":\"https:\\\/\\\/vcycletech.com\\\/#organization\"},\"potentialAction\":[{\"@type\":\"SearchAction\",\"target\":{\"@type\":\"EntryPoint\",\"urlTemplate\":\"https:\\\/\\\/vcycletech.com\\\/?s={search_term_string}\"},\"query-input\":{\"@type\":\"PropertyValueSpecification\",\"valueRequired\":true,\"valueName\":\"search_term_string\"}}],\"inLanguage\":\"pt-PT\"},{\"@type\":\"Organization\",\"@id\":\"https:\\\/\\\/vcycletech.com\\\/#organization\",\"name\":\"vcycletech\",\"url\":\"https:\\\/\\\/vcycletech.com\\\/\",\"logo\":{\"@type\":\"ImageObject\",\"inLanguage\":\"pt-PT\",\"@id\":\"https:\\\/\\\/vcycletech.com\\\/#\\\/schema\\\/logo\\\/image\\\/\",\"url\":\"https:\\\/\\\/vcycletech.com\\\/wp-content\\\/uploads\\\/2023\\\/03\\\/logo-vcycletech-1.png\",\"contentUrl\":\"https:\\\/\\\/vcycletech.com\\\/wp-content\\\/uploads\\\/2023\\\/03\\\/logo-vcycletech-1.png\",\"width\":600,\"height\":400,\"caption\":\"vcycletech\"},\"image\":{\"@id\":\"https:\\\/\\\/vcycletech.com\\\/#\\\/schema\\\/logo\\\/image\\\/\"}}]}<\/script>\n<!-- \/ Yoast SEO Premium plugin. -->","yoast_head_json":{"title":"Cloreto de Tetraquis-Hidroximetil Fosf\u00f4nio (THPC) - vcycletech","description":"Obtenha a baixa toxicidade, degrada\u00e7\u00e3o r\u00e1pida e nenhuma\/pouca bioacumula\u00e7\u00e3o que voc\u00ea precisa com cloreto de fosf\u00f4nio Tetrakis (hidroximetil) (THPC)! Torne o P(CH2OH)4Cl parte de sua f\u00f3rmula qu\u00edmica hoje.","robots":{"index":"index","follow":"follow","max-snippet":"max-snippet:-1","max-image-preview":"max-image-preview:large","max-video-preview":"max-video-preview:-1"},"canonical":"https:\/\/vcycletech.com\/pt\/produtos\/thpc\/","og_locale":"pt_PT","og_type":"article","og_title":"Tetrakis-Hydroxymethyl Phosphonium Chloride (THPC)","og_description":"Get the low toxicity, rapid breakdown and no\/little bioaccumulation you need with Tetrakis(hydroxymethyl) phosphonium chloride (THPC)! Make P(CH2OH)4Cl part of your chemical formula today.","og_url":"https:\/\/vcycletech.com\/pt\/produtos\/thpc\/","og_site_name":"vcycletech","article_modified_time":"2023-03-24T03:34:39+00:00","og_image":[{"width":600,"height":600,"url":"https:\/\/vcycletech.com\/wp-content\/uploads\/2023\/03\/Tetrakishydroxymethylphosphonium-sulfate-THPS-1-e1679628873131.png","type":"image\/png"}],"twitter_card":"summary_large_image","twitter_misc":{"Tempo estimado de leitura":"2 minutos"},"schema":{"@context":"https:\/\/schema.org","@graph":[{"@type":"WebPage","@id":"https:\/\/vcycletech.com\/product\/thpc\/","url":"https:\/\/vcycletech.com\/product\/thpc\/","name":"Cloreto de Tetraquis-Hidroximetil Fosf\u00f4nio (THPC) - vcycletech","isPartOf":{"@id":"https:\/\/vcycletech.com\/#website"},"primaryImageOfPage":{"@id":"https:\/\/vcycletech.com\/product\/thpc\/#primaryimage"},"image":{"@id":"https:\/\/vcycletech.com\/product\/thpc\/#primaryimage"},"thumbnailUrl":"https:\/\/vcycletech.com\/wp-content\/uploads\/2023\/03\/Tetrakishydroxymethylphosphonium-sulfate-THPS-1-e1679628873131.png","datePublished":"2023-03-21T06:02:50+00:00","dateModified":"2023-03-24T03:34:39+00:00","description":"Obtenha a baixa toxicidade, degrada\u00e7\u00e3o r\u00e1pida e nenhuma\/pouca bioacumula\u00e7\u00e3o que voc\u00ea precisa com cloreto de fosf\u00f4nio Tetrakis (hidroximetil) (THPC)! Torne o P(CH2OH)4Cl parte de sua f\u00f3rmula qu\u00edmica hoje.","breadcrumb":{"@id":"https:\/\/vcycletech.com\/product\/thpc\/#breadcrumb"},"inLanguage":"pt-PT","potentialAction":[{"@type":"ReadAction","target":["https:\/\/vcycletech.com\/product\/thpc\/"]}]},{"@type":"ImageObject","inLanguage":"pt-PT","@id":"https:\/\/vcycletech.com\/product\/thpc\/#primaryimage","url":"https:\/\/vcycletech.com\/wp-content\/uploads\/2023\/03\/Tetrakishydroxymethylphosphonium-sulfate-THPS-1-e1679628873131.png","contentUrl":"https:\/\/vcycletech.com\/wp-content\/uploads\/2023\/03\/Tetrakishydroxymethylphosphonium-sulfate-THPS-1-e1679628873131.png","width":600,"height":600,"caption":"Tetrakis-Hydroxymethyl Phosphonium Chloride (THPC)"},{"@type":"BreadcrumbList","@id":"https:\/\/vcycletech.com\/product\/thpc\/#breadcrumb","itemListElement":[{"@type":"ListItem","position":1,"name":"Home","item":"https:\/\/vcycletech.com\/"},{"@type":"ListItem","position":2,"name":"Water Treatment Chemicals Manufacturer","item":"https:\/\/vcycletech.com\/water-treatment-chemicals-manufacturer\/"},{"@type":"ListItem","position":3,"name":"Tetrakis-Hydroxymethyl Phosphonium Chloride (THPC)"}]},{"@type":"WebSite","@id":"https:\/\/vcycletech.com\/#website","url":"https:\/\/vcycletech.com\/","name":"vcycletech","description":"China&#039;principal fornecedor de produtos qu\u00edmicos para tratamento de \u00e1gua","publisher":{"@id":"https:\/\/vcycletech.com\/#organization"},"potentialAction":[{"@type":"SearchAction","target":{"@type":"EntryPoint","urlTemplate":"https:\/\/vcycletech.com\/?s={search_term_string}"},"query-input":{"@type":"PropertyValueSpecification","valueRequired":true,"valueName":"search_term_string"}}],"inLanguage":"pt-PT"},{"@type":"Organization","@id":"https:\/\/vcycletech.com\/#organization","name":"vcycletech","url":"https:\/\/vcycletech.com\/","logo":{"@type":"ImageObject","inLanguage":"pt-PT","@id":"https:\/\/vcycletech.com\/#\/schema\/logo\/image\/","url":"https:\/\/vcycletech.com\/wp-content\/uploads\/2023\/03\/logo-vcycletech-1.png","contentUrl":"https:\/\/vcycletech.com\/wp-content\/uploads\/2023\/03\/logo-vcycletech-1.png","width":600,"height":400,"caption":"vcycletech"},"image":{"@id":"https:\/\/vcycletech.com\/#\/schema\/logo\/image\/"}}]}},"_links":{"self":[{"href":"https:\/\/vcycletech.com\/pt\/wp-json\/wp\/v2\/product\/1059","targetHints":{"allow":["GET"]}}],"collection":[{"href":"https:\/\/vcycletech.com\/pt\/wp-json\/wp\/v2\/product"}],"about":[{"href":"https:\/\/vcycletech.com\/pt\/wp-json\/wp\/v2\/types\/product"}],"wp:featuredmedia":[{"embeddable":true,"href":"https:\/\/vcycletech.com\/pt\/wp-json\/wp\/v2\/media\/1080"}],"wp:attachment":[{"href":"https:\/\/vcycletech.com\/pt\/wp-json\/wp\/v2\/media?parent=1059"}],"wp:term":[{"taxonomy":"product_brand","embeddable":true,"href":"https:\/\/vcycletech.com\/pt\/wp-json\/wp\/v2\/product_brand?post=1059"},{"taxonomy":"product_cat","embeddable":true,"href":"https:\/\/vcycletech.com\/pt\/wp-json\/wp\/v2\/product_cat?post=1059"},{"taxonomy":"product_tag","embeddable":true,"href":"https:\/\/vcycletech.com\/pt\/wp-json\/wp\/v2\/product_tag?post=1059"}],"curies":[{"name":"wp","href":"https:\/\/api.w.org\/{rel}","templated":true}]}}