{"id":1041,"date":"2023-03-21T02:32:12","date_gmt":"2023-03-21T02:32:12","guid":{"rendered":"https:\/\/vcycletech.com\/?post_type=product&#038;p=1041"},"modified":"2023-03-24T03:36:18","modified_gmt":"2023-03-24T03:36:18","slug":"acido-tricloroisocianurico-tcca","status":"publish","type":"product","link":"https:\/\/vcycletech.com\/pt\/produtos\/acido-tricloroisocianurico-tcca\/","title":{"rendered":"\u00c1cido Tricloroisocian\u00farico (TCCA)"},"content":{"rendered":"<h3 id=\"structural20formula_1\" class=\"xsj_heading_hash xsj_heading xsj_heading_h3\" data-source-line=\"0\" data-source-line-display=\"true\"><span class=\"xsj_heading_content\">F\u00f3rmula estrutural:<\/span><\/h3>\n<p><img fetchpriority=\"high\" decoding=\"async\" class=\"alignnone size-full wp-image-1051\" src=\"https:\/\/vcycletech.com\/wp-content\/uploads\/2023\/03\/\u672a\u547d\u540d\u7684\u8bbe\u8ba1-11.png\" alt=\"\u00c1cido Tricloroisocian\u00farico (TCCA)\" width=\"500\" height=\"500\" srcset=\"https:\/\/vcycletech.com\/wp-content\/uploads\/2023\/03\/\u672a\u547d\u540d\u7684\u8bbe\u8ba1-11.png 500w, https:\/\/vcycletech.com\/wp-content\/uploads\/2023\/03\/\u672a\u547d\u540d\u7684\u8bbe\u8ba1-11-100x100.png 100w, https:\/\/vcycletech.com\/wp-content\/uploads\/2023\/03\/\u672a\u547d\u540d\u7684\u8bbe\u8ba1-11-300x300.png 300w, https:\/\/vcycletech.com\/wp-content\/uploads\/2023\/03\/\u672a\u547d\u540d\u7684\u8bbe\u8ba1-11-150x150.png 150w\" sizes=\"(max-width: 500px) 100vw, 500px\" \/><\/p>\n<p class=\"xsj_paragraph xsj_paragraph_level_0\" data-source-line=\"2\" data-source-line-display=\"true\">N\u00ba CAS 87-90-1<br \/>\nHS NO:2933.6922<br \/>\nF\u00f3rmula molecular: C3N3O3Cl3<br \/>\nPeso molecular: 232,44<\/p>\n<h3>Propriedades:<\/h3>\n<p>O TCCA \u00e9 geralmente vendido na forma granular s\u00f3lida, o que pode ser uma escolha econ\u00f4mica quando comparado \u00e0s alternativas l\u00edquidas. Al\u00e9m de ser um desinfetante f\u00e1cil de usar que oferece resultados r\u00e1pidos com o m\u00ednimo de esfor\u00e7o, sua efic\u00e1cia continua mesmo quando misturado com poeira e part\u00edculas de sujeira.<\/p>\n<p>O TCCA tamb\u00e9m \u00e9 muito sol\u00favel em \u00e1gua, o que o torna uma op\u00e7\u00e3o ideal para uso em caixas d&#039;\u00e1gua e piscinas, al\u00e9m de proporcionar uma r\u00e1pida desinfec\u00e7\u00e3o sem deixar res\u00edduos irritantes em superf\u00edcies ou tecidos. Al\u00e9m disso, n\u00e3o corr\u00f3i metais ou outros materiais como muitos outros desinfetantes, o que o torna uma \u00f3tima op\u00e7\u00e3o para uso prolongado.<\/p>\n<h3 id=\"applications_2\" class=\"xsj_heading_hash xsj_heading xsj_heading_h3\" data-source-line=\"8\" data-source-line-display=\"true\"><span class=\"xsj_heading_content\">Formul\u00e1rios<\/span><\/h3>\n<p class=\"xsj_paragraph xsj_paragraph_level_0\" data-source-line=\"10\" data-source-line-display=\"true\">O TCCA \u00e9 adequado para uso interno e externo devido \u00e0 sua versatilidade e recursos f\u00e1ceis de usar. Pode ser usado em superf\u00edcies duras, como bancadas ou pisos de cozinha, bem como em superf\u00edcies macias, como len\u00e7\u00f3is e toalhas, sem causar danos ou descolora\u00e7\u00e3o. Tamb\u00e9m pode ser usado em m\u00e1quinas de lavar roupas e lava-lou\u00e7as ap\u00f3s cada ciclo para mant\u00ea-las livres de germes.<\/p>\n<p class=\"xsj_paragraph xsj_paragraph_level_0\" data-source-line=\"12\" data-source-line-display=\"true\">Em termos de aplica\u00e7\u00f5es de saneamento de \u00e1gua, este composto pode ser usado em piscinas e aqu\u00e1rios para garantir a boa qualidade da \u00e1gua, evitando a prolifera\u00e7\u00e3o de algas. Tamb\u00e9m \u00e9 amplamente utilizado para desinfetar tanques de \u00e1gua pot\u00e1vel, pois n\u00e3o afeta o equil\u00edbrio do pH da \u00e1gua nem deixa res\u00edduos irritantes como alguns outros produtos podem fazer.<\/p>\n<h2>Especifica\u00e7\u00e3o<\/h2>\n<div id=\"footable_parent_1014\" class=\"footable_parent ninja_table_wrapper wp_table_data_press_parent semantic_ui\">\n<table style=\"height: 239px;\" width=\"1000\">\n<tbody>\n<tr>\n<td width=\"204\">Unid<\/td>\n<td width=\"315\">\u00cdndice<\/td>\n<\/tr>\n<tr>\n<td>Cloro dispon\u00edvel<\/td>\n<td>90% min<\/td>\n<\/tr>\n<tr>\n<td>pH (solu\u00e7\u00e3o de \u00e1gua 1%)<\/td>\n<td>2.7~3.3<\/td>\n<\/tr>\n<tr>\n<td>Umidade<\/td>\n<td>0,5% m\u00e1x.<\/td>\n<\/tr>\n<\/tbody>\n<\/table>\n<\/div>\n<h2 id=\"faqs_3\" class=\"xsj_heading_hash xsj_heading xsj_heading_h2\" data-source-line=\"10\" data-source-line-display=\"true\"><span class=\"xsj_heading_content\">perguntas frequentes<\/span><\/h2>\n<div class=\"xiaoshujiang_element xsj_anchor\"><a class=\"blank_anchor_name\" name=\"q20how20do20i20use20trichloroisocyanuric20acid20tcca_4\"><\/a><a id=\"q20how20do20i20use20trichloroisocyanuric20acid20tcca_4\" class=\"blank_anchor_id\"><\/a><a class=\"blank_anchor_name\" name=\"q-how-do-i-use-trichloroisocyanuric-acid-tcca\"><\/a><a id=\"q-how-do-i-use-trichloroisocyanuric-acid-tcca\" class=\"blank_anchor_id\"><\/a><\/div>\n<h3 id=\"q20how20do20i20use20trichloroisocyanuric20acid20tcca_4\" class=\"xsj_heading_hash xsj_heading xsj_heading_h3\" data-source-line=\"12\" data-source-line-display=\"true\"><span class=\"xsj_heading_content\">P: Como fa\u00e7o para usar o \u00e1cido tricloroisocian\u00farico (TCCA)?<\/span><\/h3>\n<p class=\"xsj_paragraph xsj_paragraph_level_0\" data-source-line=\"14\" data-source-line-display=\"true\">R: Dependendo da aplica\u00e7\u00e3o que voc\u00ea requer do TCCA, voc\u00ea precisar\u00e1 preparar uma solu\u00e7\u00e3o de acordo com as instru\u00e7\u00f5es fornecidas pelo fabricante, dependendo do tipo de superf\u00edcie que voc\u00ea est\u00e1 tratando ou quanta \u00e1gua voc\u00ea est\u00e1 tomando banho\/bebendo\/usando em seu piscina\/aqu\u00e1rio, etc. Depois de preparar o n\u00edvel de concentra\u00e7\u00e3o desejado de acordo (conforme recomendado), basta aplic\u00e1-lo diretamente na superf\u00edcie desejada usando um pincel\/esfreg\u00e3o\/spray\/esponja etc., dependendo do que funciona melhor para a sua escolha aplicativo.<\/p>\n<div class=\"xiaoshujiang_element xsj_anchor\"><a class=\"blank_anchor_name\" name=\"q20is20trichloroisocyanuric20acid20tcca20dangerous_5\"><\/a><a id=\"q20is20trichloroisocyanuric20acid20tcca20dangerous_5\" class=\"blank_anchor_id\"><\/a><a class=\"blank_anchor_name\" name=\"q-is-trichloroisocyanuric-acid-tcca-dangerous\"><\/a><a id=\"q-is-trichloroisocyanuric-acid-tcca-dangerous\" class=\"blank_anchor_id\"><\/a><\/div>\n<h3 id=\"q20is20trichloroisocyanuric20acid20tcca20dangerous_5\" class=\"xsj_heading_hash xsj_heading xsj_heading_h3\" data-source-line=\"16\" data-source-line-display=\"true\"><span class=\"xsj_heading_content\">P: O \u00e1cido tricloroisocian\u00farico (TCCA) \u00e9 perigoso?<\/span><\/h3>\n<p class=\"xsj_paragraph xsj_paragraph_level_0\" data-source-line=\"18\" data-source-line-display=\"true\">R: Embora o contato moderado com TCCA n\u00e3o deva causar nenhum dano, a exposi\u00e7\u00e3o excessiva pode levar \u00e0 irrita\u00e7\u00e3o dos olhos e da pele se n\u00e3o for protegida durante o uso, por isso recomendamos o uso de itens de vestu\u00e1rio de prote\u00e7\u00e3o, como luvas, \u00f3culos ou m\u00e1scaras faciais ao manusear esta subst\u00e2ncia ou solu\u00e7\u00f5es de pulveriza\u00e7\u00e3o feitas dele diretamente para voc\u00ea ou para os espectadores pr\u00f3ximos enquanto estiver trabalhando com ele. Para garantir a m\u00e1xima seguran\u00e7a em todos os momentos, sugerimos que todos os usu\u00e1rios sigam cuidadosamente as orienta\u00e7\u00f5es do fabricante antes de come\u00e7ar a trabalhar com este produto.<\/p>\n<div class=\"xiaoshujiang_element xsj_anchor\"><a class=\"blank_anchor_name\" name=\"q20does20trichloroisocyanuric20acid20tcca20have20a20shelf20life_6\"><\/a><a id=\"q20does20trichloroisocyanuric20acid20tcca20have20a20shelf20life_6\" class=\"blank_anchor_id\"><\/a><a class=\"blank_anchor_name\" name=\"q-does-trichloroisocyanuric-acid-tcca-have-a-shelf-life\"><\/a><a id=\"q-does-trichloroisocyanuric-acid-tcca-have-a-shelf-life\" class=\"blank_anchor_id\"><\/a><\/div>\n<h3 id=\"q20does20trichloroisocyanuric20acid20tcca20have20a20shelf20life_6\" class=\"xsj_heading_hash xsj_heading xsj_heading_h3\" data-source-line=\"20\" data-source-line-display=\"true\"><span class=\"xsj_heading_content\">P: O \u00e1cido tricloroisocian\u00farico (TCCA) tem prazo de validade?<\/span><\/h3>\n<p class=\"xsj_paragraph xsj_paragraph_level_0\" data-source-line=\"22\" data-source-line-display=\"true\">R: Sim! Embora o TCCa n\u00e3o expire rapidamente ap\u00f3s a abertura, como alguns outros produtos tamb\u00e9m, \u00e9 sempre uma pr\u00e1tica recomendada armazenar esta subst\u00e2ncia longe de fontes de calor e Em locais frescos e secos, de prefer\u00eancia longe da luz solar direta, porque esses fatores tamb\u00e9m causam degrada\u00e7\u00e3o. Os ingredientes ativos tccas, se expostos por longos per\u00edodos fora do tempo, levam a n\u00edveis de desempenho muito reduzidos ao longo do tempo.<\/p>\n<div class=\"xiaoshujiang_element xsj_anchor\"><a class=\"blank_anchor_name\" name=\"q20how20often20should20i20use20trichloroisocyanuric20acid20tcca_7\"><\/a><a id=\"q20how20often20should20i20use20trichloroisocyanuric20acid20tcca_7\" class=\"blank_anchor_id\"><\/a><a class=\"blank_anchor_name\" name=\"q-how-often-should-i-use-trichloroisocyanuric-acid-tcca\"><\/a><a id=\"q-how-often-should-i-use-trichloroisocyanuric-acid-tcca\" class=\"blank_anchor_id\"><\/a><\/div>\n<h3 id=\"q20how20often20should20i20use20trichloroisocyanuric20acid20tcca_7\" class=\"xsj_heading_hash xsj_heading xsj_heading_h3\" data-source-line=\"24\" data-source-line-display=\"true\"><span class=\"xsj_heading_content\">P: Com que frequ\u00eancia devo usar o \u00e1cido tricloroisocian\u00farico (TCCA)?<\/span><\/h3>\n<p class=\"xsj_paragraph xsj_paragraph_level_0\" data-source-line=\"26\" data-source-line-display=\"true\">R: Dependendo do tipo de aplica\u00e7\u00e3o que voc\u00ea est\u00e1 usando para tcca, a frequ\u00eancia de uso provavelmente variar\u00e1: Por exemplo, se usar este produto regularmente em \u00e1reas de prepara\u00e7\u00e3o de alimentos, ser\u00e1 necess\u00e1ria uma higieniza\u00e7\u00e3o di\u00e1ria regular? Considerando que, se aplicar tcca tamb\u00e9m manter as piscinas limpas, doses semanais podem ser suficientes. Dito isso, \u00e9 importante tamb\u00e9m verificar as diretrizes dos fabricantes sobre as dosagens recomendadas por aplica\u00e7\u00e3o antes de continuar.<\/p>\n<p class=\"xsj_paragraph xsj_paragraph_level_0\" data-source-line=\"9\" data-source-line-display=\"true\"><a class=\"xsj_link xsj_manu_link\" href=\"https:\/\/vcycletech.com\/pt\/biocida-e-algicida\/\">Obtenha a solu\u00e7\u00e3o completa de biocida e algicida<\/a><\/p>","protected":false},"excerpt":{"rendered":"<p>Procurando um desinfetante confi\u00e1vel e eficiente? N\u00e3o procure mais do que <strong>\u00e1cido tricloroisocian\u00farico, <\/strong>ou<strong> TCCA<\/strong>. Este composto org\u00e2nico tem um amplo espectro de usos, desde a desinfec\u00e7\u00e3o de \u00e1gua pot\u00e1vel at\u00e9 o encolhimento de roupas. Ele supera o hipoclorito de s\u00f3dio em termos de taxa de elimina\u00e7\u00e3o de bact\u00e9rias, o que o torna essencial para estabelecimentos como restaurantes ou hot\u00e9is e instala\u00e7\u00f5es m\u00e9dicas como hospitais em todo o mundo. A vcycletech oferece a melhor porcelana TCCA, para que voc\u00ea tenha certeza de que est\u00e1 adquirindo o produto de qualidade de que precisa. Pe\u00e7a agora e sinta a diferen\u00e7a!<\/p>","protected":false},"featured_media":1052,"template":"","meta":{"site-sidebar-layout":"default","site-content-layout":"default","ast-site-content-layout":"default","site-content-style":"default","site-sidebar-style":"default","ast-global-header-display":"","ast-banner-title-visibility":"","ast-main-header-display":"","ast-hfb-above-header-display":"","ast-hfb-below-header-display":"","ast-hfb-mobile-header-display":"","site-post-title":"","ast-breadcrumbs-content":"","ast-featured-img":"","footer-sml-layout":"","ast-disable-related-posts":"","theme-transparent-header-meta":"default","adv-header-id-meta":"","stick-header-meta":"default","header-above-stick-meta":"","header-main-stick-meta":"","header-below-stick-meta":"","astra-migrate-meta-layouts":"default","ast-page-background-enabled":"default","ast-page-background-meta":{"desktop":{"background-color":"","background-image":"","background-repeat":"repeat","background-position":"center center","background-size":"auto","background-attachment":"scroll","background-type":"","background-media":"","overlay-type":"","overlay-color":"","overlay-opacity":"","overlay-gradient":""},"tablet":{"background-color":"","background-image":"","background-repeat":"repeat","background-position":"center center","background-size":"auto","background-attachment":"scroll","background-type":"","background-media":"","overlay-type":"","overlay-color":"","overlay-opacity":"","overlay-gradient":""},"mobile":{"background-color":"","background-image":"","background-repeat":"repeat","background-position":"center center","background-size":"auto","background-attachment":"scroll","background-type":"","background-media":"","overlay-type":"","overlay-color":"","overlay-opacity":"","overlay-gradient":""}},"ast-content-background-meta":{"desktop":{"background-color":"var(--ast-global-color-5)","background-image":"","background-repeat":"repeat","background-position":"center center","background-size":"auto","background-attachment":"scroll","background-type":"","background-media":"","overlay-type":"","overlay-color":"","overlay-opacity":"","overlay-gradient":""},"tablet":{"background-color":"var(--ast-global-color-5)","background-image":"","background-repeat":"repeat","background-position":"center center","background-size":"auto","background-attachment":"scroll","background-type":"","background-media":"","overlay-type":"","overlay-color":"","overlay-opacity":"","overlay-gradient":""},"mobile":{"background-color":"var(--ast-global-color-5)","background-image":"","background-repeat":"repeat","background-position":"center center","background-size":"auto","background-attachment":"scroll","background-type":"","background-media":"","overlay-type":"","overlay-color":"","overlay-opacity":"","overlay-gradient":""}}},"product_brand":[],"product_cat":[29],"product_tag":[],"class_list":{"0":"post-1041","1":"product","2":"type-product","3":"status-publish","4":"has-post-thumbnail","6":"product_cat-biocide-and-algicide","7":"desktop-align-left","8":"tablet-align-left","9":"mobile-align-left","10":"ast-product-gallery-layout-horizontal-slider","11":"ast-product-gallery-with-no-image","12":"ast-product-tabs-layout-horizontal","14":"first","15":"instock","16":"shipping-taxable","17":"product-type-simple"},"yoast_head":"<!-- This site is optimized with the Yoast SEO Premium plugin v26.3 (Yoast SEO v27.5) - https:\/\/yoast.com\/product\/yoast-seo-premium-wordpress\/ -->\n<title>Trichloroisocyanuric Acid (TCCA) - vcycletech<\/title>\n<meta name=\"description\" content=\"Need to disinfect drinking water and prevent shrinkage? Get maximum efficacy and safety with Trichloroisocyanuric Acid (TCCA)! This organic compound offers a broad spectrum of highly efficient uses that make it ideal for keeping your drinking water safe - get the protection you need with TCCA!\" \/>\n<meta name=\"robots\" content=\"index, follow, max-snippet:-1, max-image-preview:large, max-video-preview:-1\" \/>\n<link rel=\"canonical\" href=\"https:\/\/vcycletech.com\/pt\/produtos\/acido-tricloroisocianurico-tcca\/\" \/>\n<meta property=\"og:locale\" content=\"pt_PT\" \/>\n<meta property=\"og:type\" content=\"article\" \/>\n<meta property=\"og:title\" content=\"Trichloroisocyanuric Acid (TCCA)\" \/>\n<meta property=\"og:description\" content=\"Need to disinfect drinking water and prevent shrinkage? Get maximum efficacy and safety with Trichloroisocyanuric Acid (TCCA)! This organic compound offers a broad spectrum of highly efficient uses that make it ideal for keeping your drinking water safe - get the protection you need with TCCA!\" \/>\n<meta property=\"og:url\" content=\"https:\/\/vcycletech.com\/pt\/produtos\/acido-tricloroisocianurico-tcca\/\" \/>\n<meta property=\"og:site_name\" content=\"vcycletech\" \/>\n<meta property=\"article:modified_time\" content=\"2023-03-24T03:36:18+00:00\" \/>\n<meta property=\"og:image\" content=\"https:\/\/vcycletech.com\/wp-content\/uploads\/2023\/03\/Trichloroisocyanuric-AcidTCCA-e1679628971228.png\" \/>\n\t<meta property=\"og:image:width\" content=\"600\" \/>\n\t<meta property=\"og:image:height\" content=\"600\" \/>\n\t<meta property=\"og:image:type\" content=\"image\/png\" \/>\n<meta name=\"twitter:card\" content=\"summary_large_image\" \/>\n<meta name=\"twitter:label1\" content=\"Tempo estimado de leitura\" \/>\n\t<meta name=\"twitter:data1\" content=\"3 minutos\" \/>\n<script type=\"application\/ld+json\" class=\"yoast-schema-graph\">{\"@context\":\"https:\\\/\\\/schema.org\",\"@graph\":[{\"@type\":\"WebPage\",\"@id\":\"https:\\\/\\\/vcycletech.com\\\/product\\\/trichloroisocyanuric-acid-tcca\\\/\",\"url\":\"https:\\\/\\\/vcycletech.com\\\/product\\\/trichloroisocyanuric-acid-tcca\\\/\",\"name\":\"Trichloroisocyanuric Acid (TCCA) - vcycletech\",\"isPartOf\":{\"@id\":\"https:\\\/\\\/vcycletech.com\\\/#website\"},\"primaryImageOfPage\":{\"@id\":\"https:\\\/\\\/vcycletech.com\\\/product\\\/trichloroisocyanuric-acid-tcca\\\/#primaryimage\"},\"image\":{\"@id\":\"https:\\\/\\\/vcycletech.com\\\/product\\\/trichloroisocyanuric-acid-tcca\\\/#primaryimage\"},\"thumbnailUrl\":\"https:\\\/\\\/vcycletech.com\\\/wp-content\\\/uploads\\\/2023\\\/03\\\/Trichloroisocyanuric-AcidTCCA-e1679628971228.png\",\"datePublished\":\"2023-03-21T02:32:12+00:00\",\"dateModified\":\"2023-03-24T03:36:18+00:00\",\"description\":\"Need to disinfect drinking water and prevent shrinkage? Get maximum efficacy and safety with Trichloroisocyanuric Acid (TCCA)! This organic compound offers a broad spectrum of highly efficient uses that make it ideal for keeping your drinking water safe - get the protection you need with TCCA!\",\"breadcrumb\":{\"@id\":\"https:\\\/\\\/vcycletech.com\\\/product\\\/trichloroisocyanuric-acid-tcca\\\/#breadcrumb\"},\"inLanguage\":\"pt-PT\",\"potentialAction\":[{\"@type\":\"ReadAction\",\"target\":[\"https:\\\/\\\/vcycletech.com\\\/product\\\/trichloroisocyanuric-acid-tcca\\\/\"]}]},{\"@type\":\"ImageObject\",\"inLanguage\":\"pt-PT\",\"@id\":\"https:\\\/\\\/vcycletech.com\\\/product\\\/trichloroisocyanuric-acid-tcca\\\/#primaryimage\",\"url\":\"https:\\\/\\\/vcycletech.com\\\/wp-content\\\/uploads\\\/2023\\\/03\\\/Trichloroisocyanuric-AcidTCCA-e1679628971228.png\",\"contentUrl\":\"https:\\\/\\\/vcycletech.com\\\/wp-content\\\/uploads\\\/2023\\\/03\\\/Trichloroisocyanuric-AcidTCCA-e1679628971228.png\",\"width\":600,\"height\":600,\"caption\":\"Trichloroisocyanuric Acid (TCCA)\"},{\"@type\":\"BreadcrumbList\",\"@id\":\"https:\\\/\\\/vcycletech.com\\\/product\\\/trichloroisocyanuric-acid-tcca\\\/#breadcrumb\",\"itemListElement\":[{\"@type\":\"ListItem\",\"position\":1,\"name\":\"Home\",\"item\":\"https:\\\/\\\/vcycletech.com\\\/\"},{\"@type\":\"ListItem\",\"position\":2,\"name\":\"Water Treatment Chemicals Manufacturer\",\"item\":\"https:\\\/\\\/vcycletech.com\\\/water-treatment-chemicals-manufacturer\\\/\"},{\"@type\":\"ListItem\",\"position\":3,\"name\":\"Trichloroisocyanuric Acid (TCCA)\"}]},{\"@type\":\"WebSite\",\"@id\":\"https:\\\/\\\/vcycletech.com\\\/#website\",\"url\":\"https:\\\/\\\/vcycletech.com\\\/\",\"name\":\"vcycletech\",\"description\":\"China&#039;s top water treatment chemicals supplier\",\"publisher\":{\"@id\":\"https:\\\/\\\/vcycletech.com\\\/#organization\"},\"potentialAction\":[{\"@type\":\"SearchAction\",\"target\":{\"@type\":\"EntryPoint\",\"urlTemplate\":\"https:\\\/\\\/vcycletech.com\\\/?s={search_term_string}\"},\"query-input\":{\"@type\":\"PropertyValueSpecification\",\"valueRequired\":true,\"valueName\":\"search_term_string\"}}],\"inLanguage\":\"pt-PT\"},{\"@type\":\"Organization\",\"@id\":\"https:\\\/\\\/vcycletech.com\\\/#organization\",\"name\":\"vcycletech\",\"url\":\"https:\\\/\\\/vcycletech.com\\\/\",\"logo\":{\"@type\":\"ImageObject\",\"inLanguage\":\"pt-PT\",\"@id\":\"https:\\\/\\\/vcycletech.com\\\/#\\\/schema\\\/logo\\\/image\\\/\",\"url\":\"https:\\\/\\\/vcycletech.com\\\/wp-content\\\/uploads\\\/2023\\\/03\\\/logo-vcycletech-1.png\",\"contentUrl\":\"https:\\\/\\\/vcycletech.com\\\/wp-content\\\/uploads\\\/2023\\\/03\\\/logo-vcycletech-1.png\",\"width\":600,\"height\":400,\"caption\":\"vcycletech\"},\"image\":{\"@id\":\"https:\\\/\\\/vcycletech.com\\\/#\\\/schema\\\/logo\\\/image\\\/\"}}]}<\/script>\n<!-- \/ Yoast SEO Premium plugin. -->","yoast_head_json":{"title":"\u00c1cido Tricloroisocian\u00farico (TCCA) - vcycletech","description":"Precisa desinfetar a \u00e1gua pot\u00e1vel e evitar o encolhimento? Obtenha m\u00e1xima efic\u00e1cia e seguran\u00e7a com \u00c1cido Tricloroisocian\u00farico (TCCA)! Este composto org\u00e2nico oferece um amplo espectro de usos altamente eficientes que o tornam ideal para manter sua \u00e1gua pot\u00e1vel segura - obtenha a prote\u00e7\u00e3o que voc\u00ea precisa com TCCA!","robots":{"index":"index","follow":"follow","max-snippet":"max-snippet:-1","max-image-preview":"max-image-preview:large","max-video-preview":"max-video-preview:-1"},"canonical":"https:\/\/vcycletech.com\/pt\/produtos\/acido-tricloroisocianurico-tcca\/","og_locale":"pt_PT","og_type":"article","og_title":"Trichloroisocyanuric Acid (TCCA)","og_description":"Need to disinfect drinking water and prevent shrinkage? Get maximum efficacy and safety with Trichloroisocyanuric Acid (TCCA)! This organic compound offers a broad spectrum of highly efficient uses that make it ideal for keeping your drinking water safe - get the protection you need with TCCA!","og_url":"https:\/\/vcycletech.com\/pt\/produtos\/acido-tricloroisocianurico-tcca\/","og_site_name":"vcycletech","article_modified_time":"2023-03-24T03:36:18+00:00","og_image":[{"width":600,"height":600,"url":"https:\/\/vcycletech.com\/wp-content\/uploads\/2023\/03\/Trichloroisocyanuric-AcidTCCA-e1679628971228.png","type":"image\/png"}],"twitter_card":"summary_large_image","twitter_misc":{"Tempo estimado de leitura":"3 minutos"},"schema":{"@context":"https:\/\/schema.org","@graph":[{"@type":"WebPage","@id":"https:\/\/vcycletech.com\/product\/trichloroisocyanuric-acid-tcca\/","url":"https:\/\/vcycletech.com\/product\/trichloroisocyanuric-acid-tcca\/","name":"\u00c1cido Tricloroisocian\u00farico (TCCA) - vcycletech","isPartOf":{"@id":"https:\/\/vcycletech.com\/#website"},"primaryImageOfPage":{"@id":"https:\/\/vcycletech.com\/product\/trichloroisocyanuric-acid-tcca\/#primaryimage"},"image":{"@id":"https:\/\/vcycletech.com\/product\/trichloroisocyanuric-acid-tcca\/#primaryimage"},"thumbnailUrl":"https:\/\/vcycletech.com\/wp-content\/uploads\/2023\/03\/Trichloroisocyanuric-AcidTCCA-e1679628971228.png","datePublished":"2023-03-21T02:32:12+00:00","dateModified":"2023-03-24T03:36:18+00:00","description":"Precisa desinfetar a \u00e1gua pot\u00e1vel e evitar o encolhimento? Obtenha m\u00e1xima efic\u00e1cia e seguran\u00e7a com \u00c1cido Tricloroisocian\u00farico (TCCA)! Este composto org\u00e2nico oferece um amplo espectro de usos altamente eficientes que o tornam ideal para manter sua \u00e1gua pot\u00e1vel segura - obtenha a prote\u00e7\u00e3o que voc\u00ea precisa com TCCA!","breadcrumb":{"@id":"https:\/\/vcycletech.com\/product\/trichloroisocyanuric-acid-tcca\/#breadcrumb"},"inLanguage":"pt-PT","potentialAction":[{"@type":"ReadAction","target":["https:\/\/vcycletech.com\/product\/trichloroisocyanuric-acid-tcca\/"]}]},{"@type":"ImageObject","inLanguage":"pt-PT","@id":"https:\/\/vcycletech.com\/product\/trichloroisocyanuric-acid-tcca\/#primaryimage","url":"https:\/\/vcycletech.com\/wp-content\/uploads\/2023\/03\/Trichloroisocyanuric-AcidTCCA-e1679628971228.png","contentUrl":"https:\/\/vcycletech.com\/wp-content\/uploads\/2023\/03\/Trichloroisocyanuric-AcidTCCA-e1679628971228.png","width":600,"height":600,"caption":"Trichloroisocyanuric Acid (TCCA)"},{"@type":"BreadcrumbList","@id":"https:\/\/vcycletech.com\/product\/trichloroisocyanuric-acid-tcca\/#breadcrumb","itemListElement":[{"@type":"ListItem","position":1,"name":"Home","item":"https:\/\/vcycletech.com\/"},{"@type":"ListItem","position":2,"name":"Water Treatment Chemicals Manufacturer","item":"https:\/\/vcycletech.com\/water-treatment-chemicals-manufacturer\/"},{"@type":"ListItem","position":3,"name":"Trichloroisocyanuric Acid (TCCA)"}]},{"@type":"WebSite","@id":"https:\/\/vcycletech.com\/#website","url":"https:\/\/vcycletech.com\/","name":"vcycletech","description":"China&#039;principal fornecedor de produtos qu\u00edmicos para tratamento de \u00e1gua","publisher":{"@id":"https:\/\/vcycletech.com\/#organization"},"potentialAction":[{"@type":"SearchAction","target":{"@type":"EntryPoint","urlTemplate":"https:\/\/vcycletech.com\/?s={search_term_string}"},"query-input":{"@type":"PropertyValueSpecification","valueRequired":true,"valueName":"search_term_string"}}],"inLanguage":"pt-PT"},{"@type":"Organization","@id":"https:\/\/vcycletech.com\/#organization","name":"vcycletech","url":"https:\/\/vcycletech.com\/","logo":{"@type":"ImageObject","inLanguage":"pt-PT","@id":"https:\/\/vcycletech.com\/#\/schema\/logo\/image\/","url":"https:\/\/vcycletech.com\/wp-content\/uploads\/2023\/03\/logo-vcycletech-1.png","contentUrl":"https:\/\/vcycletech.com\/wp-content\/uploads\/2023\/03\/logo-vcycletech-1.png","width":600,"height":400,"caption":"vcycletech"},"image":{"@id":"https:\/\/vcycletech.com\/#\/schema\/logo\/image\/"}}]}},"_links":{"self":[{"href":"https:\/\/vcycletech.com\/pt\/wp-json\/wp\/v2\/product\/1041","targetHints":{"allow":["GET"]}}],"collection":[{"href":"https:\/\/vcycletech.com\/pt\/wp-json\/wp\/v2\/product"}],"about":[{"href":"https:\/\/vcycletech.com\/pt\/wp-json\/wp\/v2\/types\/product"}],"wp:featuredmedia":[{"embeddable":true,"href":"https:\/\/vcycletech.com\/pt\/wp-json\/wp\/v2\/media\/1052"}],"wp:attachment":[{"href":"https:\/\/vcycletech.com\/pt\/wp-json\/wp\/v2\/media?parent=1041"}],"wp:term":[{"taxonomy":"product_brand","embeddable":true,"href":"https:\/\/vcycletech.com\/pt\/wp-json\/wp\/v2\/product_brand?post=1041"},{"taxonomy":"product_cat","embeddable":true,"href":"https:\/\/vcycletech.com\/pt\/wp-json\/wp\/v2\/product_cat?post=1041"},{"taxonomy":"product_tag","embeddable":true,"href":"https:\/\/vcycletech.com\/pt\/wp-json\/wp\/v2\/product_tag?post=1041"}],"curies":[{"name":"wp","href":"https:\/\/api.w.org\/{rel}","templated":true}]}}