{"id":1039,"date":"2023-03-21T01:58:08","date_gmt":"2023-03-21T01:58:08","guid":{"rendered":"https:\/\/vcycletech.com\/?post_type=product&#038;p=1039"},"modified":"2023-03-21T06:15:46","modified_gmt":"2023-03-21T06:15:46","slug":"copolimero-de-acido-acrilico-acido-maleico","status":"publish","type":"product","link":"https:\/\/vcycletech.com\/pt\/produtos\/copolimero-de-acido-acrilico-acido-maleico\/","title":{"rendered":"Copol\u00edmero de \u00e1cido maleico de \u00e1cido acr\u00edlico (MA\/AA)"},"content":{"rendered":"<h3>N\u00ba CAS 26677-99-6<\/h3>\n<h3 class=\"fzs\">F\u00f3rmula estrutural:<\/h3>\n<p><img fetchpriority=\"high\" decoding=\"async\" class=\"alignnone size-full wp-image-1063\" src=\"https:\/\/vcycletech.com\/wp-content\/uploads\/2023\/03\/Structural-Formula-5.png\" alt=\"F\u00f3rmula estrutural do copol\u00edmero de \u00e1cido maleico de \u00e1cido acr\u00edlico (MA\/AA)\" width=\"1400\" height=\"450\" srcset=\"https:\/\/vcycletech.com\/wp-content\/uploads\/2023\/03\/Structural-Formula-5.png 1400w, https:\/\/vcycletech.com\/wp-content\/uploads\/2023\/03\/Structural-Formula-5-600x193.png 600w, https:\/\/vcycletech.com\/wp-content\/uploads\/2023\/03\/Structural-Formula-5-300x96.png 300w, https:\/\/vcycletech.com\/wp-content\/uploads\/2023\/03\/Structural-Formula-5-1024x329.png 1024w, https:\/\/vcycletech.com\/wp-content\/uploads\/2023\/03\/Structural-Formula-5-768x247.png 768w\" sizes=\"(max-width: 1400px) 100vw, 1400px\" \/><\/p>\n<h3>Propriedades do copol\u00edmero de \u00e1cido maleico de \u00e1cido acr\u00edlico:<\/h3>\n<p><strong>Copol\u00edmero de \u00c1cido Maleico e Acr\u00edlico<\/strong> \u00e9 um polieletr\u00f3lito de baixo peso molecular que oferece excelente desempenho de dispersante contra carbonato e excelente inibi\u00e7\u00e3o de incrusta\u00e7\u00f5es para fosfato. Este copol\u00edmero possui not\u00e1vel estabilidade t\u00e9rmica, permitindo que seja utilizado em ambientes agressivos com temperaturas de at\u00e9 300 \u2103. Al\u00e9m disso, sua compatibilidade com outros agentes abre mais possibilidades de uso.<\/p>\n<p>Devido a essas propriedades, o Copol\u00edmero de \u00c1cido Maleico e Acr\u00edlico \u00e9 amplamente utilizado em caldeiras de baixa press\u00e3o, sistemas de aquecimento centralizado, ar condicionado centralizado e sistemas de resfriamento circulante. Al\u00e9m disso, este copol\u00edmero tamb\u00e9m pode ser utilizado como dispersante quelante nas ind\u00fastrias de tecelagem e tinturaria.<\/p>\n<h3>Especifica\u00e7\u00e3o:<\/h3>\n<div id=\"footable_parent_1076\"\n         class=\"footable_parent ninja_table_wrapper loading_ninja_table wp_table_data_press_parent semantic_ui\">\n                <table data-ninja_table_instance=\"ninja_table_instance_0\" data-footable_id=\"1076\" data-filter-delay=\"1000\" aria-label=\"Copol\u00edmero de \u00e1cido maleico de \u00e1cido acr\u00edlico.csv\"            id=\"footable_1076\"\n           data-unique_identifier=\"ninja_table_unique_id_3192523012_1076\"\n           class=\"foo-table ninja_footable foo_table_1076 ninja_table_unique_id_3192523012_1076 ui table  nt_type_legacy_table selectable striped vertical_centered  footable-paging-right ninja_table_pro\">\n                <colgroup>\n                            <col class=\"ninja_column_0\">\n                            <col class=\"ninja_column_1\">\n                    <\/colgroup>\n        <thead>\n<tr class=\"footable-header\">\n                                        <th scope=\"col\"  class=\"ninja_column_0 ninja_clmn_nm_tems\">itens<\/th><th scope=\"col\"  class=\"ninja_column_1 ninja_clmn_nm_index\">\u00cdndice<\/th><\/tr>\n<\/thead>\n<tbody>\n\n        <tr data-row_id=\"200\" class=\"ninja_table_row_0 nt_row_id_200\">\n            <td>Apar\u00eancia<\/td><td>L\u00edquido transparente umber<\/td>        <\/tr>\n            <tr data-row_id=\"201\" class=\"ninja_table_row_1 nt_row_id_201\">\n            <td>Conte\u00fado s\u00f3lido %<\/td><td>48,0 minutos<\/td>        <\/tr>\n            <tr data-row_id=\"202\" class=\"ninja_table_row_2 nt_row_id_202\">\n            <td>Mon\u00f4mero livre (como MA) %<\/td><td>5,0 m\u00e1x.<\/td>        <\/tr>\n            <tr data-row_id=\"203\" class=\"ninja_table_row_3 nt_row_id_203\">\n            <td>Densidade (20 \u2103) g\/cm3<\/td><td>1,20 min<\/td>        <\/tr>\n            <tr data-row_id=\"204\" class=\"ninja_table_row_4 nt_row_id_204\">\n            <td>pH (solu\u00e7\u00e3o de \u00e1gua 1%)<\/td><td>2.0~3.0<\/td>        <\/tr>\n    <\/tbody><!--ninja_tobody_rendering_done-->\n    <\/table>\n    \n    \n    \n<\/div>\n\n<h3>Uso MA\/AA:<\/h3>\n<p><strong>Copol\u00edmero de \u00c1cido Maleico e Acr\u00edlico<\/strong> \u00e9 uma escolha eficaz para sistemas de circula\u00e7\u00e3o de \u00e1gua fria, caldeiras de m\u00e9dia ou baixa press\u00e3o e sistemas de destila\u00e7\u00e3o que frequentemente experimentam altas temperaturas. Pode ser usado sozinho ou em combina\u00e7\u00e3o com outros fosfatos org\u00e2nicos para melhorar o desempenho, com uma dosagem recomendada de 2-10mg\/L. Sua efic\u00e1cia como detergente para tecidos e tingimentos e acess\u00f3rios deve ser determinada por experimentos para maximizar os resultados.<\/p>\n<h3>perguntas frequentes<\/h3>\n<p><img decoding=\"async\" class=\"alignnone size-full wp-image-1079\" src=\"https:\/\/vcycletech.com\/wp-content\/uploads\/2023\/03\/1-25.png\" alt=\"Copol\u00edmero de \u00e1cido maleico de \u00e1cido acr\u00edlico (MA\/AA)\" width=\"600\" height=\"600\" srcset=\"https:\/\/vcycletech.com\/wp-content\/uploads\/2023\/03\/1-25.png 600w, https:\/\/vcycletech.com\/wp-content\/uploads\/2023\/03\/1-25-100x100.png 100w, https:\/\/vcycletech.com\/wp-content\/uploads\/2023\/03\/1-25-300x300.png 300w, https:\/\/vcycletech.com\/wp-content\/uploads\/2023\/03\/1-25-150x150.png 150w\" sizes=\"(max-width: 600px) 100vw, 600px\" \/><\/p>\n<h4>O que \u00e9 MA\/AA?<\/h4>\n<p>MA\/AA \u00e9 um copol\u00edmero de \u00e1cido acr\u00edlico e \u00e1cido maleico. \u00c9 um p\u00f3 branco de fluxo livre, sol\u00favel em \u00e1gua e com pH neutro.<\/p>\n<h4>Quais s\u00e3o os benef\u00edcios do MA\/AA?<\/h4>\n<p>MA\/AA oferece v\u00e1rios benef\u00edcios, incluindo:<br \/>\nExcelentes propriedades de forma\u00e7\u00e3o de filme<br \/>\nBoa ades\u00e3o a uma variedade de substratos<br \/>\nBoa resist\u00eancia \u00e0 umidade<br \/>\nBoa resist\u00eancia aos raios UV<br \/>\nBoa resist\u00eancia qu\u00edmica<\/p>\n<h4>Quais s\u00e3o as aplica\u00e7\u00f5es do MA\/AA?<\/h4>\n<p>MA\/AA pode ser usado em uma variedade de aplica\u00e7\u00f5es, incluindo:<br \/>\nAdesivos<br \/>\nModifica\u00e7\u00e3o do asfalto<br \/>\nRevestimentos<br \/>\nElast\u00f4meros<br \/>\ntintas<br \/>\nSelantes<\/p>\n<h4>Quais s\u00e3o as limita\u00e7\u00f5es do MA\/AA?<\/h4>\n<p>MA\/AA tem uma s\u00e9rie de limita\u00e7\u00f5es, incluindo:<br \/>\nBaixa resist\u00eancia ao calor<br \/>\nBaixa solubilidade em solventes org\u00e2nicos<br \/>\nSensibilidade \u00e0 hidr\u00f3lise<\/p>\n<p><a href=\"https:\/\/vcycletech.com\/pt\/categoria-de-produto\/policarboxilico-anti-incrustante-e-dispersante\/\">Obtenha a solu\u00e7\u00e3o completa anti-incrustante e dispersante policarbox\u00edlico<\/a><\/p>","protected":false},"excerpt":{"rendered":"<p><strong>Copol\u00edmero de \u00e1cido maleico de \u00e1cido acr\u00edlico (MA\/AA)<\/strong> \u00e9 um polieletr\u00f3lito de baixo peso molecular preparado pela copolimeriza\u00e7\u00e3o de \u00e1cido maleico e \u00e1cido acr\u00edlico. Tem um pH de 1,5 e oferece excelentes benef\u00edcios para formula\u00e7\u00f5es de produtos de limpeza, incluindo anti-precipita\u00e7\u00e3o, pol\u00edmero detergente para uso dom\u00e9stico e formula\u00e7\u00f5es para lavanderia II. <strong>MA\/AA<\/strong> tem um peso molecular de 564,40 e est\u00e1 dispon\u00edvel em 50 wt. Solu\u00e7\u00e3o % em \u00e1gua. Pode ser usado para estudar a composi\u00e7\u00e3o de pesticidas contendo espirotetramato e benzoato de emamectina. <strong>MA\/AA<\/strong> \u00e9 projetado especificamente como um co-construtor e anti-incrustante para efic\u00e1cia em solu\u00e7\u00f5es de hipoclorito de pH alcalino, tornando-o uma escolha ideal para muitas aplica\u00e7\u00f5es industriais.<\/p>","protected":false},"featured_media":1050,"template":"","meta":{"site-sidebar-layout":"default","site-content-layout":"default","ast-site-content-layout":"default","site-content-style":"default","site-sidebar-style":"default","ast-global-header-display":"","ast-banner-title-visibility":"","ast-main-header-display":"","ast-hfb-above-header-display":"","ast-hfb-below-header-display":"","ast-hfb-mobile-header-display":"","site-post-title":"","ast-breadcrumbs-content":"","ast-featured-img":"","footer-sml-layout":"","ast-disable-related-posts":"","theme-transparent-header-meta":"default","adv-header-id-meta":"","stick-header-meta":"default","header-above-stick-meta":"","header-main-stick-meta":"","header-below-stick-meta":"","astra-migrate-meta-layouts":"default","ast-page-background-enabled":"default","ast-page-background-meta":{"desktop":{"background-color":"","background-image":"","background-repeat":"repeat","background-position":"center center","background-size":"auto","background-attachment":"scroll","background-type":"","background-media":"","overlay-type":"","overlay-color":"","overlay-opacity":"","overlay-gradient":""},"tablet":{"background-color":"","background-image":"","background-repeat":"repeat","background-position":"center center","background-size":"auto","background-attachment":"scroll","background-type":"","background-media":"","overlay-type":"","overlay-color":"","overlay-opacity":"","overlay-gradient":""},"mobile":{"background-color":"","background-image":"","background-repeat":"repeat","background-position":"center center","background-size":"auto","background-attachment":"scroll","background-type":"","background-media":"","overlay-type":"","overlay-color":"","overlay-opacity":"","overlay-gradient":""}},"ast-content-background-meta":{"desktop":{"background-color":"var(--ast-global-color-5)","background-image":"","background-repeat":"repeat","background-position":"center center","background-size":"auto","background-attachment":"scroll","background-type":"","background-media":"","overlay-type":"","overlay-color":"","overlay-opacity":"","overlay-gradient":""},"tablet":{"background-color":"var(--ast-global-color-5)","background-image":"","background-repeat":"repeat","background-position":"center center","background-size":"auto","background-attachment":"scroll","background-type":"","background-media":"","overlay-type":"","overlay-color":"","overlay-opacity":"","overlay-gradient":""},"mobile":{"background-color":"var(--ast-global-color-5)","background-image":"","background-repeat":"repeat","background-position":"center center","background-size":"auto","background-attachment":"scroll","background-type":"","background-media":"","overlay-type":"","overlay-color":"","overlay-opacity":"","overlay-gradient":""}}},"product_brand":[],"product_cat":[28],"product_tag":[],"class_list":{"0":"post-1039","1":"product","2":"type-product","3":"status-publish","4":"has-post-thumbnail","6":"product_cat-polycarboxylic-antiscalant-and-dispersant","7":"desktop-align-left","8":"tablet-align-left","9":"mobile-align-left","10":"ast-product-gallery-layout-horizontal-slider","11":"ast-product-gallery-with-no-image","12":"ast-product-tabs-layout-horizontal","14":"first","15":"instock","16":"shipping-taxable","17":"product-type-simple"},"yoast_head":"<!-- This site is optimized with the Yoast SEO Premium plugin v26.3 (Yoast SEO v27.3) - https:\/\/yoast.com\/product\/yoast-seo-premium-wordpress\/ -->\n<title>Acrylic Acid Maleic Acid Copolymer(MA\/AA) - vcycletech<\/title>\n<meta name=\"description\" content=\"Get the best performance from your coolant with Acrylic Acid Maleic Acid Copolymer(MA\/AA)! This low molecular weight polyelectrolyte is perfect for carbonate and scale inhibition\" \/>\n<meta name=\"robots\" content=\"index, follow, max-snippet:-1, max-image-preview:large, max-video-preview:-1\" \/>\n<link rel=\"canonical\" href=\"https:\/\/vcycletech.com\/pt\/produtos\/copolimero-de-acido-acrilico-acido-maleico\/\" \/>\n<meta property=\"og:locale\" content=\"pt_PT\" \/>\n<meta property=\"og:type\" content=\"article\" \/>\n<meta property=\"og:title\" content=\"Acrylic Acid Maleic Acid Copolymer(MA\/AA)\" \/>\n<meta property=\"og:description\" content=\"Get the best performance from your coolant with Acrylic Acid Maleic Acid Copolymer(MA\/AA)! This low molecular weight polyelectrolyte is perfect for carbonate and scale inhibition\" \/>\n<meta property=\"og:url\" content=\"https:\/\/vcycletech.com\/pt\/produtos\/copolimero-de-acido-acrilico-acido-maleico\/\" \/>\n<meta property=\"og:site_name\" content=\"vcycletech\" \/>\n<meta property=\"article:modified_time\" content=\"2023-03-21T06:15:46+00:00\" \/>\n<meta property=\"og:image\" content=\"https:\/\/vcycletech.com\/wp-content\/uploads\/2023\/03\/1-22.png\" \/>\n\t<meta property=\"og:image:width\" content=\"600\" \/>\n\t<meta property=\"og:image:height\" content=\"600\" \/>\n\t<meta property=\"og:image:type\" content=\"image\/png\" \/>\n<meta name=\"twitter:card\" content=\"summary_large_image\" \/>\n<meta name=\"twitter:label1\" content=\"Tempo estimado de leitura\" \/>\n\t<meta name=\"twitter:data1\" content=\"2 minutos\" \/>\n<script type=\"application\/ld+json\" class=\"yoast-schema-graph\">{\"@context\":\"https:\\\/\\\/schema.org\",\"@graph\":[{\"@type\":\"WebPage\",\"@id\":\"https:\\\/\\\/vcycletech.com\\\/product\\\/acrylic-acid-maleic-acid-copolymer\\\/\",\"url\":\"https:\\\/\\\/vcycletech.com\\\/product\\\/acrylic-acid-maleic-acid-copolymer\\\/\",\"name\":\"Acrylic Acid Maleic Acid Copolymer(MA\\\/AA) - vcycletech\",\"isPartOf\":{\"@id\":\"https:\\\/\\\/vcycletech.com\\\/#website\"},\"primaryImageOfPage\":{\"@id\":\"https:\\\/\\\/vcycletech.com\\\/product\\\/acrylic-acid-maleic-acid-copolymer\\\/#primaryimage\"},\"image\":{\"@id\":\"https:\\\/\\\/vcycletech.com\\\/product\\\/acrylic-acid-maleic-acid-copolymer\\\/#primaryimage\"},\"thumbnailUrl\":\"https:\\\/\\\/vcycletech.com\\\/wp-content\\\/uploads\\\/2023\\\/03\\\/1-22.png\",\"datePublished\":\"2023-03-21T01:58:08+00:00\",\"dateModified\":\"2023-03-21T06:15:46+00:00\",\"description\":\"Get the best performance from your coolant with Acrylic Acid Maleic Acid Copolymer(MA\\\/AA)! This low molecular weight polyelectrolyte is perfect for carbonate and scale inhibition\",\"breadcrumb\":{\"@id\":\"https:\\\/\\\/vcycletech.com\\\/product\\\/acrylic-acid-maleic-acid-copolymer\\\/#breadcrumb\"},\"inLanguage\":\"pt-PT\",\"potentialAction\":[{\"@type\":\"ReadAction\",\"target\":[\"https:\\\/\\\/vcycletech.com\\\/product\\\/acrylic-acid-maleic-acid-copolymer\\\/\"]}]},{\"@type\":\"ImageObject\",\"inLanguage\":\"pt-PT\",\"@id\":\"https:\\\/\\\/vcycletech.com\\\/product\\\/acrylic-acid-maleic-acid-copolymer\\\/#primaryimage\",\"url\":\"https:\\\/\\\/vcycletech.com\\\/wp-content\\\/uploads\\\/2023\\\/03\\\/1-22.png\",\"contentUrl\":\"https:\\\/\\\/vcycletech.com\\\/wp-content\\\/uploads\\\/2023\\\/03\\\/1-22.png\",\"width\":600,\"height\":600,\"caption\":\"Acrylic Acid Maleic Acid Copolymer(MA\\\/AA)\"},{\"@type\":\"BreadcrumbList\",\"@id\":\"https:\\\/\\\/vcycletech.com\\\/product\\\/acrylic-acid-maleic-acid-copolymer\\\/#breadcrumb\",\"itemListElement\":[{\"@type\":\"ListItem\",\"position\":1,\"name\":\"Home\",\"item\":\"https:\\\/\\\/vcycletech.com\\\/\"},{\"@type\":\"ListItem\",\"position\":2,\"name\":\"Water Treatment Chemicals Manufacturer\",\"item\":\"https:\\\/\\\/vcycletech.com\\\/water-treatment-chemicals-manufacturer\\\/\"},{\"@type\":\"ListItem\",\"position\":3,\"name\":\"Acrylic Acid Maleic Acid Copolymer(MA\\\/AA)\"}]},{\"@type\":\"WebSite\",\"@id\":\"https:\\\/\\\/vcycletech.com\\\/#website\",\"url\":\"https:\\\/\\\/vcycletech.com\\\/\",\"name\":\"vcycletech\",\"description\":\"China&#039;s top water treatment chemicals supplier\",\"publisher\":{\"@id\":\"https:\\\/\\\/vcycletech.com\\\/#organization\"},\"potentialAction\":[{\"@type\":\"SearchAction\",\"target\":{\"@type\":\"EntryPoint\",\"urlTemplate\":\"https:\\\/\\\/vcycletech.com\\\/?s={search_term_string}\"},\"query-input\":{\"@type\":\"PropertyValueSpecification\",\"valueRequired\":true,\"valueName\":\"search_term_string\"}}],\"inLanguage\":\"pt-PT\"},{\"@type\":\"Organization\",\"@id\":\"https:\\\/\\\/vcycletech.com\\\/#organization\",\"name\":\"vcycletech\",\"url\":\"https:\\\/\\\/vcycletech.com\\\/\",\"logo\":{\"@type\":\"ImageObject\",\"inLanguage\":\"pt-PT\",\"@id\":\"https:\\\/\\\/vcycletech.com\\\/#\\\/schema\\\/logo\\\/image\\\/\",\"url\":\"https:\\\/\\\/vcycletech.com\\\/wp-content\\\/uploads\\\/2023\\\/03\\\/logo-vcycletech-1.png\",\"contentUrl\":\"https:\\\/\\\/vcycletech.com\\\/wp-content\\\/uploads\\\/2023\\\/03\\\/logo-vcycletech-1.png\",\"width\":600,\"height\":400,\"caption\":\"vcycletech\"},\"image\":{\"@id\":\"https:\\\/\\\/vcycletech.com\\\/#\\\/schema\\\/logo\\\/image\\\/\"}}]}<\/script>\n<!-- \/ Yoast SEO Premium plugin. -->","yoast_head_json":{"title":"Copol\u00edmero de \u00e1cido maleico de \u00e1cido acr\u00edlico (MA\/AA) - vcycletech","description":"Obtenha o melhor desempenho do seu refrigerante com o copol\u00edmero de \u00e1cido maleico de \u00e1cido acr\u00edlico (MA\/AA)! Este polieletr\u00f3lito de baixo peso molecular \u00e9 perfeito para inibi\u00e7\u00e3o de carbonatos e incrusta\u00e7\u00f5es","robots":{"index":"index","follow":"follow","max-snippet":"max-snippet:-1","max-image-preview":"max-image-preview:large","max-video-preview":"max-video-preview:-1"},"canonical":"https:\/\/vcycletech.com\/pt\/produtos\/copolimero-de-acido-acrilico-acido-maleico\/","og_locale":"pt_PT","og_type":"article","og_title":"Acrylic Acid Maleic Acid Copolymer(MA\/AA)","og_description":"Get the best performance from your coolant with Acrylic Acid Maleic Acid Copolymer(MA\/AA)! This low molecular weight polyelectrolyte is perfect for carbonate and scale inhibition","og_url":"https:\/\/vcycletech.com\/pt\/produtos\/copolimero-de-acido-acrilico-acido-maleico\/","og_site_name":"vcycletech","article_modified_time":"2023-03-21T06:15:46+00:00","og_image":[{"width":600,"height":600,"url":"https:\/\/vcycletech.com\/wp-content\/uploads\/2023\/03\/1-22.png","type":"image\/png"}],"twitter_card":"summary_large_image","twitter_misc":{"Tempo estimado de leitura":"2 minutos"},"schema":{"@context":"https:\/\/schema.org","@graph":[{"@type":"WebPage","@id":"https:\/\/vcycletech.com\/product\/acrylic-acid-maleic-acid-copolymer\/","url":"https:\/\/vcycletech.com\/product\/acrylic-acid-maleic-acid-copolymer\/","name":"Copol\u00edmero de \u00e1cido maleico de \u00e1cido acr\u00edlico (MA\/AA) - vcycletech","isPartOf":{"@id":"https:\/\/vcycletech.com\/#website"},"primaryImageOfPage":{"@id":"https:\/\/vcycletech.com\/product\/acrylic-acid-maleic-acid-copolymer\/#primaryimage"},"image":{"@id":"https:\/\/vcycletech.com\/product\/acrylic-acid-maleic-acid-copolymer\/#primaryimage"},"thumbnailUrl":"https:\/\/vcycletech.com\/wp-content\/uploads\/2023\/03\/1-22.png","datePublished":"2023-03-21T01:58:08+00:00","dateModified":"2023-03-21T06:15:46+00:00","description":"Obtenha o melhor desempenho do seu refrigerante com o copol\u00edmero de \u00e1cido maleico de \u00e1cido acr\u00edlico (MA\/AA)! Este polieletr\u00f3lito de baixo peso molecular \u00e9 perfeito para inibi\u00e7\u00e3o de carbonatos e incrusta\u00e7\u00f5es","breadcrumb":{"@id":"https:\/\/vcycletech.com\/product\/acrylic-acid-maleic-acid-copolymer\/#breadcrumb"},"inLanguage":"pt-PT","potentialAction":[{"@type":"ReadAction","target":["https:\/\/vcycletech.com\/product\/acrylic-acid-maleic-acid-copolymer\/"]}]},{"@type":"ImageObject","inLanguage":"pt-PT","@id":"https:\/\/vcycletech.com\/product\/acrylic-acid-maleic-acid-copolymer\/#primaryimage","url":"https:\/\/vcycletech.com\/wp-content\/uploads\/2023\/03\/1-22.png","contentUrl":"https:\/\/vcycletech.com\/wp-content\/uploads\/2023\/03\/1-22.png","width":600,"height":600,"caption":"Acrylic Acid Maleic Acid Copolymer(MA\/AA)"},{"@type":"BreadcrumbList","@id":"https:\/\/vcycletech.com\/product\/acrylic-acid-maleic-acid-copolymer\/#breadcrumb","itemListElement":[{"@type":"ListItem","position":1,"name":"Home","item":"https:\/\/vcycletech.com\/"},{"@type":"ListItem","position":2,"name":"Water Treatment Chemicals Manufacturer","item":"https:\/\/vcycletech.com\/water-treatment-chemicals-manufacturer\/"},{"@type":"ListItem","position":3,"name":"Acrylic Acid Maleic Acid Copolymer(MA\/AA)"}]},{"@type":"WebSite","@id":"https:\/\/vcycletech.com\/#website","url":"https:\/\/vcycletech.com\/","name":"vcycletech","description":"China&#039;principal fornecedor de produtos qu\u00edmicos para tratamento de \u00e1gua","publisher":{"@id":"https:\/\/vcycletech.com\/#organization"},"potentialAction":[{"@type":"SearchAction","target":{"@type":"EntryPoint","urlTemplate":"https:\/\/vcycletech.com\/?s={search_term_string}"},"query-input":{"@type":"PropertyValueSpecification","valueRequired":true,"valueName":"search_term_string"}}],"inLanguage":"pt-PT"},{"@type":"Organization","@id":"https:\/\/vcycletech.com\/#organization","name":"vcycletech","url":"https:\/\/vcycletech.com\/","logo":{"@type":"ImageObject","inLanguage":"pt-PT","@id":"https:\/\/vcycletech.com\/#\/schema\/logo\/image\/","url":"https:\/\/vcycletech.com\/wp-content\/uploads\/2023\/03\/logo-vcycletech-1.png","contentUrl":"https:\/\/vcycletech.com\/wp-content\/uploads\/2023\/03\/logo-vcycletech-1.png","width":600,"height":400,"caption":"vcycletech"},"image":{"@id":"https:\/\/vcycletech.com\/#\/schema\/logo\/image\/"}}]}},"_links":{"self":[{"href":"https:\/\/vcycletech.com\/pt\/wp-json\/wp\/v2\/product\/1039","targetHints":{"allow":["GET"]}}],"collection":[{"href":"https:\/\/vcycletech.com\/pt\/wp-json\/wp\/v2\/product"}],"about":[{"href":"https:\/\/vcycletech.com\/pt\/wp-json\/wp\/v2\/types\/product"}],"wp:featuredmedia":[{"embeddable":true,"href":"https:\/\/vcycletech.com\/pt\/wp-json\/wp\/v2\/media\/1050"}],"wp:attachment":[{"href":"https:\/\/vcycletech.com\/pt\/wp-json\/wp\/v2\/media?parent=1039"}],"wp:term":[{"taxonomy":"product_brand","embeddable":true,"href":"https:\/\/vcycletech.com\/pt\/wp-json\/wp\/v2\/product_brand?post=1039"},{"taxonomy":"product_cat","embeddable":true,"href":"https:\/\/vcycletech.com\/pt\/wp-json\/wp\/v2\/product_cat?post=1039"},{"taxonomy":"product_tag","embeddable":true,"href":"https:\/\/vcycletech.com\/pt\/wp-json\/wp\/v2\/product_tag?post=1039"}],"curies":[{"name":"wp","href":"https:\/\/api.w.org\/{rel}","templated":true}]}}