{"id":1031,"date":"2023-03-20T13:24:24","date_gmt":"2023-03-20T13:24:24","guid":{"rendered":"https:\/\/vcycletech.com\/?post_type=product&#038;p=1031"},"modified":"2023-03-24T03:38:23","modified_gmt":"2023-03-24T03:38:23","slug":"sdic","status":"publish","type":"product","link":"https:\/\/vcycletech.com\/pt\/produtos\/sdic\/","title":{"rendered":"Dicloroisocianurato de S\u00f3dio (SDIC)"},"content":{"rendered":"<h3 id=\"structural20formula_1\" class=\"xsj_heading_hash xsj_heading xsj_heading_h3\" data-source-line=\"0\" data-source-line-display=\"true\"><span class=\"xsj_heading_content\">F\u00f3rmula estrutural:<\/span><\/h3>\n<p><img fetchpriority=\"high\" decoding=\"async\" class=\"alignnone size-full wp-image-1033\" src=\"https:\/\/vcycletech.com\/wp-content\/uploads\/2023\/03\/\u672a\u547d\u540d\u7684\u8bbe\u8ba1-10.png\" alt=\"F\u00f3rmula estrutural:\" width=\"420\" height=\"420\" srcset=\"https:\/\/vcycletech.com\/wp-content\/uploads\/2023\/03\/\u672a\u547d\u540d\u7684\u8bbe\u8ba1-10.png 420w, https:\/\/vcycletech.com\/wp-content\/uploads\/2023\/03\/\u672a\u547d\u540d\u7684\u8bbe\u8ba1-10-100x100.png 100w, https:\/\/vcycletech.com\/wp-content\/uploads\/2023\/03\/\u672a\u547d\u540d\u7684\u8bbe\u8ba1-10-300x300.png 300w, https:\/\/vcycletech.com\/wp-content\/uploads\/2023\/03\/\u672a\u547d\u540d\u7684\u8bbe\u8ba1-10-150x150.png 150w\" sizes=\"(max-width: 420px) 100vw, 420px\" \/><\/p>\n<p class=\"xsj_paragraph xsj_paragraph_level_0\" data-source-line=\"2\" data-source-line-display=\"true\">N\u00ba CAS 2893-78-9<br \/>\nF\u00f3rmula: C3HCl2N3O3.Na<\/p>\n<h3>Propriedades:<\/h3>\n<p>1. Desinfec\u00e7\u00e3o: SDIC destaca-se como um desinfetante excepcional com efic\u00e1cia coletiva contra bact\u00e9rias, fungos, v\u00edrus e algas. O composto mata e impede o crescimento, proporcionando um ambiente est\u00e1vel e higienizado.<\/p>\n<p>2. Esteriliza\u00e7\u00e3o: Seu potente poder de esteriliza\u00e7\u00e3o torna o SDIC um composto ideal para manter ambientes limpos, principalmente onde h\u00e1 probabilidade de propaga\u00e7\u00e3o de doen\u00e7as infecciosas.<\/p>\n<p>3. Tratamento de \u00e1gua: Como agente de tratamento de \u00e1gua, o SDIC purifica eficazmente a \u00e1gua em piscinas, vasos e tanques.<\/p>\n<p>4. Cuidados com o gado: SDIC \u00e9 amplamente utilizado para desinfec\u00e7\u00e3o de granjas de ovos e aves, promovendo um crescimento saud\u00e1vel e prevenindo a propaga\u00e7\u00e3o de doen\u00e7as infecciosas.<\/p>\n<p>5. Aplica\u00e7\u00f5es t\u00eaxteis: SDIC \u00e9 eficaz no branqueamento de t\u00eaxteis e adequado para processos de encolhimento de l\u00e3. Sua incolor e estabilidade qu\u00edmica o tornam uma ferramenta \u00fatil na fabrica\u00e7\u00e3o de t\u00eaxteis.<\/p>\n<h3>Especifica\u00e7\u00e3o<\/h3>\n<div id=\"footable_parent_1014\" class=\"footable_parent ninja_table_wrapper wp_table_data_press_parent semantic_ui\">\n<table style=\"height: 285px;\" width=\"1033\">\n<tbody>\n<tr>\n<td width=\"187\">Pureza: 56-60%<\/td>\n<td width=\"609\">Cor: Branco<\/td>\n<\/tr>\n<tr>\n<td width=\"187\">pH: 5,5 - 7<\/td>\n<td width=\"609\">Apar\u00eancia: P\u00f3\/granular<\/td>\n<\/tr>\n<tr>\n<td width=\"187\">F\u00f3rmula: C3O3N3Cl2Na<\/td>\n<td width=\"609\">Grau Padr\u00e3o: Industrial<\/td>\n<\/tr>\n<tr>\n<td width=\"187\">Ponto de Fus\u00e3o: 250o C<\/td>\n<td width=\"609\">Umidade: Menos de 5%<\/td>\n<\/tr>\n<tr>\n<td width=\"187\">N\u00ba CAS: 2893-78-9<\/td>\n<td width=\"609\">N\u00ba EINECS: 220-767-7<\/td>\n<\/tr>\n<\/tbody>\n<\/table>\n<\/div>\n<h3 id=\"faqs_2\" class=\"xsj_heading_hash xsj_heading xsj_heading_h3\" data-source-line=\"7\" data-source-line-display=\"true\"><span class=\"xsj_heading_content\">perguntas frequentes<\/span><\/h3>\n<div class=\"xiaoshujiang_element xsj_anchor\"><a class=\"blank_anchor_name\" name=\"120what20is20sodium20dichloroisocyanurate20sdic_3\"><\/a><a id=\"120what20is20sodium20dichloroisocyanurate20sdic_3\" class=\"blank_anchor_id\"><\/a><a class=\"blank_anchor_name\" name=\"1-what-is-sodium-dichloroisocyanurate-sdic\"><\/a><a id=\"1-what-is-sodium-dichloroisocyanurate-sdic\" class=\"blank_anchor_id\"><\/a><\/div>\n<h3 id=\"120what20is20sodium20dichloroisocyanurate20sdic_3\" class=\"xsj_heading_hash xsj_heading xsj_heading_h3\" data-source-line=\"9\" data-source-line-display=\"true\"><span class=\"xsj_heading_content\">1. O que \u00e9 Dicloroisocianurato de S\u00f3dio (SDIC)?<\/span><\/h3>\n<p class=\"xsj_paragraph xsj_paragraph_level_0\" data-source-line=\"11\" data-source-line-display=\"true\">O dicloroisocianurato de s\u00f3dio (SDIC) \u00e9 um composto inorg\u00e2nico incolor e inodoro comumente usado como desinfetante, esterilizador e solu\u00e7\u00e3o de limpeza. \u00c9 um composto vers\u00e1til e poderoso usado em v\u00e1rios setores, incluindo purifica\u00e7\u00e3o de piscinas, cuidados com o gado e produ\u00e7\u00e3o t\u00eaxtil.<\/p>\n<div class=\"xiaoshujiang_element xsj_anchor\"><a class=\"blank_anchor_name\" name=\"220how20is20sdic20used20to20purify20swimming20pools_4\"><\/a><a id=\"220how20is20sdic20used20to20purify20swimming20pools_4\" class=\"blank_anchor_id\"><\/a><a class=\"blank_anchor_name\" name=\"2-how-is-sdic-used-to-purify-swimming-pools\"><\/a><a id=\"2-how-is-sdic-used-to-purify-swimming-pools\" class=\"blank_anchor_id\"><\/a><\/div>\n<h3 id=\"220how20is20sdic20used20to20purify20swimming20pools_4\" class=\"xsj_heading_hash xsj_heading xsj_heading_h3\" data-source-line=\"13\" data-source-line-display=\"true\"><span class=\"xsj_heading_content\">2. Como o SDIC \u00e9 usado para purificar piscinas?<\/span><\/h3>\n<p class=\"xsj_paragraph xsj_paragraph_level_0\" data-source-line=\"15\" data-source-line-display=\"true\">O SDIC elimina eficazmente bact\u00e9rias, fungos, algas e v\u00edrus e mant\u00e9m a higiene da \u00e1gua da piscina. Ele consegue isso liberando cloro livre quando adicionado \u00e0 \u00e1gua, que ent\u00e3o atua em uma ampla gama de organismos nocivos, garantindo um ambiente de nata\u00e7\u00e3o seguro e limpo.<\/p>\n<div class=\"xiaoshujiang_element xsj_anchor\"><a class=\"blank_anchor_name\" name=\"320is20sdic20safe20for20human20use_5\"><\/a><a id=\"320is20sdic20safe20for20human20use_5\" class=\"blank_anchor_id\"><\/a><a class=\"blank_anchor_name\" name=\"3-is-sdic-safe-for-human-use\"><\/a><a id=\"3-is-sdic-safe-for-human-use\" class=\"blank_anchor_id\"><\/a><\/div>\n<h3 id=\"320is20sdic20safe20for20human20use_5\" class=\"xsj_heading_hash xsj_heading xsj_heading_h3\" data-source-line=\"17\" data-source-line-display=\"true\"><span class=\"xsj_heading_content\">3. O SDIC \u00e9 seguro para uso humano?<\/span><\/h3>\n<p class=\"xsj_paragraph xsj_paragraph_level_0\" data-source-line=\"19\" data-source-line-display=\"true\">O SDIC \u00e9 amplamente utilizado em v\u00e1rios setores e \u00e9 considerado seguro quando usado corretamente. No entanto, seguir as orienta\u00e7\u00f5es do fabricante para dilui\u00e7\u00e3o adequada, aplica\u00e7\u00e3o e precau\u00e7\u00f5es de manuseio s\u00e3o essenciais para evitar irrita\u00e7\u00e3o, corros\u00e3o ou outros efeitos adversos.<\/p>\n<div class=\"xiaoshujiang_element xsj_anchor\"><a class=\"blank_anchor_name\" name=\"420how20is20sdic20used20in20the20textile20industry_6\"><\/a><a id=\"420how20is20sdic20used20in20the20textile20industry_6\" class=\"blank_anchor_id\"><\/a><a class=\"blank_anchor_name\" name=\"4-how-is-sdic-used-in-the-textile-industry\"><\/a><a id=\"4-how-is-sdic-used-in-the-textile-industry\" class=\"blank_anchor_id\"><\/a><\/div>\n<h3 id=\"420how20is20sdic20used20in20the20textile20industry_6\" class=\"xsj_heading_hash xsj_heading xsj_heading_h3\" data-source-line=\"21\" data-source-line-display=\"true\"><span class=\"xsj_heading_content\">4. Como o SDIC \u00e9 usado na ind\u00fastria t\u00eaxtil?<\/span><\/h3>\n<p class=\"xsj_paragraph xsj_paragraph_level_0\" data-source-line=\"23\" data-source-line-display=\"true\">O SDIC atende a v\u00e1rios prop\u00f3sitos na ind\u00fastria t\u00eaxtil, incluindo branqueamento de tecidos e aux\u00edlio nos processos de encolhimento da l\u00e3. Sua natureza incolor e estabilidade qu\u00edmica o tornam um composto valioso na fabrica\u00e7\u00e3o de t\u00eaxteis.<\/p>\n<div class=\"xiaoshujiang_element xsj_anchor\"><a class=\"blank_anchor_name\" name=\"520can20sdic20be20used20for20home20cleaning20purposes_7\"><\/a><a id=\"520can20sdic20be20used20for20home20cleaning20purposes_7\" class=\"blank_anchor_id\"><\/a><a class=\"blank_anchor_name\" name=\"5-can-sdic-be-used-for-home-cleaning-purposes\"><\/a><a id=\"5-can-sdic-be-used-for-home-cleaning-purposes\" class=\"blank_anchor_id\"><\/a><\/div>\n<h3 id=\"520can20sdic20be20used20for20home20cleaning20purposes_7\" class=\"xsj_heading_hash xsj_heading xsj_heading_h3\" data-source-line=\"25\" data-source-line-display=\"true\"><span class=\"xsj_heading_content\">5. O SDIC pode ser usado para fins de limpeza dom\u00e9stica?<\/span><\/h3>\n<p class=\"xsj_paragraph xsj_paragraph_level_0\" data-source-line=\"27\" data-source-line-display=\"true\">Sim, o SDIC pode ser usado em formas dilu\u00eddas para v\u00e1rias tarefas de limpeza dom\u00e9stica, como desinfec\u00e7\u00e3o de superf\u00edcies ou elimina\u00e7\u00e3o de mofo e bolor. No entanto, seguir as orienta\u00e7\u00f5es espec\u00edficas fornecidas pelo fabricante para resultados seguros e eficazes \u00e9 crucial.<\/p>\n<p class=\"xsj_paragraph xsj_paragraph_level_0\" data-source-line=\"31\" data-source-line-display=\"true\"><a class=\"xsj_link xsj_manu_link\" href=\"https:\/\/vcycletech.com\/pt\/biocida-e-algicida\/\">Obtenha a solu\u00e7\u00e3o completa de biocida e algicida<\/a>.<\/p>\n<p>&nbsp;<\/p>","protected":false},"excerpt":{"rendered":"<p>Dicloroisocianurato de S\u00f3dio (<strong>SDIC<\/strong>) \u00e9 um composto inorg\u00e2nico que tem amplas aplica\u00e7\u00f5es em uma variedade de ind\u00fastrias. \u00c9 usado para esteriliza\u00e7\u00e3o, desinfec\u00e7\u00e3o e limpeza, tornando-se uma ferramenta valiosa para qualquer pessoa que queira manter seu local de trabalho ou casa limpos e saud\u00e1veis. O SDIC tamb\u00e9m \u00e9 eficaz no combate a doen\u00e7as infecciosas e ajuda nos processos de encolhimento da l\u00e3. Com tantos benef\u00edcios, n\u00e3o \u00e9 de se admirar que o Dicloroisocianurato de S\u00f3dio (SDIC) esteja em alta demanda! A vcycletech oferece o Dicloroisocianurato de S\u00f3dio (SDIC) da melhor qualidade do mercado hoje. Pe\u00e7a agora para experimentar os benef\u00edcios por si mesmo!<\/p>","protected":false},"featured_media":1034,"template":"","meta":{"site-sidebar-layout":"default","site-content-layout":"default","ast-site-content-layout":"default","site-content-style":"default","site-sidebar-style":"default","ast-global-header-display":"","ast-banner-title-visibility":"","ast-main-header-display":"","ast-hfb-above-header-display":"","ast-hfb-below-header-display":"","ast-hfb-mobile-header-display":"","site-post-title":"","ast-breadcrumbs-content":"","ast-featured-img":"","footer-sml-layout":"","ast-disable-related-posts":"","theme-transparent-header-meta":"default","adv-header-id-meta":"","stick-header-meta":"default","header-above-stick-meta":"","header-main-stick-meta":"","header-below-stick-meta":"","astra-migrate-meta-layouts":"default","ast-page-background-enabled":"default","ast-page-background-meta":{"desktop":{"background-color":"","background-image":"","background-repeat":"repeat","background-position":"center center","background-size":"auto","background-attachment":"scroll","background-type":"","background-media":"","overlay-type":"","overlay-color":"","overlay-opacity":"","overlay-gradient":""},"tablet":{"background-color":"","background-image":"","background-repeat":"repeat","background-position":"center center","background-size":"auto","background-attachment":"scroll","background-type":"","background-media":"","overlay-type":"","overlay-color":"","overlay-opacity":"","overlay-gradient":""},"mobile":{"background-color":"","background-image":"","background-repeat":"repeat","background-position":"center center","background-size":"auto","background-attachment":"scroll","background-type":"","background-media":"","overlay-type":"","overlay-color":"","overlay-opacity":"","overlay-gradient":""}},"ast-content-background-meta":{"desktop":{"background-color":"var(--ast-global-color-5)","background-image":"","background-repeat":"repeat","background-position":"center center","background-size":"auto","background-attachment":"scroll","background-type":"","background-media":"","overlay-type":"","overlay-color":"","overlay-opacity":"","overlay-gradient":""},"tablet":{"background-color":"var(--ast-global-color-5)","background-image":"","background-repeat":"repeat","background-position":"center center","background-size":"auto","background-attachment":"scroll","background-type":"","background-media":"","overlay-type":"","overlay-color":"","overlay-opacity":"","overlay-gradient":""},"mobile":{"background-color":"var(--ast-global-color-5)","background-image":"","background-repeat":"repeat","background-position":"center center","background-size":"auto","background-attachment":"scroll","background-type":"","background-media":"","overlay-type":"","overlay-color":"","overlay-opacity":"","overlay-gradient":""}}},"product_brand":[],"product_cat":[29],"product_tag":[],"class_list":{"0":"post-1031","1":"product","2":"type-product","3":"status-publish","4":"has-post-thumbnail","6":"product_cat-biocide-and-algicide","7":"desktop-align-left","8":"tablet-align-left","9":"mobile-align-left","10":"ast-product-gallery-layout-horizontal-slider","11":"ast-product-gallery-with-no-image","12":"ast-product-tabs-layout-horizontal","14":"first","15":"instock","16":"shipping-taxable","17":"product-type-simple"},"yoast_head":"<!-- This site is optimized with the Yoast SEO Premium plugin v26.3 (Yoast SEO v27.3) - https:\/\/yoast.com\/product\/yoast-seo-premium-wordpress\/ -->\n<title>Sodium Dichloroisocyanurate (SDIC) - vcycletech<\/title>\n<meta name=\"description\" content=\"Need effective sterilization, disinfection and cleaning? Look no further than Sodium Dichloroisocyanurate (SDIC)! This colourless solid provides a plethora of uses from fighting infectious diseases to bleaching textiles.\" \/>\n<meta name=\"robots\" content=\"index, follow, max-snippet:-1, max-image-preview:large, max-video-preview:-1\" \/>\n<link rel=\"canonical\" href=\"https:\/\/vcycletech.com\/pt\/produtos\/sdic\/\" \/>\n<meta property=\"og:locale\" content=\"pt_PT\" \/>\n<meta property=\"og:type\" content=\"article\" \/>\n<meta property=\"og:title\" content=\"Sodium Dichloroisocyanurate (SDIC)\" \/>\n<meta property=\"og:description\" content=\"Need effective sterilization, disinfection and cleaning? Look no further than Sodium Dichloroisocyanurate (SDIC)! This colourless solid provides a plethora of uses from fighting infectious diseases to bleaching textiles.\" \/>\n<meta property=\"og:url\" content=\"https:\/\/vcycletech.com\/pt\/produtos\/sdic\/\" \/>\n<meta property=\"og:site_name\" content=\"vcycletech\" \/>\n<meta property=\"article:modified_time\" content=\"2023-03-24T03:38:23+00:00\" \/>\n<meta property=\"og:image\" content=\"https:\/\/vcycletech.com\/wp-content\/uploads\/2023\/03\/eau-de-parfum-1-e1679629095146.png\" \/>\n\t<meta property=\"og:image:width\" content=\"600\" \/>\n\t<meta property=\"og:image:height\" content=\"600\" \/>\n\t<meta property=\"og:image:type\" content=\"image\/png\" \/>\n<meta name=\"twitter:card\" content=\"summary_large_image\" \/>\n<meta name=\"twitter:label1\" content=\"Tempo estimado de leitura\" \/>\n\t<meta name=\"twitter:data1\" content=\"2 minutos\" \/>\n<script type=\"application\/ld+json\" class=\"yoast-schema-graph\">{\"@context\":\"https:\\\/\\\/schema.org\",\"@graph\":[{\"@type\":\"WebPage\",\"@id\":\"https:\\\/\\\/vcycletech.com\\\/product\\\/sdic\\\/\",\"url\":\"https:\\\/\\\/vcycletech.com\\\/product\\\/sdic\\\/\",\"name\":\"Sodium Dichloroisocyanurate (SDIC) - vcycletech\",\"isPartOf\":{\"@id\":\"https:\\\/\\\/vcycletech.com\\\/#website\"},\"primaryImageOfPage\":{\"@id\":\"https:\\\/\\\/vcycletech.com\\\/product\\\/sdic\\\/#primaryimage\"},\"image\":{\"@id\":\"https:\\\/\\\/vcycletech.com\\\/product\\\/sdic\\\/#primaryimage\"},\"thumbnailUrl\":\"https:\\\/\\\/vcycletech.com\\\/wp-content\\\/uploads\\\/2023\\\/03\\\/eau-de-parfum-1-e1679629095146.png\",\"datePublished\":\"2023-03-20T13:24:24+00:00\",\"dateModified\":\"2023-03-24T03:38:23+00:00\",\"description\":\"Need effective sterilization, disinfection and cleaning? Look no further than Sodium Dichloroisocyanurate (SDIC)! This colourless solid provides a plethora of uses from fighting infectious diseases to bleaching textiles.\",\"breadcrumb\":{\"@id\":\"https:\\\/\\\/vcycletech.com\\\/product\\\/sdic\\\/#breadcrumb\"},\"inLanguage\":\"pt-PT\",\"potentialAction\":[{\"@type\":\"ReadAction\",\"target\":[\"https:\\\/\\\/vcycletech.com\\\/product\\\/sdic\\\/\"]}]},{\"@type\":\"ImageObject\",\"inLanguage\":\"pt-PT\",\"@id\":\"https:\\\/\\\/vcycletech.com\\\/product\\\/sdic\\\/#primaryimage\",\"url\":\"https:\\\/\\\/vcycletech.com\\\/wp-content\\\/uploads\\\/2023\\\/03\\\/eau-de-parfum-1-e1679629095146.png\",\"contentUrl\":\"https:\\\/\\\/vcycletech.com\\\/wp-content\\\/uploads\\\/2023\\\/03\\\/eau-de-parfum-1-e1679629095146.png\",\"width\":600,\"height\":600,\"caption\":\"Sodium Dichloroisocyanurate (SDIC)\"},{\"@type\":\"BreadcrumbList\",\"@id\":\"https:\\\/\\\/vcycletech.com\\\/product\\\/sdic\\\/#breadcrumb\",\"itemListElement\":[{\"@type\":\"ListItem\",\"position\":1,\"name\":\"Home\",\"item\":\"https:\\\/\\\/vcycletech.com\\\/\"},{\"@type\":\"ListItem\",\"position\":2,\"name\":\"Water Treatment Chemicals Manufacturer\",\"item\":\"https:\\\/\\\/vcycletech.com\\\/water-treatment-chemicals-manufacturer\\\/\"},{\"@type\":\"ListItem\",\"position\":3,\"name\":\"Sodium Dichloroisocyanurate (SDIC)\"}]},{\"@type\":\"WebSite\",\"@id\":\"https:\\\/\\\/vcycletech.com\\\/#website\",\"url\":\"https:\\\/\\\/vcycletech.com\\\/\",\"name\":\"vcycletech\",\"description\":\"China&#039;s top water treatment chemicals supplier\",\"publisher\":{\"@id\":\"https:\\\/\\\/vcycletech.com\\\/#organization\"},\"potentialAction\":[{\"@type\":\"SearchAction\",\"target\":{\"@type\":\"EntryPoint\",\"urlTemplate\":\"https:\\\/\\\/vcycletech.com\\\/?s={search_term_string}\"},\"query-input\":{\"@type\":\"PropertyValueSpecification\",\"valueRequired\":true,\"valueName\":\"search_term_string\"}}],\"inLanguage\":\"pt-PT\"},{\"@type\":\"Organization\",\"@id\":\"https:\\\/\\\/vcycletech.com\\\/#organization\",\"name\":\"vcycletech\",\"url\":\"https:\\\/\\\/vcycletech.com\\\/\",\"logo\":{\"@type\":\"ImageObject\",\"inLanguage\":\"pt-PT\",\"@id\":\"https:\\\/\\\/vcycletech.com\\\/#\\\/schema\\\/logo\\\/image\\\/\",\"url\":\"https:\\\/\\\/vcycletech.com\\\/wp-content\\\/uploads\\\/2023\\\/03\\\/logo-vcycletech-1.png\",\"contentUrl\":\"https:\\\/\\\/vcycletech.com\\\/wp-content\\\/uploads\\\/2023\\\/03\\\/logo-vcycletech-1.png\",\"width\":600,\"height\":400,\"caption\":\"vcycletech\"},\"image\":{\"@id\":\"https:\\\/\\\/vcycletech.com\\\/#\\\/schema\\\/logo\\\/image\\\/\"}}]}<\/script>\n<!-- \/ Yoast SEO Premium plugin. -->","yoast_head_json":{"title":"Dicloroisocianurato de S\u00f3dio (SDIC) - vcycletech","description":"Precisa de esteriliza\u00e7\u00e3o, desinfec\u00e7\u00e3o e limpeza eficazes? N\u00e3o procure mais, dicloroisocianurato de s\u00f3dio (SDIC)! Este s\u00f3lido incolor fornece uma infinidade de usos, desde o combate a doen\u00e7as infecciosas at\u00e9 o branqueamento de tecidos.","robots":{"index":"index","follow":"follow","max-snippet":"max-snippet:-1","max-image-preview":"max-image-preview:large","max-video-preview":"max-video-preview:-1"},"canonical":"https:\/\/vcycletech.com\/pt\/produtos\/sdic\/","og_locale":"pt_PT","og_type":"article","og_title":"Sodium Dichloroisocyanurate (SDIC)","og_description":"Need effective sterilization, disinfection and cleaning? Look no further than Sodium Dichloroisocyanurate (SDIC)! This colourless solid provides a plethora of uses from fighting infectious diseases to bleaching textiles.","og_url":"https:\/\/vcycletech.com\/pt\/produtos\/sdic\/","og_site_name":"vcycletech","article_modified_time":"2023-03-24T03:38:23+00:00","og_image":[{"width":600,"height":600,"url":"https:\/\/vcycletech.com\/wp-content\/uploads\/2023\/03\/eau-de-parfum-1-e1679629095146.png","type":"image\/png"}],"twitter_card":"summary_large_image","twitter_misc":{"Tempo estimado de leitura":"2 minutos"},"schema":{"@context":"https:\/\/schema.org","@graph":[{"@type":"WebPage","@id":"https:\/\/vcycletech.com\/product\/sdic\/","url":"https:\/\/vcycletech.com\/product\/sdic\/","name":"Dicloroisocianurato de S\u00f3dio (SDIC) - vcycletech","isPartOf":{"@id":"https:\/\/vcycletech.com\/#website"},"primaryImageOfPage":{"@id":"https:\/\/vcycletech.com\/product\/sdic\/#primaryimage"},"image":{"@id":"https:\/\/vcycletech.com\/product\/sdic\/#primaryimage"},"thumbnailUrl":"https:\/\/vcycletech.com\/wp-content\/uploads\/2023\/03\/eau-de-parfum-1-e1679629095146.png","datePublished":"2023-03-20T13:24:24+00:00","dateModified":"2023-03-24T03:38:23+00:00","description":"Precisa de esteriliza\u00e7\u00e3o, desinfec\u00e7\u00e3o e limpeza eficazes? N\u00e3o procure mais, dicloroisocianurato de s\u00f3dio (SDIC)! Este s\u00f3lido incolor fornece uma infinidade de usos, desde o combate a doen\u00e7as infecciosas at\u00e9 o branqueamento de tecidos.","breadcrumb":{"@id":"https:\/\/vcycletech.com\/product\/sdic\/#breadcrumb"},"inLanguage":"pt-PT","potentialAction":[{"@type":"ReadAction","target":["https:\/\/vcycletech.com\/product\/sdic\/"]}]},{"@type":"ImageObject","inLanguage":"pt-PT","@id":"https:\/\/vcycletech.com\/product\/sdic\/#primaryimage","url":"https:\/\/vcycletech.com\/wp-content\/uploads\/2023\/03\/eau-de-parfum-1-e1679629095146.png","contentUrl":"https:\/\/vcycletech.com\/wp-content\/uploads\/2023\/03\/eau-de-parfum-1-e1679629095146.png","width":600,"height":600,"caption":"Sodium Dichloroisocyanurate (SDIC)"},{"@type":"BreadcrumbList","@id":"https:\/\/vcycletech.com\/product\/sdic\/#breadcrumb","itemListElement":[{"@type":"ListItem","position":1,"name":"Home","item":"https:\/\/vcycletech.com\/"},{"@type":"ListItem","position":2,"name":"Water Treatment Chemicals Manufacturer","item":"https:\/\/vcycletech.com\/water-treatment-chemicals-manufacturer\/"},{"@type":"ListItem","position":3,"name":"Sodium Dichloroisocyanurate (SDIC)"}]},{"@type":"WebSite","@id":"https:\/\/vcycletech.com\/#website","url":"https:\/\/vcycletech.com\/","name":"vcycletech","description":"China&#039;principal fornecedor de produtos qu\u00edmicos para tratamento de \u00e1gua","publisher":{"@id":"https:\/\/vcycletech.com\/#organization"},"potentialAction":[{"@type":"SearchAction","target":{"@type":"EntryPoint","urlTemplate":"https:\/\/vcycletech.com\/?s={search_term_string}"},"query-input":{"@type":"PropertyValueSpecification","valueRequired":true,"valueName":"search_term_string"}}],"inLanguage":"pt-PT"},{"@type":"Organization","@id":"https:\/\/vcycletech.com\/#organization","name":"vcycletech","url":"https:\/\/vcycletech.com\/","logo":{"@type":"ImageObject","inLanguage":"pt-PT","@id":"https:\/\/vcycletech.com\/#\/schema\/logo\/image\/","url":"https:\/\/vcycletech.com\/wp-content\/uploads\/2023\/03\/logo-vcycletech-1.png","contentUrl":"https:\/\/vcycletech.com\/wp-content\/uploads\/2023\/03\/logo-vcycletech-1.png","width":600,"height":400,"caption":"vcycletech"},"image":{"@id":"https:\/\/vcycletech.com\/#\/schema\/logo\/image\/"}}]}},"_links":{"self":[{"href":"https:\/\/vcycletech.com\/pt\/wp-json\/wp\/v2\/product\/1031","targetHints":{"allow":["GET"]}}],"collection":[{"href":"https:\/\/vcycletech.com\/pt\/wp-json\/wp\/v2\/product"}],"about":[{"href":"https:\/\/vcycletech.com\/pt\/wp-json\/wp\/v2\/types\/product"}],"wp:featuredmedia":[{"embeddable":true,"href":"https:\/\/vcycletech.com\/pt\/wp-json\/wp\/v2\/media\/1034"}],"wp:attachment":[{"href":"https:\/\/vcycletech.com\/pt\/wp-json\/wp\/v2\/media?parent=1031"}],"wp:term":[{"taxonomy":"product_brand","embeddable":true,"href":"https:\/\/vcycletech.com\/pt\/wp-json\/wp\/v2\/product_brand?post=1031"},{"taxonomy":"product_cat","embeddable":true,"href":"https:\/\/vcycletech.com\/pt\/wp-json\/wp\/v2\/product_cat?post=1031"},{"taxonomy":"product_tag","embeddable":true,"href":"https:\/\/vcycletech.com\/pt\/wp-json\/wp\/v2\/product_tag?post=1031"}],"curies":[{"name":"wp","href":"https:\/\/api.w.org\/{rel}","templated":true}]}}