{"id":1006,"date":"2023-03-20T11:49:50","date_gmt":"2023-03-20T11:49:50","guid":{"rendered":"https:\/\/vcycletech.com\/?post_type=product&#038;p=1006"},"modified":"2023-03-20T11:59:27","modified_gmt":"2023-03-20T11:59:27","slug":"anidrido-polimaleico-hidrolisado","status":"publish","type":"product","link":"https:\/\/vcycletech.com\/pt\/produtos\/anidrido-polimaleico-hidrolisado\/","title":{"rendered":"Anidrido polimaleico hidrolisado (HPMA)"},"content":{"rendered":"<h3>N\u00ba CAS 26099-09-2<\/h3>\n<h3>F\u00f3rmula estrutural HPMA:<\/h3>\n<p><img fetchpriority=\"high\" decoding=\"async\" class=\"alignnone size-full wp-image-1011\" src=\"https:\/\/vcycletech.com\/wp-content\/uploads\/2023\/03\/1-21.png\" alt=\"F\u00f3rmula estrutural HPMA:\" width=\"1291\" height=\"460\" srcset=\"https:\/\/vcycletech.com\/wp-content\/uploads\/2023\/03\/1-21.png 1291w, https:\/\/vcycletech.com\/wp-content\/uploads\/2023\/03\/1-21-600x214.png 600w, https:\/\/vcycletech.com\/wp-content\/uploads\/2023\/03\/1-21-300x107.png 300w, https:\/\/vcycletech.com\/wp-content\/uploads\/2023\/03\/1-21-1024x365.png 1024w, https:\/\/vcycletech.com\/wp-content\/uploads\/2023\/03\/1-21-768x274.png 768w\" sizes=\"(max-width: 1291px) 100vw, 1291px\" \/><\/p>\n<h3>Propriedades:<\/h3>\n<p>O HPMA \u00e9 um polimer\u00eddeo de baixo peso molecular com um peso molecular m\u00e9dio de 400-800, tornando-o altamente t\u00e9rmico e quimicamente est\u00e1vel com uma temperatura de decomposi\u00e7\u00e3o acima de 330 \u2103. Este polimer\u00eddeo tem um efeito de limiar eficaz sob altas temperaturas (350 \u2103) e altos n\u00edveis de pH (8,3). \u00c9 adequado para sistemas de \u00e1gua alcalina ou constru\u00eddos com agentes.<\/p>\n<p>O HPMA oferece excelentes propriedades de inibi\u00e7\u00e3o de incrusta\u00e7\u00f5es contra incrusta\u00e7\u00f5es de carbonato e fosfato, permanecendo eficaz em temperaturas de at\u00e9 300 \u2103 por per\u00edodos prolongados (at\u00e9 100 horas). Esses recursos o tornaram popular em usinas de dessaliniza\u00e7\u00e3o, equipamentos de vaporiza\u00e7\u00e3o flash, caldeiras de baixa press\u00e3o, locomotivas a vapor, dutos de evapora\u00e7\u00e3o de petr\u00f3leo bruto e sistemas de \u00e1gua de resfriamento industrial. Al\u00e9m disso, HPMA tem fortes efeitos de inibi\u00e7\u00e3o de corros\u00e3o quando usado juntamente com sais de zinco.<\/p>\n<p>Finalmente, devido \u00e0s suas caracter\u00edsticas vers\u00e1teis, o HPMA tamb\u00e9m pode ser adicionado como aditivo a diversos produtos.<\/p>\n<h3>Especifica\u00e7\u00e3o de anidrido polimaleico hidrolisado<\/h3>\n<div id=\"footable_parent_1012\"\n         class=\"footable_parent ninja_table_wrapper loading_ninja_table wp_table_data_press_parent semantic_ui\">\n                <table data-ninja_table_instance=\"ninja_table_instance_0\" data-footable_id=\"1012\" data-filter-delay=\"1000\" aria-label=\"Anidrido Polimaleico Hidrolisado (HPMA).csv\"            id=\"footable_1012\"\n           data-unique_identifier=\"ninja_table_unique_id_2670420349_1012\"\n           class=\"foo-table ninja_footable foo_table_1012 ninja_table_unique_id_2670420349_1012 ui table  nt_type_legacy_table selectable striped vertical_centered  footable-paging-right ninja_table_pro\">\n                <colgroup>\n                            <col class=\"ninja_column_0\">\n                            <col class=\"ninja_column_1\">\n                    <\/colgroup>\n        <thead>\n<tr class=\"footable-header\">\n                                        <th scope=\"col\"  class=\"ninja_column_0 ninja_clmn_nm_items\">Itens<\/th><th scope=\"col\"  class=\"ninja_column_1 ninja_clmn_nm_index\">\u00cdndice<\/th><\/tr>\n<\/thead>\n<tbody>\n\n        <tr data-row_id=\"187\" class=\"ninja_table_row_0 nt_row_id_187\">\n            <td>Apar\u00eancia<\/td><td>L\u00edquido transparente amarelo p\u00e1lido a umber<\/td>        <\/tr>\n            <tr data-row_id=\"188\" class=\"ninja_table_row_1 nt_row_id_188\">\n            <td>Conte\u00fado s\u00f3lido %<\/td><td>50,0 min<\/td>        <\/tr>\n            <tr data-row_id=\"189\" class=\"ninja_table_row_2 nt_row_id_189\">\n            <td>Valor de bromo mg\/g<\/td><td>50,0 m\u00e1x.<\/td>        <\/tr>\n            <tr data-row_id=\"190\" class=\"ninja_table_row_3 nt_row_id_190\">\n            <td>pH (solu\u00e7\u00e3o de \u00e1gua 1%)<\/td><td>2.0-3.0<\/td>        <\/tr>\n            <tr data-row_id=\"191\" class=\"ninja_table_row_4 nt_row_id_191\">\n            <td>Densidade (20 \u2103) g\/cm3<\/td><td>1.22-1.25<\/td>        <\/tr>\n    <\/tbody><!--ninja_tobody_rendering_done-->\n    <\/table>\n    \n    \n    \n<\/div>\n\n<h3>Uso:<\/h3>\n<p><strong>HPMA<\/strong> \u00e9 um composto qu\u00edmico que protege e mant\u00e9m o funcionamento eficiente dos sistemas de circula\u00e7\u00e3o de \u00e1gua fria, \u00e1gua de enchimento de campos petrol\u00edferos, desidrata\u00e7\u00e3o de petr\u00f3leo bruto e caldeiras de baixa press\u00e3o. Este produto qu\u00edmico deve ser usado com fosfonato org\u00e2nico em uma dosagem entre 1 ppm a 15 ppm para efici\u00eancia ideal. O HPMA oferece excelente inibi\u00e7\u00e3o de incrusta\u00e7\u00e3o de at\u00e9 98% e remo\u00e7\u00e3o efetiva do ac\u00famulo de incrusta\u00e7\u00e3o existente. Ele tamb\u00e9m fornece prote\u00e7\u00e3o superior contra corros\u00e3o de a\u00e7o carbono quando combinado com sais de zinco.<\/p>\n<h3>perguntas frequentes<\/h3>\n<p><img decoding=\"async\" class=\"alignnone size-full wp-image-1016\" src=\"https:\/\/vcycletech.com\/wp-content\/uploads\/2023\/03\/Hydrolyzed-Polymaleic-Anhydride-HPMA-1.png\" alt=\"Anidrido polimaleico hidrolisado (HPMA) -1\" width=\"600\" height=\"600\" srcset=\"https:\/\/vcycletech.com\/wp-content\/uploads\/2023\/03\/Hydrolyzed-Polymaleic-Anhydride-HPMA-1.png 600w, https:\/\/vcycletech.com\/wp-content\/uploads\/2023\/03\/Hydrolyzed-Polymaleic-Anhydride-HPMA-1-100x100.png 100w, https:\/\/vcycletech.com\/wp-content\/uploads\/2023\/03\/Hydrolyzed-Polymaleic-Anhydride-HPMA-1-300x300.png 300w, https:\/\/vcycletech.com\/wp-content\/uploads\/2023\/03\/Hydrolyzed-Polymaleic-Anhydride-HPMA-1-150x150.png 150w\" sizes=\"(max-width: 600px) 100vw, 600px\" \/><\/p>\n<h4>O que \u00e9 HPMA?<\/h4>\n<p>O anidrido polimaleico hidrolisado (HPMA) \u00e9 um pol\u00edmero sol\u00favel em \u00e1gua que pode ser usado como floculante, coagulante e\/ou dispersante. \u00c9 produzido pela hidr\u00f3lise de anidrido polimaleico em \u00e1gua.<\/p>\n<h4>Quais s\u00e3o as aplica\u00e7\u00f5es do HPMA?<\/h4>\n<p>HPMA pode ser usado em uma variedade de ind\u00fastrias, incluindo tratamento de \u00e1gua, fabrica\u00e7\u00e3o de papel, minera\u00e7\u00e3o e perfura\u00e7\u00e3o de petr\u00f3leo. \u00c9 comumente usado como floculante para remover s\u00f3lidos suspensos da \u00e1gua, como coagulante para remover a cor da polpa de papel e como dispersante para evitar aglomera\u00e7\u00e3o em lamas de perfura\u00e7\u00e3o.<\/p>\n<h4>Quais s\u00e3o os benef\u00edcios de usar o HPMA?<\/h4>\n<p>H\u00e1 muitos benef\u00edcios no uso do HPMA, incluindo sua alta efici\u00eancia, baixa toxicidade e biodegradabilidade. Al\u00e9m disso, o HPMA n\u00e3o \u00e9 afetado por mudan\u00e7as de pH e pode ser usado em uma ampla faixa de temperaturas.<\/p>\n<h4>H\u00e1 alguma desvantagem em usar o HPMA?<\/h4>\n<p>Uma desvantagem potencial do uso de HPMA \u00e9 que ele pode formar complexos insol\u00faveis com certos metais, como ferro e alum\u00ednio. Al\u00e9m disso, o HPMA pode n\u00e3o ser eficaz na remo\u00e7\u00e3o de certos tipos de contaminantes da \u00e1gua, como mat\u00e9ria org\u00e2nica dissolvida.<\/p>\n<h4>Como o HPMA se compara a outros floculantes?<\/h4>\n<p>O HPMA \u00e9 mais eficaz do que a maioria dos floculantes na remo\u00e7\u00e3o de s\u00f3lidos suspensos da \u00e1gua. Tamb\u00e9m \u00e9 menos t\u00f3xico do que a maioria dos outros floculantes e \u00e9 biodegrad\u00e1vel. No entanto, o HPMA \u00e9 mais caro do que a maioria dos floculantes e pode n\u00e3o remover efetivamente certos contaminantes da \u00e1gua.<\/p>\n<h4>Como o HPMA se compara a outros coagulantes?<\/h4>\n<p>O HPMA \u00e9 mais eficaz do que outros coagulantes na remo\u00e7\u00e3o da cor da polpa de papel. Al\u00e9m disso, tem menor toxicidade do que a maioria dos outros coagulantes e \u00e9 biodegrad\u00e1vel. No entanto, o HPMA \u00e9 mais caro do que a maioria dos outros coagulantes e pode n\u00e3o remover efetivamente certos contaminantes da \u00e1gua.<\/p>\n<h4>Como o HPMA se compara a outros dispersantes?<\/h4>\n<p>HPMA \u00e9 mais eficaz do que a maioria dos outros dispersantes na preven\u00e7\u00e3o de aglomera\u00e7\u00e3o em lamas de perfura\u00e7\u00e3o. Al\u00e9m disso, tem uma toxicidade menor do que a maioria dos outros dispersantes e \u00e9 biodegrad\u00e1vel. No entanto, HPMA \u00e9 mais caro do que a maioria dos outros dispersantes e pode n\u00e3o ser eficaz na preven\u00e7\u00e3o de aglomera\u00e7\u00e3o em todos os tipos de lamas de perfura\u00e7\u00e3o<\/p>","protected":false},"excerpt":{"rendered":"<p><strong>Anidrido polimaleico hidrolisado (HPMA)<\/strong> \u00e9 um polimer\u00eddeo de baixo peso molecular com um peso molecular m\u00e9dio de 400-800. N\u00e3o tem toxicidade e \u00e9 sol\u00favel em \u00e1gua, tornando-o ideal para uso como produto qu\u00edmico de tratamento de \u00e1gua. <strong>HPMA<\/strong> forma um quelato com \u00edons de c\u00e1lcio e magn\u00e9sio em \u00e1gua, permitindo prevenir a forma\u00e7\u00e3o de incrusta\u00e7\u00f5es e a corros\u00e3o de forma eficaz. Tamb\u00e9m \u00e9 n\u00e3o cancer\u00edgeno e n\u00e3o teratog\u00eanico, tornando-o seguro para muitas ind\u00fastrias. HPMA \u00e9 um anti-incrustante eficaz que pode ser usado em v\u00e1rias aplica\u00e7\u00f5es, como sistemas de refrigera\u00e7\u00e3o, caldeiras, sistemas de osmose reversa e muito mais<\/p>","protected":false},"featured_media":1018,"template":"","meta":{"site-sidebar-layout":"default","site-content-layout":"default","ast-site-content-layout":"default","site-content-style":"default","site-sidebar-style":"default","ast-global-header-display":"","ast-banner-title-visibility":"","ast-main-header-display":"","ast-hfb-above-header-display":"","ast-hfb-below-header-display":"","ast-hfb-mobile-header-display":"","site-post-title":"","ast-breadcrumbs-content":"","ast-featured-img":"","footer-sml-layout":"","ast-disable-related-posts":"","theme-transparent-header-meta":"default","adv-header-id-meta":"","stick-header-meta":"default","header-above-stick-meta":"","header-main-stick-meta":"","header-below-stick-meta":"","astra-migrate-meta-layouts":"default","ast-page-background-enabled":"default","ast-page-background-meta":{"desktop":{"background-color":"","background-image":"","background-repeat":"repeat","background-position":"center center","background-size":"auto","background-attachment":"scroll","background-type":"","background-media":"","overlay-type":"","overlay-color":"","overlay-opacity":"","overlay-gradient":""},"tablet":{"background-color":"","background-image":"","background-repeat":"repeat","background-position":"center center","background-size":"auto","background-attachment":"scroll","background-type":"","background-media":"","overlay-type":"","overlay-color":"","overlay-opacity":"","overlay-gradient":""},"mobile":{"background-color":"","background-image":"","background-repeat":"repeat","background-position":"center center","background-size":"auto","background-attachment":"scroll","background-type":"","background-media":"","overlay-type":"","overlay-color":"","overlay-opacity":"","overlay-gradient":""}},"ast-content-background-meta":{"desktop":{"background-color":"var(--ast-global-color-5)","background-image":"","background-repeat":"repeat","background-position":"center center","background-size":"auto","background-attachment":"scroll","background-type":"","background-media":"","overlay-type":"","overlay-color":"","overlay-opacity":"","overlay-gradient":""},"tablet":{"background-color":"var(--ast-global-color-5)","background-image":"","background-repeat":"repeat","background-position":"center center","background-size":"auto","background-attachment":"scroll","background-type":"","background-media":"","overlay-type":"","overlay-color":"","overlay-opacity":"","overlay-gradient":""},"mobile":{"background-color":"var(--ast-global-color-5)","background-image":"","background-repeat":"repeat","background-position":"center center","background-size":"auto","background-attachment":"scroll","background-type":"","background-media":"","overlay-type":"","overlay-color":"","overlay-opacity":"","overlay-gradient":""}}},"product_brand":[],"product_cat":[28],"product_tag":[],"class_list":{"0":"post-1006","1":"product","2":"type-product","3":"status-publish","4":"has-post-thumbnail","6":"product_cat-polycarboxylic-antiscalant-and-dispersant","7":"desktop-align-left","8":"tablet-align-left","9":"mobile-align-left","10":"ast-product-gallery-layout-horizontal-slider","11":"ast-product-tabs-layout-horizontal","13":"first","14":"instock","15":"shipping-taxable","16":"product-type-simple"},"yoast_head":"<!-- This site is optimized with the Yoast SEO Premium plugin v26.3 (Yoast SEO v27.3) - https:\/\/yoast.com\/product\/yoast-seo-premium-wordpress\/ -->\n<title>Hydrolyzed Polymaleic Anhydride (HPMA) - vcycletech<\/title>\n<meta name=\"description\" content=\"Get the most out of your next cleaning project by using Hydrolyzed Polymaleic Anhydride (HPMA). Discover why HPMA is the best choice today!\" \/>\n<meta name=\"robots\" content=\"index, follow, max-snippet:-1, max-image-preview:large, max-video-preview:-1\" \/>\n<link rel=\"canonical\" href=\"https:\/\/vcycletech.com\/pt\/produtos\/anidrido-polimaleico-hidrolisado\/\" \/>\n<meta property=\"og:locale\" content=\"pt_PT\" \/>\n<meta property=\"og:type\" content=\"article\" \/>\n<meta property=\"og:title\" content=\"Hydrolyzed Polymaleic Anhydride (HPMA)\" \/>\n<meta property=\"og:description\" content=\"Get the most out of your next cleaning project by using Hydrolyzed Polymaleic Anhydride (HPMA). Discover why HPMA is the best choice today!\" \/>\n<meta property=\"og:url\" content=\"https:\/\/vcycletech.com\/pt\/produtos\/anidrido-polimaleico-hidrolisado\/\" \/>\n<meta property=\"og:site_name\" content=\"vcycletech\" \/>\n<meta property=\"article:modified_time\" content=\"2023-03-20T11:59:27+00:00\" \/>\n<meta property=\"og:image\" content=\"https:\/\/vcycletech.com\/wp-content\/uploads\/2023\/03\/Hydrolyzed-Polymaleic-Anhydride-HPMA-1-1.png\" \/>\n\t<meta property=\"og:image:width\" content=\"600\" \/>\n\t<meta property=\"og:image:height\" content=\"600\" \/>\n\t<meta property=\"og:image:type\" content=\"image\/png\" \/>\n<meta name=\"twitter:card\" content=\"summary_large_image\" \/>\n<meta name=\"twitter:label1\" content=\"Tempo estimado de leitura\" \/>\n\t<meta name=\"twitter:data1\" content=\"3 minutos\" \/>\n<script type=\"application\/ld+json\" class=\"yoast-schema-graph\">{\"@context\":\"https:\\\/\\\/schema.org\",\"@graph\":[{\"@type\":\"WebPage\",\"@id\":\"https:\\\/\\\/vcycletech.com\\\/product\\\/hydrolyzed-polymaleic-anhydride\\\/\",\"url\":\"https:\\\/\\\/vcycletech.com\\\/product\\\/hydrolyzed-polymaleic-anhydride\\\/\",\"name\":\"Hydrolyzed Polymaleic Anhydride (HPMA) - vcycletech\",\"isPartOf\":{\"@id\":\"https:\\\/\\\/vcycletech.com\\\/#website\"},\"primaryImageOfPage\":{\"@id\":\"https:\\\/\\\/vcycletech.com\\\/product\\\/hydrolyzed-polymaleic-anhydride\\\/#primaryimage\"},\"image\":{\"@id\":\"https:\\\/\\\/vcycletech.com\\\/product\\\/hydrolyzed-polymaleic-anhydride\\\/#primaryimage\"},\"thumbnailUrl\":\"https:\\\/\\\/vcycletech.com\\\/wp-content\\\/uploads\\\/2023\\\/03\\\/Hydrolyzed-Polymaleic-Anhydride-HPMA-1-1.png\",\"datePublished\":\"2023-03-20T11:49:50+00:00\",\"dateModified\":\"2023-03-20T11:59:27+00:00\",\"description\":\"Get the most out of your next cleaning project by using Hydrolyzed Polymaleic Anhydride (HPMA). Discover why HPMA is the best choice today!\",\"breadcrumb\":{\"@id\":\"https:\\\/\\\/vcycletech.com\\\/product\\\/hydrolyzed-polymaleic-anhydride\\\/#breadcrumb\"},\"inLanguage\":\"pt-PT\",\"potentialAction\":[{\"@type\":\"ReadAction\",\"target\":[\"https:\\\/\\\/vcycletech.com\\\/product\\\/hydrolyzed-polymaleic-anhydride\\\/\"]}]},{\"@type\":\"ImageObject\",\"inLanguage\":\"pt-PT\",\"@id\":\"https:\\\/\\\/vcycletech.com\\\/product\\\/hydrolyzed-polymaleic-anhydride\\\/#primaryimage\",\"url\":\"https:\\\/\\\/vcycletech.com\\\/wp-content\\\/uploads\\\/2023\\\/03\\\/Hydrolyzed-Polymaleic-Anhydride-HPMA-1-1.png\",\"contentUrl\":\"https:\\\/\\\/vcycletech.com\\\/wp-content\\\/uploads\\\/2023\\\/03\\\/Hydrolyzed-Polymaleic-Anhydride-HPMA-1-1.png\",\"width\":600,\"height\":600,\"caption\":\"Hydrolyzed Polymaleic Anhydride (HPMA)-1\"},{\"@type\":\"BreadcrumbList\",\"@id\":\"https:\\\/\\\/vcycletech.com\\\/product\\\/hydrolyzed-polymaleic-anhydride\\\/#breadcrumb\",\"itemListElement\":[{\"@type\":\"ListItem\",\"position\":1,\"name\":\"Home\",\"item\":\"https:\\\/\\\/vcycletech.com\\\/\"},{\"@type\":\"ListItem\",\"position\":2,\"name\":\"Water Treatment Chemicals Manufacturer\",\"item\":\"https:\\\/\\\/vcycletech.com\\\/water-treatment-chemicals-manufacturer\\\/\"},{\"@type\":\"ListItem\",\"position\":3,\"name\":\"Hydrolyzed Polymaleic Anhydride (HPMA)\"}]},{\"@type\":\"WebSite\",\"@id\":\"https:\\\/\\\/vcycletech.com\\\/#website\",\"url\":\"https:\\\/\\\/vcycletech.com\\\/\",\"name\":\"vcycletech\",\"description\":\"China&#039;s top water treatment chemicals supplier\",\"publisher\":{\"@id\":\"https:\\\/\\\/vcycletech.com\\\/#organization\"},\"potentialAction\":[{\"@type\":\"SearchAction\",\"target\":{\"@type\":\"EntryPoint\",\"urlTemplate\":\"https:\\\/\\\/vcycletech.com\\\/?s={search_term_string}\"},\"query-input\":{\"@type\":\"PropertyValueSpecification\",\"valueRequired\":true,\"valueName\":\"search_term_string\"}}],\"inLanguage\":\"pt-PT\"},{\"@type\":\"Organization\",\"@id\":\"https:\\\/\\\/vcycletech.com\\\/#organization\",\"name\":\"vcycletech\",\"url\":\"https:\\\/\\\/vcycletech.com\\\/\",\"logo\":{\"@type\":\"ImageObject\",\"inLanguage\":\"pt-PT\",\"@id\":\"https:\\\/\\\/vcycletech.com\\\/#\\\/schema\\\/logo\\\/image\\\/\",\"url\":\"https:\\\/\\\/vcycletech.com\\\/wp-content\\\/uploads\\\/2023\\\/03\\\/logo-vcycletech-1.png\",\"contentUrl\":\"https:\\\/\\\/vcycletech.com\\\/wp-content\\\/uploads\\\/2023\\\/03\\\/logo-vcycletech-1.png\",\"width\":600,\"height\":400,\"caption\":\"vcycletech\"},\"image\":{\"@id\":\"https:\\\/\\\/vcycletech.com\\\/#\\\/schema\\\/logo\\\/image\\\/\"}}]}<\/script>\n<!-- \/ Yoast SEO Premium plugin. -->","yoast_head_json":{"title":"Anidrido polimaleico hidrolisado (HPMA) - vcycletech","description":"Aproveite ao m\u00e1ximo seu pr\u00f3ximo projeto de limpeza usando anidrido polimaleico hidrolisado (HPMA). Descubra por que HPMA \u00e9 a melhor escolha hoje!","robots":{"index":"index","follow":"follow","max-snippet":"max-snippet:-1","max-image-preview":"max-image-preview:large","max-video-preview":"max-video-preview:-1"},"canonical":"https:\/\/vcycletech.com\/pt\/produtos\/anidrido-polimaleico-hidrolisado\/","og_locale":"pt_PT","og_type":"article","og_title":"Hydrolyzed Polymaleic Anhydride (HPMA)","og_description":"Get the most out of your next cleaning project by using Hydrolyzed Polymaleic Anhydride (HPMA). Discover why HPMA is the best choice today!","og_url":"https:\/\/vcycletech.com\/pt\/produtos\/anidrido-polimaleico-hidrolisado\/","og_site_name":"vcycletech","article_modified_time":"2023-03-20T11:59:27+00:00","og_image":[{"width":600,"height":600,"url":"https:\/\/vcycletech.com\/wp-content\/uploads\/2023\/03\/Hydrolyzed-Polymaleic-Anhydride-HPMA-1-1.png","type":"image\/png"}],"twitter_card":"summary_large_image","twitter_misc":{"Tempo estimado de leitura":"3 minutos"},"schema":{"@context":"https:\/\/schema.org","@graph":[{"@type":"WebPage","@id":"https:\/\/vcycletech.com\/product\/hydrolyzed-polymaleic-anhydride\/","url":"https:\/\/vcycletech.com\/product\/hydrolyzed-polymaleic-anhydride\/","name":"Anidrido polimaleico hidrolisado (HPMA) - vcycletech","isPartOf":{"@id":"https:\/\/vcycletech.com\/#website"},"primaryImageOfPage":{"@id":"https:\/\/vcycletech.com\/product\/hydrolyzed-polymaleic-anhydride\/#primaryimage"},"image":{"@id":"https:\/\/vcycletech.com\/product\/hydrolyzed-polymaleic-anhydride\/#primaryimage"},"thumbnailUrl":"https:\/\/vcycletech.com\/wp-content\/uploads\/2023\/03\/Hydrolyzed-Polymaleic-Anhydride-HPMA-1-1.png","datePublished":"2023-03-20T11:49:50+00:00","dateModified":"2023-03-20T11:59:27+00:00","description":"Aproveite ao m\u00e1ximo seu pr\u00f3ximo projeto de limpeza usando anidrido polimaleico hidrolisado (HPMA). Descubra por que HPMA \u00e9 a melhor escolha hoje!","breadcrumb":{"@id":"https:\/\/vcycletech.com\/product\/hydrolyzed-polymaleic-anhydride\/#breadcrumb"},"inLanguage":"pt-PT","potentialAction":[{"@type":"ReadAction","target":["https:\/\/vcycletech.com\/product\/hydrolyzed-polymaleic-anhydride\/"]}]},{"@type":"ImageObject","inLanguage":"pt-PT","@id":"https:\/\/vcycletech.com\/product\/hydrolyzed-polymaleic-anhydride\/#primaryimage","url":"https:\/\/vcycletech.com\/wp-content\/uploads\/2023\/03\/Hydrolyzed-Polymaleic-Anhydride-HPMA-1-1.png","contentUrl":"https:\/\/vcycletech.com\/wp-content\/uploads\/2023\/03\/Hydrolyzed-Polymaleic-Anhydride-HPMA-1-1.png","width":600,"height":600,"caption":"Hydrolyzed Polymaleic Anhydride (HPMA)-1"},{"@type":"BreadcrumbList","@id":"https:\/\/vcycletech.com\/product\/hydrolyzed-polymaleic-anhydride\/#breadcrumb","itemListElement":[{"@type":"ListItem","position":1,"name":"Home","item":"https:\/\/vcycletech.com\/"},{"@type":"ListItem","position":2,"name":"Water Treatment Chemicals Manufacturer","item":"https:\/\/vcycletech.com\/water-treatment-chemicals-manufacturer\/"},{"@type":"ListItem","position":3,"name":"Hydrolyzed Polymaleic Anhydride (HPMA)"}]},{"@type":"WebSite","@id":"https:\/\/vcycletech.com\/#website","url":"https:\/\/vcycletech.com\/","name":"vcycletech","description":"China&#039;principal fornecedor de produtos qu\u00edmicos para tratamento de \u00e1gua","publisher":{"@id":"https:\/\/vcycletech.com\/#organization"},"potentialAction":[{"@type":"SearchAction","target":{"@type":"EntryPoint","urlTemplate":"https:\/\/vcycletech.com\/?s={search_term_string}"},"query-input":{"@type":"PropertyValueSpecification","valueRequired":true,"valueName":"search_term_string"}}],"inLanguage":"pt-PT"},{"@type":"Organization","@id":"https:\/\/vcycletech.com\/#organization","name":"vcycletech","url":"https:\/\/vcycletech.com\/","logo":{"@type":"ImageObject","inLanguage":"pt-PT","@id":"https:\/\/vcycletech.com\/#\/schema\/logo\/image\/","url":"https:\/\/vcycletech.com\/wp-content\/uploads\/2023\/03\/logo-vcycletech-1.png","contentUrl":"https:\/\/vcycletech.com\/wp-content\/uploads\/2023\/03\/logo-vcycletech-1.png","width":600,"height":400,"caption":"vcycletech"},"image":{"@id":"https:\/\/vcycletech.com\/#\/schema\/logo\/image\/"}}]}},"_links":{"self":[{"href":"https:\/\/vcycletech.com\/pt\/wp-json\/wp\/v2\/product\/1006","targetHints":{"allow":["GET"]}}],"collection":[{"href":"https:\/\/vcycletech.com\/pt\/wp-json\/wp\/v2\/product"}],"about":[{"href":"https:\/\/vcycletech.com\/pt\/wp-json\/wp\/v2\/types\/product"}],"wp:featuredmedia":[{"embeddable":true,"href":"https:\/\/vcycletech.com\/pt\/wp-json\/wp\/v2\/media\/1018"}],"wp:attachment":[{"href":"https:\/\/vcycletech.com\/pt\/wp-json\/wp\/v2\/media?parent=1006"}],"wp:term":[{"taxonomy":"product_brand","embeddable":true,"href":"https:\/\/vcycletech.com\/pt\/wp-json\/wp\/v2\/product_brand?post=1006"},{"taxonomy":"product_cat","embeddable":true,"href":"https:\/\/vcycletech.com\/pt\/wp-json\/wp\/v2\/product_cat?post=1006"},{"taxonomy":"product_tag","embeddable":true,"href":"https:\/\/vcycletech.com\/pt\/wp-json\/wp\/v2\/product_tag?post=1006"}],"curies":[{"name":"wp","href":"https:\/\/api.w.org\/{rel}","templated":true}]}}