{"id":1000,"date":"2023-03-20T08:59:34","date_gmt":"2023-03-20T08:59:34","guid":{"rendered":"https:\/\/vcycletech.com\/?post_type=product&#038;p=1000"},"modified":"2023-03-27T06:31:16","modified_gmt":"2023-03-27T06:31:16","slug":"homopolimero-de-acido-acrilico","status":"publish","type":"product","link":"https:\/\/vcycletech.com\/pt\/produtos\/homopolimero-de-acido-acrilico\/","title":{"rendered":"Homopol\u00edmero de \u00e1cido acr\u00edlico | WT-445"},"content":{"rendered":"<h3>F\u00f3rmula estrutural:<\/h3>\n<p><img fetchpriority=\"high\" decoding=\"async\" class=\"alignnone size-full wp-image-1002\" src=\"https:\/\/vcycletech.com\/wp-content\/uploads\/2023\/03\/Structural-Formula-4.png\" alt=\"Homopol\u00edmero de \u00e1cido acr\u00edlico | WT-445 F\u00f3rmula Estrutural\" width=\"1291\" height=\"460\" srcset=\"https:\/\/vcycletech.com\/wp-content\/uploads\/2023\/03\/Structural-Formula-4.png 1291w, https:\/\/vcycletech.com\/wp-content\/uploads\/2023\/03\/Structural-Formula-4-600x214.png 600w, https:\/\/vcycletech.com\/wp-content\/uploads\/2023\/03\/Structural-Formula-4-300x107.png 300w, https:\/\/vcycletech.com\/wp-content\/uploads\/2023\/03\/Structural-Formula-4-1024x365.png 1024w, https:\/\/vcycletech.com\/wp-content\/uploads\/2023\/03\/Structural-Formula-4-768x274.png 768w\" sizes=\"(max-width: 1291px) 100vw, 1291px\" \/><\/p>\n<h3>Propriedades:<\/h3>\n<p><strong>Homopol\u00edmero de \u00e1cido acr\u00edlico | WT-445<\/strong>\u00a0 \u00e9 um homopol\u00edmero cujos sais s\u00e3o feitos de \u00e1cido poliacr\u00edlico de baixo peso molecular. N\u00e3o cont\u00e9m nenhum fosfato, tornando-o a escolha ideal para aplica\u00e7\u00f5es com baixo ou nenhum teor de fosfato.<\/p>\n<p><strong>Homopol\u00edmero de \u00e1cido acr\u00edlico | WT-445<\/strong>\u00a0 \u00e9 altamente eficaz como inibidor de incrusta\u00e7\u00f5es no processamento de a\u00e7\u00facar devido \u00e0 sua capacidade de dispersar o carbonato de c\u00e1lcio e o sulfato de c\u00e1lcio quando adicionado \u00e0 \u00e1gua. \u00c9 um dispersante comum e pode ser usado para v\u00e1rias finalidades, incluindo inibir a incrusta\u00e7\u00e3o em sistemas de circula\u00e7\u00e3o de \u00e1gua fria, fabrica\u00e7\u00e3o de papel, tecelagem, tingimento, cer\u00e2mica e pigmentos.<\/p>\n<h3>Especifica\u00e7\u00e3o do homopol\u00edmero de \u00e1cido acr\u00edlico:<\/h3>\n<div id=\"footable_parent_1003\"\n         class=\"footable_parent ninja_table_wrapper loading_ninja_table wp_table_data_press_parent semantic_ui\">\n                <table data-ninja_table_instance=\"ninja_table_instance_0\" data-footable_id=\"1003\" data-filter-delay=\"1000\" aria-label=\"Homopol\u00edmero de \u00e1cido acr\u00edlico.csv\"            id=\"footable_1003\"\n           data-unique_identifier=\"ninja_table_unique_id_3117259541_1003\"\n           class=\"foo-table ninja_footable foo_table_1003 ninja_table_unique_id_3117259541_1003 ui table  nt_type_legacy_table selectable striped vertical_centered  footable-paging-right ninja_table_pro\">\n                <colgroup>\n                            <col class=\"ninja_column_0\">\n                            <col class=\"ninja_column_1\">\n                    <\/colgroup>\n        <thead>\n<tr class=\"footable-header\">\n                                        <th scope=\"col\"  class=\"ninja_column_0 ninja_clmn_nm_items\">Itens<\/th><th scope=\"col\"  class=\"ninja_column_1 ninja_clmn_nm_index\">\u00cdndice<\/th><\/tr>\n<\/thead>\n<tbody>\n\n        <tr data-row_id=\"182\" class=\"ninja_table_row_0 nt_row_id_182\">\n            <td>Apar\u00eancia<\/td><td>L\u00edquido transparente incolor a amarelo claro<\/td>        <\/tr>\n            <tr data-row_id=\"183\" class=\"ninja_table_row_1 nt_row_id_183\">\n            <td>Conte\u00fado s\u00f3lido %<\/td><td>47.0-49.0<\/td>        <\/tr>\n            <tr data-row_id=\"184\" class=\"ninja_table_row_2 nt_row_id_184\">\n            <td>Densidade (20 \u2103) g\/cm3<\/td><td>1,20 min<\/td>        <\/tr>\n            <tr data-row_id=\"185\" class=\"ninja_table_row_3 nt_row_id_185\">\n            <td>pH (como ele)<\/td><td>3.0-4.5<\/td>        <\/tr>\n            <tr data-row_id=\"186\" class=\"ninja_table_row_4 nt_row_id_186\">\n            <td>Viscosidade (25\u2103) cps<\/td><td>300-1000<\/td>        <\/tr>\n    <\/tbody><!--ninja_tobody_rendering_done-->\n    <\/table>\n    \n    \n    \n<\/div>\n\n<h3>Perguntas frequentes:<\/h3>\n<p><img decoding=\"async\" class=\"alignnone size-full wp-image-1005\" src=\"https:\/\/vcycletech.com\/wp-content\/uploads\/2023\/03\/1-20.png\" alt=\"Homopol\u00edmero de \u00e1cido acr\u00edlico | WT-445\" width=\"600\" height=\"600\" srcset=\"https:\/\/vcycletech.com\/wp-content\/uploads\/2023\/03\/1-20.png 600w, https:\/\/vcycletech.com\/wp-content\/uploads\/2023\/03\/1-20-100x100.png 100w, https:\/\/vcycletech.com\/wp-content\/uploads\/2023\/03\/1-20-300x300.png 300w, https:\/\/vcycletech.com\/wp-content\/uploads\/2023\/03\/1-20-150x150.png 150w\" sizes=\"(max-width: 600px) 100vw, 600px\" \/><\/p>\n<p><strong>Q1: O que \u00e9 homopol\u00edmero de \u00e1cido acr\u00edlico?<\/strong><\/p>\n<p>O homopol\u00edmero de \u00e1cido acr\u00edlico \u00e9 uma resina sint\u00e9tica feita a partir do mon\u00f4mero \u00e1cido acr\u00edlico. \u00c9 um s\u00f3lido branco e quebradi\u00e7o sol\u00favel em \u00e1gua e solventes org\u00e2nicos polares. O homopol\u00edmero de \u00e1cido acr\u00edlico tem muitas aplica\u00e7\u00f5es, incluindo adesivos, revestimentos, tintas e selantes.<\/p>\n<p><strong>Q2: Quais s\u00e3o as propriedades do homopol\u00edmero de \u00e1cido acr\u00edlico?<\/strong><\/p>\n<p>As propriedades do homopol\u00edmero de \u00e1cido acr\u00edlico dependem de seu peso molecular e grau de reticula\u00e7\u00e3o. Maiores pesos moleculares e graus de reticula\u00e7\u00e3o resultam em materiais com pontos de fus\u00e3o mais elevados, maior dureza e melhor resist\u00eancia a produtos qu\u00edmicos e ao calor.<\/p>\n<p><strong>Q3: Como \u00e9 feito o homopol\u00edmero de \u00e1cido acr\u00edlico?<\/strong><\/p>\n<p>O homopol\u00edmero de \u00e1cido acr\u00edlico \u00e9 feito pela polimeriza\u00e7\u00e3o do \u00e1cido acr\u00edlico. Este processo pode ser feito usando v\u00e1rios m\u00e9todos, incluindo polimeriza\u00e7\u00e3o em solu\u00e7\u00e3o, polimeriza\u00e7\u00e3o em suspens\u00e3o e polimeriza\u00e7\u00e3o em emuls\u00e3o.<\/p>\n<p><strong>Q4: Quais s\u00e3o as aplica\u00e7\u00f5es do homopol\u00edmero de \u00e1cido acr\u00edlico?<\/strong><\/p>\n<p>O homopol\u00edmero de \u00e1cido acr\u00edlico tem muitas aplica\u00e7\u00f5es, incluindo adesivos, revestimentos, tintas e selantes. Tamb\u00e9m \u00e9 usado como aglutinante em tecidos n\u00e3o tecidos e como aditivo em lubrificantes e \u00f3leos combust\u00edveis.<\/p>\n<p><strong>Q5: Quais s\u00e3o os benef\u00edcios de usar o homopol\u00edmero de \u00e1cido acr\u00edlico?<\/strong><\/p>\n<p>O homopol\u00edmero de \u00e1cido acr\u00edlico fornece boa ades\u00e3o a muitos substratos, incluindo metais, vidro e pl\u00e1sticos. Tamb\u00e9m possui boa resist\u00eancia a produtos qu\u00edmicos e intemp\u00e9ries. Al\u00e9m disso, o homopol\u00edmero de \u00e1cido acr\u00edlico pode ser formulado para atender a v\u00e1rios requisitos de desempenho.<\/p>\n<p><strong>Q6: Quais s\u00e3o as desvantagens de usar o homopol\u00edmero de \u00e1cido acr\u00edlico?<\/strong><\/p>\n<p>O homopol\u00edmero de \u00e1cido acr\u00edlico pode ficar amarelo quando exposto \u00e0 luz ou ao calor. Ele tamb\u00e9m tem um ponto de fus\u00e3o relativamente alto, dificultando o processamento. Al\u00e9m disso, o homopol\u00edmero de \u00e1cido acr\u00edlico n\u00e3o \u00e9 compat\u00edvel com todos os tipos de substratos.<\/p>\n<p><strong>Q7: Como o homopol\u00edmero de \u00e1cido acr\u00edlico deve ser armazenado?<\/strong><\/p>\n<p>O homopol\u00edmero de \u00e1cido acr\u00edlico deve ser armazenado em local fresco e seco, ao abrigo da luz solar direta. Tamb\u00e9m deve ser mantido longe de fontes de calor ou igni\u00e7\u00e3o. Depois de abertos, os recipientes devem ser fechados hermeticamente para evitar a entrada de umidade.<\/p>\n<p><a href=\"https:\/\/vcycletech.com\/pt\/categoria-de-produto\/policarboxilico-anti-incrustante-e-dispersante\/\">Obtenha a solu\u00e7\u00e3o completa anti-incrustante e dispersante policarbox\u00edlico<\/a><\/p>","protected":false},"excerpt":{"rendered":"<p><strong>Homopol\u00edmero de \u00e1cido acr\u00edlico WT-445<\/strong> \u00e9 um homopol\u00edmero de \u00e1cido poliacr\u00edlico de baixo peso molecular e seus sais. Dispersa eficazmente a lavagem de lou\u00e7a, lavagem de tecidos e detergentes industriais. Tamb\u00e9m pode ser utilizado na prepara\u00e7\u00e3o de couros, alguns agentes de acabamento de mercadorias de alta qualidade, bem como na prepara\u00e7\u00e3o de resina acr\u00edlica. O WT-445 possui um peso molecular otimizado, tornando-o ideal para uso em diversos produtos. Al\u00e9m disso, descobriu-se que tem um baixo risco de c\u00e2ncer, de acordo com o EWG Skin Deep.<\/p>","protected":false},"featured_media":1004,"template":"","meta":{"site-sidebar-layout":"default","site-content-layout":"default","ast-site-content-layout":"default","site-content-style":"default","site-sidebar-style":"default","ast-global-header-display":"","ast-banner-title-visibility":"","ast-main-header-display":"","ast-hfb-above-header-display":"","ast-hfb-below-header-display":"","ast-hfb-mobile-header-display":"","site-post-title":"","ast-breadcrumbs-content":"","ast-featured-img":"","footer-sml-layout":"","ast-disable-related-posts":"","theme-transparent-header-meta":"default","adv-header-id-meta":"","stick-header-meta":"default","header-above-stick-meta":"","header-main-stick-meta":"","header-below-stick-meta":"","astra-migrate-meta-layouts":"default","ast-page-background-enabled":"default","ast-page-background-meta":{"desktop":{"background-color":"","background-image":"","background-repeat":"repeat","background-position":"center center","background-size":"auto","background-attachment":"scroll","background-type":"","background-media":"","overlay-type":"","overlay-color":"","overlay-opacity":"","overlay-gradient":""},"tablet":{"background-color":"","background-image":"","background-repeat":"repeat","background-position":"center center","background-size":"auto","background-attachment":"scroll","background-type":"","background-media":"","overlay-type":"","overlay-color":"","overlay-opacity":"","overlay-gradient":""},"mobile":{"background-color":"","background-image":"","background-repeat":"repeat","background-position":"center center","background-size":"auto","background-attachment":"scroll","background-type":"","background-media":"","overlay-type":"","overlay-color":"","overlay-opacity":"","overlay-gradient":""}},"ast-content-background-meta":{"desktop":{"background-color":"var(--ast-global-color-5)","background-image":"","background-repeat":"repeat","background-position":"center center","background-size":"auto","background-attachment":"scroll","background-type":"","background-media":"","overlay-type":"","overlay-color":"","overlay-opacity":"","overlay-gradient":""},"tablet":{"background-color":"var(--ast-global-color-5)","background-image":"","background-repeat":"repeat","background-position":"center center","background-size":"auto","background-attachment":"scroll","background-type":"","background-media":"","overlay-type":"","overlay-color":"","overlay-opacity":"","overlay-gradient":""},"mobile":{"background-color":"var(--ast-global-color-5)","background-image":"","background-repeat":"repeat","background-position":"center center","background-size":"auto","background-attachment":"scroll","background-type":"","background-media":"","overlay-type":"","overlay-color":"","overlay-opacity":"","overlay-gradient":""}}},"product_brand":[],"product_cat":[28],"product_tag":[],"class_list":{"0":"post-1000","1":"product","2":"type-product","3":"status-publish","4":"has-post-thumbnail","6":"product_cat-polycarboxylic-antiscalant-and-dispersant","7":"desktop-align-left","8":"tablet-align-left","9":"mobile-align-left","10":"ast-product-gallery-layout-horizontal-slider","11":"ast-product-gallery-with-no-image","12":"ast-product-tabs-layout-horizontal","14":"first","15":"instock","16":"shipping-taxable","17":"product-type-simple"},"yoast_head":"<!-- This site is optimized with the Yoast SEO Premium plugin v26.3 (Yoast SEO v27.3) - https:\/\/yoast.com\/product\/yoast-seo-premium-wordpress\/ -->\n<title>Acrylic Acid Homopolymer | WT-445 - vcycletech<\/title>\n<meta name=\"description\" content=\"Get the perfect solution for Acrylic Acid Homopolymer | WT-445 with our revolutionary product!\" \/>\n<meta name=\"robots\" content=\"index, follow, max-snippet:-1, max-image-preview:large, max-video-preview:-1\" \/>\n<link rel=\"canonical\" href=\"https:\/\/vcycletech.com\/pt\/produtos\/homopolimero-de-acido-acrilico\/\" \/>\n<meta property=\"og:locale\" content=\"pt_PT\" \/>\n<meta property=\"og:type\" content=\"article\" \/>\n<meta property=\"og:title\" content=\"Acrylic Acid Homopolymer | WT-445\" \/>\n<meta property=\"og:description\" content=\"Get the perfect solution for Acrylic Acid Homopolymer | WT-445 with our revolutionary product!\" \/>\n<meta property=\"og:url\" content=\"https:\/\/vcycletech.com\/pt\/produtos\/homopolimero-de-acido-acrilico\/\" \/>\n<meta property=\"og:site_name\" content=\"vcycletech\" \/>\n<meta property=\"article:modified_time\" content=\"2023-03-27T06:31:16+00:00\" \/>\n<meta property=\"og:image\" content=\"https:\/\/vcycletech.com\/wp-content\/uploads\/2023\/03\/1-19.png\" \/>\n\t<meta property=\"og:image:width\" content=\"600\" \/>\n\t<meta property=\"og:image:height\" content=\"600\" \/>\n\t<meta property=\"og:image:type\" content=\"image\/png\" \/>\n<meta name=\"twitter:card\" content=\"summary_large_image\" \/>\n<meta name=\"twitter:label1\" content=\"Tempo estimado de leitura\" \/>\n\t<meta name=\"twitter:data1\" content=\"3 minutos\" \/>\n<script type=\"application\/ld+json\" class=\"yoast-schema-graph\">{\"@context\":\"https:\\\/\\\/schema.org\",\"@graph\":[{\"@type\":\"WebPage\",\"@id\":\"https:\\\/\\\/vcycletech.com\\\/product\\\/acrylic-acid-homopolymer\\\/\",\"url\":\"https:\\\/\\\/vcycletech.com\\\/product\\\/acrylic-acid-homopolymer\\\/\",\"name\":\"Acrylic Acid Homopolymer | WT-445 - vcycletech\",\"isPartOf\":{\"@id\":\"https:\\\/\\\/vcycletech.com\\\/#website\"},\"primaryImageOfPage\":{\"@id\":\"https:\\\/\\\/vcycletech.com\\\/product\\\/acrylic-acid-homopolymer\\\/#primaryimage\"},\"image\":{\"@id\":\"https:\\\/\\\/vcycletech.com\\\/product\\\/acrylic-acid-homopolymer\\\/#primaryimage\"},\"thumbnailUrl\":\"https:\\\/\\\/vcycletech.com\\\/wp-content\\\/uploads\\\/2023\\\/03\\\/1-19.png\",\"datePublished\":\"2023-03-20T08:59:34+00:00\",\"dateModified\":\"2023-03-27T06:31:16+00:00\",\"description\":\"Get the perfect solution for Acrylic Acid Homopolymer | WT-445 with our revolutionary product!\",\"breadcrumb\":{\"@id\":\"https:\\\/\\\/vcycletech.com\\\/product\\\/acrylic-acid-homopolymer\\\/#breadcrumb\"},\"inLanguage\":\"pt-PT\",\"potentialAction\":[{\"@type\":\"ReadAction\",\"target\":[\"https:\\\/\\\/vcycletech.com\\\/product\\\/acrylic-acid-homopolymer\\\/\"]}]},{\"@type\":\"ImageObject\",\"inLanguage\":\"pt-PT\",\"@id\":\"https:\\\/\\\/vcycletech.com\\\/product\\\/acrylic-acid-homopolymer\\\/#primaryimage\",\"url\":\"https:\\\/\\\/vcycletech.com\\\/wp-content\\\/uploads\\\/2023\\\/03\\\/1-19.png\",\"contentUrl\":\"https:\\\/\\\/vcycletech.com\\\/wp-content\\\/uploads\\\/2023\\\/03\\\/1-19.png\",\"width\":600,\"height\":600,\"caption\":\"Acrylic Acid Homopolymer | WT-445\"},{\"@type\":\"BreadcrumbList\",\"@id\":\"https:\\\/\\\/vcycletech.com\\\/product\\\/acrylic-acid-homopolymer\\\/#breadcrumb\",\"itemListElement\":[{\"@type\":\"ListItem\",\"position\":1,\"name\":\"Home\",\"item\":\"https:\\\/\\\/vcycletech.com\\\/\"},{\"@type\":\"ListItem\",\"position\":2,\"name\":\"Water Treatment Chemicals Manufacturer\",\"item\":\"https:\\\/\\\/vcycletech.com\\\/water-treatment-chemicals-manufacturer\\\/\"},{\"@type\":\"ListItem\",\"position\":3,\"name\":\"Acrylic Acid Homopolymer | WT-445\"}]},{\"@type\":\"WebSite\",\"@id\":\"https:\\\/\\\/vcycletech.com\\\/#website\",\"url\":\"https:\\\/\\\/vcycletech.com\\\/\",\"name\":\"vcycletech\",\"description\":\"China&#039;s top water treatment chemicals supplier\",\"publisher\":{\"@id\":\"https:\\\/\\\/vcycletech.com\\\/#organization\"},\"potentialAction\":[{\"@type\":\"SearchAction\",\"target\":{\"@type\":\"EntryPoint\",\"urlTemplate\":\"https:\\\/\\\/vcycletech.com\\\/?s={search_term_string}\"},\"query-input\":{\"@type\":\"PropertyValueSpecification\",\"valueRequired\":true,\"valueName\":\"search_term_string\"}}],\"inLanguage\":\"pt-PT\"},{\"@type\":\"Organization\",\"@id\":\"https:\\\/\\\/vcycletech.com\\\/#organization\",\"name\":\"vcycletech\",\"url\":\"https:\\\/\\\/vcycletech.com\\\/\",\"logo\":{\"@type\":\"ImageObject\",\"inLanguage\":\"pt-PT\",\"@id\":\"https:\\\/\\\/vcycletech.com\\\/#\\\/schema\\\/logo\\\/image\\\/\",\"url\":\"https:\\\/\\\/vcycletech.com\\\/wp-content\\\/uploads\\\/2023\\\/03\\\/logo-vcycletech-1.png\",\"contentUrl\":\"https:\\\/\\\/vcycletech.com\\\/wp-content\\\/uploads\\\/2023\\\/03\\\/logo-vcycletech-1.png\",\"width\":600,\"height\":400,\"caption\":\"vcycletech\"},\"image\":{\"@id\":\"https:\\\/\\\/vcycletech.com\\\/#\\\/schema\\\/logo\\\/image\\\/\"}}]}<\/script>\n<!-- \/ Yoast SEO Premium plugin. -->","yoast_head_json":{"title":"Homopol\u00edmero de \u00e1cido acr\u00edlico | WT-445 - vcycletech","description":"Obtenha a solu\u00e7\u00e3o perfeita para Homopol\u00edmero de \u00c1cido Acr\u00edlico | WT-445 com nosso produto revolucion\u00e1rio!","robots":{"index":"index","follow":"follow","max-snippet":"max-snippet:-1","max-image-preview":"max-image-preview:large","max-video-preview":"max-video-preview:-1"},"canonical":"https:\/\/vcycletech.com\/pt\/produtos\/homopolimero-de-acido-acrilico\/","og_locale":"pt_PT","og_type":"article","og_title":"Acrylic Acid Homopolymer | WT-445","og_description":"Get the perfect solution for Acrylic Acid Homopolymer | WT-445 with our revolutionary product!","og_url":"https:\/\/vcycletech.com\/pt\/produtos\/homopolimero-de-acido-acrilico\/","og_site_name":"vcycletech","article_modified_time":"2023-03-27T06:31:16+00:00","og_image":[{"width":600,"height":600,"url":"https:\/\/vcycletech.com\/wp-content\/uploads\/2023\/03\/1-19.png","type":"image\/png"}],"twitter_card":"summary_large_image","twitter_misc":{"Tempo estimado de leitura":"3 minutos"},"schema":{"@context":"https:\/\/schema.org","@graph":[{"@type":"WebPage","@id":"https:\/\/vcycletech.com\/product\/acrylic-acid-homopolymer\/","url":"https:\/\/vcycletech.com\/product\/acrylic-acid-homopolymer\/","name":"Homopol\u00edmero de \u00e1cido acr\u00edlico | WT-445 - vcycletech","isPartOf":{"@id":"https:\/\/vcycletech.com\/#website"},"primaryImageOfPage":{"@id":"https:\/\/vcycletech.com\/product\/acrylic-acid-homopolymer\/#primaryimage"},"image":{"@id":"https:\/\/vcycletech.com\/product\/acrylic-acid-homopolymer\/#primaryimage"},"thumbnailUrl":"https:\/\/vcycletech.com\/wp-content\/uploads\/2023\/03\/1-19.png","datePublished":"2023-03-20T08:59:34+00:00","dateModified":"2023-03-27T06:31:16+00:00","description":"Obtenha a solu\u00e7\u00e3o perfeita para Homopol\u00edmero de \u00c1cido Acr\u00edlico | WT-445 com nosso produto revolucion\u00e1rio!","breadcrumb":{"@id":"https:\/\/vcycletech.com\/product\/acrylic-acid-homopolymer\/#breadcrumb"},"inLanguage":"pt-PT","potentialAction":[{"@type":"ReadAction","target":["https:\/\/vcycletech.com\/product\/acrylic-acid-homopolymer\/"]}]},{"@type":"ImageObject","inLanguage":"pt-PT","@id":"https:\/\/vcycletech.com\/product\/acrylic-acid-homopolymer\/#primaryimage","url":"https:\/\/vcycletech.com\/wp-content\/uploads\/2023\/03\/1-19.png","contentUrl":"https:\/\/vcycletech.com\/wp-content\/uploads\/2023\/03\/1-19.png","width":600,"height":600,"caption":"Acrylic Acid Homopolymer | WT-445"},{"@type":"BreadcrumbList","@id":"https:\/\/vcycletech.com\/product\/acrylic-acid-homopolymer\/#breadcrumb","itemListElement":[{"@type":"ListItem","position":1,"name":"Home","item":"https:\/\/vcycletech.com\/"},{"@type":"ListItem","position":2,"name":"Water Treatment Chemicals Manufacturer","item":"https:\/\/vcycletech.com\/water-treatment-chemicals-manufacturer\/"},{"@type":"ListItem","position":3,"name":"Acrylic Acid Homopolymer | WT-445"}]},{"@type":"WebSite","@id":"https:\/\/vcycletech.com\/#website","url":"https:\/\/vcycletech.com\/","name":"vcycletech","description":"China&#039;principal fornecedor de produtos qu\u00edmicos para tratamento de \u00e1gua","publisher":{"@id":"https:\/\/vcycletech.com\/#organization"},"potentialAction":[{"@type":"SearchAction","target":{"@type":"EntryPoint","urlTemplate":"https:\/\/vcycletech.com\/?s={search_term_string}"},"query-input":{"@type":"PropertyValueSpecification","valueRequired":true,"valueName":"search_term_string"}}],"inLanguage":"pt-PT"},{"@type":"Organization","@id":"https:\/\/vcycletech.com\/#organization","name":"vcycletech","url":"https:\/\/vcycletech.com\/","logo":{"@type":"ImageObject","inLanguage":"pt-PT","@id":"https:\/\/vcycletech.com\/#\/schema\/logo\/image\/","url":"https:\/\/vcycletech.com\/wp-content\/uploads\/2023\/03\/logo-vcycletech-1.png","contentUrl":"https:\/\/vcycletech.com\/wp-content\/uploads\/2023\/03\/logo-vcycletech-1.png","width":600,"height":400,"caption":"vcycletech"},"image":{"@id":"https:\/\/vcycletech.com\/#\/schema\/logo\/image\/"}}]}},"_links":{"self":[{"href":"https:\/\/vcycletech.com\/pt\/wp-json\/wp\/v2\/product\/1000","targetHints":{"allow":["GET"]}}],"collection":[{"href":"https:\/\/vcycletech.com\/pt\/wp-json\/wp\/v2\/product"}],"about":[{"href":"https:\/\/vcycletech.com\/pt\/wp-json\/wp\/v2\/types\/product"}],"wp:featuredmedia":[{"embeddable":true,"href":"https:\/\/vcycletech.com\/pt\/wp-json\/wp\/v2\/media\/1004"}],"wp:attachment":[{"href":"https:\/\/vcycletech.com\/pt\/wp-json\/wp\/v2\/media?parent=1000"}],"wp:term":[{"taxonomy":"product_brand","embeddable":true,"href":"https:\/\/vcycletech.com\/pt\/wp-json\/wp\/v2\/product_brand?post=1000"},{"taxonomy":"product_cat","embeddable":true,"href":"https:\/\/vcycletech.com\/pt\/wp-json\/wp\/v2\/product_cat?post=1000"},{"taxonomy":"product_tag","embeddable":true,"href":"https:\/\/vcycletech.com\/pt\/wp-json\/wp\/v2\/product_tag?post=1000"}],"curies":[{"name":"wp","href":"https:\/\/api.w.org\/{rel}","templated":true}]}}