{"id":2576,"date":"2023-03-23T10:34:02","date_gmt":"2023-03-23T10:34:02","guid":{"rendered":"https:\/\/vcycletech.com\/?post_type=product&#038;p=2576"},"modified":"2023-03-23T10:34:03","modified_gmt":"2023-03-23T10:34:03","slug":"polydadmac","status":"publish","type":"product","link":"https:\/\/vcycletech.com\/nl\/product\/polydadmac\/","title":{"rendered":"Polydadmac"},"content":{"rendered":"<h2 id=\"introduction_2\" class=\"xsj_heading_hash xsj_heading xsj_heading_h2\" data-source-line=\"6\" data-source-line-display=\"true\"><span class=\"xsj_heading_content\">Invoering<\/span><\/h2>\n<p class=\"xsj_paragraph xsj_paragraph_level_0\" data-source-line=\"7\" data-source-line-display=\"true\">PolyDADMAC is een essentieel kationisch homopolymeer dat voornamelijk bestaat uit diallyldimethylammoniumchloride en wordt gebruikt in verschillende industri\u00eble toepassingen. Dit polymeer met een hoog molecuulgewicht wordt meestal geleverd als een geconcentreerde vloeistof met vaste concentraties tussen 10% en 50%, waardoor het een zeer veelzijdig en toegankelijk product is voor alle industrie\u00ebn.<\/p>\n<div class=\"xiaoshujiang_element xsj_anchor\"><a class=\"blank_anchor_name\" name=\"features_3\"><\/a><a id=\"features_3\" class=\"blank_anchor_id\"><\/a><a class=\"blank_anchor_name\" name=\"features\"><\/a><a id=\"features\" class=\"blank_anchor_id\"><\/a><\/div>\n<h2 id=\"features_3\" class=\"xsj_heading_hash xsj_heading xsj_heading_h2\" data-source-line=\"9\" data-source-line-display=\"true\"><span class=\"xsj_heading_content\">Functies<\/span><\/h2>\n<p class=\"xsj_paragraph xsj_paragraph_level_0\" data-source-line=\"11\" data-source-line-display=\"true\">Als het op functies aankomt, stelt PolyDADMAC zeker niet teleur. Het heeft een uitstekend vermogen om te flocculeren, wat betekent dat het kan helpen deeltjes van vloeistoffen te scheiden. Bovendien is het product door zijn hydraatvorm gemakkelijk te hanteren, waardoor het effici\u00ebnt en betrouwbaar te gebruiken is bij elke taak of klus. Bovendien is PolyDADMAC bestand tegen verschillende temperaturen en pH-waarden, waardoor het kan worden aangepast aan verschillende omstandigheden die in verschillende projecten aanwezig kunnen zijn. Ten slotte is het polymeer niet giftig en veilig voor mens, dier en plant.<\/p>\n<div class=\"xiaoshujiang_element xsj_anchor\"><a class=\"blank_anchor_name\" name=\"applications_4\"><\/a><a id=\"applications_4\" class=\"blank_anchor_id\"><\/a><a class=\"blank_anchor_name\" name=\"applications\"><\/a><a id=\"applications\" class=\"blank_anchor_id\"><\/a><\/div>\n<h2 id=\"applications_4\" class=\"xsj_heading_hash xsj_heading xsj_heading_h2\" data-source-line=\"13\" data-source-line-display=\"true\"><span class=\"xsj_heading_content\">toepassingen<\/span><\/h2>\n<p class=\"xsj_paragraph xsj_paragraph_level_0\" data-source-line=\"15\" data-source-line-display=\"true\">Gezien zijn eigenschappen kan PolyDADMAC in veel industri\u00eble sectoren worden gebruikt, zoals waterbehandelingstoepassingen, wasmiddelen en emulsiestabilisatiesystemen. Bij waterbehandelingstoepassingen vormt het polymeer grote vlokken, die helpen bij het bezinken van vuildeeltjes die uit de suspensie in het water zijn gehaald. Met name in wasmiddelen kan PolyDADMAC helpen de zachtheid van de stof te verbeteren en tegelijkertijd antistatische bescherming te bieden - beide zeer wenselijke eigenschappen in kledingartikelen van vandaag.<\/p>\n<p class=\"xsj_paragraph xsj_paragraph_level_0\" data-source-line=\"17\" data-source-line-display=\"true\">Ten slotte, als het gaat om emulsiestabilisatiesystemen zoals haarverzorgingsproducten zoals shampoos of andere soortgelijke producten die tegenwoordig op de markt zijn, helpt PolyDADMAC voorkomen dat deze producten uiteenvallen in hun componenten (bijv. olie en water). Dit zorgt ervoor dat klanten bij elke aankoop een compleet product ontvangen!<\/p>\n<h2>Specificatie:<\/h2>\n<p data-source-line=\"17\" data-source-line-display=\"true\">\n<table id=\"tablepress-14\" class=\"tablepress tablepress-id-14\">\n<thead>\n<tr class=\"row-1\">\n\t<th class=\"column-1\">Verschijning<\/th><th class=\"column-2\">Kleurloze of lichtgekleurde kleverige vloeistof<\/th><td class=\"column-3\"><\/td><td class=\"column-4\"><\/td>\n<\/tr>\n<\/thead>\n<tbody class=\"row-striping row-hover\">\n<tr class=\"row-2\">\n\t<td class=\"column-1\">Dynamische Viscositeit (mpa.s, 20\u2103)<\/td><td class=\"column-2\">500-300000<\/td><td class=\"column-3\"><\/td><td class=\"column-4\"><\/td>\n<\/tr>\n<tr class=\"row-3\">\n\t<td class=\"column-1\">pH-waarde (1% wateroplossing)<\/td><td class=\"column-2\">3.0-8.0<\/td><td class=\"column-3\"><\/td><td class=\"column-4\"><\/td>\n<\/tr>\n<tr class=\"row-4\">\n\t<td class=\"column-1\">Vaste inhoud % \u2265<\/td><td class=\"column-2\">20-50%<\/td><td class=\"column-3\"><\/td><td class=\"column-4\"><\/td>\n<\/tr>\n<tr class=\"row-5\">\n\t<td class=\"column-1\">Houdbaarheid<\/td><td class=\"column-2\">Een jaar<\/td><td class=\"column-3\"><\/td><td class=\"column-4\"><\/td>\n<\/tr>\n<tr class=\"row-6\">\n\t<td class=\"column-1\">Opmerking: ons product kan op uw speciaal verzoek worden gemaakt.<\/td><td class=\"column-2\"><\/td><td class=\"column-3\"><\/td><td class=\"column-4\"><\/td>\n<\/tr>\n<\/tbody>\n<\/table>\n<!-- #tablepress-14 from cache --><\/p>\n<div class=\"xiaoshujiang_element xsj_anchor\"><a class=\"blank_anchor_name\" name=\"frequently20asked20questions20about20polydadmac_5\"><\/a><a id=\"frequently20asked20questions20about20polydadmac_5\" class=\"blank_anchor_id\"><\/a><a class=\"blank_anchor_name\" name=\"frequently-asked-questions-about-polydadmac\"><\/a><a id=\"frequently-asked-questions-about-polydadmac\" class=\"blank_anchor_id\"><\/a><\/div>\n<h2 id=\"frequently20asked20questions20about20polydadmac_5\" class=\"xsj_heading_hash xsj_heading xsj_heading_h2\" data-source-line=\"19\" data-source-line-display=\"true\"><span class=\"xsj_heading_content\">Veelgestelde vragen over PolyDADMAC<\/span><\/h2>\n<div class=\"xiaoshujiang_element xsj_anchor\"><a class=\"blank_anchor_name\" name=\"120what20type20of20chemical20compound20is20polydadmac_6\"><\/a><a id=\"120what20type20of20chemical20compound20is20polydadmac_6\" class=\"blank_anchor_id\"><\/a><a class=\"blank_anchor_name\" name=\"1-what-type-of-chemical-compound-is-polydadmac\"><\/a><a id=\"1-what-type-of-chemical-compound-is-polydadmac\" class=\"blank_anchor_id\"><\/a><\/div>\n<h3 id=\"120what20type20of20chemical20compound20is20polydadmac_6\" class=\"xsj_heading_hash xsj_heading xsj_heading_h3\" data-source-line=\"21\" data-source-line-display=\"true\"><span class=\"xsj_heading_content\">1) Welk type chemische verbinding is PolyDADMAC?<\/span><\/h3>\n<p class=\"xsj_paragraph xsj_paragraph_level_0\" data-source-line=\"23\" data-source-line-display=\"true\">PolyDADMC is een kationisch homopolymeer dat voornamelijk bestaat uit diallyldimethylammoniumchloride (een quaternair ammoniumzout).<\/p>\n<div class=\"xiaoshujiang_element xsj_anchor\"><a class=\"blank_anchor_name\" name=\"220how20does20polydadmac20work_7\"><\/a><a id=\"220how20does20polydadmac20work_7\" class=\"blank_anchor_id\"><\/a><a class=\"blank_anchor_name\" name=\"2-how-does-polydadmac-work\"><\/a><a id=\"2-how-does-polydadmac-work\" class=\"blank_anchor_id\"><\/a><\/div>\n<h3 id=\"220how20does20polydadmac20work_7\" class=\"xsj_heading_hash xsj_heading xsj_heading_h3\" data-source-line=\"25\" data-source-line-display=\"true\"><span class=\"xsj_heading_content\">2) Hoe werkt polydadmac?<\/span><\/h3>\n<p class=\"xsj_paragraph xsj_paragraph_level_0\" data-source-line=\"27\" data-source-line-display=\"true\">Het werkt door grote vlokken te vormen die vuildeeltjes uit suspensie in vloeistoffen zoals water of andere reinigingsoplossingen die in wasmiddelen of haarverzorgingsproducten zoals shampoos worden gebruikt, afzetten. Dit polymeer kan ook antistatische bescherming bieden bij gebruik in wasmiddelen.<\/p>\n<div class=\"xiaoshujiang_element xsj_anchor\"><a class=\"blank_anchor_name\" name=\"320is20polydadmac20safe_8\"><\/a><a id=\"320is20polydadmac20safe_8\" class=\"blank_anchor_id\"><\/a><a class=\"blank_anchor_name\" name=\"3-is-polydadmac-safe\"><\/a><a id=\"3-is-polydadmac-safe\" class=\"blank_anchor_id\"><\/a><\/div>\n<h3 id=\"320is20polydadmac20safe_8\" class=\"xsj_heading_hash xsj_heading xsj_heading_h3\" data-source-line=\"29\" data-source-line-display=\"true\"><span class=\"xsj_heading_content\">3) Is polydadmac veilig?<\/span><\/h3>\n<p class=\"xsj_paragraph xsj_paragraph_level_0\" data-source-line=\"31\" data-source-line-display=\"true\">Ja! Het is grondig getest op veiligheidsmaatregelen en niet giftig bevonden voor gebruik in de buurt van mensen, dieren en planten.<\/p>\n<div class=\"xiaoshujiang_element xsj_anchor\"><a class=\"blank_anchor_name\" name=\"420is20polydadmac20available20in20solid20form_9\"><\/a><a id=\"420is20polydadmac20available20in20solid20form_9\" class=\"blank_anchor_id\"><\/a><a class=\"blank_anchor_name\" name=\"4-is-polydadmac-available-in-solid-form\"><\/a><a id=\"4-is-polydadmac-available-in-solid-form\" class=\"blank_anchor_id\"><\/a><\/div>\n<h3 id=\"420is20polydadmac20available20in20solid20form_9\" class=\"xsj_heading_hash xsj_heading xsj_heading_h3\" data-source-line=\"33\" data-source-line-display=\"true\"><span class=\"xsj_heading_content\">4) Is polydadmac beschikbaar in vaste vorm?<\/span><\/h3>\n<p class=\"xsj_paragraph xsj_paragraph_level_0\" data-source-line=\"35\" data-source-line-display=\"true\">Ja! Het komt meestal als een geconcentreerde vloeistof met vaste concentraties tussen 10% en 50%.<\/p>\n<div class=\"xiaoshujiang_element xsj_anchor\"><a class=\"blank_anchor_name\" name=\"520are20there20any20other20uses20for20polydadmac_10\"><\/a><a id=\"520are20there20any20other20uses20for20polydadmac_10\" class=\"blank_anchor_id\"><\/a><a class=\"blank_anchor_name\" name=\"5-are-there-any-other-uses-for-polydadmac\"><\/a><a id=\"5-are-there-any-other-uses-for-polydadmac\" class=\"blank_anchor_id\"><\/a><\/div>\n<h3 id=\"520are20there20any20other20uses20for20polydadmac_10\" class=\"xsj_heading_hash xsj_heading xsj_heading_h3\" data-source-line=\"37\" data-source-line-display=\"true\"><span class=\"xsj_heading_content\">5) Zijn er andere toepassingen voor polydadmac?<\/span><\/h3>\n<p class=\"xsj_paragraph xsj_paragraph_level_0\" data-source-line=\"39\" data-source-line-display=\"true\">Ja! Dit veelzijdige product is niet alleen nuttig voor eerder genoemde taken zoals flocculatie- en emulsiestabiliteitssystemen, maar kan ook worden gebruikt in verfadditieven en papierproductie!<\/p>\n<p class=\"xsj_paragraph xsj_paragraph_level_0\" data-source-line=\"41\" data-source-line-display=\"true\"><a class=\"xsj_link xsj_manu_link\" href=\"https:\/\/vcycletech.com\/nl\/product-categorie\/stollingsmiddelen-en-flocculanten\/\">Download de complete oplossing voor coagulanten en flocculanten.<\/a><\/p>","protected":false},"excerpt":{"rendered":"<p><strong>Polydadmac<\/strong>, of polyDADMAC, is een kationisch homopolymeer met een hoog moleculair gewicht. Dit polymeer bestaat voornamelijk uit diallyldimethylammoniumchloride en is doorgaans verkrijgbaar als geconcentreerde vloeistof met vaste concentraties tussen 10% en 50%.<\/p>\n<p>Dankzij de veelzijdigheid ervan kan erop worden vertrouwd dat het voldoet aan de behoeften van elke industrie! Polydadmac wordt gebruikt in een verscheidenheid aan industri\u00eble toepassingen, zoals flocculatie, en is gemakkelijk verkrijgbaar in de vorm van een hydraat. Dankzij de vele voordelen is polyDADMAC een essentieel product voor elk bedrijf!<\/p>","protected":false},"featured_media":2596,"template":"","meta":{"site-sidebar-layout":"default","site-content-layout":"default","ast-site-content-layout":"default","site-content-style":"default","site-sidebar-style":"default","ast-global-header-display":"","ast-banner-title-visibility":"","ast-main-header-display":"","ast-hfb-above-header-display":"","ast-hfb-below-header-display":"","ast-hfb-mobile-header-display":"","site-post-title":"","ast-breadcrumbs-content":"","ast-featured-img":"","footer-sml-layout":"","ast-disable-related-posts":"","theme-transparent-header-meta":"default","adv-header-id-meta":"","stick-header-meta":"default","header-above-stick-meta":"","header-main-stick-meta":"","header-below-stick-meta":"","astra-migrate-meta-layouts":"default","ast-page-background-enabled":"default","ast-page-background-meta":{"desktop":{"background-color":"","background-image":"","background-repeat":"repeat","background-position":"center center","background-size":"auto","background-attachment":"scroll","background-type":"","background-media":"","overlay-type":"","overlay-color":"","overlay-opacity":"","overlay-gradient":""},"tablet":{"background-color":"","background-image":"","background-repeat":"repeat","background-position":"center center","background-size":"auto","background-attachment":"scroll","background-type":"","background-media":"","overlay-type":"","overlay-color":"","overlay-opacity":"","overlay-gradient":""},"mobile":{"background-color":"","background-image":"","background-repeat":"repeat","background-position":"center center","background-size":"auto","background-attachment":"scroll","background-type":"","background-media":"","overlay-type":"","overlay-color":"","overlay-opacity":"","overlay-gradient":""}},"ast-content-background-meta":{"desktop":{"background-color":"var(--ast-global-color-5)","background-image":"","background-repeat":"repeat","background-position":"center center","background-size":"auto","background-attachment":"scroll","background-type":"","background-media":"","overlay-type":"","overlay-color":"","overlay-opacity":"","overlay-gradient":""},"tablet":{"background-color":"var(--ast-global-color-5)","background-image":"","background-repeat":"repeat","background-position":"center center","background-size":"auto","background-attachment":"scroll","background-type":"","background-media":"","overlay-type":"","overlay-color":"","overlay-opacity":"","overlay-gradient":""},"mobile":{"background-color":"var(--ast-global-color-5)","background-image":"","background-repeat":"repeat","background-position":"center center","background-size":"auto","background-attachment":"scroll","background-type":"","background-media":"","overlay-type":"","overlay-color":"","overlay-opacity":"","overlay-gradient":""}}},"product_brand":[],"product_cat":[37],"product_tag":[],"class_list":{"0":"post-2576","1":"product","2":"type-product","3":"status-publish","4":"has-post-thumbnail","6":"product_cat-coagulants-and-flocculants","7":"desktop-align-left","8":"tablet-align-left","9":"mobile-align-left","10":"ast-product-gallery-layout-horizontal-slider","11":"ast-product-gallery-with-no-image","12":"ast-product-tabs-layout-horizontal","14":"first","15":"instock","16":"shipping-taxable","17":"product-type-simple"},"yoast_head":"<!-- This site is optimized with the Yoast SEO Premium plugin v26.3 (Yoast SEO v27.3) - https:\/\/yoast.com\/product\/yoast-seo-premium-wordpress\/ -->\n<title>Polydadmac - vcycletech<\/title>\n<meta name=\"description\" content=\"Get the versatile and powerful PolyDADMAC for all your industrial needs. It&#039;s the essential cationic homopolymer with solid concentrations ranging from 10% to 50%. Unlock the potential of this high-molecular-weight polymer today! #PolyDADMAC\" \/>\n<meta name=\"robots\" content=\"index, follow, max-snippet:-1, max-image-preview:large, max-video-preview:-1\" \/>\n<link rel=\"canonical\" href=\"https:\/\/vcycletech.com\/nl\/product\/polydadmac\/\" \/>\n<meta property=\"og:locale\" content=\"nl_NL\" \/>\n<meta property=\"og:type\" content=\"article\" \/>\n<meta property=\"og:title\" content=\"Polydadmac\" \/>\n<meta property=\"og:description\" content=\"Get the versatile and powerful PolyDADMAC for all your industrial needs. It&#039;s the essential cationic homopolymer with solid concentrations ranging from 10% to 50%. Unlock the potential of this high-molecular-weight polymer today! #PolyDADMAC\" \/>\n<meta property=\"og:url\" content=\"https:\/\/vcycletech.com\/nl\/product\/polydadmac\/\" \/>\n<meta property=\"og:site_name\" content=\"vcycletech\" \/>\n<meta property=\"article:modified_time\" content=\"2023-03-23T10:34:03+00:00\" \/>\n<meta property=\"og:image\" content=\"https:\/\/vcycletech.com\/wp-content\/uploads\/2023\/03\/WT-601-13.png\" \/>\n\t<meta property=\"og:image:width\" content=\"600\" \/>\n\t<meta property=\"og:image:height\" content=\"600\" \/>\n\t<meta property=\"og:image:type\" content=\"image\/png\" \/>\n<meta name=\"twitter:card\" content=\"summary_large_image\" \/>\n<meta name=\"twitter:label1\" content=\"Geschatte leestijd\" \/>\n\t<meta name=\"twitter:data1\" content=\"2 minuten\" \/>\n<script type=\"application\/ld+json\" class=\"yoast-schema-graph\">{\"@context\":\"https:\\\/\\\/schema.org\",\"@graph\":[{\"@type\":\"WebPage\",\"@id\":\"https:\\\/\\\/vcycletech.com\\\/product\\\/polydadmac\\\/\",\"url\":\"https:\\\/\\\/vcycletech.com\\\/product\\\/polydadmac\\\/\",\"name\":\"Polydadmac - vcycletech\",\"isPartOf\":{\"@id\":\"https:\\\/\\\/vcycletech.com\\\/#website\"},\"primaryImageOfPage\":{\"@id\":\"https:\\\/\\\/vcycletech.com\\\/product\\\/polydadmac\\\/#primaryimage\"},\"image\":{\"@id\":\"https:\\\/\\\/vcycletech.com\\\/product\\\/polydadmac\\\/#primaryimage\"},\"thumbnailUrl\":\"https:\\\/\\\/vcycletech.com\\\/wp-content\\\/uploads\\\/2023\\\/03\\\/WT-601-13.png\",\"datePublished\":\"2023-03-23T10:34:02+00:00\",\"dateModified\":\"2023-03-23T10:34:03+00:00\",\"description\":\"Get the versatile and powerful PolyDADMAC for all your industrial needs. It's the essential cationic homopolymer with solid concentrations ranging from 10% to 50%. Unlock the potential of this high-molecular-weight polymer today! #PolyDADMAC\",\"breadcrumb\":{\"@id\":\"https:\\\/\\\/vcycletech.com\\\/product\\\/polydadmac\\\/#breadcrumb\"},\"inLanguage\":\"nl-NL\",\"potentialAction\":[{\"@type\":\"ReadAction\",\"target\":[\"https:\\\/\\\/vcycletech.com\\\/product\\\/polydadmac\\\/\"]}]},{\"@type\":\"ImageObject\",\"inLanguage\":\"nl-NL\",\"@id\":\"https:\\\/\\\/vcycletech.com\\\/product\\\/polydadmac\\\/#primaryimage\",\"url\":\"https:\\\/\\\/vcycletech.com\\\/wp-content\\\/uploads\\\/2023\\\/03\\\/WT-601-13.png\",\"contentUrl\":\"https:\\\/\\\/vcycletech.com\\\/wp-content\\\/uploads\\\/2023\\\/03\\\/WT-601-13.png\",\"width\":600,\"height\":600,\"caption\":\"Polydadmac\"},{\"@type\":\"BreadcrumbList\",\"@id\":\"https:\\\/\\\/vcycletech.com\\\/product\\\/polydadmac\\\/#breadcrumb\",\"itemListElement\":[{\"@type\":\"ListItem\",\"position\":1,\"name\":\"Home\",\"item\":\"https:\\\/\\\/vcycletech.com\\\/\"},{\"@type\":\"ListItem\",\"position\":2,\"name\":\"Water Treatment Chemicals Manufacturer\",\"item\":\"https:\\\/\\\/vcycletech.com\\\/water-treatment-chemicals-manufacturer\\\/\"},{\"@type\":\"ListItem\",\"position\":3,\"name\":\"Polydadmac\"}]},{\"@type\":\"WebSite\",\"@id\":\"https:\\\/\\\/vcycletech.com\\\/#website\",\"url\":\"https:\\\/\\\/vcycletech.com\\\/\",\"name\":\"vcycletech\",\"description\":\"China&#039;s top water treatment chemicals supplier\",\"publisher\":{\"@id\":\"https:\\\/\\\/vcycletech.com\\\/#organization\"},\"potentialAction\":[{\"@type\":\"SearchAction\",\"target\":{\"@type\":\"EntryPoint\",\"urlTemplate\":\"https:\\\/\\\/vcycletech.com\\\/?s={search_term_string}\"},\"query-input\":{\"@type\":\"PropertyValueSpecification\",\"valueRequired\":true,\"valueName\":\"search_term_string\"}}],\"inLanguage\":\"nl-NL\"},{\"@type\":\"Organization\",\"@id\":\"https:\\\/\\\/vcycletech.com\\\/#organization\",\"name\":\"vcycletech\",\"url\":\"https:\\\/\\\/vcycletech.com\\\/\",\"logo\":{\"@type\":\"ImageObject\",\"inLanguage\":\"nl-NL\",\"@id\":\"https:\\\/\\\/vcycletech.com\\\/#\\\/schema\\\/logo\\\/image\\\/\",\"url\":\"https:\\\/\\\/vcycletech.com\\\/wp-content\\\/uploads\\\/2023\\\/03\\\/logo-vcycletech-1.png\",\"contentUrl\":\"https:\\\/\\\/vcycletech.com\\\/wp-content\\\/uploads\\\/2023\\\/03\\\/logo-vcycletech-1.png\",\"width\":600,\"height\":400,\"caption\":\"vcycletech\"},\"image\":{\"@id\":\"https:\\\/\\\/vcycletech.com\\\/#\\\/schema\\\/logo\\\/image\\\/\"}}]}<\/script>\n<!-- \/ Yoast SEO Premium plugin. -->","yoast_head_json":{"title":"Polydadmac - vcycletech","description":"Haal de veelzijdige en krachtige PolyDADMAC in huis voor al uw industri\u00eble behoeften. Het is het essenti\u00eble kationische homopolymeer met vaste concentraties vari\u00ebrend van 10% tot 50%. Ontgrendel vandaag nog het potentieel van dit hoogmoleculaire polymeer! #PolyDADMAC","robots":{"index":"index","follow":"follow","max-snippet":"max-snippet:-1","max-image-preview":"max-image-preview:large","max-video-preview":"max-video-preview:-1"},"canonical":"https:\/\/vcycletech.com\/nl\/product\/polydadmac\/","og_locale":"nl_NL","og_type":"article","og_title":"Polydadmac","og_description":"Get the versatile and powerful PolyDADMAC for all your industrial needs. It's the essential cationic homopolymer with solid concentrations ranging from 10% to 50%. Unlock the potential of this high-molecular-weight polymer today! #PolyDADMAC","og_url":"https:\/\/vcycletech.com\/nl\/product\/polydadmac\/","og_site_name":"vcycletech","article_modified_time":"2023-03-23T10:34:03+00:00","og_image":[{"width":600,"height":600,"url":"https:\/\/vcycletech.com\/wp-content\/uploads\/2023\/03\/WT-601-13.png","type":"image\/png"}],"twitter_card":"summary_large_image","twitter_misc":{"Geschatte leestijd":"2 minuten"},"schema":{"@context":"https:\/\/schema.org","@graph":[{"@type":"WebPage","@id":"https:\/\/vcycletech.com\/product\/polydadmac\/","url":"https:\/\/vcycletech.com\/product\/polydadmac\/","name":"Polydadmac - vcycletech","isPartOf":{"@id":"https:\/\/vcycletech.com\/#website"},"primaryImageOfPage":{"@id":"https:\/\/vcycletech.com\/product\/polydadmac\/#primaryimage"},"image":{"@id":"https:\/\/vcycletech.com\/product\/polydadmac\/#primaryimage"},"thumbnailUrl":"https:\/\/vcycletech.com\/wp-content\/uploads\/2023\/03\/WT-601-13.png","datePublished":"2023-03-23T10:34:02+00:00","dateModified":"2023-03-23T10:34:03+00:00","description":"Haal de veelzijdige en krachtige PolyDADMAC in huis voor al uw industri\u00eble behoeften. Het is het essenti\u00eble kationische homopolymeer met vaste concentraties vari\u00ebrend van 10% tot 50%. Ontgrendel vandaag nog het potentieel van dit hoogmoleculaire polymeer! #PolyDADMAC","breadcrumb":{"@id":"https:\/\/vcycletech.com\/product\/polydadmac\/#breadcrumb"},"inLanguage":"nl-NL","potentialAction":[{"@type":"ReadAction","target":["https:\/\/vcycletech.com\/product\/polydadmac\/"]}]},{"@type":"ImageObject","inLanguage":"nl-NL","@id":"https:\/\/vcycletech.com\/product\/polydadmac\/#primaryimage","url":"https:\/\/vcycletech.com\/wp-content\/uploads\/2023\/03\/WT-601-13.png","contentUrl":"https:\/\/vcycletech.com\/wp-content\/uploads\/2023\/03\/WT-601-13.png","width":600,"height":600,"caption":"Polydadmac"},{"@type":"BreadcrumbList","@id":"https:\/\/vcycletech.com\/product\/polydadmac\/#breadcrumb","itemListElement":[{"@type":"ListItem","position":1,"name":"Home","item":"https:\/\/vcycletech.com\/"},{"@type":"ListItem","position":2,"name":"Water Treatment Chemicals Manufacturer","item":"https:\/\/vcycletech.com\/water-treatment-chemicals-manufacturer\/"},{"@type":"ListItem","position":3,"name":"Polydadmac"}]},{"@type":"WebSite","@id":"https:\/\/vcycletech.com\/#website","url":"https:\/\/vcycletech.com\/","name":"vcycletech","description":"China&#039;s belangrijkste leverancier van chemicali\u00ebn voor waterbehandeling","publisher":{"@id":"https:\/\/vcycletech.com\/#organization"},"potentialAction":[{"@type":"SearchAction","target":{"@type":"EntryPoint","urlTemplate":"https:\/\/vcycletech.com\/?s={search_term_string}"},"query-input":{"@type":"PropertyValueSpecification","valueRequired":true,"valueName":"search_term_string"}}],"inLanguage":"nl-NL"},{"@type":"Organization","@id":"https:\/\/vcycletech.com\/#organization","name":"vcycletech","url":"https:\/\/vcycletech.com\/","logo":{"@type":"ImageObject","inLanguage":"nl-NL","@id":"https:\/\/vcycletech.com\/#\/schema\/logo\/image\/","url":"https:\/\/vcycletech.com\/wp-content\/uploads\/2023\/03\/logo-vcycletech-1.png","contentUrl":"https:\/\/vcycletech.com\/wp-content\/uploads\/2023\/03\/logo-vcycletech-1.png","width":600,"height":400,"caption":"vcycletech"},"image":{"@id":"https:\/\/vcycletech.com\/#\/schema\/logo\/image\/"}}]}},"_links":{"self":[{"href":"https:\/\/vcycletech.com\/nl\/wp-json\/wp\/v2\/product\/2576","targetHints":{"allow":["GET"]}}],"collection":[{"href":"https:\/\/vcycletech.com\/nl\/wp-json\/wp\/v2\/product"}],"about":[{"href":"https:\/\/vcycletech.com\/nl\/wp-json\/wp\/v2\/types\/product"}],"wp:featuredmedia":[{"embeddable":true,"href":"https:\/\/vcycletech.com\/nl\/wp-json\/wp\/v2\/media\/2596"}],"wp:attachment":[{"href":"https:\/\/vcycletech.com\/nl\/wp-json\/wp\/v2\/media?parent=2576"}],"wp:term":[{"taxonomy":"product_brand","embeddable":true,"href":"https:\/\/vcycletech.com\/nl\/wp-json\/wp\/v2\/product_brand?post=2576"},{"taxonomy":"product_cat","embeddable":true,"href":"https:\/\/vcycletech.com\/nl\/wp-json\/wp\/v2\/product_cat?post=2576"},{"taxonomy":"product_tag","embeddable":true,"href":"https:\/\/vcycletech.com\/nl\/wp-json\/wp\/v2\/product_tag?post=2576"}],"curies":[{"name":"wp","href":"https:\/\/api.w.org\/{rel}","templated":true}]}}