{"id":1443,"date":"2023-03-22T07:37:57","date_gmt":"2023-03-22T07:37:57","guid":{"rendered":"https:\/\/vcycletech.com\/?post_type=product&#038;p=1443"},"modified":"2023-03-22T07:48:12","modified_gmt":"2023-03-22T07:48:12","slug":"corrosie-inhibitor-voor-gesloten-circulerend-systeem","status":"publish","type":"product","link":"https:\/\/vcycletech.com\/nl\/product\/corrosie-inhibitor-voor-gesloten-circulerend-systeem\/","title":{"rendered":"Corrosie-inhibitor voor gesloten circulatiesysteem"},"content":{"rendered":"<h2>Eigenschappen:<\/h2>\n<p>Dit product wordt gebruikt als corrosieremmer voor gesloten systemen, zoals het koelwatersysteem en het warmwatercirculatiesysteem waarin glycol, methanol en ethanol koelmedia zijn. Het is samengesteld uit organische corrosieremmers, dispergeermiddelen, nitrieten en molybdaten om betrouwbare bescherming tegen corrosie te bieden zonder enige chromaatgerelateerde kleuring of vlekken van oppervlaktematerialen zoals koolstofstaal, roestvrij staal, koperlegering en aluminiumlegering. Dit product is zeer effici\u00ebnt in het remmen van corrosie met handig gebruik in het geval van geen of weinig lekkage uit het gesloten systeem.<\/p>\n<h3>Specificatie:<\/h3>\n<div id=\"footable_parent_1465\"\n         class=\"footable_parent ninja_table_wrapper loading_ninja_table wp_table_data_press_parent semantic_ui\">\n                <table data-ninja_table_instance=\"ninja_table_instance_0\" data-footable_id=\"1465\" data-filter-delay=\"1000\" aria-label=\"Corrosie-inhibitor voor gesloten circulatiesysteem.csv\"            id=\"footable_1465\"\n           data-unique_identifier=\"ninja_table_unique_id_532144895_1465\"\n           class=\"foo-table ninja_footable foo_table_1465 ninja_table_unique_id_532144895_1465 ui table  nt_type_legacy_table selectable striped vertical_centered  footable-paging-right ninja_table_pro\">\n                <colgroup>\n                            <col class=\"ninja_column_0\">\n                            <col class=\"ninja_column_1\">\n                    <\/colgroup>\n        <thead>\n<tr class=\"footable-header\">\n                                        <th scope=\"col\"  class=\"ninja_column_0 ninja_clmn_nm_items\">Artikelen<\/th><th scope=\"col\"  class=\"ninja_column_1 ninja_clmn_nm_index\">Inhoudsopgave<\/th><\/tr>\n<\/thead>\n<tbody>\n\n        <tr data-row_id=\"385\" class=\"ninja_table_row_0 nt_row_id_385\">\n            <td>Verschijning<\/td><td>Kleurloze of licht amberkleurige vloeistof<\/td>        <\/tr>\n            <tr data-row_id=\"386\" class=\"ninja_table_row_1 nt_row_id_386\">\n            <td>Vaste inhoud %<\/td><td>30.0min<\/td>        <\/tr>\n            <tr data-row_id=\"387\" class=\"ninja_table_row_2 nt_row_id_387\">\n            <td>pH (1%-oplossing)<\/td><td>9.0min<\/td>        <\/tr>\n            <tr data-row_id=\"388\" class=\"ninja_table_row_3 nt_row_id_388\">\n            <td>Dichtheid (20\u2103), g\/cm3<\/td><td>1.1<\/td>        <\/tr>\n    <\/tbody><!--ninja_tobody_rendering_done-->\n    <\/table>\n    \n    \n    \n<\/div>\n\n<h3>Gebruik:<\/h3>\n<p>Moet worden toegevoegd aan een gesloten systeem met een snelheid van 1500 mg\/l, met een extra 1,3 maal bij normaal gebruik voor optimale prestaties. Bij gebruik als corrosieremmer in olietankers of olieblikken kan het worden gecombineerd met een demulgator voor een verbeterd effect. Voorbehandeling filmen is niet nodig bij gebruik van dit product.<\/p>\n<h3>Pakket en opslag:<\/h3>\n<p>Moet worden bewaard in de originele verpakking, uit de buurt van direct zonlicht en extreme temperaturen. Meng niet met andere chemicali\u00ebn of vloeistoffen en zorg ervoor dat het deksel goed gesloten is wanneer het niet in gebruik is. Het moet met zorg worden behandeld en op verantwoorde wijze worden afgevoerd in overeenstemming met de lokale milieuvoorschriften. 200L plastic vat, IBC (1000L), eis van de klant. Opslag gedurende tien maanden in een schaduwrijke ruimte en droge plaats.<\/p>\n<h3>Veelgestelde vragen over corrosie-inhibitor voor gesloten circulatiesysteem:<\/h3>\n<p><strong>Wat zijn de voordelen van het gebruik van een corrosieremmer voor gesloten circulatiesystemen?<\/strong><br \/>\nEen corrosieremmer voor gesloten circulerende systemen helpt metalen oppervlakken te beschermen tegen schade veroorzaakt door zure en alkalische chemicali\u00ebn. Het kan ook helpen de vorming van roest, slib en kalkaanslag in leidingen, ketels en andere apparatuurcomponenten te verminderen of te elimineren. Dit kan de systeemeffici\u00ebntie verbeteren, downtime als gevolg van onderhoud verminderen en de levensduur van leidingen en apparatuur verlengen.<\/p>\n<p><strong>Hoe werkt een corrosieremmer?<\/strong><br \/>\nCorrosie-inhibitoren vormen een beschermende laag op metalen oppervlakken, waardoor ze niet in contact komen met corrosieve chemicali\u00ebn in het waterbehandelingssysteem. De moleculen van de remmer hechten zich aan het metalen oppervlak en vormen een onzichtbare barri\u00e8re die beschermt tegen chemische aanvallen. Het exacte mechanisme hangt af van het type remmer dat wordt gebruikt - sommige werken door een fysieke barri\u00e8re tussen het metaal en water te vormen, terwijl andere chemische verbindingen vormen die reageren met corrosieve stoffen die in contact komen met het metalen oppervlak en deze neutraliseren.<\/p>\n<p><strong>Welke soorten corrosieremmers zijn er?<\/strong><br \/>\nDe meest gebruikte typen corrosieremmers zijn organische zuren (zoals benzo\u00ebzuur), fosfaten (zoals natriumfosfaat) en polymeren (zoals polyfosfaten). Er zijn ook gepatenteerde mengsels die verschillende soorten remmers in \u00e9\u00e9n product combineren. Deze mengsels bieden een betere bescherming in vergelijking met producten met \u00e9\u00e9n component, maar kunnen aanzienlijk vari\u00ebren, afhankelijk van hun formulering.<\/p>\n<p><strong>Hoe kies ik een geschikte corrosieremmer?<\/strong><br \/>\nBij het selecteren van een geschikte corrosieremmer is het belangrijk om rekening te houden met de compatibiliteit met andere chemicali\u00ebn die in het systeem worden gebruikt, evenals met de prestaties onder verschillende omstandigheden, zoals pH-niveaus en temperatuurbereiken - sommige remmers zijn alleen effectief in bepaalde omgevingen of voor specifieke metalen . Houd ook rekening met wettelijke vereisten, aangezien sommige remmers mogelijk niet zijn toegestaan in bepaalde gebieden of toepassingen vanwege milieuoverwegingen of gezondheidsproblemen.<\/p>\n<p><a href=\"https:\/\/vcycletech.com\/nl\/product-categorie\/corrosie-inhibitoren-en-voorbehandeling-filmvormende-middelen-op-schaal\/\"><strong>Download de complete oplossing voor corrosieremmers en voorbehandelingsfilmmiddelen op schaal.<\/strong><\/a><\/p>","protected":false},"excerpt":{"rendered":"<p><strong>Corrosie-inhibitor voor gesloten circulatiesysteem<\/strong> for Water Treatment Chemicals helpt metalen oppervlakken te beschermen die in contact komen met water, afvalwater of procesvloeistoffen. Het is een geconcentreerd vloeibaar product dat een beschermende film op het metalen oppervlak vormt en beschermt tegen corrosie. De remmer kan worden gebruikt in gesloten circulerende systemen zoals koeltorens, boilers, condensors en warmtewisselaars. Het is ook effectief in open systemen zoals rivieren, meren en oceanen.<\/p>\n<p>De remmer is in grote hoeveelheden vanuit China verkrijgbaar voor bedrijven die in de groothandel willen kopen. Het is een milieuvriendelijk product dat geen schadelijke chemicali\u00ebn of metalen bevat. Het is veilig te gebruiken met alle soorten chemicali\u00ebn voor waterbehandeling en biedt langdurige bescherming tegen corrosie.<\/p>","protected":false},"featured_media":1458,"template":"","meta":{"site-sidebar-layout":"default","site-content-layout":"default","ast-site-content-layout":"default","site-content-style":"default","site-sidebar-style":"default","ast-global-header-display":"","ast-banner-title-visibility":"","ast-main-header-display":"","ast-hfb-above-header-display":"","ast-hfb-below-header-display":"","ast-hfb-mobile-header-display":"","site-post-title":"","ast-breadcrumbs-content":"","ast-featured-img":"","footer-sml-layout":"","ast-disable-related-posts":"","theme-transparent-header-meta":"default","adv-header-id-meta":"","stick-header-meta":"default","header-above-stick-meta":"","header-main-stick-meta":"","header-below-stick-meta":"","astra-migrate-meta-layouts":"default","ast-page-background-enabled":"default","ast-page-background-meta":{"desktop":{"background-color":"","background-image":"","background-repeat":"repeat","background-position":"center center","background-size":"auto","background-attachment":"scroll","background-type":"","background-media":"","overlay-type":"","overlay-color":"","overlay-opacity":"","overlay-gradient":""},"tablet":{"background-color":"","background-image":"","background-repeat":"repeat","background-position":"center center","background-size":"auto","background-attachment":"scroll","background-type":"","background-media":"","overlay-type":"","overlay-color":"","overlay-opacity":"","overlay-gradient":""},"mobile":{"background-color":"","background-image":"","background-repeat":"repeat","background-position":"center center","background-size":"auto","background-attachment":"scroll","background-type":"","background-media":"","overlay-type":"","overlay-color":"","overlay-opacity":"","overlay-gradient":""}},"ast-content-background-meta":{"desktop":{"background-color":"var(--ast-global-color-5)","background-image":"","background-repeat":"repeat","background-position":"center center","background-size":"auto","background-attachment":"scroll","background-type":"","background-media":"","overlay-type":"","overlay-color":"","overlay-opacity":"","overlay-gradient":""},"tablet":{"background-color":"var(--ast-global-color-5)","background-image":"","background-repeat":"repeat","background-position":"center center","background-size":"auto","background-attachment":"scroll","background-type":"","background-media":"","overlay-type":"","overlay-color":"","overlay-opacity":"","overlay-gradient":""},"mobile":{"background-color":"var(--ast-global-color-5)","background-image":"","background-repeat":"repeat","background-position":"center center","background-size":"auto","background-attachment":"scroll","background-type":"","background-media":"","overlay-type":"","overlay-color":"","overlay-opacity":"","overlay-gradient":""}}},"product_brand":[],"product_cat":[32],"product_tag":[],"class_list":{"0":"post-1443","1":"product","2":"type-product","3":"status-publish","4":"has-post-thumbnail","6":"product_cat-built-scale-corrosion-inhibitors-and-pretreatment-filming-agents","7":"desktop-align-left","8":"tablet-align-left","9":"mobile-align-left","10":"ast-product-gallery-layout-horizontal-slider","11":"ast-product-tabs-layout-horizontal","13":"first","14":"instock","15":"shipping-taxable","16":"product-type-simple"},"yoast_head":"<!-- This site is optimized with the Yoast SEO Premium plugin v26.3 (Yoast SEO v27.3) - https:\/\/yoast.com\/product\/yoast-seo-premium-wordpress\/ -->\n<title>Corrosion Inhibitor For Closed Circulating System - vcycletech<\/title>\n<meta name=\"description\" content=\"It is an advanced corrosion inhibitor for industrial closed circulating systems. It reduces water hardness, prevents scale deposition, and enhances system efficiency by eliminating the need for pretreatment filming operations. This product is easy to use and can help reduce maintenance costs and downtime in your system. Additionally, it can be used as a corrosion inhibitor in oil tankers or oil cans when paired with a demulsifier to maximize its effectiveness.\" \/>\n<meta name=\"robots\" content=\"index, follow, max-snippet:-1, max-image-preview:large, max-video-preview:-1\" \/>\n<link rel=\"canonical\" href=\"https:\/\/vcycletech.com\/nl\/product\/corrosie-inhibitor-voor-gesloten-circulerend-systeem\/\" \/>\n<meta property=\"og:locale\" content=\"nl_NL\" \/>\n<meta property=\"og:type\" content=\"article\" \/>\n<meta property=\"og:title\" content=\"Corrosion Inhibitor For Closed Circulating System\" \/>\n<meta property=\"og:description\" content=\"It is an advanced corrosion inhibitor for industrial closed circulating systems. It reduces water hardness, prevents scale deposition, and enhances system efficiency by eliminating the need for pretreatment filming operations. This product is easy to use and can help reduce maintenance costs and downtime in your system. Additionally, it can be used as a corrosion inhibitor in oil tankers or oil cans when paired with a demulsifier to maximize its effectiveness.\" \/>\n<meta property=\"og:url\" content=\"https:\/\/vcycletech.com\/nl\/product\/corrosie-inhibitor-voor-gesloten-circulerend-systeem\/\" \/>\n<meta property=\"og:site_name\" content=\"vcycletech\" \/>\n<meta property=\"article:modified_time\" content=\"2023-03-22T07:48:12+00:00\" \/>\n<meta property=\"og:image\" content=\"https:\/\/vcycletech.com\/wp-content\/uploads\/2023\/03\/1-80.png\" \/>\n\t<meta property=\"og:image:width\" content=\"600\" \/>\n\t<meta property=\"og:image:height\" content=\"600\" \/>\n\t<meta property=\"og:image:type\" content=\"image\/png\" \/>\n<meta name=\"twitter:card\" content=\"summary_large_image\" \/>\n<meta name=\"twitter:label1\" content=\"Geschatte leestijd\" \/>\n\t<meta name=\"twitter:data1\" content=\"3 minuten\" \/>\n<script type=\"application\/ld+json\" class=\"yoast-schema-graph\">{\"@context\":\"https:\\\/\\\/schema.org\",\"@graph\":[{\"@type\":\"WebPage\",\"@id\":\"https:\\\/\\\/vcycletech.com\\\/product\\\/corrosion-inhibitor-for-closed-circulating-system\\\/\",\"url\":\"https:\\\/\\\/vcycletech.com\\\/product\\\/corrosion-inhibitor-for-closed-circulating-system\\\/\",\"name\":\"Corrosion Inhibitor For Closed Circulating System - vcycletech\",\"isPartOf\":{\"@id\":\"https:\\\/\\\/vcycletech.com\\\/#website\"},\"primaryImageOfPage\":{\"@id\":\"https:\\\/\\\/vcycletech.com\\\/product\\\/corrosion-inhibitor-for-closed-circulating-system\\\/#primaryimage\"},\"image\":{\"@id\":\"https:\\\/\\\/vcycletech.com\\\/product\\\/corrosion-inhibitor-for-closed-circulating-system\\\/#primaryimage\"},\"thumbnailUrl\":\"https:\\\/\\\/vcycletech.com\\\/wp-content\\\/uploads\\\/2023\\\/03\\\/1-80.png\",\"datePublished\":\"2023-03-22T07:37:57+00:00\",\"dateModified\":\"2023-03-22T07:48:12+00:00\",\"description\":\"It is an advanced corrosion inhibitor for industrial closed circulating systems. It reduces water hardness, prevents scale deposition, and enhances system efficiency by eliminating the need for pretreatment filming operations. This product is easy to use and can help reduce maintenance costs and downtime in your system. Additionally, it can be used as a corrosion inhibitor in oil tankers or oil cans when paired with a demulsifier to maximize its effectiveness.\",\"breadcrumb\":{\"@id\":\"https:\\\/\\\/vcycletech.com\\\/product\\\/corrosion-inhibitor-for-closed-circulating-system\\\/#breadcrumb\"},\"inLanguage\":\"nl-NL\",\"potentialAction\":[{\"@type\":\"ReadAction\",\"target\":[\"https:\\\/\\\/vcycletech.com\\\/product\\\/corrosion-inhibitor-for-closed-circulating-system\\\/\"]}]},{\"@type\":\"ImageObject\",\"inLanguage\":\"nl-NL\",\"@id\":\"https:\\\/\\\/vcycletech.com\\\/product\\\/corrosion-inhibitor-for-closed-circulating-system\\\/#primaryimage\",\"url\":\"https:\\\/\\\/vcycletech.com\\\/wp-content\\\/uploads\\\/2023\\\/03\\\/1-80.png\",\"contentUrl\":\"https:\\\/\\\/vcycletech.com\\\/wp-content\\\/uploads\\\/2023\\\/03\\\/1-80.png\",\"width\":600,\"height\":600,\"caption\":\"Corrosion Inhibitor for Closed Circulating System\"},{\"@type\":\"BreadcrumbList\",\"@id\":\"https:\\\/\\\/vcycletech.com\\\/product\\\/corrosion-inhibitor-for-closed-circulating-system\\\/#breadcrumb\",\"itemListElement\":[{\"@type\":\"ListItem\",\"position\":1,\"name\":\"Home\",\"item\":\"https:\\\/\\\/vcycletech.com\\\/\"},{\"@type\":\"ListItem\",\"position\":2,\"name\":\"Water Treatment Chemicals Manufacturer\",\"item\":\"https:\\\/\\\/vcycletech.com\\\/water-treatment-chemicals-manufacturer\\\/\"},{\"@type\":\"ListItem\",\"position\":3,\"name\":\"Corrosion Inhibitor For Closed Circulating System\"}]},{\"@type\":\"WebSite\",\"@id\":\"https:\\\/\\\/vcycletech.com\\\/#website\",\"url\":\"https:\\\/\\\/vcycletech.com\\\/\",\"name\":\"vcycletech\",\"description\":\"China&#039;s top water treatment chemicals supplier\",\"publisher\":{\"@id\":\"https:\\\/\\\/vcycletech.com\\\/#organization\"},\"potentialAction\":[{\"@type\":\"SearchAction\",\"target\":{\"@type\":\"EntryPoint\",\"urlTemplate\":\"https:\\\/\\\/vcycletech.com\\\/?s={search_term_string}\"},\"query-input\":{\"@type\":\"PropertyValueSpecification\",\"valueRequired\":true,\"valueName\":\"search_term_string\"}}],\"inLanguage\":\"nl-NL\"},{\"@type\":\"Organization\",\"@id\":\"https:\\\/\\\/vcycletech.com\\\/#organization\",\"name\":\"vcycletech\",\"url\":\"https:\\\/\\\/vcycletech.com\\\/\",\"logo\":{\"@type\":\"ImageObject\",\"inLanguage\":\"nl-NL\",\"@id\":\"https:\\\/\\\/vcycletech.com\\\/#\\\/schema\\\/logo\\\/image\\\/\",\"url\":\"https:\\\/\\\/vcycletech.com\\\/wp-content\\\/uploads\\\/2023\\\/03\\\/logo-vcycletech-1.png\",\"contentUrl\":\"https:\\\/\\\/vcycletech.com\\\/wp-content\\\/uploads\\\/2023\\\/03\\\/logo-vcycletech-1.png\",\"width\":600,\"height\":400,\"caption\":\"vcycletech\"},\"image\":{\"@id\":\"https:\\\/\\\/vcycletech.com\\\/#\\\/schema\\\/logo\\\/image\\\/\"}}]}<\/script>\n<!-- \/ Yoast SEO Premium plugin. -->","yoast_head_json":{"title":"Corrosie-inhibitor voor gesloten circulatiesysteem - vcycletech","description":"Het is een geavanceerde corrosieremmer voor industri\u00eble gesloten circulatiesystemen. Het vermindert de waterhardheid, voorkomt kalkafzetting en verbetert de systeemeffici\u00ebntie door de noodzaak van voorbehandelingsfilmbewerkingen te elimineren. Dit product is gebruiksvriendelijk en kan helpen de onderhoudskosten en downtime van uw systeem te verminderen. Bovendien kan het worden gebruikt als corrosieremmer in olietankers of olieblikken in combinatie met een demulgator om de effectiviteit te maximaliseren.","robots":{"index":"index","follow":"follow","max-snippet":"max-snippet:-1","max-image-preview":"max-image-preview:large","max-video-preview":"max-video-preview:-1"},"canonical":"https:\/\/vcycletech.com\/nl\/product\/corrosie-inhibitor-voor-gesloten-circulerend-systeem\/","og_locale":"nl_NL","og_type":"article","og_title":"Corrosion Inhibitor For Closed Circulating System","og_description":"It is an advanced corrosion inhibitor for industrial closed circulating systems. It reduces water hardness, prevents scale deposition, and enhances system efficiency by eliminating the need for pretreatment filming operations. This product is easy to use and can help reduce maintenance costs and downtime in your system. Additionally, it can be used as a corrosion inhibitor in oil tankers or oil cans when paired with a demulsifier to maximize its effectiveness.","og_url":"https:\/\/vcycletech.com\/nl\/product\/corrosie-inhibitor-voor-gesloten-circulerend-systeem\/","og_site_name":"vcycletech","article_modified_time":"2023-03-22T07:48:12+00:00","og_image":[{"width":600,"height":600,"url":"https:\/\/vcycletech.com\/wp-content\/uploads\/2023\/03\/1-80.png","type":"image\/png"}],"twitter_card":"summary_large_image","twitter_misc":{"Geschatte leestijd":"3 minuten"},"schema":{"@context":"https:\/\/schema.org","@graph":[{"@type":"WebPage","@id":"https:\/\/vcycletech.com\/product\/corrosion-inhibitor-for-closed-circulating-system\/","url":"https:\/\/vcycletech.com\/product\/corrosion-inhibitor-for-closed-circulating-system\/","name":"Corrosie-inhibitor voor gesloten circulatiesysteem - vcycletech","isPartOf":{"@id":"https:\/\/vcycletech.com\/#website"},"primaryImageOfPage":{"@id":"https:\/\/vcycletech.com\/product\/corrosion-inhibitor-for-closed-circulating-system\/#primaryimage"},"image":{"@id":"https:\/\/vcycletech.com\/product\/corrosion-inhibitor-for-closed-circulating-system\/#primaryimage"},"thumbnailUrl":"https:\/\/vcycletech.com\/wp-content\/uploads\/2023\/03\/1-80.png","datePublished":"2023-03-22T07:37:57+00:00","dateModified":"2023-03-22T07:48:12+00:00","description":"Het is een geavanceerde corrosieremmer voor industri\u00eble gesloten circulatiesystemen. Het vermindert de waterhardheid, voorkomt kalkafzetting en verbetert de systeemeffici\u00ebntie door de noodzaak van voorbehandelingsfilmbewerkingen te elimineren. Dit product is gebruiksvriendelijk en kan helpen de onderhoudskosten en downtime van uw systeem te verminderen. Bovendien kan het worden gebruikt als corrosieremmer in olietankers of olieblikken in combinatie met een demulgator om de effectiviteit te maximaliseren.","breadcrumb":{"@id":"https:\/\/vcycletech.com\/product\/corrosion-inhibitor-for-closed-circulating-system\/#breadcrumb"},"inLanguage":"nl-NL","potentialAction":[{"@type":"ReadAction","target":["https:\/\/vcycletech.com\/product\/corrosion-inhibitor-for-closed-circulating-system\/"]}]},{"@type":"ImageObject","inLanguage":"nl-NL","@id":"https:\/\/vcycletech.com\/product\/corrosion-inhibitor-for-closed-circulating-system\/#primaryimage","url":"https:\/\/vcycletech.com\/wp-content\/uploads\/2023\/03\/1-80.png","contentUrl":"https:\/\/vcycletech.com\/wp-content\/uploads\/2023\/03\/1-80.png","width":600,"height":600,"caption":"Corrosion Inhibitor for Closed Circulating System"},{"@type":"BreadcrumbList","@id":"https:\/\/vcycletech.com\/product\/corrosion-inhibitor-for-closed-circulating-system\/#breadcrumb","itemListElement":[{"@type":"ListItem","position":1,"name":"Home","item":"https:\/\/vcycletech.com\/"},{"@type":"ListItem","position":2,"name":"Water Treatment Chemicals Manufacturer","item":"https:\/\/vcycletech.com\/water-treatment-chemicals-manufacturer\/"},{"@type":"ListItem","position":3,"name":"Corrosion Inhibitor For Closed Circulating System"}]},{"@type":"WebSite","@id":"https:\/\/vcycletech.com\/#website","url":"https:\/\/vcycletech.com\/","name":"vcycletech","description":"China&#039;s belangrijkste leverancier van chemicali\u00ebn voor waterbehandeling","publisher":{"@id":"https:\/\/vcycletech.com\/#organization"},"potentialAction":[{"@type":"SearchAction","target":{"@type":"EntryPoint","urlTemplate":"https:\/\/vcycletech.com\/?s={search_term_string}"},"query-input":{"@type":"PropertyValueSpecification","valueRequired":true,"valueName":"search_term_string"}}],"inLanguage":"nl-NL"},{"@type":"Organization","@id":"https:\/\/vcycletech.com\/#organization","name":"vcycletech","url":"https:\/\/vcycletech.com\/","logo":{"@type":"ImageObject","inLanguage":"nl-NL","@id":"https:\/\/vcycletech.com\/#\/schema\/logo\/image\/","url":"https:\/\/vcycletech.com\/wp-content\/uploads\/2023\/03\/logo-vcycletech-1.png","contentUrl":"https:\/\/vcycletech.com\/wp-content\/uploads\/2023\/03\/logo-vcycletech-1.png","width":600,"height":400,"caption":"vcycletech"},"image":{"@id":"https:\/\/vcycletech.com\/#\/schema\/logo\/image\/"}}]}},"_links":{"self":[{"href":"https:\/\/vcycletech.com\/nl\/wp-json\/wp\/v2\/product\/1443","targetHints":{"allow":["GET"]}}],"collection":[{"href":"https:\/\/vcycletech.com\/nl\/wp-json\/wp\/v2\/product"}],"about":[{"href":"https:\/\/vcycletech.com\/nl\/wp-json\/wp\/v2\/types\/product"}],"wp:featuredmedia":[{"embeddable":true,"href":"https:\/\/vcycletech.com\/nl\/wp-json\/wp\/v2\/media\/1458"}],"wp:attachment":[{"href":"https:\/\/vcycletech.com\/nl\/wp-json\/wp\/v2\/media?parent=1443"}],"wp:term":[{"taxonomy":"product_brand","embeddable":true,"href":"https:\/\/vcycletech.com\/nl\/wp-json\/wp\/v2\/product_brand?post=1443"},{"taxonomy":"product_cat","embeddable":true,"href":"https:\/\/vcycletech.com\/nl\/wp-json\/wp\/v2\/product_cat?post=1443"},{"taxonomy":"product_tag","embeddable":true,"href":"https:\/\/vcycletech.com\/nl\/wp-json\/wp\/v2\/product_tag?post=1443"}],"curies":[{"name":"wp","href":"https:\/\/api.w.org\/{rel}","templated":true}]}}