{"id":1427,"date":"2023-03-22T06:53:18","date_gmt":"2023-03-22T06:53:18","guid":{"rendered":"https:\/\/vcycletech.com\/?post_type=product&#038;p=1427"},"modified":"2023-03-27T02:44:54","modified_gmt":"2023-03-27T02:44:54","slug":"wt-610-kalkremmer-voor-stoffig-water","status":"publish","type":"product","link":"https:\/\/vcycletech.com\/nl\/product\/wt-610-kalkremmer-voor-stoffig-water\/","title":{"rendered":"WT-610 Kalkremmer voor stoffig water"},"content":{"rendered":"<h3 id=\"introduction_2\" class=\"xsj_heading_hash xsj_heading xsj_heading_h2\" data-source-line=\"6\" data-source-line-display=\"true\"><span class=\"xsj_heading_content\">Invoering:<\/span><\/h3>\n<p class=\"xsj_paragraph xsj_paragraph_level_0\" data-source-line=\"7\" data-source-line-display=\"true\"><strong>WT-610<\/strong> is een geavanceerde copolymeerformule die speciaal is ontwikkeld om stof in watersystemen te verminderen. Het verspreidt effectief deeltjes door het watersysteem, waardoor optimale kristalvervormingseigenschappen en een schone omgeving worden gegarandeerd. Lees meer over de functies, toepassingen en veelgestelde vragen van deze krachtige aanslagremmer.<\/p>\n<div class=\"xiaoshujiang_element xsj_anchor\"><a class=\"blank_anchor_name\" name=\"features_3\"><\/a><a id=\"features_3\" class=\"blank_anchor_id\"><\/a><a class=\"blank_anchor_name\" name=\"features\"><\/a><a id=\"features\" class=\"blank_anchor_id\"><\/a><\/div>\n<h3 id=\"features_3\" class=\"xsj_heading_hash xsj_heading xsj_heading_h2\" data-source-line=\"9\" data-source-line-display=\"true\"><span class=\"xsj_heading_content\">Functies:<br \/>\n<\/span><\/h3>\n<p class=\"xsj_paragraph xsj_paragraph_level_0\" data-source-line=\"12\" data-source-line-display=\"true\">Het meest opmerkelijke kenmerk van WT-610 zijn de krachtige chelerende eigenschappen. Hierdoor kan het zich veel effici\u00ebnter in het watersysteem verspreiden dan traditionele formules, wat leidt tot betere stofreductieresultaten. Bovendien heeft WT-610 uitstekende corrosiebeschermingsmogelijkheden en is het goedgekeurd voor gebruik in drinkwatersystemen, waardoor het perfect is voor verschillende industri\u00eble toepassingen.<\/p>\n<div class=\"xiaoshujiang_element xsj_anchor\"><a class=\"blank_anchor_name\" name=\"applications_4\"><\/a><a id=\"applications_4\" class=\"blank_anchor_id\"><\/a><a class=\"blank_anchor_name\" name=\"applications\"><\/a><a id=\"applications\" class=\"blank_anchor_id\"><\/a><\/div>\n<h3 id=\"applications_4\" class=\"xsj_heading_hash xsj_heading xsj_heading_h2\" data-source-line=\"14\" data-source-line-display=\"true\"><span class=\"xsj_heading_content\">Toepassingen:<\/span><\/h3>\n<p class=\"xsj_paragraph xsj_paragraph_level_0\" data-source-line=\"16\" data-source-line-display=\"true\">WT-610 wordt in veel industrie\u00ebn gebruikt; enkele van de meest voorkomende toepassingen zijn koeltorens, ketels en industri\u00eble processen zoals olieraffinage en papierproductie. Het kan ook worden gebruikt in verschillende commerci\u00eble en huishoudelijke omgevingen om de opbouw van calciumcarbonaatafzettingen te beheersen, waardoor leidingen schoon blijven en optimaal blijven werken.<\/p>\n<h3>Specificatie:<\/h3>\n<div>\n<table id=\"tablepress-5\" class=\"tablepress tablepress-id-5\">\n<thead>\n<tr class=\"row-1\">\n\t<th class=\"column-1\">Artikelen<\/th><th class=\"column-2\">Inhoudsopgave<\/th><td class=\"column-3\"><\/td>\n<\/tr>\n<\/thead>\n<tbody class=\"row-striping row-hover\">\n<tr class=\"row-2\">\n\t<td class=\"column-1\">Verschijning<\/td><td class=\"column-2\">Amberkleurige transparante vloeistof<\/td><td class=\"column-3\"><\/td>\n<\/tr>\n<tr class=\"row-3\">\n\t<td class=\"column-1\">Vaste inhoud, %<\/td><td class=\"column-2\">40,0 min<\/td><td class=\"column-3\"><\/td>\n<\/tr>\n<tr class=\"row-4\">\n\t<td class=\"column-1\">Totaal fosforzuur,(als PO43-)%<\/td><td class=\"column-2\">25,0 min<\/td><td class=\"column-3\"><\/td>\n<\/tr>\n<tr class=\"row-5\">\n\t<td class=\"column-1\">pH,(1%wateroplossing)<\/td><td class=\"column-2\">2,0 \u00b1 0,5<\/td><td class=\"column-3\"><\/td>\n<\/tr>\n<tr class=\"row-6\">\n\t<td class=\"column-1\">Dichtheid (20\u2103), g\/cm3<\/td><td class=\"column-2\">1.20 min<\/td><td class=\"column-3\"><\/td>\n<\/tr>\n<tr class=\"row-7\">\n\t<td class=\"column-1\"><span style=\"color:#222222;\"><strong><\/strong><\/span><\/td><td class=\"column-2\"><\/td><td class=\"column-3\"><\/td>\n<\/tr>\n<\/tbody>\n<\/table>\n<!-- #tablepress-5 from cache --><\/div>\n<div class=\"xiaoshujiang_element xsj_anchor\"><a class=\"blank_anchor_name\" name=\"faqs_5\"><\/a><a id=\"faqs_5\" class=\"blank_anchor_id\"><\/a><a class=\"blank_anchor_name\" name=\"faqs\"><\/a><a id=\"faqs\" class=\"blank_anchor_id\"><\/a><\/div>\n<h3 id=\"faqs_5\" class=\"xsj_heading_hash xsj_heading xsj_heading_h2\" data-source-line=\"18\" data-source-line-display=\"true\"><span class=\"xsj_heading_content\">Veelgestelde vragen:<\/span><\/h3>\n<div class=\"xiaoshujiang_element xsj_anchor\"><a class=\"blank_anchor_name\" name=\"q20what20makes20wt-61020different20from20other20scale20inhibitors_6\"><\/a><a id=\"q20what20makes20wt-61020different20from20other20scale20inhibitors_6\" class=\"blank_anchor_id\"><\/a><a class=\"blank_anchor_name\" name=\"q-what-makes-wt-610-different-from-other-scale-inhibitors\"><\/a><a id=\"q-what-makes-wt-610-different-from-other-scale-inhibitors\" class=\"blank_anchor_id\"><\/a><\/div>\n<p id=\"q20what20makes20wt-61020different20from20other20scale20inhibitors_6\" class=\"xsj_heading_hash xsj_heading xsj_heading_h3\" data-source-line=\"20\" data-source-line-display=\"true\"><strong><span class=\"xsj_heading_content\">V: Wat maakt WT-610 anders dan andere aanslagremmers?<\/span><\/strong><\/p>\n<p class=\"xsj_paragraph xsj_paragraph_level_0\" data-source-line=\"22\" data-source-line-display=\"true\">A: Het belangrijkste verschil tussen WT-610 en andere aanslagremmers ligt in de unieke copolymeerformule. Deze combinatie van organofosfinezuur, polycarbonzuur en sulfozoutelementen biedt superieure chelaatvormende eigenschappen in vergelijking met traditionele formules, waardoor het zich veel effectiever in watersystemen kan verspreiden en tegelijkertijd uitstekende stofreductie-voordelen biedt.<\/p>\n<div class=\"xiaoshujiang_element xsj_anchor\"><a class=\"blank_anchor_name\" name=\"q20is20wt-61020safe20for20use20with20potable20water_7\"><\/a><a id=\"q20is20wt-61020safe20for20use20with20potable20water_7\" class=\"blank_anchor_id\"><\/a><a class=\"blank_anchor_name\" name=\"q-is-wt-610-safe-for-use-with-potable-water\"><\/a><a id=\"q-is-wt-610-safe-for-use-with-potable-water\" class=\"blank_anchor_id\"><\/a><\/div>\n<p id=\"q20is20wt-61020safe20for20use20with20potable20water_7\" class=\"xsj_heading_hash xsj_heading xsj_heading_h3\" data-source-line=\"24\" data-source-line-display=\"true\"><strong><span class=\"xsj_heading_content\">V: Is WT-610 veilig voor gebruik met drinkwater?<\/span><\/strong><\/p>\n<p class=\"xsj_paragraph xsj_paragraph_level_0\" data-source-line=\"26\" data-source-line-display=\"true\">EEN: Absoluut! WT-610 heeft goedkeuring gekregen van NSF International voor gebruik in drinkwatersystemen. U kunt er zeker van zijn dat uw water veilig blijft na behandeling met deze geavanceerde kalkremmer.<\/p>\n<div class=\"xiaoshujiang_element xsj_anchor\"><a class=\"blank_anchor_name\" name=\"q20how20often20should20i20use20wt-610_8\"><\/a><a id=\"q20how20often20should20i20use20wt-610_8\" class=\"blank_anchor_id\"><\/a><a class=\"blank_anchor_name\" name=\"q-how-often-should-i-use-wt-610\"><\/a><a id=\"q-how-often-should-i-use-wt-610\" class=\"blank_anchor_id\"><\/a><\/div>\n<p id=\"q20how20often20should20i20use20wt-610_8\" class=\"xsj_heading_hash xsj_heading xsj_heading_h3\" data-source-line=\"28\" data-source-line-display=\"true\"><strong><span class=\"xsj_heading_content\">V: Hoe vaak moet ik WT-610 gebruiken?<\/span><\/strong><\/p>\n<p class=\"xsj_paragraph xsj_paragraph_level_0\" data-source-line=\"30\" data-source-line-display=\"true\">A: Over het algemeen moet u de WT-610 elke 1 tot 2 weken gebruiken, afhankelijk van hoe zwaar uw systeem wordt gebruikt; we raden u echter aan een professional te raadplegen als u niet zeker bent van de exacte gebruiksvereisten voor uw specifieke situatie.<\/p>\n<div class=\"xiaoshujiang_element xsj_anchor\"><a class=\"blank_anchor_name\" name=\"q20what20are20some20signs20that20my20system20needs20treatment20with20wt-610_9\"><\/a><a id=\"q20what20are20some20signs20that20my20system20needs20treatment20with20wt-610_9\" class=\"blank_anchor_id\"><\/a><a class=\"blank_anchor_name\" name=\"q-what-are-some-signs-that-my-system-needs-treatment-with-wt-610\"><\/a><a id=\"q-what-are-some-signs-that-my-system-needs-treatment-with-wt-610\" class=\"blank_anchor_id\"><\/a><\/div>\n<p id=\"q20what20are20some20signs20that20my20system20needs20treatment20with20wt-610_9\" class=\"xsj_heading_hash xsj_heading xsj_heading_h3\" data-source-line=\"32\" data-source-line-display=\"true\"><strong><span class=\"xsj_heading_content\">V: Wat zijn enkele tekenen dat mijn systeem moet worden behandeld met WT-610?<\/span><\/strong><\/p>\n<p class=\"xsj_paragraph xsj_paragraph_level_0\" data-source-line=\"34\" data-source-line-display=\"true\">A: Als u stof- of mineraalafzettingen opmerkt rond armaturen of apparaten die op uw systeem zijn aangesloten, zoals toiletten of vaatwassers, is het misschien tijd om een dosis WT-610 toe te passen. Bovendien, als apparatuur die op uw systeem is aangesloten langzamer lijkt te werken dan normaal of als er een onaangename geur uit kranen of leidingen komt, kan dit erop wijzen dat een behandeling met een kalkremmer nodig is.<\/p>\n<p class=\"xsj_paragraph xsj_paragraph_level_0\" data-source-line=\"37\" data-source-line-display=\"true\"><a class=\"xsj_link xsj_manu_link\" href=\"https:\/\/vcycletech.com\/nl\/product-categorie\/corrosie-inhibitoren-en-voorbehandeling-filmvormende-middelen-op-schaal\/\">Download de volledige oplossing voor ingebouwde aanslag- en corrosieremmers en filmvormende middelen voor voorbehandeling<\/a>.<\/p>","protected":false},"excerpt":{"rendered":"<p>Als u op zoek bent naar een kalkremmer om stof in uw watersysteem te helpen verminderen, hoeft u niet verder te zoeken dan <strong>WT-610<\/strong>! Deze copolymeerformule bevat organofosfinezuur, polycarbonzuur en sulfozoutelementen, die een effectieve chelaatvormer vormen. De deeltjes verspreid in het watersysteem zullen kristallen vervormen en leiden tot een constant schone omgeving. Niet alleen dat, maar WT-610 kan ook helpen bij het verminderen van stofniveaus in uw bedrijfsvoering. Probeer het vandaag nog!<\/p>","protected":false},"featured_media":1430,"template":"","meta":{"site-sidebar-layout":"default","site-content-layout":"default","ast-site-content-layout":"default","site-content-style":"default","site-sidebar-style":"default","ast-global-header-display":"","ast-banner-title-visibility":"","ast-main-header-display":"","ast-hfb-above-header-display":"","ast-hfb-below-header-display":"","ast-hfb-mobile-header-display":"","site-post-title":"","ast-breadcrumbs-content":"","ast-featured-img":"","footer-sml-layout":"","ast-disable-related-posts":"","theme-transparent-header-meta":"default","adv-header-id-meta":"","stick-header-meta":"default","header-above-stick-meta":"","header-main-stick-meta":"","header-below-stick-meta":"","astra-migrate-meta-layouts":"default","ast-page-background-enabled":"default","ast-page-background-meta":{"desktop":{"background-color":"","background-image":"","background-repeat":"repeat","background-position":"center center","background-size":"auto","background-attachment":"scroll","background-type":"","background-media":"","overlay-type":"","overlay-color":"","overlay-opacity":"","overlay-gradient":""},"tablet":{"background-color":"","background-image":"","background-repeat":"repeat","background-position":"center center","background-size":"auto","background-attachment":"scroll","background-type":"","background-media":"","overlay-type":"","overlay-color":"","overlay-opacity":"","overlay-gradient":""},"mobile":{"background-color":"","background-image":"","background-repeat":"repeat","background-position":"center center","background-size":"auto","background-attachment":"scroll","background-type":"","background-media":"","overlay-type":"","overlay-color":"","overlay-opacity":"","overlay-gradient":""}},"ast-content-background-meta":{"desktop":{"background-color":"var(--ast-global-color-5)","background-image":"","background-repeat":"repeat","background-position":"center center","background-size":"auto","background-attachment":"scroll","background-type":"","background-media":"","overlay-type":"","overlay-color":"","overlay-opacity":"","overlay-gradient":""},"tablet":{"background-color":"var(--ast-global-color-5)","background-image":"","background-repeat":"repeat","background-position":"center center","background-size":"auto","background-attachment":"scroll","background-type":"","background-media":"","overlay-type":"","overlay-color":"","overlay-opacity":"","overlay-gradient":""},"mobile":{"background-color":"var(--ast-global-color-5)","background-image":"","background-repeat":"repeat","background-position":"center center","background-size":"auto","background-attachment":"scroll","background-type":"","background-media":"","overlay-type":"","overlay-color":"","overlay-opacity":"","overlay-gradient":""}}},"product_brand":[],"product_cat":[32],"product_tag":[],"class_list":{"0":"post-1427","1":"product","2":"type-product","3":"status-publish","4":"has-post-thumbnail","6":"product_cat-built-scale-corrosion-inhibitors-and-pretreatment-filming-agents","7":"desktop-align-left","8":"tablet-align-left","9":"mobile-align-left","10":"ast-product-gallery-layout-horizontal-slider","11":"ast-product-gallery-with-no-image","12":"ast-product-tabs-layout-horizontal","14":"first","15":"instock","16":"shipping-taxable","17":"product-type-simple"},"yoast_head":"<!-- This site is optimized with the Yoast SEO Premium plugin v26.3 (Yoast SEO v27.5) - https:\/\/yoast.com\/product\/yoast-seo-premium-wordpress\/ -->\n<title>WT-610 Scale Inhibitor for Dusty Water - vcycletech<\/title>\n<meta name=\"description\" content=\"WT-610 Scale Inhibitor for Dusty Water is the perfect solution to help keep your water system running normally! Its organophosphine acid, polycarboxylic acid and sulfosalt copolymer properties provide chelation and dispersion to recover crystal distortion.\" \/>\n<meta name=\"robots\" content=\"index, follow, max-snippet:-1, max-image-preview:large, max-video-preview:-1\" \/>\n<link rel=\"canonical\" href=\"https:\/\/vcycletech.com\/nl\/product\/wt-610-kalkremmer-voor-stoffig-water\/\" \/>\n<meta property=\"og:locale\" content=\"nl_NL\" \/>\n<meta property=\"og:type\" content=\"article\" \/>\n<meta property=\"og:title\" content=\"WT-610 Scale Inhibitor for Dusty Water\" \/>\n<meta property=\"og:description\" content=\"WT-610 Scale Inhibitor for Dusty Water is the perfect solution to help keep your water system running normally! Its organophosphine acid, polycarboxylic acid and sulfosalt copolymer properties provide chelation and dispersion to recover crystal distortion.\" \/>\n<meta property=\"og:url\" content=\"https:\/\/vcycletech.com\/nl\/product\/wt-610-kalkremmer-voor-stoffig-water\/\" \/>\n<meta property=\"og:site_name\" content=\"vcycletech\" \/>\n<meta property=\"article:modified_time\" content=\"2023-03-27T02:44:54+00:00\" \/>\n<meta property=\"og:image\" content=\"https:\/\/vcycletech.com\/wp-content\/uploads\/2023\/03\/WT-601-3.png\" \/>\n\t<meta property=\"og:image:width\" content=\"600\" \/>\n\t<meta property=\"og:image:height\" content=\"600\" \/>\n\t<meta property=\"og:image:type\" content=\"image\/png\" \/>\n<meta name=\"twitter:card\" content=\"summary_large_image\" \/>\n<meta name=\"twitter:label1\" content=\"Geschatte leestijd\" \/>\n\t<meta name=\"twitter:data1\" content=\"2 minuten\" \/>\n<script type=\"application\/ld+json\" class=\"yoast-schema-graph\">{\"@context\":\"https:\\\/\\\/schema.org\",\"@graph\":[{\"@type\":\"WebPage\",\"@id\":\"https:\\\/\\\/vcycletech.com\\\/product\\\/wt-610-scale-inhibitor-for-dusty-water\\\/\",\"url\":\"https:\\\/\\\/vcycletech.com\\\/product\\\/wt-610-scale-inhibitor-for-dusty-water\\\/\",\"name\":\"WT-610 Scale Inhibitor for Dusty Water - vcycletech\",\"isPartOf\":{\"@id\":\"https:\\\/\\\/vcycletech.com\\\/#website\"},\"primaryImageOfPage\":{\"@id\":\"https:\\\/\\\/vcycletech.com\\\/product\\\/wt-610-scale-inhibitor-for-dusty-water\\\/#primaryimage\"},\"image\":{\"@id\":\"https:\\\/\\\/vcycletech.com\\\/product\\\/wt-610-scale-inhibitor-for-dusty-water\\\/#primaryimage\"},\"thumbnailUrl\":\"https:\\\/\\\/vcycletech.com\\\/wp-content\\\/uploads\\\/2023\\\/03\\\/WT-601-3.png\",\"datePublished\":\"2023-03-22T06:53:18+00:00\",\"dateModified\":\"2023-03-27T02:44:54+00:00\",\"description\":\"WT-610 Scale Inhibitor for Dusty Water is the perfect solution to help keep your water system running normally! Its organophosphine acid, polycarboxylic acid and sulfosalt copolymer properties provide chelation and dispersion to recover crystal distortion.\",\"breadcrumb\":{\"@id\":\"https:\\\/\\\/vcycletech.com\\\/product\\\/wt-610-scale-inhibitor-for-dusty-water\\\/#breadcrumb\"},\"inLanguage\":\"nl-NL\",\"potentialAction\":[{\"@type\":\"ReadAction\",\"target\":[\"https:\\\/\\\/vcycletech.com\\\/product\\\/wt-610-scale-inhibitor-for-dusty-water\\\/\"]}]},{\"@type\":\"ImageObject\",\"inLanguage\":\"nl-NL\",\"@id\":\"https:\\\/\\\/vcycletech.com\\\/product\\\/wt-610-scale-inhibitor-for-dusty-water\\\/#primaryimage\",\"url\":\"https:\\\/\\\/vcycletech.com\\\/wp-content\\\/uploads\\\/2023\\\/03\\\/WT-601-3.png\",\"contentUrl\":\"https:\\\/\\\/vcycletech.com\\\/wp-content\\\/uploads\\\/2023\\\/03\\\/WT-601-3.png\",\"width\":600,\"height\":600,\"caption\":\"WT-610 Scale Inhibitor for Dusty Water\"},{\"@type\":\"BreadcrumbList\",\"@id\":\"https:\\\/\\\/vcycletech.com\\\/product\\\/wt-610-scale-inhibitor-for-dusty-water\\\/#breadcrumb\",\"itemListElement\":[{\"@type\":\"ListItem\",\"position\":1,\"name\":\"Home\",\"item\":\"https:\\\/\\\/vcycletech.com\\\/\"},{\"@type\":\"ListItem\",\"position\":2,\"name\":\"Water Treatment Chemicals Manufacturer\",\"item\":\"https:\\\/\\\/vcycletech.com\\\/water-treatment-chemicals-manufacturer\\\/\"},{\"@type\":\"ListItem\",\"position\":3,\"name\":\"WT-610 Scale Inhibitor for Dusty Water\"}]},{\"@type\":\"WebSite\",\"@id\":\"https:\\\/\\\/vcycletech.com\\\/#website\",\"url\":\"https:\\\/\\\/vcycletech.com\\\/\",\"name\":\"vcycletech\",\"description\":\"China&#039;s top water treatment chemicals supplier\",\"publisher\":{\"@id\":\"https:\\\/\\\/vcycletech.com\\\/#organization\"},\"potentialAction\":[{\"@type\":\"SearchAction\",\"target\":{\"@type\":\"EntryPoint\",\"urlTemplate\":\"https:\\\/\\\/vcycletech.com\\\/?s={search_term_string}\"},\"query-input\":{\"@type\":\"PropertyValueSpecification\",\"valueRequired\":true,\"valueName\":\"search_term_string\"}}],\"inLanguage\":\"nl-NL\"},{\"@type\":\"Organization\",\"@id\":\"https:\\\/\\\/vcycletech.com\\\/#organization\",\"name\":\"vcycletech\",\"url\":\"https:\\\/\\\/vcycletech.com\\\/\",\"logo\":{\"@type\":\"ImageObject\",\"inLanguage\":\"nl-NL\",\"@id\":\"https:\\\/\\\/vcycletech.com\\\/#\\\/schema\\\/logo\\\/image\\\/\",\"url\":\"https:\\\/\\\/vcycletech.com\\\/wp-content\\\/uploads\\\/2023\\\/03\\\/logo-vcycletech-1.png\",\"contentUrl\":\"https:\\\/\\\/vcycletech.com\\\/wp-content\\\/uploads\\\/2023\\\/03\\\/logo-vcycletech-1.png\",\"width\":600,\"height\":400,\"caption\":\"vcycletech\"},\"image\":{\"@id\":\"https:\\\/\\\/vcycletech.com\\\/#\\\/schema\\\/logo\\\/image\\\/\"}}]}<\/script>\n<!-- \/ Yoast SEO Premium plugin. -->","yoast_head_json":{"title":"WT-610 Kalkremmer voor stoffig water - vcycletech","description":"WT-610 Scale Inhibitor for Dusty Water is de perfecte oplossing om uw watersysteem normaal te laten werken! De organofosfinezuur-, polycarbonzuur- en sulfozoutcopolymeereigenschappen zorgen voor chelatie en dispersie om kristalvervorming te herstellen.","robots":{"index":"index","follow":"follow","max-snippet":"max-snippet:-1","max-image-preview":"max-image-preview:large","max-video-preview":"max-video-preview:-1"},"canonical":"https:\/\/vcycletech.com\/nl\/product\/wt-610-kalkremmer-voor-stoffig-water\/","og_locale":"nl_NL","og_type":"article","og_title":"WT-610 Scale Inhibitor for Dusty Water","og_description":"WT-610 Scale Inhibitor for Dusty Water is the perfect solution to help keep your water system running normally! Its organophosphine acid, polycarboxylic acid and sulfosalt copolymer properties provide chelation and dispersion to recover crystal distortion.","og_url":"https:\/\/vcycletech.com\/nl\/product\/wt-610-kalkremmer-voor-stoffig-water\/","og_site_name":"vcycletech","article_modified_time":"2023-03-27T02:44:54+00:00","og_image":[{"width":600,"height":600,"url":"https:\/\/vcycletech.com\/wp-content\/uploads\/2023\/03\/WT-601-3.png","type":"image\/png"}],"twitter_card":"summary_large_image","twitter_misc":{"Geschatte leestijd":"2 minuten"},"schema":{"@context":"https:\/\/schema.org","@graph":[{"@type":"WebPage","@id":"https:\/\/vcycletech.com\/product\/wt-610-scale-inhibitor-for-dusty-water\/","url":"https:\/\/vcycletech.com\/product\/wt-610-scale-inhibitor-for-dusty-water\/","name":"WT-610 Kalkremmer voor stoffig water - vcycletech","isPartOf":{"@id":"https:\/\/vcycletech.com\/#website"},"primaryImageOfPage":{"@id":"https:\/\/vcycletech.com\/product\/wt-610-scale-inhibitor-for-dusty-water\/#primaryimage"},"image":{"@id":"https:\/\/vcycletech.com\/product\/wt-610-scale-inhibitor-for-dusty-water\/#primaryimage"},"thumbnailUrl":"https:\/\/vcycletech.com\/wp-content\/uploads\/2023\/03\/WT-601-3.png","datePublished":"2023-03-22T06:53:18+00:00","dateModified":"2023-03-27T02:44:54+00:00","description":"WT-610 Scale Inhibitor for Dusty Water is de perfecte oplossing om uw watersysteem normaal te laten werken! De organofosfinezuur-, polycarbonzuur- en sulfozoutcopolymeereigenschappen zorgen voor chelatie en dispersie om kristalvervorming te herstellen.","breadcrumb":{"@id":"https:\/\/vcycletech.com\/product\/wt-610-scale-inhibitor-for-dusty-water\/#breadcrumb"},"inLanguage":"nl-NL","potentialAction":[{"@type":"ReadAction","target":["https:\/\/vcycletech.com\/product\/wt-610-scale-inhibitor-for-dusty-water\/"]}]},{"@type":"ImageObject","inLanguage":"nl-NL","@id":"https:\/\/vcycletech.com\/product\/wt-610-scale-inhibitor-for-dusty-water\/#primaryimage","url":"https:\/\/vcycletech.com\/wp-content\/uploads\/2023\/03\/WT-601-3.png","contentUrl":"https:\/\/vcycletech.com\/wp-content\/uploads\/2023\/03\/WT-601-3.png","width":600,"height":600,"caption":"WT-610 Scale Inhibitor for Dusty Water"},{"@type":"BreadcrumbList","@id":"https:\/\/vcycletech.com\/product\/wt-610-scale-inhibitor-for-dusty-water\/#breadcrumb","itemListElement":[{"@type":"ListItem","position":1,"name":"Home","item":"https:\/\/vcycletech.com\/"},{"@type":"ListItem","position":2,"name":"Water Treatment Chemicals Manufacturer","item":"https:\/\/vcycletech.com\/water-treatment-chemicals-manufacturer\/"},{"@type":"ListItem","position":3,"name":"WT-610 Scale Inhibitor for Dusty Water"}]},{"@type":"WebSite","@id":"https:\/\/vcycletech.com\/#website","url":"https:\/\/vcycletech.com\/","name":"vcycletech","description":"China&#039;s belangrijkste leverancier van chemicali\u00ebn voor waterbehandeling","publisher":{"@id":"https:\/\/vcycletech.com\/#organization"},"potentialAction":[{"@type":"SearchAction","target":{"@type":"EntryPoint","urlTemplate":"https:\/\/vcycletech.com\/?s={search_term_string}"},"query-input":{"@type":"PropertyValueSpecification","valueRequired":true,"valueName":"search_term_string"}}],"inLanguage":"nl-NL"},{"@type":"Organization","@id":"https:\/\/vcycletech.com\/#organization","name":"vcycletech","url":"https:\/\/vcycletech.com\/","logo":{"@type":"ImageObject","inLanguage":"nl-NL","@id":"https:\/\/vcycletech.com\/#\/schema\/logo\/image\/","url":"https:\/\/vcycletech.com\/wp-content\/uploads\/2023\/03\/logo-vcycletech-1.png","contentUrl":"https:\/\/vcycletech.com\/wp-content\/uploads\/2023\/03\/logo-vcycletech-1.png","width":600,"height":400,"caption":"vcycletech"},"image":{"@id":"https:\/\/vcycletech.com\/#\/schema\/logo\/image\/"}}]}},"_links":{"self":[{"href":"https:\/\/vcycletech.com\/nl\/wp-json\/wp\/v2\/product\/1427","targetHints":{"allow":["GET"]}}],"collection":[{"href":"https:\/\/vcycletech.com\/nl\/wp-json\/wp\/v2\/product"}],"about":[{"href":"https:\/\/vcycletech.com\/nl\/wp-json\/wp\/v2\/types\/product"}],"wp:featuredmedia":[{"embeddable":true,"href":"https:\/\/vcycletech.com\/nl\/wp-json\/wp\/v2\/media\/1430"}],"wp:attachment":[{"href":"https:\/\/vcycletech.com\/nl\/wp-json\/wp\/v2\/media?parent=1427"}],"wp:term":[{"taxonomy":"product_brand","embeddable":true,"href":"https:\/\/vcycletech.com\/nl\/wp-json\/wp\/v2\/product_brand?post=1427"},{"taxonomy":"product_cat","embeddable":true,"href":"https:\/\/vcycletech.com\/nl\/wp-json\/wp\/v2\/product_cat?post=1427"},{"taxonomy":"product_tag","embeddable":true,"href":"https:\/\/vcycletech.com\/nl\/wp-json\/wp\/v2\/product_tag?post=1427"}],"curies":[{"name":"wp","href":"https:\/\/api.w.org\/{rel}","templated":true}]}}