{"id":1239,"date":"2023-03-21T12:03:34","date_gmt":"2023-03-21T12:03:34","guid":{"rendered":"https:\/\/vcycletech.com\/?post_type=product&#038;p=1239"},"modified":"2023-03-27T05:01:08","modified_gmt":"2023-03-27T05:01:08","slug":"wt-2000-carboxylaat-sulfonaat-copolymeer","status":"publish","type":"product","link":"https:\/\/vcycletech.com\/nl\/product\/wt-2000-carboxylaat-sulfonaat-copolymeer\/","title":{"rendered":"WT-2000 carboxylaat-sulfonaat copolymeer"},"content":{"rendered":"<h3>Eigenschappen:<\/h3>\n<p><strong>WT-2000<\/strong> is een copolymeer van acryl-acrylaat-sulfosaat, dat zorgt voor een uitstekende afzettingsremming van calciumfosfaat, calciumcarbonaat en andere anorganische mineralen. Het kan calciumfosfaat effectief stabiliseren in formules die fosfaat bevatten en zink stabiliseren voor formuleringen met zinkcomponenten. Bovendien kan het anorganische microdeeltjes verspreiden zonder te worden be\u00efnvloed door pH-veranderingen.<\/p>\n<p><strong>WT-2000<\/strong> is uiterst nuttig als mineraal dispergeermiddel en stabilisator voor calciumfosfaat in alle formules voor organische waterbehandeling.<\/p>\n<h3>Specificatie:<\/h3>\n<div id=\"footable_parent_1243\"\n         class=\"footable_parent ninja_table_wrapper loading_ninja_table wp_table_data_press_parent semantic_ui\">\n                <table data-ninja_table_instance=\"ninja_table_instance_0\" data-footable_id=\"1243\" data-filter-delay=\"1000\" aria-label=\"KR-2000 Carboxylaat-Sulfonaat copolymeer.csv\"            id=\"footable_1243\"\n           data-unique_identifier=\"ninja_table_unique_id_179157947_1243\"\n           class=\"foo-table ninja_footable foo_table_1243 ninja_table_unique_id_179157947_1243 ui table  nt_type_legacy_table selectable striped vertical_centered  footable-paging-right ninja_table_pro\">\n                <colgroup>\n                            <col class=\"ninja_column_0\">\n                            <col class=\"ninja_column_1\">\n                    <\/colgroup>\n        <thead>\n<tr class=\"footable-header\">\n                                        <th scope=\"col\"  class=\"ninja_column_0 ninja_clmn_nm_items\">Artikelen<\/th><th scope=\"col\"  class=\"ninja_column_1 ninja_clmn_nm_index\">Inhoudsopgave<\/th><\/tr>\n<\/thead>\n<tbody>\n\n        <tr data-row_id=\"301\" class=\"ninja_table_row_0 nt_row_id_301\">\n            <td>Verschijning<\/td><td>Kleurloze tot lichtgele transparante vloeistof<\/td>        <\/tr>\n            <tr data-row_id=\"302\" class=\"ninja_table_row_1 nt_row_id_302\">\n            <td>Vaste inhoud, %<\/td><td>42.0-44.0<\/td>        <\/tr>\n            <tr data-row_id=\"303\" class=\"ninja_table_row_2 nt_row_id_303\">\n            <td>Dichtheid (20\u2103), g\/cm3<\/td><td>1.15min<\/td>        <\/tr>\n            <tr data-row_id=\"304\" class=\"ninja_table_row_3 nt_row_id_304\">\n            <td>pH (zoals het is)<\/td><td>3.8-4.6<\/td>        <\/tr>\n            <tr data-row_id=\"305\" class=\"ninja_table_row_4 nt_row_id_305\">\n            <td>Viscositeit (25\u2103), mPa\u2022s<\/td><td>300-500<\/td>        <\/tr>\n    <\/tbody><!--ninja_tobody_rendering_done-->\n    <\/table>\n    \n    \n    \n<\/div>\n\n<h3>Gebruik:<\/h3>\n<p><strong>WT-2000<\/strong> kan worden gebruikt als kalkremmer in circulerend koel- en ketelwater. Bij alleen gebruik is 10-30 mg\/L de voorkeursdosering. Bij gebruik op andere gebieden moet de dosering proefondervindelijk worden bepaald.<\/p>\n<h3>Verpakking en opslag:<\/h3>\n<p>De verpakking bevat een plastic vat van 200 liter en een IBC-container (1000 liter); maatwerk is ook mogelijk. WT-2000 moet maximaal tien maanden worden bewaard in een droge en goed geventileerde ruimte zonder zonlicht om de werkzaamheid op lange termijn te garanderen.<\/p>\n<h3>Veelgestelde vragen:<\/h3>\n<p><strong>Vraag 1: Wat is een carboxylaat-sulfonaatcopolymeer?<\/strong><br \/>\nEen carboxylaat-sulfonaatcopolymeer is een soort synthetisch polymeer gemaakt van een combinatie van carbonzuur- en sulfonzuurmonomeren. Dit type polymeer wordt gebruikt in veel industri\u00eble en commerci\u00eble toepassingen, zoals chemicali\u00ebn voor waterbehandeling, landbouwchemicali\u00ebn, verven, wasmiddelen en meer.<\/p>\n<p><strong>V2: Wat zijn de voordelen van het gebruik van WT-2000 carboxylaten-sulfonaatcopolymeer voor waterbehandeling?<\/strong><br \/>\nHet WT-2000 carboxylaat-sulfonaatcopolymeer biedt superieure prestaties voor waterbehandelingstoepassingen dankzij zijn unieke moleculaire structuur. Het heeft uitstekende oplosbaarheidskenmerken, een laag toxiciteitsprofiel, een hoge capaciteit voor de adsorptie van metaalionen en andere verontreinigende stoffen, goede thermische stabiliteit en chemische weerstand. Bovendien kan dit copolymeer worden aangepast aan de specifieke behoeften van de klant door het molecuulgewicht te vari\u00ebren of extra functionele groepen toe te voegen. Dit maakt het een ideale keuze voor waterbehandelingsoperaties.<\/p>\n<p><strong>Vraag 3: Wat zijn de verschillende vormen waarin WT-2000 carboxylaten - sulfonaatcopolymeer beschikbaar is?<\/strong><br \/>\nHet WT-2000 carboxylaat-sulfonaatcopolymeer kan zowel in vaste vorm (korrels) als in oplossingsvorm worden geleverd, afhankelijk van de toepassingsvereisten. De oplossingsvorm kan verder worden gevarieerd op basis van viscositeitsgraad of oplossingsconcentratieniveaus, zodat deze geschikt is voor elk gegeven waterbehandelingsproces.<\/p>\n<p><strong>V4:Is er speciale apparatuur vereist voor gebruik met de WT-2000 carboxylaten-sulfonatiecopolymeren?<\/strong><br \/>\nHoewel er geen speciale apparatuur nodig is bij het gebruik van de WT 2000 carboxylaten-sulfonatiecopolymeren, is het belangrijk ervoor te zorgen dat alle procesomstandigheden nauwlettend worden gevolgd tijdens de werkzaamheden om maximale prestaties uit het product te halen. Temperatuurregeling moet ook worden gehandhaafd om de juiste oplossnelheden en optimale prestaties van het copolymeer gedurende zijn levenscyclus te garanderen.<\/p>\n<p><strong>V5: Welke veiligheidsoverwegingen moeten worden genomen bij het gebruik van WT -2000 carboxylaten-sulfonatiecopolymeren?<\/strong><br \/>\nAlle veiligheidsinstructies die bij het product worden geleverd, moeten altijd worden opgevolgd bij het gebruik van het WT-2000 carboxylaten-sulfonatiecopolymeer voor waterbehandelingsoperaties om mogelijke gevaren te voorkomen die verband houden met het omgaan met chemicali\u00ebn of blootstelling aan gevaarlijke materialen die vrijkomen tijdens operationele processen. Bovendien moet altijd beschermende kleding zoals handschoenen en een oogbescherming worden gedragen bij het hanteren van oplossingen die dit copolymeer bevatten, om huidcontact te voorkomen en mogelijke inademingsrisico&#039;s te verminderen die samenhangen met in de lucht zwevende deeltjes die vrijkomen tijdens verwerkingsactiviteiten.<\/p>\n<p><a href=\"https:\/\/vcycletech.com\/nl\/product-categorie\/polycarbonzuur-antikalkmiddel-en-dispergeermiddel\/\">Verkrijg de complete polycarbonzuur-antikalk- en dispergeermiddeloplossing.<\/a><\/p>","protected":false},"excerpt":{"rendered":"<p><strong>WT-2000 carboxylaat-sulfonaat copolymeer<\/strong> is een chemische stof voor waterbehandeling die aanslag remt en deeltjes verspreidt. Het is een copolymeer van acryl-acrylaat-sulfosaat, waardoor het een effectieve remmer is van calciumfosfaat, calciumcarbonaat en andere anorganische mineralen. Het heeft een goede remming van silica en magnesiumsilicaat, vast zuur (sulfonaat) en zwak zuur (carboxylaat) functionele groepen die optimale anti-kalk\/dispergerende eigenschappen bieden. <strong>WT-2000<\/strong> is ook beschikbaar in het organische oplosmiddel, met US$1.800-2.000 per ton. Dit maakt het een ideale keuze voor industri\u00eble samenstellers die op zoek zijn naar kosteneffectieve oplossingen voor chemicali\u00ebn voor waterbehandeling.<\/p>","protected":false},"featured_media":2826,"template":"","meta":{"site-sidebar-layout":"default","site-content-layout":"default","ast-site-content-layout":"default","site-content-style":"default","site-sidebar-style":"default","ast-global-header-display":"","ast-banner-title-visibility":"","ast-main-header-display":"","ast-hfb-above-header-display":"","ast-hfb-below-header-display":"","ast-hfb-mobile-header-display":"","site-post-title":"","ast-breadcrumbs-content":"","ast-featured-img":"","footer-sml-layout":"","ast-disable-related-posts":"","theme-transparent-header-meta":"default","adv-header-id-meta":"","stick-header-meta":"default","header-above-stick-meta":"","header-main-stick-meta":"","header-below-stick-meta":"","astra-migrate-meta-layouts":"default","ast-page-background-enabled":"default","ast-page-background-meta":{"desktop":{"background-color":"","background-image":"","background-repeat":"repeat","background-position":"center center","background-size":"auto","background-attachment":"scroll","background-type":"","background-media":"","overlay-type":"","overlay-color":"","overlay-opacity":"","overlay-gradient":""},"tablet":{"background-color":"","background-image":"","background-repeat":"repeat","background-position":"center center","background-size":"auto","background-attachment":"scroll","background-type":"","background-media":"","overlay-type":"","overlay-color":"","overlay-opacity":"","overlay-gradient":""},"mobile":{"background-color":"","background-image":"","background-repeat":"repeat","background-position":"center center","background-size":"auto","background-attachment":"scroll","background-type":"","background-media":"","overlay-type":"","overlay-color":"","overlay-opacity":"","overlay-gradient":""}},"ast-content-background-meta":{"desktop":{"background-color":"var(--ast-global-color-5)","background-image":"","background-repeat":"repeat","background-position":"center center","background-size":"auto","background-attachment":"scroll","background-type":"","background-media":"","overlay-type":"","overlay-color":"","overlay-opacity":"","overlay-gradient":""},"tablet":{"background-color":"var(--ast-global-color-5)","background-image":"","background-repeat":"repeat","background-position":"center center","background-size":"auto","background-attachment":"scroll","background-type":"","background-media":"","overlay-type":"","overlay-color":"","overlay-opacity":"","overlay-gradient":""},"mobile":{"background-color":"var(--ast-global-color-5)","background-image":"","background-repeat":"repeat","background-position":"center center","background-size":"auto","background-attachment":"scroll","background-type":"","background-media":"","overlay-type":"","overlay-color":"","overlay-opacity":"","overlay-gradient":""}}},"product_brand":[],"product_cat":[28],"product_tag":[],"class_list":{"0":"post-1239","1":"product","2":"type-product","3":"status-publish","4":"has-post-thumbnail","6":"product_cat-polycarboxylic-antiscalant-and-dispersant","7":"desktop-align-left","8":"tablet-align-left","9":"mobile-align-left","10":"ast-product-gallery-layout-horizontal-slider","11":"ast-product-gallery-with-no-image","12":"ast-product-tabs-layout-horizontal","14":"first","15":"instock","16":"shipping-taxable","17":"product-type-simple"},"yoast_head":"<!-- This site is optimized with the Yoast SEO Premium plugin v26.3 (Yoast SEO v27.5) - https:\/\/yoast.com\/product\/yoast-seo-premium-wordpress\/ -->\n<title>WT-2000 Carboxylate-Sulfonate Copolymer - vcycletech<\/title>\n<meta name=\"description\" content=\"Get the WT-2000 Carboxylate-Sulfonate Copolymer for your water treatment chemicals and achieve amazing results!\" \/>\n<meta name=\"robots\" content=\"index, follow, max-snippet:-1, max-image-preview:large, max-video-preview:-1\" \/>\n<link rel=\"canonical\" href=\"https:\/\/vcycletech.com\/nl\/product\/wt-2000-carboxylaat-sulfonaat-copolymeer\/\" \/>\n<meta property=\"og:locale\" content=\"nl_NL\" \/>\n<meta property=\"og:type\" content=\"article\" \/>\n<meta property=\"og:title\" content=\"WT-2000 Carboxylate-Sulfonate Copolymer\" \/>\n<meta property=\"og:description\" content=\"Get the WT-2000 Carboxylate-Sulfonate Copolymer for your water treatment chemicals and achieve amazing results!\" \/>\n<meta property=\"og:url\" content=\"https:\/\/vcycletech.com\/nl\/product\/wt-2000-carboxylaat-sulfonaat-copolymeer\/\" \/>\n<meta property=\"og:site_name\" content=\"vcycletech\" \/>\n<meta property=\"article:modified_time\" content=\"2023-03-27T05:01:08+00:00\" \/>\n<meta property=\"og:image\" content=\"https:\/\/vcycletech.com\/wp-content\/uploads\/2023\/03\/\u672a\u547d\u540d\u7684\u8bbe\u8ba1-1-26.png\" \/>\n\t<meta property=\"og:image:width\" content=\"600\" \/>\n\t<meta property=\"og:image:height\" content=\"600\" \/>\n\t<meta property=\"og:image:type\" content=\"image\/png\" \/>\n<meta name=\"twitter:card\" content=\"summary_large_image\" \/>\n<meta name=\"twitter:label1\" content=\"Geschatte leestijd\" \/>\n\t<meta name=\"twitter:data1\" content=\"3 minuten\" \/>\n<script type=\"application\/ld+json\" class=\"yoast-schema-graph\">{\"@context\":\"https:\\\/\\\/schema.org\",\"@graph\":[{\"@type\":\"WebPage\",\"@id\":\"https:\\\/\\\/vcycletech.com\\\/product\\\/wt-2000-carboxylate-sulfonate-copolymer\\\/\",\"url\":\"https:\\\/\\\/vcycletech.com\\\/product\\\/wt-2000-carboxylate-sulfonate-copolymer\\\/\",\"name\":\"WT-2000 Carboxylate-Sulfonate Copolymer - vcycletech\",\"isPartOf\":{\"@id\":\"https:\\\/\\\/vcycletech.com\\\/#website\"},\"primaryImageOfPage\":{\"@id\":\"https:\\\/\\\/vcycletech.com\\\/product\\\/wt-2000-carboxylate-sulfonate-copolymer\\\/#primaryimage\"},\"image\":{\"@id\":\"https:\\\/\\\/vcycletech.com\\\/product\\\/wt-2000-carboxylate-sulfonate-copolymer\\\/#primaryimage\"},\"thumbnailUrl\":\"https:\\\/\\\/vcycletech.com\\\/wp-content\\\/uploads\\\/2023\\\/03\\\/\u672a\u547d\u540d\u7684\u8bbe\u8ba1-1-26.png\",\"datePublished\":\"2023-03-21T12:03:34+00:00\",\"dateModified\":\"2023-03-27T05:01:08+00:00\",\"description\":\"Get the WT-2000 Carboxylate-Sulfonate Copolymer for your water treatment chemicals and achieve amazing results!\",\"breadcrumb\":{\"@id\":\"https:\\\/\\\/vcycletech.com\\\/product\\\/wt-2000-carboxylate-sulfonate-copolymer\\\/#breadcrumb\"},\"inLanguage\":\"nl-NL\",\"potentialAction\":[{\"@type\":\"ReadAction\",\"target\":[\"https:\\\/\\\/vcycletech.com\\\/product\\\/wt-2000-carboxylate-sulfonate-copolymer\\\/\"]}]},{\"@type\":\"ImageObject\",\"inLanguage\":\"nl-NL\",\"@id\":\"https:\\\/\\\/vcycletech.com\\\/product\\\/wt-2000-carboxylate-sulfonate-copolymer\\\/#primaryimage\",\"url\":\"https:\\\/\\\/vcycletech.com\\\/wp-content\\\/uploads\\\/2023\\\/03\\\/\u672a\u547d\u540d\u7684\u8bbe\u8ba1-1-26.png\",\"contentUrl\":\"https:\\\/\\\/vcycletech.com\\\/wp-content\\\/uploads\\\/2023\\\/03\\\/\u672a\u547d\u540d\u7684\u8bbe\u8ba1-1-26.png\",\"width\":600,\"height\":600,\"caption\":\"WT-2000 Carboxylate-Sulfonate Copolymer\"},{\"@type\":\"BreadcrumbList\",\"@id\":\"https:\\\/\\\/vcycletech.com\\\/product\\\/wt-2000-carboxylate-sulfonate-copolymer\\\/#breadcrumb\",\"itemListElement\":[{\"@type\":\"ListItem\",\"position\":1,\"name\":\"Home\",\"item\":\"https:\\\/\\\/vcycletech.com\\\/\"},{\"@type\":\"ListItem\",\"position\":2,\"name\":\"Water Treatment Chemicals Manufacturer\",\"item\":\"https:\\\/\\\/vcycletech.com\\\/water-treatment-chemicals-manufacturer\\\/\"},{\"@type\":\"ListItem\",\"position\":3,\"name\":\"WT-2000 Carboxylate-Sulfonate Copolymer\"}]},{\"@type\":\"WebSite\",\"@id\":\"https:\\\/\\\/vcycletech.com\\\/#website\",\"url\":\"https:\\\/\\\/vcycletech.com\\\/\",\"name\":\"vcycletech\",\"description\":\"China&#039;s top water treatment chemicals supplier\",\"publisher\":{\"@id\":\"https:\\\/\\\/vcycletech.com\\\/#organization\"},\"potentialAction\":[{\"@type\":\"SearchAction\",\"target\":{\"@type\":\"EntryPoint\",\"urlTemplate\":\"https:\\\/\\\/vcycletech.com\\\/?s={search_term_string}\"},\"query-input\":{\"@type\":\"PropertyValueSpecification\",\"valueRequired\":true,\"valueName\":\"search_term_string\"}}],\"inLanguage\":\"nl-NL\"},{\"@type\":\"Organization\",\"@id\":\"https:\\\/\\\/vcycletech.com\\\/#organization\",\"name\":\"vcycletech\",\"url\":\"https:\\\/\\\/vcycletech.com\\\/\",\"logo\":{\"@type\":\"ImageObject\",\"inLanguage\":\"nl-NL\",\"@id\":\"https:\\\/\\\/vcycletech.com\\\/#\\\/schema\\\/logo\\\/image\\\/\",\"url\":\"https:\\\/\\\/vcycletech.com\\\/wp-content\\\/uploads\\\/2023\\\/03\\\/logo-vcycletech-1.png\",\"contentUrl\":\"https:\\\/\\\/vcycletech.com\\\/wp-content\\\/uploads\\\/2023\\\/03\\\/logo-vcycletech-1.png\",\"width\":600,\"height\":400,\"caption\":\"vcycletech\"},\"image\":{\"@id\":\"https:\\\/\\\/vcycletech.com\\\/#\\\/schema\\\/logo\\\/image\\\/\"}}]}<\/script>\n<!-- \/ Yoast SEO Premium plugin. -->","yoast_head_json":{"title":"WT-2000 carboxylaat-sulfonaat copolymeer - vcycletech","description":"Koop het WT-2000 carboxylaat-sulfonaatcopolymeer voor uw waterbehandelingschemicali\u00ebn en behaal verbluffende resultaten!","robots":{"index":"index","follow":"follow","max-snippet":"max-snippet:-1","max-image-preview":"max-image-preview:large","max-video-preview":"max-video-preview:-1"},"canonical":"https:\/\/vcycletech.com\/nl\/product\/wt-2000-carboxylaat-sulfonaat-copolymeer\/","og_locale":"nl_NL","og_type":"article","og_title":"WT-2000 Carboxylate-Sulfonate Copolymer","og_description":"Get the WT-2000 Carboxylate-Sulfonate Copolymer for your water treatment chemicals and achieve amazing results!","og_url":"https:\/\/vcycletech.com\/nl\/product\/wt-2000-carboxylaat-sulfonaat-copolymeer\/","og_site_name":"vcycletech","article_modified_time":"2023-03-27T05:01:08+00:00","og_image":[{"width":600,"height":600,"url":"https:\/\/vcycletech.com\/wp-content\/uploads\/2023\/03\/\u672a\u547d\u540d\u7684\u8bbe\u8ba1-1-26.png","type":"image\/png"}],"twitter_card":"summary_large_image","twitter_misc":{"Geschatte leestijd":"3 minuten"},"schema":{"@context":"https:\/\/schema.org","@graph":[{"@type":"WebPage","@id":"https:\/\/vcycletech.com\/product\/wt-2000-carboxylate-sulfonate-copolymer\/","url":"https:\/\/vcycletech.com\/product\/wt-2000-carboxylate-sulfonate-copolymer\/","name":"WT-2000 carboxylaat-sulfonaat copolymeer - vcycletech","isPartOf":{"@id":"https:\/\/vcycletech.com\/#website"},"primaryImageOfPage":{"@id":"https:\/\/vcycletech.com\/product\/wt-2000-carboxylate-sulfonate-copolymer\/#primaryimage"},"image":{"@id":"https:\/\/vcycletech.com\/product\/wt-2000-carboxylate-sulfonate-copolymer\/#primaryimage"},"thumbnailUrl":"https:\/\/vcycletech.com\/wp-content\/uploads\/2023\/03\/\u672a\u547d\u540d\u7684\u8bbe\u8ba1-1-26.png","datePublished":"2023-03-21T12:03:34+00:00","dateModified":"2023-03-27T05:01:08+00:00","description":"Koop het WT-2000 carboxylaat-sulfonaatcopolymeer voor uw waterbehandelingschemicali\u00ebn en behaal verbluffende resultaten!","breadcrumb":{"@id":"https:\/\/vcycletech.com\/product\/wt-2000-carboxylate-sulfonate-copolymer\/#breadcrumb"},"inLanguage":"nl-NL","potentialAction":[{"@type":"ReadAction","target":["https:\/\/vcycletech.com\/product\/wt-2000-carboxylate-sulfonate-copolymer\/"]}]},{"@type":"ImageObject","inLanguage":"nl-NL","@id":"https:\/\/vcycletech.com\/product\/wt-2000-carboxylate-sulfonate-copolymer\/#primaryimage","url":"https:\/\/vcycletech.com\/wp-content\/uploads\/2023\/03\/\u672a\u547d\u540d\u7684\u8bbe\u8ba1-1-26.png","contentUrl":"https:\/\/vcycletech.com\/wp-content\/uploads\/2023\/03\/\u672a\u547d\u540d\u7684\u8bbe\u8ba1-1-26.png","width":600,"height":600,"caption":"WT-2000 Carboxylate-Sulfonate Copolymer"},{"@type":"BreadcrumbList","@id":"https:\/\/vcycletech.com\/product\/wt-2000-carboxylate-sulfonate-copolymer\/#breadcrumb","itemListElement":[{"@type":"ListItem","position":1,"name":"Home","item":"https:\/\/vcycletech.com\/"},{"@type":"ListItem","position":2,"name":"Water Treatment Chemicals Manufacturer","item":"https:\/\/vcycletech.com\/water-treatment-chemicals-manufacturer\/"},{"@type":"ListItem","position":3,"name":"WT-2000 Carboxylate-Sulfonate Copolymer"}]},{"@type":"WebSite","@id":"https:\/\/vcycletech.com\/#website","url":"https:\/\/vcycletech.com\/","name":"vcycletech","description":"China&#039;s belangrijkste leverancier van chemicali\u00ebn voor waterbehandeling","publisher":{"@id":"https:\/\/vcycletech.com\/#organization"},"potentialAction":[{"@type":"SearchAction","target":{"@type":"EntryPoint","urlTemplate":"https:\/\/vcycletech.com\/?s={search_term_string}"},"query-input":{"@type":"PropertyValueSpecification","valueRequired":true,"valueName":"search_term_string"}}],"inLanguage":"nl-NL"},{"@type":"Organization","@id":"https:\/\/vcycletech.com\/#organization","name":"vcycletech","url":"https:\/\/vcycletech.com\/","logo":{"@type":"ImageObject","inLanguage":"nl-NL","@id":"https:\/\/vcycletech.com\/#\/schema\/logo\/image\/","url":"https:\/\/vcycletech.com\/wp-content\/uploads\/2023\/03\/logo-vcycletech-1.png","contentUrl":"https:\/\/vcycletech.com\/wp-content\/uploads\/2023\/03\/logo-vcycletech-1.png","width":600,"height":400,"caption":"vcycletech"},"image":{"@id":"https:\/\/vcycletech.com\/#\/schema\/logo\/image\/"}}]}},"_links":{"self":[{"href":"https:\/\/vcycletech.com\/nl\/wp-json\/wp\/v2\/product\/1239","targetHints":{"allow":["GET"]}}],"collection":[{"href":"https:\/\/vcycletech.com\/nl\/wp-json\/wp\/v2\/product"}],"about":[{"href":"https:\/\/vcycletech.com\/nl\/wp-json\/wp\/v2\/types\/product"}],"wp:featuredmedia":[{"embeddable":true,"href":"https:\/\/vcycletech.com\/nl\/wp-json\/wp\/v2\/media\/2826"}],"wp:attachment":[{"href":"https:\/\/vcycletech.com\/nl\/wp-json\/wp\/v2\/media?parent=1239"}],"wp:term":[{"taxonomy":"product_brand","embeddable":true,"href":"https:\/\/vcycletech.com\/nl\/wp-json\/wp\/v2\/product_brand?post=1239"},{"taxonomy":"product_cat","embeddable":true,"href":"https:\/\/vcycletech.com\/nl\/wp-json\/wp\/v2\/product_cat?post=1239"},{"taxonomy":"product_tag","embeddable":true,"href":"https:\/\/vcycletech.com\/nl\/wp-json\/wp\/v2\/product_tag?post=1239"}],"curies":[{"name":"wp","href":"https:\/\/api.w.org\/{rel}","templated":true}]}}