{"id":990,"date":"2023-03-20T07:45:26","date_gmt":"2023-03-20T07:45:26","guid":{"rendered":"https:\/\/vcycletech.com\/?post_type=product&#038;p=990"},"modified":"2023-03-20T07:50:39","modified_gmt":"2023-03-20T07:50:39","slug":"sel-de-sodium-dacide-polyacrylique","status":"publish","type":"product","link":"https:\/\/vcycletech.com\/fr\/produit\/sel-de-sodium-dacide-polyacrylique\/","title":{"rendered":"Sel de sodium d&#039;acide polyacrylique (PAAS)30%, 45%, 50%, 92%"},"content":{"rendered":"<h3>N\u00b0 CAS 9003-04-7<\/h3>\n<h3 class=\"fzs\">Formule structurelle:<\/h3>\n<p><img fetchpriority=\"high\" decoding=\"async\" class=\"alignnone size-full wp-image-994\" src=\"https:\/\/vcycletech.com\/wp-content\/uploads\/2023\/03\/Structural-Formula-3.png\" alt=\"Sel de sodium d&#039;acide polyacrylique (PAAS) 30%, 45%, 50%, 92% Formule d\u00e9velopp\u00e9e\" width=\"1291\" height=\"420\" srcset=\"https:\/\/vcycletech.com\/wp-content\/uploads\/2023\/03\/Structural-Formula-3.png 1291w, https:\/\/vcycletech.com\/wp-content\/uploads\/2023\/03\/Structural-Formula-3-600x195.png 600w, https:\/\/vcycletech.com\/wp-content\/uploads\/2023\/03\/Structural-Formula-3-300x98.png 300w, https:\/\/vcycletech.com\/wp-content\/uploads\/2023\/03\/Structural-Formula-3-1024x333.png 1024w, https:\/\/vcycletech.com\/wp-content\/uploads\/2023\/03\/Structural-Formula-3-768x250.png 768w\" sizes=\"(max-width: 1291px) 100vw, 1291px\" \/><\/p>\n<h3>Propri\u00e9t\u00e9s:<\/h3>\n<p><strong>Sel de sodium d&#039;acide polyacrylique<\/strong> est un compos\u00e9 s\u00fbr et soluble dans l&#039;eau utilis\u00e9 dans des environnements alcalins et \u00e0 haute concentration sans risque de formation de s\u00e9diments calcaires. Il disperse efficacement les microcristaux ou le microsable du carbonate de calcium, du phosphate de calcium et du sulfate de calcium.<\/p>\n<p>Ce compos\u00e9 est id\u00e9al pour une utilisation comme inhibiteur de tartre et dispersant dans les syst\u00e8mes de circulation d&#039;eau froide, la fabrication du papier, le tissage, la teinture, la c\u00e9ramique, la peinture et d&#039;autres applications.<\/p>\n<h3>Sp\u00e9cifications de sel de sodium d&#039;acide polyacrylique :<\/h3>\n<div id=\"footable_parent_998\"\n         class=\"footable_parent ninja_table_wrapper loading_ninja_table wp_table_data_press_parent semantic_ui\">\n                <table data-ninja_table_instance=\"ninja_table_instance_0\" data-footable_id=\"998\" data-filter-delay=\"1000\" aria-label=\"Sel de sodium d&#039;acide polyacrylique (PAAS).csv\"            id=\"footable_998\"\n           data-unique_identifier=\"ninja_table_unique_id_1878038030_998\"\n           class=\"foo-table ninja_footable foo_table_998 ninja_table_unique_id_1878038030_998 ui table  nt_type_legacy_table selectable striped vertical_centered  footable-paging-right ninja_table_pro\">\n                <colgroup>\n                            <col class=\"ninja_column_0\">\n                            <col class=\"ninja_column_1\">\n                            <col class=\"ninja_column_2\">\n                            <col class=\"ninja_column_3\">\n                    <\/colgroup>\n        <thead>\n<tr class=\"footable-header\">\n                                                                        <th scope=\"col\"  class=\"ninja_column_0 ninja_clmn_nm_items\">Articles<\/th><th scope=\"col\"  class=\"ninja_column_1 ninja_clmn_nm_index\">Indice<\/th><th scope=\"col\"  class=\"ninja_column_2 ninja_clmn_nm_ninja_column_3\"><\/th><th scope=\"col\"  class=\"ninja_column_3 ninja_clmn_nm_ninja_column_4\"><\/th><\/tr>\n<\/thead>\n<tbody>\n\n        <tr data-row_id=\"177\" class=\"ninja_table_row_0 nt_row_id_177\">\n            <td>Apparence<\/td><td>Liquide transparent incolore \u00e0 jaune p\u00e2le<\/td><td>Liquide transparent incolore \u00e0 jaune p\u00e2le<\/td><td>Liquide transparent incolore \u00e0 jaune p\u00e2le<\/td>        <\/tr>\n            <tr data-row_id=\"178\" class=\"ninja_table_row_1 nt_row_id_178\">\n            <td>Contenu solide, %<\/td><td>30 minutes<\/td><td>45 minutes<\/td><td>50 minutes<\/td>        <\/tr>\n            <tr data-row_id=\"179\" class=\"ninja_table_row_2 nt_row_id_179\">\n            <td>Monom\u00e8re libre (comme AA), %<\/td><td>0,5 maximum<\/td><td>0,8 maximum<\/td><td>1,0 maximum<\/td>        <\/tr>\n            <tr data-row_id=\"180\" class=\"ninja_table_row_3 nt_row_id_180\">\n            <td>Densit\u00e9 (20\u2103), g\/cm3<\/td><td>1,15 min<\/td><td>1.20 mn<\/td><td>1,25 min<\/td>        <\/tr>\n            <tr data-row_id=\"181\" class=\"ninja_table_row_4 nt_row_id_181\">\n            <td>pH (tel quel)<\/td><td>6.0~8.0<\/td><td>6.0~8.0<\/td><td>6.0~8.0<\/td>        <\/tr>\n    <\/tbody><!--ninja_tobody_rendering_done-->\n    <\/table>\n    \n    \n    \n<\/div>\n\n<h3><strong>Utilisation de sel de sodium d&#039;acide polyacrylique\u00a0:<\/strong><\/h3>\n<p><strong>Sel de sodium d&#039;acide polyacrylique<\/strong> peut \u00eatre un inhibiteur de tartre et un dispersant efficace dans les syst\u00e8mes de circulation d&#039;eau froide. Il est id\u00e9al pour les centrales \u00e9lectriques, les usines sid\u00e9rurgiques, les usines d&#039;engrais chimiques, les raffineries et les syst\u00e8mes de climatisation. Pour de meilleurs r\u00e9sultats, le dosage doit \u00eatre d\u00e9termin\u00e9 en fonction de la qualit\u00e9 de l&#039;eau et des mat\u00e9riaux d&#039;\u00e9quipement utilis\u00e9s.<\/p>\n<p>G\u00e9n\u00e9ralement, une dose de 2 \u00e0 15 mg\/L est pr\u00e9f\u00e9r\u00e9e lorsqu&#039;elle est utilis\u00e9e seule. Il peut \u00eatre n\u00e9cessaire d&#039;exp\u00e9rimenter avec diff\u00e9rents dosages pour trouver la quantit\u00e9 la plus efficace si elle est utilis\u00e9e comme dispersant.<\/p>\n<h3>Questions fr\u00e9quemment pos\u00e9es<\/h3>\n<p><img decoding=\"async\" class=\"alignnone size-full wp-image-999\" src=\"https:\/\/vcycletech.com\/wp-content\/uploads\/2023\/03\/Polyacrylic-Acid-Sodium-SaltPAAS30-45-50-92.png\" alt=\"Sel de sodium d&#039;acide polyacrylique (PAAS)30%, 45%, 50%, 92%\" width=\"600\" height=\"600\" srcset=\"https:\/\/vcycletech.com\/wp-content\/uploads\/2023\/03\/Polyacrylic-Acid-Sodium-SaltPAAS30-45-50-92.png 600w, https:\/\/vcycletech.com\/wp-content\/uploads\/2023\/03\/Polyacrylic-Acid-Sodium-SaltPAAS30-45-50-92-100x100.png 100w, https:\/\/vcycletech.com\/wp-content\/uploads\/2023\/03\/Polyacrylic-Acid-Sodium-SaltPAAS30-45-50-92-300x300.png 300w, https:\/\/vcycletech.com\/wp-content\/uploads\/2023\/03\/Polyacrylic-Acid-Sodium-SaltPAAS30-45-50-92-150x150.png 150w\" sizes=\"(max-width: 600px) 100vw, 600px\" \/><\/p>\n<h4>Qu&#039;est-ce que le sel de sodium d&#039;acide polyacrylique ?<\/h4>\n<p>Le sel de sodium d&#039;acide polyacrylique, \u00e9galement connu sous le nom de PAAS, est une poudre blanche soluble dans l&#039;eau. C&#039;est un copolym\u00e8re d&#039;acide acrylique qui a \u00e9t\u00e9 neutralis\u00e9 avec de l&#039;hydroxyde de sodium. Le PAAS est utilis\u00e9 comme floculant dans diverses industries, notamment le traitement de l&#039;eau, les applications p\u00e9troli\u00e8res et l&#039;exploitation mini\u00e8re.<\/p>\n<h4>Quelles sont les propri\u00e9t\u00e9s du sel de sodium d&#039;acide polyacrylique ?<\/h4>\n<p>Les propri\u00e9t\u00e9s du PAAS d\u00e9pendent du degr\u00e9 de neutralisation. Le degr\u00e9 de neutralisation est le rapport de l&#039;hydroxyde de sodium aux monom\u00e8res d&#039;acide acrylique dans le copolym\u00e8re. Plus le degr\u00e9 de neutralisation est faible, plus la densit\u00e9 de charge est \u00e9lev\u00e9e et plus le poids mol\u00e9culaire est faible. Plus le degr\u00e9 de neutralisation est \u00e9lev\u00e9, plus la densit\u00e9 de charge est faible et plus le poids mol\u00e9culaire est \u00e9lev\u00e9.<\/p>\n<h4>Comment est fabriqu\u00e9 le sel de sodium d&#039;acide polyacrylique ?<\/h4>\n<p>Le PAAS est fabriqu\u00e9 en copolym\u00e9risant de l&#039;acide acrylique et de l&#039;hydroxyde de sodium. Le rapport des monom\u00e8res aux comonom\u00e8res d\u00e9termine le degr\u00e9 de neutralisation. Le copolym\u00e8re est ensuite s\u00e9ch\u00e9 et broy\u00e9 en une poudre blanche.<\/p>\n<h4>Quelles sont les utilisations du sel de sodium d&#039;acide polyacrylique?<\/h4>\n<p>Le PAAS est utilis\u00e9 comme floculant dans diverses industries, notamment le traitement de l&#039;eau, les applications p\u00e9troli\u00e8res et l&#039;exploitation mini\u00e8re. Il est \u00e9galement utilis\u00e9 comme \u00e9mulsifiant, dispersant et \u00e9paississant dans les cosm\u00e9tiques et les produits de soins personnels.<\/p>\n<h4>Comment fonctionne le sel de sodium d&#039;acide polyacrylique ?<\/h4>\n<p>Le PAAS agit en s&#039;adsorbant sur les particules en suspension et en les faisant s&#039;agglutiner (floculer). Les particules flocul\u00e9es sont alors suffisamment lourdes pour se d\u00e9poser hors de la suspension.<\/p>\n<h4>Quels sont les avantages de l&#039;utilisation du sel de sodium d&#039;acide polyacrylique\u00a0?<\/h4>\n<p>Le principal avantage de l&#039;utilisation du PAAS est sa grande efficacit\u00e9 dans la floculation des particules en suspension. Le PAAS a \u00e9galement une faible exigence de dosage et peut \u00eatre utilis\u00e9 sur une large plage de pH. De plus, le PAAS est non toxique et ne produit pas de d\u00e9chets dangereux.<\/p>\n<h4>Quels sont les inconv\u00e9nients de l&#039;utilisation du sel de sodium d&#039;acide polyacrylique\u00a0?<\/h4>\n<p>Un inconv\u00e9nient du PAAS est qu&#039;il peut augmenter le volume de boues en raison de sa grande capacit\u00e9 d&#039;adsorption. De plus, le PAAS peut s&#039;hydrolyser dans des conditions alcalines pour former de l&#039;acrylamide, un canc\u00e9rig\u00e8ne.<\/p>\n<h4>8 . Comment conserver le sel de sodium d&#039;acide polyacrylique\u00a0?<\/h4>\n<p><strong>Sels de sodium d&#039;acide polyacrylique<\/strong> doit \u00eatre stock\u00e9 dans un r\u00e9cipient herm\u00e9tique dans un endroit frais et sec.<\/p>\n<div data-zone-id=\"0\" data-line-index=\"0\" data-line=\"true\"><a href=\"https:\/\/vcycletech.com\/fr\/categorie-de-produit\/antitartre-et-dispersant-polycarboxylique\/\">Obtenez la solution compl\u00e8te antitartre et dispersant polycarboxylique<\/a><\/div>","protected":false},"excerpt":{"rendered":"<p><strong>Sel de sodium d&#039;acide polyacrylique (PAAS)<\/strong> est un polym\u00e8re anionique polyvalent utilis\u00e9 dans une vari\u00e9t\u00e9 d&#039;industries. Il est disponible dans les concentrations de 30%, 45%, 50% et 92%. <strong>PASA<\/strong> est utilis\u00e9 comme additif pour les mat\u00e9riaux et objets plastiques en contact avec les denr\u00e9es alimentaires, comme liant cosm\u00e9tique, agent filmog\u00e8ne et agent de contr\u00f4le de la viscosit\u00e9. Il peut \u00e9galement disperser des microcristaux ou des microsables de carbonate de calcium, de phosphate de calcium et de sulfate de calcium. Le PAAS est non toxique et sans danger pour une utilisation dans de nombreuses applications.<\/p>","protected":false},"featured_media":997,"template":"","meta":{"site-sidebar-layout":"default","site-content-layout":"default","ast-site-content-layout":"default","site-content-style":"default","site-sidebar-style":"default","ast-global-header-display":"","ast-banner-title-visibility":"","ast-main-header-display":"","ast-hfb-above-header-display":"","ast-hfb-below-header-display":"","ast-hfb-mobile-header-display":"","site-post-title":"","ast-breadcrumbs-content":"","ast-featured-img":"","footer-sml-layout":"","ast-disable-related-posts":"","theme-transparent-header-meta":"default","adv-header-id-meta":"","stick-header-meta":"default","header-above-stick-meta":"","header-main-stick-meta":"","header-below-stick-meta":"","astra-migrate-meta-layouts":"default","ast-page-background-enabled":"default","ast-page-background-meta":{"desktop":{"background-color":"","background-image":"","background-repeat":"repeat","background-position":"center center","background-size":"auto","background-attachment":"scroll","background-type":"","background-media":"","overlay-type":"","overlay-color":"","overlay-opacity":"","overlay-gradient":""},"tablet":{"background-color":"","background-image":"","background-repeat":"repeat","background-position":"center center","background-size":"auto","background-attachment":"scroll","background-type":"","background-media":"","overlay-type":"","overlay-color":"","overlay-opacity":"","overlay-gradient":""},"mobile":{"background-color":"","background-image":"","background-repeat":"repeat","background-position":"center center","background-size":"auto","background-attachment":"scroll","background-type":"","background-media":"","overlay-type":"","overlay-color":"","overlay-opacity":"","overlay-gradient":""}},"ast-content-background-meta":{"desktop":{"background-color":"var(--ast-global-color-5)","background-image":"","background-repeat":"repeat","background-position":"center center","background-size":"auto","background-attachment":"scroll","background-type":"","background-media":"","overlay-type":"","overlay-color":"","overlay-opacity":"","overlay-gradient":""},"tablet":{"background-color":"var(--ast-global-color-5)","background-image":"","background-repeat":"repeat","background-position":"center center","background-size":"auto","background-attachment":"scroll","background-type":"","background-media":"","overlay-type":"","overlay-color":"","overlay-opacity":"","overlay-gradient":""},"mobile":{"background-color":"var(--ast-global-color-5)","background-image":"","background-repeat":"repeat","background-position":"center center","background-size":"auto","background-attachment":"scroll","background-type":"","background-media":"","overlay-type":"","overlay-color":"","overlay-opacity":"","overlay-gradient":""}}},"product_brand":[],"product_cat":[28],"product_tag":[],"class_list":{"0":"post-990","1":"product","2":"type-product","3":"status-publish","4":"has-post-thumbnail","6":"product_cat-polycarboxylic-antiscalant-and-dispersant","7":"desktop-align-left","8":"tablet-align-left","9":"mobile-align-left","10":"ast-product-gallery-layout-horizontal-slider","11":"ast-product-gallery-with-no-image","12":"ast-product-tabs-layout-horizontal","14":"first","15":"instock","16":"shipping-taxable","17":"product-type-simple"},"yoast_head":"<!-- This site is optimized with the Yoast SEO Premium plugin v26.3 (Yoast SEO v27.3) - https:\/\/yoast.com\/product\/yoast-seo-premium-wordpress\/ -->\n<title>Polyacrylic Acid Sodium Salt(PAAS)30%, 45%, 50%, 92%<\/title>\n<meta name=\"description\" content=\"Need polyacrylic acid sodium salt? We have PAAS concentrations of 30%, 45%, 50% and 92%. Get it now!\" \/>\n<meta name=\"robots\" content=\"index, follow, max-snippet:-1, max-image-preview:large, max-video-preview:-1\" \/>\n<link rel=\"canonical\" href=\"https:\/\/vcycletech.com\/fr\/produit\/sel-de-sodium-dacide-polyacrylique\/\" \/>\n<meta property=\"og:locale\" content=\"fr_FR\" \/>\n<meta property=\"og:type\" content=\"article\" \/>\n<meta property=\"og:title\" content=\"Polyacrylic Acid Sodium Salt(PAAS)30%, 45%, 50%, 92%\" \/>\n<meta property=\"og:description\" content=\"Need polyacrylic acid sodium salt? We have PAAS concentrations of 30%, 45%, 50% and 92%. Get it now!\" \/>\n<meta property=\"og:url\" content=\"https:\/\/vcycletech.com\/fr\/produit\/sel-de-sodium-dacide-polyacrylique\/\" \/>\n<meta property=\"og:site_name\" content=\"vcycletech\" \/>\n<meta property=\"article:modified_time\" content=\"2023-03-20T07:50:39+00:00\" \/>\n<meta property=\"og:image\" content=\"https:\/\/vcycletech.com\/wp-content\/uploads\/2023\/03\/1-18.png\" \/>\n\t<meta property=\"og:image:width\" content=\"600\" \/>\n\t<meta property=\"og:image:height\" content=\"600\" \/>\n\t<meta property=\"og:image:type\" content=\"image\/png\" \/>\n<meta name=\"twitter:card\" content=\"summary_large_image\" \/>\n<meta name=\"twitter:label1\" content=\"Dur\u00e9e de lecture estim\u00e9e\" \/>\n\t<meta name=\"twitter:data1\" content=\"3 minutes\" \/>\n<script type=\"application\/ld+json\" class=\"yoast-schema-graph\">{\"@context\":\"https:\\\/\\\/schema.org\",\"@graph\":[{\"@type\":\"WebPage\",\"@id\":\"https:\\\/\\\/vcycletech.com\\\/product\\\/polyacrylic-acid-sodium-salt\\\/\",\"url\":\"https:\\\/\\\/vcycletech.com\\\/product\\\/polyacrylic-acid-sodium-salt\\\/\",\"name\":\"Polyacrylic Acid Sodium Salt(PAAS)30%, 45%, 50%, 92%\",\"isPartOf\":{\"@id\":\"https:\\\/\\\/vcycletech.com\\\/#website\"},\"primaryImageOfPage\":{\"@id\":\"https:\\\/\\\/vcycletech.com\\\/product\\\/polyacrylic-acid-sodium-salt\\\/#primaryimage\"},\"image\":{\"@id\":\"https:\\\/\\\/vcycletech.com\\\/product\\\/polyacrylic-acid-sodium-salt\\\/#primaryimage\"},\"thumbnailUrl\":\"https:\\\/\\\/vcycletech.com\\\/wp-content\\\/uploads\\\/2023\\\/03\\\/1-18.png\",\"datePublished\":\"2023-03-20T07:45:26+00:00\",\"dateModified\":\"2023-03-20T07:50:39+00:00\",\"description\":\"Need polyacrylic acid sodium salt? We have PAAS concentrations of 30%, 45%, 50% and 92%. Get it now!\",\"breadcrumb\":{\"@id\":\"https:\\\/\\\/vcycletech.com\\\/product\\\/polyacrylic-acid-sodium-salt\\\/#breadcrumb\"},\"inLanguage\":\"fr-FR\",\"potentialAction\":[{\"@type\":\"ReadAction\",\"target\":[\"https:\\\/\\\/vcycletech.com\\\/product\\\/polyacrylic-acid-sodium-salt\\\/\"]}]},{\"@type\":\"ImageObject\",\"inLanguage\":\"fr-FR\",\"@id\":\"https:\\\/\\\/vcycletech.com\\\/product\\\/polyacrylic-acid-sodium-salt\\\/#primaryimage\",\"url\":\"https:\\\/\\\/vcycletech.com\\\/wp-content\\\/uploads\\\/2023\\\/03\\\/1-18.png\",\"contentUrl\":\"https:\\\/\\\/vcycletech.com\\\/wp-content\\\/uploads\\\/2023\\\/03\\\/1-18.png\",\"width\":600,\"height\":600,\"caption\":\"Polyacrylic Acid Sodium Salt(PAAS)30%, 45%, 50%, 92%\"},{\"@type\":\"BreadcrumbList\",\"@id\":\"https:\\\/\\\/vcycletech.com\\\/product\\\/polyacrylic-acid-sodium-salt\\\/#breadcrumb\",\"itemListElement\":[{\"@type\":\"ListItem\",\"position\":1,\"name\":\"Home\",\"item\":\"https:\\\/\\\/vcycletech.com\\\/\"},{\"@type\":\"ListItem\",\"position\":2,\"name\":\"Water Treatment Chemicals Manufacturer\",\"item\":\"https:\\\/\\\/vcycletech.com\\\/water-treatment-chemicals-manufacturer\\\/\"},{\"@type\":\"ListItem\",\"position\":3,\"name\":\"Polyacrylic Acid Sodium Salt(PAAS)30%, 45%, 50%, 92%\"}]},{\"@type\":\"WebSite\",\"@id\":\"https:\\\/\\\/vcycletech.com\\\/#website\",\"url\":\"https:\\\/\\\/vcycletech.com\\\/\",\"name\":\"vcycletech\",\"description\":\"China&#039;s top water treatment chemicals supplier\",\"publisher\":{\"@id\":\"https:\\\/\\\/vcycletech.com\\\/#organization\"},\"potentialAction\":[{\"@type\":\"SearchAction\",\"target\":{\"@type\":\"EntryPoint\",\"urlTemplate\":\"https:\\\/\\\/vcycletech.com\\\/?s={search_term_string}\"},\"query-input\":{\"@type\":\"PropertyValueSpecification\",\"valueRequired\":true,\"valueName\":\"search_term_string\"}}],\"inLanguage\":\"fr-FR\"},{\"@type\":\"Organization\",\"@id\":\"https:\\\/\\\/vcycletech.com\\\/#organization\",\"name\":\"vcycletech\",\"url\":\"https:\\\/\\\/vcycletech.com\\\/\",\"logo\":{\"@type\":\"ImageObject\",\"inLanguage\":\"fr-FR\",\"@id\":\"https:\\\/\\\/vcycletech.com\\\/#\\\/schema\\\/logo\\\/image\\\/\",\"url\":\"https:\\\/\\\/vcycletech.com\\\/wp-content\\\/uploads\\\/2023\\\/03\\\/logo-vcycletech-1.png\",\"contentUrl\":\"https:\\\/\\\/vcycletech.com\\\/wp-content\\\/uploads\\\/2023\\\/03\\\/logo-vcycletech-1.png\",\"width\":600,\"height\":400,\"caption\":\"vcycletech\"},\"image\":{\"@id\":\"https:\\\/\\\/vcycletech.com\\\/#\\\/schema\\\/logo\\\/image\\\/\"}}]}<\/script>\n<!-- \/ Yoast SEO Premium plugin. -->","yoast_head_json":{"title":"Sel de sodium d&#039;acide polyacrylique (PAAS)30%, 45%, 50%, 92%","description":"Besoin de sel de sodium d&#039;acide polyacrylique? Nous avons des concentrations de PAAS de 30%, 45%, 50% et 92%. Obtenez le maintenant!","robots":{"index":"index","follow":"follow","max-snippet":"max-snippet:-1","max-image-preview":"max-image-preview:large","max-video-preview":"max-video-preview:-1"},"canonical":"https:\/\/vcycletech.com\/fr\/produit\/sel-de-sodium-dacide-polyacrylique\/","og_locale":"fr_FR","og_type":"article","og_title":"Polyacrylic Acid Sodium Salt(PAAS)30%, 45%, 50%, 92%","og_description":"Need polyacrylic acid sodium salt? We have PAAS concentrations of 30%, 45%, 50% and 92%. Get it now!","og_url":"https:\/\/vcycletech.com\/fr\/produit\/sel-de-sodium-dacide-polyacrylique\/","og_site_name":"vcycletech","article_modified_time":"2023-03-20T07:50:39+00:00","og_image":[{"width":600,"height":600,"url":"https:\/\/vcycletech.com\/wp-content\/uploads\/2023\/03\/1-18.png","type":"image\/png"}],"twitter_card":"summary_large_image","twitter_misc":{"Dur\u00e9e de lecture estim\u00e9e":"3 minutes"},"schema":{"@context":"https:\/\/schema.org","@graph":[{"@type":"WebPage","@id":"https:\/\/vcycletech.com\/product\/polyacrylic-acid-sodium-salt\/","url":"https:\/\/vcycletech.com\/product\/polyacrylic-acid-sodium-salt\/","name":"Sel de sodium d&#039;acide polyacrylique (PAAS)30%, 45%, 50%, 92%","isPartOf":{"@id":"https:\/\/vcycletech.com\/#website"},"primaryImageOfPage":{"@id":"https:\/\/vcycletech.com\/product\/polyacrylic-acid-sodium-salt\/#primaryimage"},"image":{"@id":"https:\/\/vcycletech.com\/product\/polyacrylic-acid-sodium-salt\/#primaryimage"},"thumbnailUrl":"https:\/\/vcycletech.com\/wp-content\/uploads\/2023\/03\/1-18.png","datePublished":"2023-03-20T07:45:26+00:00","dateModified":"2023-03-20T07:50:39+00:00","description":"Besoin de sel de sodium d&#039;acide polyacrylique? Nous avons des concentrations de PAAS de 30%, 45%, 50% et 92%. Obtenez le maintenant!","breadcrumb":{"@id":"https:\/\/vcycletech.com\/product\/polyacrylic-acid-sodium-salt\/#breadcrumb"},"inLanguage":"fr-FR","potentialAction":[{"@type":"ReadAction","target":["https:\/\/vcycletech.com\/product\/polyacrylic-acid-sodium-salt\/"]}]},{"@type":"ImageObject","inLanguage":"fr-FR","@id":"https:\/\/vcycletech.com\/product\/polyacrylic-acid-sodium-salt\/#primaryimage","url":"https:\/\/vcycletech.com\/wp-content\/uploads\/2023\/03\/1-18.png","contentUrl":"https:\/\/vcycletech.com\/wp-content\/uploads\/2023\/03\/1-18.png","width":600,"height":600,"caption":"Polyacrylic Acid Sodium Salt(PAAS)30%, 45%, 50%, 92%"},{"@type":"BreadcrumbList","@id":"https:\/\/vcycletech.com\/product\/polyacrylic-acid-sodium-salt\/#breadcrumb","itemListElement":[{"@type":"ListItem","position":1,"name":"Home","item":"https:\/\/vcycletech.com\/"},{"@type":"ListItem","position":2,"name":"Water Treatment Chemicals Manufacturer","item":"https:\/\/vcycletech.com\/water-treatment-chemicals-manufacturer\/"},{"@type":"ListItem","position":3,"name":"Polyacrylic Acid Sodium Salt(PAAS)30%, 45%, 50%, 92%"}]},{"@type":"WebSite","@id":"https:\/\/vcycletech.com\/#website","url":"https:\/\/vcycletech.com\/","name":"vcycletech","description":"Meilleur fournisseur de produits chimiques pour le traitement de l&#039;eau en Chine","publisher":{"@id":"https:\/\/vcycletech.com\/#organization"},"potentialAction":[{"@type":"SearchAction","target":{"@type":"EntryPoint","urlTemplate":"https:\/\/vcycletech.com\/?s={search_term_string}"},"query-input":{"@type":"PropertyValueSpecification","valueRequired":true,"valueName":"search_term_string"}}],"inLanguage":"fr-FR"},{"@type":"Organization","@id":"https:\/\/vcycletech.com\/#organization","name":"vcycletech","url":"https:\/\/vcycletech.com\/","logo":{"@type":"ImageObject","inLanguage":"fr-FR","@id":"https:\/\/vcycletech.com\/#\/schema\/logo\/image\/","url":"https:\/\/vcycletech.com\/wp-content\/uploads\/2023\/03\/logo-vcycletech-1.png","contentUrl":"https:\/\/vcycletech.com\/wp-content\/uploads\/2023\/03\/logo-vcycletech-1.png","width":600,"height":400,"caption":"vcycletech"},"image":{"@id":"https:\/\/vcycletech.com\/#\/schema\/logo\/image\/"}}]}},"_links":{"self":[{"href":"https:\/\/vcycletech.com\/fr\/wp-json\/wp\/v2\/product\/990","targetHints":{"allow":["GET"]}}],"collection":[{"href":"https:\/\/vcycletech.com\/fr\/wp-json\/wp\/v2\/product"}],"about":[{"href":"https:\/\/vcycletech.com\/fr\/wp-json\/wp\/v2\/types\/product"}],"wp:featuredmedia":[{"embeddable":true,"href":"https:\/\/vcycletech.com\/fr\/wp-json\/wp\/v2\/media\/997"}],"wp:attachment":[{"href":"https:\/\/vcycletech.com\/fr\/wp-json\/wp\/v2\/media?parent=990"}],"wp:term":[{"taxonomy":"product_brand","embeddable":true,"href":"https:\/\/vcycletech.com\/fr\/wp-json\/wp\/v2\/product_brand?post=990"},{"taxonomy":"product_cat","embeddable":true,"href":"https:\/\/vcycletech.com\/fr\/wp-json\/wp\/v2\/product_cat?post=990"},{"taxonomy":"product_tag","embeddable":true,"href":"https:\/\/vcycletech.com\/fr\/wp-json\/wp\/v2\/product_tag?post=990"}],"curies":[{"name":"wp","href":"https:\/\/api.w.org\/{rel}","templated":true}]}}