{"id":980,"date":"2023-03-20T06:59:07","date_gmt":"2023-03-20T06:59:07","guid":{"rendered":"https:\/\/vcycletech.com\/?post_type=product&#038;p=980"},"modified":"2023-03-20T07:05:56","modified_gmt":"2023-03-20T07:05:56","slug":"paa-acide-poly-acrylique-30-50-63","status":"publish","type":"product","link":"https:\/\/vcycletech.com\/fr\/produit\/paa-acide-poly-acrylique-30-50-63\/","title":{"rendered":"Acide polyacrylique PAA (30%, 50%, 63%)"},"content":{"rendered":"<h3 class=\"fzs\">N\u00b0 CAS9003-01-4<\/h3>\n<h3>Formule structurelle:<\/h3>\n<p><img fetchpriority=\"high\" decoding=\"async\" class=\"alignnone size-full wp-image-983\" src=\"https:\/\/vcycletech.com\/wp-content\/uploads\/2023\/03\/1-17.png\" alt=\"Formule structurelle:\" width=\"1291\" height=\"420\" srcset=\"https:\/\/vcycletech.com\/wp-content\/uploads\/2023\/03\/1-17.png 1291w, https:\/\/vcycletech.com\/wp-content\/uploads\/2023\/03\/1-17-600x195.png 600w, https:\/\/vcycletech.com\/wp-content\/uploads\/2023\/03\/1-17-300x98.png 300w, https:\/\/vcycletech.com\/wp-content\/uploads\/2023\/03\/1-17-1024x333.png 1024w, https:\/\/vcycletech.com\/wp-content\/uploads\/2023\/03\/1-17-768x250.png 768w\" sizes=\"(max-width: 1291px) 100vw, 1291px\" \/><\/p>\n<h3>Propri\u00e9t\u00e9s:<\/h3>\n<p><strong>AAP<\/strong> est un additif s\u00fbr et soluble dans l&#039;eau dans des solutions alcalines et hautement concentr\u00e9es sans laisser de d\u00e9p\u00f4ts de s\u00e9diments. Il a \u00e9t\u00e9 con\u00e7u pour disperser des microcristaux ou des microsables de carbonate, de phosphate et de sulfate de calcium. En tant qu&#039;inhibiteur de tartre et dispersant pour les syst\u00e8mes de refroidissement, les proc\u00e9d\u00e9s de fabrication du papier, les textiles, la c\u00e9ramique, la peinture ou la teinture, le PAA fournit des r\u00e9sultats efficaces avec un entretien minimal requis.<\/p>\n<h3>sp\u00e9cification<\/h3>\n<div id=\"footable_parent_985\"\n         class=\"footable_parent ninja_table_wrapper loading_ninja_table wp_table_data_press_parent semantic_ui\">\n                <table data-ninja_table_instance=\"ninja_table_instance_0\" data-footable_id=\"985\" data-filter-delay=\"1000\" aria-label=\"Acide polyacrylique (PAA).csv\"            id=\"footable_985\"\n           data-unique_identifier=\"ninja_table_unique_id_4076773227_985\"\n           class=\"foo-table ninja_footable foo_table_985 ninja_table_unique_id_4076773227_985 ui table  nt_type_legacy_table selectable striped vertical_centered  footable-paging-right ninja_table_pro\">\n                <colgroup>\n                            <col class=\"ninja_column_0\">\n                            <col class=\"ninja_column_1\">\n                            <col class=\"ninja_column_2\">\n                    <\/colgroup>\n        <thead>\n<tr class=\"footable-header\">\n                                                        <th scope=\"col\"  class=\"ninja_column_0 ninja_clmn_nm_items\">Articles<\/th><th scope=\"col\"  class=\"ninja_column_1 ninja_clmn_nm_index\">Indice<\/th><th scope=\"col\"  class=\"ninja_column_2 ninja_clmn_nm_ninja_column_3\"><\/th><\/tr>\n<\/thead>\n<tbody>\n\n        <tr data-row_id=\"172\" class=\"ninja_table_row_0 nt_row_id_172\">\n            <td>Apparence<\/td><td>Liquide transparent incolore \u00e0 jaune clair<\/td><td>Liquide transparent incolore \u00e0 jaune clair<\/td>        <\/tr>\n            <tr data-row_id=\"173\" class=\"ninja_table_row_1 nt_row_id_173\">\n            <td>Contenu solide %<\/td><td>30,0 minutes<\/td><td>50,0 minutes<\/td>        <\/tr>\n            <tr data-row_id=\"174\" class=\"ninja_table_row_2 nt_row_id_174\">\n            <td>Monom\u00e8re libre (comme AA) %<\/td><td>0,50 maximum<\/td><td>0,50 maximum<\/td>        <\/tr>\n            <tr data-row_id=\"175\" class=\"ninja_table_row_3 nt_row_id_175\">\n            <td>Densit\u00e9 (20\u2103) g\/cm3<\/td><td>1.10 mn<\/td><td>1.20 mn<\/td>        <\/tr>\n            <tr data-row_id=\"176\" class=\"ninja_table_row_4 nt_row_id_176\">\n            <td>pH (solution aqueuse 1%)<\/td><td>2.5-4.5<\/td><td>2.5-4.5<\/td>        <\/tr>\n    <\/tbody><!--ninja_tobody_rendering_done-->\n    <\/table>\n    \n    \n    \n<\/div>\n\n<h3>Usage:<\/h3>\n<p><strong>Acide polyacrylique<\/strong> est un polym\u00e8re polyvalent d\u00e9riv\u00e9 de l&#039;acide acrylique aux propri\u00e9t\u00e9s hygroscopiques et cassantes. Il a de nombreuses applications, notamment l&#039;ing\u00e9nierie tissulaire, les syst\u00e8mes d&#039;administration de m\u00e9dicaments et les batteries lithium-ion. Il est non toxique, biocompatible et biod\u00e9gradable, ce qui en fait un choix id\u00e9al pour de nombreuses industries. L&#039;acide polyacrylique peut \u00eatre utilis\u00e9 comme inhibiteur de tartre et dispersant dans les syst\u00e8mes de circulation d&#039;eau froide dans les centrales \u00e9lectriques, les usines sid\u00e9rurgiques, les usines d&#039;engrais chimiques, les raffineries et les syst\u00e8mes de climatisation. Lorsqu&#039;il est utilis\u00e9 seul, le dosage doit \u00eatre de 1 \u00e0 15 mg\/L, en fonction de la qualit\u00e9 de l&#039;eau et des mat\u00e9riaux de l&#039;\u00e9quipement. De plus, l&#039;acide polyacrylique peut \u00e9galement \u00eatre utilis\u00e9 pour r\u00e9duire la corrosion dans<\/p>\n<p>L&#039;acide polyacrylique est une solution efficace pour de nombreuses industries en raison de sa polyvalence et de sa nature non toxique. Sa capacit\u00e9 \u00e0 agir comme inhibiteur de tartre et dispersant en fait un choix id\u00e9al pour de nombreuses applications.<\/p>\n<h3>Sc\u00e9narios d&#039;application de l&#039;acide polyacrylique (PAA)<\/h3>\n<p>L&#039;acide polyacrylique (PAA) est un polym\u00e8re soluble dans l&#039;eau avec diverses applications industrielles et commerciales. Le PAA est commun\u00e9ment appel\u00e9 Carbomer et peut \u00eatre utilis\u00e9 comme agent \u00e9paississant, dispersant, \u00e9mulsifiant, adh\u00e9sif et bien d&#039;autres. Il devient de plus en plus populaire dans de nombreuses industries en raison de sa polyvalence et de son co\u00fbt relativement faible par rapport aux autres polym\u00e8res. Les entreprises qui cherchent \u00e0 vendre en gros du PAA doivent prendre connaissance des diverses applications que le PAA peut avoir afin de mieux d\u00e9terminer son ad\u00e9quation aux diff\u00e9rents produits finaux.<\/p>\n<p>L&#039;une des utilisations les plus courantes du PAA est comme agent \u00e9paississant ou stabilisant. Cela le rend id\u00e9al pour les gels, les cr\u00e8mes, les lotions, les shampooings et les revitalisants. En utilisant les propri\u00e9t\u00e9s uniques du PAA, telles que sa capacit\u00e9 \u00e0 r\u00e9sister aux changements de pH ou de temp\u00e9rature au fil du temps, ces produits peuvent conserver la consistance et la viscosit\u00e9 souhait\u00e9es tout au long de leur dur\u00e9e de conservation. De plus, le PAA agit comme un agent de suspension efficace, qui aide \u00e0 maintenir les ingr\u00e9dients solides en suspension dans les m\u00e9langes liquides. Cette propri\u00e9t\u00e9 le rend bien adapt\u00e9 \u00e0 une utilisation dans des formulations pharmaceutiques o\u00f9 il peut aider \u00e0 r\u00e9duire les taux de s\u00e9dimentation des ingr\u00e9dients actifs tout au long des p\u00e9riodes de stockage.<\/p>\n<p>En plus de son utilisation comme \u00e9paississant ou stabilisant, le PAA s&#039;est av\u00e9r\u00e9 utile comme \u00e9mulsifiant et dispersant. En tant qu&#039;\u00e9mulsifiant, il aide \u00e0 stabiliser les m\u00e9langes huile-dans-eau en emp\u00eachant les particules de s&#039;agglutiner tout en offrant une texture et une sensation am\u00e9lior\u00e9es lorsqu&#039;il est utilis\u00e9 dans des produits cosm\u00e9tiques ou alimentaires. En tant que dispersant, il aide \u00e0 disperser uniform\u00e9ment les particules insolubles dans les liquides, ce qui le rend pr\u00e9cieux pour les peintures et les rev\u00eatements o\u00f9 une distribution uniforme des couleurs doit \u00eatre maintenue sur de longues p\u00e9riodes de stockage. Enfin, le PAA sert \u00e9galement d&#039;adh\u00e9sif gr\u00e2ce \u00e0 sa capacit\u00e9 \u00e0 former des liaisons solides et flexibles avec des substrats organiques et inorganiques, ce qui le rend adapt\u00e9 aux adh\u00e9sifs comme la colle ou le ciment de caoutchouc.<\/p>\n<h3>Comment emballer et stocker l&#039;acide polyacrylique PAA<\/h3>\n<p><strong>Acide polyacrylique PAA<\/strong> est un polym\u00e8re courant dans de nombreuses industries, telles que l&#039;impression, l&#039;emballage et le textile. Il est disponible en trois concentrations - 30%, 50% et 63%. Lorsqu&#039;il s&#039;agit de ce mat\u00e9riel, il est important de le stocker et de l&#039;emballer correctement pour le garder en bon \u00e9tat. Voici quelques conseils pour y parvenir\u00a0:<\/p>\n<ul>\n<li>Conservez l&#039;acide polyacrylique PAA dans un endroit frais et sec, \u00e0 l&#039;abri de la lumi\u00e8re directe du soleil ou de l&#039;humidit\u00e9.<\/li>\n<li>Gardez le r\u00e9cipient scell\u00e9 lorsque vous n&#039;utilisez pas le mat\u00e9riau.<\/li>\n<li>Assurez-vous que tous les conteneurs contenant de l&#039;acide polyacrylique PAA sont \u00e9tiquet\u00e9s avec la concentration du mat\u00e9riau. Cela rendra l&#039;identification beaucoup plus facile.<\/li>\n<li>Assurez-vous de v\u00e9rifier r\u00e9guli\u00e8rement tout signe de d\u00e9gradation ou de contamination avant utilisation. En cas de dommage ou de d\u00e9coloration du produit, jetez-le imm\u00e9diatement.<\/li>\n<li>Utilisez des v\u00eatements de protection appropri\u00e9s pour \u00e9viter le contact avec la peau et les allergies potentielles lors de la manipulation de ce mat\u00e9riau.<\/li>\n<li>Nettoyez tout d\u00e9versement d\u00e8s que possible avec un mat\u00e9riau absorbant comme de la sciure de bois ou des serviettes en papier.<\/li>\n<\/ul>\n<div data-zone-id=\"0\" data-line-index=\"0\" data-line=\"true\"><a href=\"https:\/\/vcycletech.com\/fr\/categorie-de-produit\/antitartre-et-dispersant-polycarboxylique\/\">Obtenez la solution compl\u00e8te antitartre et dispersant polycarboxylique<\/a><\/div>","protected":false},"excerpt":{"rendered":"<p><strong>Poly(acide acrylique) (PAA)<\/strong> est un polym\u00e8re polyvalent avec de nombreuses utilisations dans diverses industries. Il est de nature hygroscopique, cassante et incolore, avec une temp\u00e9rature de transition vitreuse de pr\u00e8s de 106\u00b0C. <strong>AAP<\/strong> est disponible dans les concentrations 30%, 50% et 63%. Il est utilis\u00e9 comme activateur pour les syst\u00e8mes de contact pour arr\u00eater le saignement et comme \u00e9mulsifiant, \u00e9paississant, stabilisant et agent de suspension dans l&#039;industrie alimentaire. De plus, il peut \u00eatre utilis\u00e9 comme floculant pour la purification de l&#039;eau et le traitement des eaux us\u00e9es. <strong>AAP<\/strong> est \u00e9galement utilis\u00e9 dans l&#039;industrie cosm\u00e9tique pour cr\u00e9er des cr\u00e8mes et des lotions avec une texture et une stabilit\u00e9 am\u00e9lior\u00e9es.<\/p>","protected":false},"featured_media":984,"template":"","meta":{"site-sidebar-layout":"default","site-content-layout":"default","ast-site-content-layout":"default","site-content-style":"default","site-sidebar-style":"default","ast-global-header-display":"","ast-banner-title-visibility":"","ast-main-header-display":"","ast-hfb-above-header-display":"","ast-hfb-below-header-display":"","ast-hfb-mobile-header-display":"","site-post-title":"","ast-breadcrumbs-content":"","ast-featured-img":"","footer-sml-layout":"","ast-disable-related-posts":"","theme-transparent-header-meta":"default","adv-header-id-meta":"","stick-header-meta":"default","header-above-stick-meta":"","header-main-stick-meta":"","header-below-stick-meta":"","astra-migrate-meta-layouts":"default","ast-page-background-enabled":"default","ast-page-background-meta":{"desktop":{"background-color":"","background-image":"","background-repeat":"repeat","background-position":"center center","background-size":"auto","background-attachment":"scroll","background-type":"","background-media":"","overlay-type":"","overlay-color":"","overlay-opacity":"","overlay-gradient":""},"tablet":{"background-color":"","background-image":"","background-repeat":"repeat","background-position":"center center","background-size":"auto","background-attachment":"scroll","background-type":"","background-media":"","overlay-type":"","overlay-color":"","overlay-opacity":"","overlay-gradient":""},"mobile":{"background-color":"","background-image":"","background-repeat":"repeat","background-position":"center center","background-size":"auto","background-attachment":"scroll","background-type":"","background-media":"","overlay-type":"","overlay-color":"","overlay-opacity":"","overlay-gradient":""}},"ast-content-background-meta":{"desktop":{"background-color":"var(--ast-global-color-5)","background-image":"","background-repeat":"repeat","background-position":"center center","background-size":"auto","background-attachment":"scroll","background-type":"","background-media":"","overlay-type":"","overlay-color":"","overlay-opacity":"","overlay-gradient":""},"tablet":{"background-color":"var(--ast-global-color-5)","background-image":"","background-repeat":"repeat","background-position":"center center","background-size":"auto","background-attachment":"scroll","background-type":"","background-media":"","overlay-type":"","overlay-color":"","overlay-opacity":"","overlay-gradient":""},"mobile":{"background-color":"var(--ast-global-color-5)","background-image":"","background-repeat":"repeat","background-position":"center center","background-size":"auto","background-attachment":"scroll","background-type":"","background-media":"","overlay-type":"","overlay-color":"","overlay-opacity":"","overlay-gradient":""}}},"product_brand":[],"product_cat":[28],"product_tag":[],"class_list":{"0":"post-980","1":"product","2":"type-product","3":"status-publish","4":"has-post-thumbnail","6":"product_cat-polycarboxylic-antiscalant-and-dispersant","7":"desktop-align-left","8":"tablet-align-left","9":"mobile-align-left","10":"ast-product-gallery-layout-horizontal-slider","11":"ast-product-gallery-with-no-image","12":"ast-product-tabs-layout-horizontal","14":"first","15":"instock","16":"shipping-taxable","17":"product-type-simple"},"yoast_head":"<!-- This site is optimized with the Yoast SEO Premium plugin v26.3 (Yoast SEO v27.3) - https:\/\/yoast.com\/product\/yoast-seo-premium-wordpress\/ -->\n<title>PAA Poly Acrylic Acid (30%, 50%, 63%) - vcycletech<\/title>\n<meta name=\"description\" content=\"Get maximum protection and performance with PAA Poly Acrylic Acid (30%, 50%, 63%)! The perfect solution for your toughest needs.\" \/>\n<meta name=\"robots\" content=\"index, follow, max-snippet:-1, max-image-preview:large, max-video-preview:-1\" \/>\n<link rel=\"canonical\" href=\"https:\/\/vcycletech.com\/fr\/produit\/paa-acide-poly-acrylique-30-50-63\/\" \/>\n<meta property=\"og:locale\" content=\"fr_FR\" \/>\n<meta property=\"og:type\" content=\"article\" \/>\n<meta property=\"og:title\" content=\"PAA Poly Acrylic Acid (30%, 50%, 63%)\" \/>\n<meta property=\"og:description\" content=\"Get maximum protection and performance with PAA Poly Acrylic Acid (30%, 50%, 63%)! The perfect solution for your toughest needs.\" \/>\n<meta property=\"og:url\" content=\"https:\/\/vcycletech.com\/fr\/produit\/paa-acide-poly-acrylique-30-50-63\/\" \/>\n<meta property=\"og:site_name\" content=\"vcycletech\" \/>\n<meta property=\"article:modified_time\" content=\"2023-03-20T07:05:56+00:00\" \/>\n<meta property=\"og:image\" content=\"https:\/\/vcycletech.com\/wp-content\/uploads\/2023\/03\/PAA.png\" \/>\n\t<meta property=\"og:image:width\" content=\"600\" \/>\n\t<meta property=\"og:image:height\" content=\"600\" \/>\n\t<meta property=\"og:image:type\" content=\"image\/png\" \/>\n<meta name=\"twitter:card\" content=\"summary_large_image\" \/>\n<meta name=\"twitter:label1\" content=\"Dur\u00e9e de lecture estim\u00e9e\" \/>\n\t<meta name=\"twitter:data1\" content=\"4 minutes\" \/>\n<script type=\"application\/ld+json\" class=\"yoast-schema-graph\">{\"@context\":\"https:\\\/\\\/schema.org\",\"@graph\":[{\"@type\":\"WebPage\",\"@id\":\"https:\\\/\\\/vcycletech.com\\\/product\\\/paa-poly-acrylic-acid-30-50-63\\\/\",\"url\":\"https:\\\/\\\/vcycletech.com\\\/product\\\/paa-poly-acrylic-acid-30-50-63\\\/\",\"name\":\"PAA Poly Acrylic Acid (30%, 50%, 63%) - vcycletech\",\"isPartOf\":{\"@id\":\"https:\\\/\\\/vcycletech.com\\\/#website\"},\"primaryImageOfPage\":{\"@id\":\"https:\\\/\\\/vcycletech.com\\\/product\\\/paa-poly-acrylic-acid-30-50-63\\\/#primaryimage\"},\"image\":{\"@id\":\"https:\\\/\\\/vcycletech.com\\\/product\\\/paa-poly-acrylic-acid-30-50-63\\\/#primaryimage\"},\"thumbnailUrl\":\"https:\\\/\\\/vcycletech.com\\\/wp-content\\\/uploads\\\/2023\\\/03\\\/PAA.png\",\"datePublished\":\"2023-03-20T06:59:07+00:00\",\"dateModified\":\"2023-03-20T07:05:56+00:00\",\"description\":\"Get maximum protection and performance with PAA Poly Acrylic Acid (30%, 50%, 63%)! The perfect solution for your toughest needs.\",\"breadcrumb\":{\"@id\":\"https:\\\/\\\/vcycletech.com\\\/product\\\/paa-poly-acrylic-acid-30-50-63\\\/#breadcrumb\"},\"inLanguage\":\"fr-FR\",\"potentialAction\":[{\"@type\":\"ReadAction\",\"target\":[\"https:\\\/\\\/vcycletech.com\\\/product\\\/paa-poly-acrylic-acid-30-50-63\\\/\"]}]},{\"@type\":\"ImageObject\",\"inLanguage\":\"fr-FR\",\"@id\":\"https:\\\/\\\/vcycletech.com\\\/product\\\/paa-poly-acrylic-acid-30-50-63\\\/#primaryimage\",\"url\":\"https:\\\/\\\/vcycletech.com\\\/wp-content\\\/uploads\\\/2023\\\/03\\\/PAA.png\",\"contentUrl\":\"https:\\\/\\\/vcycletech.com\\\/wp-content\\\/uploads\\\/2023\\\/03\\\/PAA.png\",\"width\":600,\"height\":600,\"caption\":\"PAA Poly Acrylic Acid (30%, 50%, 63%)\"},{\"@type\":\"BreadcrumbList\",\"@id\":\"https:\\\/\\\/vcycletech.com\\\/product\\\/paa-poly-acrylic-acid-30-50-63\\\/#breadcrumb\",\"itemListElement\":[{\"@type\":\"ListItem\",\"position\":1,\"name\":\"Home\",\"item\":\"https:\\\/\\\/vcycletech.com\\\/\"},{\"@type\":\"ListItem\",\"position\":2,\"name\":\"Water Treatment Chemicals Manufacturer\",\"item\":\"https:\\\/\\\/vcycletech.com\\\/water-treatment-chemicals-manufacturer\\\/\"},{\"@type\":\"ListItem\",\"position\":3,\"name\":\"PAA Poly Acrylic Acid (30%, 50%, 63%)\"}]},{\"@type\":\"WebSite\",\"@id\":\"https:\\\/\\\/vcycletech.com\\\/#website\",\"url\":\"https:\\\/\\\/vcycletech.com\\\/\",\"name\":\"vcycletech\",\"description\":\"China&#039;s top water treatment chemicals supplier\",\"publisher\":{\"@id\":\"https:\\\/\\\/vcycletech.com\\\/#organization\"},\"potentialAction\":[{\"@type\":\"SearchAction\",\"target\":{\"@type\":\"EntryPoint\",\"urlTemplate\":\"https:\\\/\\\/vcycletech.com\\\/?s={search_term_string}\"},\"query-input\":{\"@type\":\"PropertyValueSpecification\",\"valueRequired\":true,\"valueName\":\"search_term_string\"}}],\"inLanguage\":\"fr-FR\"},{\"@type\":\"Organization\",\"@id\":\"https:\\\/\\\/vcycletech.com\\\/#organization\",\"name\":\"vcycletech\",\"url\":\"https:\\\/\\\/vcycletech.com\\\/\",\"logo\":{\"@type\":\"ImageObject\",\"inLanguage\":\"fr-FR\",\"@id\":\"https:\\\/\\\/vcycletech.com\\\/#\\\/schema\\\/logo\\\/image\\\/\",\"url\":\"https:\\\/\\\/vcycletech.com\\\/wp-content\\\/uploads\\\/2023\\\/03\\\/logo-vcycletech-1.png\",\"contentUrl\":\"https:\\\/\\\/vcycletech.com\\\/wp-content\\\/uploads\\\/2023\\\/03\\\/logo-vcycletech-1.png\",\"width\":600,\"height\":400,\"caption\":\"vcycletech\"},\"image\":{\"@id\":\"https:\\\/\\\/vcycletech.com\\\/#\\\/schema\\\/logo\\\/image\\\/\"}}]}<\/script>\n<!-- \/ Yoast SEO Premium plugin. -->","yoast_head_json":{"title":"Acide polyacrylique PAA (30%, 50%, 63%) - vcycletech","description":"Obtenez une protection et des performances maximales avec l&#039;acide polyacrylique PAA (30%, 50%, 63%)\u00a0! La solution parfaite pour vos besoins les plus difficiles.","robots":{"index":"index","follow":"follow","max-snippet":"max-snippet:-1","max-image-preview":"max-image-preview:large","max-video-preview":"max-video-preview:-1"},"canonical":"https:\/\/vcycletech.com\/fr\/produit\/paa-acide-poly-acrylique-30-50-63\/","og_locale":"fr_FR","og_type":"article","og_title":"PAA Poly Acrylic Acid (30%, 50%, 63%)","og_description":"Get maximum protection and performance with PAA Poly Acrylic Acid (30%, 50%, 63%)! The perfect solution for your toughest needs.","og_url":"https:\/\/vcycletech.com\/fr\/produit\/paa-acide-poly-acrylique-30-50-63\/","og_site_name":"vcycletech","article_modified_time":"2023-03-20T07:05:56+00:00","og_image":[{"width":600,"height":600,"url":"https:\/\/vcycletech.com\/wp-content\/uploads\/2023\/03\/PAA.png","type":"image\/png"}],"twitter_card":"summary_large_image","twitter_misc":{"Dur\u00e9e de lecture estim\u00e9e":"4 minutes"},"schema":{"@context":"https:\/\/schema.org","@graph":[{"@type":"WebPage","@id":"https:\/\/vcycletech.com\/product\/paa-poly-acrylic-acid-30-50-63\/","url":"https:\/\/vcycletech.com\/product\/paa-poly-acrylic-acid-30-50-63\/","name":"Acide polyacrylique PAA (30%, 50%, 63%) - vcycletech","isPartOf":{"@id":"https:\/\/vcycletech.com\/#website"},"primaryImageOfPage":{"@id":"https:\/\/vcycletech.com\/product\/paa-poly-acrylic-acid-30-50-63\/#primaryimage"},"image":{"@id":"https:\/\/vcycletech.com\/product\/paa-poly-acrylic-acid-30-50-63\/#primaryimage"},"thumbnailUrl":"https:\/\/vcycletech.com\/wp-content\/uploads\/2023\/03\/PAA.png","datePublished":"2023-03-20T06:59:07+00:00","dateModified":"2023-03-20T07:05:56+00:00","description":"Obtenez une protection et des performances maximales avec l&#039;acide polyacrylique PAA (30%, 50%, 63%)\u00a0! La solution parfaite pour vos besoins les plus difficiles.","breadcrumb":{"@id":"https:\/\/vcycletech.com\/product\/paa-poly-acrylic-acid-30-50-63\/#breadcrumb"},"inLanguage":"fr-FR","potentialAction":[{"@type":"ReadAction","target":["https:\/\/vcycletech.com\/product\/paa-poly-acrylic-acid-30-50-63\/"]}]},{"@type":"ImageObject","inLanguage":"fr-FR","@id":"https:\/\/vcycletech.com\/product\/paa-poly-acrylic-acid-30-50-63\/#primaryimage","url":"https:\/\/vcycletech.com\/wp-content\/uploads\/2023\/03\/PAA.png","contentUrl":"https:\/\/vcycletech.com\/wp-content\/uploads\/2023\/03\/PAA.png","width":600,"height":600,"caption":"PAA Poly Acrylic Acid (30%, 50%, 63%)"},{"@type":"BreadcrumbList","@id":"https:\/\/vcycletech.com\/product\/paa-poly-acrylic-acid-30-50-63\/#breadcrumb","itemListElement":[{"@type":"ListItem","position":1,"name":"Home","item":"https:\/\/vcycletech.com\/"},{"@type":"ListItem","position":2,"name":"Water Treatment Chemicals Manufacturer","item":"https:\/\/vcycletech.com\/water-treatment-chemicals-manufacturer\/"},{"@type":"ListItem","position":3,"name":"PAA Poly Acrylic Acid (30%, 50%, 63%)"}]},{"@type":"WebSite","@id":"https:\/\/vcycletech.com\/#website","url":"https:\/\/vcycletech.com\/","name":"vcycletech","description":"Meilleur fournisseur de produits chimiques pour le traitement de l&#039;eau en Chine","publisher":{"@id":"https:\/\/vcycletech.com\/#organization"},"potentialAction":[{"@type":"SearchAction","target":{"@type":"EntryPoint","urlTemplate":"https:\/\/vcycletech.com\/?s={search_term_string}"},"query-input":{"@type":"PropertyValueSpecification","valueRequired":true,"valueName":"search_term_string"}}],"inLanguage":"fr-FR"},{"@type":"Organization","@id":"https:\/\/vcycletech.com\/#organization","name":"vcycletech","url":"https:\/\/vcycletech.com\/","logo":{"@type":"ImageObject","inLanguage":"fr-FR","@id":"https:\/\/vcycletech.com\/#\/schema\/logo\/image\/","url":"https:\/\/vcycletech.com\/wp-content\/uploads\/2023\/03\/logo-vcycletech-1.png","contentUrl":"https:\/\/vcycletech.com\/wp-content\/uploads\/2023\/03\/logo-vcycletech-1.png","width":600,"height":400,"caption":"vcycletech"},"image":{"@id":"https:\/\/vcycletech.com\/#\/schema\/logo\/image\/"}}]}},"_links":{"self":[{"href":"https:\/\/vcycletech.com\/fr\/wp-json\/wp\/v2\/product\/980","targetHints":{"allow":["GET"]}}],"collection":[{"href":"https:\/\/vcycletech.com\/fr\/wp-json\/wp\/v2\/product"}],"about":[{"href":"https:\/\/vcycletech.com\/fr\/wp-json\/wp\/v2\/types\/product"}],"wp:featuredmedia":[{"embeddable":true,"href":"https:\/\/vcycletech.com\/fr\/wp-json\/wp\/v2\/media\/984"}],"wp:attachment":[{"href":"https:\/\/vcycletech.com\/fr\/wp-json\/wp\/v2\/media?parent=980"}],"wp:term":[{"taxonomy":"product_brand","embeddable":true,"href":"https:\/\/vcycletech.com\/fr\/wp-json\/wp\/v2\/product_brand?post=980"},{"taxonomy":"product_cat","embeddable":true,"href":"https:\/\/vcycletech.com\/fr\/wp-json\/wp\/v2\/product_cat?post=980"},{"taxonomy":"product_tag","embeddable":true,"href":"https:\/\/vcycletech.com\/fr\/wp-json\/wp\/v2\/product_tag?post=980"}],"curies":[{"name":"wp","href":"https:\/\/api.w.org\/{rel}","templated":true}]}}