{"id":963,"date":"2023-03-19T12:14:09","date_gmt":"2023-03-19T12:14:09","guid":{"rendered":"https:\/\/vcycletech.com\/?post_type=product&#038;p=963"},"modified":"2023-03-19T12:15:40","modified_gmt":"2023-03-19T12:15:40","slug":"mgda-na3","status":"publish","type":"product","link":"https:\/\/vcycletech.com\/fr\/produit\/mgda-na3\/","title":{"rendered":"Acide N,N-diac\u00e9tique de m\u00e9thylglycine, sel trisodique (MGDA.Na3)"},"content":{"rendered":"<h3 class=\"fzs\">N\u00b0 CAS : 164462-16-2<\/h3>\n<h3><strong>Formule mol\u00e9culaire : C7H8NNa3O6 Masse mol\u00e9culaire : 271,11<\/strong><\/h3>\n<h3>Formule structurelle:<\/h3>\n<p><img fetchpriority=\"high\" decoding=\"async\" class=\"alignnone size-full wp-image-969\" src=\"https:\/\/vcycletech.com\/wp-content\/uploads\/2023\/03\/Structural-Formula-2.png\" alt=\"Acide m\u00e9thylglycine N,N-diac\u00e9tique, sel trisodique (MGDA.Na3) Formule d\u00e9velopp\u00e9e\" width=\"1291\" height=\"420\" srcset=\"https:\/\/vcycletech.com\/wp-content\/uploads\/2023\/03\/Structural-Formula-2.png 1291w, https:\/\/vcycletech.com\/wp-content\/uploads\/2023\/03\/Structural-Formula-2-600x195.png 600w, https:\/\/vcycletech.com\/wp-content\/uploads\/2023\/03\/Structural-Formula-2-300x98.png 300w, https:\/\/vcycletech.com\/wp-content\/uploads\/2023\/03\/Structural-Formula-2-1024x333.png 1024w, https:\/\/vcycletech.com\/wp-content\/uploads\/2023\/03\/Structural-Formula-2-768x250.png 768w\" sizes=\"(max-width: 1291px) 100vw, 1291px\" \/><\/p>\n<h3>Propri\u00e9t\u00e9 et utilisation\u00a0:<\/h3>\n<p><strong>MGDA.Na3<\/strong> est un excellent agent ch\u00e9latant vert pour une vari\u00e9t\u00e9 d&#039;applications. Il s&#039;est av\u00e9r\u00e9 tr\u00e8s efficace pour \u00e9liminer les taches difficiles et le blanchiment tout en pr\u00e9sentant une excellente toxicit\u00e9, s\u00e9curit\u00e9 et biod\u00e9gradabilit\u00e9.<\/p>\n<p>En plus de ses impressionnantes capacit\u00e9s de lutte contre les taches, le MGDA.Na3 peut \u00e9galement former des complexes ch\u00e9lates stables avec des ions m\u00e9talliques dans une large gamme de niveaux de pH, et il peut m\u00eame agir en synergie avec des biocides dans le syst\u00e8me. Cela le rend appropri\u00e9 comme substitut des phosphonates, du NTA, du citrate d&#039;EDTA et d&#039;autres agents ch\u00e9latants couramment utilis\u00e9s dans les d\u00e9tergents.<\/p>\n<p><strong>MGDA.Na3<\/strong> est \u00e9galement un stabilisant utile pour le perborate de sodium et le percarbonate de sodium et fonctionne comme un adjuvant efficace dans les formulations d\u00e9tergentes sans phosphore. Ses capacit\u00e9s de nettoyage sont \u00e9galement remarquables : il peut emp\u00eacher le rancissement, le changement de couleur et la pr\u00e9cipitation de la salet\u00e9 lorsqu&#039;il est ajout\u00e9 aux savons. Et au-del\u00e0 de cela, il sert \u00e0 la fois de d\u00e9tartrant et d&#039;inhibiteur, aidant \u00e0 nettoyer les incrustations de sel insolubles de diverses industries.<\/p>\n<h3>Sp\u00e9cification:<\/h3>\n<div id=\"footable_parent_970\"\n         class=\"footable_parent ninja_table_wrapper loading_ninja_table wp_table_data_press_parent semantic_ui\">\n                <table data-ninja_table_instance=\"ninja_table_instance_0\" data-footable_id=\"970\" data-filter-delay=\"1000\" aria-label=\"MGDA.Na3.csv\"            id=\"footable_970\"\n           data-unique_identifier=\"ninja_table_unique_id_3579042693_970\"\n           class=\"foo-table ninja_footable foo_table_970 ninja_table_unique_id_3579042693_970 ui table  nt_type_legacy_table selectable striped vertical_centered  footable-paging-right ninja_table_pro\">\n                <colgroup>\n                            <col class=\"ninja_column_0\">\n                            <col class=\"ninja_column_1\">\n                    <\/colgroup>\n        <thead>\n<tr class=\"footable-header\">\n                                        <th scope=\"col\"  class=\"ninja_column_0 ninja_clmn_nm_item\">Article<\/th><th scope=\"col\"  class=\"ninja_column_1 ninja_clmn_nm_index\">Indice<\/th><\/tr>\n<\/thead>\n<tbody>\n\n        <tr data-row_id=\"167\" class=\"ninja_table_row_0 nt_row_id_167\">\n            <td>Apparence<\/td><td>Liquide transparent incolore \u00e0 jaune clair<\/td>        <\/tr>\n            <tr data-row_id=\"168\" class=\"ninja_table_row_1 nt_row_id_168\">\n            <td>Contenu %<\/td><td>40,0 minutes<\/td>        <\/tr>\n            <tr data-row_id=\"169\" class=\"ninja_table_row_2 nt_row_id_169\">\n            <td>Chlorure %<\/td><td>5,0 maximum<\/td>        <\/tr>\n            <tr data-row_id=\"170\" class=\"ninja_table_row_3 nt_row_id_170\">\n            <td>pH (solution aqueuse 1%)<\/td><td>10.0-12.0<\/td>        <\/tr>\n            <tr data-row_id=\"171\" class=\"ninja_table_row_4 nt_row_id_171\">\n            <td>Densit\u00e9 g\/cm3<\/td><td>1h30<\/td>        <\/tr>\n    <\/tbody><!--ninja_tobody_rendering_done-->\n    <\/table>\n    \n    \n    \n<\/div>\n\n<h3><strong>MGDA.Na3 <\/strong>Personnage:<\/h3>\n<p>MGDA.Na3 est un agent ch\u00e9lateur puissant avec une excellente capacit\u00e9 de ch\u00e9lation, qui peut remplacer les agents ch\u00e9lateurs traditionnels. Son dosage doit \u00eatre ajust\u00e9 en fonction de l&#039;application et des effets r\u00e9els.<\/p>\n<h4>Les valeurs de ch\u00e9lation typiques pour MGDA.Na3 sont\u00a0\uff1a<\/h4>\n<ul>\n<li>60mg Ca2+\/g,<\/li>\n<li>95 mg Cu2+\/g,<\/li>\n<li>95mg Zn2+\/g,<\/li>\n<li>80mg Fe2+\/g,<\/li>\n<li>35 mg Mg2+\/g<\/li>\n<li>80 mg Mn2+\/g<\/li>\n<\/ul>\n<p>Il a une large plage de pH et forme des complexes ch\u00e9lates 1:1 stables avec des cations ayant un nombre de charge de 2+. <strong>MGDA-Na3<\/strong> est \u00e9galement r\u00e9pertori\u00e9 sur la liste des ingr\u00e9dients chimiques plus s\u00fbrs de l&#039;EPA aux \u00c9tats-Unis.<\/p>\n<h3>Comment emballer et stocker MGDA.Na3<\/h3>\n<p>Le MGDA.Na3 est un compos\u00e9 chimique souvent utilis\u00e9 dans les produits de nettoyage et les proc\u00e9d\u00e9s industriels. Pour s&#039;assurer que le produit est correctement stock\u00e9, il est important de suivre les directives d&#039;emballage et de stockage appropri\u00e9es.<\/p>\n<p>Lors de l&#039;emballage du MGDA.Na3, utilisez un r\u00e9cipient herm\u00e9tique en verre ou en plastique. Assurez-vous qu&#039;il n&#039;y a pas de fissures ou d&#039;autres ouvertures qui permettent \u00e0 l&#039;humidit\u00e9 ou \u00e0 l&#039;oxyg\u00e8ne de p\u00e9n\u00e9trer dans le r\u00e9cipient, car cela peut r\u00e9duire l&#039;efficacit\u00e9 du produit ou m\u00eame le rendre dangereux. Avant de sceller le r\u00e9cipient, ajoutez un sachet d\u00e9shydratant pour \u00e9liminer toute humidit\u00e9 suppl\u00e9mentaire de l&#039;air \u00e0 l&#039;int\u00e9rieur de l&#039;emballage.<\/p>\n<p>Une fois emball\u00e9, stockez le MGDA.Na3 \u00e0 l&#039;abri de la lumi\u00e8re directe du soleil dans un endroit frais et sec pour une dur\u00e9e de conservation et une puissance optimales des produits chimiques qu&#039;il contient. Il doit \u00e9galement \u00eatre tenu \u00e0 l&#039;\u00e9cart de la chaleur, du feu et des \u00e9tincelles, car ceux-ci peuvent provoquer un incendie et des explosions possibles s&#039;ils sont manipul\u00e9s de mani\u00e8re incorrecte. Ne stockez pas le produit dans des zones tr\u00e8s humides ou expos\u00e9es \u00e0 des conditions m\u00e9t\u00e9orologiques telles que la pluie ou la neige, car cela pourrait le rendre inutilisable apr\u00e8s seulement quelques heures d&#039;exposition. Enfin, gardez toujours <strong>MGDA.Na3<\/strong> est hors de port\u00e9e des enfants, des animaux domestiques et du personnel non autoris\u00e9 en cas de mauvaise manipulation en raison de sa nature dangereuse.<\/p>\n<h3>FAQ sur MGDA.Na3<\/h3>\n<h4>Qu&#039;est-ce que MGDA.Na3\u00a0?<\/h4>\n<p>L&#039;acide m\u00e9thylglycine N,N-diac\u00e9tique, sel trisodique (MGDA.Na3) est une poudre cristalline blanche qui est utilis\u00e9e comme agent ch\u00e9latant et agent s\u00e9questrant.<\/p>\n<h4>Quelles sont les utilisations de MGDA.Na3 ?<\/h4>\n<p>Le MGDA.Na3 peut \u00eatre utilis\u00e9 dans une vari\u00e9t\u00e9 d&#039;industries, y compris les cosm\u00e9tiques, les d\u00e9tergents, l&#039;alimentation et les produits pharmaceutiques. Il peut \u00eatre utilis\u00e9 comme anticoagulant, \u00e9mulsifiant ou stabilisant.<\/p>\n<h4>Quels sont les avantages de MGDA.Na3\u00a0?<\/h4>\n<p>Le MGDA.Na3 est un agent ch\u00e9latant et s\u00e9questrant tr\u00e8s efficace qui peut offrir de nombreux avantages dans diverses industries.<\/p>\n<h4>Quels sont les effets secondaires du MGDA.Na3 ?<\/h4>\n<p>Il n&#039;y a pas d&#039;effets secondaires connus associ\u00e9s au MGDA.Na3.<\/p>\n<h4>Comment utiliser MGDA.Na3\u00a0?<\/h4>\n<p>La posologie recommand\u00e9e de MGDA.Na3 varie en fonction de l&#039;application et de l&#039;industrie dans laquelle il est utilis\u00e9.<\/p>\n<p><a href=\"https:\/\/vcycletech.com\/fr\/phosphonates\/\">Obtenez la solution compl\u00e8te de phosphonates<\/a><\/p>","protected":false},"excerpt":{"rendered":"<p><strong>Acide m\u00e9thylglycine N,N-diac\u00e9tique, sel trisodique (MGDA.Na3)<\/strong> est un compos\u00e9 organique utilis\u00e9 dans diverses applications. Il est \u00e9galement connu sous le nom de trisodium N-(1-carboxylato\u00e9thyl)iminodiac\u00e9tate, sel trisodique de l&#039;acide m\u00e9thylglycinediac\u00e9tique (MGDA-Na3) ou diac\u00e9tate trisodique d&#039;\u03b1-DL-alanine (\u03b1-ADA). Le MGDA.Na3 est disponible sous la forme d&#039;une solution \u00e0 40 % en poids de sel trisodique d&#039;acide m\u00e9thylglycine N,N-diac\u00e9tique dans l&#039;eau et a des caract\u00e9ristiques r\u00e9pertori\u00e9es dans le tableau 1a. Il peut \u00e9galement \u00eatre trouv\u00e9 dans deux vari\u00e9t\u00e9s de Na3-MGDA cristallin et est reconnaissable par analyse XRD. Le MGDA.Na3 est un agent ch\u00e9lateur amical pour remplacer le NTA et l&#039;EDTA et a diverses autres applications telles que le traitement de l&#039;eau de Javel.<\/p>","protected":false},"featured_media":968,"template":"","meta":{"site-sidebar-layout":"default","site-content-layout":"default","ast-site-content-layout":"default","site-content-style":"default","site-sidebar-style":"default","ast-global-header-display":"","ast-banner-title-visibility":"","ast-main-header-display":"","ast-hfb-above-header-display":"","ast-hfb-below-header-display":"","ast-hfb-mobile-header-display":"","site-post-title":"","ast-breadcrumbs-content":"","ast-featured-img":"","footer-sml-layout":"","ast-disable-related-posts":"","theme-transparent-header-meta":"default","adv-header-id-meta":"","stick-header-meta":"default","header-above-stick-meta":"","header-main-stick-meta":"","header-below-stick-meta":"","astra-migrate-meta-layouts":"default","ast-page-background-enabled":"default","ast-page-background-meta":{"desktop":{"background-color":"","background-image":"","background-repeat":"repeat","background-position":"center center","background-size":"auto","background-attachment":"scroll","background-type":"","background-media":"","overlay-type":"","overlay-color":"","overlay-opacity":"","overlay-gradient":""},"tablet":{"background-color":"","background-image":"","background-repeat":"repeat","background-position":"center center","background-size":"auto","background-attachment":"scroll","background-type":"","background-media":"","overlay-type":"","overlay-color":"","overlay-opacity":"","overlay-gradient":""},"mobile":{"background-color":"","background-image":"","background-repeat":"repeat","background-position":"center center","background-size":"auto","background-attachment":"scroll","background-type":"","background-media":"","overlay-type":"","overlay-color":"","overlay-opacity":"","overlay-gradient":""}},"ast-content-background-meta":{"desktop":{"background-color":"var(--ast-global-color-5)","background-image":"","background-repeat":"repeat","background-position":"center center","background-size":"auto","background-attachment":"scroll","background-type":"","background-media":"","overlay-type":"","overlay-color":"","overlay-opacity":"","overlay-gradient":""},"tablet":{"background-color":"var(--ast-global-color-5)","background-image":"","background-repeat":"repeat","background-position":"center center","background-size":"auto","background-attachment":"scroll","background-type":"","background-media":"","overlay-type":"","overlay-color":"","overlay-opacity":"","overlay-gradient":""},"mobile":{"background-color":"var(--ast-global-color-5)","background-image":"","background-repeat":"repeat","background-position":"center center","background-size":"auto","background-attachment":"scroll","background-type":"","background-media":"","overlay-type":"","overlay-color":"","overlay-opacity":"","overlay-gradient":""}}},"product_brand":[],"product_cat":[15],"product_tag":[],"class_list":{"0":"post-963","1":"product","2":"type-product","3":"status-publish","4":"has-post-thumbnail","6":"product_cat-phosphonates-antiscalant-corrosion-inhibitor","7":"desktop-align-left","8":"tablet-align-left","9":"mobile-align-left","10":"ast-product-gallery-layout-horizontal-slider","11":"ast-product-gallery-with-no-image","12":"ast-product-tabs-layout-horizontal","14":"first","15":"instock","16":"shipping-taxable","17":"product-type-simple"},"yoast_head":"<!-- This site is optimized with the Yoast SEO Premium plugin v26.3 (Yoast SEO v27.3) - https:\/\/yoast.com\/product\/yoast-seo-premium-wordpress\/ -->\n<title>Methylglycine N,N-diacetic acid, Trisodium Salt(MGDA.Na3) - vcycletech<\/title>\n<meta name=\"description\" content=\"Make sure your Methylglycine N,N-diacetic acid, Trisodium Salt(MGDA.Na3) is top notch with High Purity Trisodium Salt MGDA-Na3!\" \/>\n<meta name=\"robots\" content=\"index, follow, max-snippet:-1, max-image-preview:large, max-video-preview:-1\" \/>\n<link rel=\"canonical\" href=\"https:\/\/vcycletech.com\/fr\/produit\/mgda-na3\/\" \/>\n<meta property=\"og:locale\" content=\"fr_FR\" \/>\n<meta property=\"og:type\" content=\"article\" \/>\n<meta property=\"og:title\" content=\"Methylglycine N,N-diacetic acid, Trisodium Salt(MGDA.Na3)\" \/>\n<meta property=\"og:description\" content=\"Make sure your Methylglycine N,N-diacetic acid, Trisodium Salt(MGDA.Na3) is top notch with High Purity Trisodium Salt MGDA-Na3!\" \/>\n<meta property=\"og:url\" content=\"https:\/\/vcycletech.com\/fr\/produit\/mgda-na3\/\" \/>\n<meta property=\"og:site_name\" content=\"vcycletech\" \/>\n<meta property=\"article:modified_time\" content=\"2023-03-19T12:15:40+00:00\" \/>\n<meta property=\"og:image\" content=\"https:\/\/vcycletech.com\/wp-content\/uploads\/2023\/03\/1-15.png\" \/>\n\t<meta property=\"og:image:width\" content=\"600\" \/>\n\t<meta property=\"og:image:height\" content=\"600\" \/>\n\t<meta property=\"og:image:type\" content=\"image\/png\" \/>\n<meta name=\"twitter:card\" content=\"summary_large_image\" \/>\n<meta name=\"twitter:label1\" content=\"Dur\u00e9e de lecture estim\u00e9e\" \/>\n\t<meta name=\"twitter:data1\" content=\"3 minutes\" \/>\n<script type=\"application\/ld+json\" class=\"yoast-schema-graph\">{\"@context\":\"https:\\\/\\\/schema.org\",\"@graph\":[{\"@type\":\"WebPage\",\"@id\":\"https:\\\/\\\/vcycletech.com\\\/product\\\/mgda-na3\\\/\",\"url\":\"https:\\\/\\\/vcycletech.com\\\/product\\\/mgda-na3\\\/\",\"name\":\"Methylglycine N,N-diacetic acid, Trisodium Salt(MGDA.Na3) - vcycletech\",\"isPartOf\":{\"@id\":\"https:\\\/\\\/vcycletech.com\\\/#website\"},\"primaryImageOfPage\":{\"@id\":\"https:\\\/\\\/vcycletech.com\\\/product\\\/mgda-na3\\\/#primaryimage\"},\"image\":{\"@id\":\"https:\\\/\\\/vcycletech.com\\\/product\\\/mgda-na3\\\/#primaryimage\"},\"thumbnailUrl\":\"https:\\\/\\\/vcycletech.com\\\/wp-content\\\/uploads\\\/2023\\\/03\\\/1-15.png\",\"datePublished\":\"2023-03-19T12:14:09+00:00\",\"dateModified\":\"2023-03-19T12:15:40+00:00\",\"description\":\"Make sure your Methylglycine N,N-diacetic acid, Trisodium Salt(MGDA.Na3) is top notch with High Purity Trisodium Salt MGDA-Na3!\",\"breadcrumb\":{\"@id\":\"https:\\\/\\\/vcycletech.com\\\/product\\\/mgda-na3\\\/#breadcrumb\"},\"inLanguage\":\"fr-FR\",\"potentialAction\":[{\"@type\":\"ReadAction\",\"target\":[\"https:\\\/\\\/vcycletech.com\\\/product\\\/mgda-na3\\\/\"]}]},{\"@type\":\"ImageObject\",\"inLanguage\":\"fr-FR\",\"@id\":\"https:\\\/\\\/vcycletech.com\\\/product\\\/mgda-na3\\\/#primaryimage\",\"url\":\"https:\\\/\\\/vcycletech.com\\\/wp-content\\\/uploads\\\/2023\\\/03\\\/1-15.png\",\"contentUrl\":\"https:\\\/\\\/vcycletech.com\\\/wp-content\\\/uploads\\\/2023\\\/03\\\/1-15.png\",\"width\":600,\"height\":600,\"caption\":\"Methylglycine N,N-diacetic acid, Trisodium Salt(MGDA.Na3)\"},{\"@type\":\"BreadcrumbList\",\"@id\":\"https:\\\/\\\/vcycletech.com\\\/product\\\/mgda-na3\\\/#breadcrumb\",\"itemListElement\":[{\"@type\":\"ListItem\",\"position\":1,\"name\":\"Home\",\"item\":\"https:\\\/\\\/vcycletech.com\\\/\"},{\"@type\":\"ListItem\",\"position\":2,\"name\":\"Water Treatment Chemicals Manufacturer\",\"item\":\"https:\\\/\\\/vcycletech.com\\\/water-treatment-chemicals-manufacturer\\\/\"},{\"@type\":\"ListItem\",\"position\":3,\"name\":\"Methylglycine N,N-diacetic acid, Trisodium Salt(MGDA.Na3)\"}]},{\"@type\":\"WebSite\",\"@id\":\"https:\\\/\\\/vcycletech.com\\\/#website\",\"url\":\"https:\\\/\\\/vcycletech.com\\\/\",\"name\":\"vcycletech\",\"description\":\"China&#039;s top water treatment chemicals supplier\",\"publisher\":{\"@id\":\"https:\\\/\\\/vcycletech.com\\\/#organization\"},\"potentialAction\":[{\"@type\":\"SearchAction\",\"target\":{\"@type\":\"EntryPoint\",\"urlTemplate\":\"https:\\\/\\\/vcycletech.com\\\/?s={search_term_string}\"},\"query-input\":{\"@type\":\"PropertyValueSpecification\",\"valueRequired\":true,\"valueName\":\"search_term_string\"}}],\"inLanguage\":\"fr-FR\"},{\"@type\":\"Organization\",\"@id\":\"https:\\\/\\\/vcycletech.com\\\/#organization\",\"name\":\"vcycletech\",\"url\":\"https:\\\/\\\/vcycletech.com\\\/\",\"logo\":{\"@type\":\"ImageObject\",\"inLanguage\":\"fr-FR\",\"@id\":\"https:\\\/\\\/vcycletech.com\\\/#\\\/schema\\\/logo\\\/image\\\/\",\"url\":\"https:\\\/\\\/vcycletech.com\\\/wp-content\\\/uploads\\\/2023\\\/03\\\/logo-vcycletech-1.png\",\"contentUrl\":\"https:\\\/\\\/vcycletech.com\\\/wp-content\\\/uploads\\\/2023\\\/03\\\/logo-vcycletech-1.png\",\"width\":600,\"height\":400,\"caption\":\"vcycletech\"},\"image\":{\"@id\":\"https:\\\/\\\/vcycletech.com\\\/#\\\/schema\\\/logo\\\/image\\\/\"}}]}<\/script>\n<!-- \/ Yoast SEO Premium plugin. -->","yoast_head_json":{"title":"Acide m\u00e9thylglycine N,N-diac\u00e9tique, sel trisodique (MGDA.Na3) - vcycletech","description":"Assurez-vous que votre acide m\u00e9thylglycine N, N-diac\u00e9tique, sel trisodique (MGDA.Na3) est de premier ordre avec le sel trisodique de haute puret\u00e9 MGDA-Na3\u00a0!","robots":{"index":"index","follow":"follow","max-snippet":"max-snippet:-1","max-image-preview":"max-image-preview:large","max-video-preview":"max-video-preview:-1"},"canonical":"https:\/\/vcycletech.com\/fr\/produit\/mgda-na3\/","og_locale":"fr_FR","og_type":"article","og_title":"Methylglycine N,N-diacetic acid, Trisodium Salt(MGDA.Na3)","og_description":"Make sure your Methylglycine N,N-diacetic acid, Trisodium Salt(MGDA.Na3) is top notch with High Purity Trisodium Salt MGDA-Na3!","og_url":"https:\/\/vcycletech.com\/fr\/produit\/mgda-na3\/","og_site_name":"vcycletech","article_modified_time":"2023-03-19T12:15:40+00:00","og_image":[{"width":600,"height":600,"url":"https:\/\/vcycletech.com\/wp-content\/uploads\/2023\/03\/1-15.png","type":"image\/png"}],"twitter_card":"summary_large_image","twitter_misc":{"Dur\u00e9e de lecture estim\u00e9e":"3 minutes"},"schema":{"@context":"https:\/\/schema.org","@graph":[{"@type":"WebPage","@id":"https:\/\/vcycletech.com\/product\/mgda-na3\/","url":"https:\/\/vcycletech.com\/product\/mgda-na3\/","name":"Acide m\u00e9thylglycine N,N-diac\u00e9tique, sel trisodique (MGDA.Na3) - vcycletech","isPartOf":{"@id":"https:\/\/vcycletech.com\/#website"},"primaryImageOfPage":{"@id":"https:\/\/vcycletech.com\/product\/mgda-na3\/#primaryimage"},"image":{"@id":"https:\/\/vcycletech.com\/product\/mgda-na3\/#primaryimage"},"thumbnailUrl":"https:\/\/vcycletech.com\/wp-content\/uploads\/2023\/03\/1-15.png","datePublished":"2023-03-19T12:14:09+00:00","dateModified":"2023-03-19T12:15:40+00:00","description":"Assurez-vous que votre acide m\u00e9thylglycine N, N-diac\u00e9tique, sel trisodique (MGDA.Na3) est de premier ordre avec le sel trisodique de haute puret\u00e9 MGDA-Na3\u00a0!","breadcrumb":{"@id":"https:\/\/vcycletech.com\/product\/mgda-na3\/#breadcrumb"},"inLanguage":"fr-FR","potentialAction":[{"@type":"ReadAction","target":["https:\/\/vcycletech.com\/product\/mgda-na3\/"]}]},{"@type":"ImageObject","inLanguage":"fr-FR","@id":"https:\/\/vcycletech.com\/product\/mgda-na3\/#primaryimage","url":"https:\/\/vcycletech.com\/wp-content\/uploads\/2023\/03\/1-15.png","contentUrl":"https:\/\/vcycletech.com\/wp-content\/uploads\/2023\/03\/1-15.png","width":600,"height":600,"caption":"Methylglycine N,N-diacetic acid, Trisodium Salt(MGDA.Na3)"},{"@type":"BreadcrumbList","@id":"https:\/\/vcycletech.com\/product\/mgda-na3\/#breadcrumb","itemListElement":[{"@type":"ListItem","position":1,"name":"Home","item":"https:\/\/vcycletech.com\/"},{"@type":"ListItem","position":2,"name":"Water Treatment Chemicals Manufacturer","item":"https:\/\/vcycletech.com\/water-treatment-chemicals-manufacturer\/"},{"@type":"ListItem","position":3,"name":"Methylglycine N,N-diacetic acid, Trisodium Salt(MGDA.Na3)"}]},{"@type":"WebSite","@id":"https:\/\/vcycletech.com\/#website","url":"https:\/\/vcycletech.com\/","name":"vcycletech","description":"Meilleur fournisseur de produits chimiques pour le traitement de l&#039;eau en Chine","publisher":{"@id":"https:\/\/vcycletech.com\/#organization"},"potentialAction":[{"@type":"SearchAction","target":{"@type":"EntryPoint","urlTemplate":"https:\/\/vcycletech.com\/?s={search_term_string}"},"query-input":{"@type":"PropertyValueSpecification","valueRequired":true,"valueName":"search_term_string"}}],"inLanguage":"fr-FR"},{"@type":"Organization","@id":"https:\/\/vcycletech.com\/#organization","name":"vcycletech","url":"https:\/\/vcycletech.com\/","logo":{"@type":"ImageObject","inLanguage":"fr-FR","@id":"https:\/\/vcycletech.com\/#\/schema\/logo\/image\/","url":"https:\/\/vcycletech.com\/wp-content\/uploads\/2023\/03\/logo-vcycletech-1.png","contentUrl":"https:\/\/vcycletech.com\/wp-content\/uploads\/2023\/03\/logo-vcycletech-1.png","width":600,"height":400,"caption":"vcycletech"},"image":{"@id":"https:\/\/vcycletech.com\/#\/schema\/logo\/image\/"}}]}},"_links":{"self":[{"href":"https:\/\/vcycletech.com\/fr\/wp-json\/wp\/v2\/product\/963","targetHints":{"allow":["GET"]}}],"collection":[{"href":"https:\/\/vcycletech.com\/fr\/wp-json\/wp\/v2\/product"}],"about":[{"href":"https:\/\/vcycletech.com\/fr\/wp-json\/wp\/v2\/types\/product"}],"wp:featuredmedia":[{"embeddable":true,"href":"https:\/\/vcycletech.com\/fr\/wp-json\/wp\/v2\/media\/968"}],"wp:attachment":[{"href":"https:\/\/vcycletech.com\/fr\/wp-json\/wp\/v2\/media?parent=963"}],"wp:term":[{"taxonomy":"product_brand","embeddable":true,"href":"https:\/\/vcycletech.com\/fr\/wp-json\/wp\/v2\/product_brand?post=963"},{"taxonomy":"product_cat","embeddable":true,"href":"https:\/\/vcycletech.com\/fr\/wp-json\/wp\/v2\/product_cat?post=963"},{"taxonomy":"product_tag","embeddable":true,"href":"https:\/\/vcycletech.com\/fr\/wp-json\/wp\/v2\/product_tag?post=963"}],"curies":[{"name":"wp","href":"https:\/\/api.w.org\/{rel}","templated":true}]}}