{"id":959,"date":"2023-03-19T11:38:27","date_gmt":"2023-03-19T11:38:27","guid":{"rendered":"https:\/\/vcycletech.com\/?post_type=product&#038;p=959"},"modified":"2023-03-19T11:38:28","modified_gmt":"2023-03-19T11:38:28","slug":"acide-glutamique-acide-diacetique","status":"publish","type":"product","link":"https:\/\/vcycletech.com\/fr\/produit\/acide-glutamique-acide-diacetique\/","title":{"rendered":"Acide L-glutamique, acide N, N-diac\u00e9tique, sel t\u00e9trasodique (GLDA.Na4)"},"content":{"rendered":"<h3>N\u00b0 CAS : 51981-21-6<\/h3>\n<h3>Formule mol\u00e9culaire : C9H9NO8Na4<\/h3>\n<h3>Formule structurelle:<\/h3>\n<p><img fetchpriority=\"high\" decoding=\"async\" class=\"alignnone size-full wp-image-965\" src=\"https:\/\/vcycletech.com\/wp-content\/uploads\/2023\/03\/Structural-Formula-1.png\" alt=\"Formule structurelle\" width=\"600\" height=\"400\" srcset=\"https:\/\/vcycletech.com\/wp-content\/uploads\/2023\/03\/Structural-Formula-1.png 600w, https:\/\/vcycletech.com\/wp-content\/uploads\/2023\/03\/Structural-Formula-1-300x200.png 300w\" sizes=\"(max-width: 600px) 100vw, 600px\" \/><\/p>\n<h3>Caract\u00e9ristiques du GLDA-Na4<\/h3>\n<p><strong>GLDA<\/strong> a une excellente solubilit\u00e9 sur une large plage de pH, ce qui en fait une option id\u00e9ale pour formuler des produits \u00e0 haute puissance avec une faible teneur en eau. Lorsqu&#039;il est expos\u00e9 \u00e0 des temp\u00e9ratures \u00e9lev\u00e9es, <strong>GLDA<\/strong> reste stable et ne montre aucun signe de d\u00e9composition - surpassant les autres agents ch\u00e9lateurs test\u00e9s dans les m\u00eames conditions. De plus, le GLDA a une forte capacit\u00e9 de ch\u00e9lation qui le rend efficace contre les d\u00e9p\u00f4ts de calcium et autres d\u00e9bris difficiles \u00e0 \u00e9liminer des \u00e9quipements. Ses composants naturels d&#039;acides amin\u00e9s en font \u00e9galement un agent antiseptique et synergique id\u00e9al ; des \u00e9tudes ont montr\u00e9 qu&#039;il peut r\u00e9duire l&#039;utilisation de fongicides jusqu&#039;\u00e0 80%.<\/p>\n<h3>Sp\u00e9cifications techniques<\/h3>\n<div id=\"footable_parent_967\"\n         class=\"footable_parent ninja_table_wrapper loading_ninja_table wp_table_data_press_parent semantic_ui\">\n                <table data-ninja_table_instance=\"ninja_table_instance_0\" data-footable_id=\"967\" data-filter-delay=\"1000\" aria-label=\"Diac\u00e9tate de glutamate t\u00e9trasodique (GLDA-Na4).csv\"            id=\"footable_967\"\n           data-unique_identifier=\"ninja_table_unique_id_3298081720_967\"\n           class=\"foo-table ninja_footable foo_table_967 ninja_table_unique_id_3298081720_967 ui table  nt_type_legacy_table selectable striped vertical_centered  footable-paging-right ninja_table_pro\">\n                <colgroup>\n                            <col class=\"ninja_column_0\">\n                            <col class=\"ninja_column_1\">\n                    <\/colgroup>\n        <thead>\n<tr class=\"footable-header\">\n                                        <th scope=\"col\"  class=\"ninja_column_0 ninja_clmn_nm_items\">Articles<\/th><th scope=\"col\"  class=\"ninja_column_1 ninja_clmn_nm_gldana4solution\">Solution de GLDA-Na4<\/th><\/tr>\n<\/thead>\n<tbody>\n\n        <tr data-row_id=\"163\" class=\"ninja_table_row_0 nt_row_id_163\">\n            <td>Apparence<\/td><td>Liquide visqueux jaune clair<\/td>        <\/tr>\n            <tr data-row_id=\"164\" class=\"ninja_table_row_1 nt_row_id_164\">\n            <td>Contenu \/%<\/td><td>\u226547<\/td>        <\/tr>\n            <tr data-row_id=\"165\" class=\"ninja_table_row_2 nt_row_id_165\">\n            <td>PH<\/td><td>\u22658.5<\/td>        <\/tr>\n            <tr data-row_id=\"166\" class=\"ninja_table_row_3 nt_row_id_166\">\n            <td>Densit\u00e9(20\u2103) g\/cm3<\/td><td>\u22651.20<\/td>        <\/tr>\n    <\/tbody><!--ninja_tobody_rendering_done-->\n    <\/table>\n    \n    \n    \n<\/div>\n\n<h3>Emballage et stockage<\/h3>\n<p>L&#039;emballage et le stockage de l&#039;acide L-glutamique, de l&#039;acide N, N-diac\u00e9tique et du sel t\u00e9trasodique (GLDA.Na4) sont essentiels lors de la manipulation de ce produit. Il doit \u00eatre stock\u00e9 dans un endroit frais et sec, \u00e0 l&#039;abri de la lumi\u00e8re directe du soleil et de l&#039;humidit\u00e9. La plage de temp\u00e9rature optimale pour le stockage se situe entre 10\u00b0C et 25\u00b0C. Il doit \u00e9viter les mat\u00e9riaux incompatibles tels que les agents oxydants puissants, les acides et les bases. Il doit \u00e9galement \u00eatre tenu \u00e0 l&#039;\u00e9cart des sources de chaleur ou d&#039;ignition.<\/p>\n<p>Lors de l&#039;emballage du produit pour le transport ou l&#039;exp\u00e9dition, il est essentiel de s&#039;assurer qu&#039;il est correctement scell\u00e9 dans un conteneur pour le prot\u00e9ger de tout dommage ou contamination potentiel. Le contenant doit \u00e9galement \u00eatre clairement \u00e9tiquet\u00e9 avec le nom du produit et d&#039;autres informations pertinentes, telles que la date de fabrication et la date de p\u00e9remption.<\/p>","protected":false},"excerpt":{"rendered":"<p><strong>Acide L-glutamique, acide N, N-diac\u00e9tique et sel t\u00e9trasodique (GLDA.Na4)<\/strong> sont de puissants agents de nettoyage utilis\u00e9s dans diverses industries. Il est connu pour son excellente solubilit\u00e9 et sa stabilit\u00e9 dans l&#039;eau, ainsi que pour sa faible toxicit\u00e9.<strong> GLDA.Na4<\/strong> est largement utilis\u00e9 dans la transformation des aliments comme agent d\u00e9sinfectant pour les \u00e9quipements et les surfaces. La FDA l&#039;a \u00e9galement approuv\u00e9 pour une utilisation dans les processus de d\u00e9sinfection des dispositifs m\u00e9dicaux. De plus, ce compos\u00e9 chimique est excellent pour \u00e9liminer la salet\u00e9 des surfaces d\u00e9licates sans causer de dommages ou de d\u00e9coloration. <strong>GLDA.Na4<\/strong> offre un moyen efficace et s\u00e9curitaire de nettoyer et d&#039;assainir votre \u00e9quipement ou vos locaux!<\/p>","protected":false},"featured_media":966,"template":"","meta":{"site-sidebar-layout":"default","site-content-layout":"default","ast-site-content-layout":"default","site-content-style":"default","site-sidebar-style":"default","ast-global-header-display":"","ast-banner-title-visibility":"","ast-main-header-display":"","ast-hfb-above-header-display":"","ast-hfb-below-header-display":"","ast-hfb-mobile-header-display":"","site-post-title":"","ast-breadcrumbs-content":"","ast-featured-img":"","footer-sml-layout":"","ast-disable-related-posts":"","theme-transparent-header-meta":"default","adv-header-id-meta":"","stick-header-meta":"default","header-above-stick-meta":"","header-main-stick-meta":"","header-below-stick-meta":"","astra-migrate-meta-layouts":"default","ast-page-background-enabled":"default","ast-page-background-meta":{"desktop":{"background-color":"","background-image":"","background-repeat":"repeat","background-position":"center center","background-size":"auto","background-attachment":"scroll","background-type":"","background-media":"","overlay-type":"","overlay-color":"","overlay-opacity":"","overlay-gradient":""},"tablet":{"background-color":"","background-image":"","background-repeat":"repeat","background-position":"center center","background-size":"auto","background-attachment":"scroll","background-type":"","background-media":"","overlay-type":"","overlay-color":"","overlay-opacity":"","overlay-gradient":""},"mobile":{"background-color":"","background-image":"","background-repeat":"repeat","background-position":"center center","background-size":"auto","background-attachment":"scroll","background-type":"","background-media":"","overlay-type":"","overlay-color":"","overlay-opacity":"","overlay-gradient":""}},"ast-content-background-meta":{"desktop":{"background-color":"var(--ast-global-color-5)","background-image":"","background-repeat":"repeat","background-position":"center center","background-size":"auto","background-attachment":"scroll","background-type":"","background-media":"","overlay-type":"","overlay-color":"","overlay-opacity":"","overlay-gradient":""},"tablet":{"background-color":"var(--ast-global-color-5)","background-image":"","background-repeat":"repeat","background-position":"center center","background-size":"auto","background-attachment":"scroll","background-type":"","background-media":"","overlay-type":"","overlay-color":"","overlay-opacity":"","overlay-gradient":""},"mobile":{"background-color":"var(--ast-global-color-5)","background-image":"","background-repeat":"repeat","background-position":"center center","background-size":"auto","background-attachment":"scroll","background-type":"","background-media":"","overlay-type":"","overlay-color":"","overlay-opacity":"","overlay-gradient":""}}},"product_brand":[],"product_cat":[15],"product_tag":[],"class_list":{"0":"post-959","1":"product","2":"type-product","3":"status-publish","4":"has-post-thumbnail","6":"product_cat-phosphonates-antiscalant-corrosion-inhibitor","7":"desktop-align-left","8":"tablet-align-left","9":"mobile-align-left","10":"ast-product-gallery-layout-horizontal-slider","11":"ast-product-gallery-with-no-image","12":"ast-product-tabs-layout-horizontal","14":"first","15":"instock","16":"shipping-taxable","17":"product-type-simple"},"yoast_head":"<!-- This site is optimized with the Yoast SEO Premium plugin v26.3 (Yoast SEO v27.5) - https:\/\/yoast.com\/product\/yoast-seo-premium-wordpress\/ -->\n<title>L-glutamic Acid,N,N-diacetic Acid, Tetrasodium Salt(GLDA.Na4) - vcycletech<\/title>\n<meta name=\"description\" content=\"china wholesale &quot;L-glutamic Acid,N,N-diacetic Acid, Tetrasodium Salt(GLDA.Na4)&quot;\" \/>\n<meta name=\"robots\" content=\"index, follow, max-snippet:-1, max-image-preview:large, max-video-preview:-1\" \/>\n<link rel=\"canonical\" href=\"https:\/\/vcycletech.com\/fr\/produit\/acide-glutamique-acide-diacetique\/\" \/>\n<meta property=\"og:locale\" content=\"fr_FR\" \/>\n<meta property=\"og:type\" content=\"article\" \/>\n<meta property=\"og:title\" content=\"L-glutamic Acid,N,N-diacetic Acid, Tetrasodium Salt(GLDA.Na4)\" \/>\n<meta property=\"og:description\" content=\"china wholesale &quot;L-glutamic Acid,N,N-diacetic Acid, Tetrasodium Salt(GLDA.Na4)&quot;\" \/>\n<meta property=\"og:url\" content=\"https:\/\/vcycletech.com\/fr\/produit\/acide-glutamique-acide-diacetique\/\" \/>\n<meta property=\"og:site_name\" content=\"vcycletech\" \/>\n<meta property=\"article:modified_time\" content=\"2023-03-19T11:38:28+00:00\" \/>\n<meta property=\"og:image\" content=\"https:\/\/vcycletech.com\/wp-content\/uploads\/2023\/03\/1-14.png\" \/>\n\t<meta property=\"og:image:width\" content=\"600\" \/>\n\t<meta property=\"og:image:height\" content=\"600\" \/>\n\t<meta property=\"og:image:type\" content=\"image\/png\" \/>\n<meta name=\"twitter:card\" content=\"summary_large_image\" \/>\n<meta name=\"twitter:label1\" content=\"Dur\u00e9e de lecture estim\u00e9e\" \/>\n\t<meta name=\"twitter:data1\" content=\"2 minutes\" \/>\n<script type=\"application\/ld+json\" class=\"yoast-schema-graph\">{\"@context\":\"https:\\\/\\\/schema.org\",\"@graph\":[{\"@type\":\"WebPage\",\"@id\":\"https:\\\/\\\/vcycletech.com\\\/product\\\/glutamic-acid-diacetic-acid\\\/\",\"url\":\"https:\\\/\\\/vcycletech.com\\\/product\\\/glutamic-acid-diacetic-acid\\\/\",\"name\":\"L-glutamic Acid,N,N-diacetic Acid, Tetrasodium Salt(GLDA.Na4) - vcycletech\",\"isPartOf\":{\"@id\":\"https:\\\/\\\/vcycletech.com\\\/#website\"},\"primaryImageOfPage\":{\"@id\":\"https:\\\/\\\/vcycletech.com\\\/product\\\/glutamic-acid-diacetic-acid\\\/#primaryimage\"},\"image\":{\"@id\":\"https:\\\/\\\/vcycletech.com\\\/product\\\/glutamic-acid-diacetic-acid\\\/#primaryimage\"},\"thumbnailUrl\":\"https:\\\/\\\/vcycletech.com\\\/wp-content\\\/uploads\\\/2023\\\/03\\\/1-14.png\",\"datePublished\":\"2023-03-19T11:38:27+00:00\",\"dateModified\":\"2023-03-19T11:38:28+00:00\",\"description\":\"china wholesale \\\"L-glutamic Acid,N,N-diacetic Acid, Tetrasodium Salt(GLDA.Na4)\\\"\",\"breadcrumb\":{\"@id\":\"https:\\\/\\\/vcycletech.com\\\/product\\\/glutamic-acid-diacetic-acid\\\/#breadcrumb\"},\"inLanguage\":\"fr-FR\",\"potentialAction\":[{\"@type\":\"ReadAction\",\"target\":[\"https:\\\/\\\/vcycletech.com\\\/product\\\/glutamic-acid-diacetic-acid\\\/\"]}]},{\"@type\":\"ImageObject\",\"inLanguage\":\"fr-FR\",\"@id\":\"https:\\\/\\\/vcycletech.com\\\/product\\\/glutamic-acid-diacetic-acid\\\/#primaryimage\",\"url\":\"https:\\\/\\\/vcycletech.com\\\/wp-content\\\/uploads\\\/2023\\\/03\\\/1-14.png\",\"contentUrl\":\"https:\\\/\\\/vcycletech.com\\\/wp-content\\\/uploads\\\/2023\\\/03\\\/1-14.png\",\"width\":600,\"height\":600,\"caption\":\"L-glutamic Acid,N,N-diacetic Acid, Tetrasodium Salt(GLDA.Na4)\"},{\"@type\":\"BreadcrumbList\",\"@id\":\"https:\\\/\\\/vcycletech.com\\\/product\\\/glutamic-acid-diacetic-acid\\\/#breadcrumb\",\"itemListElement\":[{\"@type\":\"ListItem\",\"position\":1,\"name\":\"Home\",\"item\":\"https:\\\/\\\/vcycletech.com\\\/\"},{\"@type\":\"ListItem\",\"position\":2,\"name\":\"Water Treatment Chemicals Manufacturer\",\"item\":\"https:\\\/\\\/vcycletech.com\\\/water-treatment-chemicals-manufacturer\\\/\"},{\"@type\":\"ListItem\",\"position\":3,\"name\":\"L-glutamic Acid,N,N-diacetic Acid, Tetrasodium Salt(GLDA.Na4)\"}]},{\"@type\":\"WebSite\",\"@id\":\"https:\\\/\\\/vcycletech.com\\\/#website\",\"url\":\"https:\\\/\\\/vcycletech.com\\\/\",\"name\":\"vcycletech\",\"description\":\"China&#039;s top water treatment chemicals supplier\",\"publisher\":{\"@id\":\"https:\\\/\\\/vcycletech.com\\\/#organization\"},\"potentialAction\":[{\"@type\":\"SearchAction\",\"target\":{\"@type\":\"EntryPoint\",\"urlTemplate\":\"https:\\\/\\\/vcycletech.com\\\/?s={search_term_string}\"},\"query-input\":{\"@type\":\"PropertyValueSpecification\",\"valueRequired\":true,\"valueName\":\"search_term_string\"}}],\"inLanguage\":\"fr-FR\"},{\"@type\":\"Organization\",\"@id\":\"https:\\\/\\\/vcycletech.com\\\/#organization\",\"name\":\"vcycletech\",\"url\":\"https:\\\/\\\/vcycletech.com\\\/\",\"logo\":{\"@type\":\"ImageObject\",\"inLanguage\":\"fr-FR\",\"@id\":\"https:\\\/\\\/vcycletech.com\\\/#\\\/schema\\\/logo\\\/image\\\/\",\"url\":\"https:\\\/\\\/vcycletech.com\\\/wp-content\\\/uploads\\\/2023\\\/03\\\/logo-vcycletech-1.png\",\"contentUrl\":\"https:\\\/\\\/vcycletech.com\\\/wp-content\\\/uploads\\\/2023\\\/03\\\/logo-vcycletech-1.png\",\"width\":600,\"height\":400,\"caption\":\"vcycletech\"},\"image\":{\"@id\":\"https:\\\/\\\/vcycletech.com\\\/#\\\/schema\\\/logo\\\/image\\\/\"}}]}<\/script>\n<!-- \/ Yoast SEO Premium plugin. -->","yoast_head_json":{"title":"Acide L-glutamique, acide N, N-diac\u00e9tique, sel t\u00e9trasodique (GLDA.Na4) - vcycletech","description":"china wholesale &quot;Acide L-glutamique, acide N, N-diac\u00e9tique, sel t\u00e9trasodique (GLDA.Na4)&quot;","robots":{"index":"index","follow":"follow","max-snippet":"max-snippet:-1","max-image-preview":"max-image-preview:large","max-video-preview":"max-video-preview:-1"},"canonical":"https:\/\/vcycletech.com\/fr\/produit\/acide-glutamique-acide-diacetique\/","og_locale":"fr_FR","og_type":"article","og_title":"L-glutamic Acid,N,N-diacetic Acid, Tetrasodium Salt(GLDA.Na4)","og_description":"china wholesale \"L-glutamic Acid,N,N-diacetic Acid, Tetrasodium Salt(GLDA.Na4)\"","og_url":"https:\/\/vcycletech.com\/fr\/produit\/acide-glutamique-acide-diacetique\/","og_site_name":"vcycletech","article_modified_time":"2023-03-19T11:38:28+00:00","og_image":[{"width":600,"height":600,"url":"https:\/\/vcycletech.com\/wp-content\/uploads\/2023\/03\/1-14.png","type":"image\/png"}],"twitter_card":"summary_large_image","twitter_misc":{"Dur\u00e9e de lecture estim\u00e9e":"2 minutes"},"schema":{"@context":"https:\/\/schema.org","@graph":[{"@type":"WebPage","@id":"https:\/\/vcycletech.com\/product\/glutamic-acid-diacetic-acid\/","url":"https:\/\/vcycletech.com\/product\/glutamic-acid-diacetic-acid\/","name":"Acide L-glutamique, acide N, N-diac\u00e9tique, sel t\u00e9trasodique (GLDA.Na4) - vcycletech","isPartOf":{"@id":"https:\/\/vcycletech.com\/#website"},"primaryImageOfPage":{"@id":"https:\/\/vcycletech.com\/product\/glutamic-acid-diacetic-acid\/#primaryimage"},"image":{"@id":"https:\/\/vcycletech.com\/product\/glutamic-acid-diacetic-acid\/#primaryimage"},"thumbnailUrl":"https:\/\/vcycletech.com\/wp-content\/uploads\/2023\/03\/1-14.png","datePublished":"2023-03-19T11:38:27+00:00","dateModified":"2023-03-19T11:38:28+00:00","description":"china wholesale &quot;Acide L-glutamique, acide N, N-diac\u00e9tique, sel t\u00e9trasodique (GLDA.Na4)&quot;","breadcrumb":{"@id":"https:\/\/vcycletech.com\/product\/glutamic-acid-diacetic-acid\/#breadcrumb"},"inLanguage":"fr-FR","potentialAction":[{"@type":"ReadAction","target":["https:\/\/vcycletech.com\/product\/glutamic-acid-diacetic-acid\/"]}]},{"@type":"ImageObject","inLanguage":"fr-FR","@id":"https:\/\/vcycletech.com\/product\/glutamic-acid-diacetic-acid\/#primaryimage","url":"https:\/\/vcycletech.com\/wp-content\/uploads\/2023\/03\/1-14.png","contentUrl":"https:\/\/vcycletech.com\/wp-content\/uploads\/2023\/03\/1-14.png","width":600,"height":600,"caption":"L-glutamic Acid,N,N-diacetic Acid, Tetrasodium Salt(GLDA.Na4)"},{"@type":"BreadcrumbList","@id":"https:\/\/vcycletech.com\/product\/glutamic-acid-diacetic-acid\/#breadcrumb","itemListElement":[{"@type":"ListItem","position":1,"name":"Home","item":"https:\/\/vcycletech.com\/"},{"@type":"ListItem","position":2,"name":"Water Treatment Chemicals Manufacturer","item":"https:\/\/vcycletech.com\/water-treatment-chemicals-manufacturer\/"},{"@type":"ListItem","position":3,"name":"L-glutamic Acid,N,N-diacetic Acid, Tetrasodium Salt(GLDA.Na4)"}]},{"@type":"WebSite","@id":"https:\/\/vcycletech.com\/#website","url":"https:\/\/vcycletech.com\/","name":"vcycletech","description":"Meilleur fournisseur de produits chimiques pour le traitement de l&#039;eau en Chine","publisher":{"@id":"https:\/\/vcycletech.com\/#organization"},"potentialAction":[{"@type":"SearchAction","target":{"@type":"EntryPoint","urlTemplate":"https:\/\/vcycletech.com\/?s={search_term_string}"},"query-input":{"@type":"PropertyValueSpecification","valueRequired":true,"valueName":"search_term_string"}}],"inLanguage":"fr-FR"},{"@type":"Organization","@id":"https:\/\/vcycletech.com\/#organization","name":"vcycletech","url":"https:\/\/vcycletech.com\/","logo":{"@type":"ImageObject","inLanguage":"fr-FR","@id":"https:\/\/vcycletech.com\/#\/schema\/logo\/image\/","url":"https:\/\/vcycletech.com\/wp-content\/uploads\/2023\/03\/logo-vcycletech-1.png","contentUrl":"https:\/\/vcycletech.com\/wp-content\/uploads\/2023\/03\/logo-vcycletech-1.png","width":600,"height":400,"caption":"vcycletech"},"image":{"@id":"https:\/\/vcycletech.com\/#\/schema\/logo\/image\/"}}]}},"_links":{"self":[{"href":"https:\/\/vcycletech.com\/fr\/wp-json\/wp\/v2\/product\/959","targetHints":{"allow":["GET"]}}],"collection":[{"href":"https:\/\/vcycletech.com\/fr\/wp-json\/wp\/v2\/product"}],"about":[{"href":"https:\/\/vcycletech.com\/fr\/wp-json\/wp\/v2\/types\/product"}],"wp:featuredmedia":[{"embeddable":true,"href":"https:\/\/vcycletech.com\/fr\/wp-json\/wp\/v2\/media\/966"}],"wp:attachment":[{"href":"https:\/\/vcycletech.com\/fr\/wp-json\/wp\/v2\/media?parent=959"}],"wp:term":[{"taxonomy":"product_brand","embeddable":true,"href":"https:\/\/vcycletech.com\/fr\/wp-json\/wp\/v2\/product_brand?post=959"},{"taxonomy":"product_cat","embeddable":true,"href":"https:\/\/vcycletech.com\/fr\/wp-json\/wp\/v2\/product_cat?post=959"},{"taxonomy":"product_tag","embeddable":true,"href":"https:\/\/vcycletech.com\/fr\/wp-json\/wp\/v2\/product_tag?post=959"}],"curies":[{"name":"wp","href":"https:\/\/api.w.org\/{rel}","templated":true}]}}