{"id":956,"date":"2023-03-19T11:02:20","date_gmt":"2023-03-19T11:02:20","guid":{"rendered":"https:\/\/vcycletech.com\/?post_type=product&#038;p=956"},"modified":"2023-03-19T11:02:45","modified_gmt":"2023-03-19T11:02:45","slug":"hmdtmpak6","status":"publish","type":"product","link":"https:\/\/vcycletech.com\/fr\/produit\/hmdtmpak6\/","title":{"rendered":"Sel de potassium d&#039;hexam\u00e9thyl\u00e8nediaminet\u00e9tra (acide m\u00e9thyl\u00e8nephosphonique) HMDTMPA\u2022K6"},"content":{"rendered":"<h3>CAS No. 53473-28-2<\/h3>\n<h3>Molecular Formula: C10H22N2O12P4K6<\/h3>\n<h3>Structural Formula:<\/h3>\n<p><img fetchpriority=\"high\" decoding=\"async\" class=\"alignnone size-full wp-image-961\" src=\"https:\/\/vcycletech.com\/wp-content\/uploads\/2023\/03\/Structural-Formula.png\" alt=\"Structural Formula:\" width=\"1291\" height=\"381\" srcset=\"https:\/\/vcycletech.com\/wp-content\/uploads\/2023\/03\/Structural-Formula.png 1291w, https:\/\/vcycletech.com\/wp-content\/uploads\/2023\/03\/Structural-Formula-600x177.png 600w, https:\/\/vcycletech.com\/wp-content\/uploads\/2023\/03\/Structural-Formula-300x89.png 300w, https:\/\/vcycletech.com\/wp-content\/uploads\/2023\/03\/Structural-Formula-1024x302.png 1024w, https:\/\/vcycletech.com\/wp-content\/uploads\/2023\/03\/Structural-Formula-768x227.png 768w\" sizes=\"(max-width: 1291px) 100vw, 1291px\" \/><\/p>\n<h3>Product Features<\/h3>\n<div class=\"break-words markdown-formatted-text\">\n<p class=\"my-0.5\">HMDTMPA\u2022K6 is a soluble compound that is highly effective in preventing scale buildup in alkaline environments and in water with high pH values. With its unique properties, it can be used to treat boiler water and reverse osmosis membrane systems. It has been proven to provide excellent results for calcium sulfate inhibition, allowing for smoother operation of your system.<\/p>\n<\/div>\n<h4 class=\"flex w-full items-center justify-end flex-wrap opacity-0 max-h-[0] overflow-hidden group-hover:pt-0.5 @md:group-hover:pt-1.5 !mt-0 group-hover:opacity-100 transition-all duration-500 group-hover:max-h-8 delay-0 group-hover:delay-200\" data-exclude-from-screenshot=\"true\">The amount of HMDTMPA\u2022K6 needed for boiler water treatment.<\/h4>\n<p>Calculating the amount of <strong>HMDTMPA\u2022K6<\/strong> needed for boiler water treatment depends on various factors, including the boiler&#8217;s type and size, the water&#8217;s hardness, and the pH level. Generally speaking, using between 0.1-0.5 ppm (parts per million) for calcium sulfate scale inhibition is recommended. In addition, it is essential to monitor pH levels to ensure that they remain within an acceptable range (7-9).<\/p>\n<p><strong>HMDTMPA\u2022K6<\/strong> is a highly effective scale inhibitor for calcium sulfate and can be used in situations with high pH values and alkalinity. It is soluble in water and can be added directly to boiler feedwater or injected into the system regularly. It is important to note that too much HMDTMPA\u2022K6 can cause foaming and corrosion problems, so monitoring its usage and adjusting accordingly carefully is essential.<\/p>\n<p>Overall, calculating the amount of <strong>HMDTMPA\u2022K6<\/strong> needed for boiler water treatment requires careful consideration of various factors such as the type and size of the boiler, hardness of water, and pH level. By closely monitoring these parameters and adjusting usage accordingly, you can ensure your boiler remains free from scale buildup while avoiding potential corrosion problems.<\/p>\n<h3>Specification<\/h3>\n<div id=\"footable_parent_962\"\n         class=\" footable_parent ninja_table_wrapper loading_ninja_table wp_table_data_press_parent semantic_ui \">\n                <table data-ninja_table_instance=\"ninja_table_instance_0\" data-footable_id=\"962\" data-filter-delay=\"1000\" aria-label=\"HMDTMPA\u2022K6.csv\"            id=\"footable_962\"\n           data-unique_identifier=\"ninja_table_unique_id_3085890072_962\"\n           class=\" foo-table ninja_footable foo_table_962 ninja_table_unique_id_3085890072_962 ui table  nt_type_legacy_table selectable striped vertical_centered  footable-paging-right ninja_table_pro\">\n                <colgroup>\n                            <col class=\"ninja_column_0 \">\n                            <col class=\"ninja_column_1 \">\n                    <\/colgroup>\n        <thead>\n<tr class=\"footable-header\">\n                                        <th scope=\"col\"  class=\"ninja_column_0 ninja_clmn_nm_items \">\ufeffItems<\/th><th scope=\"col\"  class=\"ninja_column_1 ninja_clmn_nm_index \">Index<\/th><\/tr>\n<\/thead>\n<tbody>\n\n        <tr data-row_id=\"155\" class=\"ninja_table_row_0 nt_row_id_155\">\n            <td>Appearance<\/td><td>Colorless to yellowish transparent liquid<\/td>        <\/tr>\n            <tr data-row_id=\"156\" class=\"ninja_table_row_1 nt_row_id_156\">\n            <td>Active component (as acid) %<\/td><td>21.2-24.6<\/td>        <\/tr>\n            <tr data-row_id=\"157\" class=\"ninja_table_row_2 nt_row_id_157\">\n            <td>Active component (as salt) %<\/td><td>31.0-36.0<\/td>        <\/tr>\n            <tr data-row_id=\"158\" class=\"ninja_table_row_3 nt_row_id_158\">\n            <td>Chloride (as Cl-)%<\/td><td>4.0 max<\/td>        <\/tr>\n            <tr data-row_id=\"159\" class=\"ninja_table_row_4 nt_row_id_159\">\n            <td>Total phosphoric acid (as PO43-)%<\/td><td>16.8 min<\/td>        <\/tr>\n            <tr data-row_id=\"160\" class=\"ninja_table_row_5 nt_row_id_160\">\n            <td>Fe, mg\/L<\/td><td>35.0 max<\/td>        <\/tr>\n            <tr data-row_id=\"161\" class=\"ninja_table_row_6 nt_row_id_161\">\n            <td>Density (20\u2103)g\/cm3<\/td><td>1.21-1.31<\/td>        <\/tr>\n            <tr data-row_id=\"162\" class=\"ninja_table_row_7 nt_row_id_162\">\n            <td>PH (1% water solution)<\/td><td>6.0-8.0<\/td>        <\/tr>\n    <\/tbody><!--ninja_tobody_rendering_done-->\n    <\/table>\n    \n    \n    \n<\/div>\n\n<h3>How to Package and Storage<\/h3>\n<p>Packaging and storing Potassium Salt of HexaMethyleneDiamineTetra (MethylenePhosphonic Acid) HMDTMPA\u2022K6 is straightforward. Here are some tips to ensure it is done safely and efficiently:<\/p>\n<ul>\n<li>Store the salt in an airtight container. It should be kept away from extreme temperatures and moisture, as this can lead to corrosion or other damage to the material.<\/li>\n<li>If possible, store in a cool, dry location with plenty of ventilation.<\/li>\n<li>Be sure to wear protective clothing, including gloves and eye protection when handling the salt.<\/li>\n<li>Keep out of reach of children and pets at all times, as it can be harmful if ingested.<\/li>\n<li>Check the expiration date on the packaging before using the salt; it may need to be discarded after a certain period of time has passed.<\/li>\n<li>Dispose of any unused portions properly according to your city or county regulations; do not pour down drains or sewers.<\/li>\n<\/ul>\n<p><a href=\"https:\/\/vcycletech.com\/phosphonates\/\">Get the Complete Phosphonates solution<\/a>.<\/p>\n","protected":false},"excerpt":{"rendered":"<p><strong>Sel de potassium d&#039;hexam\u00e9thyl\u00e8nediaminet\u00e9tra (acide m\u00e9thyl\u00e8nephosphonique) HMDTMPA\u2022K6<\/strong> est un inhibiteur de tartre pr\u00e9cieux dans des conditions de pH \u00e9lev\u00e9 et alcalines. C&#039;est une poudre cristalline blanche \u00e0 temp\u00e9rature ambiante, l\u00e9g\u00e8rement soluble dans l&#039;eau, avec une solubilit\u00e9 inf\u00e9rieure \u00e0 0,1%. Ce produit peut \u00eatre utilis\u00e9 pour le traitement de l&#039;eau dans les chaudi\u00e8res et le traitement des membranes RO et comme inhibiteur de corrosion efficace. <strong>HMDTMPA\u2022K6<\/strong> a de nombreuses autres utilisations, telles que la pr\u00e9vention des sels de tartre dans les syst\u00e8mes de refroidissement et la protection contre la corrosion des m\u00e9taux. Il aide \u00e9galement \u00e0 r\u00e9duire la quantit\u00e9 de d\u00e9p\u00f4ts de carbonate de calcium sur les surfaces.<\/p>","protected":false},"featured_media":958,"template":"","meta":{"site-sidebar-layout":"default","site-content-layout":"default","ast-site-content-layout":"default","site-content-style":"default","site-sidebar-style":"default","ast-global-header-display":"","ast-banner-title-visibility":"","ast-main-header-display":"","ast-hfb-above-header-display":"","ast-hfb-below-header-display":"","ast-hfb-mobile-header-display":"","site-post-title":"","ast-breadcrumbs-content":"","ast-featured-img":"","footer-sml-layout":"","ast-disable-related-posts":"","theme-transparent-header-meta":"default","adv-header-id-meta":"","stick-header-meta":"default","header-above-stick-meta":"","header-main-stick-meta":"","header-below-stick-meta":"","astra-migrate-meta-layouts":"default","ast-page-background-enabled":"default","ast-page-background-meta":{"desktop":{"background-color":"","background-image":"","background-repeat":"repeat","background-position":"center center","background-size":"auto","background-attachment":"scroll","background-type":"","background-media":"","overlay-type":"","overlay-color":"","overlay-opacity":"","overlay-gradient":""},"tablet":{"background-color":"","background-image":"","background-repeat":"repeat","background-position":"center center","background-size":"auto","background-attachment":"scroll","background-type":"","background-media":"","overlay-type":"","overlay-color":"","overlay-opacity":"","overlay-gradient":""},"mobile":{"background-color":"","background-image":"","background-repeat":"repeat","background-position":"center center","background-size":"auto","background-attachment":"scroll","background-type":"","background-media":"","overlay-type":"","overlay-color":"","overlay-opacity":"","overlay-gradient":""}},"ast-content-background-meta":{"desktop":{"background-color":"var(--ast-global-color-5)","background-image":"","background-repeat":"repeat","background-position":"center center","background-size":"auto","background-attachment":"scroll","background-type":"","background-media":"","overlay-type":"","overlay-color":"","overlay-opacity":"","overlay-gradient":""},"tablet":{"background-color":"var(--ast-global-color-5)","background-image":"","background-repeat":"repeat","background-position":"center center","background-size":"auto","background-attachment":"scroll","background-type":"","background-media":"","overlay-type":"","overlay-color":"","overlay-opacity":"","overlay-gradient":""},"mobile":{"background-color":"var(--ast-global-color-5)","background-image":"","background-repeat":"repeat","background-position":"center center","background-size":"auto","background-attachment":"scroll","background-type":"","background-media":"","overlay-type":"","overlay-color":"","overlay-opacity":"","overlay-gradient":""}}},"product_brand":[],"product_cat":[27],"product_tag":[],"class_list":{"0":"post-956","1":"product","2":"type-product","3":"status-publish","4":"has-post-thumbnail","6":"product_cat-salts-of-phosphonates","7":"desktop-align-left","8":"tablet-align-left","9":"mobile-align-left","10":"ast-product-gallery-layout-horizontal-slider","11":"ast-product-gallery-with-no-image","12":"ast-product-tabs-layout-horizontal","14":"first","15":"instock","16":"shipping-taxable","17":"product-type-simple"},"yoast_head":"<!-- This site is optimized with the Yoast SEO Premium plugin v26.3 (Yoast SEO v27.3) - https:\/\/yoast.com\/product\/yoast-seo-premium-wordpress\/ -->\n<title>Potassium Salt of HexaMethyleneDiamineTetra (MethylenePhosphonic Acid) HMDTMPA\u2022K6 - vcycletech<\/title>\n<meta name=\"description\" content=\"Potassium Salt of HexaMethyleneDiamineTetra (MethylenePhosphonic Acid) is an efficient water softener and scale inhibitor. It can protect equipments and pipelines from corrosion caused by the deposition of calcium and magnesium salts.\" \/>\n<meta name=\"robots\" content=\"index, follow, max-snippet:-1, max-image-preview:large, max-video-preview:-1\" \/>\n<link rel=\"canonical\" href=\"https:\/\/vcycletech.com\/fr\/produit\/hmdtmpak6\/\" \/>\n<meta property=\"og:locale\" content=\"fr_FR\" \/>\n<meta property=\"og:type\" content=\"article\" \/>\n<meta property=\"og:title\" content=\"Potassium Salt of HexaMethyleneDiamineTetra (MethylenePhosphonic Acid) HMDTMPA\u2022K6\" \/>\n<meta property=\"og:description\" content=\"Potassium Salt of HexaMethyleneDiamineTetra (MethylenePhosphonic Acid) is an efficient water softener and scale inhibitor. It can protect equipments and pipelines from corrosion caused by the deposition of calcium and magnesium salts.\" \/>\n<meta property=\"og:url\" content=\"https:\/\/vcycletech.com\/fr\/produit\/hmdtmpak6\/\" \/>\n<meta property=\"og:site_name\" content=\"vcycletech\" \/>\n<meta property=\"article:modified_time\" content=\"2023-03-19T11:02:45+00:00\" \/>\n<meta property=\"og:image\" content=\"https:\/\/vcycletech.com\/wp-content\/uploads\/2023\/03\/1-13.png\" \/>\n\t<meta property=\"og:image:width\" content=\"600\" \/>\n\t<meta property=\"og:image:height\" content=\"600\" \/>\n\t<meta property=\"og:image:type\" content=\"image\/png\" \/>\n<meta name=\"twitter:card\" content=\"summary_large_image\" \/>\n<meta name=\"twitter:label1\" content=\"Dur\u00e9e de lecture estim\u00e9e\" \/>\n\t<meta name=\"twitter:data1\" content=\"3 minutes\" \/>\n<script type=\"application\/ld+json\" class=\"yoast-schema-graph\">{\"@context\":\"https:\\\/\\\/schema.org\",\"@graph\":[{\"@type\":\"WebPage\",\"@id\":\"https:\\\/\\\/vcycletech.com\\\/product\\\/hmdtmpak6\\\/\",\"url\":\"https:\\\/\\\/vcycletech.com\\\/product\\\/hmdtmpak6\\\/\",\"name\":\"Potassium Salt of HexaMethyleneDiamineTetra (MethylenePhosphonic Acid) HMDTMPA\u2022K6 - vcycletech\",\"isPartOf\":{\"@id\":\"https:\\\/\\\/vcycletech.com\\\/#website\"},\"primaryImageOfPage\":{\"@id\":\"https:\\\/\\\/vcycletech.com\\\/product\\\/hmdtmpak6\\\/#primaryimage\"},\"image\":{\"@id\":\"https:\\\/\\\/vcycletech.com\\\/product\\\/hmdtmpak6\\\/#primaryimage\"},\"thumbnailUrl\":\"https:\\\/\\\/vcycletech.com\\\/wp-content\\\/uploads\\\/2023\\\/03\\\/1-13.png\",\"datePublished\":\"2023-03-19T11:02:20+00:00\",\"dateModified\":\"2023-03-19T11:02:45+00:00\",\"description\":\"Potassium Salt of HexaMethyleneDiamineTetra (MethylenePhosphonic Acid) is an efficient water softener and scale inhibitor. It can protect equipments and pipelines from corrosion caused by the deposition of calcium and magnesium salts.\",\"breadcrumb\":{\"@id\":\"https:\\\/\\\/vcycletech.com\\\/product\\\/hmdtmpak6\\\/#breadcrumb\"},\"inLanguage\":\"fr-FR\",\"potentialAction\":[{\"@type\":\"ReadAction\",\"target\":[\"https:\\\/\\\/vcycletech.com\\\/product\\\/hmdtmpak6\\\/\"]}]},{\"@type\":\"ImageObject\",\"inLanguage\":\"fr-FR\",\"@id\":\"https:\\\/\\\/vcycletech.com\\\/product\\\/hmdtmpak6\\\/#primaryimage\",\"url\":\"https:\\\/\\\/vcycletech.com\\\/wp-content\\\/uploads\\\/2023\\\/03\\\/1-13.png\",\"contentUrl\":\"https:\\\/\\\/vcycletech.com\\\/wp-content\\\/uploads\\\/2023\\\/03\\\/1-13.png\",\"width\":600,\"height\":600,\"caption\":\"HMDTMPA\u2022K6\"},{\"@type\":\"BreadcrumbList\",\"@id\":\"https:\\\/\\\/vcycletech.com\\\/product\\\/hmdtmpak6\\\/#breadcrumb\",\"itemListElement\":[{\"@type\":\"ListItem\",\"position\":1,\"name\":\"Home\",\"item\":\"https:\\\/\\\/vcycletech.com\\\/\"},{\"@type\":\"ListItem\",\"position\":2,\"name\":\"Water Treatment Chemicals Manufacturer\",\"item\":\"https:\\\/\\\/vcycletech.com\\\/water-treatment-chemicals-manufacturer\\\/\"},{\"@type\":\"ListItem\",\"position\":3,\"name\":\"Potassium Salt of HexaMethyleneDiamineTetra (MethylenePhosphonic Acid) HMDTMPA\u2022K6\"}]},{\"@type\":\"WebSite\",\"@id\":\"https:\\\/\\\/vcycletech.com\\\/#website\",\"url\":\"https:\\\/\\\/vcycletech.com\\\/\",\"name\":\"vcycletech\",\"description\":\"China&#039;s top water treatment chemicals supplier\",\"publisher\":{\"@id\":\"https:\\\/\\\/vcycletech.com\\\/#organization\"},\"potentialAction\":[{\"@type\":\"SearchAction\",\"target\":{\"@type\":\"EntryPoint\",\"urlTemplate\":\"https:\\\/\\\/vcycletech.com\\\/?s={search_term_string}\"},\"query-input\":{\"@type\":\"PropertyValueSpecification\",\"valueRequired\":true,\"valueName\":\"search_term_string\"}}],\"inLanguage\":\"fr-FR\"},{\"@type\":\"Organization\",\"@id\":\"https:\\\/\\\/vcycletech.com\\\/#organization\",\"name\":\"vcycletech\",\"url\":\"https:\\\/\\\/vcycletech.com\\\/\",\"logo\":{\"@type\":\"ImageObject\",\"inLanguage\":\"fr-FR\",\"@id\":\"https:\\\/\\\/vcycletech.com\\\/#\\\/schema\\\/logo\\\/image\\\/\",\"url\":\"https:\\\/\\\/vcycletech.com\\\/wp-content\\\/uploads\\\/2023\\\/03\\\/logo-vcycletech-1.png\",\"contentUrl\":\"https:\\\/\\\/vcycletech.com\\\/wp-content\\\/uploads\\\/2023\\\/03\\\/logo-vcycletech-1.png\",\"width\":600,\"height\":400,\"caption\":\"vcycletech\"},\"image\":{\"@id\":\"https:\\\/\\\/vcycletech.com\\\/#\\\/schema\\\/logo\\\/image\\\/\"}}]}<\/script>\n<!-- \/ Yoast SEO Premium plugin. -->","yoast_head_json":{"title":"Sel de potassium d&#039;hexam\u00e9thyl\u00e8nediaminet\u00e9tra (acide m\u00e9thyl\u00e8nephosphonique) HMDTMPA\u2022K6 - vcycletech","description":"Le sel de potassium d&#039;hexam\u00e9thyl\u00e8nediaminet\u00e9tra (acide m\u00e9thyl\u00e8nephosphonique) est un adoucisseur d&#039;eau efficace et un inhibiteur de tartre. Il peut prot\u00e9ger les \u00e9quipements et les canalisations de la corrosion caus\u00e9e par le d\u00e9p\u00f4t de sels de calcium et de magn\u00e9sium.","robots":{"index":"index","follow":"follow","max-snippet":"max-snippet:-1","max-image-preview":"max-image-preview:large","max-video-preview":"max-video-preview:-1"},"canonical":"https:\/\/vcycletech.com\/fr\/produit\/hmdtmpak6\/","og_locale":"fr_FR","og_type":"article","og_title":"Potassium Salt of HexaMethyleneDiamineTetra (MethylenePhosphonic Acid) HMDTMPA\u2022K6","og_description":"Potassium Salt of HexaMethyleneDiamineTetra (MethylenePhosphonic Acid) is an efficient water softener and scale inhibitor. It can protect equipments and pipelines from corrosion caused by the deposition of calcium and magnesium salts.","og_url":"https:\/\/vcycletech.com\/fr\/produit\/hmdtmpak6\/","og_site_name":"vcycletech","article_modified_time":"2023-03-19T11:02:45+00:00","og_image":[{"width":600,"height":600,"url":"https:\/\/vcycletech.com\/wp-content\/uploads\/2023\/03\/1-13.png","type":"image\/png"}],"twitter_card":"summary_large_image","twitter_misc":{"Dur\u00e9e de lecture estim\u00e9e":"3 minutes"},"schema":{"@context":"https:\/\/schema.org","@graph":[{"@type":"WebPage","@id":"https:\/\/vcycletech.com\/product\/hmdtmpak6\/","url":"https:\/\/vcycletech.com\/product\/hmdtmpak6\/","name":"Sel de potassium d&#039;hexam\u00e9thyl\u00e8nediaminet\u00e9tra (acide m\u00e9thyl\u00e8nephosphonique) HMDTMPA\u2022K6 - vcycletech","isPartOf":{"@id":"https:\/\/vcycletech.com\/#website"},"primaryImageOfPage":{"@id":"https:\/\/vcycletech.com\/product\/hmdtmpak6\/#primaryimage"},"image":{"@id":"https:\/\/vcycletech.com\/product\/hmdtmpak6\/#primaryimage"},"thumbnailUrl":"https:\/\/vcycletech.com\/wp-content\/uploads\/2023\/03\/1-13.png","datePublished":"2023-03-19T11:02:20+00:00","dateModified":"2023-03-19T11:02:45+00:00","description":"Le sel de potassium d&#039;hexam\u00e9thyl\u00e8nediaminet\u00e9tra (acide m\u00e9thyl\u00e8nephosphonique) est un adoucisseur d&#039;eau efficace et un inhibiteur de tartre. Il peut prot\u00e9ger les \u00e9quipements et les canalisations de la corrosion caus\u00e9e par le d\u00e9p\u00f4t de sels de calcium et de magn\u00e9sium.","breadcrumb":{"@id":"https:\/\/vcycletech.com\/product\/hmdtmpak6\/#breadcrumb"},"inLanguage":"fr-FR","potentialAction":[{"@type":"ReadAction","target":["https:\/\/vcycletech.com\/product\/hmdtmpak6\/"]}]},{"@type":"ImageObject","inLanguage":"fr-FR","@id":"https:\/\/vcycletech.com\/product\/hmdtmpak6\/#primaryimage","url":"https:\/\/vcycletech.com\/wp-content\/uploads\/2023\/03\/1-13.png","contentUrl":"https:\/\/vcycletech.com\/wp-content\/uploads\/2023\/03\/1-13.png","width":600,"height":600,"caption":"HMDTMPA\u2022K6"},{"@type":"BreadcrumbList","@id":"https:\/\/vcycletech.com\/product\/hmdtmpak6\/#breadcrumb","itemListElement":[{"@type":"ListItem","position":1,"name":"Home","item":"https:\/\/vcycletech.com\/"},{"@type":"ListItem","position":2,"name":"Water Treatment Chemicals Manufacturer","item":"https:\/\/vcycletech.com\/water-treatment-chemicals-manufacturer\/"},{"@type":"ListItem","position":3,"name":"Potassium Salt of HexaMethyleneDiamineTetra (MethylenePhosphonic Acid) HMDTMPA\u2022K6"}]},{"@type":"WebSite","@id":"https:\/\/vcycletech.com\/#website","url":"https:\/\/vcycletech.com\/","name":"vcycletech","description":"Meilleur fournisseur de produits chimiques pour le traitement de l&#039;eau en Chine","publisher":{"@id":"https:\/\/vcycletech.com\/#organization"},"potentialAction":[{"@type":"SearchAction","target":{"@type":"EntryPoint","urlTemplate":"https:\/\/vcycletech.com\/?s={search_term_string}"},"query-input":{"@type":"PropertyValueSpecification","valueRequired":true,"valueName":"search_term_string"}}],"inLanguage":"fr-FR"},{"@type":"Organization","@id":"https:\/\/vcycletech.com\/#organization","name":"vcycletech","url":"https:\/\/vcycletech.com\/","logo":{"@type":"ImageObject","inLanguage":"fr-FR","@id":"https:\/\/vcycletech.com\/#\/schema\/logo\/image\/","url":"https:\/\/vcycletech.com\/wp-content\/uploads\/2023\/03\/logo-vcycletech-1.png","contentUrl":"https:\/\/vcycletech.com\/wp-content\/uploads\/2023\/03\/logo-vcycletech-1.png","width":600,"height":400,"caption":"vcycletech"},"image":{"@id":"https:\/\/vcycletech.com\/#\/schema\/logo\/image\/"}}]}},"_links":{"self":[{"href":"https:\/\/vcycletech.com\/fr\/wp-json\/wp\/v2\/product\/956","targetHints":{"allow":["GET"]}}],"collection":[{"href":"https:\/\/vcycletech.com\/fr\/wp-json\/wp\/v2\/product"}],"about":[{"href":"https:\/\/vcycletech.com\/fr\/wp-json\/wp\/v2\/types\/product"}],"wp:featuredmedia":[{"embeddable":true,"href":"https:\/\/vcycletech.com\/fr\/wp-json\/wp\/v2\/media\/958"}],"wp:attachment":[{"href":"https:\/\/vcycletech.com\/fr\/wp-json\/wp\/v2\/media?parent=956"}],"wp:term":[{"taxonomy":"product_brand","embeddable":true,"href":"https:\/\/vcycletech.com\/fr\/wp-json\/wp\/v2\/product_brand?post=956"},{"taxonomy":"product_cat","embeddable":true,"href":"https:\/\/vcycletech.com\/fr\/wp-json\/wp\/v2\/product_cat?post=956"},{"taxonomy":"product_tag","embeddable":true,"href":"https:\/\/vcycletech.com\/fr\/wp-json\/wp\/v2\/product_tag?post=956"}],"curies":[{"name":"wp","href":"https:\/\/api.w.org\/{rel}","templated":true}]}}