{"id":946,"date":"2023-03-18T12:06:17","date_gmt":"2023-03-18T12:06:17","guid":{"rendered":"https:\/\/vcycletech.com\/?post_type=product&#038;p=946"},"modified":"2023-03-18T12:08:53","modified_gmt":"2023-03-18T12:08:53","slug":"pbtcna4","status":"publish","type":"product","link":"https:\/\/vcycletech.com\/fr\/produit\/pbtcna4\/","title":{"rendered":"Acide 2-phosphonobutane-1,2,4-tricarboxylique, sel de sodium (PBTC\u2022Na4)"},"content":{"rendered":"<h3>N\u00b0 CAS 40372-66-5<\/h3>\n<p><strong>Formule mol\u00e9culaire\u00a0: C7H7O9P\u2022Na4 Poids mol\u00e9culaire\u00a0: 358<\/strong><\/p>\n<h3>Structure:<\/h3>\n<p><img fetchpriority=\"high\" decoding=\"async\" class=\"alignnone wp-image-954 size-full\" src=\"https:\/\/vcycletech.com\/wp-content\/uploads\/2023\/03\/1-12.png\" alt=\"Acide 2-phosphonobutane-1,2,4-tricarboxylique, sel de sodium (PBTC\u2022Na4)\" width=\"600\" height=\"400\" srcset=\"https:\/\/vcycletech.com\/wp-content\/uploads\/2023\/03\/1-12.png 600w, https:\/\/vcycletech.com\/wp-content\/uploads\/2023\/03\/1-12-300x200.png 300w\" sizes=\"(max-width: 600px) 100vw, 600px\" \/><\/p>\n<h3>Propri\u00e9t\u00e9s:<\/h3>\n<p class=\"my-0.5\"><strong>PBTC\u2022Na4<\/strong> est un inhibiteur efficace de tartre et de corrosion avec une faible teneur en phosphore. Sa structure unique, contenant des groupes acide phosphonique et acide carboxylique, lui conf\u00e8re des propri\u00e9t\u00e9s sup\u00e9rieures d&#039;inhibition du tartre m\u00eame \u00e0 des temp\u00e9ratures \u00e9lev\u00e9es. Cela le rend beaucoup plus efficace que les organophosphor\u00e9s. Le PBTC\u2022Na4 peut \u00e9galement am\u00e9liorer la solubilit\u00e9 du sel de zinc, a une bonne tol\u00e9rance \u00e0 l&#039;oxydation du chlore et offre une excellente synergie composite. Il est \u00e9galement facile \u00e0 d\u00e9liquer \u00e0 l&#039;\u00e9tat solide.<\/p>\n<h3>Sp\u00e9cification:<\/h3>\n<div id=\"footable_parent_955\"\n         class=\"footable_parent ninja_table_wrapper loading_ninja_table wp_table_data_press_parent semantic_ui\">\n                <table data-ninja_table_instance=\"ninja_table_instance_0\" data-footable_id=\"955\" data-filter-delay=\"1000\" aria-label=\"(PBTC\u2022Na4).csv\"            id=\"footable_955\"\n           data-unique_identifier=\"ninja_table_unique_id_2515209069_955\"\n           class=\"foo-table ninja_footable foo_table_955 ninja_table_unique_id_2515209069_955 ui table  nt_type_legacy_table selectable striped vertical_centered  footable-paging-right ninja_table_pro\">\n                <colgroup>\n                            <col class=\"ninja_column_0\">\n                            <col class=\"ninja_column_1\">\n                            <col class=\"ninja_column_2\">\n                    <\/colgroup>\n        <thead>\n<tr class=\"footable-header\">\n                                                        <th scope=\"col\"  class=\"ninja_column_0 ninja_clmn_nm_tems\">articles<\/th><th scope=\"col\"  class=\"ninja_column_1 ninja_clmn_nm_index\">Indice<\/th><th scope=\"col\"  class=\"ninja_column_2 ninja_clmn_nm_ninja_column_3\"><\/th><\/tr>\n<\/thead>\n<tbody>\n\n        <tr data-row_id=\"148\" class=\"ninja_table_row_0 nt_row_id_148\">\n            <td>Apparence<\/td><td>Liquide transparent incolore \u00e0 jaun\u00e2tre<\/td><td>Poudre de cristal blanc<\/td>        <\/tr>\n            <tr data-row_id=\"149\" class=\"ninja_table_row_1 nt_row_id_149\">\n            <td>Contenu actif (comme PBTCA, % )<\/td><td>30,0 minutes<\/td><td>64,0 minutes<\/td>        <\/tr>\n            <tr data-row_id=\"150\" class=\"ninja_table_row_2 nt_row_id_150\">\n            <td>Contenu actif (comme PBTC\u2022Na4, %)<\/td><td>40,0 minutes<\/td><td>85,0 minutes<\/td>        <\/tr>\n            <tr data-row_id=\"151\" class=\"ninja_table_row_3 nt_row_id_151\">\n            <td>Acide phosphorique total(PO43-%, )<\/td><td>10,5 minutes<\/td><td>22,5 minutes<\/td>        <\/tr>\n            <tr data-row_id=\"152\" class=\"ninja_table_row_4 nt_row_id_152\">\n            <td>Fe, mg\/l<\/td><td>-<\/td><td>20,0 maximum<\/td>        <\/tr>\n            <tr data-row_id=\"153\" class=\"ninja_table_row_5 nt_row_id_153\">\n            <td>Densit\u00e9 (20\u2103) g\/cm3<\/td><td>1,35 min<\/td><td>-<\/td>        <\/tr>\n            <tr data-row_id=\"154\" class=\"ninja_table_row_6 nt_row_id_154\">\n            <td>PH (solution aqueuse 1%)<\/td><td>9.0-12.0<\/td><td>4.0-6.0<\/td>        <\/tr>\n    <\/tbody><!--ninja_tobody_rendering_done-->\n    <\/table>\n    \n    \n    \n<\/div>\n\n<h3>Usage:<\/h3>\n<p><strong>PBTC\u2022Na4<\/strong> est un inhibiteur de tartre et de corrosion composite tr\u00e8s efficace qui est largement utilis\u00e9. C&#039;est un excellent stabilisant pour le sel de zinc et peut \u00eatre utilis\u00e9 dans des environnements \u00e0 haute temp\u00e9rature, duret\u00e9, alcalins et \u00e0 haute concentration. Lorsqu&#039;il est combin\u00e9 avec d&#039;autres produits chimiques de traitement de l&#039;eau tels que le sel de zinc, le copolym\u00e8re, l&#039;organophosphine et l&#039;imidazole, <strong>PBTC\u2022Na4<\/strong> offre des performances exceptionnelles en tant qu&#039;agent ch\u00e9lateur et d\u00e9tergent pour m\u00e9taux.<\/p>\n<h3>Emballage et stockage\u00a0:<\/h3>\n<h4>Liquide<\/h4>\n<ul>\n<li>F\u00fbt plastique 200L<\/li>\n<li>IBC (1000L)<\/li>\n<li>Personnalisable selon les exigences du client<\/li>\n<li>Convient pour le stockage dans des pi\u00e8ces ombrag\u00e9es et des endroits secs jusqu&#039;\u00e0 10 mois<\/li>\n<\/ul>\n<h4>Solide<\/h4>\n<ul>\n<li>25kg\/sac<\/li>\n<li>Personnalisable selon les exigences du client<\/li>\n<li>Convient pour le stockage dans des pi\u00e8ces ombrag\u00e9es et des endroits secs jusqu&#039;\u00e0 1 an<\/li>\n<\/ul>","protected":false},"excerpt":{"rendered":"<p><strong>Acide 2-phosphonobutane-1,2,4-tricarboxylique, sel de sodium (PBTC\u2022Na4)<\/strong> est un inhibiteur de tartre tr\u00e8s efficace utilis\u00e9 dans les applications industrielles. Il a un num\u00e9ro CAS de 40372-66-5 et une formule mol\u00e9culaire de C7H7O9P\u2022Na4 avec un poids mol\u00e9culaire de 358. PBTC\u2022Na4 peut am\u00e9liorer la solubilit\u00e9 du sel de zinc et a une bonne tol\u00e9rance \u00e0 l&#039;oxydation du chlore et une bonne stabilit\u00e9 thermique. C&#039;est une solution aqueuse 41% \u00e0 faible teneur en phosphore. PBTC\u2022Na4 est un choix id\u00e9al pour les applications industrielles o\u00f9 l&#039;inhibition du tartre est importante.<\/p>","protected":false},"featured_media":952,"template":"","meta":{"site-sidebar-layout":"default","site-content-layout":"default","ast-site-content-layout":"default","site-content-style":"default","site-sidebar-style":"default","ast-global-header-display":"","ast-banner-title-visibility":"","ast-main-header-display":"","ast-hfb-above-header-display":"","ast-hfb-below-header-display":"","ast-hfb-mobile-header-display":"","site-post-title":"","ast-breadcrumbs-content":"","ast-featured-img":"","footer-sml-layout":"","ast-disable-related-posts":"","theme-transparent-header-meta":"default","adv-header-id-meta":"","stick-header-meta":"default","header-above-stick-meta":"","header-main-stick-meta":"","header-below-stick-meta":"","astra-migrate-meta-layouts":"default","ast-page-background-enabled":"default","ast-page-background-meta":{"desktop":{"background-color":"","background-image":"","background-repeat":"repeat","background-position":"center center","background-size":"auto","background-attachment":"scroll","background-type":"","background-media":"","overlay-type":"","overlay-color":"","overlay-opacity":"","overlay-gradient":""},"tablet":{"background-color":"","background-image":"","background-repeat":"repeat","background-position":"center center","background-size":"auto","background-attachment":"scroll","background-type":"","background-media":"","overlay-type":"","overlay-color":"","overlay-opacity":"","overlay-gradient":""},"mobile":{"background-color":"","background-image":"","background-repeat":"repeat","background-position":"center center","background-size":"auto","background-attachment":"scroll","background-type":"","background-media":"","overlay-type":"","overlay-color":"","overlay-opacity":"","overlay-gradient":""}},"ast-content-background-meta":{"desktop":{"background-color":"var(--ast-global-color-5)","background-image":"","background-repeat":"repeat","background-position":"center center","background-size":"auto","background-attachment":"scroll","background-type":"","background-media":"","overlay-type":"","overlay-color":"","overlay-opacity":"","overlay-gradient":""},"tablet":{"background-color":"var(--ast-global-color-5)","background-image":"","background-repeat":"repeat","background-position":"center center","background-size":"auto","background-attachment":"scroll","background-type":"","background-media":"","overlay-type":"","overlay-color":"","overlay-opacity":"","overlay-gradient":""},"mobile":{"background-color":"var(--ast-global-color-5)","background-image":"","background-repeat":"repeat","background-position":"center center","background-size":"auto","background-attachment":"scroll","background-type":"","background-media":"","overlay-type":"","overlay-color":"","overlay-opacity":"","overlay-gradient":""}}},"product_brand":[],"product_cat":[27],"product_tag":[],"class_list":{"0":"post-946","1":"product","2":"type-product","3":"status-publish","4":"has-post-thumbnail","6":"product_cat-salts-of-phosphonates","7":"desktop-align-left","8":"tablet-align-left","9":"mobile-align-left","10":"ast-product-gallery-layout-horizontal-slider","11":"ast-product-gallery-with-no-image","12":"ast-product-tabs-layout-horizontal","14":"first","15":"instock","16":"shipping-taxable","17":"product-type-simple"},"yoast_head":"<!-- This site is optimized with the Yoast SEO Premium plugin v26.3 (Yoast SEO v27.3) - https:\/\/yoast.com\/product\/yoast-seo-premium-wordpress\/ -->\n<title>2-Phosphonobutane -1,2,4-Tricarboxylic Acid, Sodium salt (PBTC\u2022Na4) - vcycletech<\/title>\n<meta name=\"description\" content=\"Quality &quot;2-Phosphonobutane -1,2,4-Tricarboxylic Acid, Sodium salt (PBTC\u2022Na4)&quot; products from china manufacturer vcycletech. Find the best quality of &quot;2-Phosphonobutane\" \/>\n<meta name=\"robots\" content=\"index, follow, max-snippet:-1, max-image-preview:large, max-video-preview:-1\" \/>\n<link rel=\"canonical\" href=\"https:\/\/vcycletech.com\/fr\/produit\/pbtcna4\/\" \/>\n<meta property=\"og:locale\" content=\"fr_FR\" \/>\n<meta property=\"og:type\" content=\"article\" \/>\n<meta property=\"og:title\" content=\"2-Phosphonobutane -1,2,4-Tricarboxylic Acid, Sodium salt (PBTC\u2022Na4)\" \/>\n<meta property=\"og:description\" content=\"Quality &quot;2-Phosphonobutane -1,2,4-Tricarboxylic Acid, Sodium salt (PBTC\u2022Na4)&quot; products from china manufacturer vcycletech. Find the best quality of &quot;2-Phosphonobutane\" \/>\n<meta property=\"og:url\" content=\"https:\/\/vcycletech.com\/fr\/produit\/pbtcna4\/\" \/>\n<meta property=\"og:site_name\" content=\"vcycletech\" \/>\n<meta property=\"article:modified_time\" content=\"2023-03-18T12:08:53+00:00\" \/>\n<meta property=\"og:image\" content=\"https:\/\/vcycletech.com\/wp-content\/uploads\/2023\/03\/1-11.png\" \/>\n\t<meta property=\"og:image:width\" content=\"600\" \/>\n\t<meta property=\"og:image:height\" content=\"600\" \/>\n\t<meta property=\"og:image:type\" content=\"image\/png\" \/>\n<meta name=\"twitter:card\" content=\"summary_large_image\" \/>\n<meta name=\"twitter:label1\" content=\"Dur\u00e9e de lecture estim\u00e9e\" \/>\n\t<meta name=\"twitter:data1\" content=\"2 minutes\" \/>\n<script type=\"application\/ld+json\" class=\"yoast-schema-graph\">{\"@context\":\"https:\\\/\\\/schema.org\",\"@graph\":[{\"@type\":\"WebPage\",\"@id\":\"https:\\\/\\\/vcycletech.com\\\/product\\\/pbtcna4\\\/\",\"url\":\"https:\\\/\\\/vcycletech.com\\\/product\\\/pbtcna4\\\/\",\"name\":\"2-Phosphonobutane -1,2,4-Tricarboxylic Acid, Sodium salt (PBTC\u2022Na4) - vcycletech\",\"isPartOf\":{\"@id\":\"https:\\\/\\\/vcycletech.com\\\/#website\"},\"primaryImageOfPage\":{\"@id\":\"https:\\\/\\\/vcycletech.com\\\/product\\\/pbtcna4\\\/#primaryimage\"},\"image\":{\"@id\":\"https:\\\/\\\/vcycletech.com\\\/product\\\/pbtcna4\\\/#primaryimage\"},\"thumbnailUrl\":\"https:\\\/\\\/vcycletech.com\\\/wp-content\\\/uploads\\\/2023\\\/03\\\/1-11.png\",\"datePublished\":\"2023-03-18T12:06:17+00:00\",\"dateModified\":\"2023-03-18T12:08:53+00:00\",\"description\":\"Quality \\\"2-Phosphonobutane -1,2,4-Tricarboxylic Acid, Sodium salt (PBTC\u2022Na4)\\\" products from china manufacturer vcycletech. Find the best quality of \\\"2-Phosphonobutane\",\"breadcrumb\":{\"@id\":\"https:\\\/\\\/vcycletech.com\\\/product\\\/pbtcna4\\\/#breadcrumb\"},\"inLanguage\":\"fr-FR\",\"potentialAction\":[{\"@type\":\"ReadAction\",\"target\":[\"https:\\\/\\\/vcycletech.com\\\/product\\\/pbtcna4\\\/\"]}]},{\"@type\":\"ImageObject\",\"inLanguage\":\"fr-FR\",\"@id\":\"https:\\\/\\\/vcycletech.com\\\/product\\\/pbtcna4\\\/#primaryimage\",\"url\":\"https:\\\/\\\/vcycletech.com\\\/wp-content\\\/uploads\\\/2023\\\/03\\\/1-11.png\",\"contentUrl\":\"https:\\\/\\\/vcycletech.com\\\/wp-content\\\/uploads\\\/2023\\\/03\\\/1-11.png\",\"width\":600,\"height\":600,\"caption\":\"2-Phosphonobutane -1,2,4-Tricarboxylic Acid, Sodium salt (PBTC\u2022Na4)\"},{\"@type\":\"BreadcrumbList\",\"@id\":\"https:\\\/\\\/vcycletech.com\\\/product\\\/pbtcna4\\\/#breadcrumb\",\"itemListElement\":[{\"@type\":\"ListItem\",\"position\":1,\"name\":\"Home\",\"item\":\"https:\\\/\\\/vcycletech.com\\\/\"},{\"@type\":\"ListItem\",\"position\":2,\"name\":\"Water Treatment Chemicals Manufacturer\",\"item\":\"https:\\\/\\\/vcycletech.com\\\/water-treatment-chemicals-manufacturer\\\/\"},{\"@type\":\"ListItem\",\"position\":3,\"name\":\"2-Phosphonobutane -1,2,4-Tricarboxylic Acid, Sodium salt (PBTC\u2022Na4)\"}]},{\"@type\":\"WebSite\",\"@id\":\"https:\\\/\\\/vcycletech.com\\\/#website\",\"url\":\"https:\\\/\\\/vcycletech.com\\\/\",\"name\":\"vcycletech\",\"description\":\"China&#039;s top water treatment chemicals supplier\",\"publisher\":{\"@id\":\"https:\\\/\\\/vcycletech.com\\\/#organization\"},\"potentialAction\":[{\"@type\":\"SearchAction\",\"target\":{\"@type\":\"EntryPoint\",\"urlTemplate\":\"https:\\\/\\\/vcycletech.com\\\/?s={search_term_string}\"},\"query-input\":{\"@type\":\"PropertyValueSpecification\",\"valueRequired\":true,\"valueName\":\"search_term_string\"}}],\"inLanguage\":\"fr-FR\"},{\"@type\":\"Organization\",\"@id\":\"https:\\\/\\\/vcycletech.com\\\/#organization\",\"name\":\"vcycletech\",\"url\":\"https:\\\/\\\/vcycletech.com\\\/\",\"logo\":{\"@type\":\"ImageObject\",\"inLanguage\":\"fr-FR\",\"@id\":\"https:\\\/\\\/vcycletech.com\\\/#\\\/schema\\\/logo\\\/image\\\/\",\"url\":\"https:\\\/\\\/vcycletech.com\\\/wp-content\\\/uploads\\\/2023\\\/03\\\/logo-vcycletech-1.png\",\"contentUrl\":\"https:\\\/\\\/vcycletech.com\\\/wp-content\\\/uploads\\\/2023\\\/03\\\/logo-vcycletech-1.png\",\"width\":600,\"height\":400,\"caption\":\"vcycletech\"},\"image\":{\"@id\":\"https:\\\/\\\/vcycletech.com\\\/#\\\/schema\\\/logo\\\/image\\\/\"}}]}<\/script>\n<!-- \/ Yoast SEO Premium plugin. -->","yoast_head_json":{"title":"Acide 2-phosphonobutane -1,2,4-tricarboxylique, sel de sodium (PBTC\u2022Na4) - vcycletech","description":"Produits de qualit\u00e9 &quot;Acide 2-phosphonobutane -1,2,4-tricarboxylique, sel de sodium (PBTC\u2022Na4)&quot; du fabricant chinois vcycletech. Retrouvez la meilleure qualit\u00e9 de &quot;2-Phosphonobutane","robots":{"index":"index","follow":"follow","max-snippet":"max-snippet:-1","max-image-preview":"max-image-preview:large","max-video-preview":"max-video-preview:-1"},"canonical":"https:\/\/vcycletech.com\/fr\/produit\/pbtcna4\/","og_locale":"fr_FR","og_type":"article","og_title":"2-Phosphonobutane -1,2,4-Tricarboxylic Acid, Sodium salt (PBTC\u2022Na4)","og_description":"Quality \"2-Phosphonobutane -1,2,4-Tricarboxylic Acid, Sodium salt (PBTC\u2022Na4)\" products from china manufacturer vcycletech. Find the best quality of \"2-Phosphonobutane","og_url":"https:\/\/vcycletech.com\/fr\/produit\/pbtcna4\/","og_site_name":"vcycletech","article_modified_time":"2023-03-18T12:08:53+00:00","og_image":[{"width":600,"height":600,"url":"https:\/\/vcycletech.com\/wp-content\/uploads\/2023\/03\/1-11.png","type":"image\/png"}],"twitter_card":"summary_large_image","twitter_misc":{"Dur\u00e9e de lecture estim\u00e9e":"2 minutes"},"schema":{"@context":"https:\/\/schema.org","@graph":[{"@type":"WebPage","@id":"https:\/\/vcycletech.com\/product\/pbtcna4\/","url":"https:\/\/vcycletech.com\/product\/pbtcna4\/","name":"Acide 2-phosphonobutane -1,2,4-tricarboxylique, sel de sodium (PBTC\u2022Na4) - vcycletech","isPartOf":{"@id":"https:\/\/vcycletech.com\/#website"},"primaryImageOfPage":{"@id":"https:\/\/vcycletech.com\/product\/pbtcna4\/#primaryimage"},"image":{"@id":"https:\/\/vcycletech.com\/product\/pbtcna4\/#primaryimage"},"thumbnailUrl":"https:\/\/vcycletech.com\/wp-content\/uploads\/2023\/03\/1-11.png","datePublished":"2023-03-18T12:06:17+00:00","dateModified":"2023-03-18T12:08:53+00:00","description":"Produits de qualit\u00e9 &quot;Acide 2-phosphonobutane -1,2,4-tricarboxylique, sel de sodium (PBTC\u2022Na4)&quot; du fabricant chinois vcycletech. Retrouvez la meilleure qualit\u00e9 de &quot;2-Phosphonobutane","breadcrumb":{"@id":"https:\/\/vcycletech.com\/product\/pbtcna4\/#breadcrumb"},"inLanguage":"fr-FR","potentialAction":[{"@type":"ReadAction","target":["https:\/\/vcycletech.com\/product\/pbtcna4\/"]}]},{"@type":"ImageObject","inLanguage":"fr-FR","@id":"https:\/\/vcycletech.com\/product\/pbtcna4\/#primaryimage","url":"https:\/\/vcycletech.com\/wp-content\/uploads\/2023\/03\/1-11.png","contentUrl":"https:\/\/vcycletech.com\/wp-content\/uploads\/2023\/03\/1-11.png","width":600,"height":600,"caption":"2-Phosphonobutane -1,2,4-Tricarboxylic Acid, Sodium salt (PBTC\u2022Na4)"},{"@type":"BreadcrumbList","@id":"https:\/\/vcycletech.com\/product\/pbtcna4\/#breadcrumb","itemListElement":[{"@type":"ListItem","position":1,"name":"Home","item":"https:\/\/vcycletech.com\/"},{"@type":"ListItem","position":2,"name":"Water Treatment Chemicals Manufacturer","item":"https:\/\/vcycletech.com\/water-treatment-chemicals-manufacturer\/"},{"@type":"ListItem","position":3,"name":"2-Phosphonobutane -1,2,4-Tricarboxylic Acid, Sodium salt (PBTC\u2022Na4)"}]},{"@type":"WebSite","@id":"https:\/\/vcycletech.com\/#website","url":"https:\/\/vcycletech.com\/","name":"vcycletech","description":"Meilleur fournisseur de produits chimiques pour le traitement de l&#039;eau en Chine","publisher":{"@id":"https:\/\/vcycletech.com\/#organization"},"potentialAction":[{"@type":"SearchAction","target":{"@type":"EntryPoint","urlTemplate":"https:\/\/vcycletech.com\/?s={search_term_string}"},"query-input":{"@type":"PropertyValueSpecification","valueRequired":true,"valueName":"search_term_string"}}],"inLanguage":"fr-FR"},{"@type":"Organization","@id":"https:\/\/vcycletech.com\/#organization","name":"vcycletech","url":"https:\/\/vcycletech.com\/","logo":{"@type":"ImageObject","inLanguage":"fr-FR","@id":"https:\/\/vcycletech.com\/#\/schema\/logo\/image\/","url":"https:\/\/vcycletech.com\/wp-content\/uploads\/2023\/03\/logo-vcycletech-1.png","contentUrl":"https:\/\/vcycletech.com\/wp-content\/uploads\/2023\/03\/logo-vcycletech-1.png","width":600,"height":400,"caption":"vcycletech"},"image":{"@id":"https:\/\/vcycletech.com\/#\/schema\/logo\/image\/"}}]}},"_links":{"self":[{"href":"https:\/\/vcycletech.com\/fr\/wp-json\/wp\/v2\/product\/946","targetHints":{"allow":["GET"]}}],"collection":[{"href":"https:\/\/vcycletech.com\/fr\/wp-json\/wp\/v2\/product"}],"about":[{"href":"https:\/\/vcycletech.com\/fr\/wp-json\/wp\/v2\/types\/product"}],"wp:featuredmedia":[{"embeddable":true,"href":"https:\/\/vcycletech.com\/fr\/wp-json\/wp\/v2\/media\/952"}],"wp:attachment":[{"href":"https:\/\/vcycletech.com\/fr\/wp-json\/wp\/v2\/media?parent=946"}],"wp:term":[{"taxonomy":"product_brand","embeddable":true,"href":"https:\/\/vcycletech.com\/fr\/wp-json\/wp\/v2\/product_brand?post=946"},{"taxonomy":"product_cat","embeddable":true,"href":"https:\/\/vcycletech.com\/fr\/wp-json\/wp\/v2\/product_cat?post=946"},{"taxonomy":"product_tag","embeddable":true,"href":"https:\/\/vcycletech.com\/fr\/wp-json\/wp\/v2\/product_tag?post=946"}],"curies":[{"name":"wp","href":"https:\/\/api.w.org\/{rel}","templated":true}]}}