{"id":891,"date":"2023-03-18T02:45:47","date_gmt":"2023-03-18T02:45:47","guid":{"rendered":"https:\/\/vcycletech.com\/?post_type=product&#038;p=891"},"modified":"2023-03-27T07:12:33","modified_gmt":"2023-03-27T07:12:33","slug":"papemp","status":"publish","type":"product","link":"https:\/\/vcycletech.com\/fr\/produit\/papemp\/","title":{"rendered":"Acide polyamino poly\u00e9ther m\u00e9thyl\u00e8ne phosphonique (PAPEMP)"},"content":{"rendered":"<h3>N\u00b0 CAS 130668-24-5<\/h3>\n<h3>Poids mol\u00e9culaire : environ 600<\/h3>\n<h3>Formule structurelle PAPEMP\u00a0:<\/h3>\n<p><img fetchpriority=\"high\" decoding=\"async\" class=\"alignnone size-full wp-image-897\" src=\"https:\/\/vcycletech.com\/wp-content\/uploads\/2023\/03\/1-7.png\" alt=\"Formule structurelle PAPEMP\u00a0:\" width=\"1291\" height=\"381\" srcset=\"https:\/\/vcycletech.com\/wp-content\/uploads\/2023\/03\/1-7.png 1291w, https:\/\/vcycletech.com\/wp-content\/uploads\/2023\/03\/1-7-600x177.png 600w, https:\/\/vcycletech.com\/wp-content\/uploads\/2023\/03\/1-7-300x89.png 300w, https:\/\/vcycletech.com\/wp-content\/uploads\/2023\/03\/1-7-1024x302.png 1024w, https:\/\/vcycletech.com\/wp-content\/uploads\/2023\/03\/1-7-768x227.png 768w\" sizes=\"(max-width: 1291px) 100vw, 1291px\" \/><\/p>\n<h3>Propri\u00e9t\u00e9s:<\/h3>\n<p>Le PAPEMP est l&#039;agent de traitement de l&#039;eau id\u00e9al pour les op\u00e9rations industrielles de haut niveau. Il a d&#039;excellents effets de ch\u00e9lation et de dispersion, un niveau impressionnant de tol\u00e9rance au calcium et des pouvoirs d&#039;inhibition du tartre tr\u00e8s efficaces. Le PAPEMP peut \u00eatre utilis\u00e9 comme inhibiteur de tartre et de corrosion dans les syst\u00e8mes d&#039;eau froide en circulation et les syst\u00e8mes d&#039;eau de remplissage des champs p\u00e9trolif\u00e8res avec des niveaux \u00e9lev\u00e9s de duret\u00e9, d&#039;alcalinit\u00e9 et de pH.<\/p>\n<p>Plus pr\u00e9cis\u00e9ment, le PAPEMP est particuli\u00e8rement efficace pour pr\u00e9venir la formation de tartre de carbonate de calcium, de sulfate de calcium et de phosphate de calcium. De plus, c&#039;est un excellent choix avec les syst\u00e8mes d&#039;osmose inverse et les syst\u00e8mes de vaporisation flash \u00e0 plusieurs \u00e9tapes qui impliquent des concentrations \u00e9lev\u00e9es de sel, des niveaux de turbidit\u00e9 et des temp\u00e9ratures (telles que celles trouv\u00e9es dans la vaporisation du charbon). Il peut \u00e9galement \u00eatre utilis\u00e9 comme alternative \u00e0 l&#039;EDTA, au DTPA ou au NTA dans les processus de tissage et de teinture, tels que les agents d&#039;inhibition du retour jaune.<\/p>\n<h3>Sp\u00e9cification:<\/h3>\n<div id=\"footable_parent_899\"\n         class=\"footable_parent ninja_table_wrapper loading_ninja_table wp_table_data_press_parent semantic_ui\">\n                <table data-ninja_table_instance=\"ninja_table_instance_0\" data-footable_id=\"899\" data-filter-delay=\"1000\" aria-label=\"Acide Polyamino Poly\u00e9ther M\u00e9thyl\u00e8ne Phosphonique.csv\"            id=\"footable_899\"\n           data-unique_identifier=\"ninja_table_unique_id_4036192983_899\"\n           class=\"foo-table ninja_footable foo_table_899 ninja_table_unique_id_4036192983_899 ui table  nt_type_legacy_table selectable striped vertical_centered  footable-paging-right ninja_table_pro\">\n                <colgroup>\n                            <col class=\"ninja_column_0\">\n                            <col class=\"ninja_column_1\">\n                    <\/colgroup>\n        <thead>\n<tr class=\"footable-header\">\n                                        <th scope=\"col\"  class=\"ninja_column_0 ninja_clmn_nm_items\">Articles<\/th><th scope=\"col\"  class=\"ninja_column_1 ninja_clmn_nm_index\">Indice<\/th><\/tr>\n<\/thead>\n<tbody>\n\n        <tr data-row_id=\"102\" class=\"ninja_table_row_0 nt_row_id_102\">\n            <td>Apparence<\/td><td>Liquide transparent jaune clair \u00e0 jaune<\/td>        <\/tr>\n            <tr data-row_id=\"103\" class=\"ninja_table_row_1 nt_row_id_103\">\n            <td>Contenu actif %<\/td><td>40,0 minutes<\/td>        <\/tr>\n            <tr data-row_id=\"104\" class=\"ninja_table_row_2 nt_row_id_104\">\n            <td>Acide phosphoreux (comme PO43-)%<\/td><td>1,0 maximum<\/td>        <\/tr>\n            <tr data-row_id=\"105\" class=\"ninja_table_row_3 nt_row_id_105\">\n            <td>Densit\u00e9 (20\u2103) g\/cm3<\/td><td>1,15 min<\/td>        <\/tr>\n            <tr data-row_id=\"106\" class=\"ninja_table_row_4 nt_row_id_106\">\n            <td>pH (solution aqueuse 1%)<\/td><td>2,0 maximum<\/td>        <\/tr>\n    <\/tbody><!--ninja_tobody_rendering_done-->\n    <\/table>\n    \n    \n    \n<\/div>\n\n<h3>Usage:<\/h3>\n<p><strong>PAPEMP<\/strong> est un nouvel agent de traitement de l&#039;eau avec des effets de ch\u00e9lation et de dispersion \u00e9lev\u00e9s, une valeur \u00e9lev\u00e9e de tol\u00e9rance au calcium et de bons effets d&#039;inhibition du tartre. Il emp\u00eache efficacement la pr\u00e9cipitation du carbonate de calcium \u00e0 haute sursaturation, ce qui en fait un choix id\u00e9al pour le traitement de l&#039;eau industrielle.<strong> PAPEMP<\/strong> fonctionne parfaitement avec une duret\u00e9 et un pH \u00e9lev\u00e9s, ce qui en fait un excellent antitartre. De plus, les poly\u00e9ther polyamine m\u00e9thyl\u00e8ne phosphonates poss\u00e8dent une tol\u00e9rance \u00e9lev\u00e9e au calcium et se sont av\u00e9r\u00e9s donner une inhibition sup\u00e9rieure de la formation, du d\u00e9p\u00f4t et de la croissance du tartre. Dans l&#039;ensemble, le PAPEMP est un agent de traitement de l&#039;eau efficace et efficient qui peut \u00eatre utilis\u00e9 pour pr\u00e9venir l&#039;entartrage dans les applications industrielles.<\/p>\n<p><img decoding=\"async\" class=\"alignnone size-full wp-image-900\" src=\"https:\/\/vcycletech.com\/wp-content\/uploads\/2023\/03\/1-8.png\" alt=\"Acide polyamino poly\u00e9ther m\u00e9thyl\u00e8ne phosphonique (PAPEMP)\" width=\"600\" height=\"600\" srcset=\"https:\/\/vcycletech.com\/wp-content\/uploads\/2023\/03\/1-8.png 600w, https:\/\/vcycletech.com\/wp-content\/uploads\/2023\/03\/1-8-100x100.png 100w, https:\/\/vcycletech.com\/wp-content\/uploads\/2023\/03\/1-8-300x300.png 300w, https:\/\/vcycletech.com\/wp-content\/uploads\/2023\/03\/1-8-150x150.png 150w\" sizes=\"(max-width: 600px) 100vw, 600px\" \/><\/p>\n<h3>Comment emballer et stocker l&#039;acide polyamino poly\u00e9ther m\u00e9thyl\u00e8ne phosphonique (PAPEMP)<\/h3>\n<p><strong>Acide Polyamino Poly\u00e9ther M\u00e9thyl\u00e8ne Phosphonique (PAPEMP)<\/strong> est un liquide hautement corrosif qui peut causer de graves dommages \u00e0 l&#039;\u00e9quipement et au personnel non prot\u00e9g\u00e9s. Un emballage et un stockage appropri\u00e9s de ce produit chimique sont essentiels pour assurer la s\u00e9curit\u00e9 et pr\u00e9venir les accidents. Voici quelques \u00e9tapes \u00e0 suivre lors de l&#039;emballage et du stockage du PAPEMP\u00a0:<\/p>\n<ol>\n<li>Choisissez le mat\u00e9riau d&#039;emballage appropri\u00e9 pour <strong>PAPEMP<\/strong> \u2013 les contenants rigides en poly\u00e9thyl\u00e8ne haute densit\u00e9 (PEHD) sont recommand\u00e9s car ils offrent une excellente r\u00e9sistance chimique. N&#039;utilisez pas de verre ou de papier car l&#039;acide peut facilement les endommager.<\/li>\n<li>Assurez-vous que les conteneurs que vous utilisez sont bien scell\u00e9s avec des sceaux ou des couvercles inviolables afin qu&#039;aucune contamination ext\u00e9rieure ne puisse se produire pendant le stockage du conteneur.<\/li>\n<li>Stockez toujours vos produits chimiques \u00e0 l&#039;abri des sources de chaleur, de la lumi\u00e8re directe du soleil, de l&#039;humidit\u00e9 et d&#039;autres mat\u00e9riaux corrosifs. Gardez vos contenants dans un endroit frais et sec avec une ventilation ad\u00e9quate.<\/li>\n<li>\u00c9tiquetez tous les conteneurs de produits chimiques avec leur nom propre et les classifications de danger pour \u00e9viter toute mauvaise utilisation accidentelle ou blessure grave en cas d&#039;accident lors du transport ou du stockage de ces mat\u00e9riaux.<\/li>\n<li>Si possible, installez des syst\u00e8mes de pr\u00e9vention des incendies \u00e0 proximit\u00e9 de la zone o\u00f9 le PAPEMP est stock\u00e9 afin de r\u00e9duire le risque d&#039;incendie accidentel caus\u00e9 par une \u00e9tincelle ou une source de chaleur entrant en contact avec la solution acide.<\/li>\n<\/ol>\n<p>Le respect de ces directives garantira que votre PAPEMP est emball\u00e9 et stock\u00e9 en toute s\u00e9curit\u00e9 pour une utilisation future et emp\u00eachera les incidents dangereux de se produire en raison d&#039;une mauvaise manipulation de ce mat\u00e9riau hautement corrosif\u00a0!<\/p>\n<h3>FAQ<\/h3>\n<p>&nbsp;<\/p>\n<h4>Qu&#039;est-ce que le PAPEMP ?<\/h4>\n<p>Le PAPEMP est un acide polyamino poly\u00e9ther m\u00e9thyl\u00e8ne phosphonique. Il s&#039;agit d&#039;un liquide soluble dans l&#039;eau, blanc \u00e0 jaune p\u00e2le, utilis\u00e9 comme agent ch\u00e9latant, inhibiteur de tartre et inhibiteur de corrosion dans les applications de traitement de l&#039;eau.<\/p>\n<h4>Quels sont les avantages d&#039;utiliser PAPEMP ?<\/h4>\n<p>Le PAPEMP offre un certain nombre d&#039;avantages dans les applications de traitement de l&#039;eau, notamment la pr\u00e9vention de l&#039;accumulation de tartre, l&#039;inhibition de la corrosion et l&#039;\u00e9limination des m\u00e9taux lourds de l&#039;eau.<\/p>\n<h4>Quels sont les effets secondaires de l&#039;utilisation de PAPEMP\u00a0?<\/h4>\n<p>Le PAPEMP est g\u00e9n\u00e9ralement consid\u00e9r\u00e9 comme s\u00fbr pour une utilisation dans les applications de traitement de l&#039;eau. Cependant, comme pour tout compos\u00e9 chimique, il existe toujours un risque d&#039;effets secondaires. Certains des effets secondaires potentiels de l&#039;utilisation du PAPEMP comprennent l&#039;irritation de la peau, l&#039;irritation des yeux et l&#039;irritation des voies respiratoires.<\/p>\n<h4>Comment utiliser PAPEMP ?<\/h4>\n<p>Le PAPEMP peut \u00eatre ajout\u00e9 \u00e0 l&#039;eau \u00e0 diff\u00e9rentes \u00e9tapes du processus de traitement de l&#039;eau. Il peut \u00eatre ajout\u00e9 \u00e0 l&#039;eau brute avant la filtration, ou il peut \u00eatre ajout\u00e9 \u00e0 l&#039;eau trait\u00e9e avant la distribution.<\/p>\n<h4>O\u00f9 puis-je acheter PAPEMP ?<\/h4>\n<p>PAPEMP est disponible \u00e0 l&#039;achat aupr\u00e8s d&#039;une vari\u00e9t\u00e9 de d\u00e9taillants en ligne et de fournisseurs de produits chimiques<\/p>\n<div data-zone-id=\"0\" data-line-index=\"0\" data-line=\"true\"><a href=\"https:\/\/vcycletech.com\/fr\/categorie-de-produit\/phosphonates-antitartre-inhibiteur-de-corrosion\/\">Obtenez la solution compl\u00e8te d&#039;antitartre et d&#039;inhibiteur de corrosion aux phosphonates<\/a><\/div>","protected":false},"excerpt":{"rendered":"<p><strong>Acide Polyamino Poly\u00e9ther M\u00e9thyl\u00e8ne Phosphonique (PAPEMP)<\/strong> est un nouvel agent de traitement de l&#039;eau avec des effets de ch\u00e9lation et de dispersion \u00e9lev\u00e9s, une valeur \u00e9lev\u00e9e de tol\u00e9rance au calcium et de bons effets d&#039;inhibition du tartre. Il emp\u00eache efficacement la pr\u00e9cipitation du carbonate de calcium \u00e0 des niveaux de sursaturation \u00e9lev\u00e9s et fonctionne parfaitement \u00e0 des duret\u00e9s et des pH \u00e9lev\u00e9s en tant qu&#039;antitartre. <strong>PAPEMP<\/strong> est \u00e9galement connu pour son excellente inhibition de la formation, du d\u00e9p\u00f4t et de la croissance des \u00e9cailles. Cela en fait un choix id\u00e9al pour les applications de traitement des eaux industrielles.<\/p>","protected":false},"featured_media":895,"template":"","meta":{"site-sidebar-layout":"default","site-content-layout":"default","ast-site-content-layout":"default","site-content-style":"default","site-sidebar-style":"default","ast-global-header-display":"","ast-banner-title-visibility":"","ast-main-header-display":"","ast-hfb-above-header-display":"","ast-hfb-below-header-display":"","ast-hfb-mobile-header-display":"","site-post-title":"","ast-breadcrumbs-content":"","ast-featured-img":"","footer-sml-layout":"","ast-disable-related-posts":"","theme-transparent-header-meta":"default","adv-header-id-meta":"","stick-header-meta":"default","header-above-stick-meta":"","header-main-stick-meta":"","header-below-stick-meta":"","astra-migrate-meta-layouts":"default","ast-page-background-enabled":"default","ast-page-background-meta":{"desktop":{"background-color":"","background-image":"","background-repeat":"repeat","background-position":"center center","background-size":"auto","background-attachment":"scroll","background-type":"","background-media":"","overlay-type":"","overlay-color":"","overlay-opacity":"","overlay-gradient":""},"tablet":{"background-color":"","background-image":"","background-repeat":"repeat","background-position":"center center","background-size":"auto","background-attachment":"scroll","background-type":"","background-media":"","overlay-type":"","overlay-color":"","overlay-opacity":"","overlay-gradient":""},"mobile":{"background-color":"","background-image":"","background-repeat":"repeat","background-position":"center center","background-size":"auto","background-attachment":"scroll","background-type":"","background-media":"","overlay-type":"","overlay-color":"","overlay-opacity":"","overlay-gradient":""}},"ast-content-background-meta":{"desktop":{"background-color":"var(--ast-global-color-5)","background-image":"","background-repeat":"repeat","background-position":"center center","background-size":"auto","background-attachment":"scroll","background-type":"","background-media":"","overlay-type":"","overlay-color":"","overlay-opacity":"","overlay-gradient":""},"tablet":{"background-color":"var(--ast-global-color-5)","background-image":"","background-repeat":"repeat","background-position":"center center","background-size":"auto","background-attachment":"scroll","background-type":"","background-media":"","overlay-type":"","overlay-color":"","overlay-opacity":"","overlay-gradient":""},"mobile":{"background-color":"var(--ast-global-color-5)","background-image":"","background-repeat":"repeat","background-position":"center center","background-size":"auto","background-attachment":"scroll","background-type":"","background-media":"","overlay-type":"","overlay-color":"","overlay-opacity":"","overlay-gradient":""}}},"product_brand":[],"product_cat":[15],"product_tag":[],"class_list":{"0":"post-891","1":"product","2":"type-product","3":"status-publish","4":"has-post-thumbnail","6":"product_cat-phosphonates-antiscalant-corrosion-inhibitor","7":"desktop-align-left","8":"tablet-align-left","9":"mobile-align-left","10":"ast-product-gallery-layout-horizontal-slider","11":"ast-product-gallery-with-no-image","12":"ast-product-tabs-layout-horizontal","14":"first","15":"instock","16":"shipping-taxable","17":"product-type-simple"},"yoast_head":"<!-- This site is optimized with the Yoast SEO Premium plugin v26.3 (Yoast SEO v27.3) - https:\/\/yoast.com\/product\/yoast-seo-premium-wordpress\/ -->\n<title>Polyamino Polyether Methylene Phosphonic Acid(PAPEMP) - vcycletech<\/title>\n<meta name=\"description\" content=\"Quality &quot;Polyamino Polyether Methylene Phosphonic Acid(PAPEMP)&quot; for sale. Low price, fast shipping, and good customer service.\" \/>\n<meta name=\"robots\" content=\"index, follow, max-snippet:-1, max-image-preview:large, max-video-preview:-1\" \/>\n<link rel=\"canonical\" href=\"https:\/\/vcycletech.com\/fr\/produit\/papemp\/\" \/>\n<meta property=\"og:locale\" content=\"fr_FR\" \/>\n<meta property=\"og:type\" content=\"article\" \/>\n<meta property=\"og:title\" content=\"Polyamino Polyether Methylene Phosphonic Acid(PAPEMP)\" \/>\n<meta property=\"og:description\" content=\"Quality &quot;Polyamino Polyether Methylene Phosphonic Acid(PAPEMP)&quot; for sale. Low price, fast shipping, and good customer service.\" \/>\n<meta property=\"og:url\" content=\"https:\/\/vcycletech.com\/fr\/produit\/papemp\/\" \/>\n<meta property=\"og:site_name\" content=\"vcycletech\" \/>\n<meta property=\"article:modified_time\" content=\"2023-03-27T07:12:33+00:00\" \/>\n<meta property=\"og:image\" content=\"https:\/\/vcycletech.com\/wp-content\/uploads\/2023\/03\/1-6.png\" \/>\n\t<meta property=\"og:image:width\" content=\"600\" \/>\n\t<meta property=\"og:image:height\" content=\"600\" \/>\n\t<meta property=\"og:image:type\" content=\"image\/png\" \/>\n<meta name=\"twitter:card\" content=\"summary_large_image\" \/>\n<meta name=\"twitter:label1\" content=\"Dur\u00e9e de lecture estim\u00e9e\" \/>\n\t<meta name=\"twitter:data1\" content=\"4 minutes\" \/>\n<script type=\"application\/ld+json\" class=\"yoast-schema-graph\">{\"@context\":\"https:\\\/\\\/schema.org\",\"@graph\":[{\"@type\":\"WebPage\",\"@id\":\"https:\\\/\\\/vcycletech.com\\\/product\\\/papemp\\\/\",\"url\":\"https:\\\/\\\/vcycletech.com\\\/product\\\/papemp\\\/\",\"name\":\"Polyamino Polyether Methylene Phosphonic Acid(PAPEMP) - vcycletech\",\"isPartOf\":{\"@id\":\"https:\\\/\\\/vcycletech.com\\\/#website\"},\"primaryImageOfPage\":{\"@id\":\"https:\\\/\\\/vcycletech.com\\\/product\\\/papemp\\\/#primaryimage\"},\"image\":{\"@id\":\"https:\\\/\\\/vcycletech.com\\\/product\\\/papemp\\\/#primaryimage\"},\"thumbnailUrl\":\"https:\\\/\\\/vcycletech.com\\\/wp-content\\\/uploads\\\/2023\\\/03\\\/1-6.png\",\"datePublished\":\"2023-03-18T02:45:47+00:00\",\"dateModified\":\"2023-03-27T07:12:33+00:00\",\"description\":\"Quality \\\"Polyamino Polyether Methylene Phosphonic Acid(PAPEMP)\\\" for sale. Low price, fast shipping, and good customer service.\",\"breadcrumb\":{\"@id\":\"https:\\\/\\\/vcycletech.com\\\/product\\\/papemp\\\/#breadcrumb\"},\"inLanguage\":\"fr-FR\",\"potentialAction\":[{\"@type\":\"ReadAction\",\"target\":[\"https:\\\/\\\/vcycletech.com\\\/product\\\/papemp\\\/\"]}]},{\"@type\":\"ImageObject\",\"inLanguage\":\"fr-FR\",\"@id\":\"https:\\\/\\\/vcycletech.com\\\/product\\\/papemp\\\/#primaryimage\",\"url\":\"https:\\\/\\\/vcycletech.com\\\/wp-content\\\/uploads\\\/2023\\\/03\\\/1-6.png\",\"contentUrl\":\"https:\\\/\\\/vcycletech.com\\\/wp-content\\\/uploads\\\/2023\\\/03\\\/1-6.png\",\"width\":600,\"height\":600,\"caption\":\"Polyamino Polyether Methylene Phosphonic Acid(PAPEMP)\"},{\"@type\":\"BreadcrumbList\",\"@id\":\"https:\\\/\\\/vcycletech.com\\\/product\\\/papemp\\\/#breadcrumb\",\"itemListElement\":[{\"@type\":\"ListItem\",\"position\":1,\"name\":\"Home\",\"item\":\"https:\\\/\\\/vcycletech.com\\\/\"},{\"@type\":\"ListItem\",\"position\":2,\"name\":\"Water Treatment Chemicals Manufacturer\",\"item\":\"https:\\\/\\\/vcycletech.com\\\/water-treatment-chemicals-manufacturer\\\/\"},{\"@type\":\"ListItem\",\"position\":3,\"name\":\"Polyamino Polyether Methylene Phosphonic Acid(PAPEMP)\"}]},{\"@type\":\"WebSite\",\"@id\":\"https:\\\/\\\/vcycletech.com\\\/#website\",\"url\":\"https:\\\/\\\/vcycletech.com\\\/\",\"name\":\"vcycletech\",\"description\":\"China&#039;s top water treatment chemicals supplier\",\"publisher\":{\"@id\":\"https:\\\/\\\/vcycletech.com\\\/#organization\"},\"potentialAction\":[{\"@type\":\"SearchAction\",\"target\":{\"@type\":\"EntryPoint\",\"urlTemplate\":\"https:\\\/\\\/vcycletech.com\\\/?s={search_term_string}\"},\"query-input\":{\"@type\":\"PropertyValueSpecification\",\"valueRequired\":true,\"valueName\":\"search_term_string\"}}],\"inLanguage\":\"fr-FR\"},{\"@type\":\"Organization\",\"@id\":\"https:\\\/\\\/vcycletech.com\\\/#organization\",\"name\":\"vcycletech\",\"url\":\"https:\\\/\\\/vcycletech.com\\\/\",\"logo\":{\"@type\":\"ImageObject\",\"inLanguage\":\"fr-FR\",\"@id\":\"https:\\\/\\\/vcycletech.com\\\/#\\\/schema\\\/logo\\\/image\\\/\",\"url\":\"https:\\\/\\\/vcycletech.com\\\/wp-content\\\/uploads\\\/2023\\\/03\\\/logo-vcycletech-1.png\",\"contentUrl\":\"https:\\\/\\\/vcycletech.com\\\/wp-content\\\/uploads\\\/2023\\\/03\\\/logo-vcycletech-1.png\",\"width\":600,\"height\":400,\"caption\":\"vcycletech\"},\"image\":{\"@id\":\"https:\\\/\\\/vcycletech.com\\\/#\\\/schema\\\/logo\\\/image\\\/\"}}]}<\/script>\n<!-- \/ Yoast SEO Premium plugin. -->","yoast_head_json":{"title":"Acide polyamino poly\u00e9ther m\u00e9thyl\u00e8ne phosphonique (PAPEMP) - vcycletech","description":"&quot;Acide Polyamino Poly\u00e9ther M\u00e9thyl\u00e8ne Phosphonique (PAPEMP)&quot; de qualit\u00e9 \u00e0 vendre. Prix bas, exp\u00e9dition rapide et bon service client.","robots":{"index":"index","follow":"follow","max-snippet":"max-snippet:-1","max-image-preview":"max-image-preview:large","max-video-preview":"max-video-preview:-1"},"canonical":"https:\/\/vcycletech.com\/fr\/produit\/papemp\/","og_locale":"fr_FR","og_type":"article","og_title":"Polyamino Polyether Methylene Phosphonic Acid(PAPEMP)","og_description":"Quality \"Polyamino Polyether Methylene Phosphonic Acid(PAPEMP)\" for sale. Low price, fast shipping, and good customer service.","og_url":"https:\/\/vcycletech.com\/fr\/produit\/papemp\/","og_site_name":"vcycletech","article_modified_time":"2023-03-27T07:12:33+00:00","og_image":[{"width":600,"height":600,"url":"https:\/\/vcycletech.com\/wp-content\/uploads\/2023\/03\/1-6.png","type":"image\/png"}],"twitter_card":"summary_large_image","twitter_misc":{"Dur\u00e9e de lecture estim\u00e9e":"4 minutes"},"schema":{"@context":"https:\/\/schema.org","@graph":[{"@type":"WebPage","@id":"https:\/\/vcycletech.com\/product\/papemp\/","url":"https:\/\/vcycletech.com\/product\/papemp\/","name":"Acide polyamino poly\u00e9ther m\u00e9thyl\u00e8ne phosphonique (PAPEMP) - vcycletech","isPartOf":{"@id":"https:\/\/vcycletech.com\/#website"},"primaryImageOfPage":{"@id":"https:\/\/vcycletech.com\/product\/papemp\/#primaryimage"},"image":{"@id":"https:\/\/vcycletech.com\/product\/papemp\/#primaryimage"},"thumbnailUrl":"https:\/\/vcycletech.com\/wp-content\/uploads\/2023\/03\/1-6.png","datePublished":"2023-03-18T02:45:47+00:00","dateModified":"2023-03-27T07:12:33+00:00","description":"&quot;Acide Polyamino Poly\u00e9ther M\u00e9thyl\u00e8ne Phosphonique (PAPEMP)&quot; de qualit\u00e9 \u00e0 vendre. Prix bas, exp\u00e9dition rapide et bon service client.","breadcrumb":{"@id":"https:\/\/vcycletech.com\/product\/papemp\/#breadcrumb"},"inLanguage":"fr-FR","potentialAction":[{"@type":"ReadAction","target":["https:\/\/vcycletech.com\/product\/papemp\/"]}]},{"@type":"ImageObject","inLanguage":"fr-FR","@id":"https:\/\/vcycletech.com\/product\/papemp\/#primaryimage","url":"https:\/\/vcycletech.com\/wp-content\/uploads\/2023\/03\/1-6.png","contentUrl":"https:\/\/vcycletech.com\/wp-content\/uploads\/2023\/03\/1-6.png","width":600,"height":600,"caption":"Polyamino Polyether Methylene Phosphonic Acid(PAPEMP)"},{"@type":"BreadcrumbList","@id":"https:\/\/vcycletech.com\/product\/papemp\/#breadcrumb","itemListElement":[{"@type":"ListItem","position":1,"name":"Home","item":"https:\/\/vcycletech.com\/"},{"@type":"ListItem","position":2,"name":"Water Treatment Chemicals Manufacturer","item":"https:\/\/vcycletech.com\/water-treatment-chemicals-manufacturer\/"},{"@type":"ListItem","position":3,"name":"Polyamino Polyether Methylene Phosphonic Acid(PAPEMP)"}]},{"@type":"WebSite","@id":"https:\/\/vcycletech.com\/#website","url":"https:\/\/vcycletech.com\/","name":"vcycletech","description":"Meilleur fournisseur de produits chimiques pour le traitement de l&#039;eau en Chine","publisher":{"@id":"https:\/\/vcycletech.com\/#organization"},"potentialAction":[{"@type":"SearchAction","target":{"@type":"EntryPoint","urlTemplate":"https:\/\/vcycletech.com\/?s={search_term_string}"},"query-input":{"@type":"PropertyValueSpecification","valueRequired":true,"valueName":"search_term_string"}}],"inLanguage":"fr-FR"},{"@type":"Organization","@id":"https:\/\/vcycletech.com\/#organization","name":"vcycletech","url":"https:\/\/vcycletech.com\/","logo":{"@type":"ImageObject","inLanguage":"fr-FR","@id":"https:\/\/vcycletech.com\/#\/schema\/logo\/image\/","url":"https:\/\/vcycletech.com\/wp-content\/uploads\/2023\/03\/logo-vcycletech-1.png","contentUrl":"https:\/\/vcycletech.com\/wp-content\/uploads\/2023\/03\/logo-vcycletech-1.png","width":600,"height":400,"caption":"vcycletech"},"image":{"@id":"https:\/\/vcycletech.com\/#\/schema\/logo\/image\/"}}]}},"_links":{"self":[{"href":"https:\/\/vcycletech.com\/fr\/wp-json\/wp\/v2\/product\/891","targetHints":{"allow":["GET"]}}],"collection":[{"href":"https:\/\/vcycletech.com\/fr\/wp-json\/wp\/v2\/product"}],"about":[{"href":"https:\/\/vcycletech.com\/fr\/wp-json\/wp\/v2\/types\/product"}],"wp:featuredmedia":[{"embeddable":true,"href":"https:\/\/vcycletech.com\/fr\/wp-json\/wp\/v2\/media\/895"}],"wp:attachment":[{"href":"https:\/\/vcycletech.com\/fr\/wp-json\/wp\/v2\/media?parent=891"}],"wp:term":[{"taxonomy":"product_brand","embeddable":true,"href":"https:\/\/vcycletech.com\/fr\/wp-json\/wp\/v2\/product_brand?post=891"},{"taxonomy":"product_cat","embeddable":true,"href":"https:\/\/vcycletech.com\/fr\/wp-json\/wp\/v2\/product_cat?post=891"},{"taxonomy":"product_tag","embeddable":true,"href":"https:\/\/vcycletech.com\/fr\/wp-json\/wp\/v2\/product_tag?post=891"}],"curies":[{"name":"wp","href":"https:\/\/api.w.org\/{rel}","templated":true}]}}