{"id":878,"date":"2023-03-18T03:50:37","date_gmt":"2023-03-18T03:50:37","guid":{"rendered":"https:\/\/vcycletech.com\/?post_type=product&#038;p=878"},"modified":"2023-03-18T03:52:07","modified_gmt":"2023-03-18T03:52:07","slug":"edtmpna5ethylene-diamine-tetramethylene-phosphonique-acide-pentasodium-sel","status":"publish","type":"product","link":"https:\/\/vcycletech.com\/fr\/produit\/edtmpna5ethylene-diamine-tetramethylene-phosphonique-acide-pentasodium-sel\/","title":{"rendered":"EDTMP\u2022Na5(\u00e9thyl\u00e8ne diamine t\u00e9tra)(acide m\u00e9thyl\u00e8ne phosphonique) (sel pentasodique)"},"content":{"rendered":"<h3>N\u00b0 CAS : 7651-99-2<\/h3>\n<h3>N\u00b0 EINECS : 231-615-4<br \/>\nFormule mol\u00e9culaire : C6H15O12N2P4Na5<\/h3>\n<h3>Poids mol\u00e9culaire : 546,13<\/h3>\n<h3>Formule structurelle:<\/h3>\n<p><img fetchpriority=\"high\" decoding=\"async\" class=\"size-full wp-image-893\" src=\"https:\/\/vcycletech.com\/wp-content\/uploads\/2023\/03\/001-6.png\" alt=\"EDTMP\u2022Na5\" width=\"600\" height=\"600\" srcset=\"https:\/\/vcycletech.com\/wp-content\/uploads\/2023\/03\/001-6.png 600w, https:\/\/vcycletech.com\/wp-content\/uploads\/2023\/03\/001-6-100x100.png 100w, https:\/\/vcycletech.com\/wp-content\/uploads\/2023\/03\/001-6-300x300.png 300w, https:\/\/vcycletech.com\/wp-content\/uploads\/2023\/03\/001-6-150x150.png 150w\" sizes=\"(max-width: 600px) 100vw, 600px\" \/><\/p>\n<h3>Propri\u00e9t\u00e9s EDTMP\u2022Na5\u00a0:<\/h3>\n<p><strong>EDTMP\u2022Na5<\/strong> est un acide polyphosphorique organique azot\u00e9 neutre qui agit comme un inhibiteur de corrosion cathodique et peut \u00eatre dissous dans l&#039;eau. Ce compos\u00e9 est non toxique et sans pollution, offrant une bonne stabilit\u00e9 chimique, une r\u00e9sistance \u00e0 la chaleur et une inhibition du tartre jusqu&#039;\u00e0 200 \u2103.<br \/>\nCompos\u00e9 de 8 ions positifs et n\u00e9gatifs,<strong> EDTMP\u2022Na5<\/strong> ch\u00e9late avec plusieurs ions m\u00e9talliques pour former une vari\u00e9t\u00e9 de structures monom\u00e8res qui se dissolvent dans l&#039;eau et emp\u00eachent la cristallisation normale du tartre de calcium. De plus, ce produit a des performances sup\u00e9rieures contre les tartres de sulfate de calcium et de sulfate de baryum.<br \/>\n<strong>EDTMP\u2022Na5<\/strong> est id\u00e9al pour une utilisation comme inhibiteur de tartre pour les syst\u00e8mes de circulation d&#039;eau ou les chaudi\u00e8res, en plus il fonctionne \u00e9galement comme un agent ch\u00e9latant efficace dans les op\u00e9rations de galvanoplastie sans cyanure et comme additif adoucissant de l&#039;eau pour les processus de teinture. De plus, il a de faibles niveaux d&#039;absorption d&#039;humidit\u00e9, ce qui le rend facile \u00e0 transporter par temps froid.<\/p>\n<h3>Sp\u00e9cification:<\/h3>\n<div id=\"footable_parent_898\"\n         class=\"footable_parent ninja_table_wrapper loading_ninja_table wp_table_data_press_parent semantic_ui\">\n                <table data-ninja_table_instance=\"ninja_table_instance_0\" data-footable_id=\"898\" data-filter-delay=\"1000\" aria-label=\"EDTMP\u2022Na5.csv\"            id=\"footable_898\"\n           data-unique_identifier=\"ninja_table_unique_id_3442869155_898\"\n           class=\"foo-table ninja_footable foo_table_898 ninja_table_unique_id_3442869155_898 ui table  nt_type_legacy_table selectable striped vertical_centered  footable-paging-right ninja_table_pro\">\n                <colgroup>\n                            <col class=\"ninja_column_0\">\n                            <col class=\"ninja_column_1\">\n                    <\/colgroup>\n        <thead>\n<tr class=\"footable-header\">\n                                        <th scope=\"col\"  class=\"ninja_column_0 ninja_clmn_nm_items\">Articles<\/th><th scope=\"col\"  class=\"ninja_column_1 ninja_clmn_nm_index\">Indice<\/th><\/tr>\n<\/thead>\n<tbody>\n\n        <tr data-row_id=\"95\" class=\"ninja_table_row_0 nt_row_id_95\">\n            <td>Apparence<\/td><td>Liquide transparent ambr\u00e9<\/td>        <\/tr>\n            <tr data-row_id=\"96\" class=\"ninja_table_row_1 nt_row_id_96\">\n            <td>Contenu actif (comme EDTMPA)%<\/td><td>24.0-26.0<\/td>        <\/tr>\n            <tr data-row_id=\"97\" class=\"ninja_table_row_2 nt_row_id_97\">\n            <td>Contenu actif (comme EDTMP\u2022Na5)%<\/td><td>30.0-32.6<\/td>        <\/tr>\n            <tr data-row_id=\"98\" class=\"ninja_table_row_3 nt_row_id_98\">\n            <td>Chlorure (Cl-) %<\/td><td>2,0 maximum<\/td>        <\/tr>\n            <tr data-row_id=\"99\" class=\"ninja_table_row_4 nt_row_id_99\">\n            <td>Densit\u00e9 (20\u2103) g\/cm3<\/td><td>1,25 min<\/td>        <\/tr>\n            <tr data-row_id=\"100\" class=\"ninja_table_row_5 nt_row_id_100\">\n            <td>Fe, mg\/l<\/td><td>20,0 maximum<\/td>        <\/tr>\n            <tr data-row_id=\"101\" class=\"ninja_table_row_6 nt_row_id_101\">\n            <td>PH (solution aqueuse 1%)<\/td><td>6.0\uff5e8.0<\/td>        <\/tr>\n    <\/tbody><!--ninja_tobody_rendering_done-->\n    <\/table>\n    \n    \n    \n<\/div>\n\n<h3>Emballage et stockage EDTMP\u2022Na5\u00a0:<\/h3>\n<p>Il doit toujours \u00eatre conserv\u00e9 dans un r\u00e9cipient propre et herm\u00e9tiquement ferm\u00e9 et stock\u00e9 dans un endroit frais et sec \u00e0 l&#039;abri de la lumi\u00e8re directe du soleil. Les conditions d&#039;emballage optimales, telles que le type et la taille du conteneur, d\u00e9pendent de la quantit\u00e9 de produit stock\u00e9e.<br \/>\nG\u00e9n\u00e9ralement dans un f\u00fbt en PEHD de 200\u00a0L, un IBC de 1\u00a0000\u00a0L ou selon les exigences des clients. Si possible, pr\u00e9voir des joints \u00e9tanches et une protection contre les UV \u2014 stockage pendant dix mois dans une pi\u00e8ce sombre et un endroit sec.<\/p>\n<h3>Protection de s\u00e9curit\u00e9:<\/h3>\n<p>\u00c9viter le contact avec les yeux et la peau ; une fois en contact, rincer \u00e0 l&#039;eau.<\/p>\n<h3>FAQ sur EDTMP\u2022Na5\u00a0:<\/h3>\n<p>Qu&#039;est-ce que <strong>EDTMP\u2022Na5<\/strong>?<\/p>\n<p><strong>EDTMP\u2022Na5<\/strong> est un sel de phosphonate utilis\u00e9 comme agent ch\u00e9lateur, inhibiteur de tartre et inhibiteur de corrosion dans les applications de traitement de l&#039;eau.<\/p>\n<p>Quels sont les avantages d&#039;utiliser <strong>EDTMP\u2022Na5<\/strong>?<\/p>\n<p><strong>EDTMP\u2022Na5<\/strong> s&#039;est av\u00e9r\u00e9 efficace pour pr\u00e9venir l&#039;accumulation de tartre et la corrosion dans les syst\u00e8mes de traitement de l&#039;eau. En outre, <strong>EDTMP\u2022Na5<\/strong> peut contribuer \u00e0 am\u00e9liorer l&#039;efficacit\u00e9 des syst\u00e8mes de traitement de l&#039;eau en emp\u00eachant la formation de d\u00e9p\u00f4ts sur les surfaces.<\/p>\n<p>Comment fonctionne <strong>EDTMP\u2022Na5<\/strong> travail?<\/p>\n<p><strong>EDTMP\u2022Na5<\/strong> agit en se liant aux ions m\u00e9talliques et en les emp\u00eachant de pr\u00e9cipiter hors de la solution. Cela emp\u00eache la formation de tartre et la corrosion sur les surfaces en contact avec l&#039;eau. En outre, <strong>EDTMP\u2022Na5<\/strong> peut aider \u00e0 augmenter la solubilit\u00e9 des ions m\u00e9talliques, les rendant plus faciles \u00e0 \u00e9liminer de l&#039;eau.<\/p>\n<p>Quels sont les effets secondaires de<strong> EDTMP\u2022Na5<\/strong>?<\/p>\n<p><strong>EDTMP\u2022Na5<\/strong> est g\u00e9n\u00e9ralement consid\u00e9r\u00e9 comme sans danger pour la sant\u00e9 humaine. Cependant, certaines personnes peuvent ressentir une irritation de la peau ou des r\u00e9actions allergiques lorsqu&#039;elles entrent en contact avec <strong>EDTMP\u2022Na5<\/strong>. Si vous ressentez des effets secondaires, veuillez consulter un professionnel de la sant\u00e9.<\/p>\n<p>O\u00f9 puis je acheter <strong>EDTMP\u2022Na5<\/strong>?<\/p>\n<p>Bienvenue \u00e0 nous contacter pour acheter.<\/p>\n<p><a href=\"https:\/\/vcycletech.com\/fr\/phosphonates\/\"><strong>Obtenez la solution compl\u00e8te de phosphonates<\/strong><\/a>.<\/p>","protected":false},"excerpt":{"rendered":"<p><strong>ETDMP\u2022Na5<\/strong> est un excellent agent ch\u00e9latant. Il a une bonne solubilit\u00e9 dans l&#039;eau, stabilit\u00e9 et capacit\u00e9 de complexation des m\u00e9taux. Il peut former des complexes avec divers ions, notamment Fe3+, Al3+, Cu2+, Pb2+, Zn2+, etc.<br \/>\n<strong>EDTMP\u2022Na5<\/strong> est largement utilis\u00e9 dans l&#039;impression textile, la teinture, la fabrication du papier, le traitement de l&#039;eau, l&#039;industrie alimentaire, etc.<br \/>\nVous recherchez un agent ch\u00e9lateur EDTA de qualit\u00e9 ? Ne cherchez pas plus loin que <strong>EDTMP\u2022Na5<\/strong>! Notre produit est connu pour sa grande solubilit\u00e9 dans l&#039;eau et sa stabilit\u00e9, ce qui le rend id\u00e9al pour une utilisation dans une vari\u00e9t\u00e9 d&#039;industries. Contactez-nous d\u00e8s aujourd&#039;hui pour en savoir plus sur nos produits et services !<\/p>","protected":false},"featured_media":903,"template":"","meta":{"site-sidebar-layout":"default","site-content-layout":"default","ast-site-content-layout":"default","site-content-style":"default","site-sidebar-style":"default","ast-global-header-display":"","ast-banner-title-visibility":"","ast-main-header-display":"","ast-hfb-above-header-display":"","ast-hfb-below-header-display":"","ast-hfb-mobile-header-display":"","site-post-title":"","ast-breadcrumbs-content":"","ast-featured-img":"","footer-sml-layout":"","ast-disable-related-posts":"","theme-transparent-header-meta":"default","adv-header-id-meta":"","stick-header-meta":"default","header-above-stick-meta":"","header-main-stick-meta":"","header-below-stick-meta":"","astra-migrate-meta-layouts":"default","ast-page-background-enabled":"default","ast-page-background-meta":{"desktop":{"background-color":"","background-image":"","background-repeat":"repeat","background-position":"center center","background-size":"auto","background-attachment":"scroll","background-type":"","background-media":"","overlay-type":"","overlay-color":"","overlay-opacity":"","overlay-gradient":""},"tablet":{"background-color":"","background-image":"","background-repeat":"repeat","background-position":"center center","background-size":"auto","background-attachment":"scroll","background-type":"","background-media":"","overlay-type":"","overlay-color":"","overlay-opacity":"","overlay-gradient":""},"mobile":{"background-color":"","background-image":"","background-repeat":"repeat","background-position":"center center","background-size":"auto","background-attachment":"scroll","background-type":"","background-media":"","overlay-type":"","overlay-color":"","overlay-opacity":"","overlay-gradient":""}},"ast-content-background-meta":{"desktop":{"background-color":"var(--ast-global-color-5)","background-image":"","background-repeat":"repeat","background-position":"center center","background-size":"auto","background-attachment":"scroll","background-type":"","background-media":"","overlay-type":"","overlay-color":"","overlay-opacity":"","overlay-gradient":""},"tablet":{"background-color":"var(--ast-global-color-5)","background-image":"","background-repeat":"repeat","background-position":"center center","background-size":"auto","background-attachment":"scroll","background-type":"","background-media":"","overlay-type":"","overlay-color":"","overlay-opacity":"","overlay-gradient":""},"mobile":{"background-color":"var(--ast-global-color-5)","background-image":"","background-repeat":"repeat","background-position":"center center","background-size":"auto","background-attachment":"scroll","background-type":"","background-media":"","overlay-type":"","overlay-color":"","overlay-opacity":"","overlay-gradient":""}}},"product_brand":[],"product_cat":[27],"product_tag":[],"class_list":{"0":"post-878","1":"product","2":"type-product","3":"status-publish","4":"has-post-thumbnail","6":"product_cat-salts-of-phosphonates","7":"desktop-align-left","8":"tablet-align-left","9":"mobile-align-left","10":"ast-product-gallery-layout-horizontal-slider","11":"ast-product-tabs-layout-horizontal","13":"first","14":"instock","15":"shipping-taxable","16":"product-type-simple"},"yoast_head":"<!-- This site is optimized with the Yoast SEO Premium plugin v26.3 (Yoast SEO v27.3) - https:\/\/yoast.com\/product\/yoast-seo-premium-wordpress\/ -->\n<title>EDTMP\u2022Na5(Ethylene Diamine Tetra)(Methylene Phosphonic Acid) (Pentasodium Salt) - vcycletech<\/title>\n<meta name=\"description\" content=\"This industrial powerhouse is used in many different areas, from cooling water systems on oil rigs and ships to electroplating shops. The effectiveness of this product means it will reduce your operating costs and save money in the long run. It also has a low environmental impact by working hard yet still managing water waste levels.\" \/>\n<meta name=\"robots\" content=\"index, follow, max-snippet:-1, max-image-preview:large, max-video-preview:-1\" \/>\n<link rel=\"canonical\" href=\"https:\/\/vcycletech.com\/fr\/produit\/edtmpna5ethylene-diamine-tetramethylene-phosphonique-acide-pentasodium-sel\/\" \/>\n<meta property=\"og:locale\" content=\"fr_FR\" \/>\n<meta property=\"og:type\" content=\"article\" \/>\n<meta property=\"og:title\" content=\"EDTMP\u2022Na5(Ethylene Diamine Tetra)(Methylene Phosphonic Acid) (Pentasodium Salt)\" \/>\n<meta property=\"og:description\" content=\"This industrial powerhouse is used in many different areas, from cooling water systems on oil rigs and ships to electroplating shops. The effectiveness of this product means it will reduce your operating costs and save money in the long run. It also has a low environmental impact by working hard yet still managing water waste levels.\" \/>\n<meta property=\"og:url\" content=\"https:\/\/vcycletech.com\/fr\/produit\/edtmpna5ethylene-diamine-tetramethylene-phosphonique-acide-pentasodium-sel\/\" \/>\n<meta property=\"og:site_name\" content=\"vcycletech\" \/>\n<meta property=\"article:modified_time\" content=\"2023-03-18T03:52:07+00:00\" \/>\n<meta property=\"og:image\" content=\"https:\/\/vcycletech.com\/wp-content\/uploads\/2023\/03\/001-7.png\" \/>\n\t<meta property=\"og:image:width\" content=\"600\" \/>\n\t<meta property=\"og:image:height\" content=\"600\" \/>\n\t<meta property=\"og:image:type\" content=\"image\/png\" \/>\n<meta name=\"twitter:card\" content=\"summary_large_image\" \/>\n<meta name=\"twitter:label1\" content=\"Dur\u00e9e de lecture estim\u00e9e\" \/>\n\t<meta name=\"twitter:data1\" content=\"3 minutes\" \/>\n<script type=\"application\/ld+json\" class=\"yoast-schema-graph\">{\"@context\":\"https:\\\/\\\/schema.org\",\"@graph\":[{\"@type\":\"WebPage\",\"@id\":\"https:\\\/\\\/vcycletech.com\\\/product\\\/edtmpna5ethylene-diamine-tetramethylene-phosphonic-acid-pentasodium-salt\\\/\",\"url\":\"https:\\\/\\\/vcycletech.com\\\/product\\\/edtmpna5ethylene-diamine-tetramethylene-phosphonic-acid-pentasodium-salt\\\/\",\"name\":\"EDTMP\u2022Na5(Ethylene Diamine Tetra)(Methylene Phosphonic Acid) (Pentasodium Salt) - vcycletech\",\"isPartOf\":{\"@id\":\"https:\\\/\\\/vcycletech.com\\\/#website\"},\"primaryImageOfPage\":{\"@id\":\"https:\\\/\\\/vcycletech.com\\\/product\\\/edtmpna5ethylene-diamine-tetramethylene-phosphonic-acid-pentasodium-salt\\\/#primaryimage\"},\"image\":{\"@id\":\"https:\\\/\\\/vcycletech.com\\\/product\\\/edtmpna5ethylene-diamine-tetramethylene-phosphonic-acid-pentasodium-salt\\\/#primaryimage\"},\"thumbnailUrl\":\"https:\\\/\\\/vcycletech.com\\\/wp-content\\\/uploads\\\/2023\\\/03\\\/001-7.png\",\"datePublished\":\"2023-03-18T03:50:37+00:00\",\"dateModified\":\"2023-03-18T03:52:07+00:00\",\"description\":\"This industrial powerhouse is used in many different areas, from cooling water systems on oil rigs and ships to electroplating shops. The effectiveness of this product means it will reduce your operating costs and save money in the long run. It also has a low environmental impact by working hard yet still managing water waste levels.\",\"breadcrumb\":{\"@id\":\"https:\\\/\\\/vcycletech.com\\\/product\\\/edtmpna5ethylene-diamine-tetramethylene-phosphonic-acid-pentasodium-salt\\\/#breadcrumb\"},\"inLanguage\":\"fr-FR\",\"potentialAction\":[{\"@type\":\"ReadAction\",\"target\":[\"https:\\\/\\\/vcycletech.com\\\/product\\\/edtmpna5ethylene-diamine-tetramethylene-phosphonic-acid-pentasodium-salt\\\/\"]}]},{\"@type\":\"ImageObject\",\"inLanguage\":\"fr-FR\",\"@id\":\"https:\\\/\\\/vcycletech.com\\\/product\\\/edtmpna5ethylene-diamine-tetramethylene-phosphonic-acid-pentasodium-salt\\\/#primaryimage\",\"url\":\"https:\\\/\\\/vcycletech.com\\\/wp-content\\\/uploads\\\/2023\\\/03\\\/001-7.png\",\"contentUrl\":\"https:\\\/\\\/vcycletech.com\\\/wp-content\\\/uploads\\\/2023\\\/03\\\/001-7.png\",\"width\":600,\"height\":600,\"caption\":\"EDTMP\u2022Na5(Ethylene Diamine Tetra)(Methylene Phosphonic Acid) (Pentasodium Salt)\"},{\"@type\":\"BreadcrumbList\",\"@id\":\"https:\\\/\\\/vcycletech.com\\\/product\\\/edtmpna5ethylene-diamine-tetramethylene-phosphonic-acid-pentasodium-salt\\\/#breadcrumb\",\"itemListElement\":[{\"@type\":\"ListItem\",\"position\":1,\"name\":\"Home\",\"item\":\"https:\\\/\\\/vcycletech.com\\\/\"},{\"@type\":\"ListItem\",\"position\":2,\"name\":\"Water Treatment Chemicals Manufacturer\",\"item\":\"https:\\\/\\\/vcycletech.com\\\/water-treatment-chemicals-manufacturer\\\/\"},{\"@type\":\"ListItem\",\"position\":3,\"name\":\"EDTMP\u2022Na5(Ethylene Diamine Tetra)(Methylene Phosphonic Acid) (Pentasodium Salt)\"}]},{\"@type\":\"WebSite\",\"@id\":\"https:\\\/\\\/vcycletech.com\\\/#website\",\"url\":\"https:\\\/\\\/vcycletech.com\\\/\",\"name\":\"vcycletech\",\"description\":\"China&#039;s top water treatment chemicals supplier\",\"publisher\":{\"@id\":\"https:\\\/\\\/vcycletech.com\\\/#organization\"},\"potentialAction\":[{\"@type\":\"SearchAction\",\"target\":{\"@type\":\"EntryPoint\",\"urlTemplate\":\"https:\\\/\\\/vcycletech.com\\\/?s={search_term_string}\"},\"query-input\":{\"@type\":\"PropertyValueSpecification\",\"valueRequired\":true,\"valueName\":\"search_term_string\"}}],\"inLanguage\":\"fr-FR\"},{\"@type\":\"Organization\",\"@id\":\"https:\\\/\\\/vcycletech.com\\\/#organization\",\"name\":\"vcycletech\",\"url\":\"https:\\\/\\\/vcycletech.com\\\/\",\"logo\":{\"@type\":\"ImageObject\",\"inLanguage\":\"fr-FR\",\"@id\":\"https:\\\/\\\/vcycletech.com\\\/#\\\/schema\\\/logo\\\/image\\\/\",\"url\":\"https:\\\/\\\/vcycletech.com\\\/wp-content\\\/uploads\\\/2023\\\/03\\\/logo-vcycletech-1.png\",\"contentUrl\":\"https:\\\/\\\/vcycletech.com\\\/wp-content\\\/uploads\\\/2023\\\/03\\\/logo-vcycletech-1.png\",\"width\":600,\"height\":400,\"caption\":\"vcycletech\"},\"image\":{\"@id\":\"https:\\\/\\\/vcycletech.com\\\/#\\\/schema\\\/logo\\\/image\\\/\"}}]}<\/script>\n<!-- \/ Yoast SEO Premium plugin. -->","yoast_head_json":{"title":"EDTMP\u2022Na5 (\u00e9thyl\u00e8ne diamine t\u00e9tra) (acide m\u00e9thyl\u00e8ne phosphonique) (sel pentasodique) - vcycletech","description":"Cette centrale industrielle est utilis\u00e9e dans de nombreux domaines diff\u00e9rents, des syst\u00e8mes d&#039;eau de refroidissement sur les plates-formes p\u00e9troli\u00e8res et les navires aux ateliers de galvanoplastie. L&#039;efficacit\u00e9 de ce produit signifie qu&#039;il r\u00e9duira vos co\u00fbts d&#039;exploitation et vous fera \u00e9conomiser de l&#039;argent \u00e0 long terme. Il a \u00e9galement un faible impact environnemental en travaillant dur tout en g\u00e9rant les niveaux de gaspillage d&#039;eau.","robots":{"index":"index","follow":"follow","max-snippet":"max-snippet:-1","max-image-preview":"max-image-preview:large","max-video-preview":"max-video-preview:-1"},"canonical":"https:\/\/vcycletech.com\/fr\/produit\/edtmpna5ethylene-diamine-tetramethylene-phosphonique-acide-pentasodium-sel\/","og_locale":"fr_FR","og_type":"article","og_title":"EDTMP\u2022Na5(Ethylene Diamine Tetra)(Methylene Phosphonic Acid) (Pentasodium Salt)","og_description":"This industrial powerhouse is used in many different areas, from cooling water systems on oil rigs and ships to electroplating shops. The effectiveness of this product means it will reduce your operating costs and save money in the long run. It also has a low environmental impact by working hard yet still managing water waste levels.","og_url":"https:\/\/vcycletech.com\/fr\/produit\/edtmpna5ethylene-diamine-tetramethylene-phosphonique-acide-pentasodium-sel\/","og_site_name":"vcycletech","article_modified_time":"2023-03-18T03:52:07+00:00","og_image":[{"width":600,"height":600,"url":"https:\/\/vcycletech.com\/wp-content\/uploads\/2023\/03\/001-7.png","type":"image\/png"}],"twitter_card":"summary_large_image","twitter_misc":{"Dur\u00e9e de lecture estim\u00e9e":"3 minutes"},"schema":{"@context":"https:\/\/schema.org","@graph":[{"@type":"WebPage","@id":"https:\/\/vcycletech.com\/product\/edtmpna5ethylene-diamine-tetramethylene-phosphonic-acid-pentasodium-salt\/","url":"https:\/\/vcycletech.com\/product\/edtmpna5ethylene-diamine-tetramethylene-phosphonic-acid-pentasodium-salt\/","name":"EDTMP\u2022Na5 (\u00e9thyl\u00e8ne diamine t\u00e9tra) (acide m\u00e9thyl\u00e8ne phosphonique) (sel pentasodique) - vcycletech","isPartOf":{"@id":"https:\/\/vcycletech.com\/#website"},"primaryImageOfPage":{"@id":"https:\/\/vcycletech.com\/product\/edtmpna5ethylene-diamine-tetramethylene-phosphonic-acid-pentasodium-salt\/#primaryimage"},"image":{"@id":"https:\/\/vcycletech.com\/product\/edtmpna5ethylene-diamine-tetramethylene-phosphonic-acid-pentasodium-salt\/#primaryimage"},"thumbnailUrl":"https:\/\/vcycletech.com\/wp-content\/uploads\/2023\/03\/001-7.png","datePublished":"2023-03-18T03:50:37+00:00","dateModified":"2023-03-18T03:52:07+00:00","description":"Cette centrale industrielle est utilis\u00e9e dans de nombreux domaines diff\u00e9rents, des syst\u00e8mes d&#039;eau de refroidissement sur les plates-formes p\u00e9troli\u00e8res et les navires aux ateliers de galvanoplastie. L&#039;efficacit\u00e9 de ce produit signifie qu&#039;il r\u00e9duira vos co\u00fbts d&#039;exploitation et vous fera \u00e9conomiser de l&#039;argent \u00e0 long terme. Il a \u00e9galement un faible impact environnemental en travaillant dur tout en g\u00e9rant les niveaux de gaspillage d&#039;eau.","breadcrumb":{"@id":"https:\/\/vcycletech.com\/product\/edtmpna5ethylene-diamine-tetramethylene-phosphonic-acid-pentasodium-salt\/#breadcrumb"},"inLanguage":"fr-FR","potentialAction":[{"@type":"ReadAction","target":["https:\/\/vcycletech.com\/product\/edtmpna5ethylene-diamine-tetramethylene-phosphonic-acid-pentasodium-salt\/"]}]},{"@type":"ImageObject","inLanguage":"fr-FR","@id":"https:\/\/vcycletech.com\/product\/edtmpna5ethylene-diamine-tetramethylene-phosphonic-acid-pentasodium-salt\/#primaryimage","url":"https:\/\/vcycletech.com\/wp-content\/uploads\/2023\/03\/001-7.png","contentUrl":"https:\/\/vcycletech.com\/wp-content\/uploads\/2023\/03\/001-7.png","width":600,"height":600,"caption":"EDTMP\u2022Na5(Ethylene Diamine Tetra)(Methylene Phosphonic Acid) (Pentasodium Salt)"},{"@type":"BreadcrumbList","@id":"https:\/\/vcycletech.com\/product\/edtmpna5ethylene-diamine-tetramethylene-phosphonic-acid-pentasodium-salt\/#breadcrumb","itemListElement":[{"@type":"ListItem","position":1,"name":"Home","item":"https:\/\/vcycletech.com\/"},{"@type":"ListItem","position":2,"name":"Water Treatment Chemicals Manufacturer","item":"https:\/\/vcycletech.com\/water-treatment-chemicals-manufacturer\/"},{"@type":"ListItem","position":3,"name":"EDTMP\u2022Na5(Ethylene Diamine Tetra)(Methylene Phosphonic Acid) (Pentasodium Salt)"}]},{"@type":"WebSite","@id":"https:\/\/vcycletech.com\/#website","url":"https:\/\/vcycletech.com\/","name":"vcycletech","description":"Meilleur fournisseur de produits chimiques pour le traitement de l&#039;eau en Chine","publisher":{"@id":"https:\/\/vcycletech.com\/#organization"},"potentialAction":[{"@type":"SearchAction","target":{"@type":"EntryPoint","urlTemplate":"https:\/\/vcycletech.com\/?s={search_term_string}"},"query-input":{"@type":"PropertyValueSpecification","valueRequired":true,"valueName":"search_term_string"}}],"inLanguage":"fr-FR"},{"@type":"Organization","@id":"https:\/\/vcycletech.com\/#organization","name":"vcycletech","url":"https:\/\/vcycletech.com\/","logo":{"@type":"ImageObject","inLanguage":"fr-FR","@id":"https:\/\/vcycletech.com\/#\/schema\/logo\/image\/","url":"https:\/\/vcycletech.com\/wp-content\/uploads\/2023\/03\/logo-vcycletech-1.png","contentUrl":"https:\/\/vcycletech.com\/wp-content\/uploads\/2023\/03\/logo-vcycletech-1.png","width":600,"height":400,"caption":"vcycletech"},"image":{"@id":"https:\/\/vcycletech.com\/#\/schema\/logo\/image\/"}}]}},"_links":{"self":[{"href":"https:\/\/vcycletech.com\/fr\/wp-json\/wp\/v2\/product\/878","targetHints":{"allow":["GET"]}}],"collection":[{"href":"https:\/\/vcycletech.com\/fr\/wp-json\/wp\/v2\/product"}],"about":[{"href":"https:\/\/vcycletech.com\/fr\/wp-json\/wp\/v2\/types\/product"}],"wp:featuredmedia":[{"embeddable":true,"href":"https:\/\/vcycletech.com\/fr\/wp-json\/wp\/v2\/media\/903"}],"wp:attachment":[{"href":"https:\/\/vcycletech.com\/fr\/wp-json\/wp\/v2\/media?parent=878"}],"wp:term":[{"taxonomy":"product_brand","embeddable":true,"href":"https:\/\/vcycletech.com\/fr\/wp-json\/wp\/v2\/product_brand?post=878"},{"taxonomy":"product_cat","embeddable":true,"href":"https:\/\/vcycletech.com\/fr\/wp-json\/wp\/v2\/product_cat?post=878"},{"taxonomy":"product_tag","embeddable":true,"href":"https:\/\/vcycletech.com\/fr\/wp-json\/wp\/v2\/product_tag?post=878"}],"curies":[{"name":"wp","href":"https:\/\/api.w.org\/{rel}","templated":true}]}}