{"id":872,"date":"2023-03-18T02:30:21","date_gmt":"2023-03-18T02:30:21","guid":{"rendered":"https:\/\/vcycletech.com\/?post_type=product&#038;p=872"},"modified":"2023-03-27T07:11:13","modified_gmt":"2023-03-27T07:11:13","slug":"acide-ethylene-diamine-tetra-methylene-phosphonique-edtmpa-solide","status":"publish","type":"product","link":"https:\/\/vcycletech.com\/fr\/produit\/acide-ethylene-diamine-tetra-methylene-phosphonique-edtmpa-solide\/","title":{"rendered":"Ethyl\u00e8ne Diamine Tetra (Acide M\u00e9thyl\u00e8ne Phosphonique) EDTMPA (Solide)"},"content":{"rendered":"<h3>N\u00b0 CAS1429-50-1<\/h3>\n<h3>Formule mol\u00e9culaire : C6H20 N2O12P4<\/h3>\n<h3>Poids mol\u00e9culaire : 436,13<\/h3>\n<h3>Formule structurelle EDTMPA\u00a0:<\/h3>\n<p><img fetchpriority=\"high\" decoding=\"async\" class=\"alignnone wp-image-877\" src=\"https:\/\/vcycletech.com\/wp-content\/uploads\/2023\/03\/1-2.png\" alt=\"Formule structurelle EDTMPA\u00a0:\" width=\"335\" height=\"223\" \/><\/p>\n<h3>Propri\u00e9t\u00e9s:<\/h3>\n<p><strong>EDTMPA<\/strong> est une poudre cristalline blanche \u00e0 temp\u00e9rature ambiante, avec une forte capacit\u00e9 de ch\u00e9lation des ions m\u00e9talliques, encore plus importante que celle de l&#039;EDTA. Son point de fusion est compris entre 215 et 217\u2103, et sa solubilit\u00e9 dans l&#039;eau est inf\u00e9rieure \u00e0 5% \u00e0 temp\u00e9rature ambiante ; cependant, il peut facilement se dissoudre dans l&#039;ammoniac.<\/p>\n<p><img decoding=\"async\" class=\"alignnone size-full wp-image-890\" src=\"https:\/\/vcycletech.com\/wp-content\/uploads\/2023\/03\/Ethylene-Diamine-Tetra-Methylene-Phosphonic-Acid-EDTMPA-Solid-1.png\" alt=\"\u00c9thyl\u00e8ne diamine t\u00e9tra (acide m\u00e9thyl\u00e8ne phosphonique) EDTMPA (solide) -1\" width=\"600\" height=\"600\" srcset=\"https:\/\/vcycletech.com\/wp-content\/uploads\/2023\/03\/Ethylene-Diamine-Tetra-Methylene-Phosphonic-Acid-EDTMPA-Solid-1.png 600w, https:\/\/vcycletech.com\/wp-content\/uploads\/2023\/03\/Ethylene-Diamine-Tetra-Methylene-Phosphonic-Acid-EDTMPA-Solid-1-100x100.png 100w, https:\/\/vcycletech.com\/wp-content\/uploads\/2023\/03\/Ethylene-Diamine-Tetra-Methylene-Phosphonic-Acid-EDTMPA-Solid-1-300x300.png 300w, https:\/\/vcycletech.com\/wp-content\/uploads\/2023\/03\/Ethylene-Diamine-Tetra-Methylene-Phosphonic-Acid-EDTMPA-Solid-1-150x150.png 150w\" sizes=\"(max-width: 600px) 100vw, 600px\" \/><\/p>\n<p>Il a une large gamme d&#039;applications - il peut \u00eatre utilis\u00e9 comme d\u00e9tergent dans la production de puces semi-conductrices pour pr\u00e9parer des circuits int\u00e9gr\u00e9s ; il peut agir comme agent porteur de radio\u00e9l\u00e9ments dans l&#039;industrie m\u00e9dicale ; et il peut \u00e9galement \u00eatre utilis\u00e9 comme agent d&#039;inspection ou th\u00e9rapeutique.<\/p>\n<p><strong>EDTMPA<\/strong> pr\u00e9sente de multiples avantages par rapport aux autres agents ch\u00e9lateurs, tels que l&#039;EDTA et le DTPA. Il a un degr\u00e9 de puret\u00e9 plus \u00e9lev\u00e9 par rapport \u00e0 eux et il est non toxique, il peut donc presque compl\u00e8tement remplacer l&#039;EDTA \u00e0 des fins de ch\u00e9lation.<\/p>\n<h3><strong>EDTMPA <\/strong>Sp\u00e9cification:<\/h3>\n<div id=\"footable_parent_880\"\n         class=\"footable_parent ninja_table_wrapper loading_ninja_table wp_table_data_press_parent semantic_ui\">\n                <table data-ninja_table_instance=\"ninja_table_instance_0\" data-footable_id=\"880\" data-filter-delay=\"1000\" aria-label=\"\u00c9thyl\u00e8ne diamine t\u00e9tra (acide m\u00e9thyl\u00e8ne phosphonique) .csv\"            id=\"footable_880\"\n           data-unique_identifier=\"ninja_table_unique_id_2879394483_880\"\n           class=\"foo-table ninja_footable foo_table_880 ninja_table_unique_id_2879394483_880 ui table  nt_type_legacy_table selectable striped vertical_centered  footable-paging-right ninja_table_pro\">\n                <colgroup>\n                            <col class=\"ninja_column_0\">\n                            <col class=\"ninja_column_1\">\n                    <\/colgroup>\n        <thead>\n<tr class=\"footable-header\">\n                                        <th scope=\"col\"  class=\"ninja_column_0 ninja_clmn_nm_items\">articles<\/th><th scope=\"col\"  class=\"ninja_column_1 ninja_clmn_nm_index\">indice<\/th><\/tr>\n<\/thead>\n<tbody>\n\n        <tr data-row_id=\"88\" class=\"ninja_table_row_0 nt_row_id_88\">\n            <td>Apparence<\/td><td>Poudre de cristal blanc<\/td>        <\/tr>\n            <tr data-row_id=\"89\" class=\"ninja_table_row_1 nt_row_id_89\">\n            <td>Acide actif %<\/td><td>95.0min<\/td>        <\/tr>\n            <tr data-row_id=\"90\" class=\"ninja_table_row_2 nt_row_id_90\">\n            <td>Acide phosphonique total (comme PO43-) %<\/td><td>82,0 minutes<\/td>        <\/tr>\n            <tr data-row_id=\"91\" class=\"ninja_table_row_3 nt_row_id_91\">\n            <td>S\u00e9cheresse perte de poids %<\/td><td>2,0 maximum<\/td>        <\/tr>\n            <tr data-row_id=\"92\" class=\"ninja_table_row_4 nt_row_id_92\">\n            <td>Fe ppm<\/td><td>5 maximum<\/td>        <\/tr>\n            <tr data-row_id=\"93\" class=\"ninja_table_row_5 nt_row_id_93\">\n            <td>Cl %<\/td><td>0,1 maximum<\/td>        <\/tr>\n            <tr data-row_id=\"94\" class=\"ninja_table_row_6 nt_row_id_94\">\n            <td>pH\uff08solution \u00e0 1\uff05\uff09<\/td><td>2,0 maximum<\/td>        <\/tr>\n    <\/tbody><!--ninja_tobody_rendering_done-->\n    <\/table>\n    \n    \n    \n<\/div>\n\n<h3>Comment emballer et stocker\u00a0: Acide \u00e9thyl\u00e8ne diamine t\u00e9tra m\u00e9thyl\u00e8ne phosphonique<\/h3>\n<p>L&#039;acide phosphonique ETHYDENETM doit \u00eatre stock\u00e9 dans un endroit frais et sec, de pr\u00e9f\u00e9rence en dessous de 25\u00b0C (77\u00b0F). Il doit \u00eatre tenu \u00e0 l&#039;abri de la lumi\u00e8re directe du soleil et de l&#039;humidit\u00e9 ou des sources de chaleur. Comme pour tous les produits chimiques, il est pr\u00e9f\u00e9rable de garder le r\u00e9cipient herm\u00e9tiquement ferm\u00e9 lorsqu&#039;il n&#039;est pas utilis\u00e9. Si possible, stockez le produit chimique \u00e0 une temp\u00e9rature et une pression id\u00e9ales prescrites sur l&#039;\u00e9tiquette du produit. De plus, il est essentiel d&#039;\u00e9viter la contamination lors de la manipulation ; des gants et autres \u00e9quipements de protection doivent \u00eatre port\u00e9s pour \u00e9viter tout contact avec la peau ou les yeux.<\/p>\n<h3>FAQ sur l&#039;\u00e9thyl\u00e8ne diamine t\u00e9tra (acide m\u00e9thyl\u00e8ne phosphonique) EDTMPA (solide)<\/h3>\n<p>&nbsp;<\/p>\n<h4>Qu&#039;est-ce que l&#039;EDTMPA (solide)\u00a0?<\/h4>\n<p>L&#039;\u00e9thyl\u00e8ne diamine t\u00e9tra (acide m\u00e9thyl\u00e8ne phosphonique) EDTMPA (solide) est un compos\u00e9 solide \u00e0 base de phosphore blanc utilis\u00e9 comme agent ch\u00e9latant et inhibiteur de corrosion. Il est insoluble dans l&#039;eau et a un poids mol\u00e9culaire de 376,37 g\/mol.<\/p>\n<h4>Quelles sont les utilisations de l&#039;EDTMPA (Solide)\u00a0?<\/h4>\n<p>L&#039;EDTMPA (solide) est un agent ch\u00e9latant dans les syst\u00e8mes de traitement de l&#039;eau et de chaudi\u00e8res. C&#039;est \u00e9galement un inhibiteur de corrosion dans les fluides de travail des m\u00e9taux, les eaux des tours de refroidissement et les syst\u00e8mes de papeterie.<\/p>\n<h4>Comment fonctionne EDTMPA (solide)\u00a0?<\/h4>\n<p>L&#039;EDTMPA (solide) forme des complexes avec les ions m\u00e9talliques en solution, emp\u00eachant les ions m\u00e9talliques d&#039;interagir avec d&#039;autres mol\u00e9cules. Cela inhibe la corrosion et la formation de tartre et aide \u00e0 garder propres les eaux de la chaudi\u00e8re et de la tour de refroidissement.<\/p>\n<h4>Quels sont les probl\u00e8mes de s\u00e9curit\u00e9 associ\u00e9s \u00e0 l&#039;EDTMPA (solide)\u00a0?<\/h4>\n<p>L&#039;EDTMPA (solide) est consid\u00e9r\u00e9 comme un compos\u00e9 \u00e0 faible toxicit\u00e9 et ne devrait pas nuire \u00e0 la sant\u00e9 humaine aux niveaux d&#039;utilisation recommand\u00e9s. Cependant, il doit \u00eatre manipul\u00e9 avec pr\u00e9caution car il peut provoquer une irritation de la peau et des yeux.<\/p>\n<h4>O\u00f9 puis-je acheter de l&#039;EDTMPA (solide)\u00a0?<\/h4>\n<p>L&#039;EDTMPA (solide) est disponible aupr\u00e8s des fournisseurs de produits chimiques ou des d\u00e9taillants en ligne, exemple\u00a0: vcycletech<\/p>\n<p><a href=\"https:\/\/vcycletech.com\/fr\/categorie-de-produit\/phosphonates-antitartre-inhibiteur-de-corrosion\/\">Obtenez la solution compl\u00e8te d&#039;antitartre et d&#039;inhibiteur de corrosion aux phosphonates<\/a><\/p>","protected":false},"excerpt":{"rendered":"<p><strong>\u00c9thyl\u00e8ne diamine t\u00e9tra (acide m\u00e9thyl\u00e8ne phosphonique), EDTMPA<\/strong>, est une poudre cristalline blanche \u00e0 temp\u00e9rature ambiante. Il a un point de fusion de 215-217\u2103 et est difficile \u00e0 dissoudre dans l&#039;eau. <strong>EDTMPA<\/strong> a une solide capacit\u00e9 \u00e0 ch\u00e9later les ions m\u00e9talliques, et sa constante de complexation avec un ion cuivre est la plus grande de tous les agents ch\u00e9latants. Il peut \u00eatre utilis\u00e9 comme complexe avec le samarium radioactif comme radiopharmaceutique dans la recherche sur le cancer, et il fait \u00e9galement partie d&#039;un inhibiteur de corrosion cathodique. En outre, <strong>EDTMPA<\/strong> a des applications dans le traitement de l&#039;eau, les produits chimiques pour champs p\u00e9trolif\u00e8res et d&#039;autres industries.<\/p>","protected":false},"featured_media":889,"template":"","meta":{"site-sidebar-layout":"default","site-content-layout":"default","ast-site-content-layout":"default","site-content-style":"default","site-sidebar-style":"default","ast-global-header-display":"","ast-banner-title-visibility":"","ast-main-header-display":"","ast-hfb-above-header-display":"","ast-hfb-below-header-display":"","ast-hfb-mobile-header-display":"","site-post-title":"","ast-breadcrumbs-content":"","ast-featured-img":"","footer-sml-layout":"","ast-disable-related-posts":"","theme-transparent-header-meta":"default","adv-header-id-meta":"","stick-header-meta":"default","header-above-stick-meta":"","header-main-stick-meta":"","header-below-stick-meta":"","astra-migrate-meta-layouts":"default","ast-page-background-enabled":"default","ast-page-background-meta":{"desktop":{"background-color":"","background-image":"","background-repeat":"repeat","background-position":"center center","background-size":"auto","background-attachment":"scroll","background-type":"","background-media":"","overlay-type":"","overlay-color":"","overlay-opacity":"","overlay-gradient":""},"tablet":{"background-color":"","background-image":"","background-repeat":"repeat","background-position":"center center","background-size":"auto","background-attachment":"scroll","background-type":"","background-media":"","overlay-type":"","overlay-color":"","overlay-opacity":"","overlay-gradient":""},"mobile":{"background-color":"","background-image":"","background-repeat":"repeat","background-position":"center center","background-size":"auto","background-attachment":"scroll","background-type":"","background-media":"","overlay-type":"","overlay-color":"","overlay-opacity":"","overlay-gradient":""}},"ast-content-background-meta":{"desktop":{"background-color":"var(--ast-global-color-5)","background-image":"","background-repeat":"repeat","background-position":"center center","background-size":"auto","background-attachment":"scroll","background-type":"","background-media":"","overlay-type":"","overlay-color":"","overlay-opacity":"","overlay-gradient":""},"tablet":{"background-color":"var(--ast-global-color-5)","background-image":"","background-repeat":"repeat","background-position":"center center","background-size":"auto","background-attachment":"scroll","background-type":"","background-media":"","overlay-type":"","overlay-color":"","overlay-opacity":"","overlay-gradient":""},"mobile":{"background-color":"var(--ast-global-color-5)","background-image":"","background-repeat":"repeat","background-position":"center center","background-size":"auto","background-attachment":"scroll","background-type":"","background-media":"","overlay-type":"","overlay-color":"","overlay-opacity":"","overlay-gradient":""}}},"product_brand":[],"product_cat":[15],"product_tag":[],"class_list":{"0":"post-872","1":"product","2":"type-product","3":"status-publish","4":"has-post-thumbnail","6":"product_cat-phosphonates-antiscalant-corrosion-inhibitor","7":"desktop-align-left","8":"tablet-align-left","9":"mobile-align-left","10":"ast-product-gallery-layout-horizontal-slider","11":"ast-product-gallery-with-no-image","12":"ast-product-tabs-layout-horizontal","14":"first","15":"instock","16":"shipping-taxable","17":"product-type-simple"},"yoast_head":"<!-- This site is optimized with the Yoast SEO Premium plugin v26.3 (Yoast SEO v27.3) - https:\/\/yoast.com\/product\/yoast-seo-premium-wordpress\/ -->\n<title>EDTMPA | Ethylene Diamine Tetra (Methylene Phosphonic Acid) (Solid)<\/title>\n<meta name=\"description\" content=\"Buy Ethylene Diamine Tetra (Methylene Phosphonic Acid) EDTMPA (Solid) at best price. We offers wide range of high quality industrial chemicals. Fast shipping to your door.\" \/>\n<meta name=\"robots\" content=\"index, follow, max-snippet:-1, max-image-preview:large, max-video-preview:-1\" \/>\n<link rel=\"canonical\" href=\"https:\/\/vcycletech.com\/fr\/produit\/acide-ethylene-diamine-tetra-methylene-phosphonique-edtmpa-solide\/\" \/>\n<meta property=\"og:locale\" content=\"fr_FR\" \/>\n<meta property=\"og:type\" content=\"article\" \/>\n<meta property=\"og:title\" content=\"Ethylene Diamine Tetra (Methylene Phosphonic Acid) EDTMPA (Solid)\" \/>\n<meta property=\"og:description\" content=\"Buy Ethylene Diamine Tetra (Methylene Phosphonic Acid) EDTMPA (Solid) at best price. We offers wide range of high quality industrial chemicals. Fast shipping to your door.\" \/>\n<meta property=\"og:url\" content=\"https:\/\/vcycletech.com\/fr\/produit\/acide-ethylene-diamine-tetra-methylene-phosphonique-edtmpa-solide\/\" \/>\n<meta property=\"og:site_name\" content=\"vcycletech\" \/>\n<meta property=\"article:modified_time\" content=\"2023-03-27T07:11:13+00:00\" \/>\n<meta property=\"og:image\" content=\"https:\/\/vcycletech.com\/wp-content\/uploads\/2023\/03\/1-4.png\" \/>\n\t<meta property=\"og:image:width\" content=\"600\" \/>\n\t<meta property=\"og:image:height\" content=\"600\" \/>\n\t<meta property=\"og:image:type\" content=\"image\/png\" \/>\n<meta name=\"twitter:card\" content=\"summary_large_image\" \/>\n<meta name=\"twitter:label1\" content=\"Dur\u00e9e de lecture estim\u00e9e\" \/>\n\t<meta name=\"twitter:data1\" content=\"3 minutes\" \/>\n<script type=\"application\/ld+json\" class=\"yoast-schema-graph\">{\"@context\":\"https:\\\/\\\/schema.org\",\"@graph\":[{\"@type\":\"WebPage\",\"@id\":\"https:\\\/\\\/vcycletech.com\\\/product\\\/ethylene-diamine-tetra-methylene-phosphonic-acid-edtmpa-solid\\\/\",\"url\":\"https:\\\/\\\/vcycletech.com\\\/product\\\/ethylene-diamine-tetra-methylene-phosphonic-acid-edtmpa-solid\\\/\",\"name\":\"EDTMPA | Ethylene Diamine Tetra (Methylene Phosphonic Acid) (Solid)\",\"isPartOf\":{\"@id\":\"https:\\\/\\\/vcycletech.com\\\/#website\"},\"primaryImageOfPage\":{\"@id\":\"https:\\\/\\\/vcycletech.com\\\/product\\\/ethylene-diamine-tetra-methylene-phosphonic-acid-edtmpa-solid\\\/#primaryimage\"},\"image\":{\"@id\":\"https:\\\/\\\/vcycletech.com\\\/product\\\/ethylene-diamine-tetra-methylene-phosphonic-acid-edtmpa-solid\\\/#primaryimage\"},\"thumbnailUrl\":\"https:\\\/\\\/vcycletech.com\\\/wp-content\\\/uploads\\\/2023\\\/03\\\/1-4.png\",\"datePublished\":\"2023-03-18T02:30:21+00:00\",\"dateModified\":\"2023-03-27T07:11:13+00:00\",\"description\":\"Buy Ethylene Diamine Tetra (Methylene Phosphonic Acid) EDTMPA (Solid) at best price. We offers wide range of high quality industrial chemicals. Fast shipping to your door.\",\"breadcrumb\":{\"@id\":\"https:\\\/\\\/vcycletech.com\\\/product\\\/ethylene-diamine-tetra-methylene-phosphonic-acid-edtmpa-solid\\\/#breadcrumb\"},\"inLanguage\":\"fr-FR\",\"potentialAction\":[{\"@type\":\"ReadAction\",\"target\":[\"https:\\\/\\\/vcycletech.com\\\/product\\\/ethylene-diamine-tetra-methylene-phosphonic-acid-edtmpa-solid\\\/\"]}]},{\"@type\":\"ImageObject\",\"inLanguage\":\"fr-FR\",\"@id\":\"https:\\\/\\\/vcycletech.com\\\/product\\\/ethylene-diamine-tetra-methylene-phosphonic-acid-edtmpa-solid\\\/#primaryimage\",\"url\":\"https:\\\/\\\/vcycletech.com\\\/wp-content\\\/uploads\\\/2023\\\/03\\\/1-4.png\",\"contentUrl\":\"https:\\\/\\\/vcycletech.com\\\/wp-content\\\/uploads\\\/2023\\\/03\\\/1-4.png\",\"width\":600,\"height\":600,\"caption\":\"Ethylene Diamine Tetra (Methylene Phosphonic Acid) EDTMPA (Solid)\"},{\"@type\":\"BreadcrumbList\",\"@id\":\"https:\\\/\\\/vcycletech.com\\\/product\\\/ethylene-diamine-tetra-methylene-phosphonic-acid-edtmpa-solid\\\/#breadcrumb\",\"itemListElement\":[{\"@type\":\"ListItem\",\"position\":1,\"name\":\"Home\",\"item\":\"https:\\\/\\\/vcycletech.com\\\/\"},{\"@type\":\"ListItem\",\"position\":2,\"name\":\"Water Treatment Chemicals Manufacturer\",\"item\":\"https:\\\/\\\/vcycletech.com\\\/water-treatment-chemicals-manufacturer\\\/\"},{\"@type\":\"ListItem\",\"position\":3,\"name\":\"Ethylene Diamine Tetra (Methylene Phosphonic Acid) EDTMPA (Solid)\"}]},{\"@type\":\"WebSite\",\"@id\":\"https:\\\/\\\/vcycletech.com\\\/#website\",\"url\":\"https:\\\/\\\/vcycletech.com\\\/\",\"name\":\"vcycletech\",\"description\":\"China&#039;s top water treatment chemicals supplier\",\"publisher\":{\"@id\":\"https:\\\/\\\/vcycletech.com\\\/#organization\"},\"potentialAction\":[{\"@type\":\"SearchAction\",\"target\":{\"@type\":\"EntryPoint\",\"urlTemplate\":\"https:\\\/\\\/vcycletech.com\\\/?s={search_term_string}\"},\"query-input\":{\"@type\":\"PropertyValueSpecification\",\"valueRequired\":true,\"valueName\":\"search_term_string\"}}],\"inLanguage\":\"fr-FR\"},{\"@type\":\"Organization\",\"@id\":\"https:\\\/\\\/vcycletech.com\\\/#organization\",\"name\":\"vcycletech\",\"url\":\"https:\\\/\\\/vcycletech.com\\\/\",\"logo\":{\"@type\":\"ImageObject\",\"inLanguage\":\"fr-FR\",\"@id\":\"https:\\\/\\\/vcycletech.com\\\/#\\\/schema\\\/logo\\\/image\\\/\",\"url\":\"https:\\\/\\\/vcycletech.com\\\/wp-content\\\/uploads\\\/2023\\\/03\\\/logo-vcycletech-1.png\",\"contentUrl\":\"https:\\\/\\\/vcycletech.com\\\/wp-content\\\/uploads\\\/2023\\\/03\\\/logo-vcycletech-1.png\",\"width\":600,\"height\":400,\"caption\":\"vcycletech\"},\"image\":{\"@id\":\"https:\\\/\\\/vcycletech.com\\\/#\\\/schema\\\/logo\\\/image\\\/\"}}]}<\/script>\n<!-- \/ Yoast SEO Premium plugin. -->","yoast_head_json":{"title":"EDTMPA | \u00c9thyl\u00e8ne diamine t\u00e9tra (acide m\u00e9thyl\u00e8ne phosphonique) (solide)","description":"Acheter Ethyl\u00e8ne Diamine Tetra (Acide M\u00e9thyl\u00e8ne Phosphonique) EDTMPA (Solide) au meilleur prix. Nous proposons une large gamme de produits chimiques industriels de haute qualit\u00e9. Exp\u00e9dition rapide \u00e0 votre porte.","robots":{"index":"index","follow":"follow","max-snippet":"max-snippet:-1","max-image-preview":"max-image-preview:large","max-video-preview":"max-video-preview:-1"},"canonical":"https:\/\/vcycletech.com\/fr\/produit\/acide-ethylene-diamine-tetra-methylene-phosphonique-edtmpa-solide\/","og_locale":"fr_FR","og_type":"article","og_title":"Ethylene Diamine Tetra (Methylene Phosphonic Acid) EDTMPA (Solid)","og_description":"Buy Ethylene Diamine Tetra (Methylene Phosphonic Acid) EDTMPA (Solid) at best price. We offers wide range of high quality industrial chemicals. Fast shipping to your door.","og_url":"https:\/\/vcycletech.com\/fr\/produit\/acide-ethylene-diamine-tetra-methylene-phosphonique-edtmpa-solide\/","og_site_name":"vcycletech","article_modified_time":"2023-03-27T07:11:13+00:00","og_image":[{"width":600,"height":600,"url":"https:\/\/vcycletech.com\/wp-content\/uploads\/2023\/03\/1-4.png","type":"image\/png"}],"twitter_card":"summary_large_image","twitter_misc":{"Dur\u00e9e de lecture estim\u00e9e":"3 minutes"},"schema":{"@context":"https:\/\/schema.org","@graph":[{"@type":"WebPage","@id":"https:\/\/vcycletech.com\/product\/ethylene-diamine-tetra-methylene-phosphonic-acid-edtmpa-solid\/","url":"https:\/\/vcycletech.com\/product\/ethylene-diamine-tetra-methylene-phosphonic-acid-edtmpa-solid\/","name":"EDTMPA | \u00c9thyl\u00e8ne diamine t\u00e9tra (acide m\u00e9thyl\u00e8ne phosphonique) (solide)","isPartOf":{"@id":"https:\/\/vcycletech.com\/#website"},"primaryImageOfPage":{"@id":"https:\/\/vcycletech.com\/product\/ethylene-diamine-tetra-methylene-phosphonic-acid-edtmpa-solid\/#primaryimage"},"image":{"@id":"https:\/\/vcycletech.com\/product\/ethylene-diamine-tetra-methylene-phosphonic-acid-edtmpa-solid\/#primaryimage"},"thumbnailUrl":"https:\/\/vcycletech.com\/wp-content\/uploads\/2023\/03\/1-4.png","datePublished":"2023-03-18T02:30:21+00:00","dateModified":"2023-03-27T07:11:13+00:00","description":"Acheter Ethyl\u00e8ne Diamine Tetra (Acide M\u00e9thyl\u00e8ne Phosphonique) EDTMPA (Solide) au meilleur prix. Nous proposons une large gamme de produits chimiques industriels de haute qualit\u00e9. Exp\u00e9dition rapide \u00e0 votre porte.","breadcrumb":{"@id":"https:\/\/vcycletech.com\/product\/ethylene-diamine-tetra-methylene-phosphonic-acid-edtmpa-solid\/#breadcrumb"},"inLanguage":"fr-FR","potentialAction":[{"@type":"ReadAction","target":["https:\/\/vcycletech.com\/product\/ethylene-diamine-tetra-methylene-phosphonic-acid-edtmpa-solid\/"]}]},{"@type":"ImageObject","inLanguage":"fr-FR","@id":"https:\/\/vcycletech.com\/product\/ethylene-diamine-tetra-methylene-phosphonic-acid-edtmpa-solid\/#primaryimage","url":"https:\/\/vcycletech.com\/wp-content\/uploads\/2023\/03\/1-4.png","contentUrl":"https:\/\/vcycletech.com\/wp-content\/uploads\/2023\/03\/1-4.png","width":600,"height":600,"caption":"Ethylene Diamine Tetra (Methylene Phosphonic Acid) EDTMPA (Solid)"},{"@type":"BreadcrumbList","@id":"https:\/\/vcycletech.com\/product\/ethylene-diamine-tetra-methylene-phosphonic-acid-edtmpa-solid\/#breadcrumb","itemListElement":[{"@type":"ListItem","position":1,"name":"Home","item":"https:\/\/vcycletech.com\/"},{"@type":"ListItem","position":2,"name":"Water Treatment Chemicals Manufacturer","item":"https:\/\/vcycletech.com\/water-treatment-chemicals-manufacturer\/"},{"@type":"ListItem","position":3,"name":"Ethylene Diamine Tetra (Methylene Phosphonic Acid) EDTMPA (Solid)"}]},{"@type":"WebSite","@id":"https:\/\/vcycletech.com\/#website","url":"https:\/\/vcycletech.com\/","name":"vcycletech","description":"Meilleur fournisseur de produits chimiques pour le traitement de l&#039;eau en Chine","publisher":{"@id":"https:\/\/vcycletech.com\/#organization"},"potentialAction":[{"@type":"SearchAction","target":{"@type":"EntryPoint","urlTemplate":"https:\/\/vcycletech.com\/?s={search_term_string}"},"query-input":{"@type":"PropertyValueSpecification","valueRequired":true,"valueName":"search_term_string"}}],"inLanguage":"fr-FR"},{"@type":"Organization","@id":"https:\/\/vcycletech.com\/#organization","name":"vcycletech","url":"https:\/\/vcycletech.com\/","logo":{"@type":"ImageObject","inLanguage":"fr-FR","@id":"https:\/\/vcycletech.com\/#\/schema\/logo\/image\/","url":"https:\/\/vcycletech.com\/wp-content\/uploads\/2023\/03\/logo-vcycletech-1.png","contentUrl":"https:\/\/vcycletech.com\/wp-content\/uploads\/2023\/03\/logo-vcycletech-1.png","width":600,"height":400,"caption":"vcycletech"},"image":{"@id":"https:\/\/vcycletech.com\/#\/schema\/logo\/image\/"}}]}},"_links":{"self":[{"href":"https:\/\/vcycletech.com\/fr\/wp-json\/wp\/v2\/product\/872","targetHints":{"allow":["GET"]}}],"collection":[{"href":"https:\/\/vcycletech.com\/fr\/wp-json\/wp\/v2\/product"}],"about":[{"href":"https:\/\/vcycletech.com\/fr\/wp-json\/wp\/v2\/types\/product"}],"wp:featuredmedia":[{"embeddable":true,"href":"https:\/\/vcycletech.com\/fr\/wp-json\/wp\/v2\/media\/889"}],"wp:attachment":[{"href":"https:\/\/vcycletech.com\/fr\/wp-json\/wp\/v2\/media?parent=872"}],"wp:term":[{"taxonomy":"product_brand","embeddable":true,"href":"https:\/\/vcycletech.com\/fr\/wp-json\/wp\/v2\/product_brand?post=872"},{"taxonomy":"product_cat","embeddable":true,"href":"https:\/\/vcycletech.com\/fr\/wp-json\/wp\/v2\/product_cat?post=872"},{"taxonomy":"product_tag","embeddable":true,"href":"https:\/\/vcycletech.com\/fr\/wp-json\/wp\/v2\/product_tag?post=872"}],"curies":[{"name":"wp","href":"https:\/\/api.w.org\/{rel}","templated":true}]}}