{"id":859,"date":"2023-03-17T08:46:07","date_gmt":"2023-03-17T08:46:07","guid":{"rendered":"https:\/\/vcycletech.com\/?post_type=product&#038;p=859"},"modified":"2023-03-18T01:46:20","modified_gmt":"2023-03-18T01:46:20","slug":"sel-de-sodium-de-lacide-edtmpsethylene-diamine-tetra-methylene-phosphonique","status":"publish","type":"product","link":"https:\/\/vcycletech.com\/fr\/produit\/sel-de-sodium-de-lacide-edtmpsethylene-diamine-tetra-methylene-phosphonique\/","title":{"rendered":"EDTMPS (\u00e9thyl\u00e8ne diamine t\u00e9tra) (acide m\u00e9thyl\u00e8ne phosphonique) (sel de sodium)"},"content":{"rendered":"<h3>N\u00b0 CAS 1429-50-1<\/h3>\n<h3>Formule mol\u00e9culaire : C6H12O12N2P4Na8<\/h3>\n<h3>Poids mol\u00e9culaire\u00a0: 612,13<\/h3>\n<h3>Formule structurelle:<\/h3>\n<figure id=\"attachment_864\" aria-describedby=\"caption-attachment-864\" style=\"width: 600px\" class=\"wp-caption alignnone\"><img fetchpriority=\"high\" decoding=\"async\" class=\"size-full wp-image-864\" src=\"https:\/\/vcycletech.com\/wp-content\/uploads\/2023\/03\/004-3.png\" alt=\"EDTMPS\" width=\"600\" height=\"600\" srcset=\"https:\/\/vcycletech.com\/wp-content\/uploads\/2023\/03\/004-3.png 600w, https:\/\/vcycletech.com\/wp-content\/uploads\/2023\/03\/004-3-100x100.png 100w, https:\/\/vcycletech.com\/wp-content\/uploads\/2023\/03\/004-3-300x300.png 300w, https:\/\/vcycletech.com\/wp-content\/uploads\/2023\/03\/004-3-150x150.png 150w\" sizes=\"(max-width: 600px) 100vw, 600px\" \/><figcaption id=\"caption-attachment-864\" class=\"wp-caption-text\">EDTMPS<\/figcaption><\/figure>\n<h3>Propri\u00e9t\u00e9s:<\/h3>\n<p><strong>EDTMPS<\/strong> est un acide polyphosphorique organique azot\u00e9 et un puissant inhibiteur de corrosion cathodique qui peut \u00eatre dissous dans l&#039;eau, ce qui le rend inoffensif et non polluant. Ce produit chimique a une stabilit\u00e9 et une tol\u00e9rance exceptionnelles aux conditions thermiques, affichant une puissante inhibition du tartre \u00e0 des temp\u00e9ratures allant jusqu&#039;\u00e0 200 \u2103. En outre, <strong>EDTMPS<\/strong> peut se dissocier en 8 ions positifs-n\u00e9gatifs, qu&#039;il utilise pour ch\u00e9later avec plusieurs ions m\u00e9talliques formant des complexes de r\u00e9ticulation polym\u00e8re qui perturbent la cristallisation normale du tartre de calcium. De plus, cet acide a une efficacit\u00e9 sur le sulfate de calcium et de baryum, fournissant des effets antitartre plus efficaces que les polyphosphates inorganiques conventionnels.<\/p>\n<h3>Sp\u00e9cification:<\/h3>\n<div id=\"footable_parent_865\"\n         class=\"footable_parent ninja_table_wrapper loading_ninja_table wp_table_data_press_parent semantic_ui\">\n                <table data-ninja_table_instance=\"ninja_table_instance_0\" data-footable_id=\"865\" data-filter-delay=\"1000\" aria-label=\"EDTMPS.csv\"            id=\"footable_865\"\n           data-unique_identifier=\"ninja_table_unique_id_4248325126_865\"\n           class=\"foo-table ninja_footable foo_table_865 ninja_table_unique_id_4248325126_865 ui table  nt_type_legacy_table selectable striped vertical_centered  footable-paging-right ninja_table_pro\">\n                <colgroup>\n                            <col class=\"ninja_column_0\">\n                            <col class=\"ninja_column_1\">\n                    <\/colgroup>\n        <thead>\n<tr class=\"footable-header\">\n                                        <th scope=\"col\"  class=\"ninja_column_0 ninja_clmn_nm_items\">articles<\/th><th scope=\"col\"  class=\"ninja_column_1 ninja_clmn_nm_index\">indice<\/th><\/tr>\n<\/thead>\n<tbody>\n\n        <tr data-row_id=\"72\" class=\"ninja_table_row_0 nt_row_id_72\">\n            <td>Apparence<\/td><td>Liquide clair jaune \u00e0 ombre transparent<\/td>        <\/tr>\n            <tr data-row_id=\"73\" class=\"ninja_table_row_1 nt_row_id_73\">\n            <td>Composant actif (EDTMPS)% <\/td><td>28.0min<\/td>        <\/tr>\n            <tr data-row_id=\"74\" class=\"ninja_table_row_2 nt_row_id_74\">\n            <td>Acide phosphonique organique (asPO43- )%<\/td><td>10.0min<\/td>        <\/tr>\n            <tr data-row_id=\"75\" class=\"ninja_table_row_3 nt_row_id_75\">\n            <td>Acide phosphoreux (comme PO33-)%<\/td><td>5.0max<\/td>        <\/tr>\n            <tr data-row_id=\"76\" class=\"ninja_table_row_4 nt_row_id_76\">\n            <td>Acide phosphorique (asPO43- )%<\/td><td>1.0max<\/td>        <\/tr>\n            <tr data-row_id=\"77\" class=\"ninja_table_row_5 nt_row_id_77\">\n            <td>pH (solution aqueuse 1%)<\/td><td>9.5-10.5<\/td>        <\/tr>\n            <tr data-row_id=\"78\" class=\"ninja_table_row_6 nt_row_id_78\">\n            <td>Densit\u00e9 (20\u2103) g\/cm3<\/td><td>1.25min<\/td>        <\/tr>\n            <tr data-row_id=\"79\" class=\"ninja_table_row_7 nt_row_id_79\">\n            <td>Chlorure (Cl-) % <\/td><td>3.0max<\/td>        <\/tr>\n    <\/tbody><!--ninja_tobody_rendering_done-->\n    <\/table>\n    \n    \n    \n<\/div>\n\n<h3>Usage:<\/h3>\n<p><strong>EDTMPS<\/strong> peut \u00eatre utilis\u00e9 comme inhibiteur de corrosion dans les syst\u00e8mes de circulation d&#039;eau froide et les chaudi\u00e8res tout en fonctionnant uniquement avec la concentration recommand\u00e9e de 2 \u00e0 10 mg\/L. Ce ch\u00e9late de m\u00e9tal de transition organique est un agent ch\u00e9latant id\u00e9al pour les op\u00e9rations de galvanoplastie sans cyanog\u00e8ne et a \u00e9t\u00e9 test\u00e9 comme additif adoucissant l&#039;eau dans les op\u00e9rations d&#039;impression et de teinture. De plus, <strong>EDTMPS<\/strong> est \u00e9galement compatible avec HPMA, BTA, PAAS et le sel de zinc lors du m\u00e9lange selon un rapport pr\u00e9d\u00e9termin\u00e9 de 1:3 ETDMP : HPMA pour une performance plus efficace de la chaudi\u00e8re basse pression.<\/p>\n<h3>Emballage et stockage\u00a0:<\/h3>\n<p>F\u00fbt en plastique 200L, IBC (1000L), exigence des clients. Stockage pendant dix mois dans une pi\u00e8ce ombrag\u00e9e et un endroit sec.<\/p>\n<p><a href=\"https:\/\/vcycletech.com\/fr\/phosphonates\/\"><strong>Obtenez la solution compl\u00e8te de phosphonates.<\/strong><\/a><\/p>","protected":false},"excerpt":{"rendered":"<p><strong>EDTMPS (\u00e9thyl\u00e8ne diamine t\u00e9tra) (acide m\u00e9thyl\u00e8ne phosphonique) (sel de sodium)<\/strong> est un liquide transparent incolore \u00e0 jaune clair avec une faible odeur d&#039;ammoniaque. Il est soluble dans l&#039;eau et la glyc\u00e9rine et l\u00e9g\u00e8rement soluble dans l&#039;\u00e9thanol. Il est principalement utilis\u00e9 pour la production de d\u00e9tergents, d&#039;agents de durcissement pour r\u00e9sine synth\u00e9tique, d&#039;agents auxiliaires d&#039;impression textile et d&#039;agents de r\u00e9sistance \u00e0 l&#039;humidit\u00e9 pour l&#039;industrie du papier.<br \/>\nNotre \u00e9quipe d\u2019experts est l\u00e0 pour vous aider \u00e0 trouver la solution parfaite pour vos besoins. Contactez-nous d\u00e8s aujourd&#039;hui pour en savoir plus sur nos produits et comment nous pouvons vous aider \u00e0 am\u00e9liorer votre entreprise. Vous ne serez pas d\u00e9\u00e7u !<\/p>","protected":false},"featured_media":861,"template":"","meta":{"site-sidebar-layout":"default","site-content-layout":"default","ast-site-content-layout":"default","site-content-style":"default","site-sidebar-style":"default","ast-global-header-display":"","ast-banner-title-visibility":"","ast-main-header-display":"","ast-hfb-above-header-display":"","ast-hfb-below-header-display":"","ast-hfb-mobile-header-display":"","site-post-title":"","ast-breadcrumbs-content":"","ast-featured-img":"","footer-sml-layout":"","ast-disable-related-posts":"","theme-transparent-header-meta":"default","adv-header-id-meta":"","stick-header-meta":"default","header-above-stick-meta":"","header-main-stick-meta":"","header-below-stick-meta":"","astra-migrate-meta-layouts":"default","ast-page-background-enabled":"default","ast-page-background-meta":{"desktop":{"background-color":"","background-image":"","background-repeat":"repeat","background-position":"center center","background-size":"auto","background-attachment":"scroll","background-type":"","background-media":"","overlay-type":"","overlay-color":"","overlay-opacity":"","overlay-gradient":""},"tablet":{"background-color":"","background-image":"","background-repeat":"repeat","background-position":"center center","background-size":"auto","background-attachment":"scroll","background-type":"","background-media":"","overlay-type":"","overlay-color":"","overlay-opacity":"","overlay-gradient":""},"mobile":{"background-color":"","background-image":"","background-repeat":"repeat","background-position":"center center","background-size":"auto","background-attachment":"scroll","background-type":"","background-media":"","overlay-type":"","overlay-color":"","overlay-opacity":"","overlay-gradient":""}},"ast-content-background-meta":{"desktop":{"background-color":"var(--ast-global-color-5)","background-image":"","background-repeat":"repeat","background-position":"center center","background-size":"auto","background-attachment":"scroll","background-type":"","background-media":"","overlay-type":"","overlay-color":"","overlay-opacity":"","overlay-gradient":""},"tablet":{"background-color":"var(--ast-global-color-5)","background-image":"","background-repeat":"repeat","background-position":"center center","background-size":"auto","background-attachment":"scroll","background-type":"","background-media":"","overlay-type":"","overlay-color":"","overlay-opacity":"","overlay-gradient":""},"mobile":{"background-color":"var(--ast-global-color-5)","background-image":"","background-repeat":"repeat","background-position":"center center","background-size":"auto","background-attachment":"scroll","background-type":"","background-media":"","overlay-type":"","overlay-color":"","overlay-opacity":"","overlay-gradient":""}}},"product_brand":[],"product_cat":[27],"product_tag":[],"class_list":{"0":"post-859","1":"product","2":"type-product","3":"status-publish","4":"has-post-thumbnail","6":"product_cat-salts-of-phosphonates","7":"desktop-align-left","8":"tablet-align-left","9":"mobile-align-left","10":"ast-product-gallery-layout-horizontal-slider","11":"ast-product-tabs-layout-horizontal","13":"first","14":"instock","15":"shipping-taxable","16":"product-type-simple"},"yoast_head":"<!-- This site is optimized with the Yoast SEO Premium plugin v26.3 (Yoast SEO v27.3) - https:\/\/yoast.com\/product\/yoast-seo-premium-wordpress\/ -->\n<title>EDTMPS(Ethylene Diamine Tetra) (Methylene Phosphonic Acid) (Sodium Salt) - vcycletech<\/title>\n<meta name=\"description\" content=\"EDTMPS is an excellent chelating agent with high efficiency. It can be complex with metal ions to form stable complexes and has good solubility in water. EDTMPS is widely used in detergent, textile printing and dyeing, papermaking, food processing, and water treatment industries.\" \/>\n<meta name=\"robots\" content=\"index, follow, max-snippet:-1, max-image-preview:large, max-video-preview:-1\" \/>\n<link rel=\"canonical\" href=\"https:\/\/vcycletech.com\/fr\/produit\/sel-de-sodium-de-lacide-edtmpsethylene-diamine-tetra-methylene-phosphonique\/\" \/>\n<meta property=\"og:locale\" content=\"fr_FR\" \/>\n<meta property=\"og:type\" content=\"article\" \/>\n<meta property=\"og:title\" content=\"EDTMPS(Ethylene Diamine Tetra) (Methylene Phosphonic Acid) (Sodium Salt)\" \/>\n<meta property=\"og:description\" content=\"EDTMPS is an excellent chelating agent with high efficiency. It can be complex with metal ions to form stable complexes and has good solubility in water. EDTMPS is widely used in detergent, textile printing and dyeing, papermaking, food processing, and water treatment industries.\" \/>\n<meta property=\"og:url\" content=\"https:\/\/vcycletech.com\/fr\/produit\/sel-de-sodium-de-lacide-edtmpsethylene-diamine-tetra-methylene-phosphonique\/\" \/>\n<meta property=\"og:site_name\" content=\"vcycletech\" \/>\n<meta property=\"article:modified_time\" content=\"2023-03-18T01:46:20+00:00\" \/>\n<meta property=\"og:image\" content=\"https:\/\/vcycletech.com\/wp-content\/uploads\/2023\/03\/003-2.png\" \/>\n\t<meta property=\"og:image:width\" content=\"600\" \/>\n\t<meta property=\"og:image:height\" content=\"600\" \/>\n\t<meta property=\"og:image:type\" content=\"image\/png\" \/>\n<meta name=\"twitter:card\" content=\"summary_large_image\" \/>\n<meta name=\"twitter:label1\" content=\"Dur\u00e9e de lecture estim\u00e9e\" \/>\n\t<meta name=\"twitter:data1\" content=\"2 minutes\" \/>\n<script type=\"application\/ld+json\" class=\"yoast-schema-graph\">{\"@context\":\"https:\\\/\\\/schema.org\",\"@graph\":[{\"@type\":\"WebPage\",\"@id\":\"https:\\\/\\\/vcycletech.com\\\/product\\\/edtmpsethylene-diamine-tetra-methylene-phosphonic-acid-sodium-salt\\\/\",\"url\":\"https:\\\/\\\/vcycletech.com\\\/product\\\/edtmpsethylene-diamine-tetra-methylene-phosphonic-acid-sodium-salt\\\/\",\"name\":\"EDTMPS(Ethylene Diamine Tetra) (Methylene Phosphonic Acid) (Sodium Salt) - vcycletech\",\"isPartOf\":{\"@id\":\"https:\\\/\\\/vcycletech.com\\\/#website\"},\"primaryImageOfPage\":{\"@id\":\"https:\\\/\\\/vcycletech.com\\\/product\\\/edtmpsethylene-diamine-tetra-methylene-phosphonic-acid-sodium-salt\\\/#primaryimage\"},\"image\":{\"@id\":\"https:\\\/\\\/vcycletech.com\\\/product\\\/edtmpsethylene-diamine-tetra-methylene-phosphonic-acid-sodium-salt\\\/#primaryimage\"},\"thumbnailUrl\":\"https:\\\/\\\/vcycletech.com\\\/wp-content\\\/uploads\\\/2023\\\/03\\\/003-2.png\",\"datePublished\":\"2023-03-17T08:46:07+00:00\",\"dateModified\":\"2023-03-18T01:46:20+00:00\",\"description\":\"EDTMPS is an excellent chelating agent with high efficiency. It can be complex with metal ions to form stable complexes and has good solubility in water. EDTMPS is widely used in detergent, textile printing and dyeing, papermaking, food processing, and water treatment industries.\",\"breadcrumb\":{\"@id\":\"https:\\\/\\\/vcycletech.com\\\/product\\\/edtmpsethylene-diamine-tetra-methylene-phosphonic-acid-sodium-salt\\\/#breadcrumb\"},\"inLanguage\":\"fr-FR\",\"potentialAction\":[{\"@type\":\"ReadAction\",\"target\":[\"https:\\\/\\\/vcycletech.com\\\/product\\\/edtmpsethylene-diamine-tetra-methylene-phosphonic-acid-sodium-salt\\\/\"]}]},{\"@type\":\"ImageObject\",\"inLanguage\":\"fr-FR\",\"@id\":\"https:\\\/\\\/vcycletech.com\\\/product\\\/edtmpsethylene-diamine-tetra-methylene-phosphonic-acid-sodium-salt\\\/#primaryimage\",\"url\":\"https:\\\/\\\/vcycletech.com\\\/wp-content\\\/uploads\\\/2023\\\/03\\\/003-2.png\",\"contentUrl\":\"https:\\\/\\\/vcycletech.com\\\/wp-content\\\/uploads\\\/2023\\\/03\\\/003-2.png\",\"width\":600,\"height\":600,\"caption\":\"EDTMPS(Ethylene Diamine Tetra) (Methylene Phosphonic Acid) (Sodium Salt)\"},{\"@type\":\"BreadcrumbList\",\"@id\":\"https:\\\/\\\/vcycletech.com\\\/product\\\/edtmpsethylene-diamine-tetra-methylene-phosphonic-acid-sodium-salt\\\/#breadcrumb\",\"itemListElement\":[{\"@type\":\"ListItem\",\"position\":1,\"name\":\"Home\",\"item\":\"https:\\\/\\\/vcycletech.com\\\/\"},{\"@type\":\"ListItem\",\"position\":2,\"name\":\"Water Treatment Chemicals Manufacturer\",\"item\":\"https:\\\/\\\/vcycletech.com\\\/water-treatment-chemicals-manufacturer\\\/\"},{\"@type\":\"ListItem\",\"position\":3,\"name\":\"EDTMPS(Ethylene Diamine Tetra) (Methylene Phosphonic Acid) (Sodium Salt)\"}]},{\"@type\":\"WebSite\",\"@id\":\"https:\\\/\\\/vcycletech.com\\\/#website\",\"url\":\"https:\\\/\\\/vcycletech.com\\\/\",\"name\":\"vcycletech\",\"description\":\"China&#039;s top water treatment chemicals supplier\",\"publisher\":{\"@id\":\"https:\\\/\\\/vcycletech.com\\\/#organization\"},\"potentialAction\":[{\"@type\":\"SearchAction\",\"target\":{\"@type\":\"EntryPoint\",\"urlTemplate\":\"https:\\\/\\\/vcycletech.com\\\/?s={search_term_string}\"},\"query-input\":{\"@type\":\"PropertyValueSpecification\",\"valueRequired\":true,\"valueName\":\"search_term_string\"}}],\"inLanguage\":\"fr-FR\"},{\"@type\":\"Organization\",\"@id\":\"https:\\\/\\\/vcycletech.com\\\/#organization\",\"name\":\"vcycletech\",\"url\":\"https:\\\/\\\/vcycletech.com\\\/\",\"logo\":{\"@type\":\"ImageObject\",\"inLanguage\":\"fr-FR\",\"@id\":\"https:\\\/\\\/vcycletech.com\\\/#\\\/schema\\\/logo\\\/image\\\/\",\"url\":\"https:\\\/\\\/vcycletech.com\\\/wp-content\\\/uploads\\\/2023\\\/03\\\/logo-vcycletech-1.png\",\"contentUrl\":\"https:\\\/\\\/vcycletech.com\\\/wp-content\\\/uploads\\\/2023\\\/03\\\/logo-vcycletech-1.png\",\"width\":600,\"height\":400,\"caption\":\"vcycletech\"},\"image\":{\"@id\":\"https:\\\/\\\/vcycletech.com\\\/#\\\/schema\\\/logo\\\/image\\\/\"}}]}<\/script>\n<!-- \/ Yoast SEO Premium plugin. -->","yoast_head_json":{"title":"EDTMPS (\u00e9thyl\u00e8ne diamine t\u00e9tra) (acide m\u00e9thyl\u00e8ne phosphonique) (sel de sodium) - vcycletech","description":"L&#039;EDTMPS est un excellent agent ch\u00e9latant \u00e0 haute efficacit\u00e9. Il peut \u00eatre complexe avec des ions m\u00e9talliques pour former des complexes stables et a une bonne solubilit\u00e9 dans l&#039;eau. L&#039;EDTMPS est largement utilis\u00e9 dans les industries des d\u00e9tergents, de l&#039;impression et de la teinture des textiles, de la fabrication du papier, de la transformation des aliments et du traitement de l&#039;eau.","robots":{"index":"index","follow":"follow","max-snippet":"max-snippet:-1","max-image-preview":"max-image-preview:large","max-video-preview":"max-video-preview:-1"},"canonical":"https:\/\/vcycletech.com\/fr\/produit\/sel-de-sodium-de-lacide-edtmpsethylene-diamine-tetra-methylene-phosphonique\/","og_locale":"fr_FR","og_type":"article","og_title":"EDTMPS(Ethylene Diamine Tetra) (Methylene Phosphonic Acid) (Sodium Salt)","og_description":"EDTMPS is an excellent chelating agent with high efficiency. It can be complex with metal ions to form stable complexes and has good solubility in water. EDTMPS is widely used in detergent, textile printing and dyeing, papermaking, food processing, and water treatment industries.","og_url":"https:\/\/vcycletech.com\/fr\/produit\/sel-de-sodium-de-lacide-edtmpsethylene-diamine-tetra-methylene-phosphonique\/","og_site_name":"vcycletech","article_modified_time":"2023-03-18T01:46:20+00:00","og_image":[{"width":600,"height":600,"url":"https:\/\/vcycletech.com\/wp-content\/uploads\/2023\/03\/003-2.png","type":"image\/png"}],"twitter_card":"summary_large_image","twitter_misc":{"Dur\u00e9e de lecture estim\u00e9e":"2 minutes"},"schema":{"@context":"https:\/\/schema.org","@graph":[{"@type":"WebPage","@id":"https:\/\/vcycletech.com\/product\/edtmpsethylene-diamine-tetra-methylene-phosphonic-acid-sodium-salt\/","url":"https:\/\/vcycletech.com\/product\/edtmpsethylene-diamine-tetra-methylene-phosphonic-acid-sodium-salt\/","name":"EDTMPS (\u00e9thyl\u00e8ne diamine t\u00e9tra) (acide m\u00e9thyl\u00e8ne phosphonique) (sel de sodium) - vcycletech","isPartOf":{"@id":"https:\/\/vcycletech.com\/#website"},"primaryImageOfPage":{"@id":"https:\/\/vcycletech.com\/product\/edtmpsethylene-diamine-tetra-methylene-phosphonic-acid-sodium-salt\/#primaryimage"},"image":{"@id":"https:\/\/vcycletech.com\/product\/edtmpsethylene-diamine-tetra-methylene-phosphonic-acid-sodium-salt\/#primaryimage"},"thumbnailUrl":"https:\/\/vcycletech.com\/wp-content\/uploads\/2023\/03\/003-2.png","datePublished":"2023-03-17T08:46:07+00:00","dateModified":"2023-03-18T01:46:20+00:00","description":"L&#039;EDTMPS est un excellent agent ch\u00e9latant \u00e0 haute efficacit\u00e9. Il peut \u00eatre complexe avec des ions m\u00e9talliques pour former des complexes stables et a une bonne solubilit\u00e9 dans l&#039;eau. L&#039;EDTMPS est largement utilis\u00e9 dans les industries des d\u00e9tergents, de l&#039;impression et de la teinture des textiles, de la fabrication du papier, de la transformation des aliments et du traitement de l&#039;eau.","breadcrumb":{"@id":"https:\/\/vcycletech.com\/product\/edtmpsethylene-diamine-tetra-methylene-phosphonic-acid-sodium-salt\/#breadcrumb"},"inLanguage":"fr-FR","potentialAction":[{"@type":"ReadAction","target":["https:\/\/vcycletech.com\/product\/edtmpsethylene-diamine-tetra-methylene-phosphonic-acid-sodium-salt\/"]}]},{"@type":"ImageObject","inLanguage":"fr-FR","@id":"https:\/\/vcycletech.com\/product\/edtmpsethylene-diamine-tetra-methylene-phosphonic-acid-sodium-salt\/#primaryimage","url":"https:\/\/vcycletech.com\/wp-content\/uploads\/2023\/03\/003-2.png","contentUrl":"https:\/\/vcycletech.com\/wp-content\/uploads\/2023\/03\/003-2.png","width":600,"height":600,"caption":"EDTMPS(Ethylene Diamine Tetra) (Methylene Phosphonic Acid) (Sodium Salt)"},{"@type":"BreadcrumbList","@id":"https:\/\/vcycletech.com\/product\/edtmpsethylene-diamine-tetra-methylene-phosphonic-acid-sodium-salt\/#breadcrumb","itemListElement":[{"@type":"ListItem","position":1,"name":"Home","item":"https:\/\/vcycletech.com\/"},{"@type":"ListItem","position":2,"name":"Water Treatment Chemicals Manufacturer","item":"https:\/\/vcycletech.com\/water-treatment-chemicals-manufacturer\/"},{"@type":"ListItem","position":3,"name":"EDTMPS(Ethylene Diamine Tetra) (Methylene Phosphonic Acid) (Sodium Salt)"}]},{"@type":"WebSite","@id":"https:\/\/vcycletech.com\/#website","url":"https:\/\/vcycletech.com\/","name":"vcycletech","description":"Meilleur fournisseur de produits chimiques pour le traitement de l&#039;eau en Chine","publisher":{"@id":"https:\/\/vcycletech.com\/#organization"},"potentialAction":[{"@type":"SearchAction","target":{"@type":"EntryPoint","urlTemplate":"https:\/\/vcycletech.com\/?s={search_term_string}"},"query-input":{"@type":"PropertyValueSpecification","valueRequired":true,"valueName":"search_term_string"}}],"inLanguage":"fr-FR"},{"@type":"Organization","@id":"https:\/\/vcycletech.com\/#organization","name":"vcycletech","url":"https:\/\/vcycletech.com\/","logo":{"@type":"ImageObject","inLanguage":"fr-FR","@id":"https:\/\/vcycletech.com\/#\/schema\/logo\/image\/","url":"https:\/\/vcycletech.com\/wp-content\/uploads\/2023\/03\/logo-vcycletech-1.png","contentUrl":"https:\/\/vcycletech.com\/wp-content\/uploads\/2023\/03\/logo-vcycletech-1.png","width":600,"height":400,"caption":"vcycletech"},"image":{"@id":"https:\/\/vcycletech.com\/#\/schema\/logo\/image\/"}}]}},"_links":{"self":[{"href":"https:\/\/vcycletech.com\/fr\/wp-json\/wp\/v2\/product\/859","targetHints":{"allow":["GET"]}}],"collection":[{"href":"https:\/\/vcycletech.com\/fr\/wp-json\/wp\/v2\/product"}],"about":[{"href":"https:\/\/vcycletech.com\/fr\/wp-json\/wp\/v2\/types\/product"}],"wp:featuredmedia":[{"embeddable":true,"href":"https:\/\/vcycletech.com\/fr\/wp-json\/wp\/v2\/media\/861"}],"wp:attachment":[{"href":"https:\/\/vcycletech.com\/fr\/wp-json\/wp\/v2\/media?parent=859"}],"wp:term":[{"taxonomy":"product_brand","embeddable":true,"href":"https:\/\/vcycletech.com\/fr\/wp-json\/wp\/v2\/product_brand?post=859"},{"taxonomy":"product_cat","embeddable":true,"href":"https:\/\/vcycletech.com\/fr\/wp-json\/wp\/v2\/product_cat?post=859"},{"taxonomy":"product_tag","embeddable":true,"href":"https:\/\/vcycletech.com\/fr\/wp-json\/wp\/v2\/product_tag?post=859"}],"curies":[{"name":"wp","href":"https:\/\/api.w.org\/{rel}","templated":true}]}}