{"id":834,"date":"2023-03-17T03:16:06","date_gmt":"2023-03-17T03:16:06","guid":{"rendered":"https:\/\/vcycletech.com\/?post_type=product&#038;p=834"},"modified":"2023-03-18T01:44:30","modified_gmt":"2023-03-18T01:44:30","slug":"hedpna2disodium-sel-de-1-hydroxy-ethylidene-11-diphosphonique-acide","status":"publish","type":"product","link":"https:\/\/vcycletech.com\/fr\/produit\/hedpna2disodium-sel-de-1-hydroxy-ethylidene-11-diphosphonique-acide\/","title":{"rendered":"HEDP\u2022Na2 (sel disodique de l&#039;acide 1-hydroxy\u00e9thylid\u00e8ne-1,1-diphosphonique)"},"content":{"rendered":"<h3>N \u00b0 CAS. 7414-83-7<\/h3>\n<h3>Demande 2016BD<\/h3>\n<h3>Formule mol\u00e9culaire : C2H6O7P2Na2<\/h3>\n<h3>Formule structurelle:<\/h3>\n<p><img fetchpriority=\"high\" decoding=\"async\" class=\"size-full wp-image-845\" src=\"https:\/\/vcycletech.com\/wp-content\/uploads\/2023\/03\/8.png\" alt=\"HEDP\u2022Na2\" width=\"600\" height=\"600\" srcset=\"https:\/\/vcycletech.com\/wp-content\/uploads\/2023\/03\/8.png 600w, https:\/\/vcycletech.com\/wp-content\/uploads\/2023\/03\/8-100x100.png 100w, https:\/\/vcycletech.com\/wp-content\/uploads\/2023\/03\/8-300x300.png 300w, https:\/\/vcycletech.com\/wp-content\/uploads\/2023\/03\/8-150x150.png 150w\" sizes=\"(max-width: 600px) 100vw, 600px\" \/><\/p>\n<h3>Propri\u00e9t\u00e9s:<\/h3>\n<p><strong>HEDP\u2022Na2<\/strong> est un inhibiteur de corrosion acide organophosphor\u00e9 qui peut ch\u00e9later avec les ions Fe, Cu et Zn, offrant d&#039;excellents effets d&#039;inhibition du tartre et de la corrosion m\u00eame \u00e0 des temp\u00e9ratures telles que 250 \u2103. Il d\u00e9montre une excellente stabilit\u00e9 m\u00eame \u00e0 des niveaux de pH \u00e9lev\u00e9s et a une bonne tol\u00e9rance aux solutions acides\/alcalines et \u00e0 l&#039;oxydation du chlore. Il n&#039;est pas facilement hydrolys\u00e9 ou d\u00e9compos\u00e9 dans des conditions normales de lumi\u00e8re et de chaleur. De plus, il forme des compos\u00e9s ch\u00e9lateurs \u00e0 six cycles avec des ions m\u00e9talliques dans le syst\u00e8me aqueux, en particulier Ca2+, et a de bons effets d&#039;inhibition du tartre ainsi que des effets de seuil de dissolution. De plus, lorsqu&#039;il est combin\u00e9 avec d&#039;autres produits chimiques de traitement de l&#039;eau, les r\u00e9sultats synergiques sont encore am\u00e9lior\u00e9s.<\/p>\n<h3>Sp\u00e9cification:<\/h3>\n<div id=\"footable_parent_846\"\n         class=\"footable_parent ninja_table_wrapper loading_ninja_table wp_table_data_press_parent semantic_ui\">\n                <table data-ninja_table_instance=\"ninja_table_instance_0\" data-footable_id=\"846\" data-filter-delay=\"1000\" aria-label=\"HEDP\u2022Na2.csv\"            id=\"footable_846\"\n           data-unique_identifier=\"ninja_table_unique_id_1146373969_846\"\n           class=\"foo-table ninja_footable foo_table_846 ninja_table_unique_id_1146373969_846 ui table  nt_type_legacy_table selectable striped vertical_centered  footable-paging-right ninja_table_pro\">\n                <colgroup>\n                            <col class=\"ninja_column_0\">\n                            <col class=\"ninja_column_1\">\n                            <col class=\"ninja_column_2\">\n                    <\/colgroup>\n        <thead>\n<tr class=\"footable-header\">\n                                                        <th scope=\"col\"  class=\"ninja_column_0 ninja_clmn_nm_items\">articles<\/th><th scope=\"col\"  class=\"ninja_column_1 ninja_clmn_nm_index\">indice<\/th><th scope=\"col\"  class=\"ninja_column_2 ninja_clmn_nm_ninja_column_3\"><\/th><\/tr>\n<\/thead>\n<tbody>\n\n        <tr data-row_id=\"51\" class=\"ninja_table_row_0 nt_row_id_51\">\n            <td>Apparence<\/td><td>Liquide transparent incolore \u00e0 jaun\u00e2tre<\/td><td>poudre blanche<\/td>        <\/tr>\n            <tr data-row_id=\"52\" class=\"ninja_table_row_1 nt_row_id_52\">\n            <td>Contenu actif (HEDP) % \u2265<\/td><td>16.5<\/td><td>74.0-79.0<\/td>        <\/tr>\n            <tr data-row_id=\"53\" class=\"ninja_table_row_2 nt_row_id_53\">\n            <td>Contenu actif (HEDP\u2022Na2)% \u2265<\/td><td>20<\/td><td>89.8<\/td>        <\/tr>\n            <tr data-row_id=\"54\" class=\"ninja_table_row_3 nt_row_id_54\">\n            <td>densit\u00e9 (20\u2103)g\/cm3<\/td><td> 1.12-1.22<\/td><td>--<\/td>        <\/tr>\n            <tr data-row_id=\"55\" class=\"ninja_table_row_4 nt_row_id_55\">\n            <td>Fe3+ \u03bcg\/g \u2264<\/td><td>--<\/td><td>35<\/td>        <\/tr>\n            <tr data-row_id=\"56\" class=\"ninja_table_row_5 nt_row_id_56\">\n            <td>Acide phosphoreux (asPO33-)% \u2264         <\/td><td>--<\/td><td>2<\/td>        <\/tr>\n            <tr data-row_id=\"57\" class=\"ninja_table_row_6 nt_row_id_57\">\n            <td>Humidit\u00e9\uff0c%                    <\/td><td>--<\/td><td>3-6<\/td>        <\/tr>\n            <tr data-row_id=\"58\" class=\"ninja_table_row_7 nt_row_id_58\">\n            <td>PH (solution aqueuse 1%)        <\/td><td>4.0-6.0<\/td><td>4.0-6.0<\/td>        <\/tr>\n    <\/tbody><!--ninja_tobody_rendering_done-->\n    <\/table>\n    \n    \n    \n<\/div>\n\n<h3>Utilisation HEDP\u2022Na2\u00a0:<\/h3>\n<p><strong>HEDP\u2022Na2<\/strong> est largement utilis\u00e9 dans diff\u00e9rents domaines pour l&#039;inhibition du tartre et de la corrosion, tels que l&#039;\u00e9nergie \u00e9lectrique, l&#039;industrie chimique, la m\u00e9tallurgie, les engrais, les excellents syst\u00e8mes de circulation d&#039;eau, les chaudi\u00e8res \u00e0 moyenne et basse pression et les ol\u00e9oducs. De plus, il peut \u00eatre utilis\u00e9 comme d\u00e9tergent pour le m\u00e9tal et le non-m\u00e9tal dans l&#039;industrie du tissage l\u00e9ger et comme agent de fixation des colorants dans l&#039;industrie de la teinture. Dans les proc\u00e9d\u00e9s de galvanoplastie sans cyanure, cet acide organophosphor\u00e9 agit comme un agent ch\u00e9latant efficace.<\/p>\n<h3>Emballage et stockage\u00a0:<\/h3>\n<p><strong>HEDP\u2022Na2<\/strong> tambour en plastique, 30 kg ou 250 kg, ou confirm\u00e9 par les clients. Stockage pendant dix mois dans une pi\u00e8ce ombrag\u00e9e et un endroit sec.<\/p>\n<h3>Protection de s\u00e9curit\u00e9:<\/h3>\n<p><strong>HEDP\u2022Na2<\/strong> Faible acidit\u00e9, Eviter le contact avec les yeux et la peau. Une fois en contact, rincer \u00e0 l&#039;eau.<\/p>\n<div data-zone-id=\"0\" data-line-index=\"0\" data-line=\"true\"><a href=\"https:\/\/vcycletech.com\/fr\/phosphonates\/\"><strong>Obtenez la solution compl\u00e8te de phosphonates<\/strong><\/a>.<\/div>","protected":false},"excerpt":{"rendered":"<p><strong>HEDP\u2022Na2 (sel disodique de l&#039;acide 1-hydroxy\u00e9thylid\u00e8ne-1,1-diphosphonique)<\/strong> est une poudre blanche utilis\u00e9e comme agent de traitement de l&#039;eau. Il aide \u00e0 pr\u00e9venir la formation de tartre et la corrosion dans les syst\u00e8mes d&#039;eau. <strong>HEDP\u2022Na2<\/strong> peut \u00eatre utilis\u00e9 dans diverses applications, y compris les tours de refroidissement, les chaudi\u00e8res, les syst\u00e8mes d&#039;eau de traitement, etc. Si vous recherchez un agent de traitement de l&#039;eau fiable et efficace, <strong>HEDP\u2022Na2<\/strong> est un choix parfait. China Best Chemical offre des produits de haute qualit\u00e9 <strong>HEDP\u2022Na2<\/strong> \u00e0 un prix abordable. Contactez-nous d\u00e8s aujourd&#039;hui pour en savoir plus sur nos produits et services.<\/p>","protected":false},"featured_media":842,"template":"","meta":{"site-sidebar-layout":"default","site-content-layout":"default","ast-site-content-layout":"default","site-content-style":"default","site-sidebar-style":"default","ast-global-header-display":"","ast-banner-title-visibility":"","ast-main-header-display":"","ast-hfb-above-header-display":"","ast-hfb-below-header-display":"","ast-hfb-mobile-header-display":"","site-post-title":"","ast-breadcrumbs-content":"","ast-featured-img":"","footer-sml-layout":"","ast-disable-related-posts":"","theme-transparent-header-meta":"default","adv-header-id-meta":"","stick-header-meta":"default","header-above-stick-meta":"","header-main-stick-meta":"","header-below-stick-meta":"","astra-migrate-meta-layouts":"default","ast-page-background-enabled":"default","ast-page-background-meta":{"desktop":{"background-color":"","background-image":"","background-repeat":"repeat","background-position":"center center","background-size":"auto","background-attachment":"scroll","background-type":"","background-media":"","overlay-type":"","overlay-color":"","overlay-opacity":"","overlay-gradient":""},"tablet":{"background-color":"","background-image":"","background-repeat":"repeat","background-position":"center center","background-size":"auto","background-attachment":"scroll","background-type":"","background-media":"","overlay-type":"","overlay-color":"","overlay-opacity":"","overlay-gradient":""},"mobile":{"background-color":"","background-image":"","background-repeat":"repeat","background-position":"center center","background-size":"auto","background-attachment":"scroll","background-type":"","background-media":"","overlay-type":"","overlay-color":"","overlay-opacity":"","overlay-gradient":""}},"ast-content-background-meta":{"desktop":{"background-color":"var(--ast-global-color-5)","background-image":"","background-repeat":"repeat","background-position":"center center","background-size":"auto","background-attachment":"scroll","background-type":"","background-media":"","overlay-type":"","overlay-color":"","overlay-opacity":"","overlay-gradient":""},"tablet":{"background-color":"var(--ast-global-color-5)","background-image":"","background-repeat":"repeat","background-position":"center center","background-size":"auto","background-attachment":"scroll","background-type":"","background-media":"","overlay-type":"","overlay-color":"","overlay-opacity":"","overlay-gradient":""},"mobile":{"background-color":"var(--ast-global-color-5)","background-image":"","background-repeat":"repeat","background-position":"center center","background-size":"auto","background-attachment":"scroll","background-type":"","background-media":"","overlay-type":"","overlay-color":"","overlay-opacity":"","overlay-gradient":""}}},"product_brand":[],"product_cat":[27],"product_tag":[],"class_list":{"0":"post-834","1":"product","2":"type-product","3":"status-publish","4":"has-post-thumbnail","6":"product_cat-salts-of-phosphonates","7":"desktop-align-left","8":"tablet-align-left","9":"mobile-align-left","10":"ast-product-gallery-layout-horizontal-slider","11":"ast-product-tabs-layout-horizontal","13":"first","14":"instock","15":"shipping-taxable","16":"product-type-simple"},"yoast_head":"<!-- This site is optimized with the Yoast SEO Premium plugin v26.3 (Yoast SEO v27.3) - https:\/\/yoast.com\/product\/yoast-seo-premium-wordpress\/ -->\n<title>HEDP\u2022Na2(Disodium Salt of 1-Hydroxy Ethylidene-1,1-Diphosphonic Acid) - vcycletech<\/title>\n<meta name=\"description\" content=\"HEDP\u2022Na2 is an excellent water treatment agent that can chelate calcium and magnesium ions and has good scale inhibition and corrosion inhibition effects. It can be used in all kinds of drinks (including beer), dairy products, meat products, canned food, and other industries.\" \/>\n<meta name=\"robots\" content=\"index, follow, max-snippet:-1, max-image-preview:large, max-video-preview:-1\" \/>\n<link rel=\"canonical\" href=\"https:\/\/vcycletech.com\/fr\/produit\/hedpna2disodium-sel-de-1-hydroxy-ethylidene-11-diphosphonique-acide\/\" \/>\n<meta property=\"og:locale\" content=\"fr_FR\" \/>\n<meta property=\"og:type\" content=\"article\" \/>\n<meta property=\"og:title\" content=\"HEDP\u2022Na2(Disodium Salt of 1-Hydroxy Ethylidene-1,1-Diphosphonic Acid)\" \/>\n<meta property=\"og:description\" content=\"HEDP\u2022Na2 is an excellent water treatment agent that can chelate calcium and magnesium ions and has good scale inhibition and corrosion inhibition effects. It can be used in all kinds of drinks (including beer), dairy products, meat products, canned food, and other industries.\" \/>\n<meta property=\"og:url\" content=\"https:\/\/vcycletech.com\/fr\/produit\/hedpna2disodium-sel-de-1-hydroxy-ethylidene-11-diphosphonique-acide\/\" \/>\n<meta property=\"og:site_name\" content=\"vcycletech\" \/>\n<meta property=\"article:modified_time\" content=\"2023-03-18T01:44:30+00:00\" \/>\n<meta property=\"og:image\" content=\"https:\/\/vcycletech.com\/wp-content\/uploads\/2023\/03\/007-1.png\" \/>\n\t<meta property=\"og:image:width\" content=\"600\" \/>\n\t<meta property=\"og:image:height\" content=\"600\" \/>\n\t<meta property=\"og:image:type\" content=\"image\/png\" \/>\n<meta name=\"twitter:card\" content=\"summary_large_image\" \/>\n<meta name=\"twitter:label1\" content=\"Dur\u00e9e de lecture estim\u00e9e\" \/>\n\t<meta name=\"twitter:data1\" content=\"2 minutes\" \/>\n<script type=\"application\/ld+json\" class=\"yoast-schema-graph\">{\"@context\":\"https:\\\/\\\/schema.org\",\"@graph\":[{\"@type\":\"WebPage\",\"@id\":\"https:\\\/\\\/vcycletech.com\\\/product\\\/hedpna2disodium-salt-of-1-hydroxy-ethylidene-11-diphosphonic-acid\\\/\",\"url\":\"https:\\\/\\\/vcycletech.com\\\/product\\\/hedpna2disodium-salt-of-1-hydroxy-ethylidene-11-diphosphonic-acid\\\/\",\"name\":\"HEDP\u2022Na2(Disodium Salt of 1-Hydroxy Ethylidene-1,1-Diphosphonic Acid) - vcycletech\",\"isPartOf\":{\"@id\":\"https:\\\/\\\/vcycletech.com\\\/#website\"},\"primaryImageOfPage\":{\"@id\":\"https:\\\/\\\/vcycletech.com\\\/product\\\/hedpna2disodium-salt-of-1-hydroxy-ethylidene-11-diphosphonic-acid\\\/#primaryimage\"},\"image\":{\"@id\":\"https:\\\/\\\/vcycletech.com\\\/product\\\/hedpna2disodium-salt-of-1-hydroxy-ethylidene-11-diphosphonic-acid\\\/#primaryimage\"},\"thumbnailUrl\":\"https:\\\/\\\/vcycletech.com\\\/wp-content\\\/uploads\\\/2023\\\/03\\\/007-1.png\",\"datePublished\":\"2023-03-17T03:16:06+00:00\",\"dateModified\":\"2023-03-18T01:44:30+00:00\",\"description\":\"HEDP\u2022Na2 is an excellent water treatment agent that can chelate calcium and magnesium ions and has good scale inhibition and corrosion inhibition effects. It can be used in all kinds of drinks (including beer), dairy products, meat products, canned food, and other industries.\",\"breadcrumb\":{\"@id\":\"https:\\\/\\\/vcycletech.com\\\/product\\\/hedpna2disodium-salt-of-1-hydroxy-ethylidene-11-diphosphonic-acid\\\/#breadcrumb\"},\"inLanguage\":\"fr-FR\",\"potentialAction\":[{\"@type\":\"ReadAction\",\"target\":[\"https:\\\/\\\/vcycletech.com\\\/product\\\/hedpna2disodium-salt-of-1-hydroxy-ethylidene-11-diphosphonic-acid\\\/\"]}]},{\"@type\":\"ImageObject\",\"inLanguage\":\"fr-FR\",\"@id\":\"https:\\\/\\\/vcycletech.com\\\/product\\\/hedpna2disodium-salt-of-1-hydroxy-ethylidene-11-diphosphonic-acid\\\/#primaryimage\",\"url\":\"https:\\\/\\\/vcycletech.com\\\/wp-content\\\/uploads\\\/2023\\\/03\\\/007-1.png\",\"contentUrl\":\"https:\\\/\\\/vcycletech.com\\\/wp-content\\\/uploads\\\/2023\\\/03\\\/007-1.png\",\"width\":600,\"height\":600,\"caption\":\"HEDP\u2022Na2(Disodium Salt of 1-Hydroxy Ethylidene-1,1-Diphosphonic Acid)\"},{\"@type\":\"BreadcrumbList\",\"@id\":\"https:\\\/\\\/vcycletech.com\\\/product\\\/hedpna2disodium-salt-of-1-hydroxy-ethylidene-11-diphosphonic-acid\\\/#breadcrumb\",\"itemListElement\":[{\"@type\":\"ListItem\",\"position\":1,\"name\":\"Home\",\"item\":\"https:\\\/\\\/vcycletech.com\\\/\"},{\"@type\":\"ListItem\",\"position\":2,\"name\":\"Water Treatment Chemicals Manufacturer\",\"item\":\"https:\\\/\\\/vcycletech.com\\\/water-treatment-chemicals-manufacturer\\\/\"},{\"@type\":\"ListItem\",\"position\":3,\"name\":\"HEDP\u2022Na2(Disodium Salt of 1-Hydroxy Ethylidene-1,1-Diphosphonic Acid)\"}]},{\"@type\":\"WebSite\",\"@id\":\"https:\\\/\\\/vcycletech.com\\\/#website\",\"url\":\"https:\\\/\\\/vcycletech.com\\\/\",\"name\":\"vcycletech\",\"description\":\"China&#039;s top water treatment chemicals supplier\",\"publisher\":{\"@id\":\"https:\\\/\\\/vcycletech.com\\\/#organization\"},\"potentialAction\":[{\"@type\":\"SearchAction\",\"target\":{\"@type\":\"EntryPoint\",\"urlTemplate\":\"https:\\\/\\\/vcycletech.com\\\/?s={search_term_string}\"},\"query-input\":{\"@type\":\"PropertyValueSpecification\",\"valueRequired\":true,\"valueName\":\"search_term_string\"}}],\"inLanguage\":\"fr-FR\"},{\"@type\":\"Organization\",\"@id\":\"https:\\\/\\\/vcycletech.com\\\/#organization\",\"name\":\"vcycletech\",\"url\":\"https:\\\/\\\/vcycletech.com\\\/\",\"logo\":{\"@type\":\"ImageObject\",\"inLanguage\":\"fr-FR\",\"@id\":\"https:\\\/\\\/vcycletech.com\\\/#\\\/schema\\\/logo\\\/image\\\/\",\"url\":\"https:\\\/\\\/vcycletech.com\\\/wp-content\\\/uploads\\\/2023\\\/03\\\/logo-vcycletech-1.png\",\"contentUrl\":\"https:\\\/\\\/vcycletech.com\\\/wp-content\\\/uploads\\\/2023\\\/03\\\/logo-vcycletech-1.png\",\"width\":600,\"height\":400,\"caption\":\"vcycletech\"},\"image\":{\"@id\":\"https:\\\/\\\/vcycletech.com\\\/#\\\/schema\\\/logo\\\/image\\\/\"}}]}<\/script>\n<!-- \/ Yoast SEO Premium plugin. -->","yoast_head_json":{"title":"HEDP\u2022Na2 (sel disodique de l&#039;acide 1-hydroxy\u00e9thylid\u00e8ne-1,1-diphosphonique) - vcycletech","description":"HEDP\u2022Na2 est un excellent agent de traitement de l&#039;eau qui peut ch\u00e9later les ions calcium et magn\u00e9sium et a de bons effets d&#039;inhibition du tartre et de la corrosion. Il peut \u00eatre utilis\u00e9 dans toutes sortes de boissons (y compris la bi\u00e8re), les produits laitiers, les produits carn\u00e9s, les aliments en conserve et d&#039;autres industries.","robots":{"index":"index","follow":"follow","max-snippet":"max-snippet:-1","max-image-preview":"max-image-preview:large","max-video-preview":"max-video-preview:-1"},"canonical":"https:\/\/vcycletech.com\/fr\/produit\/hedpna2disodium-sel-de-1-hydroxy-ethylidene-11-diphosphonique-acide\/","og_locale":"fr_FR","og_type":"article","og_title":"HEDP\u2022Na2(Disodium Salt of 1-Hydroxy Ethylidene-1,1-Diphosphonic Acid)","og_description":"HEDP\u2022Na2 is an excellent water treatment agent that can chelate calcium and magnesium ions and has good scale inhibition and corrosion inhibition effects. It can be used in all kinds of drinks (including beer), dairy products, meat products, canned food, and other industries.","og_url":"https:\/\/vcycletech.com\/fr\/produit\/hedpna2disodium-sel-de-1-hydroxy-ethylidene-11-diphosphonique-acide\/","og_site_name":"vcycletech","article_modified_time":"2023-03-18T01:44:30+00:00","og_image":[{"width":600,"height":600,"url":"https:\/\/vcycletech.com\/wp-content\/uploads\/2023\/03\/007-1.png","type":"image\/png"}],"twitter_card":"summary_large_image","twitter_misc":{"Dur\u00e9e de lecture estim\u00e9e":"2 minutes"},"schema":{"@context":"https:\/\/schema.org","@graph":[{"@type":"WebPage","@id":"https:\/\/vcycletech.com\/product\/hedpna2disodium-salt-of-1-hydroxy-ethylidene-11-diphosphonic-acid\/","url":"https:\/\/vcycletech.com\/product\/hedpna2disodium-salt-of-1-hydroxy-ethylidene-11-diphosphonic-acid\/","name":"HEDP\u2022Na2 (sel disodique de l&#039;acide 1-hydroxy\u00e9thylid\u00e8ne-1,1-diphosphonique) - vcycletech","isPartOf":{"@id":"https:\/\/vcycletech.com\/#website"},"primaryImageOfPage":{"@id":"https:\/\/vcycletech.com\/product\/hedpna2disodium-salt-of-1-hydroxy-ethylidene-11-diphosphonic-acid\/#primaryimage"},"image":{"@id":"https:\/\/vcycletech.com\/product\/hedpna2disodium-salt-of-1-hydroxy-ethylidene-11-diphosphonic-acid\/#primaryimage"},"thumbnailUrl":"https:\/\/vcycletech.com\/wp-content\/uploads\/2023\/03\/007-1.png","datePublished":"2023-03-17T03:16:06+00:00","dateModified":"2023-03-18T01:44:30+00:00","description":"HEDP\u2022Na2 est un excellent agent de traitement de l&#039;eau qui peut ch\u00e9later les ions calcium et magn\u00e9sium et a de bons effets d&#039;inhibition du tartre et de la corrosion. Il peut \u00eatre utilis\u00e9 dans toutes sortes de boissons (y compris la bi\u00e8re), les produits laitiers, les produits carn\u00e9s, les aliments en conserve et d&#039;autres industries.","breadcrumb":{"@id":"https:\/\/vcycletech.com\/product\/hedpna2disodium-salt-of-1-hydroxy-ethylidene-11-diphosphonic-acid\/#breadcrumb"},"inLanguage":"fr-FR","potentialAction":[{"@type":"ReadAction","target":["https:\/\/vcycletech.com\/product\/hedpna2disodium-salt-of-1-hydroxy-ethylidene-11-diphosphonic-acid\/"]}]},{"@type":"ImageObject","inLanguage":"fr-FR","@id":"https:\/\/vcycletech.com\/product\/hedpna2disodium-salt-of-1-hydroxy-ethylidene-11-diphosphonic-acid\/#primaryimage","url":"https:\/\/vcycletech.com\/wp-content\/uploads\/2023\/03\/007-1.png","contentUrl":"https:\/\/vcycletech.com\/wp-content\/uploads\/2023\/03\/007-1.png","width":600,"height":600,"caption":"HEDP\u2022Na2(Disodium Salt of 1-Hydroxy Ethylidene-1,1-Diphosphonic Acid)"},{"@type":"BreadcrumbList","@id":"https:\/\/vcycletech.com\/product\/hedpna2disodium-salt-of-1-hydroxy-ethylidene-11-diphosphonic-acid\/#breadcrumb","itemListElement":[{"@type":"ListItem","position":1,"name":"Home","item":"https:\/\/vcycletech.com\/"},{"@type":"ListItem","position":2,"name":"Water Treatment Chemicals Manufacturer","item":"https:\/\/vcycletech.com\/water-treatment-chemicals-manufacturer\/"},{"@type":"ListItem","position":3,"name":"HEDP\u2022Na2(Disodium Salt of 1-Hydroxy Ethylidene-1,1-Diphosphonic Acid)"}]},{"@type":"WebSite","@id":"https:\/\/vcycletech.com\/#website","url":"https:\/\/vcycletech.com\/","name":"vcycletech","description":"Meilleur fournisseur de produits chimiques pour le traitement de l&#039;eau en Chine","publisher":{"@id":"https:\/\/vcycletech.com\/#organization"},"potentialAction":[{"@type":"SearchAction","target":{"@type":"EntryPoint","urlTemplate":"https:\/\/vcycletech.com\/?s={search_term_string}"},"query-input":{"@type":"PropertyValueSpecification","valueRequired":true,"valueName":"search_term_string"}}],"inLanguage":"fr-FR"},{"@type":"Organization","@id":"https:\/\/vcycletech.com\/#organization","name":"vcycletech","url":"https:\/\/vcycletech.com\/","logo":{"@type":"ImageObject","inLanguage":"fr-FR","@id":"https:\/\/vcycletech.com\/#\/schema\/logo\/image\/","url":"https:\/\/vcycletech.com\/wp-content\/uploads\/2023\/03\/logo-vcycletech-1.png","contentUrl":"https:\/\/vcycletech.com\/wp-content\/uploads\/2023\/03\/logo-vcycletech-1.png","width":600,"height":400,"caption":"vcycletech"},"image":{"@id":"https:\/\/vcycletech.com\/#\/schema\/logo\/image\/"}}]}},"_links":{"self":[{"href":"https:\/\/vcycletech.com\/fr\/wp-json\/wp\/v2\/product\/834","targetHints":{"allow":["GET"]}}],"collection":[{"href":"https:\/\/vcycletech.com\/fr\/wp-json\/wp\/v2\/product"}],"about":[{"href":"https:\/\/vcycletech.com\/fr\/wp-json\/wp\/v2\/types\/product"}],"wp:featuredmedia":[{"embeddable":true,"href":"https:\/\/vcycletech.com\/fr\/wp-json\/wp\/v2\/media\/842"}],"wp:attachment":[{"href":"https:\/\/vcycletech.com\/fr\/wp-json\/wp\/v2\/media?parent=834"}],"wp:term":[{"taxonomy":"product_brand","embeddable":true,"href":"https:\/\/vcycletech.com\/fr\/wp-json\/wp\/v2\/product_brand?post=834"},{"taxonomy":"product_cat","embeddable":true,"href":"https:\/\/vcycletech.com\/fr\/wp-json\/wp\/v2\/product_cat?post=834"},{"taxonomy":"product_tag","embeddable":true,"href":"https:\/\/vcycletech.com\/fr\/wp-json\/wp\/v2\/product_tag?post=834"}],"curies":[{"name":"wp","href":"https:\/\/api.w.org\/{rel}","templated":true}]}}