{"id":822,"date":"2023-03-17T02:22:11","date_gmt":"2023-03-17T02:22:11","guid":{"rendered":"https:\/\/vcycletech.com\/?post_type=product&#038;p=822"},"modified":"2023-03-27T07:09:32","modified_gmt":"2023-03-27T07:09:32","slug":"acide-hpaa2-hydroxy-phosphonoacetique","status":"publish","type":"product","link":"https:\/\/vcycletech.com\/fr\/produit\/acide-hpaa2-hydroxy-phosphonoacetique\/","title":{"rendered":"HPAA (acide 2-hydroxy phosphonoac\u00e9tique)"},"content":{"rendered":"<h3>N\u00b0 CAS 23783-26-8<\/h3>\n<h3>Formule mol\u00e9culaire : C2H5O6P<\/h3>\n<h3>Poids mol\u00e9culaire : 156<\/h3>\n<h3>Formule structurelle:<\/h3>\n<p><img fetchpriority=\"high\" decoding=\"async\" class=\"alignnone wp-image-851 size-full\" src=\"https:\/\/vcycletech.com\/wp-content\/uploads\/2023\/03\/2-Hydroxy-Phosphonoacetic-Acid-HPAA.png\" alt=\"Acide 2-hydroxy phosphonoac\u00e9tique (HPAA)\" width=\"600\" height=\"400\" srcset=\"https:\/\/vcycletech.com\/wp-content\/uploads\/2023\/03\/2-Hydroxy-Phosphonoacetic-Acid-HPAA.png 600w, https:\/\/vcycletech.com\/wp-content\/uploads\/2023\/03\/2-Hydroxy-Phosphonoacetic-Acid-HPAA-300x200.png 300w\" sizes=\"(max-width: 600px) 100vw, 600px\" \/><\/p>\n<h3><strong>Propri\u00e9t\u00e9s HPAA\uff1a<\/strong><\/h3>\n<p>HPAA est un compos\u00e9 chimique tr\u00e8s efficace et fiable avec de nombreuses propri\u00e9t\u00e9s b\u00e9n\u00e9fiques. Il est chimiquement stable, ce qui signifie qu&#039;il n&#039;est pas facilement d\u00e9compos\u00e9 par les acides ou les bases, ce qui le rend sans danger pour l&#039;homme, sans toxicit\u00e9 ni polluants. De plus, l&#039;HPAA a une solubilit\u00e9 sup\u00e9rieure du zinc et des capacit\u00e9s d&#039;inhibition de la corrosion qui sont cinq \u00e0 huit fois meilleures que l&#039;HEDP et l&#039;EDTMP. Lorsqu&#039;il est combin\u00e9 avec des polym\u00e8res de faible poids mol\u00e9culaire, l&#039;effet inhibiteur de corrosion du HPAA peut \u00eatre consid\u00e9rablement am\u00e9lior\u00e9. Tout cela fait du HPAA un choix id\u00e9al pour les applications industrielles n\u00e9cessitant une s\u00e9curit\u00e9 et une efficacit\u00e9 accrues.<\/p>\n<h3>Sp\u00e9cification HPAA\u00a0:<\/h3>\n<div id=\"footable_parent_856\"\n         class=\"footable_parent ninja_table_wrapper loading_ninja_table wp_table_data_press_parent semantic_ui\">\n                <table data-ninja_table_instance=\"ninja_table_instance_0\" data-footable_id=\"856\" data-filter-delay=\"1000\" aria-label=\"HPAA (acide 2-hydroxy phosphonoac\u00e9tique).csv\"            id=\"footable_856\"\n           data-unique_identifier=\"ninja_table_unique_id_2719001324_856\"\n           class=\"foo-table ninja_footable foo_table_856 ninja_table_unique_id_2719001324_856 ui table  nt_type_legacy_table selectable striped vertical_centered  footable-paging-right ninja_table_pro\">\n                <colgroup>\n                            <col class=\"ninja_column_0\">\n                            <col class=\"ninja_column_1\">\n                    <\/colgroup>\n        <thead>\n<tr class=\"footable-header\">\n                                        <th scope=\"col\"  class=\"ninja_column_0 ninja_clmn_nm_items\">Articles<\/th><th scope=\"col\"  class=\"ninja_column_1 ninja_clmn_nm_index\">Indice<\/th><\/tr>\n<\/thead>\n<tbody>\n\n        <tr data-row_id=\"59\" class=\"ninja_table_row_0 nt_row_id_59\">\n            <td>Apparence<\/td><td>Liquide d&#039;ombre fonc\u00e9e<\/td>        <\/tr>\n            <tr data-row_id=\"60\" class=\"ninja_table_row_1 nt_row_id_60\">\n            <td>Contenu solide %<\/td><td>50,0 minutes<\/td>        <\/tr>\n            <tr data-row_id=\"61\" class=\"ninja_table_row_2 nt_row_id_61\">\n            <td>Acide phosphonique total (comme PO43-)%<\/td><td>25,0 minutes<\/td>        <\/tr>\n            <tr data-row_id=\"62\" class=\"ninja_table_row_3 nt_row_id_62\">\n            <td>Acide phosphorique (comme PO43- )%<\/td><td>1,5 maximum<\/td>        <\/tr>\n            <tr data-row_id=\"63\" class=\"ninja_table_row_4 nt_row_id_63\">\n            <td>Densit\u00e9 (20\u2103) g\/cm3<\/td><td>1h30<\/td>        <\/tr>\n            <tr data-row_id=\"64\" class=\"ninja_table_row_5 nt_row_id_64\">\n            <td>pH (solution aqueuse 1%)<\/td><td>3,0 maximum<\/td>        <\/tr>\n    <\/tbody><!--ninja_tobody_rendering_done-->\n    <\/table>\n    \n    \n    \n<\/div>\n\n<h3>Usage:<\/h3>\n<p>HPAA est un compos\u00e9 polyvalent et fiable, ce qui le rend id\u00e9al pour les inhibiteurs de corrosion cathodique dans les syst\u00e8mes d&#039;eau de remplissage des champs p\u00e9trolif\u00e8res. Il a \u00e9t\u00e9 couramment utilis\u00e9 dans des industries telles que l&#039;acier et le fer, la p\u00e9trochimie, les centrales \u00e9lectriques et les domaines m\u00e9dicaux avec une efficacit\u00e9 sup\u00e9rieure. Lorsqu&#039;il est combin\u00e9 avec du sel de zinc, l&#039;effet de protection contre la corrosion du HPAA peut \u00eatre consid\u00e9rablement am\u00e9lior\u00e9, ce qui en fait une option encore plus attrayante pour ces zones.<\/p>\n<h3>Emballage et stockage\u00a0:<\/h3>\n<p>F\u00fbt en plastique 200L, IBC (1000L), exigence des clients. Stockage pendant un an dans une pi\u00e8ce ombrag\u00e9e et un endroit sec.<\/p>\n<p><a href=\"https:\/\/vcycletech.com\/fr\/categorie-de-produit\/phosphonates-antitartre-inhibiteur-de-corrosion\/\">Obtenez la solution compl\u00e8te d&#039;antitartre et d&#039;inhibiteur de corrosion aux phosphonates<\/a><\/p>","protected":false},"excerpt":{"rendered":"<p>HPAA (acide 2-hydroxy phosphonoac\u00e9tique) est un liquide incolore \u00e0 jaune clair avec une odeur rappelant l&#039;acide ac\u00e9tique. HPAA est soluble dans l&#039;eau et les solvants organiques. Il a une faible volatilit\u00e9 et un point d&#039;\u00e9bullition \u00e9lev\u00e9. HPAA trouve une utilisation dans la production de produits pharmaceutiques, agrochimiques et de colorants. Si vous recherchez un fournisseur fiable de HPAA (acide 2-hydroxy phosphonoac\u00e9tique), vcycletech est votre meilleur choix. Nous offrons des produits de haute qualit\u00e9 \u00e0 des prix comp\u00e9titifs. Contactez-nous d\u00e8s aujourd&#039;hui pour en savoir plus sur nos produits et services.<\/p>","protected":false},"featured_media":826,"template":"","meta":{"site-sidebar-layout":"default","site-content-layout":"default","ast-site-content-layout":"default","site-content-style":"default","site-sidebar-style":"default","ast-global-header-display":"","ast-banner-title-visibility":"","ast-main-header-display":"","ast-hfb-above-header-display":"","ast-hfb-below-header-display":"","ast-hfb-mobile-header-display":"","site-post-title":"","ast-breadcrumbs-content":"","ast-featured-img":"","footer-sml-layout":"","ast-disable-related-posts":"","theme-transparent-header-meta":"default","adv-header-id-meta":"","stick-header-meta":"default","header-above-stick-meta":"","header-main-stick-meta":"","header-below-stick-meta":"","astra-migrate-meta-layouts":"default","ast-page-background-enabled":"default","ast-page-background-meta":{"desktop":{"background-color":"","background-image":"","background-repeat":"repeat","background-position":"center center","background-size":"auto","background-attachment":"scroll","background-type":"","background-media":"","overlay-type":"","overlay-color":"","overlay-opacity":"","overlay-gradient":""},"tablet":{"background-color":"","background-image":"","background-repeat":"repeat","background-position":"center center","background-size":"auto","background-attachment":"scroll","background-type":"","background-media":"","overlay-type":"","overlay-color":"","overlay-opacity":"","overlay-gradient":""},"mobile":{"background-color":"","background-image":"","background-repeat":"repeat","background-position":"center center","background-size":"auto","background-attachment":"scroll","background-type":"","background-media":"","overlay-type":"","overlay-color":"","overlay-opacity":"","overlay-gradient":""}},"ast-content-background-meta":{"desktop":{"background-color":"var(--ast-global-color-5)","background-image":"","background-repeat":"repeat","background-position":"center center","background-size":"auto","background-attachment":"scroll","background-type":"","background-media":"","overlay-type":"","overlay-color":"","overlay-opacity":"","overlay-gradient":""},"tablet":{"background-color":"var(--ast-global-color-5)","background-image":"","background-repeat":"repeat","background-position":"center center","background-size":"auto","background-attachment":"scroll","background-type":"","background-media":"","overlay-type":"","overlay-color":"","overlay-opacity":"","overlay-gradient":""},"mobile":{"background-color":"var(--ast-global-color-5)","background-image":"","background-repeat":"repeat","background-position":"center center","background-size":"auto","background-attachment":"scroll","background-type":"","background-media":"","overlay-type":"","overlay-color":"","overlay-opacity":"","overlay-gradient":""}}},"product_brand":[],"product_cat":[15],"product_tag":[],"class_list":{"0":"post-822","1":"product","2":"type-product","3":"status-publish","4":"has-post-thumbnail","6":"product_cat-phosphonates-antiscalant-corrosion-inhibitor","7":"desktop-align-left","8":"tablet-align-left","9":"mobile-align-left","10":"ast-product-gallery-layout-horizontal-slider","11":"ast-product-gallery-with-no-image","12":"ast-product-tabs-layout-horizontal","14":"first","15":"instock","16":"shipping-taxable","17":"product-type-simple"},"yoast_head":"<!-- This site is optimized with the Yoast SEO Premium plugin v26.3 (Yoast SEO v27.3) - https:\/\/yoast.com\/product\/yoast-seo-premium-wordpress\/ -->\n<title>HPAA(2-Hydroxy Phosphonoacetic Acid) - vcycletech<\/title>\n<meta name=\"description\" content=\"HPAA(2-Hydroxy Phosphonoacetic Acid) is a colorless to yellowish, hygroscopic crystalline powder with a weak ammonia odor. It is soluble in water and slightly soluble in alcohol. It is used as an intermediate in the manufacture of agrochemicals, dyestuffs and pharmaceuticals.\" \/>\n<meta name=\"robots\" content=\"index, follow, max-snippet:-1, max-image-preview:large, max-video-preview:-1\" \/>\n<link rel=\"canonical\" href=\"https:\/\/vcycletech.com\/fr\/produit\/acide-hpaa2-hydroxy-phosphonoacetique\/\" \/>\n<meta property=\"og:locale\" content=\"fr_FR\" \/>\n<meta property=\"og:type\" content=\"article\" \/>\n<meta property=\"og:title\" content=\"HPAA(2-Hydroxy Phosphonoacetic Acid)\" \/>\n<meta property=\"og:description\" content=\"HPAA(2-Hydroxy Phosphonoacetic Acid) is a colorless to yellowish, hygroscopic crystalline powder with a weak ammonia odor. It is soluble in water and slightly soluble in alcohol. It is used as an intermediate in the manufacture of agrochemicals, dyestuffs and pharmaceuticals.\" \/>\n<meta property=\"og:url\" content=\"https:\/\/vcycletech.com\/fr\/produit\/acide-hpaa2-hydroxy-phosphonoacetique\/\" \/>\n<meta property=\"og:site_name\" content=\"vcycletech\" \/>\n<meta property=\"article:modified_time\" content=\"2023-03-27T07:09:32+00:00\" \/>\n<meta property=\"og:image\" content=\"https:\/\/vcycletech.com\/wp-content\/uploads\/2023\/03\/HPAA2-Hydroxy-Phosphonoacetic-Acid.png\" \/>\n\t<meta property=\"og:image:width\" content=\"600\" \/>\n\t<meta property=\"og:image:height\" content=\"600\" \/>\n\t<meta property=\"og:image:type\" content=\"image\/png\" \/>\n<meta name=\"twitter:card\" content=\"summary_large_image\" \/>\n<meta name=\"twitter:label1\" content=\"Dur\u00e9e de lecture estim\u00e9e\" \/>\n\t<meta name=\"twitter:data1\" content=\"2 minutes\" \/>\n<script type=\"application\/ld+json\" class=\"yoast-schema-graph\">{\"@context\":\"https:\\\/\\\/schema.org\",\"@graph\":[{\"@type\":\"WebPage\",\"@id\":\"https:\\\/\\\/vcycletech.com\\\/product\\\/hpaa2-hydroxy-phosphonoacetic-acid\\\/\",\"url\":\"https:\\\/\\\/vcycletech.com\\\/product\\\/hpaa2-hydroxy-phosphonoacetic-acid\\\/\",\"name\":\"HPAA(2-Hydroxy Phosphonoacetic Acid) - vcycletech\",\"isPartOf\":{\"@id\":\"https:\\\/\\\/vcycletech.com\\\/#website\"},\"primaryImageOfPage\":{\"@id\":\"https:\\\/\\\/vcycletech.com\\\/product\\\/hpaa2-hydroxy-phosphonoacetic-acid\\\/#primaryimage\"},\"image\":{\"@id\":\"https:\\\/\\\/vcycletech.com\\\/product\\\/hpaa2-hydroxy-phosphonoacetic-acid\\\/#primaryimage\"},\"thumbnailUrl\":\"https:\\\/\\\/vcycletech.com\\\/wp-content\\\/uploads\\\/2023\\\/03\\\/HPAA2-Hydroxy-Phosphonoacetic-Acid.png\",\"datePublished\":\"2023-03-17T02:22:11+00:00\",\"dateModified\":\"2023-03-27T07:09:32+00:00\",\"description\":\"HPAA(2-Hydroxy Phosphonoacetic Acid) is a colorless to yellowish, hygroscopic crystalline powder with a weak ammonia odor. It is soluble in water and slightly soluble in alcohol. It is used as an intermediate in the manufacture of agrochemicals, dyestuffs and pharmaceuticals.\",\"breadcrumb\":{\"@id\":\"https:\\\/\\\/vcycletech.com\\\/product\\\/hpaa2-hydroxy-phosphonoacetic-acid\\\/#breadcrumb\"},\"inLanguage\":\"fr-FR\",\"potentialAction\":[{\"@type\":\"ReadAction\",\"target\":[\"https:\\\/\\\/vcycletech.com\\\/product\\\/hpaa2-hydroxy-phosphonoacetic-acid\\\/\"]}]},{\"@type\":\"ImageObject\",\"inLanguage\":\"fr-FR\",\"@id\":\"https:\\\/\\\/vcycletech.com\\\/product\\\/hpaa2-hydroxy-phosphonoacetic-acid\\\/#primaryimage\",\"url\":\"https:\\\/\\\/vcycletech.com\\\/wp-content\\\/uploads\\\/2023\\\/03\\\/HPAA2-Hydroxy-Phosphonoacetic-Acid.png\",\"contentUrl\":\"https:\\\/\\\/vcycletech.com\\\/wp-content\\\/uploads\\\/2023\\\/03\\\/HPAA2-Hydroxy-Phosphonoacetic-Acid.png\",\"width\":600,\"height\":600,\"caption\":\"HPAA(2-Hydroxy Phosphonoacetic Acid)\"},{\"@type\":\"BreadcrumbList\",\"@id\":\"https:\\\/\\\/vcycletech.com\\\/product\\\/hpaa2-hydroxy-phosphonoacetic-acid\\\/#breadcrumb\",\"itemListElement\":[{\"@type\":\"ListItem\",\"position\":1,\"name\":\"Home\",\"item\":\"https:\\\/\\\/vcycletech.com\\\/\"},{\"@type\":\"ListItem\",\"position\":2,\"name\":\"Water Treatment Chemicals Manufacturer\",\"item\":\"https:\\\/\\\/vcycletech.com\\\/water-treatment-chemicals-manufacturer\\\/\"},{\"@type\":\"ListItem\",\"position\":3,\"name\":\"HPAA(2-Hydroxy Phosphonoacetic Acid)\"}]},{\"@type\":\"WebSite\",\"@id\":\"https:\\\/\\\/vcycletech.com\\\/#website\",\"url\":\"https:\\\/\\\/vcycletech.com\\\/\",\"name\":\"vcycletech\",\"description\":\"China&#039;s top water treatment chemicals supplier\",\"publisher\":{\"@id\":\"https:\\\/\\\/vcycletech.com\\\/#organization\"},\"potentialAction\":[{\"@type\":\"SearchAction\",\"target\":{\"@type\":\"EntryPoint\",\"urlTemplate\":\"https:\\\/\\\/vcycletech.com\\\/?s={search_term_string}\"},\"query-input\":{\"@type\":\"PropertyValueSpecification\",\"valueRequired\":true,\"valueName\":\"search_term_string\"}}],\"inLanguage\":\"fr-FR\"},{\"@type\":\"Organization\",\"@id\":\"https:\\\/\\\/vcycletech.com\\\/#organization\",\"name\":\"vcycletech\",\"url\":\"https:\\\/\\\/vcycletech.com\\\/\",\"logo\":{\"@type\":\"ImageObject\",\"inLanguage\":\"fr-FR\",\"@id\":\"https:\\\/\\\/vcycletech.com\\\/#\\\/schema\\\/logo\\\/image\\\/\",\"url\":\"https:\\\/\\\/vcycletech.com\\\/wp-content\\\/uploads\\\/2023\\\/03\\\/logo-vcycletech-1.png\",\"contentUrl\":\"https:\\\/\\\/vcycletech.com\\\/wp-content\\\/uploads\\\/2023\\\/03\\\/logo-vcycletech-1.png\",\"width\":600,\"height\":400,\"caption\":\"vcycletech\"},\"image\":{\"@id\":\"https:\\\/\\\/vcycletech.com\\\/#\\\/schema\\\/logo\\\/image\\\/\"}}]}<\/script>\n<!-- \/ Yoast SEO Premium plugin. -->","yoast_head_json":{"title":"HPAA (acide 2-hydroxy phosphonoac\u00e9tique) - vcycletech","description":"HPAA (acide 2-hydroxy phosphonoac\u00e9tique) est une poudre cristalline hygroscopique incolore \u00e0 jaun\u00e2tre avec une faible odeur d&#039;ammoniac. Il est soluble dans l&#039;eau et l\u00e9g\u00e8rement soluble dans l&#039;alcool. Il est utilis\u00e9 comme interm\u00e9diaire dans la fabrication de produits agrochimiques, de colorants et de produits pharmaceutiques.","robots":{"index":"index","follow":"follow","max-snippet":"max-snippet:-1","max-image-preview":"max-image-preview:large","max-video-preview":"max-video-preview:-1"},"canonical":"https:\/\/vcycletech.com\/fr\/produit\/acide-hpaa2-hydroxy-phosphonoacetique\/","og_locale":"fr_FR","og_type":"article","og_title":"HPAA(2-Hydroxy Phosphonoacetic Acid)","og_description":"HPAA(2-Hydroxy Phosphonoacetic Acid) is a colorless to yellowish, hygroscopic crystalline powder with a weak ammonia odor. It is soluble in water and slightly soluble in alcohol. It is used as an intermediate in the manufacture of agrochemicals, dyestuffs and pharmaceuticals.","og_url":"https:\/\/vcycletech.com\/fr\/produit\/acide-hpaa2-hydroxy-phosphonoacetique\/","og_site_name":"vcycletech","article_modified_time":"2023-03-27T07:09:32+00:00","og_image":[{"width":600,"height":600,"url":"https:\/\/vcycletech.com\/wp-content\/uploads\/2023\/03\/HPAA2-Hydroxy-Phosphonoacetic-Acid.png","type":"image\/png"}],"twitter_card":"summary_large_image","twitter_misc":{"Dur\u00e9e de lecture estim\u00e9e":"2 minutes"},"schema":{"@context":"https:\/\/schema.org","@graph":[{"@type":"WebPage","@id":"https:\/\/vcycletech.com\/product\/hpaa2-hydroxy-phosphonoacetic-acid\/","url":"https:\/\/vcycletech.com\/product\/hpaa2-hydroxy-phosphonoacetic-acid\/","name":"HPAA (acide 2-hydroxy phosphonoac\u00e9tique) - vcycletech","isPartOf":{"@id":"https:\/\/vcycletech.com\/#website"},"primaryImageOfPage":{"@id":"https:\/\/vcycletech.com\/product\/hpaa2-hydroxy-phosphonoacetic-acid\/#primaryimage"},"image":{"@id":"https:\/\/vcycletech.com\/product\/hpaa2-hydroxy-phosphonoacetic-acid\/#primaryimage"},"thumbnailUrl":"https:\/\/vcycletech.com\/wp-content\/uploads\/2023\/03\/HPAA2-Hydroxy-Phosphonoacetic-Acid.png","datePublished":"2023-03-17T02:22:11+00:00","dateModified":"2023-03-27T07:09:32+00:00","description":"HPAA (acide 2-hydroxy phosphonoac\u00e9tique) est une poudre cristalline hygroscopique incolore \u00e0 jaun\u00e2tre avec une faible odeur d&#039;ammoniac. Il est soluble dans l&#039;eau et l\u00e9g\u00e8rement soluble dans l&#039;alcool. Il est utilis\u00e9 comme interm\u00e9diaire dans la fabrication de produits agrochimiques, de colorants et de produits pharmaceutiques.","breadcrumb":{"@id":"https:\/\/vcycletech.com\/product\/hpaa2-hydroxy-phosphonoacetic-acid\/#breadcrumb"},"inLanguage":"fr-FR","potentialAction":[{"@type":"ReadAction","target":["https:\/\/vcycletech.com\/product\/hpaa2-hydroxy-phosphonoacetic-acid\/"]}]},{"@type":"ImageObject","inLanguage":"fr-FR","@id":"https:\/\/vcycletech.com\/product\/hpaa2-hydroxy-phosphonoacetic-acid\/#primaryimage","url":"https:\/\/vcycletech.com\/wp-content\/uploads\/2023\/03\/HPAA2-Hydroxy-Phosphonoacetic-Acid.png","contentUrl":"https:\/\/vcycletech.com\/wp-content\/uploads\/2023\/03\/HPAA2-Hydroxy-Phosphonoacetic-Acid.png","width":600,"height":600,"caption":"HPAA(2-Hydroxy Phosphonoacetic Acid)"},{"@type":"BreadcrumbList","@id":"https:\/\/vcycletech.com\/product\/hpaa2-hydroxy-phosphonoacetic-acid\/#breadcrumb","itemListElement":[{"@type":"ListItem","position":1,"name":"Home","item":"https:\/\/vcycletech.com\/"},{"@type":"ListItem","position":2,"name":"Water Treatment Chemicals Manufacturer","item":"https:\/\/vcycletech.com\/water-treatment-chemicals-manufacturer\/"},{"@type":"ListItem","position":3,"name":"HPAA(2-Hydroxy Phosphonoacetic Acid)"}]},{"@type":"WebSite","@id":"https:\/\/vcycletech.com\/#website","url":"https:\/\/vcycletech.com\/","name":"vcycletech","description":"Meilleur fournisseur de produits chimiques pour le traitement de l&#039;eau en Chine","publisher":{"@id":"https:\/\/vcycletech.com\/#organization"},"potentialAction":[{"@type":"SearchAction","target":{"@type":"EntryPoint","urlTemplate":"https:\/\/vcycletech.com\/?s={search_term_string}"},"query-input":{"@type":"PropertyValueSpecification","valueRequired":true,"valueName":"search_term_string"}}],"inLanguage":"fr-FR"},{"@type":"Organization","@id":"https:\/\/vcycletech.com\/#organization","name":"vcycletech","url":"https:\/\/vcycletech.com\/","logo":{"@type":"ImageObject","inLanguage":"fr-FR","@id":"https:\/\/vcycletech.com\/#\/schema\/logo\/image\/","url":"https:\/\/vcycletech.com\/wp-content\/uploads\/2023\/03\/logo-vcycletech-1.png","contentUrl":"https:\/\/vcycletech.com\/wp-content\/uploads\/2023\/03\/logo-vcycletech-1.png","width":600,"height":400,"caption":"vcycletech"},"image":{"@id":"https:\/\/vcycletech.com\/#\/schema\/logo\/image\/"}}]}},"_links":{"self":[{"href":"https:\/\/vcycletech.com\/fr\/wp-json\/wp\/v2\/product\/822","targetHints":{"allow":["GET"]}}],"collection":[{"href":"https:\/\/vcycletech.com\/fr\/wp-json\/wp\/v2\/product"}],"about":[{"href":"https:\/\/vcycletech.com\/fr\/wp-json\/wp\/v2\/types\/product"}],"wp:featuredmedia":[{"embeddable":true,"href":"https:\/\/vcycletech.com\/fr\/wp-json\/wp\/v2\/media\/826"}],"wp:attachment":[{"href":"https:\/\/vcycletech.com\/fr\/wp-json\/wp\/v2\/media?parent=822"}],"wp:term":[{"taxonomy":"product_brand","embeddable":true,"href":"https:\/\/vcycletech.com\/fr\/wp-json\/wp\/v2\/product_brand?post=822"},{"taxonomy":"product_cat","embeddable":true,"href":"https:\/\/vcycletech.com\/fr\/wp-json\/wp\/v2\/product_cat?post=822"},{"taxonomy":"product_tag","embeddable":true,"href":"https:\/\/vcycletech.com\/fr\/wp-json\/wp\/v2\/product_tag?post=822"}],"curies":[{"name":"wp","href":"https:\/\/api.w.org\/{rel}","templated":true}]}}