{"id":814,"date":"2023-03-17T02:26:42","date_gmt":"2023-03-17T02:26:42","guid":{"rendered":"https:\/\/vcycletech.com\/?post_type=product&#038;p=814"},"modified":"2023-03-18T01:43:42","modified_gmt":"2023-03-18T01:43:42","slug":"atmpna4tetra-sel-sodique-de-lacide-amino-trimethylene-phosphonique","status":"publish","type":"product","link":"https:\/\/vcycletech.com\/fr\/produit\/atmpna4tetra-sel-sodique-de-lacide-amino-trimethylene-phosphonique\/","title":{"rendered":"ATMP\u2022Na4 (sel t\u00e9trasodique d&#039;acide amino trim\u00e9thyl\u00e8ne phosphonique)"},"content":{"rendered":"<h3>N\u00b0 CAS 20592-85-2<\/h3>\n<h3>Formule mol\u00e9culaire : C3H8NO9P3Na4<\/h3>\n<h3>Poids mol\u00e9culaire : 387<\/h3>\n<h3>Formule structurelle:<\/h3>\n<figure id=\"attachment_824\" aria-describedby=\"caption-attachment-824\" style=\"width: 600px\" class=\"wp-caption alignnone\"><img fetchpriority=\"high\" decoding=\"async\" class=\"size-full wp-image-824\" src=\"https:\/\/vcycletech.com\/wp-content\/uploads\/2023\/03\/004-2.png\" alt=\"ATMP\u2022Na4\" width=\"600\" height=\"600\" srcset=\"https:\/\/vcycletech.com\/wp-content\/uploads\/2023\/03\/004-2.png 600w, https:\/\/vcycletech.com\/wp-content\/uploads\/2023\/03\/004-2-100x100.png 100w, https:\/\/vcycletech.com\/wp-content\/uploads\/2023\/03\/004-2-300x300.png 300w, https:\/\/vcycletech.com\/wp-content\/uploads\/2023\/03\/004-2-150x150.png 150w\" sizes=\"(max-width: 600px) 100vw, 600px\" \/><figcaption id=\"caption-attachment-824\" class=\"wp-caption-text\">ATMP\u2022Na4<\/figcaption><\/figure>\n<h3>Propri\u00e9t\u00e9s ATMP\u2022Na4\u00a0:<\/h3>\n<p><strong>ATMP\u2022Na4<\/strong> est le sel de l&#039;ATMP et un inhibiteur efficace du carbonate de calcium dans les syst\u00e8mes d&#039;eau. Il peut \u00eatre utilis\u00e9 pour faire circuler les syst\u00e8mes de refroidissement dans les centrales \u00e9lectriques, les usines de raffinage de p\u00e9trole et les syst\u00e8mes d&#039;eau de remplissage des champs p\u00e9trolif\u00e8res en raison de ses effets synergiques sonores avec d&#039;autres additifs. De plus, dans des conditions neutres \u00e0 acides, aucune odeur d&#039;ammoniac n&#039;est d\u00e9gag\u00e9e.<\/p>\n<h3>Sp\u00e9cification:<\/h3>\n<div id=\"footable_parent_825\"\n         class=\"footable_parent ninja_table_wrapper loading_ninja_table wp_table_data_press_parent semantic_ui\">\n                <table data-ninja_table_instance=\"ninja_table_instance_0\" data-footable_id=\"825\" data-filter-delay=\"1000\" aria-label=\"ATMP\u2022Na4.csv\"            id=\"footable_825\"\n           data-unique_identifier=\"ninja_table_unique_id_457485439_825\"\n           class=\"foo-table ninja_footable foo_table_825 ninja_table_unique_id_457485439_825 ui table  nt_type_legacy_table selectable striped vertical_centered  footable-paging-right ninja_table_pro\">\n                <colgroup>\n                            <col class=\"ninja_column_0\">\n                            <col class=\"ninja_column_1\">\n                    <\/colgroup>\n        <thead>\n<tr class=\"footable-header\">\n                                        <th scope=\"col\"  class=\"ninja_column_0 ninja_clmn_nm_items\">articles<\/th><th scope=\"col\"  class=\"ninja_column_1 ninja_clmn_nm_index\">indice<\/th><\/tr>\n<\/thead>\n<tbody>\n\n        <tr data-row_id=\"45\" class=\"ninja_table_row_0 nt_row_id_45\">\n            <td>Apparence<\/td><td>Liquide transparent incolore ou jaune clair<\/td>        <\/tr>\n            <tr data-row_id=\"46\" class=\"ninja_table_row_1 nt_row_id_46\">\n            <td>Contenu actif (ATMP)%  <\/td><td>29.4-32.4<\/td>        <\/tr>\n            <tr data-row_id=\"47\" class=\"ninja_table_row_2 nt_row_id_47\">\n            <td>Contenu actif (ATMP\u2022Na4) %<\/td><td>38.0-42.0<\/td>        <\/tr>\n            <tr data-row_id=\"48\" class=\"ninja_table_row_3 nt_row_id_48\">\n            <td>PH (solution aqueuse 1%)<\/td><td>6.5-7.5<\/td>        <\/tr>\n            <tr data-row_id=\"49\" class=\"ninja_table_row_4 nt_row_id_49\">\n            <td>Fe\uff0cmg\/L \u2264<\/td><td>35<\/td>        <\/tr>\n            <tr data-row_id=\"50\" class=\"ninja_table_row_5 nt_row_id_50\">\n            <td>Densit\u00e9 (20\u2103) g\/cm3<\/td><td>1.35-1.45<\/td>        <\/tr>\n    <\/tbody><!--ninja_tobody_rendering_done-->\n    <\/table>\n    \n    \n    \n<\/div>\n\n<h3>Utilisation ATMP\u2022Na4\u00a0:<\/h3>\n<p><strong>ATMP\u2022Na4<\/strong> peut \u00eatre combin\u00e9 avec un autre acide organophosphor\u00e9, un acide polycarboxylique et un sel pour cr\u00e9er des agents alcalins organiques, fournissant une qualit\u00e9 d&#039;eau appropri\u00e9e pour faire circuler d&#039;excellents syst\u00e8mes d&#039;eau. Il est efficace dans tous les types d&#039;applications.<\/p>\n<h3>Emballage et stockage\u00a0:<\/h3>\n<p>F\u00fbt en plastique 200L, IBC (1000L), exigence des clients. Stockage pendant dix mois dans une pi\u00e8ce ombrag\u00e9e et un endroit sec.<\/p>\n<div data-zone-id=\"0\" data-line-index=\"0\" data-line=\"true\"><a href=\"https:\/\/vcycletech.com\/fr\/phosphonates\/\"><strong>Obtenez la solution compl\u00e8te de phosphonates<\/strong><\/a><\/div>","protected":false},"excerpt":{"rendered":"<p><strong>ATMP\u2022Na4 (sel t\u00e9trasodique d&#039;acide amino trim\u00e9thyl\u00e8ne phosphonique)<\/strong> est un liquide incolore \u00e0 jaune clair soluble dans l&#039;eau. Ce produit peut \u00eatre utilis\u00e9 comme inhibiteur de corrosion, inhibiteur de tartre et constructeur de d\u00e9tergents dans les excellents syst\u00e8mes de circulation d&#039;eau industriels, l&#039;eau d&#039;alimentation des chaudi\u00e8res, le syst\u00e8me de traitement des effluents des usines textiles, les usines de transformation des aliments et des boissons, les teintureries et les papeteries. Il r\u00e9pond aux exigences de la FCC (Food Chemical Codex), de la CEE (Communaut\u00e9 \u00e9conomique europ\u00e9enne), de la JIS (norme industrielle japonaise) et de la GB (norme nationale chinoise). Bienvenue \u00e0 nous contacter pour plus d&#039;informations.<\/p>","protected":false},"featured_media":819,"template":"","meta":{"site-sidebar-layout":"default","site-content-layout":"default","ast-site-content-layout":"default","site-content-style":"default","site-sidebar-style":"default","ast-global-header-display":"","ast-banner-title-visibility":"","ast-main-header-display":"","ast-hfb-above-header-display":"","ast-hfb-below-header-display":"","ast-hfb-mobile-header-display":"","site-post-title":"","ast-breadcrumbs-content":"","ast-featured-img":"","footer-sml-layout":"","ast-disable-related-posts":"","theme-transparent-header-meta":"default","adv-header-id-meta":"","stick-header-meta":"default","header-above-stick-meta":"","header-main-stick-meta":"","header-below-stick-meta":"","astra-migrate-meta-layouts":"default","ast-page-background-enabled":"default","ast-page-background-meta":{"desktop":{"background-color":"","background-image":"","background-repeat":"repeat","background-position":"center center","background-size":"auto","background-attachment":"scroll","background-type":"","background-media":"","overlay-type":"","overlay-color":"","overlay-opacity":"","overlay-gradient":""},"tablet":{"background-color":"","background-image":"","background-repeat":"repeat","background-position":"center center","background-size":"auto","background-attachment":"scroll","background-type":"","background-media":"","overlay-type":"","overlay-color":"","overlay-opacity":"","overlay-gradient":""},"mobile":{"background-color":"","background-image":"","background-repeat":"repeat","background-position":"center center","background-size":"auto","background-attachment":"scroll","background-type":"","background-media":"","overlay-type":"","overlay-color":"","overlay-opacity":"","overlay-gradient":""}},"ast-content-background-meta":{"desktop":{"background-color":"var(--ast-global-color-5)","background-image":"","background-repeat":"repeat","background-position":"center center","background-size":"auto","background-attachment":"scroll","background-type":"","background-media":"","overlay-type":"","overlay-color":"","overlay-opacity":"","overlay-gradient":""},"tablet":{"background-color":"var(--ast-global-color-5)","background-image":"","background-repeat":"repeat","background-position":"center center","background-size":"auto","background-attachment":"scroll","background-type":"","background-media":"","overlay-type":"","overlay-color":"","overlay-opacity":"","overlay-gradient":""},"mobile":{"background-color":"var(--ast-global-color-5)","background-image":"","background-repeat":"repeat","background-position":"center center","background-size":"auto","background-attachment":"scroll","background-type":"","background-media":"","overlay-type":"","overlay-color":"","overlay-opacity":"","overlay-gradient":""}}},"product_brand":[],"product_cat":[27],"product_tag":[],"class_list":{"0":"post-814","1":"product","2":"type-product","3":"status-publish","4":"has-post-thumbnail","6":"product_cat-salts-of-phosphonates","7":"desktop-align-left","8":"tablet-align-left","9":"mobile-align-left","10":"ast-product-gallery-layout-horizontal-slider","11":"ast-product-tabs-layout-horizontal","13":"first","14":"instock","15":"shipping-taxable","16":"product-type-simple"},"yoast_head":"<!-- This site is optimized with the Yoast SEO Premium plugin v26.3 (Yoast SEO v27.3) - https:\/\/yoast.com\/product\/yoast-seo-premium-wordpress\/ -->\n<title>ATMP\u2022Na4(Tetra Sodium Salt of Amino Trimethylene Phosphonic Acid) - vcycletech<\/title>\n<meta name=\"description\" content=\"ATMP\u2022Na4 is an excellent chelating agent for metal ions. It sequesters the metal ions by forming complexes, which prevents them from interacting with other functional groups in the polymer matrix or substrate.\" \/>\n<meta name=\"robots\" content=\"index, follow, max-snippet:-1, max-image-preview:large, max-video-preview:-1\" \/>\n<link rel=\"canonical\" href=\"https:\/\/vcycletech.com\/fr\/produit\/atmpna4tetra-sel-sodique-de-lacide-amino-trimethylene-phosphonique\/\" \/>\n<meta property=\"og:locale\" content=\"fr_FR\" \/>\n<meta property=\"og:type\" content=\"article\" \/>\n<meta property=\"og:title\" content=\"ATMP\u2022Na4(Tetra Sodium Salt of Amino Trimethylene Phosphonic Acid)\" \/>\n<meta property=\"og:description\" content=\"ATMP\u2022Na4 is an excellent chelating agent for metal ions. It sequesters the metal ions by forming complexes, which prevents them from interacting with other functional groups in the polymer matrix or substrate.\" \/>\n<meta property=\"og:url\" content=\"https:\/\/vcycletech.com\/fr\/produit\/atmpna4tetra-sel-sodique-de-lacide-amino-trimethylene-phosphonique\/\" \/>\n<meta property=\"og:site_name\" content=\"vcycletech\" \/>\n<meta property=\"article:modified_time\" content=\"2023-03-18T01:43:42+00:00\" \/>\n<meta property=\"og:image\" content=\"https:\/\/vcycletech.com\/wp-content\/uploads\/2023\/03\/6.png\" \/>\n\t<meta property=\"og:image:width\" content=\"600\" \/>\n\t<meta property=\"og:image:height\" content=\"600\" \/>\n\t<meta property=\"og:image:type\" content=\"image\/png\" \/>\n<meta name=\"twitter:card\" content=\"summary_large_image\" \/>\n<meta name=\"twitter:label1\" content=\"Dur\u00e9e de lecture estim\u00e9e\" \/>\n\t<meta name=\"twitter:data1\" content=\"1 minute\" \/>\n<script type=\"application\/ld+json\" class=\"yoast-schema-graph\">{\"@context\":\"https:\\\/\\\/schema.org\",\"@graph\":[{\"@type\":\"WebPage\",\"@id\":\"https:\\\/\\\/vcycletech.com\\\/product\\\/atmpna4tetra-sodium-salt-of-amino-trimethylene-phosphonic-acid\\\/\",\"url\":\"https:\\\/\\\/vcycletech.com\\\/product\\\/atmpna4tetra-sodium-salt-of-amino-trimethylene-phosphonic-acid\\\/\",\"name\":\"ATMP\u2022Na4(Tetra Sodium Salt of Amino Trimethylene Phosphonic Acid) - vcycletech\",\"isPartOf\":{\"@id\":\"https:\\\/\\\/vcycletech.com\\\/#website\"},\"primaryImageOfPage\":{\"@id\":\"https:\\\/\\\/vcycletech.com\\\/product\\\/atmpna4tetra-sodium-salt-of-amino-trimethylene-phosphonic-acid\\\/#primaryimage\"},\"image\":{\"@id\":\"https:\\\/\\\/vcycletech.com\\\/product\\\/atmpna4tetra-sodium-salt-of-amino-trimethylene-phosphonic-acid\\\/#primaryimage\"},\"thumbnailUrl\":\"https:\\\/\\\/vcycletech.com\\\/wp-content\\\/uploads\\\/2023\\\/03\\\/6.png\",\"datePublished\":\"2023-03-17T02:26:42+00:00\",\"dateModified\":\"2023-03-18T01:43:42+00:00\",\"description\":\"ATMP\u2022Na4 is an excellent chelating agent for metal ions. It sequesters the metal ions by forming complexes, which prevents them from interacting with other functional groups in the polymer matrix or substrate.\",\"breadcrumb\":{\"@id\":\"https:\\\/\\\/vcycletech.com\\\/product\\\/atmpna4tetra-sodium-salt-of-amino-trimethylene-phosphonic-acid\\\/#breadcrumb\"},\"inLanguage\":\"fr-FR\",\"potentialAction\":[{\"@type\":\"ReadAction\",\"target\":[\"https:\\\/\\\/vcycletech.com\\\/product\\\/atmpna4tetra-sodium-salt-of-amino-trimethylene-phosphonic-acid\\\/\"]}]},{\"@type\":\"ImageObject\",\"inLanguage\":\"fr-FR\",\"@id\":\"https:\\\/\\\/vcycletech.com\\\/product\\\/atmpna4tetra-sodium-salt-of-amino-trimethylene-phosphonic-acid\\\/#primaryimage\",\"url\":\"https:\\\/\\\/vcycletech.com\\\/wp-content\\\/uploads\\\/2023\\\/03\\\/6.png\",\"contentUrl\":\"https:\\\/\\\/vcycletech.com\\\/wp-content\\\/uploads\\\/2023\\\/03\\\/6.png\",\"width\":600,\"height\":600,\"caption\":\"ATMP\u2022Na4(Tetra Sodium Salt of Amino Trimethylene Phosphonic Acid)\"},{\"@type\":\"BreadcrumbList\",\"@id\":\"https:\\\/\\\/vcycletech.com\\\/product\\\/atmpna4tetra-sodium-salt-of-amino-trimethylene-phosphonic-acid\\\/#breadcrumb\",\"itemListElement\":[{\"@type\":\"ListItem\",\"position\":1,\"name\":\"Home\",\"item\":\"https:\\\/\\\/vcycletech.com\\\/\"},{\"@type\":\"ListItem\",\"position\":2,\"name\":\"Water Treatment Chemicals Manufacturer\",\"item\":\"https:\\\/\\\/vcycletech.com\\\/water-treatment-chemicals-manufacturer\\\/\"},{\"@type\":\"ListItem\",\"position\":3,\"name\":\"ATMP\u2022Na4(Tetra Sodium Salt of Amino Trimethylene Phosphonic Acid)\"}]},{\"@type\":\"WebSite\",\"@id\":\"https:\\\/\\\/vcycletech.com\\\/#website\",\"url\":\"https:\\\/\\\/vcycletech.com\\\/\",\"name\":\"vcycletech\",\"description\":\"China&#039;s top water treatment chemicals supplier\",\"publisher\":{\"@id\":\"https:\\\/\\\/vcycletech.com\\\/#organization\"},\"potentialAction\":[{\"@type\":\"SearchAction\",\"target\":{\"@type\":\"EntryPoint\",\"urlTemplate\":\"https:\\\/\\\/vcycletech.com\\\/?s={search_term_string}\"},\"query-input\":{\"@type\":\"PropertyValueSpecification\",\"valueRequired\":true,\"valueName\":\"search_term_string\"}}],\"inLanguage\":\"fr-FR\"},{\"@type\":\"Organization\",\"@id\":\"https:\\\/\\\/vcycletech.com\\\/#organization\",\"name\":\"vcycletech\",\"url\":\"https:\\\/\\\/vcycletech.com\\\/\",\"logo\":{\"@type\":\"ImageObject\",\"inLanguage\":\"fr-FR\",\"@id\":\"https:\\\/\\\/vcycletech.com\\\/#\\\/schema\\\/logo\\\/image\\\/\",\"url\":\"https:\\\/\\\/vcycletech.com\\\/wp-content\\\/uploads\\\/2023\\\/03\\\/logo-vcycletech-1.png\",\"contentUrl\":\"https:\\\/\\\/vcycletech.com\\\/wp-content\\\/uploads\\\/2023\\\/03\\\/logo-vcycletech-1.png\",\"width\":600,\"height\":400,\"caption\":\"vcycletech\"},\"image\":{\"@id\":\"https:\\\/\\\/vcycletech.com\\\/#\\\/schema\\\/logo\\\/image\\\/\"}}]}<\/script>\n<!-- \/ Yoast SEO Premium plugin. -->","yoast_head_json":{"title":"ATMP\u2022Na4 (sel t\u00e9trasodique d&#039;acide amino trim\u00e9thyl\u00e8ne phosphonique) - vcycletech","description":"L&#039;ATMP\u2022Na4 est un excellent agent ch\u00e9latant pour les ions m\u00e9talliques. Il s\u00e9questre les ions m\u00e9talliques en formant des complexes, ce qui les emp\u00eache d&#039;interagir avec d&#039;autres groupes fonctionnels dans la matrice ou le substrat polym\u00e8re.","robots":{"index":"index","follow":"follow","max-snippet":"max-snippet:-1","max-image-preview":"max-image-preview:large","max-video-preview":"max-video-preview:-1"},"canonical":"https:\/\/vcycletech.com\/fr\/produit\/atmpna4tetra-sel-sodique-de-lacide-amino-trimethylene-phosphonique\/","og_locale":"fr_FR","og_type":"article","og_title":"ATMP\u2022Na4(Tetra Sodium Salt of Amino Trimethylene Phosphonic Acid)","og_description":"ATMP\u2022Na4 is an excellent chelating agent for metal ions. It sequesters the metal ions by forming complexes, which prevents them from interacting with other functional groups in the polymer matrix or substrate.","og_url":"https:\/\/vcycletech.com\/fr\/produit\/atmpna4tetra-sel-sodique-de-lacide-amino-trimethylene-phosphonique\/","og_site_name":"vcycletech","article_modified_time":"2023-03-18T01:43:42+00:00","og_image":[{"width":600,"height":600,"url":"https:\/\/vcycletech.com\/wp-content\/uploads\/2023\/03\/6.png","type":"image\/png"}],"twitter_card":"summary_large_image","twitter_misc":{"Dur\u00e9e de lecture estim\u00e9e":"1 minute"},"schema":{"@context":"https:\/\/schema.org","@graph":[{"@type":"WebPage","@id":"https:\/\/vcycletech.com\/product\/atmpna4tetra-sodium-salt-of-amino-trimethylene-phosphonic-acid\/","url":"https:\/\/vcycletech.com\/product\/atmpna4tetra-sodium-salt-of-amino-trimethylene-phosphonic-acid\/","name":"ATMP\u2022Na4 (sel t\u00e9trasodique d&#039;acide amino trim\u00e9thyl\u00e8ne phosphonique) - vcycletech","isPartOf":{"@id":"https:\/\/vcycletech.com\/#website"},"primaryImageOfPage":{"@id":"https:\/\/vcycletech.com\/product\/atmpna4tetra-sodium-salt-of-amino-trimethylene-phosphonic-acid\/#primaryimage"},"image":{"@id":"https:\/\/vcycletech.com\/product\/atmpna4tetra-sodium-salt-of-amino-trimethylene-phosphonic-acid\/#primaryimage"},"thumbnailUrl":"https:\/\/vcycletech.com\/wp-content\/uploads\/2023\/03\/6.png","datePublished":"2023-03-17T02:26:42+00:00","dateModified":"2023-03-18T01:43:42+00:00","description":"L&#039;ATMP\u2022Na4 est un excellent agent ch\u00e9latant pour les ions m\u00e9talliques. Il s\u00e9questre les ions m\u00e9talliques en formant des complexes, ce qui les emp\u00eache d&#039;interagir avec d&#039;autres groupes fonctionnels dans la matrice ou le substrat polym\u00e8re.","breadcrumb":{"@id":"https:\/\/vcycletech.com\/product\/atmpna4tetra-sodium-salt-of-amino-trimethylene-phosphonic-acid\/#breadcrumb"},"inLanguage":"fr-FR","potentialAction":[{"@type":"ReadAction","target":["https:\/\/vcycletech.com\/product\/atmpna4tetra-sodium-salt-of-amino-trimethylene-phosphonic-acid\/"]}]},{"@type":"ImageObject","inLanguage":"fr-FR","@id":"https:\/\/vcycletech.com\/product\/atmpna4tetra-sodium-salt-of-amino-trimethylene-phosphonic-acid\/#primaryimage","url":"https:\/\/vcycletech.com\/wp-content\/uploads\/2023\/03\/6.png","contentUrl":"https:\/\/vcycletech.com\/wp-content\/uploads\/2023\/03\/6.png","width":600,"height":600,"caption":"ATMP\u2022Na4(Tetra Sodium Salt of Amino Trimethylene Phosphonic Acid)"},{"@type":"BreadcrumbList","@id":"https:\/\/vcycletech.com\/product\/atmpna4tetra-sodium-salt-of-amino-trimethylene-phosphonic-acid\/#breadcrumb","itemListElement":[{"@type":"ListItem","position":1,"name":"Home","item":"https:\/\/vcycletech.com\/"},{"@type":"ListItem","position":2,"name":"Water Treatment Chemicals Manufacturer","item":"https:\/\/vcycletech.com\/water-treatment-chemicals-manufacturer\/"},{"@type":"ListItem","position":3,"name":"ATMP\u2022Na4(Tetra Sodium Salt of Amino Trimethylene Phosphonic Acid)"}]},{"@type":"WebSite","@id":"https:\/\/vcycletech.com\/#website","url":"https:\/\/vcycletech.com\/","name":"vcycletech","description":"Meilleur fournisseur de produits chimiques pour le traitement de l&#039;eau en Chine","publisher":{"@id":"https:\/\/vcycletech.com\/#organization"},"potentialAction":[{"@type":"SearchAction","target":{"@type":"EntryPoint","urlTemplate":"https:\/\/vcycletech.com\/?s={search_term_string}"},"query-input":{"@type":"PropertyValueSpecification","valueRequired":true,"valueName":"search_term_string"}}],"inLanguage":"fr-FR"},{"@type":"Organization","@id":"https:\/\/vcycletech.com\/#organization","name":"vcycletech","url":"https:\/\/vcycletech.com\/","logo":{"@type":"ImageObject","inLanguage":"fr-FR","@id":"https:\/\/vcycletech.com\/#\/schema\/logo\/image\/","url":"https:\/\/vcycletech.com\/wp-content\/uploads\/2023\/03\/logo-vcycletech-1.png","contentUrl":"https:\/\/vcycletech.com\/wp-content\/uploads\/2023\/03\/logo-vcycletech-1.png","width":600,"height":400,"caption":"vcycletech"},"image":{"@id":"https:\/\/vcycletech.com\/#\/schema\/logo\/image\/"}}]}},"_links":{"self":[{"href":"https:\/\/vcycletech.com\/fr\/wp-json\/wp\/v2\/product\/814","targetHints":{"allow":["GET"]}}],"collection":[{"href":"https:\/\/vcycletech.com\/fr\/wp-json\/wp\/v2\/product"}],"about":[{"href":"https:\/\/vcycletech.com\/fr\/wp-json\/wp\/v2\/types\/product"}],"wp:featuredmedia":[{"embeddable":true,"href":"https:\/\/vcycletech.com\/fr\/wp-json\/wp\/v2\/media\/819"}],"wp:attachment":[{"href":"https:\/\/vcycletech.com\/fr\/wp-json\/wp\/v2\/media?parent=814"}],"wp:term":[{"taxonomy":"product_brand","embeddable":true,"href":"https:\/\/vcycletech.com\/fr\/wp-json\/wp\/v2\/product_brand?post=814"},{"taxonomy":"product_cat","embeddable":true,"href":"https:\/\/vcycletech.com\/fr\/wp-json\/wp\/v2\/product_cat?post=814"},{"taxonomy":"product_tag","embeddable":true,"href":"https:\/\/vcycletech.com\/fr\/wp-json\/wp\/v2\/product_tag?post=814"}],"curies":[{"name":"wp","href":"https:\/\/api.w.org\/{rel}","templated":true}]}}