{"id":811,"date":"2023-03-17T02:05:25","date_gmt":"2023-03-17T02:05:25","guid":{"rendered":"https:\/\/vcycletech.com\/?post_type=product&#038;p=811"},"modified":"2023-03-27T07:08:19","modified_gmt":"2023-03-27T07:08:19","slug":"acide-pbtc-chimique2-phosphonobutane-124-tricarboxylique","status":"publish","type":"product","link":"https:\/\/vcycletech.com\/fr\/produit\/acide-pbtc-chimique2-phosphonobutane-124-tricarboxylique\/","title":{"rendered":"Produit chimique PBTC (acide 2-phosphonobutane -1,2,4-tricarboxylique)"},"content":{"rendered":"<h3>N\u00b0 CAS 37971-36-1<\/h3>\n<h3>Formule mol\u00e9culaire : C7H11O9P<\/h3>\n<h3>Poids mol\u00e9culaire\u00a0: 270,13<\/h3>\n<h3>Formule structurelle:<\/h3>\n<p><img fetchpriority=\"high\" decoding=\"async\" class=\"size-medium wp-image-816 aligncenter\" src=\"https:\/\/vcycletech.com\/wp-content\/uploads\/2023\/03\/PBTC-Chemical2-Phosphonobutane-124-Tricarboxylic-Acid-Structural-Formula-300x200.png\" alt=\"Produit chimique PBTC (acide 2-phosphonobutane -1,2,4-tricarboxylique) - Formule d\u00e9velopp\u00e9e\" width=\"300\" height=\"200\" srcset=\"https:\/\/vcycletech.com\/wp-content\/uploads\/2023\/03\/PBTC-Chemical2-Phosphonobutane-124-Tricarboxylic-Acid-Structural-Formula-300x200.png 300w, https:\/\/vcycletech.com\/wp-content\/uploads\/2023\/03\/PBTC-Chemical2-Phosphonobutane-124-Tricarboxylic-Acid-Structural-Formula.png 600w\" sizes=\"(max-width: 300px) 100vw, 300px\" \/><\/p>\n<h3><strong>Propri\u00e9t\u00e9s chimiques du PBTC :<\/strong><\/h3>\n<p><strong>PBTC<\/strong> est un compos\u00e9 \u00e0 faible teneur en acide phosphorique avec les caract\u00e9ristiques structurelles des acides phosphorique et carboxylique. Ses propri\u00e9t\u00e9s antitartre \u00e0 haute temp\u00e9rature sont bien meilleures que celles des organophosphines, ce qui en fait un choix id\u00e9al pour le contr\u00f4le du tartre et de la corrosion. De plus, il am\u00e9liore la solubilit\u00e9 du sel de zinc et pr\u00e9sente une bonne tol\u00e9rance \u00e0 l&#039;oxydation du chlore et une synergie composite.<\/p>\n<h3><strong>Sp\u00e9cification chimique PBTC\u00a0:<\/strong><\/h3>\n<div id=\"footable_parent_817\"\n         class=\"footable_parent ninja_table_wrapper loading_ninja_table wp_table_data_press_parent semantic_ui\">\n                <table data-ninja_table_instance=\"ninja_table_instance_0\" data-footable_id=\"817\" data-filter-delay=\"1000\" aria-label=\"Produit chimique PBTC (acide 2-phosphonobutane -1,2,4-tricarboxylique).csv\"            id=\"footable_817\"\n           data-unique_identifier=\"ninja_table_unique_id_3294939235_817\"\n           class=\"foo-table ninja_footable foo_table_817 ninja_table_unique_id_3294939235_817 ui table  nt_type_legacy_table selectable striped vertical_centered  footable-paging-right ninja_table_pro\">\n                <colgroup>\n                            <col class=\"ninja_column_0\">\n                            <col class=\"ninja_column_1\">\n                    <\/colgroup>\n        <thead>\n<tr class=\"footable-header\">\n                                        <th scope=\"col\"  class=\"ninja_column_0 ninja_clmn_nm_items\">Articles<\/th><th scope=\"col\"  class=\"ninja_column_1 ninja_clmn_nm_index\">Indice<\/th><\/tr>\n<\/thead>\n<tbody>\n\n        <tr data-row_id=\"37\" class=\"ninja_table_row_0 nt_row_id_37\">\n            <td>Apparence<\/td><td>Solution aqueuse limpide, incolore \u00e0 jaune p\u00e2le<\/td>        <\/tr>\n            <tr data-row_id=\"38\" class=\"ninja_table_row_1 nt_row_id_38\">\n            <td>Acide actif %<\/td><td>50,0 minutes<\/td>        <\/tr>\n            <tr data-row_id=\"39\" class=\"ninja_table_row_2 nt_row_id_39\">\n            <td>Acide phosphoreux (comme PO33-)%<\/td><td>0,5 maximum<\/td>        <\/tr>\n            <tr data-row_id=\"40\" class=\"ninja_table_row_3 nt_row_id_40\">\n            <td>Acide phosphorique (comme PO43-)%<\/td><td>0,2 maximum<\/td>        <\/tr>\n            <tr data-row_id=\"41\" class=\"ninja_table_row_4 nt_row_id_41\">\n            <td>Densit\u00e9 (20\u2103) g\/cm3<\/td><td>1,27 min<\/td>        <\/tr>\n            <tr data-row_id=\"42\" class=\"ninja_table_row_5 nt_row_id_42\">\n            <td>pH (solution aqueuse 1%)<\/td><td>1.5~2.0<\/td>        <\/tr>\n            <tr data-row_id=\"43\" class=\"ninja_table_row_6 nt_row_id_43\">\n            <td>Fe, mg\/l<\/td><td>10,0 maximum<\/td>        <\/tr>\n            <tr data-row_id=\"44\" class=\"ninja_table_row_7 nt_row_id_44\">\n            <td>Chlorure mg\/L<\/td><td>10,0 maximum<\/td>        <\/tr>\n    <\/tbody><!--ninja_tobody_rendering_done-->\n    <\/table>\n    \n    \n    \n<\/div>\n\n<h3><strong>Usage:<\/strong><\/h3>\n<p>Le PBTC est un inhibiteur de tartre et de corrosion tr\u00e8s efficace, ce qui en fait un choix populaire dans les syst\u00e8mes de circulation d&#039;eau froide et de remplissage des champs p\u00e9trolif\u00e8res. Il peut \u00e9galement \u00eatre utilis\u00e9 comme agent ch\u00e9lateur et d\u00e9tergent m\u00e9tallique dans les champs de lavage. Ses excellentes propri\u00e9t\u00e9s stabilisatrices pour le sel de zinc le rendent id\u00e9al pour les environnements \u00e0 haute temp\u00e9rature, duret\u00e9, alcali et concentration.<\/p>\n<p>Lorsqu&#039;il est utilis\u00e9 seul, la dose recommand\u00e9e est de 5 \u00e0 15 mg\/L. Cependant, il est g\u00e9n\u00e9ralement combin\u00e9 avec du sel de zinc, un copolym\u00e8re, de l&#039;organophosphine, de l&#039;imidazole ou d&#039;autres produits chimiques de traitement de l&#039;eau pour obtenir de meilleurs r\u00e9sultats.<\/p>\n<h3>Emballage et stockage\u00a0:<\/h3>\n<p>F\u00fbt en plastique 200L, IBC (1000L), exigence des clients. Stockage pendant un an dans une pi\u00e8ce ombrag\u00e9e et un endroit sec.<\/p>\n<h3>Protection de s\u00e9curit\u00e9:<\/h3>\n<p>Acidit\u00e9, \u00c9viter le contact avec les yeux et la peau ; une fois en contact, rincer \u00e0 l&#039;eau.<\/p>\n<div data-zone-id=\"0\" data-line-index=\"0\" data-line=\"true\"><a href=\"https:\/\/vcycletech.com\/fr\/categorie-de-produit\/phosphonates-antitartre-inhibiteur-de-corrosion\/\">Obtenez la solution compl\u00e8te d&#039;antitartre et d&#039;inhibiteur de corrosion aux phosphonates<\/a>.<\/div>","protected":false},"excerpt":{"rendered":"<p><strong>Produit chimique PBTC (acide 2-phosphonobutane -1,2,4-tricarboxylique)<\/strong> est un liquide transparent incolore. Il a une bonne solubilit\u00e9 dans l&#039;eau et l&#039;\u00e9thanol. Le produit est l\u00e9g\u00e8rement acide.<br \/>\nElle produit principalement des produits interm\u00e9diaires en r\u00e9sine polyester, des adh\u00e9sifs, des mastics et des rev\u00eatements.<\/p>\n<p>Si vous recherchez une qualit\u00e9 <strong>Produit chimique PBTC (acide 2-phosphonobutane -1,2,4-tricarboxylique)<\/strong>, alors vous ne pouvez pas vous tromper avec vcycletech. Nous sommes un fournisseur professionnel bas\u00e9 en Chine, offrant les meilleurs produits aux meilleurs prix. Contactez-nous d\u00e8s aujourd&#039;hui pour en savoir plus\u00a0!<\/p>","protected":false},"featured_media":813,"template":"","meta":{"site-sidebar-layout":"default","site-content-layout":"default","ast-site-content-layout":"default","site-content-style":"default","site-sidebar-style":"default","ast-global-header-display":"","ast-banner-title-visibility":"","ast-main-header-display":"","ast-hfb-above-header-display":"","ast-hfb-below-header-display":"","ast-hfb-mobile-header-display":"","site-post-title":"","ast-breadcrumbs-content":"","ast-featured-img":"","footer-sml-layout":"","ast-disable-related-posts":"","theme-transparent-header-meta":"default","adv-header-id-meta":"","stick-header-meta":"default","header-above-stick-meta":"","header-main-stick-meta":"","header-below-stick-meta":"","astra-migrate-meta-layouts":"default","ast-page-background-enabled":"default","ast-page-background-meta":{"desktop":{"background-color":"","background-image":"","background-repeat":"repeat","background-position":"center center","background-size":"auto","background-attachment":"scroll","background-type":"","background-media":"","overlay-type":"","overlay-color":"","overlay-opacity":"","overlay-gradient":""},"tablet":{"background-color":"","background-image":"","background-repeat":"repeat","background-position":"center center","background-size":"auto","background-attachment":"scroll","background-type":"","background-media":"","overlay-type":"","overlay-color":"","overlay-opacity":"","overlay-gradient":""},"mobile":{"background-color":"","background-image":"","background-repeat":"repeat","background-position":"center center","background-size":"auto","background-attachment":"scroll","background-type":"","background-media":"","overlay-type":"","overlay-color":"","overlay-opacity":"","overlay-gradient":""}},"ast-content-background-meta":{"desktop":{"background-color":"var(--ast-global-color-5)","background-image":"","background-repeat":"repeat","background-position":"center center","background-size":"auto","background-attachment":"scroll","background-type":"","background-media":"","overlay-type":"","overlay-color":"","overlay-opacity":"","overlay-gradient":""},"tablet":{"background-color":"var(--ast-global-color-5)","background-image":"","background-repeat":"repeat","background-position":"center center","background-size":"auto","background-attachment":"scroll","background-type":"","background-media":"","overlay-type":"","overlay-color":"","overlay-opacity":"","overlay-gradient":""},"mobile":{"background-color":"var(--ast-global-color-5)","background-image":"","background-repeat":"repeat","background-position":"center center","background-size":"auto","background-attachment":"scroll","background-type":"","background-media":"","overlay-type":"","overlay-color":"","overlay-opacity":"","overlay-gradient":""}}},"product_brand":[],"product_cat":[15],"product_tag":[],"class_list":{"0":"post-811","1":"product","2":"type-product","3":"status-publish","4":"has-post-thumbnail","6":"product_cat-phosphonates-antiscalant-corrosion-inhibitor","7":"desktop-align-left","8":"tablet-align-left","9":"mobile-align-left","10":"ast-product-gallery-layout-horizontal-slider","11":"ast-product-gallery-with-no-image","12":"ast-product-tabs-layout-horizontal","14":"first","15":"instock","16":"shipping-taxable","17":"product-type-simple"},"yoast_head":"<!-- This site is optimized with the Yoast SEO Premium plugin v26.3 (Yoast SEO v27.3) - https:\/\/yoast.com\/product\/yoast-seo-premium-wordpress\/ -->\n<title>PBTC Chemical(2-Phosphonobutane -1,2,4-Tricarboxylic Acid) - vcycletech<\/title>\n<meta name=\"description\" content=\"PBTC Chemical(2-Phosphonobutane -1,2,4-Tricarboxylic Acid) is a white powder. It is soluble in water and slightly soluble in ethanol. This product is a good chelating agent.\" \/>\n<meta name=\"robots\" content=\"index, follow, max-snippet:-1, max-image-preview:large, max-video-preview:-1\" \/>\n<link rel=\"canonical\" href=\"https:\/\/vcycletech.com\/fr\/produit\/acide-pbtc-chimique2-phosphonobutane-124-tricarboxylique\/\" \/>\n<meta property=\"og:locale\" content=\"fr_FR\" \/>\n<meta property=\"og:type\" content=\"article\" \/>\n<meta property=\"og:title\" content=\"PBTC Chemical(2-Phosphonobutane -1,2,4-Tricarboxylic Acid)\" \/>\n<meta property=\"og:description\" content=\"PBTC Chemical(2-Phosphonobutane -1,2,4-Tricarboxylic Acid) is a white powder. It is soluble in water and slightly soluble in ethanol. This product is a good chelating agent.\" \/>\n<meta property=\"og:url\" content=\"https:\/\/vcycletech.com\/fr\/produit\/acide-pbtc-chimique2-phosphonobutane-124-tricarboxylique\/\" \/>\n<meta property=\"og:site_name\" content=\"vcycletech\" \/>\n<meta property=\"article:modified_time\" content=\"2023-03-27T07:08:19+00:00\" \/>\n<meta property=\"og:image\" content=\"https:\/\/vcycletech.com\/wp-content\/uploads\/2023\/03\/PBTC-Chemical2-Phosphonobutane-124-Tricarboxylic-Acid.png\" \/>\n\t<meta property=\"og:image:width\" content=\"600\" \/>\n\t<meta property=\"og:image:height\" content=\"600\" \/>\n\t<meta property=\"og:image:type\" content=\"image\/png\" \/>\n<meta name=\"twitter:card\" content=\"summary_large_image\" \/>\n<meta name=\"twitter:label1\" content=\"Dur\u00e9e de lecture estim\u00e9e\" \/>\n\t<meta name=\"twitter:data1\" content=\"2 minutes\" \/>\n<script type=\"application\/ld+json\" class=\"yoast-schema-graph\">{\"@context\":\"https:\\\/\\\/schema.org\",\"@graph\":[{\"@type\":\"WebPage\",\"@id\":\"https:\\\/\\\/vcycletech.com\\\/product\\\/pbtc-chemical2-phosphonobutane-124-tricarboxylic-acid\\\/\",\"url\":\"https:\\\/\\\/vcycletech.com\\\/product\\\/pbtc-chemical2-phosphonobutane-124-tricarboxylic-acid\\\/\",\"name\":\"PBTC Chemical(2-Phosphonobutane -1,2,4-Tricarboxylic Acid) - vcycletech\",\"isPartOf\":{\"@id\":\"https:\\\/\\\/vcycletech.com\\\/#website\"},\"primaryImageOfPage\":{\"@id\":\"https:\\\/\\\/vcycletech.com\\\/product\\\/pbtc-chemical2-phosphonobutane-124-tricarboxylic-acid\\\/#primaryimage\"},\"image\":{\"@id\":\"https:\\\/\\\/vcycletech.com\\\/product\\\/pbtc-chemical2-phosphonobutane-124-tricarboxylic-acid\\\/#primaryimage\"},\"thumbnailUrl\":\"https:\\\/\\\/vcycletech.com\\\/wp-content\\\/uploads\\\/2023\\\/03\\\/PBTC-Chemical2-Phosphonobutane-124-Tricarboxylic-Acid.png\",\"datePublished\":\"2023-03-17T02:05:25+00:00\",\"dateModified\":\"2023-03-27T07:08:19+00:00\",\"description\":\"PBTC Chemical(2-Phosphonobutane -1,2,4-Tricarboxylic Acid) is a white powder. It is soluble in water and slightly soluble in ethanol. This product is a good chelating agent.\",\"breadcrumb\":{\"@id\":\"https:\\\/\\\/vcycletech.com\\\/product\\\/pbtc-chemical2-phosphonobutane-124-tricarboxylic-acid\\\/#breadcrumb\"},\"inLanguage\":\"fr-FR\",\"potentialAction\":[{\"@type\":\"ReadAction\",\"target\":[\"https:\\\/\\\/vcycletech.com\\\/product\\\/pbtc-chemical2-phosphonobutane-124-tricarboxylic-acid\\\/\"]}]},{\"@type\":\"ImageObject\",\"inLanguage\":\"fr-FR\",\"@id\":\"https:\\\/\\\/vcycletech.com\\\/product\\\/pbtc-chemical2-phosphonobutane-124-tricarboxylic-acid\\\/#primaryimage\",\"url\":\"https:\\\/\\\/vcycletech.com\\\/wp-content\\\/uploads\\\/2023\\\/03\\\/PBTC-Chemical2-Phosphonobutane-124-Tricarboxylic-Acid.png\",\"contentUrl\":\"https:\\\/\\\/vcycletech.com\\\/wp-content\\\/uploads\\\/2023\\\/03\\\/PBTC-Chemical2-Phosphonobutane-124-Tricarboxylic-Acid.png\",\"width\":600,\"height\":600,\"caption\":\"PBTC Chemical(2-Phosphonobutane -1,2,4-Tricarboxylic Acid)\"},{\"@type\":\"BreadcrumbList\",\"@id\":\"https:\\\/\\\/vcycletech.com\\\/product\\\/pbtc-chemical2-phosphonobutane-124-tricarboxylic-acid\\\/#breadcrumb\",\"itemListElement\":[{\"@type\":\"ListItem\",\"position\":1,\"name\":\"Home\",\"item\":\"https:\\\/\\\/vcycletech.com\\\/\"},{\"@type\":\"ListItem\",\"position\":2,\"name\":\"Water Treatment Chemicals Manufacturer\",\"item\":\"https:\\\/\\\/vcycletech.com\\\/water-treatment-chemicals-manufacturer\\\/\"},{\"@type\":\"ListItem\",\"position\":3,\"name\":\"PBTC Chemical(2-Phosphonobutane -1,2,4-Tricarboxylic Acid)\"}]},{\"@type\":\"WebSite\",\"@id\":\"https:\\\/\\\/vcycletech.com\\\/#website\",\"url\":\"https:\\\/\\\/vcycletech.com\\\/\",\"name\":\"vcycletech\",\"description\":\"China&#039;s top water treatment chemicals supplier\",\"publisher\":{\"@id\":\"https:\\\/\\\/vcycletech.com\\\/#organization\"},\"potentialAction\":[{\"@type\":\"SearchAction\",\"target\":{\"@type\":\"EntryPoint\",\"urlTemplate\":\"https:\\\/\\\/vcycletech.com\\\/?s={search_term_string}\"},\"query-input\":{\"@type\":\"PropertyValueSpecification\",\"valueRequired\":true,\"valueName\":\"search_term_string\"}}],\"inLanguage\":\"fr-FR\"},{\"@type\":\"Organization\",\"@id\":\"https:\\\/\\\/vcycletech.com\\\/#organization\",\"name\":\"vcycletech\",\"url\":\"https:\\\/\\\/vcycletech.com\\\/\",\"logo\":{\"@type\":\"ImageObject\",\"inLanguage\":\"fr-FR\",\"@id\":\"https:\\\/\\\/vcycletech.com\\\/#\\\/schema\\\/logo\\\/image\\\/\",\"url\":\"https:\\\/\\\/vcycletech.com\\\/wp-content\\\/uploads\\\/2023\\\/03\\\/logo-vcycletech-1.png\",\"contentUrl\":\"https:\\\/\\\/vcycletech.com\\\/wp-content\\\/uploads\\\/2023\\\/03\\\/logo-vcycletech-1.png\",\"width\":600,\"height\":400,\"caption\":\"vcycletech\"},\"image\":{\"@id\":\"https:\\\/\\\/vcycletech.com\\\/#\\\/schema\\\/logo\\\/image\\\/\"}}]}<\/script>\n<!-- \/ Yoast SEO Premium plugin. -->","yoast_head_json":{"title":"Produit chimique PBTC (acide 2-phosphonobutane -1,2,4-tricarboxylique) - vcycletech","description":"PBTC Chemical (acide 2-phosphonobutane -1,2,4-tricarboxylique) est une poudre blanche. Il est soluble dans l&#039;eau et l\u00e9g\u00e8rement soluble dans l&#039;\u00e9thanol. Ce produit est un bon agent ch\u00e9lateur.","robots":{"index":"index","follow":"follow","max-snippet":"max-snippet:-1","max-image-preview":"max-image-preview:large","max-video-preview":"max-video-preview:-1"},"canonical":"https:\/\/vcycletech.com\/fr\/produit\/acide-pbtc-chimique2-phosphonobutane-124-tricarboxylique\/","og_locale":"fr_FR","og_type":"article","og_title":"PBTC Chemical(2-Phosphonobutane -1,2,4-Tricarboxylic Acid)","og_description":"PBTC Chemical(2-Phosphonobutane -1,2,4-Tricarboxylic Acid) is a white powder. It is soluble in water and slightly soluble in ethanol. This product is a good chelating agent.","og_url":"https:\/\/vcycletech.com\/fr\/produit\/acide-pbtc-chimique2-phosphonobutane-124-tricarboxylique\/","og_site_name":"vcycletech","article_modified_time":"2023-03-27T07:08:19+00:00","og_image":[{"width":600,"height":600,"url":"https:\/\/vcycletech.com\/wp-content\/uploads\/2023\/03\/PBTC-Chemical2-Phosphonobutane-124-Tricarboxylic-Acid.png","type":"image\/png"}],"twitter_card":"summary_large_image","twitter_misc":{"Dur\u00e9e de lecture estim\u00e9e":"2 minutes"},"schema":{"@context":"https:\/\/schema.org","@graph":[{"@type":"WebPage","@id":"https:\/\/vcycletech.com\/product\/pbtc-chemical2-phosphonobutane-124-tricarboxylic-acid\/","url":"https:\/\/vcycletech.com\/product\/pbtc-chemical2-phosphonobutane-124-tricarboxylic-acid\/","name":"Produit chimique PBTC (acide 2-phosphonobutane -1,2,4-tricarboxylique) - vcycletech","isPartOf":{"@id":"https:\/\/vcycletech.com\/#website"},"primaryImageOfPage":{"@id":"https:\/\/vcycletech.com\/product\/pbtc-chemical2-phosphonobutane-124-tricarboxylic-acid\/#primaryimage"},"image":{"@id":"https:\/\/vcycletech.com\/product\/pbtc-chemical2-phosphonobutane-124-tricarboxylic-acid\/#primaryimage"},"thumbnailUrl":"https:\/\/vcycletech.com\/wp-content\/uploads\/2023\/03\/PBTC-Chemical2-Phosphonobutane-124-Tricarboxylic-Acid.png","datePublished":"2023-03-17T02:05:25+00:00","dateModified":"2023-03-27T07:08:19+00:00","description":"PBTC Chemical (acide 2-phosphonobutane -1,2,4-tricarboxylique) est une poudre blanche. Il est soluble dans l&#039;eau et l\u00e9g\u00e8rement soluble dans l&#039;\u00e9thanol. Ce produit est un bon agent ch\u00e9lateur.","breadcrumb":{"@id":"https:\/\/vcycletech.com\/product\/pbtc-chemical2-phosphonobutane-124-tricarboxylic-acid\/#breadcrumb"},"inLanguage":"fr-FR","potentialAction":[{"@type":"ReadAction","target":["https:\/\/vcycletech.com\/product\/pbtc-chemical2-phosphonobutane-124-tricarboxylic-acid\/"]}]},{"@type":"ImageObject","inLanguage":"fr-FR","@id":"https:\/\/vcycletech.com\/product\/pbtc-chemical2-phosphonobutane-124-tricarboxylic-acid\/#primaryimage","url":"https:\/\/vcycletech.com\/wp-content\/uploads\/2023\/03\/PBTC-Chemical2-Phosphonobutane-124-Tricarboxylic-Acid.png","contentUrl":"https:\/\/vcycletech.com\/wp-content\/uploads\/2023\/03\/PBTC-Chemical2-Phosphonobutane-124-Tricarboxylic-Acid.png","width":600,"height":600,"caption":"PBTC Chemical(2-Phosphonobutane -1,2,4-Tricarboxylic Acid)"},{"@type":"BreadcrumbList","@id":"https:\/\/vcycletech.com\/product\/pbtc-chemical2-phosphonobutane-124-tricarboxylic-acid\/#breadcrumb","itemListElement":[{"@type":"ListItem","position":1,"name":"Home","item":"https:\/\/vcycletech.com\/"},{"@type":"ListItem","position":2,"name":"Water Treatment Chemicals Manufacturer","item":"https:\/\/vcycletech.com\/water-treatment-chemicals-manufacturer\/"},{"@type":"ListItem","position":3,"name":"PBTC Chemical(2-Phosphonobutane -1,2,4-Tricarboxylic Acid)"}]},{"@type":"WebSite","@id":"https:\/\/vcycletech.com\/#website","url":"https:\/\/vcycletech.com\/","name":"vcycletech","description":"Meilleur fournisseur de produits chimiques pour le traitement de l&#039;eau en Chine","publisher":{"@id":"https:\/\/vcycletech.com\/#organization"},"potentialAction":[{"@type":"SearchAction","target":{"@type":"EntryPoint","urlTemplate":"https:\/\/vcycletech.com\/?s={search_term_string}"},"query-input":{"@type":"PropertyValueSpecification","valueRequired":true,"valueName":"search_term_string"}}],"inLanguage":"fr-FR"},{"@type":"Organization","@id":"https:\/\/vcycletech.com\/#organization","name":"vcycletech","url":"https:\/\/vcycletech.com\/","logo":{"@type":"ImageObject","inLanguage":"fr-FR","@id":"https:\/\/vcycletech.com\/#\/schema\/logo\/image\/","url":"https:\/\/vcycletech.com\/wp-content\/uploads\/2023\/03\/logo-vcycletech-1.png","contentUrl":"https:\/\/vcycletech.com\/wp-content\/uploads\/2023\/03\/logo-vcycletech-1.png","width":600,"height":400,"caption":"vcycletech"},"image":{"@id":"https:\/\/vcycletech.com\/#\/schema\/logo\/image\/"}}]}},"_links":{"self":[{"href":"https:\/\/vcycletech.com\/fr\/wp-json\/wp\/v2\/product\/811","targetHints":{"allow":["GET"]}}],"collection":[{"href":"https:\/\/vcycletech.com\/fr\/wp-json\/wp\/v2\/product"}],"about":[{"href":"https:\/\/vcycletech.com\/fr\/wp-json\/wp\/v2\/types\/product"}],"wp:featuredmedia":[{"embeddable":true,"href":"https:\/\/vcycletech.com\/fr\/wp-json\/wp\/v2\/media\/813"}],"wp:attachment":[{"href":"https:\/\/vcycletech.com\/fr\/wp-json\/wp\/v2\/media?parent=811"}],"wp:term":[{"taxonomy":"product_brand","embeddable":true,"href":"https:\/\/vcycletech.com\/fr\/wp-json\/wp\/v2\/product_brand?post=811"},{"taxonomy":"product_cat","embeddable":true,"href":"https:\/\/vcycletech.com\/fr\/wp-json\/wp\/v2\/product_cat?post=811"},{"taxonomy":"product_tag","embeddable":true,"href":"https:\/\/vcycletech.com\/fr\/wp-json\/wp\/v2\/product_tag?post=811"}],"curies":[{"name":"wp","href":"https:\/\/api.w.org\/{rel}","templated":true}]}}