{"id":795,"date":"2023-03-17T01:43:20","date_gmt":"2023-03-17T01:43:20","guid":{"rendered":"https:\/\/vcycletech.com\/?post_type=product&#038;p=795"},"modified":"2023-03-18T01:42:45","modified_gmt":"2023-03-18T01:42:45","slug":"atmpna5%ef%bc%88sel-penta-sodique-de-lacide-amino-trimethylene-phosphonique%ef%bc%89","status":"publish","type":"product","link":"https:\/\/vcycletech.com\/fr\/produit\/atmpna5%ef%bc%88sel-penta-sodique-de-lacide-amino-trimethylene-phosphonique%ef%bc%89\/","title":{"rendered":"ATMP\u2022Na5\uff08Sel pentasodique d&#039;acide amino trim\u00e9thyl\u00e8ne phosphonique\uff09"},"content":{"rendered":"<h3>N\u00b0 CAS 20592-85-2 (x-Na), 2235-43-0 (5-Na)<\/h3>\n<h3>Formule mol\u00e9culaire : C3H7NO9P3Na5<\/h3>\n<h3>Poids mol\u00e9culaire : 409<\/h3>\n<h3>Formule structurelle:<\/h3>\n<p><img fetchpriority=\"high\" decoding=\"async\" class=\"alignnone wp-image-807 size-full\" src=\"https:\/\/vcycletech.com\/wp-content\/uploads\/2023\/03\/004-1.png\" alt=\"ATMP\u2022Na5\" width=\"600\" height=\"600\" srcset=\"https:\/\/vcycletech.com\/wp-content\/uploads\/2023\/03\/004-1.png 600w, https:\/\/vcycletech.com\/wp-content\/uploads\/2023\/03\/004-1-100x100.png 100w, https:\/\/vcycletech.com\/wp-content\/uploads\/2023\/03\/004-1-300x300.png 300w, https:\/\/vcycletech.com\/wp-content\/uploads\/2023\/03\/004-1-150x150.png 150w\" sizes=\"(max-width: 600px) 100vw, 600px\" \/><\/p>\n<h3>Propri\u00e9t\u00e9s ATMP\u2022Na5\u00a0:<\/h3>\n<p><strong>ATMP\u2022Na5<\/strong>, un sel d&#039;ATMP, est un inhibiteur efficace du carbonate de calcium dans les syst\u00e8mes de traitement de l&#039;eau. Il est appliqu\u00e9 dans les syst\u00e8mes de refroidissement par circulation dans les centrales \u00e9lectriques, les raffineries de p\u00e9trole et les syst\u00e8mes d&#039;eau de remplissage des champs p\u00e9trolif\u00e8res, offrant un co\u00fbt relativement faible pour l&#039;inhibition du tartre. Il pr\u00e9sente \u00e9galement une bonne inhibition de la corrosion des sels de zinc et des phosphates et poss\u00e8de de fortes capacit\u00e9s de ch\u00e9lation.<\/p>\n<h3>Sp\u00e9cification:<\/h3>\n<div id=\"footable_parent_810\"\n         class=\"footable_parent ninja_table_wrapper loading_ninja_table wp_table_data_press_parent semantic_ui\">\n                <table data-ninja_table_instance=\"ninja_table_instance_0\" data-footable_id=\"810\" data-filter-delay=\"1000\" aria-label=\"ATMP\u2022Na5.csv\"            id=\"footable_810\"\n           data-unique_identifier=\"ninja_table_unique_id_1481361803_810\"\n           class=\"foo-table ninja_footable foo_table_810 ninja_table_unique_id_1481361803_810 ui table  nt_type_legacy_table selectable striped vertical_centered  footable-paging-right ninja_table_pro\">\n                <colgroup>\n                            <col class=\"ninja_column_0\">\n                            <col class=\"ninja_column_1\">\n                    <\/colgroup>\n        <thead>\n<tr class=\"footable-header\">\n                                        <th scope=\"col\"  class=\"ninja_column_0 ninja_clmn_nm_items\">articles<\/th><th scope=\"col\"  class=\"ninja_column_1 ninja_clmn_nm_index\">indice<\/th><\/tr>\n<\/thead>\n<tbody>\n\n        <tr data-row_id=\"31\" class=\"ninja_table_row_0 nt_row_id_31\">\n            <td>Apparence<\/td><td>Liquide transparent incolore ou jaune clair<\/td>        <\/tr>\n            <tr data-row_id=\"32\" class=\"ninja_table_row_1 nt_row_id_32\">\n            <td>Contenu actif (ATMP)%<\/td><td>27.8-30.7<\/td>        <\/tr>\n            <tr data-row_id=\"33\" class=\"ninja_table_row_2 nt_row_id_33\">\n            <td>Contenu actif (ATMP\u2022Na5) %<\/td><td>38.0-42.0<\/td>        <\/tr>\n            <tr data-row_id=\"34\" class=\"ninja_table_row_3 nt_row_id_34\">\n            <td>PH (solution aqueuse 1%)<\/td><td>10.0-11.0<\/td>        <\/tr>\n            <tr data-row_id=\"35\" class=\"ninja_table_row_4 nt_row_id_35\">\n            <td>Fe\uff0cmg\/L \u2264<\/td><td>20<\/td>        <\/tr>\n            <tr data-row_id=\"36\" class=\"ninja_table_row_5 nt_row_id_36\">\n            <td>Densit\u00e9 (20\u2103) g\/cm3 <\/td><td>1.38-1.48<\/td>        <\/tr>\n    <\/tbody><!--ninja_tobody_rendering_done-->\n    <\/table>\n    \n    \n    \n<\/div>\n\n<h3>Usage:<\/h3>\n<p><strong>ATMP\u2022Na5<\/strong> est combin\u00e9 avec un autre acide organophosphor\u00e9, un acide polycarboxylique et un sel pour former des agents alcalins organiques, offrant une excellente qualit\u00e9 d&#039;eau pour toutes les applications de circulation d&#039;eau.<\/p>\n<h3>Emballage et stockage ATMP\u2022Na5\u00a0:<\/h3>\n<p>F\u00fbt en plastique 200L, IBC (1000L), exigence des clients. Stockage pendant dix mois dans une pi\u00e8ce sombre et un endroit sec.<\/p>\n<p><a href=\"https:\/\/vcycletech.com\/fr\/phosphonates\/\"><strong>Obtenez la solution compl\u00e8te de phosphonates<\/strong><\/a>.<\/p>","protected":false},"excerpt":{"rendered":"<p>Nous offrons fi\u00e8rement la plus haute qualit\u00e9<strong> ATMP\u2022Na5 (sel pentasodique de l&#039;acide amino trim\u00e9thyl\u00e8ne phosphonique)<\/strong>. Notre processus de fabrication rigoureux garantit que chacun de nos produits respecte ou d\u00e9passe les normes de l&#039;industrie. De plus, nous offrons diverses options de personnalisation pour nous assurer que chaque produit r\u00e9pond parfaitement \u00e0 vos besoins uniques. Contactez-nous aujourd&#039;hui pour en savoir plus sur notre<strong> ATMP\u2022Na5 (sel pentasodique de l&#039;acide amino trim\u00e9thyl\u00e8ne phosphonique)<\/strong>, ou commandez en ligne d\u00e8s maintenant ! Merci d&#039;avoir choisi notre entreprise!<\/p>","protected":false},"featured_media":803,"template":"","meta":{"site-sidebar-layout":"default","site-content-layout":"default","ast-site-content-layout":"default","site-content-style":"default","site-sidebar-style":"default","ast-global-header-display":"","ast-banner-title-visibility":"","ast-main-header-display":"","ast-hfb-above-header-display":"","ast-hfb-below-header-display":"","ast-hfb-mobile-header-display":"","site-post-title":"","ast-breadcrumbs-content":"","ast-featured-img":"","footer-sml-layout":"","ast-disable-related-posts":"","theme-transparent-header-meta":"default","adv-header-id-meta":"","stick-header-meta":"default","header-above-stick-meta":"","header-main-stick-meta":"","header-below-stick-meta":"","astra-migrate-meta-layouts":"default","ast-page-background-enabled":"default","ast-page-background-meta":{"desktop":{"background-color":"","background-image":"","background-repeat":"repeat","background-position":"center center","background-size":"auto","background-attachment":"scroll","background-type":"","background-media":"","overlay-type":"","overlay-color":"","overlay-opacity":"","overlay-gradient":""},"tablet":{"background-color":"","background-image":"","background-repeat":"repeat","background-position":"center center","background-size":"auto","background-attachment":"scroll","background-type":"","background-media":"","overlay-type":"","overlay-color":"","overlay-opacity":"","overlay-gradient":""},"mobile":{"background-color":"","background-image":"","background-repeat":"repeat","background-position":"center center","background-size":"auto","background-attachment":"scroll","background-type":"","background-media":"","overlay-type":"","overlay-color":"","overlay-opacity":"","overlay-gradient":""}},"ast-content-background-meta":{"desktop":{"background-color":"var(--ast-global-color-5)","background-image":"","background-repeat":"repeat","background-position":"center center","background-size":"auto","background-attachment":"scroll","background-type":"","background-media":"","overlay-type":"","overlay-color":"","overlay-opacity":"","overlay-gradient":""},"tablet":{"background-color":"var(--ast-global-color-5)","background-image":"","background-repeat":"repeat","background-position":"center center","background-size":"auto","background-attachment":"scroll","background-type":"","background-media":"","overlay-type":"","overlay-color":"","overlay-opacity":"","overlay-gradient":""},"mobile":{"background-color":"var(--ast-global-color-5)","background-image":"","background-repeat":"repeat","background-position":"center center","background-size":"auto","background-attachment":"scroll","background-type":"","background-media":"","overlay-type":"","overlay-color":"","overlay-opacity":"","overlay-gradient":""}}},"product_brand":[],"product_cat":[27],"product_tag":[],"class_list":{"0":"post-795","1":"product","2":"type-product","3":"status-publish","4":"has-post-thumbnail","6":"product_cat-salts-of-phosphonates","7":"desktop-align-left","8":"tablet-align-left","9":"mobile-align-left","10":"ast-product-gallery-layout-horizontal-slider","11":"ast-product-tabs-layout-horizontal","13":"first","14":"instock","15":"shipping-taxable","16":"product-type-simple"},"yoast_head":"<!-- This site is optimized with the Yoast SEO Premium plugin v26.3 (Yoast SEO v27.3) - https:\/\/yoast.com\/product\/yoast-seo-premium-wordpress\/ -->\n<title>ATMP\u2022Na5\uff08Penta Sodium Salt of Amino Trimethylene Phosphonic Acid\uff09 - vcycletech<\/title>\n<meta name=\"description\" content=\"ATMP\u2022Na5(Penta Sodium Salt of Amino Trimethylene Phosphonic Acid) is a high-quality, low-cost product. It is made of raw materials strictly selected and controlled in China.\" \/>\n<meta name=\"robots\" content=\"index, follow, max-snippet:-1, max-image-preview:large, max-video-preview:-1\" \/>\n<link rel=\"canonical\" href=\"https:\/\/vcycletech.com\/fr\/produit\/atmpna5\uff08sel-penta-sodique-de-lacide-amino-trimethylene-phosphonique\uff09\/\" \/>\n<meta property=\"og:locale\" content=\"fr_FR\" \/>\n<meta property=\"og:type\" content=\"article\" \/>\n<meta property=\"og:title\" content=\"ATMP\u2022Na5\uff08Penta Sodium Salt of Amino Trimethylene Phosphonic Acid\uff09\" \/>\n<meta property=\"og:description\" content=\"ATMP\u2022Na5(Penta Sodium Salt of Amino Trimethylene Phosphonic Acid) is a high-quality, low-cost product. It is made of raw materials strictly selected and controlled in China.\" \/>\n<meta property=\"og:url\" content=\"https:\/\/vcycletech.com\/fr\/produit\/atmpna5\uff08sel-penta-sodique-de-lacide-amino-trimethylene-phosphonique\uff09\/\" \/>\n<meta property=\"og:site_name\" content=\"vcycletech\" \/>\n<meta property=\"article:modified_time\" content=\"2023-03-18T01:42:45+00:00\" \/>\n<meta property=\"og:image\" content=\"https:\/\/vcycletech.com\/wp-content\/uploads\/2023\/03\/002-1.png\" \/>\n\t<meta property=\"og:image:width\" content=\"600\" \/>\n\t<meta property=\"og:image:height\" content=\"600\" \/>\n\t<meta property=\"og:image:type\" content=\"image\/png\" \/>\n<meta name=\"twitter:card\" content=\"summary_large_image\" \/>\n<meta name=\"twitter:label1\" content=\"Dur\u00e9e de lecture estim\u00e9e\" \/>\n\t<meta name=\"twitter:data1\" content=\"1 minute\" \/>\n<script type=\"application\/ld+json\" class=\"yoast-schema-graph\">{\"@context\":\"https:\\\/\\\/schema.org\",\"@graph\":[{\"@type\":\"WebPage\",\"@id\":\"https:\\\/\\\/vcycletech.com\\\/product\\\/atmpna5%ef%bc%88penta-sodium-salt-of-amino-trimethylene-phosphonic-acid%ef%bc%89\\\/\",\"url\":\"https:\\\/\\\/vcycletech.com\\\/product\\\/atmpna5%ef%bc%88penta-sodium-salt-of-amino-trimethylene-phosphonic-acid%ef%bc%89\\\/\",\"name\":\"ATMP\u2022Na5\uff08Penta Sodium Salt of Amino Trimethylene Phosphonic Acid\uff09 - vcycletech\",\"isPartOf\":{\"@id\":\"https:\\\/\\\/vcycletech.com\\\/#website\"},\"primaryImageOfPage\":{\"@id\":\"https:\\\/\\\/vcycletech.com\\\/product\\\/atmpna5%ef%bc%88penta-sodium-salt-of-amino-trimethylene-phosphonic-acid%ef%bc%89\\\/#primaryimage\"},\"image\":{\"@id\":\"https:\\\/\\\/vcycletech.com\\\/product\\\/atmpna5%ef%bc%88penta-sodium-salt-of-amino-trimethylene-phosphonic-acid%ef%bc%89\\\/#primaryimage\"},\"thumbnailUrl\":\"https:\\\/\\\/vcycletech.com\\\/wp-content\\\/uploads\\\/2023\\\/03\\\/002-1.png\",\"datePublished\":\"2023-03-17T01:43:20+00:00\",\"dateModified\":\"2023-03-18T01:42:45+00:00\",\"description\":\"ATMP\u2022Na5(Penta Sodium Salt of Amino Trimethylene Phosphonic Acid) is a high-quality, low-cost product. It is made of raw materials strictly selected and controlled in China.\",\"breadcrumb\":{\"@id\":\"https:\\\/\\\/vcycletech.com\\\/product\\\/atmpna5%ef%bc%88penta-sodium-salt-of-amino-trimethylene-phosphonic-acid%ef%bc%89\\\/#breadcrumb\"},\"inLanguage\":\"fr-FR\",\"potentialAction\":[{\"@type\":\"ReadAction\",\"target\":[\"https:\\\/\\\/vcycletech.com\\\/product\\\/atmpna5%ef%bc%88penta-sodium-salt-of-amino-trimethylene-phosphonic-acid%ef%bc%89\\\/\"]}]},{\"@type\":\"ImageObject\",\"inLanguage\":\"fr-FR\",\"@id\":\"https:\\\/\\\/vcycletech.com\\\/product\\\/atmpna5%ef%bc%88penta-sodium-salt-of-amino-trimethylene-phosphonic-acid%ef%bc%89\\\/#primaryimage\",\"url\":\"https:\\\/\\\/vcycletech.com\\\/wp-content\\\/uploads\\\/2023\\\/03\\\/002-1.png\",\"contentUrl\":\"https:\\\/\\\/vcycletech.com\\\/wp-content\\\/uploads\\\/2023\\\/03\\\/002-1.png\",\"width\":600,\"height\":600,\"caption\":\"ATMP\u2022Na5\"},{\"@type\":\"BreadcrumbList\",\"@id\":\"https:\\\/\\\/vcycletech.com\\\/product\\\/atmpna5%ef%bc%88penta-sodium-salt-of-amino-trimethylene-phosphonic-acid%ef%bc%89\\\/#breadcrumb\",\"itemListElement\":[{\"@type\":\"ListItem\",\"position\":1,\"name\":\"Home\",\"item\":\"https:\\\/\\\/vcycletech.com\\\/\"},{\"@type\":\"ListItem\",\"position\":2,\"name\":\"Water Treatment Chemicals Manufacturer\",\"item\":\"https:\\\/\\\/vcycletech.com\\\/water-treatment-chemicals-manufacturer\\\/\"},{\"@type\":\"ListItem\",\"position\":3,\"name\":\"ATMP\u2022Na5\uff08Penta Sodium Salt of Amino Trimethylene Phosphonic Acid\uff09\"}]},{\"@type\":\"WebSite\",\"@id\":\"https:\\\/\\\/vcycletech.com\\\/#website\",\"url\":\"https:\\\/\\\/vcycletech.com\\\/\",\"name\":\"vcycletech\",\"description\":\"China&#039;s top water treatment chemicals supplier\",\"publisher\":{\"@id\":\"https:\\\/\\\/vcycletech.com\\\/#organization\"},\"potentialAction\":[{\"@type\":\"SearchAction\",\"target\":{\"@type\":\"EntryPoint\",\"urlTemplate\":\"https:\\\/\\\/vcycletech.com\\\/?s={search_term_string}\"},\"query-input\":{\"@type\":\"PropertyValueSpecification\",\"valueRequired\":true,\"valueName\":\"search_term_string\"}}],\"inLanguage\":\"fr-FR\"},{\"@type\":\"Organization\",\"@id\":\"https:\\\/\\\/vcycletech.com\\\/#organization\",\"name\":\"vcycletech\",\"url\":\"https:\\\/\\\/vcycletech.com\\\/\",\"logo\":{\"@type\":\"ImageObject\",\"inLanguage\":\"fr-FR\",\"@id\":\"https:\\\/\\\/vcycletech.com\\\/#\\\/schema\\\/logo\\\/image\\\/\",\"url\":\"https:\\\/\\\/vcycletech.com\\\/wp-content\\\/uploads\\\/2023\\\/03\\\/logo-vcycletech-1.png\",\"contentUrl\":\"https:\\\/\\\/vcycletech.com\\\/wp-content\\\/uploads\\\/2023\\\/03\\\/logo-vcycletech-1.png\",\"width\":600,\"height\":400,\"caption\":\"vcycletech\"},\"image\":{\"@id\":\"https:\\\/\\\/vcycletech.com\\\/#\\\/schema\\\/logo\\\/image\\\/\"}}]}<\/script>\n<!-- \/ Yoast SEO Premium plugin. -->","yoast_head_json":{"title":"ATMP\u2022Na5\uff08Sel pentasodique d&#039;acide amino trim\u00e9thyl\u00e8ne phosphonique\uff09 - vcycletech","description":"L&#039;ATMP\u2022Na5 (sel pentasodique de l&#039;acide amino trim\u00e9thyl\u00e8ne phosphonique) est un produit de haute qualit\u00e9 \u00e0 faible co\u00fbt. Il est compos\u00e9 de mati\u00e8res premi\u00e8res rigoureusement s\u00e9lectionn\u00e9es et contr\u00f4l\u00e9es en Chine.","robots":{"index":"index","follow":"follow","max-snippet":"max-snippet:-1","max-image-preview":"max-image-preview:large","max-video-preview":"max-video-preview:-1"},"canonical":"https:\/\/vcycletech.com\/fr\/produit\/atmpna5\uff08sel-penta-sodique-de-lacide-amino-trimethylene-phosphonique\uff09\/","og_locale":"fr_FR","og_type":"article","og_title":"ATMP\u2022Na5\uff08Penta Sodium Salt of Amino Trimethylene Phosphonic Acid\uff09","og_description":"ATMP\u2022Na5(Penta Sodium Salt of Amino Trimethylene Phosphonic Acid) is a high-quality, low-cost product. It is made of raw materials strictly selected and controlled in China.","og_url":"https:\/\/vcycletech.com\/fr\/produit\/atmpna5\uff08sel-penta-sodique-de-lacide-amino-trimethylene-phosphonique\uff09\/","og_site_name":"vcycletech","article_modified_time":"2023-03-18T01:42:45+00:00","og_image":[{"width":600,"height":600,"url":"https:\/\/vcycletech.com\/wp-content\/uploads\/2023\/03\/002-1.png","type":"image\/png"}],"twitter_card":"summary_large_image","twitter_misc":{"Dur\u00e9e de lecture estim\u00e9e":"1 minute"},"schema":{"@context":"https:\/\/schema.org","@graph":[{"@type":"WebPage","@id":"https:\/\/vcycletech.com\/product\/atmpna5%ef%bc%88penta-sodium-salt-of-amino-trimethylene-phosphonic-acid%ef%bc%89\/","url":"https:\/\/vcycletech.com\/product\/atmpna5%ef%bc%88penta-sodium-salt-of-amino-trimethylene-phosphonic-acid%ef%bc%89\/","name":"ATMP\u2022Na5\uff08Sel pentasodique d&#039;acide amino trim\u00e9thyl\u00e8ne phosphonique\uff09 - vcycletech","isPartOf":{"@id":"https:\/\/vcycletech.com\/#website"},"primaryImageOfPage":{"@id":"https:\/\/vcycletech.com\/product\/atmpna5%ef%bc%88penta-sodium-salt-of-amino-trimethylene-phosphonic-acid%ef%bc%89\/#primaryimage"},"image":{"@id":"https:\/\/vcycletech.com\/product\/atmpna5%ef%bc%88penta-sodium-salt-of-amino-trimethylene-phosphonic-acid%ef%bc%89\/#primaryimage"},"thumbnailUrl":"https:\/\/vcycletech.com\/wp-content\/uploads\/2023\/03\/002-1.png","datePublished":"2023-03-17T01:43:20+00:00","dateModified":"2023-03-18T01:42:45+00:00","description":"L&#039;ATMP\u2022Na5 (sel pentasodique de l&#039;acide amino trim\u00e9thyl\u00e8ne phosphonique) est un produit de haute qualit\u00e9 \u00e0 faible co\u00fbt. Il est compos\u00e9 de mati\u00e8res premi\u00e8res rigoureusement s\u00e9lectionn\u00e9es et contr\u00f4l\u00e9es en Chine.","breadcrumb":{"@id":"https:\/\/vcycletech.com\/product\/atmpna5%ef%bc%88penta-sodium-salt-of-amino-trimethylene-phosphonic-acid%ef%bc%89\/#breadcrumb"},"inLanguage":"fr-FR","potentialAction":[{"@type":"ReadAction","target":["https:\/\/vcycletech.com\/product\/atmpna5%ef%bc%88penta-sodium-salt-of-amino-trimethylene-phosphonic-acid%ef%bc%89\/"]}]},{"@type":"ImageObject","inLanguage":"fr-FR","@id":"https:\/\/vcycletech.com\/product\/atmpna5%ef%bc%88penta-sodium-salt-of-amino-trimethylene-phosphonic-acid%ef%bc%89\/#primaryimage","url":"https:\/\/vcycletech.com\/wp-content\/uploads\/2023\/03\/002-1.png","contentUrl":"https:\/\/vcycletech.com\/wp-content\/uploads\/2023\/03\/002-1.png","width":600,"height":600,"caption":"ATMP\u2022Na5"},{"@type":"BreadcrumbList","@id":"https:\/\/vcycletech.com\/product\/atmpna5%ef%bc%88penta-sodium-salt-of-amino-trimethylene-phosphonic-acid%ef%bc%89\/#breadcrumb","itemListElement":[{"@type":"ListItem","position":1,"name":"Home","item":"https:\/\/vcycletech.com\/"},{"@type":"ListItem","position":2,"name":"Water Treatment Chemicals Manufacturer","item":"https:\/\/vcycletech.com\/water-treatment-chemicals-manufacturer\/"},{"@type":"ListItem","position":3,"name":"ATMP\u2022Na5\uff08Penta Sodium Salt of Amino Trimethylene Phosphonic Acid\uff09"}]},{"@type":"WebSite","@id":"https:\/\/vcycletech.com\/#website","url":"https:\/\/vcycletech.com\/","name":"vcycletech","description":"Meilleur fournisseur de produits chimiques pour le traitement de l&#039;eau en Chine","publisher":{"@id":"https:\/\/vcycletech.com\/#organization"},"potentialAction":[{"@type":"SearchAction","target":{"@type":"EntryPoint","urlTemplate":"https:\/\/vcycletech.com\/?s={search_term_string}"},"query-input":{"@type":"PropertyValueSpecification","valueRequired":true,"valueName":"search_term_string"}}],"inLanguage":"fr-FR"},{"@type":"Organization","@id":"https:\/\/vcycletech.com\/#organization","name":"vcycletech","url":"https:\/\/vcycletech.com\/","logo":{"@type":"ImageObject","inLanguage":"fr-FR","@id":"https:\/\/vcycletech.com\/#\/schema\/logo\/image\/","url":"https:\/\/vcycletech.com\/wp-content\/uploads\/2023\/03\/logo-vcycletech-1.png","contentUrl":"https:\/\/vcycletech.com\/wp-content\/uploads\/2023\/03\/logo-vcycletech-1.png","width":600,"height":400,"caption":"vcycletech"},"image":{"@id":"https:\/\/vcycletech.com\/#\/schema\/logo\/image\/"}}]}},"_links":{"self":[{"href":"https:\/\/vcycletech.com\/fr\/wp-json\/wp\/v2\/product\/795","targetHints":{"allow":["GET"]}}],"collection":[{"href":"https:\/\/vcycletech.com\/fr\/wp-json\/wp\/v2\/product"}],"about":[{"href":"https:\/\/vcycletech.com\/fr\/wp-json\/wp\/v2\/types\/product"}],"wp:featuredmedia":[{"embeddable":true,"href":"https:\/\/vcycletech.com\/fr\/wp-json\/wp\/v2\/media\/803"}],"wp:attachment":[{"href":"https:\/\/vcycletech.com\/fr\/wp-json\/wp\/v2\/media?parent=795"}],"wp:term":[{"taxonomy":"product_brand","embeddable":true,"href":"https:\/\/vcycletech.com\/fr\/wp-json\/wp\/v2\/product_brand?post=795"},{"taxonomy":"product_cat","embeddable":true,"href":"https:\/\/vcycletech.com\/fr\/wp-json\/wp\/v2\/product_cat?post=795"},{"taxonomy":"product_tag","embeddable":true,"href":"https:\/\/vcycletech.com\/fr\/wp-json\/wp\/v2\/product_tag?post=795"}],"curies":[{"name":"wp","href":"https:\/\/api.w.org\/{rel}","templated":true}]}}