{"id":757,"date":"2023-03-16T10:21:15","date_gmt":"2023-03-16T10:21:15","guid":{"rendered":"https:\/\/vcycletech.com\/?post_type=product&#038;p=757"},"modified":"2023-03-27T07:06:48","modified_gmt":"2023-03-27T07:06:48","slug":"acide-dtpmpadiethylene-triamine-pentaamino-methylene-phosphonique","status":"publish","type":"product","link":"https:\/\/vcycletech.com\/fr\/produit\/acide-dtpmpadiethylene-triamine-pentaamino-methylene-phosphonique\/","title":{"rendered":"DTPMPA (di\u00e9thyl\u00e8ne triamine penta) (acide amino m\u00e9thyl\u00e8ne phosphonique)"},"content":{"rendered":"<h3>N\u00b0 CAS 15827-60-8<\/h3>\n<h3>Formule mol\u00e9culaire : C9H28O15N3P5<\/h3>\n<h3>Poids mol\u00e9culaire : 573,2<\/h3>\n<h3>Formule structurelle:<\/h3>\n<p><img fetchpriority=\"high\" decoding=\"async\" class=\"size-medium wp-image-784\" src=\"https:\/\/vcycletech.com\/wp-content\/uploads\/2023\/03\/004-300x300.png\" alt=\"DTPMPA3\" width=\"300\" height=\"300\" srcset=\"https:\/\/vcycletech.com\/wp-content\/uploads\/2023\/03\/004-300x300.png 300w, https:\/\/vcycletech.com\/wp-content\/uploads\/2023\/03\/004-100x100.png 100w, https:\/\/vcycletech.com\/wp-content\/uploads\/2023\/03\/004-150x150.png 150w, https:\/\/vcycletech.com\/wp-content\/uploads\/2023\/03\/004.png 600w\" sizes=\"(max-width: 300px) 100vw, 300px\" \/><\/p>\n<h3>Propri\u00e9t\u00e9s:<\/h3>\n<p><strong>DTPMPA<\/strong> est une substance s\u00fbre et facile \u00e0 dissoudre dans les solutions acides, offrant un excellent tartre, une inhibition de la corrosion et de bonnes capacit\u00e9s de tol\u00e9rance thermique. Il est particuli\u00e8rement efficace pour inhiber la formation de carbonates, de sulfates et de phosphates lorsqu&#039;il est utilis\u00e9 dans des conditions alcalines et \u00e0 des temp\u00e9ratures \u00e9lev\u00e9es (plus de 210\u00b0C). <strong>DTPMPA<\/strong> a un impact substantiel sur les inhibiteurs de tartre et de corrosion que les autres compos\u00e9s organophosphin\u00e9s.<\/p>\n<h3>Sp\u00e9cification:<\/h3>\n<div id=\"footable_parent_785\"\n         class=\"footable_parent ninja_table_wrapper loading_ninja_table wp_table_data_press_parent semantic_ui\">\n                <table data-ninja_table_instance=\"ninja_table_instance_0\" data-footable_id=\"785\" data-filter-delay=\"1000\" aria-label=\"\u5de5\u4f5c\u7c3f1.csv\"            id=\"footable_785\"\n           data-unique_identifier=\"ninja_table_unique_id_3086017643_785\"\n           class=\"foo-table ninja_footable foo_table_785 ninja_table_unique_id_3086017643_785 ui table  nt_type_legacy_table selectable striped vertical_centered  footable-paging-right ninja_table_pro\">\n                <colgroup>\n                            <col class=\"ninja_column_0\">\n                            <col class=\"ninja_column_1\">\n                    <\/colgroup>\n        <thead>\n<tr class=\"footable-header\">\n                                        <th scope=\"col\"  class=\"ninja_column_0 ninja_clmn_nm_items\">Articles<\/th><th scope=\"col\"  class=\"ninja_column_1 ninja_clmn_nm_index\">Indice<\/th><\/tr>\n<\/thead>\n<tbody>\n\n        <tr data-row_id=\"19\" class=\"ninja_table_row_0 nt_row_id_19\">\n            <td>Apparence<\/td><td>Liquide brun transparent<\/td>        <\/tr>\n            <tr data-row_id=\"20\" class=\"ninja_table_row_1 nt_row_id_20\">\n            <td>Acide actif %<\/td><td>50,0 minutes<\/td>        <\/tr>\n            <tr data-row_id=\"21\" class=\"ninja_table_row_2 nt_row_id_21\">\n            <td>Chlorure (comme Cl-)%<\/td><td>12.0-17.0<\/td>        <\/tr>\n            <tr data-row_id=\"22\" class=\"ninja_table_row_3 nt_row_id_22\">\n            <td><\/td><td><\/td>        <\/tr>\n            <tr data-row_id=\"23\" class=\"ninja_table_row_4 nt_row_id_23\">\n            <td>pH (solution aqueuse 1%)<\/td><td>2,0 maximum<\/td>        <\/tr>\n            <tr data-row_id=\"24\" class=\"ninja_table_row_5 nt_row_id_24\">\n            <td>Fe, mg\/l<\/td><td>35,0 maximum<\/td>        <\/tr>\n    <\/tbody><!--ninja_tobody_rendering_done-->\n    <\/table>\n    \n    \n    \n<\/div>\n\n<h3>Usage:<\/h3>\n<p><strong>DTPMPA<\/strong> peut \u00eatre utilis\u00e9 comme inhibiteur de tartre et de corrosion dans les syst\u00e8mes d&#039;eau de refroidissement en circulation et l&#039;eau de chaudi\u00e8re, en particulier dans des conditions alcalines, sans r\u00e9gulation suppl\u00e9mentaire du pH. Il convient \u00e9galement pour une utilisation dans les syst\u00e8mes de remplissage des champs p\u00e9trolif\u00e8res, les syst\u00e8mes de refroidissement et l&#039;eau de chaudi\u00e8re \u00e0 forte concentration de carbonate de baryum, o\u00f9 peu ou pas de s\u00e9dimentation de tartre est observ\u00e9e m\u00eame lorsqu&#039;il est utilis\u00e9 sans dispersants.<\/p>\n<p><strong>DTPMPA<\/strong> sert \u00e9galement de stabilisateur de peroxyde efficace, d&#039;agent ch\u00e9latant pour l&#039;industrie du tissage et de la teinture, de dispersant de pigments, de support de micro\u00e9l\u00e9ments pour les engrais et de modificateur de b\u00e9ton. Ses applications s&#039;\u00e9tendent \u00e0 la fabrication du papier, \u00e0 la galvanoplastie, au nettoyage \u00e0 l&#039;acide et aux cosm\u00e9tiques.<\/p>\n<h3>Emballage et stockage\u00a0:<\/h3>\n<p>F\u00fbt en plastique 200L, IBC (1000L), exigence des clients. Stockage pendant douze mois dans une pi\u00e8ce sombre et un endroit sec.<\/p>\n<h3>Protection de s\u00e9curit\u00e9:<\/h3>\n<p>Acidit\u00e9, \u00c9viter le contact avec les yeux et la peau ; une fois en contact, rincer \u00e0 l&#039;eau.<\/p>\n<p><a href=\"https:\/\/vcycletech.com\/fr\/categorie-de-produit\/phosphonates-antitartre-inhibiteur-de-corrosion\/\">Obtenez la solution compl\u00e8te d&#039;antitartre et d&#039;inhibiteur de corrosion aux phosphonates<\/a><\/p>","protected":false},"excerpt":{"rendered":"<p><strong>DTPMPA (di\u00e9thyl\u00e8ne triamine penta) (acide amino m\u00e9thyl\u00e8ne phosphonique)<\/strong> est un excellent agent ch\u00e9latant. Il est complex\u00e9 avec des ions m\u00e9talliques, ce qui le rend fabriqu\u00e9 en milieu industriel et agricole.<strong> DTPMPA (di\u00e9thyl\u00e8ne triamine penta) (acide amino m\u00e9thyl\u00e8ne phosphonique)<\/strong> peut \u00e9galement \u00eatre un floculant pour am\u00e9liorer la clart\u00e9 de l&#039;eau. Ce produit est disponible \u00e0 l&#039;achat en grande quantit\u00e9 sur notre site Web. Si vous \u00eates int\u00e9ress\u00e9 par les prix de gros, veuillez nous contacter pour plus d&#039;informations. Nous avons h\u00e2te de travailler avec vous!<\/p>","protected":false},"featured_media":774,"template":"","meta":{"site-sidebar-layout":"default","site-content-layout":"default","ast-site-content-layout":"default","site-content-style":"default","site-sidebar-style":"default","ast-global-header-display":"","ast-banner-title-visibility":"","ast-main-header-display":"","ast-hfb-above-header-display":"","ast-hfb-below-header-display":"","ast-hfb-mobile-header-display":"","site-post-title":"","ast-breadcrumbs-content":"","ast-featured-img":"","footer-sml-layout":"","ast-disable-related-posts":"","theme-transparent-header-meta":"default","adv-header-id-meta":"","stick-header-meta":"default","header-above-stick-meta":"","header-main-stick-meta":"","header-below-stick-meta":"","astra-migrate-meta-layouts":"default","ast-page-background-enabled":"default","ast-page-background-meta":{"desktop":{"background-color":"","background-image":"","background-repeat":"repeat","background-position":"center center","background-size":"auto","background-attachment":"scroll","background-type":"","background-media":"","overlay-type":"","overlay-color":"","overlay-opacity":"","overlay-gradient":""},"tablet":{"background-color":"","background-image":"","background-repeat":"repeat","background-position":"center center","background-size":"auto","background-attachment":"scroll","background-type":"","background-media":"","overlay-type":"","overlay-color":"","overlay-opacity":"","overlay-gradient":""},"mobile":{"background-color":"","background-image":"","background-repeat":"repeat","background-position":"center center","background-size":"auto","background-attachment":"scroll","background-type":"","background-media":"","overlay-type":"","overlay-color":"","overlay-opacity":"","overlay-gradient":""}},"ast-content-background-meta":{"desktop":{"background-color":"var(--ast-global-color-5)","background-image":"","background-repeat":"repeat","background-position":"center center","background-size":"auto","background-attachment":"scroll","background-type":"","background-media":"","overlay-type":"","overlay-color":"","overlay-opacity":"","overlay-gradient":""},"tablet":{"background-color":"var(--ast-global-color-5)","background-image":"","background-repeat":"repeat","background-position":"center center","background-size":"auto","background-attachment":"scroll","background-type":"","background-media":"","overlay-type":"","overlay-color":"","overlay-opacity":"","overlay-gradient":""},"mobile":{"background-color":"var(--ast-global-color-5)","background-image":"","background-repeat":"repeat","background-position":"center center","background-size":"auto","background-attachment":"scroll","background-type":"","background-media":"","overlay-type":"","overlay-color":"","overlay-opacity":"","overlay-gradient":""}}},"product_brand":[],"product_cat":[15],"product_tag":[],"class_list":{"0":"post-757","1":"product","2":"type-product","3":"status-publish","4":"has-post-thumbnail","6":"product_cat-phosphonates-antiscalant-corrosion-inhibitor","7":"desktop-align-left","8":"tablet-align-left","9":"mobile-align-left","10":"ast-product-gallery-layout-horizontal-slider","11":"ast-product-tabs-layout-horizontal","13":"first","14":"instock","15":"shipping-taxable","16":"product-type-simple"},"yoast_head":"<!-- This site is optimized with the Yoast SEO Premium plugin v26.3 (Yoast SEO v27.3) - https:\/\/yoast.com\/product\/yoast-seo-premium-wordpress\/ -->\n<title>DTPMPA(Diethylene Triamine Penta)(Amino Methylene Phosphonic Acid) - vcycletech<\/title>\n<meta name=\"description\" content=\"DTPMPA(Diethylene triamine penta)(Amino methylene phosphonic acid) is used as a corrosion inhibitor, scale inhibitor, and detergent for boilers, closed cooling systems, and other industrial water systems. It can also be used in textile printing, dyeing, and leather tanning.\" \/>\n<meta name=\"robots\" content=\"index, follow, max-snippet:-1, max-image-preview:large, max-video-preview:-1\" \/>\n<link rel=\"canonical\" href=\"https:\/\/vcycletech.com\/fr\/produit\/acide-dtpmpadiethylene-triamine-pentaamino-methylene-phosphonique\/\" \/>\n<meta property=\"og:locale\" content=\"fr_FR\" \/>\n<meta property=\"og:type\" content=\"article\" \/>\n<meta property=\"og:title\" content=\"DTPMPA(Diethylene Triamine Penta)(Amino Methylene Phosphonic Acid)\" \/>\n<meta property=\"og:description\" content=\"DTPMPA(Diethylene triamine penta)(Amino methylene phosphonic acid) is used as a corrosion inhibitor, scale inhibitor, and detergent for boilers, closed cooling systems, and other industrial water systems. It can also be used in textile printing, dyeing, and leather tanning.\" \/>\n<meta property=\"og:url\" content=\"https:\/\/vcycletech.com\/fr\/produit\/acide-dtpmpadiethylene-triamine-pentaamino-methylene-phosphonique\/\" \/>\n<meta property=\"og:site_name\" content=\"vcycletech\" \/>\n<meta property=\"article:modified_time\" content=\"2023-03-27T07:06:48+00:00\" \/>\n<meta property=\"og:image\" content=\"https:\/\/vcycletech.com\/wp-content\/uploads\/2023\/03\/001.png\" \/>\n\t<meta property=\"og:image:width\" content=\"600\" \/>\n\t<meta property=\"og:image:height\" content=\"600\" \/>\n\t<meta property=\"og:image:type\" content=\"image\/png\" \/>\n<meta name=\"twitter:card\" content=\"summary_large_image\" \/>\n<meta name=\"twitter:label1\" content=\"Dur\u00e9e de lecture estim\u00e9e\" \/>\n\t<meta name=\"twitter:data1\" content=\"2 minutes\" \/>\n<script type=\"application\/ld+json\" class=\"yoast-schema-graph\">{\"@context\":\"https:\\\/\\\/schema.org\",\"@graph\":[{\"@type\":\"WebPage\",\"@id\":\"https:\\\/\\\/vcycletech.com\\\/product\\\/dtpmpadiethylene-triamine-pentaamino-methylene-phosphonic-acid\\\/\",\"url\":\"https:\\\/\\\/vcycletech.com\\\/product\\\/dtpmpadiethylene-triamine-pentaamino-methylene-phosphonic-acid\\\/\",\"name\":\"DTPMPA(Diethylene Triamine Penta)(Amino Methylene Phosphonic Acid) - vcycletech\",\"isPartOf\":{\"@id\":\"https:\\\/\\\/vcycletech.com\\\/#website\"},\"primaryImageOfPage\":{\"@id\":\"https:\\\/\\\/vcycletech.com\\\/product\\\/dtpmpadiethylene-triamine-pentaamino-methylene-phosphonic-acid\\\/#primaryimage\"},\"image\":{\"@id\":\"https:\\\/\\\/vcycletech.com\\\/product\\\/dtpmpadiethylene-triamine-pentaamino-methylene-phosphonic-acid\\\/#primaryimage\"},\"thumbnailUrl\":\"https:\\\/\\\/vcycletech.com\\\/wp-content\\\/uploads\\\/2023\\\/03\\\/001.png\",\"datePublished\":\"2023-03-16T10:21:15+00:00\",\"dateModified\":\"2023-03-27T07:06:48+00:00\",\"description\":\"DTPMPA(Diethylene triamine penta)(Amino methylene phosphonic acid) is used as a corrosion inhibitor, scale inhibitor, and detergent for boilers, closed cooling systems, and other industrial water systems. It can also be used in textile printing, dyeing, and leather tanning.\",\"breadcrumb\":{\"@id\":\"https:\\\/\\\/vcycletech.com\\\/product\\\/dtpmpadiethylene-triamine-pentaamino-methylene-phosphonic-acid\\\/#breadcrumb\"},\"inLanguage\":\"fr-FR\",\"potentialAction\":[{\"@type\":\"ReadAction\",\"target\":[\"https:\\\/\\\/vcycletech.com\\\/product\\\/dtpmpadiethylene-triamine-pentaamino-methylene-phosphonic-acid\\\/\"]}]},{\"@type\":\"ImageObject\",\"inLanguage\":\"fr-FR\",\"@id\":\"https:\\\/\\\/vcycletech.com\\\/product\\\/dtpmpadiethylene-triamine-pentaamino-methylene-phosphonic-acid\\\/#primaryimage\",\"url\":\"https:\\\/\\\/vcycletech.com\\\/wp-content\\\/uploads\\\/2023\\\/03\\\/001.png\",\"contentUrl\":\"https:\\\/\\\/vcycletech.com\\\/wp-content\\\/uploads\\\/2023\\\/03\\\/001.png\",\"width\":600,\"height\":600,\"caption\":\"DTPMPA\"},{\"@type\":\"BreadcrumbList\",\"@id\":\"https:\\\/\\\/vcycletech.com\\\/product\\\/dtpmpadiethylene-triamine-pentaamino-methylene-phosphonic-acid\\\/#breadcrumb\",\"itemListElement\":[{\"@type\":\"ListItem\",\"position\":1,\"name\":\"Home\",\"item\":\"https:\\\/\\\/vcycletech.com\\\/\"},{\"@type\":\"ListItem\",\"position\":2,\"name\":\"Water Treatment Chemicals Manufacturer\",\"item\":\"https:\\\/\\\/vcycletech.com\\\/water-treatment-chemicals-manufacturer\\\/\"},{\"@type\":\"ListItem\",\"position\":3,\"name\":\"DTPMPA(Diethylene Triamine Penta)(Amino Methylene Phosphonic Acid)\"}]},{\"@type\":\"WebSite\",\"@id\":\"https:\\\/\\\/vcycletech.com\\\/#website\",\"url\":\"https:\\\/\\\/vcycletech.com\\\/\",\"name\":\"vcycletech\",\"description\":\"China&#039;s top water treatment chemicals supplier\",\"publisher\":{\"@id\":\"https:\\\/\\\/vcycletech.com\\\/#organization\"},\"potentialAction\":[{\"@type\":\"SearchAction\",\"target\":{\"@type\":\"EntryPoint\",\"urlTemplate\":\"https:\\\/\\\/vcycletech.com\\\/?s={search_term_string}\"},\"query-input\":{\"@type\":\"PropertyValueSpecification\",\"valueRequired\":true,\"valueName\":\"search_term_string\"}}],\"inLanguage\":\"fr-FR\"},{\"@type\":\"Organization\",\"@id\":\"https:\\\/\\\/vcycletech.com\\\/#organization\",\"name\":\"vcycletech\",\"url\":\"https:\\\/\\\/vcycletech.com\\\/\",\"logo\":{\"@type\":\"ImageObject\",\"inLanguage\":\"fr-FR\",\"@id\":\"https:\\\/\\\/vcycletech.com\\\/#\\\/schema\\\/logo\\\/image\\\/\",\"url\":\"https:\\\/\\\/vcycletech.com\\\/wp-content\\\/uploads\\\/2023\\\/03\\\/logo-vcycletech-1.png\",\"contentUrl\":\"https:\\\/\\\/vcycletech.com\\\/wp-content\\\/uploads\\\/2023\\\/03\\\/logo-vcycletech-1.png\",\"width\":600,\"height\":400,\"caption\":\"vcycletech\"},\"image\":{\"@id\":\"https:\\\/\\\/vcycletech.com\\\/#\\\/schema\\\/logo\\\/image\\\/\"}}]}<\/script>\n<!-- \/ Yoast SEO Premium plugin. -->","yoast_head_json":{"title":"DTPMPA (di\u00e9thyl\u00e8ne triamine penta) (acide amino m\u00e9thyl\u00e8ne phosphonique) - vcycletech","description":"Le DTPMPA (di\u00e9thyl\u00e8ne triamine penta) (acide amino m\u00e9thyl\u00e8ne phosphonique) est utilis\u00e9 comme inhibiteur de corrosion, inhibiteur de tartre et d\u00e9tergent pour les chaudi\u00e8res, les syst\u00e8mes de refroidissement ferm\u00e9s et d&#039;autres syst\u00e8mes d&#039;eau industriels. Il peut \u00e9galement \u00eatre utilis\u00e9 dans l&#039;impression textile, la teinture et le tannage du cuir.","robots":{"index":"index","follow":"follow","max-snippet":"max-snippet:-1","max-image-preview":"max-image-preview:large","max-video-preview":"max-video-preview:-1"},"canonical":"https:\/\/vcycletech.com\/fr\/produit\/acide-dtpmpadiethylene-triamine-pentaamino-methylene-phosphonique\/","og_locale":"fr_FR","og_type":"article","og_title":"DTPMPA(Diethylene Triamine Penta)(Amino Methylene Phosphonic Acid)","og_description":"DTPMPA(Diethylene triamine penta)(Amino methylene phosphonic acid) is used as a corrosion inhibitor, scale inhibitor, and detergent for boilers, closed cooling systems, and other industrial water systems. It can also be used in textile printing, dyeing, and leather tanning.","og_url":"https:\/\/vcycletech.com\/fr\/produit\/acide-dtpmpadiethylene-triamine-pentaamino-methylene-phosphonique\/","og_site_name":"vcycletech","article_modified_time":"2023-03-27T07:06:48+00:00","og_image":[{"width":600,"height":600,"url":"https:\/\/vcycletech.com\/wp-content\/uploads\/2023\/03\/001.png","type":"image\/png"}],"twitter_card":"summary_large_image","twitter_misc":{"Dur\u00e9e de lecture estim\u00e9e":"2 minutes"},"schema":{"@context":"https:\/\/schema.org","@graph":[{"@type":"WebPage","@id":"https:\/\/vcycletech.com\/product\/dtpmpadiethylene-triamine-pentaamino-methylene-phosphonic-acid\/","url":"https:\/\/vcycletech.com\/product\/dtpmpadiethylene-triamine-pentaamino-methylene-phosphonic-acid\/","name":"DTPMPA (di\u00e9thyl\u00e8ne triamine penta) (acide amino m\u00e9thyl\u00e8ne phosphonique) - vcycletech","isPartOf":{"@id":"https:\/\/vcycletech.com\/#website"},"primaryImageOfPage":{"@id":"https:\/\/vcycletech.com\/product\/dtpmpadiethylene-triamine-pentaamino-methylene-phosphonic-acid\/#primaryimage"},"image":{"@id":"https:\/\/vcycletech.com\/product\/dtpmpadiethylene-triamine-pentaamino-methylene-phosphonic-acid\/#primaryimage"},"thumbnailUrl":"https:\/\/vcycletech.com\/wp-content\/uploads\/2023\/03\/001.png","datePublished":"2023-03-16T10:21:15+00:00","dateModified":"2023-03-27T07:06:48+00:00","description":"Le DTPMPA (di\u00e9thyl\u00e8ne triamine penta) (acide amino m\u00e9thyl\u00e8ne phosphonique) est utilis\u00e9 comme inhibiteur de corrosion, inhibiteur de tartre et d\u00e9tergent pour les chaudi\u00e8res, les syst\u00e8mes de refroidissement ferm\u00e9s et d&#039;autres syst\u00e8mes d&#039;eau industriels. Il peut \u00e9galement \u00eatre utilis\u00e9 dans l&#039;impression textile, la teinture et le tannage du cuir.","breadcrumb":{"@id":"https:\/\/vcycletech.com\/product\/dtpmpadiethylene-triamine-pentaamino-methylene-phosphonic-acid\/#breadcrumb"},"inLanguage":"fr-FR","potentialAction":[{"@type":"ReadAction","target":["https:\/\/vcycletech.com\/product\/dtpmpadiethylene-triamine-pentaamino-methylene-phosphonic-acid\/"]}]},{"@type":"ImageObject","inLanguage":"fr-FR","@id":"https:\/\/vcycletech.com\/product\/dtpmpadiethylene-triamine-pentaamino-methylene-phosphonic-acid\/#primaryimage","url":"https:\/\/vcycletech.com\/wp-content\/uploads\/2023\/03\/001.png","contentUrl":"https:\/\/vcycletech.com\/wp-content\/uploads\/2023\/03\/001.png","width":600,"height":600,"caption":"DTPMPA"},{"@type":"BreadcrumbList","@id":"https:\/\/vcycletech.com\/product\/dtpmpadiethylene-triamine-pentaamino-methylene-phosphonic-acid\/#breadcrumb","itemListElement":[{"@type":"ListItem","position":1,"name":"Home","item":"https:\/\/vcycletech.com\/"},{"@type":"ListItem","position":2,"name":"Water Treatment Chemicals Manufacturer","item":"https:\/\/vcycletech.com\/water-treatment-chemicals-manufacturer\/"},{"@type":"ListItem","position":3,"name":"DTPMPA(Diethylene Triamine Penta)(Amino Methylene Phosphonic Acid)"}]},{"@type":"WebSite","@id":"https:\/\/vcycletech.com\/#website","url":"https:\/\/vcycletech.com\/","name":"vcycletech","description":"Meilleur fournisseur de produits chimiques pour le traitement de l&#039;eau en Chine","publisher":{"@id":"https:\/\/vcycletech.com\/#organization"},"potentialAction":[{"@type":"SearchAction","target":{"@type":"EntryPoint","urlTemplate":"https:\/\/vcycletech.com\/?s={search_term_string}"},"query-input":{"@type":"PropertyValueSpecification","valueRequired":true,"valueName":"search_term_string"}}],"inLanguage":"fr-FR"},{"@type":"Organization","@id":"https:\/\/vcycletech.com\/#organization","name":"vcycletech","url":"https:\/\/vcycletech.com\/","logo":{"@type":"ImageObject","inLanguage":"fr-FR","@id":"https:\/\/vcycletech.com\/#\/schema\/logo\/image\/","url":"https:\/\/vcycletech.com\/wp-content\/uploads\/2023\/03\/logo-vcycletech-1.png","contentUrl":"https:\/\/vcycletech.com\/wp-content\/uploads\/2023\/03\/logo-vcycletech-1.png","width":600,"height":400,"caption":"vcycletech"},"image":{"@id":"https:\/\/vcycletech.com\/#\/schema\/logo\/image\/"}}]}},"_links":{"self":[{"href":"https:\/\/vcycletech.com\/fr\/wp-json\/wp\/v2\/product\/757","targetHints":{"allow":["GET"]}}],"collection":[{"href":"https:\/\/vcycletech.com\/fr\/wp-json\/wp\/v2\/product"}],"about":[{"href":"https:\/\/vcycletech.com\/fr\/wp-json\/wp\/v2\/types\/product"}],"wp:featuredmedia":[{"embeddable":true,"href":"https:\/\/vcycletech.com\/fr\/wp-json\/wp\/v2\/media\/774"}],"wp:attachment":[{"href":"https:\/\/vcycletech.com\/fr\/wp-json\/wp\/v2\/media?parent=757"}],"wp:term":[{"taxonomy":"product_brand","embeddable":true,"href":"https:\/\/vcycletech.com\/fr\/wp-json\/wp\/v2\/product_brand?post=757"},{"taxonomy":"product_cat","embeddable":true,"href":"https:\/\/vcycletech.com\/fr\/wp-json\/wp\/v2\/product_cat?post=757"},{"taxonomy":"product_tag","embeddable":true,"href":"https:\/\/vcycletech.com\/fr\/wp-json\/wp\/v2\/product_tag?post=757"}],"curies":[{"name":"wp","href":"https:\/\/api.w.org\/{rel}","templated":true}]}}