{"id":695,"date":"2023-03-15T20:43:39","date_gmt":"2023-03-15T20:43:39","guid":{"rendered":"https:\/\/vcycletech.com\/?post_type=product&#038;p=695"},"modified":"2023-03-27T07:03:19","modified_gmt":"2023-03-27T07:03:19","slug":"acide-amino-trimethylene-phosphonique-atmp","status":"publish","type":"product","link":"https:\/\/vcycletech.com\/fr\/produit\/acide-amino-trimethylene-phosphonique-atmp\/","title":{"rendered":"Acide Amino Trim\u00e9thyl\u00e8ne Phosphonique (ATMP)"},"content":{"rendered":"<h3>N\u00b0 CAS 6419-19-8<\/h3>\n<h3>Formule mol\u00e9culaire : N(CH2PO3H2)3 Masse mol\u00e9culaire : 299,05<\/h3>\n<h3>Formule structurelle:<\/h3>\n<p><img fetchpriority=\"high\" decoding=\"async\" class=\"size-medium wp-image-718\" src=\"https:\/\/vcycletech.com\/wp-content\/uploads\/2023\/03\/Amino-Trimethylene-Phosphonic-Acid-ATMP-3-1-300x200.png\" alt=\"Acide Amino Trim\u00e9thyl\u00e8ne Phosphonique (ATMP) -3\" width=\"300\" height=\"200\" srcset=\"https:\/\/vcycletech.com\/wp-content\/uploads\/2023\/03\/Amino-Trimethylene-Phosphonic-Acid-ATMP-3-1-300x200.png 300w, https:\/\/vcycletech.com\/wp-content\/uploads\/2023\/03\/Amino-Trimethylene-Phosphonic-Acid-ATMP-3-1.png 600w\" sizes=\"(max-width: 300px) 100vw, 300px\" \/><\/p>\n<h3 class=\"my-0.5\">Propri\u00e9t\u00e9s:<\/h3>\n<p>L&#039;ATMP est un agent ch\u00e9latant efficace avec des capacit\u00e9s d&#039;inhibition et de distorsion du r\u00e9seau \u00e0 faible seuil. Il peut emp\u00eacher l&#039;accumulation de tartre, en particulier de carbonate de calcium, dans les syst\u00e8mes d&#039;eau. De plus, l&#039;ATMP a une excellente stabilit\u00e9 chimique et est extr\u00eamement difficile \u00e0 hydrolyser dans l&#039;eau. \u00c0 des concentrations \u00e9lev\u00e9es, il agit comme un inhibiteur appropri\u00e9 de la corrosion.<\/p>\n<p><strong>MTI<\/strong> est largement utilis\u00e9 dans les excellents syst\u00e8mes de circulation d&#039;eau industriels et les pipelines de champs p\u00e9trolif\u00e8res des centrales thermiques et des raffineries de p\u00e9trole. Ses propri\u00e9t\u00e9s lui permettent d&#039;emp\u00eacher la formation de tartre sur les \u00e9quipements m\u00e9talliques et de r\u00e9duire la corrosion, ce qui le rend tr\u00e8s b\u00e9n\u00e9fique pour ces industries.<\/p>\n<p>La forme solide de l&#039;ATMP est une poudre cristalline, soluble dans l&#039;eau, hautement d\u00e9liquescente et adapt\u00e9e \u00e0 une utilisation par temps froid et dans les r\u00e9gions glaciales. Son indice de puret\u00e9 \u00e9lev\u00e9 le rend parfait pour une utilisation comme agent ch\u00e9lateur dans les industries du tissage et de la teinture et comme agent de traitement de surface m\u00e9tallique.<\/p>\n<h3>Sp\u00e9cification:<\/h3>\n<div id=\"footable_parent_701\"\n         class=\"footable_parent ninja_table_wrapper loading_ninja_table wp_table_data_press_parent semantic_ui\">\n                <table data-ninja_table_instance=\"ninja_table_instance_0\" data-footable_id=\"701\" data-filter-delay=\"1000\" aria-label=\"vcycletech.csv\"            id=\"footable_701\"\n           data-unique_identifier=\"ninja_table_unique_id_3847526633_701\"\n           class=\"foo-table ninja_footable foo_table_701 ninja_table_unique_id_3847526633_701 ui table  nt_type_legacy_table selectable striped vertical_centered  footable-paging-right ninja_table_pro\">\n                <colgroup>\n                            <col class=\"ninja_column_0\">\n                            <col class=\"ninja_column_1\">\n                            <col class=\"ninja_column_2\">\n                    <\/colgroup>\n        <thead>\n<tr class=\"footable-header\">\n                                                        <th scope=\"col\"  class=\"ninja_column_0 ninja_clmn_nm_items\">Articles<\/th><th scope=\"col\"  class=\"ninja_column_1 ninja_clmn_nm_index\">Indice<\/th><th scope=\"col\"  class=\"ninja_column_2 ninja_clmn_nm_ninja_column_3\"><\/th><\/tr>\n<\/thead>\n<tbody>\n\n        <tr data-row_id=\"1\" class=\"ninja_table_row_0 nt_row_id_1\">\n            <td><\/td><td>Standard<\/td><td>Solide<\/td>        <\/tr>\n            <tr data-row_id=\"2\" class=\"ninja_table_row_1 nt_row_id_2\">\n            <td>Apparence<\/td><td>Solution aqueuse limpide, incolore \u00e0 jaune p\u00e2le<\/td><td>Poudre de cristal blanc<\/td>        <\/tr>\n            <tr data-row_id=\"3\" class=\"ninja_table_row_2 nt_row_id_3\">\n            <td>Acide actif %<\/td><td>50,0 minutes<\/td><td>95,0 minutes<\/td>        <\/tr>\n            <tr data-row_id=\"4\" class=\"ninja_table_row_3 nt_row_id_4\">\n            <td>Chlorure (comme Cl-)%<\/td><td>1,0 maximum<\/td><td>1,0 maximum<\/td>        <\/tr>\n            <tr data-row_id=\"5\" class=\"ninja_table_row_4 nt_row_id_5\">\n            <td>pH (solution aqueuse 1%)<\/td><td>2,0 maximum<\/td><td>2,0 maximum<\/td>        <\/tr>\n            <tr data-row_id=\"6\" class=\"ninja_table_row_5 nt_row_id_6\">\n            <td>Fe, mg\/l<\/td><td>20,0 maximum<\/td><td>20,0 maximum<\/td>        <\/tr>\n            <tr data-row_id=\"7\" class=\"ninja_table_row_6 nt_row_id_7\">\n            <td>Densit\u00e9 (20\u2103)g\/cm3<\/td><td>1h30<\/td><td>-<\/td>        <\/tr>\n    <\/tbody><!--ninja_tobody_rendering_done-->\n    <\/table>\n    \n    \n    \n<\/div>\n\n<h3>Utilisations de l&#039;acide amino trim\u00e9thyl\u00e8ne phosphonique\u00a0:<\/h3>\n<p>L&#039;acide amino trim\u00e9thyl\u00e8ne phosphonique (ATMP) est un agent ch\u00e9latant respectueux de l&#039;environnement dans divers secteurs industriels. Il peut lier et transporter les ions m\u00e9talliques plus efficacement que d&#039;autres agents chimiques. L&#039;ATMP est tr\u00e8s efficace pour contr\u00f4ler le tartre et la corrosion dans les syst\u00e8mes d&#039;eau, car il emp\u00eache le colmatage des canalisations et des \u00e9changeurs de chaleur. De plus, il est largement utilis\u00e9 comme renfor\u00e7ateur de d\u00e9tergent pour son effet nettoyant, aidant \u00e0 nettoyer les surfaces dures sans r\u00e9curage ou polissage suppl\u00e9mentaire. En outre, l&#039;ATMP est \u00e9galement utilis\u00e9 dans les industries du textile et de la teinture pour les processus de d\u00e9sencollage et de finition, fournissant des r\u00e9sultats efficaces avec un impact minimal sur l&#039;environnement.<\/p>\n<p>L&#039;ATMP est g\u00e9n\u00e9ralement utilis\u00e9 avec de l&#039;acide organophosphor\u00e9, de l&#039;acide polycarboxylique et du sel pour fabriquer tous les agents de traitement de l&#039;eau alcalins organiques. L&#039;ATMP peut \u00eatre utilis\u00e9 dans de nombreux syst\u00e8mes de circulation d&#039;eau excellents. Une dose de 1-20mg\/L est recommand\u00e9e. En tant qu&#039;inhibiteur de corrosion, le dosage de 20-60mg\/L est pr\u00e9f\u00e9r\u00e9.<\/p>\n<h3>Emballage et stockage d&#039;acide Atmp\u00a0:<\/h3>\n<p>Liquide ATMP\u00a0: f\u00fbt en plastique de 200\u00a0L, IBC (1\u00a0000\u00a0L), exigence des clients.<br \/>\nATMP solide\u00a0: 25\u00a0kg\/sac, exigence des clients.<br \/>\nStockage pendant dix mois dans une pi\u00e8ce sombre et un endroit sec.<\/p>\n<h3>Protection de s\u00e9curit\u00e9 de l&#039;acide amino trim\u00e9thyl\u00e8ne phosphonique\u00a0:<\/h3>\n<p>Acidit\u00e9, \u00c9viter le contact avec les yeux et la peau. Une fois en contact, rincer \u00e0 l&#039;eau.<\/p>\n<h3>Synonymes\u00a0:<\/h3>\n<p>ATMP;ATMPA;AMP<br \/>\nAcide Amino Trim\u00e9thyl\u00e8ne Phosphonique;<br \/>\nAmino Tri (acide m\u00e9thyl\u00e8ne phosphonique);<br \/>\nTris(acide m\u00e9thyl\u00e8ne phosphonique) amine\u00a0;<br \/>\nAcide nitrilotrim\u00e9thylphosphonique (NTP);<br \/>\nNitrilotrim\u00e9thyl\u00e8netris (acide phosphonique);<br \/>\n\u041d\u0438\u0442\u0440\u0438\u043b\u043e\u0442\u0440\u0438\u043c\u0435\u0442\u0438\u043b\u0444\u043e\u0441\u0444\u043e\u043d\u043e\u0432\u0430\u044f \u043a\u0438\u0441\u043b\u043e\u0442\u0430(\u041d\u0422\u0424 -\u043a\u0438\u0441\u043b\u043e\u0442\u0430)<\/p>\n<h3>FAQ\u00a0:<\/h3>\n<p><strong>Q1\u00a0: Qu&#039;est-ce que l&#039;acide amino trim\u00e9thyl\u00e8ne phosphonique et dans quel cas est-il utilis\u00e9\u00a0?<\/strong><br \/>\nL&#039;acide amino trim\u00e9thyl\u00e8ne phosphonique (ATMP) est un compos\u00e9 organique utilis\u00e9 dans le traitement de l&#039;eau et le nettoyage industriel. Il agit comme un inhibiteur de tartre, c&#039;est-\u00e0-dire qu&#039;il aide \u00e0 r\u00e9duire la formation de d\u00e9p\u00f4ts de carbonate de calcium sur les surfaces qui peuvent provoquer des blocages ou de la corrosion. L&#039;ATMP aide \u00e9galement \u00e0 pr\u00e9venir l&#039;encrassement et l&#039;\u00e9mulsification, ce qui en fait un choix id\u00e9al pour une utilisation dans les syst\u00e8mes de traitement de l&#039;eau con\u00e7us pour fournir une eau potable propre et saine.<\/p>\n<p><strong>Q2\u00a0:\u00a0Quels sont les avantages de l&#039;utilisation de l&#039;acide amino trim\u00e9thyl\u00e8ne phosphonique\u00a0?<\/strong><br \/>\nL&#039;ATMP pr\u00e9sente plusieurs avantages par rapport \u00e0 d&#039;autres compos\u00e9s similaires en termes de respect de l&#039;environnement et d&#039;efficacit\u00e9. En tant que compos\u00e9 non toxique, l&#039;ATMP ne pr\u00e9sente aucun risque pour la vie aquatique ou la croissance des plantes, ce qui le rend s\u00fbr pour une utilisation m\u00eame dans les zones aux \u00e9cosyst\u00e8mes sensibles. De plus, l&#039;ATMP s&#039;est av\u00e9r\u00e9 plus efficace que d&#039;autres inhibiteurs de tartre pour aider \u00e0 pr\u00e9venir l&#039;entartrage sur les surfaces et les tuyaux en raison de son faible poids mol\u00e9culaire, lui permettant de p\u00e9n\u00e9trer facilement les surfaces et de former des films minces qui aident \u00e0 les prot\u00e9ger de la corrosion.<\/p>\n<p><strong>Q3\u00a0: L&#039;acide amino-trim\u00e9thyl\u00e8ne phosphonique est-il sans danger pour la consommation humaine\u00a0?<\/strong><br \/>\nOui, l&#039;ATMP est sans danger pour la consommation humaine lorsqu&#039;il est utilis\u00e9 dans les concentrations recommand\u00e9es dans les param\u00e8tres \u00e9tablis par l&#039;Organisation mondiale de la sant\u00e9 (OMS). De mani\u00e8re g\u00e9n\u00e9rale, l&#039;ATMP est consid\u00e9r\u00e9 comme sans danger pour la sant\u00e9 humaine lorsqu&#039;il est pr\u00e9sent \u00e0 des niveaux inf\u00e9rieurs \u00e0 0,5 mg\/L dans les approvisionnements en eau potable.<\/p>\n<p><strong>Q4\u00a0:\u00a0Comment fonctionne l&#039;acide amino trim\u00e9thyl\u00e8ne phosphonique\u00a0?<\/strong><br \/>\nL&#039;ATMP agit en formant un mince film protecteur sur les murs et les tuyaux expos\u00e9s qui emprisonne tous les ions calcium pr\u00e9sents dans la solution avant qu&#039;ils ne puissent se lier \u00e0 la surface. Cela emp\u00eache l&#039;entartrage et l&#039;encrassement des tuyaux et r\u00e9duit le risque de corrosion d\u00fb aux min\u00e9raux pi\u00e9g\u00e9s tels que les oxydes de fer ou les sulfates qui s&#039;incrustent dans ces surfaces au fil du temps en raison de leur plus grande taille par rapport \u00e0 celle des mol\u00e9cules ATMP elles-m\u00eames.<\/p>\n<p><a href=\"https:\/\/vcycletech.com\/fr\/categorie-de-produit\/phosphonates-antitartre-inhibiteur-de-corrosion\/\">Obtenez la solution compl\u00e8te d&#039;antitartre et d&#039;inhibiteur de corrosion aux phosphonates<\/a>.<\/p>","protected":false},"excerpt":{"rendered":"<p><strong>Acide Amino Trim\u00e9thyl\u00e8ne Phosphonique<\/strong> <strong>(ATMP)<\/strong> est un liquide incolore \u00e0 jaune clair avec une odeur d&#039;ammoniac. Il est soluble dans l&#039;eau et miscible avec la plupart des solvants organiques. <strong>MTI<\/strong> est un agent ch\u00e9lateur performant qui s\u00e9questre les ions m\u00e9talliques en formant des complexes. Les complexes m\u00e9tal-ion sont instables et peuvent \u00eatre facilement hydrolys\u00e9s pour lib\u00e9rer les m\u00e9taux li\u00e9s. Les agents ch\u00e9lateurs utilisent de nombreuses applications industrielles, notamment le traitement de l&#039;eau, la transformation des p\u00e2tes et papiers, la transformation des textiles, la production alimentaire, la formulation de d\u00e9tergents et les inhibiteurs de corrosion. vcycletech offre le meilleur <strong>Acide Amino Trim\u00e9thyl\u00e8ne Phosphonique (ATMP)<\/strong> de Chine \u00e0 un prix tr\u00e8s comp\u00e9titif. Nous fournissons des produits de qualit\u00e9 qui r\u00e9pondent aux exigences de l&#039;Organisation internationale de normalisation (ISO). Notre <strong>Acide Amino Trim\u00e9thyl\u00e8ne Phosphonique (ATMP)<\/strong> est disponible en diff\u00e9rentes quantit\u00e9s pour votre commodit\u00e9. Contactez-nous d\u00e8s aujourd&#039;hui pour plus d&#039;informations ou pour passer une commande!<\/p>","protected":false},"featured_media":2264,"template":"","meta":{"site-sidebar-layout":"default","site-content-layout":"default","ast-site-content-layout":"default","site-content-style":"default","site-sidebar-style":"default","ast-global-header-display":"","ast-banner-title-visibility":"","ast-main-header-display":"","ast-hfb-above-header-display":"","ast-hfb-below-header-display":"","ast-hfb-mobile-header-display":"","site-post-title":"","ast-breadcrumbs-content":"","ast-featured-img":"","footer-sml-layout":"","ast-disable-related-posts":"","theme-transparent-header-meta":"default","adv-header-id-meta":"","stick-header-meta":"default","header-above-stick-meta":"","header-main-stick-meta":"","header-below-stick-meta":"","astra-migrate-meta-layouts":"default","ast-page-background-enabled":"default","ast-page-background-meta":{"desktop":{"background-color":"","background-image":"","background-repeat":"repeat","background-position":"center center","background-size":"auto","background-attachment":"scroll","background-type":"","background-media":"","overlay-type":"","overlay-color":"","overlay-opacity":"","overlay-gradient":""},"tablet":{"background-color":"","background-image":"","background-repeat":"repeat","background-position":"center center","background-size":"auto","background-attachment":"scroll","background-type":"","background-media":"","overlay-type":"","overlay-color":"","overlay-opacity":"","overlay-gradient":""},"mobile":{"background-color":"","background-image":"","background-repeat":"repeat","background-position":"center center","background-size":"auto","background-attachment":"scroll","background-type":"","background-media":"","overlay-type":"","overlay-color":"","overlay-opacity":"","overlay-gradient":""}},"ast-content-background-meta":{"desktop":{"background-color":"var(--ast-global-color-5)","background-image":"","background-repeat":"repeat","background-position":"center center","background-size":"auto","background-attachment":"scroll","background-type":"","background-media":"","overlay-type":"","overlay-color":"","overlay-opacity":"","overlay-gradient":""},"tablet":{"background-color":"var(--ast-global-color-5)","background-image":"","background-repeat":"repeat","background-position":"center center","background-size":"auto","background-attachment":"scroll","background-type":"","background-media":"","overlay-type":"","overlay-color":"","overlay-opacity":"","overlay-gradient":""},"mobile":{"background-color":"var(--ast-global-color-5)","background-image":"","background-repeat":"repeat","background-position":"center center","background-size":"auto","background-attachment":"scroll","background-type":"","background-media":"","overlay-type":"","overlay-color":"","overlay-opacity":"","overlay-gradient":""}}},"product_brand":[],"product_cat":[15],"product_tag":[25,26],"class_list":{"0":"post-695","1":"product","2":"type-product","3":"status-publish","4":"has-post-thumbnail","6":"product_cat-phosphonates-antiscalant-corrosion-inhibitor","7":"product_tag-corrosion-inhibitor","8":"product_tag-phosphonates-antiscalant","9":"desktop-align-left","10":"tablet-align-left","11":"mobile-align-left","12":"ast-product-gallery-layout-horizontal-slider","13":"ast-product-tabs-layout-horizontal","15":"first","16":"instock","17":"shipping-taxable","18":"product-type-simple"},"yoast_head":"<!-- This site is optimized with the Yoast SEO Premium plugin v26.3 (Yoast SEO v27.3) - https:\/\/yoast.com\/product\/yoast-seo-premium-wordpress\/ -->\n<title>Amino Trimethylene Phosphonic Acid (ATMP) - vcycletech<\/title>\n<meta name=\"description\" content=\"Amino Trimethylene Phosphonic Acid is a water-soluble, colorless crystal or white powder. It can be used as a chelating agent, detergent builder, and corrosion inhibitor.\" \/>\n<meta name=\"robots\" content=\"index, follow, max-snippet:-1, max-image-preview:large, max-video-preview:-1\" \/>\n<link rel=\"canonical\" href=\"https:\/\/vcycletech.com\/fr\/produit\/acide-amino-trimethylene-phosphonique-atmp\/\" \/>\n<meta property=\"og:locale\" content=\"fr_FR\" \/>\n<meta property=\"og:type\" content=\"article\" \/>\n<meta property=\"og:title\" content=\"Amino Trimethylene Phosphonic Acid (ATMP)\" \/>\n<meta property=\"og:description\" content=\"Amino Trimethylene Phosphonic Acid is a water-soluble, colorless crystal or white powder. It can be used as a chelating agent, detergent builder, and corrosion inhibitor.\" \/>\n<meta property=\"og:url\" content=\"https:\/\/vcycletech.com\/fr\/produit\/acide-amino-trimethylene-phosphonique-atmp\/\" \/>\n<meta property=\"og:site_name\" content=\"vcycletech\" \/>\n<meta property=\"article:modified_time\" content=\"2023-03-27T07:03:19+00:00\" \/>\n<meta property=\"og:image\" content=\"https:\/\/vcycletech.com\/wp-content\/uploads\/2023\/03\/1-97.png\" \/>\n\t<meta property=\"og:image:width\" content=\"600\" \/>\n\t<meta property=\"og:image:height\" content=\"600\" \/>\n\t<meta property=\"og:image:type\" content=\"image\/png\" \/>\n<meta name=\"twitter:card\" content=\"summary_large_image\" \/>\n<meta name=\"twitter:label1\" content=\"Dur\u00e9e de lecture estim\u00e9e\" \/>\n\t<meta name=\"twitter:data1\" content=\"4 minutes\" \/>\n<script type=\"application\/ld+json\" class=\"yoast-schema-graph\">{\"@context\":\"https:\\\/\\\/schema.org\",\"@graph\":[{\"@type\":\"WebPage\",\"@id\":\"https:\\\/\\\/vcycletech.com\\\/product\\\/amino-trimethylene-phosphonic-acid-atmp\\\/\",\"url\":\"https:\\\/\\\/vcycletech.com\\\/product\\\/amino-trimethylene-phosphonic-acid-atmp\\\/\",\"name\":\"Amino Trimethylene Phosphonic Acid (ATMP) - vcycletech\",\"isPartOf\":{\"@id\":\"https:\\\/\\\/vcycletech.com\\\/#website\"},\"primaryImageOfPage\":{\"@id\":\"https:\\\/\\\/vcycletech.com\\\/product\\\/amino-trimethylene-phosphonic-acid-atmp\\\/#primaryimage\"},\"image\":{\"@id\":\"https:\\\/\\\/vcycletech.com\\\/product\\\/amino-trimethylene-phosphonic-acid-atmp\\\/#primaryimage\"},\"thumbnailUrl\":\"https:\\\/\\\/vcycletech.com\\\/wp-content\\\/uploads\\\/2023\\\/03\\\/1-97.png\",\"datePublished\":\"2023-03-15T20:43:39+00:00\",\"dateModified\":\"2023-03-27T07:03:19+00:00\",\"description\":\"Amino Trimethylene Phosphonic Acid is a water-soluble, colorless crystal or white powder. It can be used as a chelating agent, detergent builder, and corrosion inhibitor.\",\"breadcrumb\":{\"@id\":\"https:\\\/\\\/vcycletech.com\\\/product\\\/amino-trimethylene-phosphonic-acid-atmp\\\/#breadcrumb\"},\"inLanguage\":\"fr-FR\",\"potentialAction\":[{\"@type\":\"ReadAction\",\"target\":[\"https:\\\/\\\/vcycletech.com\\\/product\\\/amino-trimethylene-phosphonic-acid-atmp\\\/\"]}]},{\"@type\":\"ImageObject\",\"inLanguage\":\"fr-FR\",\"@id\":\"https:\\\/\\\/vcycletech.com\\\/product\\\/amino-trimethylene-phosphonic-acid-atmp\\\/#primaryimage\",\"url\":\"https:\\\/\\\/vcycletech.com\\\/wp-content\\\/uploads\\\/2023\\\/03\\\/1-97.png\",\"contentUrl\":\"https:\\\/\\\/vcycletech.com\\\/wp-content\\\/uploads\\\/2023\\\/03\\\/1-97.png\",\"width\":600,\"height\":600,\"caption\":\"Amino Trimethylene Phosphonic Acid (ATMP)\"},{\"@type\":\"BreadcrumbList\",\"@id\":\"https:\\\/\\\/vcycletech.com\\\/product\\\/amino-trimethylene-phosphonic-acid-atmp\\\/#breadcrumb\",\"itemListElement\":[{\"@type\":\"ListItem\",\"position\":1,\"name\":\"Home\",\"item\":\"https:\\\/\\\/vcycletech.com\\\/\"},{\"@type\":\"ListItem\",\"position\":2,\"name\":\"Water Treatment Chemicals Manufacturer\",\"item\":\"https:\\\/\\\/vcycletech.com\\\/water-treatment-chemicals-manufacturer\\\/\"},{\"@type\":\"ListItem\",\"position\":3,\"name\":\"Amino Trimethylene Phosphonic Acid (ATMP)\"}]},{\"@type\":\"WebSite\",\"@id\":\"https:\\\/\\\/vcycletech.com\\\/#website\",\"url\":\"https:\\\/\\\/vcycletech.com\\\/\",\"name\":\"vcycletech\",\"description\":\"China&#039;s top water treatment chemicals supplier\",\"publisher\":{\"@id\":\"https:\\\/\\\/vcycletech.com\\\/#organization\"},\"potentialAction\":[{\"@type\":\"SearchAction\",\"target\":{\"@type\":\"EntryPoint\",\"urlTemplate\":\"https:\\\/\\\/vcycletech.com\\\/?s={search_term_string}\"},\"query-input\":{\"@type\":\"PropertyValueSpecification\",\"valueRequired\":true,\"valueName\":\"search_term_string\"}}],\"inLanguage\":\"fr-FR\"},{\"@type\":\"Organization\",\"@id\":\"https:\\\/\\\/vcycletech.com\\\/#organization\",\"name\":\"vcycletech\",\"url\":\"https:\\\/\\\/vcycletech.com\\\/\",\"logo\":{\"@type\":\"ImageObject\",\"inLanguage\":\"fr-FR\",\"@id\":\"https:\\\/\\\/vcycletech.com\\\/#\\\/schema\\\/logo\\\/image\\\/\",\"url\":\"https:\\\/\\\/vcycletech.com\\\/wp-content\\\/uploads\\\/2023\\\/03\\\/logo-vcycletech-1.png\",\"contentUrl\":\"https:\\\/\\\/vcycletech.com\\\/wp-content\\\/uploads\\\/2023\\\/03\\\/logo-vcycletech-1.png\",\"width\":600,\"height\":400,\"caption\":\"vcycletech\"},\"image\":{\"@id\":\"https:\\\/\\\/vcycletech.com\\\/#\\\/schema\\\/logo\\\/image\\\/\"}}]}<\/script>\n<!-- \/ Yoast SEO Premium plugin. -->","yoast_head_json":{"title":"Acide Amino Trim\u00e9thyl\u00e8ne Phosphonique (ATMP) - vcycletech","description":"L&#039;acide amino trim\u00e9thyl\u00e8ne phosphonique est un cristal soluble dans l&#039;eau, incolore ou une poudre blanche. Il peut \u00eatre utilis\u00e9 comme agent ch\u00e9lateur, adjuvant de d\u00e9tergence et inhibiteur de corrosion.","robots":{"index":"index","follow":"follow","max-snippet":"max-snippet:-1","max-image-preview":"max-image-preview:large","max-video-preview":"max-video-preview:-1"},"canonical":"https:\/\/vcycletech.com\/fr\/produit\/acide-amino-trimethylene-phosphonique-atmp\/","og_locale":"fr_FR","og_type":"article","og_title":"Amino Trimethylene Phosphonic Acid (ATMP)","og_description":"Amino Trimethylene Phosphonic Acid is a water-soluble, colorless crystal or white powder. It can be used as a chelating agent, detergent builder, and corrosion inhibitor.","og_url":"https:\/\/vcycletech.com\/fr\/produit\/acide-amino-trimethylene-phosphonique-atmp\/","og_site_name":"vcycletech","article_modified_time":"2023-03-27T07:03:19+00:00","og_image":[{"width":600,"height":600,"url":"https:\/\/vcycletech.com\/wp-content\/uploads\/2023\/03\/1-97.png","type":"image\/png"}],"twitter_card":"summary_large_image","twitter_misc":{"Dur\u00e9e de lecture estim\u00e9e":"4 minutes"},"schema":{"@context":"https:\/\/schema.org","@graph":[{"@type":"WebPage","@id":"https:\/\/vcycletech.com\/product\/amino-trimethylene-phosphonic-acid-atmp\/","url":"https:\/\/vcycletech.com\/product\/amino-trimethylene-phosphonic-acid-atmp\/","name":"Acide Amino Trim\u00e9thyl\u00e8ne Phosphonique (ATMP) - vcycletech","isPartOf":{"@id":"https:\/\/vcycletech.com\/#website"},"primaryImageOfPage":{"@id":"https:\/\/vcycletech.com\/product\/amino-trimethylene-phosphonic-acid-atmp\/#primaryimage"},"image":{"@id":"https:\/\/vcycletech.com\/product\/amino-trimethylene-phosphonic-acid-atmp\/#primaryimage"},"thumbnailUrl":"https:\/\/vcycletech.com\/wp-content\/uploads\/2023\/03\/1-97.png","datePublished":"2023-03-15T20:43:39+00:00","dateModified":"2023-03-27T07:03:19+00:00","description":"L&#039;acide amino trim\u00e9thyl\u00e8ne phosphonique est un cristal soluble dans l&#039;eau, incolore ou une poudre blanche. Il peut \u00eatre utilis\u00e9 comme agent ch\u00e9lateur, adjuvant de d\u00e9tergence et inhibiteur de corrosion.","breadcrumb":{"@id":"https:\/\/vcycletech.com\/product\/amino-trimethylene-phosphonic-acid-atmp\/#breadcrumb"},"inLanguage":"fr-FR","potentialAction":[{"@type":"ReadAction","target":["https:\/\/vcycletech.com\/product\/amino-trimethylene-phosphonic-acid-atmp\/"]}]},{"@type":"ImageObject","inLanguage":"fr-FR","@id":"https:\/\/vcycletech.com\/product\/amino-trimethylene-phosphonic-acid-atmp\/#primaryimage","url":"https:\/\/vcycletech.com\/wp-content\/uploads\/2023\/03\/1-97.png","contentUrl":"https:\/\/vcycletech.com\/wp-content\/uploads\/2023\/03\/1-97.png","width":600,"height":600,"caption":"Amino Trimethylene Phosphonic Acid (ATMP)"},{"@type":"BreadcrumbList","@id":"https:\/\/vcycletech.com\/product\/amino-trimethylene-phosphonic-acid-atmp\/#breadcrumb","itemListElement":[{"@type":"ListItem","position":1,"name":"Home","item":"https:\/\/vcycletech.com\/"},{"@type":"ListItem","position":2,"name":"Water Treatment Chemicals Manufacturer","item":"https:\/\/vcycletech.com\/water-treatment-chemicals-manufacturer\/"},{"@type":"ListItem","position":3,"name":"Amino Trimethylene Phosphonic Acid (ATMP)"}]},{"@type":"WebSite","@id":"https:\/\/vcycletech.com\/#website","url":"https:\/\/vcycletech.com\/","name":"vcycletech","description":"Meilleur fournisseur de produits chimiques pour le traitement de l&#039;eau en Chine","publisher":{"@id":"https:\/\/vcycletech.com\/#organization"},"potentialAction":[{"@type":"SearchAction","target":{"@type":"EntryPoint","urlTemplate":"https:\/\/vcycletech.com\/?s={search_term_string}"},"query-input":{"@type":"PropertyValueSpecification","valueRequired":true,"valueName":"search_term_string"}}],"inLanguage":"fr-FR"},{"@type":"Organization","@id":"https:\/\/vcycletech.com\/#organization","name":"vcycletech","url":"https:\/\/vcycletech.com\/","logo":{"@type":"ImageObject","inLanguage":"fr-FR","@id":"https:\/\/vcycletech.com\/#\/schema\/logo\/image\/","url":"https:\/\/vcycletech.com\/wp-content\/uploads\/2023\/03\/logo-vcycletech-1.png","contentUrl":"https:\/\/vcycletech.com\/wp-content\/uploads\/2023\/03\/logo-vcycletech-1.png","width":600,"height":400,"caption":"vcycletech"},"image":{"@id":"https:\/\/vcycletech.com\/#\/schema\/logo\/image\/"}}]}},"_links":{"self":[{"href":"https:\/\/vcycletech.com\/fr\/wp-json\/wp\/v2\/product\/695","targetHints":{"allow":["GET"]}}],"collection":[{"href":"https:\/\/vcycletech.com\/fr\/wp-json\/wp\/v2\/product"}],"about":[{"href":"https:\/\/vcycletech.com\/fr\/wp-json\/wp\/v2\/types\/product"}],"wp:featuredmedia":[{"embeddable":true,"href":"https:\/\/vcycletech.com\/fr\/wp-json\/wp\/v2\/media\/2264"}],"wp:attachment":[{"href":"https:\/\/vcycletech.com\/fr\/wp-json\/wp\/v2\/media?parent=695"}],"wp:term":[{"taxonomy":"product_brand","embeddable":true,"href":"https:\/\/vcycletech.com\/fr\/wp-json\/wp\/v2\/product_brand?post=695"},{"taxonomy":"product_cat","embeddable":true,"href":"https:\/\/vcycletech.com\/fr\/wp-json\/wp\/v2\/product_cat?post=695"},{"taxonomy":"product_tag","embeddable":true,"href":"https:\/\/vcycletech.com\/fr\/wp-json\/wp\/v2\/product_tag?post=695"}],"curies":[{"name":"wp","href":"https:\/\/api.w.org\/{rel}","templated":true}]}}