{"id":2610,"date":"2023-03-23T11:02:04","date_gmt":"2023-03-23T11:02:04","guid":{"rendered":"https:\/\/vcycletech.com\/?post_type=product&#038;p=2610"},"modified":"2023-03-23T11:02:04","modified_gmt":"2023-03-23T11:02:04","slug":"decolorant-de-leau","status":"publish","type":"product","link":"https:\/\/vcycletech.com\/fr\/produit\/decolorant-de-leau\/","title":{"rendered":"Agent de d\u00e9coloration de l&#039;eau"},"content":{"rendered":"<h2 id=\"introduction_2\" class=\"xsj_heading_hash xsj_heading xsj_heading_h2\" data-source-line=\"6\" data-source-line-display=\"true\"><span class=\"xsj_heading_content\">Introduction<\/span><\/h2>\n<p class=\"xsj_paragraph xsj_paragraph_level_0\" data-source-line=\"7\" data-source-line-display=\"true\">L&#039;agent de d\u00e9coloration de l&#039;eau est essentiel pour traiter et d\u00e9colorer les eaux us\u00e9es des maisons de traitement textile, des industries de teinture et d&#039;autres applications industrielles. Il aide \u00e0 garder les eaux us\u00e9es claires en fournissant une d\u00e9coloration exceptionnelle (jusqu&#039;\u00e0 99%) avec r\u00e9duction de la DCO (50%-80%). Cet agent sp\u00e9cial peut \u00eatre utilis\u00e9 pour divers processus afin d&#039;assurer une qualit\u00e9 d&#039;eau optimale.<\/p>\n<div class=\"xiaoshujiang_element xsj_anchor\"><a class=\"blank_anchor_name\" name=\"features_3\"><\/a><a id=\"features_3\" class=\"blank_anchor_id\"><\/a><a class=\"blank_anchor_name\" name=\"features\"><\/a><a id=\"features\" class=\"blank_anchor_id\"><\/a><\/div>\n<h2 id=\"features_3\" class=\"xsj_heading_hash xsj_heading xsj_heading_h2\" data-source-line=\"9\" data-source-line-display=\"true\"><span class=\"xsj_heading_content\">Caract\u00e9ristiques<\/span><\/h2>\n<p class=\"xsj_paragraph xsj_paragraph_level_0\" data-source-line=\"11\" data-source-line-display=\"true\">L&#039;agent de d\u00e9coloration de l&#039;eau offre plusieurs avantages aux industries traitant des eaux us\u00e9es. Il peut \u00e9liminer efficacement les polluants organiques et les colorants, r\u00e9duisant ainsi les niveaux de DCO des eaux souterraines ou de surface. L&#039;agent aide \u00e9galement \u00e0 d\u00e9composer la mati\u00e8re organique en dioxyde de carbone et en sels organiques, ce qui permet de l&#039;\u00e9liminer ou de la recycler facilement. De plus, il a de faibles niveaux de toxicit\u00e9, ce qui le rend s\u00fbr pour une utilisation dans les zones o\u00f9 la sant\u00e9 environnementale est primordiale. Enfin, cet agent est tr\u00e8s \u00e9conomique et rentable par rapport aux autres traitements.<\/p>\n<div class=\"xiaoshujiang_element xsj_anchor\"><a class=\"blank_anchor_name\" name=\"applications_4\"><\/a><a id=\"applications_4\" class=\"blank_anchor_id\"><\/a><a class=\"blank_anchor_name\" name=\"applications\"><\/a><a id=\"applications\" class=\"blank_anchor_id\"><\/a><\/div>\n<h2 id=\"applications_4\" class=\"xsj_heading_hash xsj_heading xsj_heading_h2\" data-source-line=\"13\" data-source-line-display=\"true\"><span class=\"xsj_heading_content\">Applications<\/span><\/h2>\n<p class=\"xsj_paragraph xsj_paragraph_level_0\" data-source-line=\"15\" data-source-line-display=\"true\">L&#039;agent de d\u00e9coloration de l&#039;eau est souvent utilis\u00e9 dans la production d&#039;aliments et de boissons, la fabrication de papier, la p\u00e9trochimie, les encres d&#039;imprimerie, les d\u00e9tergents, le tannage du cuir et bien d&#039;autres. Il peut \u00eatre utilis\u00e9 comme pr\u00e9traitement avant les syst\u00e8mes de traitement biologique des eaux us\u00e9es ou directement apr\u00e8s un syst\u00e8me de traitement m\u00e9canique qui \u00e9limine les particules plus grosses. Cet agent est \u00e9galement une solution id\u00e9ale pour les industries qui exigent des niveaux de propret\u00e9 \u00e9lev\u00e9s, comme les h\u00f4pitaux et les laboratoires, en raison de ses excellentes capacit\u00e9s de d\u00e9coloration.<\/p>\n<h2>Sp\u00e9cification:<\/h2>\n<div id=\"tablepress-10_wrapper\" class=\"dataTables_wrapper no-footer\">\n<table id=\"tablepress-16\" class=\"tablepress tablepress-id-16\">\n<thead>\n<tr class=\"row-1\">\n\t<th class=\"column-1\">Article<\/th><th class=\"column-2\">Agent de d\u00e9coloration de l&#039;eau<\/th><td class=\"column-3\"><\/td><td class=\"column-4\"><\/td>\n<\/tr>\n<\/thead>\n<tbody class=\"row-striping row-hover\">\n<tr class=\"row-2\">\n\t<td class=\"column-1\">Composants principaux<\/td><td class=\"column-2\">r\u00e9sine dicyandiamide formald\u00e9hyde<\/td><td class=\"column-3\"><\/td><td class=\"column-4\"><\/td>\n<\/tr>\n<tr class=\"row-3\">\n\t<td class=\"column-1\">Apparence<\/td><td class=\"column-2\">liquide collant incolore ou de couleur claire<\/td><td class=\"column-3\"><\/td><td class=\"column-4\"><\/td>\n<\/tr>\n<tr class=\"row-4\">\n\t<td class=\"column-1\">Viscosit\u00e9 dynamique (mpa.s,20\u00b0C)<\/td><td class=\"column-2\">10-500<\/td><td class=\"column-3\"><\/td><td class=\"column-4\"><\/td>\n<\/tr>\n<tr class=\"row-5\">\n\t<td class=\"column-1\">pH (solution aqueuse 30%)<\/td><td class=\"column-2\">2.0-5.0<\/td><td class=\"column-3\"><\/td><td class=\"column-4\"><\/td>\n<\/tr>\n<tr class=\"row-6\">\n\t<td class=\"column-1\">teneur en solides % \u2265<\/td><td class=\"column-2\">50<\/td><td class=\"column-3\"><\/td><td class=\"column-4\"><\/td>\n<\/tr>\n<tr class=\"row-7\">\n\t<td class=\"column-1\">Remarque : notre produit peut \u00eatre fabriqu\u00e9 sur votre demande sp\u00e9ciale.<\/td><td class=\"column-2\"><\/td><td class=\"column-3\"><\/td><td class=\"column-4\"><\/td>\n<\/tr>\n<\/tbody>\n<\/table>\n<\/div>\n<div class=\"xiaoshujiang_element xsj_anchor\"><a class=\"blank_anchor_name\" name=\"faqs_5\"><\/a><a id=\"faqs_5\" class=\"blank_anchor_id\"><\/a><a class=\"blank_anchor_name\" name=\"faqs\"><\/a><a id=\"faqs\" class=\"blank_anchor_id\"><\/a><\/div>\n<h2 id=\"faqs_5\" class=\"xsj_heading_hash xsj_heading xsj_heading_h2\" data-source-line=\"17\" data-source-line-display=\"true\"><span class=\"xsj_heading_content\">FAQ<\/span><\/h2>\n<div class=\"xiaoshujiang_element xsj_anchor\"><a class=\"blank_anchor_name\" name=\"q120what20are20the20benefits20of20using20water20decoloring20agent_6\"><\/a><a id=\"q120what20are20the20benefits20of20using20water20decoloring20agent_6\" class=\"blank_anchor_id\"><\/a><a class=\"blank_anchor_name\" name=\"q1-what-are-the-benefits-of-using-water-decoloring-agent\"><\/a><a id=\"q1-what-are-the-benefits-of-using-water-decoloring-agent\" class=\"blank_anchor_id\"><\/a><\/div>\n<h3 id=\"q120what20are20the20benefits20of20using20water20decoloring20agent_6\" class=\"xsj_heading_hash xsj_heading xsj_heading_h3\" data-source-line=\"21\" data-source-line-display=\"true\"><span class=\"xsj_heading_content\">Q1\u00a0: Quels sont les avantages d&#039;utiliser un agent de d\u00e9coloration de l&#039;eau\u00a0?<\/span><\/h3>\n<p class=\"xsj_paragraph xsj_paragraph_level_0\" data-source-line=\"23\" data-source-line-display=\"true\">A1\u00a0: l&#039;agent de d\u00e9coloration de l&#039;eau fournit une d\u00e9coloration exceptionnelle (jusqu&#039;\u00e0 99%) avec r\u00e9duction de la DCO (50%-80%), \u00e9liminant efficacement les polluants organiques et les colorants des eaux us\u00e9es tout en les d\u00e9composant en dioxyde de carbone et en sels organiques pour une \u00e9limination ou un recyclage facile. L&#039;agent a \u00e9galement de faibles niveaux de toxicit\u00e9, ce qui le rend s\u00fbr pour une utilisation dans des zones soumises \u00e0 des r\u00e9glementations environnementales plus strictes.<\/p>\n<div class=\"xiaoshujiang_element xsj_anchor\"><a class=\"blank_anchor_name\" name=\"q220what20kind20of20industries20uses20water20decoloring20agent_7\"><\/a><a id=\"q220what20kind20of20industries20uses20water20decoloring20agent_7\" class=\"blank_anchor_id\"><\/a><a class=\"blank_anchor_name\" name=\"q2-what-kind-of-industries-uses-water-decoloring-agent\"><\/a><a id=\"q2-what-kind-of-industries-uses-water-decoloring-agent\" class=\"blank_anchor_id\"><\/a><\/div>\n<h3 id=\"q220what20kind20of20industries20uses20water20decoloring20agent_7\" class=\"xsj_heading_hash xsj_heading xsj_heading_h3\" data-source-line=\"25\" data-source-line-display=\"true\"><span class=\"xsj_heading_content\">Q2\u00a0: quel type d&#039;industries utilise l&#039;agent de d\u00e9coloration de l&#039;eau\u00a0?<\/span><\/h3>\n<p class=\"xsj_paragraph xsj_paragraph_level_0\" data-source-line=\"27\" data-source-line-display=\"true\">A2\u00a0: les agents de d\u00e9coloration de l&#039;eau sont souvent utilis\u00e9s dans la production d&#039;aliments et de boissons, la fabrication de papier, la p\u00e9trochimie, les d\u00e9tergents pour encres d&#039;imprimerie, le tannage du cuir, les h\u00f4pitaux et les laboratoires, etc.<\/p>\n<div class=\"xiaoshujiang_element xsj_anchor\"><a class=\"blank_anchor_name\" name=\"q320is20water20decoloring20agent20cost20effective_8\"><\/a><a id=\"q320is20water20decoloring20agent20cost20effective_8\" class=\"blank_anchor_id\"><\/a><a class=\"blank_anchor_name\" name=\"q3-is-water-decoloring-agent-cost-effective\"><\/a><a id=\"q3-is-water-decoloring-agent-cost-effective\" class=\"blank_anchor_id\"><\/a><\/div>\n<h3 id=\"q320is20water20decoloring20agent20cost20effective_8\" class=\"xsj_heading_hash xsj_heading xsj_heading_h3\" data-source-line=\"29\" data-source-line-display=\"true\"><span class=\"xsj_heading_content\">Q3\u00a0: L&#039;agent de d\u00e9coloration de l&#039;eau est-il rentable\u00a0?<\/span><\/h3>\n<p class=\"xsj_paragraph xsj_paragraph_level_0\" data-source-line=\"31\" data-source-line-display=\"true\">A3\u00a0: Oui\u00a0! Par rapport aux autres traitements disponibles aujourd&#039;hui, l&#039;utilisation d&#039;agents de d\u00e9coloration de l&#039;eau est une solution tr\u00e8s \u00e9conomique et rentable pour de nombreuses industries qui ont besoin de traiter leurs eaux us\u00e9es.<\/p>\n<div class=\"xiaoshujiang_element xsj_anchor\"><a class=\"blank_anchor_name\" name=\"q420how20does20water20decoloring20agent20work_9\"><\/a><a id=\"q420how20does20water20decoloring20agent20work_9\" class=\"blank_anchor_id\"><\/a><a class=\"blank_anchor_name\" name=\"q4-how-does-water-decoloring-agent-work\"><\/a><a id=\"q4-how-does-water-decoloring-agent-work\" class=\"blank_anchor_id\"><\/a><\/div>\n<h3 id=\"q420how20does20water20decoloring20agent20work_9\" class=\"xsj_heading_hash xsj_heading xsj_heading_h3\" data-source-line=\"33\" data-source-line-display=\"true\"><span class=\"xsj_heading_content\">Q4\u00a0: Comment fonctionne l&#039;agent de d\u00e9coloration de l&#039;eau\u00a0?<\/span><\/h3>\n<p class=\"xsj_paragraph xsj_paragraph_level_0\" data-source-line=\"35\" data-source-line-display=\"true\">A4\u00a0: L&#039;agent fonctionne en d\u00e9composant la mati\u00e8re organique en dioxyde de carbone et en sels organiques, qui peuvent ensuite \u00eatre \u00e9limin\u00e9s ou recycl\u00e9s en fonction des besoins d&#039;application des exigences du processus de traitement des eaux us\u00e9es de votre industrie.<\/p>\n<div class=\"xiaoshujiang_element xsj_anchor\"><a class=\"blank_anchor_name\" name=\"q520is20it20safe20to20use20water20decoloring20agent_10\"><\/a><a id=\"q520is20it20safe20to20use20water20decoloring20agent_10\" class=\"blank_anchor_id\"><\/a><a class=\"blank_anchor_name\" name=\"q5-is-it-safe-to-use-water-decoloring-agent\"><\/a><a id=\"q5-is-it-safe-to-use-water-decoloring-agent\" class=\"blank_anchor_id\"><\/a><\/div>\n<h3 id=\"q520is20it20safe20to20use20water20decoloring20agent_10\" class=\"xsj_heading_hash xsj_heading xsj_heading_h3\" data-source-line=\"37\" data-source-line-display=\"true\"><span class=\"xsj_heading_content\">Q5\u00a0: Est-il s\u00fbr d&#039;utiliser l&#039;agent de d\u00e9coloration de l&#039;eau\u00a0?<\/span><\/h3>\n<p class=\"xsj_paragraph xsj_paragraph_level_0\" data-source-line=\"39\" data-source-line-display=\"true\">A5\u00a0:\u00a0Oui\u00a0! Le faible niveau de toxicit\u00e9 rend cet agent tr\u00e8s s\u00fbr m\u00eame lorsqu&#039;il est utilis\u00e9 dans des zones o\u00f9 la sant\u00e9 environnementale est importante, comme les h\u00f4pitaux et les laboratoires.<\/p>\n<p class=\"xsj_paragraph xsj_paragraph_level_0\" data-source-line=\"41\" data-source-line-display=\"true\"><a class=\"xsj_link xsj_manu_link\" href=\"https:\/\/vcycletech.com\/fr\/categorie-de-produit\/coagulants-et-floculants\/\">Obtenez la solution compl\u00e8te de coagulants et floculants.<\/a><\/p>","protected":false},"excerpt":{"rendered":"<p>Vcycletech&#039;s <strong>Agent de d\u00e9coloration de l&#039;eau<\/strong> est un produit de haute qualit\u00e9 qui offre une d\u00e9coloration et une r\u00e9duction de DCO exceptionnelles. Il est essentiel pour garder les eaux us\u00e9es claires dans les usines de transformation textile et les industries de teinture, ce qui en fait un outil indispensable pour ces entreprises. Notre agent de d\u00e9coloration de l&#039;eau r\u00e9pondra \u00e0 vos besoins avec une d\u00e9coloration jusqu&#039;\u00e0 99% et une r\u00e9duction de DCO 50%-80%. Contactez-nous aujourd&#039;hui pour en savoir plus!<\/p>","protected":false},"featured_media":2612,"template":"","meta":{"site-sidebar-layout":"default","site-content-layout":"default","ast-site-content-layout":"default","site-content-style":"default","site-sidebar-style":"default","ast-global-header-display":"","ast-banner-title-visibility":"","ast-main-header-display":"","ast-hfb-above-header-display":"","ast-hfb-below-header-display":"","ast-hfb-mobile-header-display":"","site-post-title":"","ast-breadcrumbs-content":"","ast-featured-img":"","footer-sml-layout":"","ast-disable-related-posts":"","theme-transparent-header-meta":"default","adv-header-id-meta":"","stick-header-meta":"default","header-above-stick-meta":"","header-main-stick-meta":"","header-below-stick-meta":"","astra-migrate-meta-layouts":"default","ast-page-background-enabled":"default","ast-page-background-meta":{"desktop":{"background-color":"","background-image":"","background-repeat":"repeat","background-position":"center center","background-size":"auto","background-attachment":"scroll","background-type":"","background-media":"","overlay-type":"","overlay-color":"","overlay-opacity":"","overlay-gradient":""},"tablet":{"background-color":"","background-image":"","background-repeat":"repeat","background-position":"center center","background-size":"auto","background-attachment":"scroll","background-type":"","background-media":"","overlay-type":"","overlay-color":"","overlay-opacity":"","overlay-gradient":""},"mobile":{"background-color":"","background-image":"","background-repeat":"repeat","background-position":"center center","background-size":"auto","background-attachment":"scroll","background-type":"","background-media":"","overlay-type":"","overlay-color":"","overlay-opacity":"","overlay-gradient":""}},"ast-content-background-meta":{"desktop":{"background-color":"var(--ast-global-color-5)","background-image":"","background-repeat":"repeat","background-position":"center center","background-size":"auto","background-attachment":"scroll","background-type":"","background-media":"","overlay-type":"","overlay-color":"","overlay-opacity":"","overlay-gradient":""},"tablet":{"background-color":"var(--ast-global-color-5)","background-image":"","background-repeat":"repeat","background-position":"center center","background-size":"auto","background-attachment":"scroll","background-type":"","background-media":"","overlay-type":"","overlay-color":"","overlay-opacity":"","overlay-gradient":""},"mobile":{"background-color":"var(--ast-global-color-5)","background-image":"","background-repeat":"repeat","background-position":"center center","background-size":"auto","background-attachment":"scroll","background-type":"","background-media":"","overlay-type":"","overlay-color":"","overlay-opacity":"","overlay-gradient":""}}},"product_brand":[],"product_cat":[37],"product_tag":[],"class_list":{"0":"post-2610","1":"product","2":"type-product","3":"status-publish","4":"has-post-thumbnail","6":"product_cat-coagulants-and-flocculants","7":"desktop-align-left","8":"tablet-align-left","9":"mobile-align-left","10":"ast-product-gallery-layout-horizontal-slider","11":"ast-product-gallery-with-no-image","12":"ast-product-tabs-layout-horizontal","14":"first","15":"instock","16":"shipping-taxable","17":"product-type-simple"},"yoast_head":"<!-- This site is optimized with the Yoast SEO Premium plugin v26.3 (Yoast SEO v27.5) - https:\/\/yoast.com\/product\/yoast-seo-premium-wordpress\/ -->\n<title>Water Decoloring Agent - vcycletech<\/title>\n<meta name=\"description\" content=\"Get rid of highly tinted wastewater quickly and effectively with water decoloring agent. Our agents help reduce COD by up to 80% and provide up to 99% decolorization for ultimate clarity. Make sure your industrial applications are running optimally with water decoloring agent!\" \/>\n<meta name=\"robots\" content=\"index, follow, max-snippet:-1, max-image-preview:large, max-video-preview:-1\" \/>\n<link rel=\"canonical\" href=\"https:\/\/vcycletech.com\/fr\/produit\/decolorant-de-leau\/\" \/>\n<meta property=\"og:locale\" content=\"fr_FR\" \/>\n<meta property=\"og:type\" content=\"article\" \/>\n<meta property=\"og:title\" content=\"Water Decoloring Agent\" \/>\n<meta property=\"og:description\" content=\"Get rid of highly tinted wastewater quickly and effectively with water decoloring agent. Our agents help reduce COD by up to 80% and provide up to 99% decolorization for ultimate clarity. Make sure your industrial applications are running optimally with water decoloring agent!\" \/>\n<meta property=\"og:url\" content=\"https:\/\/vcycletech.com\/fr\/produit\/decolorant-de-leau\/\" \/>\n<meta property=\"og:site_name\" content=\"vcycletech\" \/>\n<meta property=\"og:image\" content=\"https:\/\/vcycletech.com\/wp-content\/uploads\/2023\/03\/WT-601-15.png\" \/>\n\t<meta property=\"og:image:width\" content=\"600\" \/>\n\t<meta property=\"og:image:height\" content=\"600\" \/>\n\t<meta property=\"og:image:type\" content=\"image\/png\" \/>\n<meta name=\"twitter:card\" content=\"summary_large_image\" \/>\n<meta name=\"twitter:label1\" content=\"Dur\u00e9e de lecture estim\u00e9e\" \/>\n\t<meta name=\"twitter:data1\" content=\"2 minutes\" \/>\n<script type=\"application\/ld+json\" class=\"yoast-schema-graph\">{\"@context\":\"https:\\\/\\\/schema.org\",\"@graph\":[{\"@type\":\"WebPage\",\"@id\":\"https:\\\/\\\/vcycletech.com\\\/product\\\/water-decoloring-agent\\\/\",\"url\":\"https:\\\/\\\/vcycletech.com\\\/product\\\/water-decoloring-agent\\\/\",\"name\":\"Water Decoloring Agent - vcycletech\",\"isPartOf\":{\"@id\":\"https:\\\/\\\/vcycletech.com\\\/#website\"},\"primaryImageOfPage\":{\"@id\":\"https:\\\/\\\/vcycletech.com\\\/product\\\/water-decoloring-agent\\\/#primaryimage\"},\"image\":{\"@id\":\"https:\\\/\\\/vcycletech.com\\\/product\\\/water-decoloring-agent\\\/#primaryimage\"},\"thumbnailUrl\":\"https:\\\/\\\/vcycletech.com\\\/wp-content\\\/uploads\\\/2023\\\/03\\\/WT-601-15.png\",\"datePublished\":\"2023-03-23T11:02:04+00:00\",\"description\":\"Get rid of highly tinted wastewater quickly and effectively with water decoloring agent. Our agents help reduce COD by up to 80% and provide up to 99% decolorization for ultimate clarity. Make sure your industrial applications are running optimally with water decoloring agent!\",\"breadcrumb\":{\"@id\":\"https:\\\/\\\/vcycletech.com\\\/product\\\/water-decoloring-agent\\\/#breadcrumb\"},\"inLanguage\":\"fr-FR\",\"potentialAction\":[{\"@type\":\"ReadAction\",\"target\":[\"https:\\\/\\\/vcycletech.com\\\/product\\\/water-decoloring-agent\\\/\"]}]},{\"@type\":\"ImageObject\",\"inLanguage\":\"fr-FR\",\"@id\":\"https:\\\/\\\/vcycletech.com\\\/product\\\/water-decoloring-agent\\\/#primaryimage\",\"url\":\"https:\\\/\\\/vcycletech.com\\\/wp-content\\\/uploads\\\/2023\\\/03\\\/WT-601-15.png\",\"contentUrl\":\"https:\\\/\\\/vcycletech.com\\\/wp-content\\\/uploads\\\/2023\\\/03\\\/WT-601-15.png\",\"width\":600,\"height\":600,\"caption\":\"Water Decoloring Agent\"},{\"@type\":\"BreadcrumbList\",\"@id\":\"https:\\\/\\\/vcycletech.com\\\/product\\\/water-decoloring-agent\\\/#breadcrumb\",\"itemListElement\":[{\"@type\":\"ListItem\",\"position\":1,\"name\":\"Home\",\"item\":\"https:\\\/\\\/vcycletech.com\\\/\"},{\"@type\":\"ListItem\",\"position\":2,\"name\":\"Water Treatment Chemicals Manufacturer\",\"item\":\"https:\\\/\\\/vcycletech.com\\\/water-treatment-chemicals-manufacturer\\\/\"},{\"@type\":\"ListItem\",\"position\":3,\"name\":\"Water Decoloring Agent\"}]},{\"@type\":\"WebSite\",\"@id\":\"https:\\\/\\\/vcycletech.com\\\/#website\",\"url\":\"https:\\\/\\\/vcycletech.com\\\/\",\"name\":\"vcycletech\",\"description\":\"China&#039;s top water treatment chemicals supplier\",\"publisher\":{\"@id\":\"https:\\\/\\\/vcycletech.com\\\/#organization\"},\"potentialAction\":[{\"@type\":\"SearchAction\",\"target\":{\"@type\":\"EntryPoint\",\"urlTemplate\":\"https:\\\/\\\/vcycletech.com\\\/?s={search_term_string}\"},\"query-input\":{\"@type\":\"PropertyValueSpecification\",\"valueRequired\":true,\"valueName\":\"search_term_string\"}}],\"inLanguage\":\"fr-FR\"},{\"@type\":\"Organization\",\"@id\":\"https:\\\/\\\/vcycletech.com\\\/#organization\",\"name\":\"vcycletech\",\"url\":\"https:\\\/\\\/vcycletech.com\\\/\",\"logo\":{\"@type\":\"ImageObject\",\"inLanguage\":\"fr-FR\",\"@id\":\"https:\\\/\\\/vcycletech.com\\\/#\\\/schema\\\/logo\\\/image\\\/\",\"url\":\"https:\\\/\\\/vcycletech.com\\\/wp-content\\\/uploads\\\/2023\\\/03\\\/logo-vcycletech-1.png\",\"contentUrl\":\"https:\\\/\\\/vcycletech.com\\\/wp-content\\\/uploads\\\/2023\\\/03\\\/logo-vcycletech-1.png\",\"width\":600,\"height\":400,\"caption\":\"vcycletech\"},\"image\":{\"@id\":\"https:\\\/\\\/vcycletech.com\\\/#\\\/schema\\\/logo\\\/image\\\/\"}}]}<\/script>\n<!-- \/ Yoast SEO Premium plugin. -->","yoast_head_json":{"title":"Agent d\u00e9colorant de l&#039;eau - vcycletech","description":"D\u00e9barrassez-vous rapidement et efficacement des eaux us\u00e9es tr\u00e8s teint\u00e9es avec un agent d\u00e9colorant de l&#039;eau. Nos agents aident \u00e0 r\u00e9duire la COD jusqu&#039;\u00e0 80% et fournissent une d\u00e9coloration jusqu&#039;\u00e0 99% pour une clart\u00e9 ultime. Assurez-vous que vos applications industrielles fonctionnent de mani\u00e8re optimale avec l&#039;agent d\u00e9colorant de l&#039;eau !","robots":{"index":"index","follow":"follow","max-snippet":"max-snippet:-1","max-image-preview":"max-image-preview:large","max-video-preview":"max-video-preview:-1"},"canonical":"https:\/\/vcycletech.com\/fr\/produit\/decolorant-de-leau\/","og_locale":"fr_FR","og_type":"article","og_title":"Water Decoloring Agent","og_description":"Get rid of highly tinted wastewater quickly and effectively with water decoloring agent. Our agents help reduce COD by up to 80% and provide up to 99% decolorization for ultimate clarity. Make sure your industrial applications are running optimally with water decoloring agent!","og_url":"https:\/\/vcycletech.com\/fr\/produit\/decolorant-de-leau\/","og_site_name":"vcycletech","og_image":[{"width":600,"height":600,"url":"https:\/\/vcycletech.com\/wp-content\/uploads\/2023\/03\/WT-601-15.png","type":"image\/png"}],"twitter_card":"summary_large_image","twitter_misc":{"Dur\u00e9e de lecture estim\u00e9e":"2 minutes"},"schema":{"@context":"https:\/\/schema.org","@graph":[{"@type":"WebPage","@id":"https:\/\/vcycletech.com\/product\/water-decoloring-agent\/","url":"https:\/\/vcycletech.com\/product\/water-decoloring-agent\/","name":"Agent d\u00e9colorant de l&#039;eau - vcycletech","isPartOf":{"@id":"https:\/\/vcycletech.com\/#website"},"primaryImageOfPage":{"@id":"https:\/\/vcycletech.com\/product\/water-decoloring-agent\/#primaryimage"},"image":{"@id":"https:\/\/vcycletech.com\/product\/water-decoloring-agent\/#primaryimage"},"thumbnailUrl":"https:\/\/vcycletech.com\/wp-content\/uploads\/2023\/03\/WT-601-15.png","datePublished":"2023-03-23T11:02:04+00:00","description":"D\u00e9barrassez-vous rapidement et efficacement des eaux us\u00e9es tr\u00e8s teint\u00e9es avec un agent d\u00e9colorant de l&#039;eau. Nos agents aident \u00e0 r\u00e9duire la COD jusqu&#039;\u00e0 80% et fournissent une d\u00e9coloration jusqu&#039;\u00e0 99% pour une clart\u00e9 ultime. Assurez-vous que vos applications industrielles fonctionnent de mani\u00e8re optimale avec l&#039;agent d\u00e9colorant de l&#039;eau !","breadcrumb":{"@id":"https:\/\/vcycletech.com\/product\/water-decoloring-agent\/#breadcrumb"},"inLanguage":"fr-FR","potentialAction":[{"@type":"ReadAction","target":["https:\/\/vcycletech.com\/product\/water-decoloring-agent\/"]}]},{"@type":"ImageObject","inLanguage":"fr-FR","@id":"https:\/\/vcycletech.com\/product\/water-decoloring-agent\/#primaryimage","url":"https:\/\/vcycletech.com\/wp-content\/uploads\/2023\/03\/WT-601-15.png","contentUrl":"https:\/\/vcycletech.com\/wp-content\/uploads\/2023\/03\/WT-601-15.png","width":600,"height":600,"caption":"Water Decoloring Agent"},{"@type":"BreadcrumbList","@id":"https:\/\/vcycletech.com\/product\/water-decoloring-agent\/#breadcrumb","itemListElement":[{"@type":"ListItem","position":1,"name":"Home","item":"https:\/\/vcycletech.com\/"},{"@type":"ListItem","position":2,"name":"Water Treatment Chemicals Manufacturer","item":"https:\/\/vcycletech.com\/water-treatment-chemicals-manufacturer\/"},{"@type":"ListItem","position":3,"name":"Water Decoloring Agent"}]},{"@type":"WebSite","@id":"https:\/\/vcycletech.com\/#website","url":"https:\/\/vcycletech.com\/","name":"vcycletech","description":"Meilleur fournisseur de produits chimiques pour le traitement de l&#039;eau en Chine","publisher":{"@id":"https:\/\/vcycletech.com\/#organization"},"potentialAction":[{"@type":"SearchAction","target":{"@type":"EntryPoint","urlTemplate":"https:\/\/vcycletech.com\/?s={search_term_string}"},"query-input":{"@type":"PropertyValueSpecification","valueRequired":true,"valueName":"search_term_string"}}],"inLanguage":"fr-FR"},{"@type":"Organization","@id":"https:\/\/vcycletech.com\/#organization","name":"vcycletech","url":"https:\/\/vcycletech.com\/","logo":{"@type":"ImageObject","inLanguage":"fr-FR","@id":"https:\/\/vcycletech.com\/#\/schema\/logo\/image\/","url":"https:\/\/vcycletech.com\/wp-content\/uploads\/2023\/03\/logo-vcycletech-1.png","contentUrl":"https:\/\/vcycletech.com\/wp-content\/uploads\/2023\/03\/logo-vcycletech-1.png","width":600,"height":400,"caption":"vcycletech"},"image":{"@id":"https:\/\/vcycletech.com\/#\/schema\/logo\/image\/"}}]}},"_links":{"self":[{"href":"https:\/\/vcycletech.com\/fr\/wp-json\/wp\/v2\/product\/2610","targetHints":{"allow":["GET"]}}],"collection":[{"href":"https:\/\/vcycletech.com\/fr\/wp-json\/wp\/v2\/product"}],"about":[{"href":"https:\/\/vcycletech.com\/fr\/wp-json\/wp\/v2\/types\/product"}],"wp:featuredmedia":[{"embeddable":true,"href":"https:\/\/vcycletech.com\/fr\/wp-json\/wp\/v2\/media\/2612"}],"wp:attachment":[{"href":"https:\/\/vcycletech.com\/fr\/wp-json\/wp\/v2\/media?parent=2610"}],"wp:term":[{"taxonomy":"product_brand","embeddable":true,"href":"https:\/\/vcycletech.com\/fr\/wp-json\/wp\/v2\/product_brand?post=2610"},{"taxonomy":"product_cat","embeddable":true,"href":"https:\/\/vcycletech.com\/fr\/wp-json\/wp\/v2\/product_cat?post=2610"},{"taxonomy":"product_tag","embeddable":true,"href":"https:\/\/vcycletech.com\/fr\/wp-json\/wp\/v2\/product_tag?post=2610"}],"curies":[{"name":"wp","href":"https:\/\/api.w.org\/{rel}","templated":true}]}}