{"id":2576,"date":"2023-03-23T10:34:02","date_gmt":"2023-03-23T10:34:02","guid":{"rendered":"https:\/\/vcycletech.com\/?post_type=product&#038;p=2576"},"modified":"2023-03-23T10:34:03","modified_gmt":"2023-03-23T10:34:03","slug":"polydadmac","status":"publish","type":"product","link":"https:\/\/vcycletech.com\/fr\/produit\/polydadmac\/","title":{"rendered":"Polydadmac"},"content":{"rendered":"<h2 id=\"introduction_2\" class=\"xsj_heading_hash xsj_heading xsj_heading_h2\" data-source-line=\"6\" data-source-line-display=\"true\"><span class=\"xsj_heading_content\">Introduction<\/span><\/h2>\n<p class=\"xsj_paragraph xsj_paragraph_level_0\" data-source-line=\"7\" data-source-line-display=\"true\">Le PolyDADMAC est un homopolym\u00e8re cationique essentiel compos\u00e9 principalement de chlorure de diallyldim\u00e9thylammonium, utilis\u00e9 dans diverses applications industrielles. Ce polym\u00e8re de poids mol\u00e9culaire \u00e9lev\u00e9 se pr\u00e9sente g\u00e9n\u00e9ralement sous la forme d&#039;un liquide concentr\u00e9 avec des concentrations solides comprises entre 10% et 50%, ce qui en fait un produit tr\u00e8s polyvalent et accessible pour toutes les industries.<\/p>\n<div class=\"xiaoshujiang_element xsj_anchor\"><a class=\"blank_anchor_name\" name=\"features_3\"><\/a><a id=\"features_3\" class=\"blank_anchor_id\"><\/a><a class=\"blank_anchor_name\" name=\"features\"><\/a><a id=\"features\" class=\"blank_anchor_id\"><\/a><\/div>\n<h2 id=\"features_3\" class=\"xsj_heading_hash xsj_heading xsj_heading_h2\" data-source-line=\"9\" data-source-line-display=\"true\"><span class=\"xsj_heading_content\">Caract\u00e9ristiques<\/span><\/h2>\n<p class=\"xsj_paragraph xsj_paragraph_level_0\" data-source-line=\"11\" data-source-line-display=\"true\">En ce qui concerne les fonctionnalit\u00e9s, PolyDADMAC ne d\u00e9\u00e7oit certainement pas. Il a une excellente capacit\u00e9 de floculation, ce qui signifie qu&#039;il peut aider \u00e0 s\u00e9parer les particules des liquides. De plus, le produit est facile \u00e0 manipuler en raison de sa forme hydrat\u00e9e, ce qui le rend efficace et fiable \u00e0 utiliser dans n&#039;importe quelle t\u00e2che ou travail. De plus, PolyDADMAC peut r\u00e9sister \u00e0 diff\u00e9rentes temp\u00e9ratures et niveaux de pH, ce qui le rend adaptable \u00e0 diverses conditions pouvant \u00eatre pr\u00e9sentes dans diff\u00e9rents projets. Enfin, le polym\u00e8re est non toxique et sans danger pour les humains, les animaux et les plantes.<\/p>\n<div class=\"xiaoshujiang_element xsj_anchor\"><a class=\"blank_anchor_name\" name=\"applications_4\"><\/a><a id=\"applications_4\" class=\"blank_anchor_id\"><\/a><a class=\"blank_anchor_name\" name=\"applications\"><\/a><a id=\"applications\" class=\"blank_anchor_id\"><\/a><\/div>\n<h2 id=\"applications_4\" class=\"xsj_heading_hash xsj_heading xsj_heading_h2\" data-source-line=\"13\" data-source-line-display=\"true\"><span class=\"xsj_heading_content\">Applications<\/span><\/h2>\n<p class=\"xsj_paragraph xsj_paragraph_level_0\" data-source-line=\"15\" data-source-line-display=\"true\">Compte tenu de ses propri\u00e9t\u00e9s, PolyDADMAC peut \u00eatre utilis\u00e9 dans de nombreux domaines de l&#039;industrie, tels que les applications de traitement de l&#039;eau, les d\u00e9tergents \u00e0 lessive et les syst\u00e8mes de stabilisation d&#039;\u00e9mulsion. Dans les applications de traitement de l&#039;eau, le polym\u00e8re forme de grands flocs, qui aident \u00e0 d\u00e9poser les particules de salet\u00e9 extraites de la suspension dans l&#039;eau. Dans les d\u00e9tergents \u00e0 lessive en particulier, PolyDADMAC peut aider \u00e0 am\u00e9liorer la douceur des tissus tout en offrant une protection antistatique - deux qualit\u00e9s hautement souhaitables dans les v\u00eatements aujourd&#039;hui.<\/p>\n<p class=\"xsj_paragraph xsj_paragraph_level_0\" data-source-line=\"17\" data-source-line-display=\"true\">Enfin, lorsqu&#039;il s&#039;agit de syst\u00e8mes de stabilisation d&#039;\u00e9mulsion tels que des produits de soins capillaires tels que des shampooings ou d&#039;autres articles similaires sur le march\u00e9 aujourd&#039;hui, PolyDADMAC aide \u00e0 emp\u00eacher ces produits de se s\u00e9parer en leurs composants (par exemple, huile et eau). Cela garantit que les clients re\u00e7oivent un produit complet \u00e0 chaque fois qu&#039;ils en ach\u00e8tent un !<\/p>\n<h2>Sp\u00e9cification:<\/h2>\n<p data-source-line=\"17\" data-source-line-display=\"true\">\n<table id=\"tablepress-14\" class=\"tablepress tablepress-id-14\">\n<thead>\n<tr class=\"row-1\">\n\t<th class=\"column-1\">Apparence<\/th><th class=\"column-2\">Liquide collant incolore ou clair<\/th><td class=\"column-3\"><\/td><td class=\"column-4\"><\/td>\n<\/tr>\n<\/thead>\n<tbody class=\"row-striping row-hover\">\n<tr class=\"row-2\">\n\t<td class=\"column-1\">Viscosit\u00e9 dynamique (mpa.s, 20\u2103)<\/td><td class=\"column-2\">500-300000<\/td><td class=\"column-3\"><\/td><td class=\"column-4\"><\/td>\n<\/tr>\n<tr class=\"row-3\">\n\t<td class=\"column-1\">Valeur du pH (solution d&#039;eau 1%)<\/td><td class=\"column-2\">3.0-8.0<\/td><td class=\"column-3\"><\/td><td class=\"column-4\"><\/td>\n<\/tr>\n<tr class=\"row-4\">\n\t<td class=\"column-1\">Contenu solide % \u2265<\/td><td class=\"column-2\">20-50%<\/td><td class=\"column-3\"><\/td><td class=\"column-4\"><\/td>\n<\/tr>\n<tr class=\"row-5\">\n\t<td class=\"column-1\">Dur\u00e9e de conservation<\/td><td class=\"column-2\">Un ans<\/td><td class=\"column-3\"><\/td><td class=\"column-4\"><\/td>\n<\/tr>\n<tr class=\"row-6\">\n\t<td class=\"column-1\">Remarque : notre produit peut \u00eatre fabriqu\u00e9 sur votre demande sp\u00e9ciale.<\/td><td class=\"column-2\"><\/td><td class=\"column-3\"><\/td><td class=\"column-4\"><\/td>\n<\/tr>\n<\/tbody>\n<\/table>\n<!-- #tablepress-14 from cache --><\/p>\n<div class=\"xiaoshujiang_element xsj_anchor\"><a class=\"blank_anchor_name\" name=\"frequently20asked20questions20about20polydadmac_5\"><\/a><a id=\"frequently20asked20questions20about20polydadmac_5\" class=\"blank_anchor_id\"><\/a><a class=\"blank_anchor_name\" name=\"frequently-asked-questions-about-polydadmac\"><\/a><a id=\"frequently-asked-questions-about-polydadmac\" class=\"blank_anchor_id\"><\/a><\/div>\n<h2 id=\"frequently20asked20questions20about20polydadmac_5\" class=\"xsj_heading_hash xsj_heading xsj_heading_h2\" data-source-line=\"19\" data-source-line-display=\"true\"><span class=\"xsj_heading_content\">Foire aux questions sur PolyDADMAC<\/span><\/h2>\n<div class=\"xiaoshujiang_element xsj_anchor\"><a class=\"blank_anchor_name\" name=\"120what20type20of20chemical20compound20is20polydadmac_6\"><\/a><a id=\"120what20type20of20chemical20compound20is20polydadmac_6\" class=\"blank_anchor_id\"><\/a><a class=\"blank_anchor_name\" name=\"1-what-type-of-chemical-compound-is-polydadmac\"><\/a><a id=\"1-what-type-of-chemical-compound-is-polydadmac\" class=\"blank_anchor_id\"><\/a><\/div>\n<h3 id=\"120what20type20of20chemical20compound20is20polydadmac_6\" class=\"xsj_heading_hash xsj_heading xsj_heading_h3\" data-source-line=\"21\" data-source-line-display=\"true\"><span class=\"xsj_heading_content\">1) Quel type de compos\u00e9 chimique est le PolyDADMAC ?<\/span><\/h3>\n<p class=\"xsj_paragraph xsj_paragraph_level_0\" data-source-line=\"23\" data-source-line-display=\"true\">Le PolyDADMC est un homopolym\u00e8re cationique compos\u00e9 principalement de chlorure de diallyldim\u00e9thylammonium (un sel d&#039;ammonium quaternaire).<\/p>\n<div class=\"xiaoshujiang_element xsj_anchor\"><a class=\"blank_anchor_name\" name=\"220how20does20polydadmac20work_7\"><\/a><a id=\"220how20does20polydadmac20work_7\" class=\"blank_anchor_id\"><\/a><a class=\"blank_anchor_name\" name=\"2-how-does-polydadmac-work\"><\/a><a id=\"2-how-does-polydadmac-work\" class=\"blank_anchor_id\"><\/a><\/div>\n<h3 id=\"220how20does20polydadmac20work_7\" class=\"xsj_heading_hash xsj_heading xsj_heading_h3\" data-source-line=\"25\" data-source-line-display=\"true\"><span class=\"xsj_heading_content\">2) Comment fonctionne polydadmac ?<\/span><\/h3>\n<p class=\"xsj_paragraph xsj_paragraph_level_0\" data-source-line=\"27\" data-source-line-display=\"true\">Il agit en formant de gros flocs qui d\u00e9cantent les particules de salet\u00e9 en suspension dans des liquides tels que l&#039;eau ou d&#039;autres solutions de nettoyage utilis\u00e9es dans les d\u00e9tergents ou les produits de soins capillaires comme les shampooings. Ce polym\u00e8re peut \u00e9galement fournir une protection antistatique lorsqu&#039;il est utilis\u00e9 dans les d\u00e9tergents \u00e0 lessive.<\/p>\n<div class=\"xiaoshujiang_element xsj_anchor\"><a class=\"blank_anchor_name\" name=\"320is20polydadmac20safe_8\"><\/a><a id=\"320is20polydadmac20safe_8\" class=\"blank_anchor_id\"><\/a><a class=\"blank_anchor_name\" name=\"3-is-polydadmac-safe\"><\/a><a id=\"3-is-polydadmac-safe\" class=\"blank_anchor_id\"><\/a><\/div>\n<h3 id=\"320is20polydadmac20safe_8\" class=\"xsj_heading_hash xsj_heading xsj_heading_h3\" data-source-line=\"29\" data-source-line-display=\"true\"><span class=\"xsj_heading_content\">3) Polydadmac est-il s\u00fbr ?<\/span><\/h3>\n<p class=\"xsj_paragraph xsj_paragraph_level_0\" data-source-line=\"31\" data-source-line-display=\"true\">Oui! Il a \u00e9t\u00e9 rigoureusement test\u00e9 pour des mesures de s\u00e9curit\u00e9 et trouv\u00e9 non toxique pour une utilisation autour des humains, des animaux et des plantes.<\/p>\n<div class=\"xiaoshujiang_element xsj_anchor\"><a class=\"blank_anchor_name\" name=\"420is20polydadmac20available20in20solid20form_9\"><\/a><a id=\"420is20polydadmac20available20in20solid20form_9\" class=\"blank_anchor_id\"><\/a><a class=\"blank_anchor_name\" name=\"4-is-polydadmac-available-in-solid-form\"><\/a><a id=\"4-is-polydadmac-available-in-solid-form\" class=\"blank_anchor_id\"><\/a><\/div>\n<h3 id=\"420is20polydadmac20available20in20solid20form_9\" class=\"xsj_heading_hash xsj_heading xsj_heading_h3\" data-source-line=\"33\" data-source-line-display=\"true\"><span class=\"xsj_heading_content\">4) Le polydadmac est-il disponible sous forme solide ?<\/span><\/h3>\n<p class=\"xsj_paragraph xsj_paragraph_level_0\" data-source-line=\"35\" data-source-line-display=\"true\">Oui! Il se pr\u00e9sente g\u00e9n\u00e9ralement sous la forme d&#039;un liquide concentr\u00e9 avec des concentrations solides comprises entre 10% et 50%.<\/p>\n<div class=\"xiaoshujiang_element xsj_anchor\"><a class=\"blank_anchor_name\" name=\"520are20there20any20other20uses20for20polydadmac_10\"><\/a><a id=\"520are20there20any20other20uses20for20polydadmac_10\" class=\"blank_anchor_id\"><\/a><a class=\"blank_anchor_name\" name=\"5-are-there-any-other-uses-for-polydadmac\"><\/a><a id=\"5-are-there-any-other-uses-for-polydadmac\" class=\"blank_anchor_id\"><\/a><\/div>\n<h3 id=\"520are20there20any20other20uses20for20polydadmac_10\" class=\"xsj_heading_hash xsj_heading xsj_heading_h3\" data-source-line=\"37\" data-source-line-display=\"true\"><span class=\"xsj_heading_content\">5) Existe-t-il d&#039;autres utilisations du polydadmac\u00a0?<\/span><\/h3>\n<p class=\"xsj_paragraph xsj_paragraph_level_0\" data-source-line=\"39\" data-source-line-display=\"true\">Oui! En plus d&#039;\u00eatre utile pour des t\u00e2ches telles que les syst\u00e8mes de floculation et de stabilit\u00e9 d&#039;\u00e9mulsion mentionn\u00e9s pr\u00e9c\u00e9demment, ce produit polyvalent peut \u00e9galement \u00eatre utilis\u00e9 dans les secteurs des additifs de peinture et de la production de papier\u00a0!<\/p>\n<p class=\"xsj_paragraph xsj_paragraph_level_0\" data-source-line=\"41\" data-source-line-display=\"true\"><a class=\"xsj_link xsj_manu_link\" href=\"https:\/\/vcycletech.com\/fr\/categorie-de-produit\/coagulants-et-floculants\/\">Obtenez la solution compl\u00e8te de coagulants et floculants.<\/a><\/p>","protected":false},"excerpt":{"rendered":"<p><strong>Polydadmac<\/strong>, ou polyDADMAC, est un homopolym\u00e8re cationique de haut poids mol\u00e9culaire. Ce polym\u00e8re est compos\u00e9 principalement de chlorure de diallyldim\u00e9thylammonium et est g\u00e9n\u00e9ralement disponible sous forme de liquide concentr\u00e9 avec des concentrations solides comprises entre 10% et 50%.<\/p>\n<p>On peut compter sur lui pour r\u00e9pondre aux besoins de n&#039;importe quelle industrie gr\u00e2ce \u00e0 sa polyvalence ! Polydadmac est utilis\u00e9 dans une vari\u00e9t\u00e9 d&#039;applications industrielles, telles que la floculation, et est facilement accessible sous la forme d&#039;un hydrate. Gr\u00e2ce \u00e0 ses nombreux avantages, polyDADMAC est un produit indispensable pour toute entreprise !<\/p>","protected":false},"featured_media":2596,"template":"","meta":{"site-sidebar-layout":"default","site-content-layout":"default","ast-site-content-layout":"default","site-content-style":"default","site-sidebar-style":"default","ast-global-header-display":"","ast-banner-title-visibility":"","ast-main-header-display":"","ast-hfb-above-header-display":"","ast-hfb-below-header-display":"","ast-hfb-mobile-header-display":"","site-post-title":"","ast-breadcrumbs-content":"","ast-featured-img":"","footer-sml-layout":"","ast-disable-related-posts":"","theme-transparent-header-meta":"default","adv-header-id-meta":"","stick-header-meta":"default","header-above-stick-meta":"","header-main-stick-meta":"","header-below-stick-meta":"","astra-migrate-meta-layouts":"default","ast-page-background-enabled":"default","ast-page-background-meta":{"desktop":{"background-color":"","background-image":"","background-repeat":"repeat","background-position":"center center","background-size":"auto","background-attachment":"scroll","background-type":"","background-media":"","overlay-type":"","overlay-color":"","overlay-opacity":"","overlay-gradient":""},"tablet":{"background-color":"","background-image":"","background-repeat":"repeat","background-position":"center center","background-size":"auto","background-attachment":"scroll","background-type":"","background-media":"","overlay-type":"","overlay-color":"","overlay-opacity":"","overlay-gradient":""},"mobile":{"background-color":"","background-image":"","background-repeat":"repeat","background-position":"center center","background-size":"auto","background-attachment":"scroll","background-type":"","background-media":"","overlay-type":"","overlay-color":"","overlay-opacity":"","overlay-gradient":""}},"ast-content-background-meta":{"desktop":{"background-color":"var(--ast-global-color-5)","background-image":"","background-repeat":"repeat","background-position":"center center","background-size":"auto","background-attachment":"scroll","background-type":"","background-media":"","overlay-type":"","overlay-color":"","overlay-opacity":"","overlay-gradient":""},"tablet":{"background-color":"var(--ast-global-color-5)","background-image":"","background-repeat":"repeat","background-position":"center center","background-size":"auto","background-attachment":"scroll","background-type":"","background-media":"","overlay-type":"","overlay-color":"","overlay-opacity":"","overlay-gradient":""},"mobile":{"background-color":"var(--ast-global-color-5)","background-image":"","background-repeat":"repeat","background-position":"center center","background-size":"auto","background-attachment":"scroll","background-type":"","background-media":"","overlay-type":"","overlay-color":"","overlay-opacity":"","overlay-gradient":""}}},"product_brand":[],"product_cat":[37],"product_tag":[],"class_list":{"0":"post-2576","1":"product","2":"type-product","3":"status-publish","4":"has-post-thumbnail","6":"product_cat-coagulants-and-flocculants","7":"desktop-align-left","8":"tablet-align-left","9":"mobile-align-left","10":"ast-product-gallery-layout-horizontal-slider","11":"ast-product-gallery-with-no-image","12":"ast-product-tabs-layout-horizontal","14":"first","15":"instock","16":"shipping-taxable","17":"product-type-simple"},"yoast_head":"<!-- This site is optimized with the Yoast SEO Premium plugin v26.3 (Yoast SEO v27.3) - https:\/\/yoast.com\/product\/yoast-seo-premium-wordpress\/ -->\n<title>Polydadmac - vcycletech<\/title>\n<meta name=\"description\" content=\"Get the versatile and powerful PolyDADMAC for all your industrial needs. It&#039;s the essential cationic homopolymer with solid concentrations ranging from 10% to 50%. Unlock the potential of this high-molecular-weight polymer today! #PolyDADMAC\" \/>\n<meta name=\"robots\" content=\"index, follow, max-snippet:-1, max-image-preview:large, max-video-preview:-1\" \/>\n<link rel=\"canonical\" href=\"https:\/\/vcycletech.com\/fr\/produit\/polydadmac\/\" \/>\n<meta property=\"og:locale\" content=\"fr_FR\" \/>\n<meta property=\"og:type\" content=\"article\" \/>\n<meta property=\"og:title\" content=\"Polydadmac\" \/>\n<meta property=\"og:description\" content=\"Get the versatile and powerful PolyDADMAC for all your industrial needs. It&#039;s the essential cationic homopolymer with solid concentrations ranging from 10% to 50%. Unlock the potential of this high-molecular-weight polymer today! #PolyDADMAC\" \/>\n<meta property=\"og:url\" content=\"https:\/\/vcycletech.com\/fr\/produit\/polydadmac\/\" \/>\n<meta property=\"og:site_name\" content=\"vcycletech\" \/>\n<meta property=\"article:modified_time\" content=\"2023-03-23T10:34:03+00:00\" \/>\n<meta property=\"og:image\" content=\"https:\/\/vcycletech.com\/wp-content\/uploads\/2023\/03\/WT-601-13.png\" \/>\n\t<meta property=\"og:image:width\" content=\"600\" \/>\n\t<meta property=\"og:image:height\" content=\"600\" \/>\n\t<meta property=\"og:image:type\" content=\"image\/png\" \/>\n<meta name=\"twitter:card\" content=\"summary_large_image\" \/>\n<meta name=\"twitter:label1\" content=\"Dur\u00e9e de lecture estim\u00e9e\" \/>\n\t<meta name=\"twitter:data1\" content=\"2 minutes\" \/>\n<script type=\"application\/ld+json\" class=\"yoast-schema-graph\">{\"@context\":\"https:\\\/\\\/schema.org\",\"@graph\":[{\"@type\":\"WebPage\",\"@id\":\"https:\\\/\\\/vcycletech.com\\\/product\\\/polydadmac\\\/\",\"url\":\"https:\\\/\\\/vcycletech.com\\\/product\\\/polydadmac\\\/\",\"name\":\"Polydadmac - vcycletech\",\"isPartOf\":{\"@id\":\"https:\\\/\\\/vcycletech.com\\\/#website\"},\"primaryImageOfPage\":{\"@id\":\"https:\\\/\\\/vcycletech.com\\\/product\\\/polydadmac\\\/#primaryimage\"},\"image\":{\"@id\":\"https:\\\/\\\/vcycletech.com\\\/product\\\/polydadmac\\\/#primaryimage\"},\"thumbnailUrl\":\"https:\\\/\\\/vcycletech.com\\\/wp-content\\\/uploads\\\/2023\\\/03\\\/WT-601-13.png\",\"datePublished\":\"2023-03-23T10:34:02+00:00\",\"dateModified\":\"2023-03-23T10:34:03+00:00\",\"description\":\"Get the versatile and powerful PolyDADMAC for all your industrial needs. It's the essential cationic homopolymer with solid concentrations ranging from 10% to 50%. Unlock the potential of this high-molecular-weight polymer today! #PolyDADMAC\",\"breadcrumb\":{\"@id\":\"https:\\\/\\\/vcycletech.com\\\/product\\\/polydadmac\\\/#breadcrumb\"},\"inLanguage\":\"fr-FR\",\"potentialAction\":[{\"@type\":\"ReadAction\",\"target\":[\"https:\\\/\\\/vcycletech.com\\\/product\\\/polydadmac\\\/\"]}]},{\"@type\":\"ImageObject\",\"inLanguage\":\"fr-FR\",\"@id\":\"https:\\\/\\\/vcycletech.com\\\/product\\\/polydadmac\\\/#primaryimage\",\"url\":\"https:\\\/\\\/vcycletech.com\\\/wp-content\\\/uploads\\\/2023\\\/03\\\/WT-601-13.png\",\"contentUrl\":\"https:\\\/\\\/vcycletech.com\\\/wp-content\\\/uploads\\\/2023\\\/03\\\/WT-601-13.png\",\"width\":600,\"height\":600,\"caption\":\"Polydadmac\"},{\"@type\":\"BreadcrumbList\",\"@id\":\"https:\\\/\\\/vcycletech.com\\\/product\\\/polydadmac\\\/#breadcrumb\",\"itemListElement\":[{\"@type\":\"ListItem\",\"position\":1,\"name\":\"Home\",\"item\":\"https:\\\/\\\/vcycletech.com\\\/\"},{\"@type\":\"ListItem\",\"position\":2,\"name\":\"Water Treatment Chemicals Manufacturer\",\"item\":\"https:\\\/\\\/vcycletech.com\\\/water-treatment-chemicals-manufacturer\\\/\"},{\"@type\":\"ListItem\",\"position\":3,\"name\":\"Polydadmac\"}]},{\"@type\":\"WebSite\",\"@id\":\"https:\\\/\\\/vcycletech.com\\\/#website\",\"url\":\"https:\\\/\\\/vcycletech.com\\\/\",\"name\":\"vcycletech\",\"description\":\"China&#039;s top water treatment chemicals supplier\",\"publisher\":{\"@id\":\"https:\\\/\\\/vcycletech.com\\\/#organization\"},\"potentialAction\":[{\"@type\":\"SearchAction\",\"target\":{\"@type\":\"EntryPoint\",\"urlTemplate\":\"https:\\\/\\\/vcycletech.com\\\/?s={search_term_string}\"},\"query-input\":{\"@type\":\"PropertyValueSpecification\",\"valueRequired\":true,\"valueName\":\"search_term_string\"}}],\"inLanguage\":\"fr-FR\"},{\"@type\":\"Organization\",\"@id\":\"https:\\\/\\\/vcycletech.com\\\/#organization\",\"name\":\"vcycletech\",\"url\":\"https:\\\/\\\/vcycletech.com\\\/\",\"logo\":{\"@type\":\"ImageObject\",\"inLanguage\":\"fr-FR\",\"@id\":\"https:\\\/\\\/vcycletech.com\\\/#\\\/schema\\\/logo\\\/image\\\/\",\"url\":\"https:\\\/\\\/vcycletech.com\\\/wp-content\\\/uploads\\\/2023\\\/03\\\/logo-vcycletech-1.png\",\"contentUrl\":\"https:\\\/\\\/vcycletech.com\\\/wp-content\\\/uploads\\\/2023\\\/03\\\/logo-vcycletech-1.png\",\"width\":600,\"height\":400,\"caption\":\"vcycletech\"},\"image\":{\"@id\":\"https:\\\/\\\/vcycletech.com\\\/#\\\/schema\\\/logo\\\/image\\\/\"}}]}<\/script>\n<!-- \/ Yoast SEO Premium plugin. -->","yoast_head_json":{"title":"Polydadmac - vcycletech","description":"Obtenez le PolyDADMAC polyvalent et puissant pour tous vos besoins industriels. C&#039;est l&#039;homopolym\u00e8re cationique essentiel avec des concentrations solides allant de 10% \u00e0 50%. Lib\u00e9rez le potentiel de ce polym\u00e8re \u00e0 haut poids mol\u00e9culaire d\u00e8s aujourd&#039;hui\u00a0! #PolyDADMAC","robots":{"index":"index","follow":"follow","max-snippet":"max-snippet:-1","max-image-preview":"max-image-preview:large","max-video-preview":"max-video-preview:-1"},"canonical":"https:\/\/vcycletech.com\/fr\/produit\/polydadmac\/","og_locale":"fr_FR","og_type":"article","og_title":"Polydadmac","og_description":"Get the versatile and powerful PolyDADMAC for all your industrial needs. It's the essential cationic homopolymer with solid concentrations ranging from 10% to 50%. Unlock the potential of this high-molecular-weight polymer today! #PolyDADMAC","og_url":"https:\/\/vcycletech.com\/fr\/produit\/polydadmac\/","og_site_name":"vcycletech","article_modified_time":"2023-03-23T10:34:03+00:00","og_image":[{"width":600,"height":600,"url":"https:\/\/vcycletech.com\/wp-content\/uploads\/2023\/03\/WT-601-13.png","type":"image\/png"}],"twitter_card":"summary_large_image","twitter_misc":{"Dur\u00e9e de lecture estim\u00e9e":"2 minutes"},"schema":{"@context":"https:\/\/schema.org","@graph":[{"@type":"WebPage","@id":"https:\/\/vcycletech.com\/product\/polydadmac\/","url":"https:\/\/vcycletech.com\/product\/polydadmac\/","name":"Polydadmac - vcycletech","isPartOf":{"@id":"https:\/\/vcycletech.com\/#website"},"primaryImageOfPage":{"@id":"https:\/\/vcycletech.com\/product\/polydadmac\/#primaryimage"},"image":{"@id":"https:\/\/vcycletech.com\/product\/polydadmac\/#primaryimage"},"thumbnailUrl":"https:\/\/vcycletech.com\/wp-content\/uploads\/2023\/03\/WT-601-13.png","datePublished":"2023-03-23T10:34:02+00:00","dateModified":"2023-03-23T10:34:03+00:00","description":"Obtenez le PolyDADMAC polyvalent et puissant pour tous vos besoins industriels. C&#039;est l&#039;homopolym\u00e8re cationique essentiel avec des concentrations solides allant de 10% \u00e0 50%. Lib\u00e9rez le potentiel de ce polym\u00e8re \u00e0 haut poids mol\u00e9culaire d\u00e8s aujourd&#039;hui\u00a0! #PolyDADMAC","breadcrumb":{"@id":"https:\/\/vcycletech.com\/product\/polydadmac\/#breadcrumb"},"inLanguage":"fr-FR","potentialAction":[{"@type":"ReadAction","target":["https:\/\/vcycletech.com\/product\/polydadmac\/"]}]},{"@type":"ImageObject","inLanguage":"fr-FR","@id":"https:\/\/vcycletech.com\/product\/polydadmac\/#primaryimage","url":"https:\/\/vcycletech.com\/wp-content\/uploads\/2023\/03\/WT-601-13.png","contentUrl":"https:\/\/vcycletech.com\/wp-content\/uploads\/2023\/03\/WT-601-13.png","width":600,"height":600,"caption":"Polydadmac"},{"@type":"BreadcrumbList","@id":"https:\/\/vcycletech.com\/product\/polydadmac\/#breadcrumb","itemListElement":[{"@type":"ListItem","position":1,"name":"Home","item":"https:\/\/vcycletech.com\/"},{"@type":"ListItem","position":2,"name":"Water Treatment Chemicals Manufacturer","item":"https:\/\/vcycletech.com\/water-treatment-chemicals-manufacturer\/"},{"@type":"ListItem","position":3,"name":"Polydadmac"}]},{"@type":"WebSite","@id":"https:\/\/vcycletech.com\/#website","url":"https:\/\/vcycletech.com\/","name":"vcycletech","description":"Meilleur fournisseur de produits chimiques pour le traitement de l&#039;eau en Chine","publisher":{"@id":"https:\/\/vcycletech.com\/#organization"},"potentialAction":[{"@type":"SearchAction","target":{"@type":"EntryPoint","urlTemplate":"https:\/\/vcycletech.com\/?s={search_term_string}"},"query-input":{"@type":"PropertyValueSpecification","valueRequired":true,"valueName":"search_term_string"}}],"inLanguage":"fr-FR"},{"@type":"Organization","@id":"https:\/\/vcycletech.com\/#organization","name":"vcycletech","url":"https:\/\/vcycletech.com\/","logo":{"@type":"ImageObject","inLanguage":"fr-FR","@id":"https:\/\/vcycletech.com\/#\/schema\/logo\/image\/","url":"https:\/\/vcycletech.com\/wp-content\/uploads\/2023\/03\/logo-vcycletech-1.png","contentUrl":"https:\/\/vcycletech.com\/wp-content\/uploads\/2023\/03\/logo-vcycletech-1.png","width":600,"height":400,"caption":"vcycletech"},"image":{"@id":"https:\/\/vcycletech.com\/#\/schema\/logo\/image\/"}}]}},"_links":{"self":[{"href":"https:\/\/vcycletech.com\/fr\/wp-json\/wp\/v2\/product\/2576","targetHints":{"allow":["GET"]}}],"collection":[{"href":"https:\/\/vcycletech.com\/fr\/wp-json\/wp\/v2\/product"}],"about":[{"href":"https:\/\/vcycletech.com\/fr\/wp-json\/wp\/v2\/types\/product"}],"wp:featuredmedia":[{"embeddable":true,"href":"https:\/\/vcycletech.com\/fr\/wp-json\/wp\/v2\/media\/2596"}],"wp:attachment":[{"href":"https:\/\/vcycletech.com\/fr\/wp-json\/wp\/v2\/media?parent=2576"}],"wp:term":[{"taxonomy":"product_brand","embeddable":true,"href":"https:\/\/vcycletech.com\/fr\/wp-json\/wp\/v2\/product_brand?post=2576"},{"taxonomy":"product_cat","embeddable":true,"href":"https:\/\/vcycletech.com\/fr\/wp-json\/wp\/v2\/product_cat?post=2576"},{"taxonomy":"product_tag","embeddable":true,"href":"https:\/\/vcycletech.com\/fr\/wp-json\/wp\/v2\/product_tag?post=2576"}],"curies":[{"name":"wp","href":"https:\/\/api.w.org\/{rel}","templated":true}]}}