{"id":2492,"date":"2023-03-23T10:10:09","date_gmt":"2023-03-23T10:10:09","guid":{"rendered":"https:\/\/vcycletech.com\/?post_type=product&#038;p=2492"},"modified":"2023-03-23T10:10:10","modified_gmt":"2023-03-23T10:10:10","slug":"polyamine","status":"publish","type":"product","link":"https:\/\/vcycletech.com\/fr\/produit\/polyamine\/","title":{"rendered":"Polyamine"},"content":{"rendered":"<h2 id=\"introduction_2\" class=\"xsj_heading_hash xsj_heading xsj_heading_h2\" data-source-line=\"6\" data-source-line-display=\"true\"><span class=\"xsj_heading_content\">Introduction<\/span><\/h2>\n<p class=\"xsj_paragraph xsj_paragraph_level_0\" data-source-line=\"7\" data-source-line-display=\"true\">Les polyamines sont des polym\u00e8res cationiques utilis\u00e9s dans diverses industries, le plus souvent dans les usines de traitement des eaux et les papeteries. Ce coagulant avanc\u00e9 fonctionne avec une neutralisation de charge et une s\u00e9paration efficace des solides pour obtenir divers produits finaux souhait\u00e9s. La polyamine a diff\u00e9rents poids mol\u00e9culaires, ce qui la rend adapt\u00e9e \u00e0 des applications uniques.<\/p>\n<div class=\"xiaoshujiang_element xsj_anchor\"><a class=\"blank_anchor_name\" name=\"features_3\"><\/a><a id=\"features_3\" class=\"blank_anchor_id\"><\/a><a class=\"blank_anchor_name\" name=\"features\"><\/a><a id=\"features\" class=\"blank_anchor_id\"><\/a><\/div>\n<h2 id=\"features_3\" class=\"xsj_heading_hash xsj_heading xsj_heading_h2\" data-source-line=\"9\" data-source-line-display=\"true\"><span class=\"xsj_heading_content\">Caract\u00e9ristiques<\/span><\/h2>\n<p class=\"xsj_paragraph xsj_paragraph_level_0\" data-source-line=\"11\" data-source-line-display=\"true\">La polyamine est une solution tr\u00e8s efficace gr\u00e2ce \u00e0 sa formule liquide puissante qui \u00e9limine rapidement et efficacement les solides en suspension des liquides. Il est \u00e9galement tr\u00e8s efficace car il r\u00e9duit la quantit\u00e9 de boues produites lors des processus de purification de l&#039;eau, permettant une m\u00e9thode de traitement respectueuse de l&#039;environnement. De plus, les polyamines ont d&#039;excellentes propri\u00e9t\u00e9s de floculation, leur permettant de former des liaisons entre les particules dans le liquide, ce qui les rend plus faciles \u00e0 \u00e9liminer du m\u00e9lange.<\/p>\n<div class=\"xiaoshujiang_element xsj_anchor\"><a class=\"blank_anchor_name\" name=\"applications_4\"><\/a><a id=\"applications_4\" class=\"blank_anchor_id\"><\/a><a class=\"blank_anchor_name\" name=\"applications\"><\/a><a id=\"applications\" class=\"blank_anchor_id\"><\/a><\/div>\n<h2 id=\"applications_4\" class=\"xsj_heading_hash xsj_heading xsj_heading_h2\" data-source-line=\"13\" data-source-line-display=\"true\"><span class=\"xsj_heading_content\">Applications<\/span><\/h2>\n<p class=\"xsj_paragraph xsj_paragraph_level_0\" data-source-line=\"15\" data-source-line-display=\"true\">La polyamine est principalement utilis\u00e9e dans les usines de traitement de l&#039;eau car elle aide \u00e0 \u00e9liminer les solides ind\u00e9sirables de l&#039;approvisionnement en eau. Il est \u00e9galement b\u00e9n\u00e9fique dans les papeteries car il aide \u00e0 s\u00e9parer les fibres de lignine et de cellulose pour une production de papier plus efficace. La polyamine peut \u00e9galement \u00eatre utilis\u00e9e pour le contr\u00f4le du pH de l&#039;\u00e9limination des ovales de m\u00e9taux lourds des flux d&#039;eaux us\u00e9es industrielles lorsqu&#039;elle est combin\u00e9e avec d&#039;autres substances telles que le sulfate d&#039;aluminium ou le chlorure ferrique.<\/p>\n<h3>Caract\u00e9ristiques<\/h3>\n\n<table id=\"tablepress-13\" class=\"tablepress tablepress-id-13\">\n<thead>\n<tr class=\"row-1\">\n\t<th class=\"column-1\">Apparence<\/th><th class=\"column-2\">Liquide transparent incolore \u00e0 l\u00e9g\u00e8rement jaune<\/th><td class=\"column-3\"><\/td><td class=\"column-4\"><\/td>\n<\/tr>\n<\/thead>\n<tbody class=\"row-striping row-hover\">\n<tr class=\"row-2\">\n\t<td class=\"column-1\">Nature ionique<\/td><td class=\"column-2\">Cationique<\/td><td class=\"column-3\"><\/td><td class=\"column-4\"><\/td>\n<\/tr>\n<tr class=\"row-3\">\n\t<td class=\"column-1\">Valeur pH (d\u00e9tection directe)<\/td><td class=\"column-2\">4.0-7.0<\/td><td class=\"column-3\"><\/td><td class=\"column-4\"><\/td>\n<\/tr>\n<tr class=\"row-4\">\n\t<td class=\"column-1\">Contenu solide %<\/td><td class=\"column-2\">\u226550<\/td><td class=\"column-3\"><\/td><td class=\"column-4\"><\/td>\n<\/tr>\n<tr class=\"row-5\">\n\t<td class=\"column-1\">Remarque : Notre produit peut \u00eatre fabriqu\u00e9 sur votre demande sp\u00e9ciale.<\/td><td class=\"column-2\"><\/td><td class=\"column-3\"><\/td><td class=\"column-4\"><\/td>\n<\/tr>\n<\/tbody>\n<\/table>\n<!-- #tablepress-13 from cache -->\n<div class=\"xiaoshujiang_element xsj_anchor\"><a class=\"blank_anchor_name\" name=\"faqs_5\"><\/a><a id=\"faqs_5\" class=\"blank_anchor_id\"><\/a><a class=\"blank_anchor_name\" name=\"faqs\"><\/a><a id=\"faqs\" class=\"blank_anchor_id\"><\/a><\/div>\n<h2 id=\"faqs_5\" class=\"xsj_heading_hash xsj_heading xsj_heading_h2\" data-source-line=\"17\" data-source-line-display=\"true\"><span class=\"xsj_heading_content\">FAQ<\/span><\/h2>\n<div class=\"xiaoshujiang_element xsj_anchor\"><a class=\"blank_anchor_name\" name=\"q20what20type20of20product20is20polyamine_6\"><\/a><a id=\"q20what20type20of20product20is20polyamine_6\" class=\"blank_anchor_id\"><\/a><a class=\"blank_anchor_name\" name=\"q-what-type-of-product-is-polyamine\"><\/a><a id=\"q-what-type-of-product-is-polyamine\" class=\"blank_anchor_id\"><\/a><\/div>\n<h3 id=\"q20what20type20of20product20is20polyamine_6\" class=\"xsj_heading_hash xsj_heading xsj_heading_h3\" data-source-line=\"19\" data-source-line-display=\"true\"><span class=\"xsj_heading_content\">Q : Quel type de produit est la polyamine ?<\/span><\/h3>\n<p class=\"xsj_paragraph xsj_paragraph_level_0\" data-source-line=\"21\" data-source-line-display=\"true\">R : La polyamine est un polym\u00e8re cationique utilis\u00e9 dans diverses industries pour la neutralisation de charge et la s\u00e9paration efficace des solides.<\/p>\n<div class=\"xiaoshujiang_element xsj_anchor\"><a class=\"blank_anchor_name\" name=\"q20what20are20the20benefits20of20using20polyamine_7\"><\/a><a id=\"q20what20are20the20benefits20of20using20polyamine_7\" class=\"blank_anchor_id\"><\/a><a class=\"blank_anchor_name\" name=\"q-what-are-the-benefits-of-using-polyamine\"><\/a><a id=\"q-what-are-the-benefits-of-using-polyamine\" class=\"blank_anchor_id\"><\/a><\/div>\n<h3 id=\"q20what20are20the20benefits20of20using20polyamine_7\" class=\"xsj_heading_hash xsj_heading xsj_heading_h3\" data-source-line=\"23\" data-source-line-display=\"true\"><span class=\"xsj_heading_content\">Q\u00a0: Quels sont les avantages de l&#039;utilisation de la polyamine\u00a0?<\/span><\/h3>\n<p class=\"xsj_paragraph xsj_paragraph_level_0\" data-source-line=\"25\" data-source-line-display=\"true\">R\u00a0: Le principal avantage de l&#039;utilisation de la polyamine est sa formule liquide puissante qui \u00e9limine rapidement les solides en suspension des liquides tout en cr\u00e9ant moins de boues que les m\u00e9thodes traditionnelles. Il poss\u00e8de \u00e9galement d&#039;excellentes propri\u00e9t\u00e9s de floculation, permettant aux particules de former des liaisons solides et d&#039;\u00eatre \u00e9limin\u00e9es efficacement du m\u00e9lange.<\/p>\n<div class=\"xiaoshujiang_element xsj_anchor\"><a class=\"blank_anchor_name\" name=\"q20where20is20polyamine20typically20used_8\"><\/a><a id=\"q20where20is20polyamine20typically20used_8\" class=\"blank_anchor_id\"><\/a><a class=\"blank_anchor_name\" name=\"q-where-is-polyamine-typically-used\"><\/a><a id=\"q-where-is-polyamine-typically-used\" class=\"blank_anchor_id\"><\/a><\/div>\n<h3 id=\"q20where20is20polyamine20typically20used_8\" class=\"xsj_heading_hash xsj_heading xsj_heading_h3\" data-source-line=\"27\" data-source-line-display=\"true\"><span class=\"xsj_heading_content\">Q\u00a0: O\u00f9 la polyamine est-elle g\u00e9n\u00e9ralement utilis\u00e9e\u00a0?<\/span><\/h3>\n<p class=\"xsj_paragraph xsj_paragraph_level_0\" data-source-line=\"29\" data-source-line-display=\"true\">R : La polyamine est couramment utilis\u00e9e dans les usines de traitement de l&#039;eau et les papeteries car elle peut s\u00e9parer efficacement les fibres de lignine et de cellulose et \u00e9liminer les solides ind\u00e9sirables de l&#039;approvisionnement en eau avec un impact minimal sur l&#039;environnement.<\/p>\n<div class=\"xiaoshujiang_element xsj_anchor\"><a class=\"blank_anchor_name\" name=\"q20how20does20polyamine20work_9\"><\/a><a id=\"q20how20does20polyamine20work_9\" class=\"blank_anchor_id\"><\/a><a class=\"blank_anchor_name\" name=\"q-how-does-polyamine-work\"><\/a><a id=\"q-how-does-polyamine-work\" class=\"blank_anchor_id\"><\/a><\/div>\n<h3 id=\"q20how20does20polyamine20work_9\" class=\"xsj_heading_hash xsj_heading xsj_heading_h3\" data-source-line=\"31\" data-source-line-display=\"true\"><span class=\"xsj_heading_content\">Q : Comment fonctionne la polyamine ?<\/span><\/h3>\n<p class=\"xsj_paragraph xsj_paragraph_level_0\" data-source-line=\"33\" data-source-line-display=\"true\">R : La polyamine fonctionne par neutralisation de charge et s\u00e9paration efficace des solides, ce qui lui permet d&#039;\u00e9liminer les mati\u00e8res ind\u00e9sirables des liquides sans produire trop de sous-produits de boues. Ses excellentes propri\u00e9t\u00e9s de floculation en font un choix efficace pour former des liaisons fortes entre les particules, qui peuvent \u00eatre facilement \u00e9limin\u00e9es du m\u00e9lange.<\/p>\n<p class=\"xsj_paragraph xsj_paragraph_level_0\" data-source-line=\"35\" data-source-line-display=\"true\"><a class=\"xsj_link xsj_manu_link\" href=\"https:\/\/vcycletech.com\/fr\/categorie-de-produit\/coagulants-et-floculants\/\">Obtenez la solution compl\u00e8te de coagulants et floculants.<\/a><\/p>","protected":false},"excerpt":{"rendered":"<p class=\"xsj_paragraph xsj_paragraph_level_0\" data-source-line=\"45\" data-source-line-display=\"true\">La polyamine est un puissant polym\u00e8re cationique liquide capable de neutraliser la charge et de s\u00e9parer efficacement les solides. Il peut \u00eatre utilis\u00e9 dans de nombreuses industries, telles que les usines de traitement des eaux et les papeteries. La polyamine a diff\u00e9rents poids mol\u00e9culaires pour r\u00e9pondre aux besoins uniques de chaque application.<\/p>\n<p class=\"xsj_paragraph xsj_paragraph_level_0\" data-source-line=\"47\" data-source-line-display=\"true\"><strong class=\"markdown_strong_asterisk\">Emballage et stockage<\/strong><br \/>\nNotre produit est emball\u00e9 dans des f\u00fbts en plastique de 210 kg\/f\u00fbt ou 1100 kg\/IBC et doit \u00eatre solidement scell\u00e9 pour un stockage id\u00e9al. Il est non seulement ininflammable, mais cet article a \u00e9galement l&#039;avantage d&#039;\u00eatre inoffensif et sans propri\u00e9t\u00e9s explosives, ce qui en fait un choix s\u00fbr par rapport \u00e0 d&#039;autres produits chimiques dangereux\u00a0!<\/p>","protected":false},"featured_media":2573,"template":"","meta":{"site-sidebar-layout":"default","site-content-layout":"default","ast-site-content-layout":"default","site-content-style":"default","site-sidebar-style":"default","ast-global-header-display":"","ast-banner-title-visibility":"","ast-main-header-display":"","ast-hfb-above-header-display":"","ast-hfb-below-header-display":"","ast-hfb-mobile-header-display":"","site-post-title":"","ast-breadcrumbs-content":"","ast-featured-img":"","footer-sml-layout":"","ast-disable-related-posts":"","theme-transparent-header-meta":"default","adv-header-id-meta":"","stick-header-meta":"default","header-above-stick-meta":"","header-main-stick-meta":"","header-below-stick-meta":"","astra-migrate-meta-layouts":"default","ast-page-background-enabled":"default","ast-page-background-meta":{"desktop":{"background-color":"","background-image":"","background-repeat":"repeat","background-position":"center center","background-size":"auto","background-attachment":"scroll","background-type":"","background-media":"","overlay-type":"","overlay-color":"","overlay-opacity":"","overlay-gradient":""},"tablet":{"background-color":"","background-image":"","background-repeat":"repeat","background-position":"center center","background-size":"auto","background-attachment":"scroll","background-type":"","background-media":"","overlay-type":"","overlay-color":"","overlay-opacity":"","overlay-gradient":""},"mobile":{"background-color":"","background-image":"","background-repeat":"repeat","background-position":"center center","background-size":"auto","background-attachment":"scroll","background-type":"","background-media":"","overlay-type":"","overlay-color":"","overlay-opacity":"","overlay-gradient":""}},"ast-content-background-meta":{"desktop":{"background-color":"var(--ast-global-color-5)","background-image":"","background-repeat":"repeat","background-position":"center center","background-size":"auto","background-attachment":"scroll","background-type":"","background-media":"","overlay-type":"","overlay-color":"","overlay-opacity":"","overlay-gradient":""},"tablet":{"background-color":"var(--ast-global-color-5)","background-image":"","background-repeat":"repeat","background-position":"center center","background-size":"auto","background-attachment":"scroll","background-type":"","background-media":"","overlay-type":"","overlay-color":"","overlay-opacity":"","overlay-gradient":""},"mobile":{"background-color":"var(--ast-global-color-5)","background-image":"","background-repeat":"repeat","background-position":"center center","background-size":"auto","background-attachment":"scroll","background-type":"","background-media":"","overlay-type":"","overlay-color":"","overlay-opacity":"","overlay-gradient":""}}},"product_brand":[],"product_cat":[37],"product_tag":[],"class_list":{"0":"post-2492","1":"product","2":"type-product","3":"status-publish","4":"has-post-thumbnail","6":"product_cat-coagulants-and-flocculants","7":"desktop-align-left","8":"tablet-align-left","9":"mobile-align-left","10":"ast-product-gallery-layout-horizontal-slider","11":"ast-product-gallery-with-no-image","12":"ast-product-tabs-layout-horizontal","14":"first","15":"instock","16":"shipping-taxable","17":"product-type-simple"},"yoast_head":"<!-- This site is optimized with the Yoast SEO Premium plugin v26.3 (Yoast SEO v27.3) - https:\/\/yoast.com\/product\/yoast-seo-premium-wordpress\/ -->\n<title>Polyamine - vcycletech<\/title>\n<meta name=\"description\" content=\"Coagulate solids and get desired end products for your water treatment plants or paper mills with ease! Polyamine is the advanced cationic polymer that guarantees charge neutralization. Try it today and make your work easier! #Polyamine\" \/>\n<meta name=\"robots\" content=\"index, follow, max-snippet:-1, max-image-preview:large, max-video-preview:-1\" \/>\n<link rel=\"canonical\" href=\"https:\/\/vcycletech.com\/fr\/produit\/polyamine\/\" \/>\n<meta property=\"og:locale\" content=\"fr_FR\" \/>\n<meta property=\"og:type\" content=\"article\" \/>\n<meta property=\"og:title\" content=\"Polyamine\" \/>\n<meta property=\"og:description\" content=\"Coagulate solids and get desired end products for your water treatment plants or paper mills with ease! Polyamine is the advanced cationic polymer that guarantees charge neutralization. Try it today and make your work easier! #Polyamine\" \/>\n<meta property=\"og:url\" content=\"https:\/\/vcycletech.com\/fr\/produit\/polyamine\/\" \/>\n<meta property=\"og:site_name\" content=\"vcycletech\" \/>\n<meta property=\"article:modified_time\" content=\"2023-03-23T10:10:10+00:00\" \/>\n<meta property=\"og:image\" content=\"https:\/\/vcycletech.com\/wp-content\/uploads\/2023\/03\/WT-601-12.png\" \/>\n\t<meta property=\"og:image:width\" content=\"600\" \/>\n\t<meta property=\"og:image:height\" content=\"600\" \/>\n\t<meta property=\"og:image:type\" content=\"image\/png\" \/>\n<meta name=\"twitter:card\" content=\"summary_large_image\" \/>\n<meta name=\"twitter:label1\" content=\"Dur\u00e9e de lecture estim\u00e9e\" \/>\n\t<meta name=\"twitter:data1\" content=\"2 minutes\" \/>\n<script type=\"application\/ld+json\" class=\"yoast-schema-graph\">{\"@context\":\"https:\\\/\\\/schema.org\",\"@graph\":[{\"@type\":\"WebPage\",\"@id\":\"https:\\\/\\\/vcycletech.com\\\/product\\\/polyamine\\\/\",\"url\":\"https:\\\/\\\/vcycletech.com\\\/product\\\/polyamine\\\/\",\"name\":\"Polyamine - vcycletech\",\"isPartOf\":{\"@id\":\"https:\\\/\\\/vcycletech.com\\\/#website\"},\"primaryImageOfPage\":{\"@id\":\"https:\\\/\\\/vcycletech.com\\\/product\\\/polyamine\\\/#primaryimage\"},\"image\":{\"@id\":\"https:\\\/\\\/vcycletech.com\\\/product\\\/polyamine\\\/#primaryimage\"},\"thumbnailUrl\":\"https:\\\/\\\/vcycletech.com\\\/wp-content\\\/uploads\\\/2023\\\/03\\\/WT-601-12.png\",\"datePublished\":\"2023-03-23T10:10:09+00:00\",\"dateModified\":\"2023-03-23T10:10:10+00:00\",\"description\":\"Coagulate solids and get desired end products for your water treatment plants or paper mills with ease! Polyamine is the advanced cationic polymer that guarantees charge neutralization. Try it today and make your work easier! #Polyamine\",\"breadcrumb\":{\"@id\":\"https:\\\/\\\/vcycletech.com\\\/product\\\/polyamine\\\/#breadcrumb\"},\"inLanguage\":\"fr-FR\",\"potentialAction\":[{\"@type\":\"ReadAction\",\"target\":[\"https:\\\/\\\/vcycletech.com\\\/product\\\/polyamine\\\/\"]}]},{\"@type\":\"ImageObject\",\"inLanguage\":\"fr-FR\",\"@id\":\"https:\\\/\\\/vcycletech.com\\\/product\\\/polyamine\\\/#primaryimage\",\"url\":\"https:\\\/\\\/vcycletech.com\\\/wp-content\\\/uploads\\\/2023\\\/03\\\/WT-601-12.png\",\"contentUrl\":\"https:\\\/\\\/vcycletech.com\\\/wp-content\\\/uploads\\\/2023\\\/03\\\/WT-601-12.png\",\"width\":600,\"height\":600,\"caption\":\"Polyamine\"},{\"@type\":\"BreadcrumbList\",\"@id\":\"https:\\\/\\\/vcycletech.com\\\/product\\\/polyamine\\\/#breadcrumb\",\"itemListElement\":[{\"@type\":\"ListItem\",\"position\":1,\"name\":\"Home\",\"item\":\"https:\\\/\\\/vcycletech.com\\\/\"},{\"@type\":\"ListItem\",\"position\":2,\"name\":\"Water Treatment Chemicals Manufacturer\",\"item\":\"https:\\\/\\\/vcycletech.com\\\/water-treatment-chemicals-manufacturer\\\/\"},{\"@type\":\"ListItem\",\"position\":3,\"name\":\"Polyamine\"}]},{\"@type\":\"WebSite\",\"@id\":\"https:\\\/\\\/vcycletech.com\\\/#website\",\"url\":\"https:\\\/\\\/vcycletech.com\\\/\",\"name\":\"vcycletech\",\"description\":\"China&#039;s top water treatment chemicals supplier\",\"publisher\":{\"@id\":\"https:\\\/\\\/vcycletech.com\\\/#organization\"},\"potentialAction\":[{\"@type\":\"SearchAction\",\"target\":{\"@type\":\"EntryPoint\",\"urlTemplate\":\"https:\\\/\\\/vcycletech.com\\\/?s={search_term_string}\"},\"query-input\":{\"@type\":\"PropertyValueSpecification\",\"valueRequired\":true,\"valueName\":\"search_term_string\"}}],\"inLanguage\":\"fr-FR\"},{\"@type\":\"Organization\",\"@id\":\"https:\\\/\\\/vcycletech.com\\\/#organization\",\"name\":\"vcycletech\",\"url\":\"https:\\\/\\\/vcycletech.com\\\/\",\"logo\":{\"@type\":\"ImageObject\",\"inLanguage\":\"fr-FR\",\"@id\":\"https:\\\/\\\/vcycletech.com\\\/#\\\/schema\\\/logo\\\/image\\\/\",\"url\":\"https:\\\/\\\/vcycletech.com\\\/wp-content\\\/uploads\\\/2023\\\/03\\\/logo-vcycletech-1.png\",\"contentUrl\":\"https:\\\/\\\/vcycletech.com\\\/wp-content\\\/uploads\\\/2023\\\/03\\\/logo-vcycletech-1.png\",\"width\":600,\"height\":400,\"caption\":\"vcycletech\"},\"image\":{\"@id\":\"https:\\\/\\\/vcycletech.com\\\/#\\\/schema\\\/logo\\\/image\\\/\"}}]}<\/script>\n<!-- \/ Yoast SEO Premium plugin. -->","yoast_head_json":{"title":"Polyamine - vcycletech","description":"Coagulez les solides et obtenez facilement les produits finaux souhait\u00e9s pour vos usines de traitement de l&#039;eau ou vos papeteries\u00a0! La polyamine est le polym\u00e8re cationique avanc\u00e9 qui garantit la neutralisation des charges. Essayez-le aujourd&#039;hui et facilitez votre travail! #Polyamine","robots":{"index":"index","follow":"follow","max-snippet":"max-snippet:-1","max-image-preview":"max-image-preview:large","max-video-preview":"max-video-preview:-1"},"canonical":"https:\/\/vcycletech.com\/fr\/produit\/polyamine\/","og_locale":"fr_FR","og_type":"article","og_title":"Polyamine","og_description":"Coagulate solids and get desired end products for your water treatment plants or paper mills with ease! Polyamine is the advanced cationic polymer that guarantees charge neutralization. Try it today and make your work easier! #Polyamine","og_url":"https:\/\/vcycletech.com\/fr\/produit\/polyamine\/","og_site_name":"vcycletech","article_modified_time":"2023-03-23T10:10:10+00:00","og_image":[{"width":600,"height":600,"url":"https:\/\/vcycletech.com\/wp-content\/uploads\/2023\/03\/WT-601-12.png","type":"image\/png"}],"twitter_card":"summary_large_image","twitter_misc":{"Dur\u00e9e de lecture estim\u00e9e":"2 minutes"},"schema":{"@context":"https:\/\/schema.org","@graph":[{"@type":"WebPage","@id":"https:\/\/vcycletech.com\/product\/polyamine\/","url":"https:\/\/vcycletech.com\/product\/polyamine\/","name":"Polyamine - vcycletech","isPartOf":{"@id":"https:\/\/vcycletech.com\/#website"},"primaryImageOfPage":{"@id":"https:\/\/vcycletech.com\/product\/polyamine\/#primaryimage"},"image":{"@id":"https:\/\/vcycletech.com\/product\/polyamine\/#primaryimage"},"thumbnailUrl":"https:\/\/vcycletech.com\/wp-content\/uploads\/2023\/03\/WT-601-12.png","datePublished":"2023-03-23T10:10:09+00:00","dateModified":"2023-03-23T10:10:10+00:00","description":"Coagulez les solides et obtenez facilement les produits finaux souhait\u00e9s pour vos usines de traitement de l&#039;eau ou vos papeteries\u00a0! La polyamine est le polym\u00e8re cationique avanc\u00e9 qui garantit la neutralisation des charges. Essayez-le aujourd&#039;hui et facilitez votre travail! #Polyamine","breadcrumb":{"@id":"https:\/\/vcycletech.com\/product\/polyamine\/#breadcrumb"},"inLanguage":"fr-FR","potentialAction":[{"@type":"ReadAction","target":["https:\/\/vcycletech.com\/product\/polyamine\/"]}]},{"@type":"ImageObject","inLanguage":"fr-FR","@id":"https:\/\/vcycletech.com\/product\/polyamine\/#primaryimage","url":"https:\/\/vcycletech.com\/wp-content\/uploads\/2023\/03\/WT-601-12.png","contentUrl":"https:\/\/vcycletech.com\/wp-content\/uploads\/2023\/03\/WT-601-12.png","width":600,"height":600,"caption":"Polyamine"},{"@type":"BreadcrumbList","@id":"https:\/\/vcycletech.com\/product\/polyamine\/#breadcrumb","itemListElement":[{"@type":"ListItem","position":1,"name":"Home","item":"https:\/\/vcycletech.com\/"},{"@type":"ListItem","position":2,"name":"Water Treatment Chemicals Manufacturer","item":"https:\/\/vcycletech.com\/water-treatment-chemicals-manufacturer\/"},{"@type":"ListItem","position":3,"name":"Polyamine"}]},{"@type":"WebSite","@id":"https:\/\/vcycletech.com\/#website","url":"https:\/\/vcycletech.com\/","name":"vcycletech","description":"Meilleur fournisseur de produits chimiques pour le traitement de l&#039;eau en Chine","publisher":{"@id":"https:\/\/vcycletech.com\/#organization"},"potentialAction":[{"@type":"SearchAction","target":{"@type":"EntryPoint","urlTemplate":"https:\/\/vcycletech.com\/?s={search_term_string}"},"query-input":{"@type":"PropertyValueSpecification","valueRequired":true,"valueName":"search_term_string"}}],"inLanguage":"fr-FR"},{"@type":"Organization","@id":"https:\/\/vcycletech.com\/#organization","name":"vcycletech","url":"https:\/\/vcycletech.com\/","logo":{"@type":"ImageObject","inLanguage":"fr-FR","@id":"https:\/\/vcycletech.com\/#\/schema\/logo\/image\/","url":"https:\/\/vcycletech.com\/wp-content\/uploads\/2023\/03\/logo-vcycletech-1.png","contentUrl":"https:\/\/vcycletech.com\/wp-content\/uploads\/2023\/03\/logo-vcycletech-1.png","width":600,"height":400,"caption":"vcycletech"},"image":{"@id":"https:\/\/vcycletech.com\/#\/schema\/logo\/image\/"}}]}},"_links":{"self":[{"href":"https:\/\/vcycletech.com\/fr\/wp-json\/wp\/v2\/product\/2492","targetHints":{"allow":["GET"]}}],"collection":[{"href":"https:\/\/vcycletech.com\/fr\/wp-json\/wp\/v2\/product"}],"about":[{"href":"https:\/\/vcycletech.com\/fr\/wp-json\/wp\/v2\/types\/product"}],"wp:featuredmedia":[{"embeddable":true,"href":"https:\/\/vcycletech.com\/fr\/wp-json\/wp\/v2\/media\/2573"}],"wp:attachment":[{"href":"https:\/\/vcycletech.com\/fr\/wp-json\/wp\/v2\/media?parent=2492"}],"wp:term":[{"taxonomy":"product_brand","embeddable":true,"href":"https:\/\/vcycletech.com\/fr\/wp-json\/wp\/v2\/product_brand?post=2492"},{"taxonomy":"product_cat","embeddable":true,"href":"https:\/\/vcycletech.com\/fr\/wp-json\/wp\/v2\/product_cat?post=2492"},{"taxonomy":"product_tag","embeddable":true,"href":"https:\/\/vcycletech.com\/fr\/wp-json\/wp\/v2\/product_tag?post=2492"}],"curies":[{"name":"wp","href":"https:\/\/api.w.org\/{rel}","templated":true}]}}