{"id":2350,"date":"2023-03-23T09:33:50","date_gmt":"2023-03-23T09:33:50","guid":{"rendered":"https:\/\/vcycletech.com\/?post_type=product&#038;p=2350"},"modified":"2023-03-23T09:33:51","modified_gmt":"2023-03-23T09:33:51","slug":"aluminium-chlorohydrate-ach","status":"publish","type":"product","link":"https:\/\/vcycletech.com\/fr\/produit\/aluminium-chlorohydrate-ach\/","title":{"rendered":"Chlorohydrate d&#039;aluminium (ACH)"},"content":{"rendered":"<h2 id=\"introduction_2\" class=\"xsj_heading_hash xsj_heading xsj_heading_h2\" data-source-line=\"6\" data-source-line-display=\"true\"><span class=\"xsj_heading_content\">Introduction<\/span><\/h2>\n<p class=\"xsj_paragraph xsj_paragraph_level_0\" data-source-line=\"7\" data-source-line-display=\"true\">Le chlorohydrate d&#039;aluminium (ACH) est un coagulant efficace et polyvalent utilis\u00e9 dans diverses applications de traitement de l&#039;eau. Il \u00e9limine efficacement les mati\u00e8res organiques et le total des solides en suspension (TSS) de l&#039;eau potable, des eaux us\u00e9es et des eaux pluviales. ACH est \u00e9galement compatible avec une large plage de pH, ce qui en fait un choix id\u00e9al pour de nombreuses situations.<\/p>\n<div class=\"xiaoshujiang_element xsj_anchor\"><a class=\"blank_anchor_name\" name=\"features_3\"><\/a><a id=\"features_3\" class=\"blank_anchor_id\"><\/a><a class=\"blank_anchor_name\" name=\"features\"><\/a><a id=\"features\" class=\"blank_anchor_id\"><\/a><\/div>\n<h2 id=\"features_3\" class=\"xsj_heading_hash xsj_heading xsj_heading_h2\" data-source-line=\"9\" data-source-line-display=\"true\"><span class=\"xsj_heading_content\">Caract\u00e9ristiques<\/span><\/h2>\n<p class=\"xsj_paragraph xsj_paragraph_level_0\" data-source-line=\"11\" data-source-line-display=\"true\">Un avantage majeur de l&#039;utilisation de l&#039;ACH comme coagulant est sa performance robuste. Son efficacit\u00e9 accrue aide \u00e0 r\u00e9duire le temps n\u00e9cessaire au processus de traitement tout en offrant des r\u00e9sultats sup\u00e9rieurs. De plus, il est compatible avec une large plage de pH, de sorte que les utilisateurs n&#039;ont pas \u00e0 se soucier des probl\u00e8mes de compatibilit\u00e9. Cela le rend adapt\u00e9 \u00e0 une vari\u00e9t\u00e9 d&#039;applications de traitement de l&#039;eau diff\u00e9rentes.<\/p>\n<div class=\"xiaoshujiang_element xsj_anchor\"><a class=\"blank_anchor_name\" name=\"applications_4\"><\/a><a id=\"applications_4\" class=\"blank_anchor_id\"><\/a><a class=\"blank_anchor_name\" name=\"applications\"><\/a><a id=\"applications\" class=\"blank_anchor_id\"><\/a><\/div>\n<h2 id=\"applications_4\" class=\"xsj_heading_hash xsj_heading xsj_heading_h2\" data-source-line=\"13\" data-source-line-display=\"true\"><span class=\"xsj_heading_content\">Applications<\/span><\/h2>\n<p class=\"xsj_paragraph xsj_paragraph_level_0\" data-source-line=\"15\" data-source-line-display=\"true\">L&#039;ACH peut \u00eatre utilis\u00e9 dans les applications d&#039;eau potable, d&#039;eaux us\u00e9es et d&#039;eaux pluviales pour \u00e9liminer les mati\u00e8res organiques et les TSS de l&#039;approvisionnement en eau. Il peut \u00e9galement \u00eatre utilis\u00e9 dans des processus industriels tels que la production de papier ou les usines de transformation des aliments o\u00f9 l&#039;\u00e9limination de ces contaminants est n\u00e9cessaire pour un bon fonctionnement. De plus, il peut \u00eatre utilis\u00e9 dans des processus tels que la d\u00e9shydratation des boues ou les processus de floculation\/d\u00e9shydratation dans les stations d&#039;\u00e9puration municipales.<\/p>\n<h2>Sp\u00e9cification:<\/h2>\n<p data-source-line=\"15\" data-source-line-display=\"true\">\n<table id=\"tablepress-11\" class=\"tablepress tablepress-id-11\">\n<thead>\n<tr class=\"row-1\">\n\t<th class=\"column-1\">Nom du produit<\/th><th class=\"column-2\">ACH<\/th><td class=\"column-3\"><\/td>\n<\/tr>\n<\/thead>\n<tbody class=\"row-striping row-hover\">\n<tr class=\"row-2\">\n\t<td class=\"column-1\">Apparence<\/td><td class=\"column-2\">Liquide transparent incolore<\/td><td class=\"column-3\"><\/td>\n<\/tr>\n<tr class=\"row-3\">\n\t<td class=\"column-1\">Standard<\/td><td class=\"column-2\">USP-34<\/td><td class=\"column-3\"><\/td>\n<\/tr>\n<tr class=\"row-4\">\n\t<td class=\"column-1\">Al:Cl<\/td><td class=\"column-2\">1.9:1-2.1:1<\/td><td class=\"column-3\"><\/td>\n<\/tr>\n<tr class=\"row-5\">\n\t<td class=\"column-1\">Al2O3%<\/td><td class=\"column-2\">>46\/46-48<\/td><td class=\"column-3\"><\/td>\n<\/tr>\n<tr class=\"row-6\">\n\t<td class=\"column-1\">Cl%<\/td><td class=\"column-2\"><18.0\/15.8-16.8<\/td><td class=\"column-3\"><\/td>\n<\/tr>\n<tr class=\"row-7\">\n\t<td class=\"column-1\">Solubilit\u00e9<\/td><td class=\"column-2\">Solubilit\u00e9 dans l&#039;eau<\/td><td class=\"column-3\"><\/td>\n<\/tr>\n<\/tbody>\n<\/table>\n<!-- #tablepress-11 from cache --><\/p>\n<div class=\"xiaoshujiang_element xsj_anchor\"><a class=\"blank_anchor_name\" name=\"faqs_5\"><\/a><a id=\"faqs_5\" class=\"blank_anchor_id\"><\/a><a class=\"blank_anchor_name\" name=\"faqs\"><\/a><a id=\"faqs\" class=\"blank_anchor_id\"><\/a><\/div>\n<h2 id=\"faqs_5\" class=\"xsj_heading_hash xsj_heading xsj_heading_h2\" data-source-line=\"17\" data-source-line-display=\"true\"><span class=\"xsj_heading_content\">FAQ<\/span><\/h2>\n<div class=\"xiaoshujiang_element xsj_anchor\"><a class=\"blank_anchor_name\" name=\"120what20is20aluminum20chlorohydrate_6\"><\/a><a id=\"120what20is20aluminum20chlorohydrate_6\" class=\"blank_anchor_id\"><\/a><a class=\"blank_anchor_name\" name=\"1-what-is-aluminum-chlorohydrate\"><\/a><a id=\"1-what-is-aluminum-chlorohydrate\" class=\"blank_anchor_id\"><\/a><\/div>\n<h3 id=\"120what20is20aluminum20chlorohydrate_6\" class=\"xsj_heading_hash xsj_heading xsj_heading_h3\" data-source-line=\"19\" data-source-line-display=\"true\"><span class=\"xsj_heading_content\">1) Qu&#039;est-ce que le chlorhydrate d&#039;aluminium ?<\/span><\/h3>\n<p class=\"xsj_paragraph xsj_paragraph_level_0\" data-source-line=\"21\" data-source-line-display=\"true\">R\u00e9ponse : Le chlorhydrate d&#039;aluminium (ACH) est un coagulant efficace dans diverses applications de traitement de l&#039;eau. Il aide \u00e0 \u00e9liminer la mati\u00e8re organique et le total des solides en suspension (TSS) de l&#039;eau potable, des eaux us\u00e9es et des eaux pluviales.<\/p>\n<div class=\"xiaoshujiang_element xsj_anchor\"><a class=\"blank_anchor_name\" name=\"220what20are20the20benefits20of20using20ach_7\"><\/a><a id=\"220what20are20the20benefits20of20using20ach_7\" class=\"blank_anchor_id\"><\/a><a class=\"blank_anchor_name\" name=\"2-what-are-the-benefits-of-using-ach\"><\/a><a id=\"2-what-are-the-benefits-of-using-ach\" class=\"blank_anchor_id\"><\/a><\/div>\n<h3 id=\"220what20are20the20benefits20of20using20ach_7\" class=\"xsj_heading_hash xsj_heading xsj_heading_h3\" data-source-line=\"23\" data-source-line-display=\"true\"><span class=\"xsj_heading_content\">2) Quels sont les avantages d&#039;utiliser ACH\u00a0?<\/span><\/h3>\n<p class=\"xsj_paragraph xsj_paragraph_level_0\" data-source-line=\"25\" data-source-line-display=\"true\">R\u00e9ponse : Le principal avantage de l&#039;utilisation de l&#039;ACH est sa performance robuste qui aide \u00e0 r\u00e9duire le temps n\u00e9cessaire au processus de traitement tout en fournissant des r\u00e9sultats sup\u00e9rieurs. De plus, il est compatible avec une large gamme de pH, ce qui le rend adapt\u00e9 \u00e0 de nombreuses applications.<\/p>\n<div class=\"xiaoshujiang_element xsj_anchor\"><a class=\"blank_anchor_name\" name=\"320what20types20of20applications20can20ach20be20used20for_8\"><\/a><a id=\"320what20types20of20applications20can20ach20be20used20for_8\" class=\"blank_anchor_id\"><\/a><a class=\"blank_anchor_name\" name=\"3-what-types-of-applications-can-ach-be-used-for\"><\/a><a id=\"3-what-types-of-applications-can-ach-be-used-for\" class=\"blank_anchor_id\"><\/a><\/div>\n<h3 id=\"320what20types20of20applications20can20ach20be20used20for_8\" class=\"xsj_heading_hash xsj_heading xsj_heading_h3\" data-source-line=\"27\" data-source-line-display=\"true\"><span class=\"xsj_heading_content\">3) Pour quels types d&#039;applications ACH peut-il \u00eatre utilis\u00e9\u00a0?<\/span><\/h3>\n<p class=\"xsj_paragraph xsj_paragraph_level_0\" data-source-line=\"29\" data-source-line-display=\"true\">R\u00e9ponse : L&#039;ACH peut \u00eatre utilis\u00e9 dans les applications d&#039;eau potable, d&#039;eaux us\u00e9es et d&#039;eaux pluviales pour \u00e9liminer les mati\u00e8res organiques et les TSS de l&#039;approvisionnement ainsi que dans les processus industriels tels que la production de papier ou les usines de transformation des aliments o\u00f9 ces contaminants sont n\u00e9cessaires au bon fonctionnement. Il peut \u00e9galement \u00eatre utilis\u00e9 dans d&#039;autres processus, tels que la d\u00e9shydratation des boues ou les processus de floculation\/d\u00e9shydratation dans les stations d&#039;\u00e9puration municipales.<\/p>\n<div class=\"xiaoshujiang_element xsj_anchor\"><a class=\"blank_anchor_name\" name=\"420is20ach20safe20to20use_9\"><\/a><a id=\"420is20ach20safe20to20use_9\" class=\"blank_anchor_id\"><\/a><a class=\"blank_anchor_name\" name=\"4-is-ach-safe-to-use\"><\/a><a id=\"4-is-ach-safe-to-use\" class=\"blank_anchor_id\"><\/a><\/div>\n<h3 id=\"420is20ach20safe20to20use_9\" class=\"xsj_heading_hash xsj_heading xsj_heading_h3\" data-source-line=\"31\" data-source-line-display=\"true\"><span class=\"xsj_heading_content\">4) L&#039;ACH est-il s\u00fbr \u00e0 utiliser ?<\/span><\/h3>\n<p class=\"xsj_paragraph xsj_paragraph_level_0\" data-source-line=\"33\" data-source-line-display=\"true\">R\u00e9ponse\u00a0: L&#039;ACH peut \u00eatre utilis\u00e9 en toute s\u00e9curit\u00e9 lorsqu&#039;il est manipul\u00e9 correctement avec un \u00e9quipement de protection et que les protocoles de s\u00e9curit\u00e9 appropri\u00e9s sont suivis \u00e0 tout moment pendant les proc\u00e9dures de manipulation et d&#039;application.<\/p>\n<div class=\"xiaoshujiang_element xsj_anchor\"><a class=\"blank_anchor_name\" name=\"520does20ach20have20any20side20effects_10\"><\/a><a id=\"520does20ach20have20any20side20effects_10\" class=\"blank_anchor_id\"><\/a><a class=\"blank_anchor_name\" name=\"5-does-ach-have-any-side-effects\"><\/a><a id=\"5-does-ach-have-any-side-effects\" class=\"blank_anchor_id\"><\/a><\/div>\n<h3 id=\"520does20ach20have20any20side20effects_10\" class=\"xsj_heading_hash xsj_heading xsj_heading_h3\" data-source-line=\"35\" data-source-line-display=\"true\"><span class=\"xsj_heading_content\">5) L&#039;ACH a-t-il des effets secondaires ?<\/span><\/h3>\n<p class=\"xsj_paragraph xsj_paragraph_level_0\" data-source-line=\"37\" data-source-line-display=\"true\">R\u00e9ponse : Non, il n&#039;y a pas d&#039;effets secondaires connus associ\u00e9s \u00e0 l&#039;utilisation de l&#039;ACH lorsqu&#039;il est manipul\u00e9 correctement avec un \u00e9quipement de protection port\u00e9 en tout temps pendant les proc\u00e9dures de manipulation et d&#039;application.<\/p>\n<p class=\"xsj_paragraph xsj_paragraph_level_0\" data-source-line=\"39\" data-source-line-display=\"true\"><a class=\"xsj_link xsj_manu_link\" href=\"https:\/\/vcycletech.com\/fr\/categorie-de-produit\/coagulants-et-floculants\/\">Obtenez la solution compl\u00e8te de coagulants et floculants.<\/a><\/p>","protected":false},"excerpt":{"rendered":"<p><strong>ACH<\/strong> est un coagulant largement utilis\u00e9 dans les applications d&#039;eau potable, d&#039;eaux us\u00e9es et d&#039;eaux pluviales. Il a une performance robuste, ce qui facilite l&#039;\u00e9limination de la mati\u00e8re organique et du TSS. De plus, ses capacit\u00e9s de large plage de pH le rendent compatible avec une vari\u00e9t\u00e9 de situations\u00a0! Si vous cherchez un coagulant efficace et polyvalent, ACH est un choix parfait !<\/p>\n<p>vcycletech est le meilleur chlorohydrate d&#039;aluminium (ACH) <strong>fournisseur de porcelaine<\/strong>, offrant des produits de haute qualit\u00e9 \u00e0 des prix comp\u00e9titifs. Nous avons une large gamme de produits ACH disponibles, vous pouvez donc trouver celui qui correspond le mieux \u00e0 vos besoins. Contactez-nous aujourd&#039;hui pour en savoir plus!<\/p>","protected":false},"featured_media":2459,"template":"","meta":{"site-sidebar-layout":"default","site-content-layout":"default","ast-site-content-layout":"default","site-content-style":"default","site-sidebar-style":"default","ast-global-header-display":"","ast-banner-title-visibility":"","ast-main-header-display":"","ast-hfb-above-header-display":"","ast-hfb-below-header-display":"","ast-hfb-mobile-header-display":"","site-post-title":"","ast-breadcrumbs-content":"","ast-featured-img":"","footer-sml-layout":"","ast-disable-related-posts":"","theme-transparent-header-meta":"default","adv-header-id-meta":"","stick-header-meta":"default","header-above-stick-meta":"","header-main-stick-meta":"","header-below-stick-meta":"","astra-migrate-meta-layouts":"default","ast-page-background-enabled":"default","ast-page-background-meta":{"desktop":{"background-color":"","background-image":"","background-repeat":"repeat","background-position":"center center","background-size":"auto","background-attachment":"scroll","background-type":"","background-media":"","overlay-type":"","overlay-color":"","overlay-opacity":"","overlay-gradient":""},"tablet":{"background-color":"","background-image":"","background-repeat":"repeat","background-position":"center center","background-size":"auto","background-attachment":"scroll","background-type":"","background-media":"","overlay-type":"","overlay-color":"","overlay-opacity":"","overlay-gradient":""},"mobile":{"background-color":"","background-image":"","background-repeat":"repeat","background-position":"center center","background-size":"auto","background-attachment":"scroll","background-type":"","background-media":"","overlay-type":"","overlay-color":"","overlay-opacity":"","overlay-gradient":""}},"ast-content-background-meta":{"desktop":{"background-color":"var(--ast-global-color-5)","background-image":"","background-repeat":"repeat","background-position":"center center","background-size":"auto","background-attachment":"scroll","background-type":"","background-media":"","overlay-type":"","overlay-color":"","overlay-opacity":"","overlay-gradient":""},"tablet":{"background-color":"var(--ast-global-color-5)","background-image":"","background-repeat":"repeat","background-position":"center center","background-size":"auto","background-attachment":"scroll","background-type":"","background-media":"","overlay-type":"","overlay-color":"","overlay-opacity":"","overlay-gradient":""},"mobile":{"background-color":"var(--ast-global-color-5)","background-image":"","background-repeat":"repeat","background-position":"center center","background-size":"auto","background-attachment":"scroll","background-type":"","background-media":"","overlay-type":"","overlay-color":"","overlay-opacity":"","overlay-gradient":""}}},"product_brand":[],"product_cat":[37],"product_tag":[],"class_list":{"0":"post-2350","1":"product","2":"type-product","3":"status-publish","4":"has-post-thumbnail","6":"product_cat-coagulants-and-flocculants","7":"desktop-align-left","8":"tablet-align-left","9":"mobile-align-left","10":"ast-product-gallery-layout-horizontal-slider","11":"ast-product-gallery-with-no-image","12":"ast-product-tabs-layout-horizontal","14":"first","15":"instock","16":"shipping-taxable","17":"product-type-simple"},"yoast_head":"<!-- This site is optimized with the Yoast SEO Premium plugin v26.3 (Yoast SEO v27.3) - https:\/\/yoast.com\/product\/yoast-seo-premium-wordpress\/ -->\n<title>Aluminum Chlorohydrate (ACH) - vcycletech<\/title>\n<meta name=\"description\" content=\"Get guaranteed water quality with Aluminum Chlorohydrate (ACH)! This powerful and versatile coagulant can be used in various drinking, wastewater and stormwater treatment applications for removing organic matter and total suspended solids (TSS). pH range compatibility ensures the perfect solution.\" \/>\n<meta name=\"robots\" content=\"index, follow, max-snippet:-1, max-image-preview:large, max-video-preview:-1\" \/>\n<link rel=\"canonical\" href=\"https:\/\/vcycletech.com\/fr\/produit\/aluminium-chlorohydrate-ach\/\" \/>\n<meta property=\"og:locale\" content=\"fr_FR\" \/>\n<meta property=\"og:type\" content=\"article\" \/>\n<meta property=\"og:title\" content=\"Aluminum Chlorohydrate (ACH)\" \/>\n<meta property=\"og:description\" content=\"Get guaranteed water quality with Aluminum Chlorohydrate (ACH)! This powerful and versatile coagulant can be used in various drinking, wastewater and stormwater treatment applications for removing organic matter and total suspended solids (TSS). pH range compatibility ensures the perfect solution.\" \/>\n<meta property=\"og:url\" content=\"https:\/\/vcycletech.com\/fr\/produit\/aluminium-chlorohydrate-ach\/\" \/>\n<meta property=\"og:site_name\" content=\"vcycletech\" \/>\n<meta property=\"article:modified_time\" content=\"2023-03-23T09:33:51+00:00\" \/>\n<meta property=\"og:image\" content=\"https:\/\/vcycletech.com\/wp-content\/uploads\/2023\/03\/WT-601-10.png\" \/>\n\t<meta property=\"og:image:width\" content=\"600\" \/>\n\t<meta property=\"og:image:height\" content=\"600\" \/>\n\t<meta property=\"og:image:type\" content=\"image\/png\" \/>\n<meta name=\"twitter:card\" content=\"summary_large_image\" \/>\n<meta name=\"twitter:label1\" content=\"Dur\u00e9e de lecture estim\u00e9e\" \/>\n\t<meta name=\"twitter:data1\" content=\"2 minutes\" \/>\n<script type=\"application\/ld+json\" class=\"yoast-schema-graph\">{\"@context\":\"https:\\\/\\\/schema.org\",\"@graph\":[{\"@type\":\"WebPage\",\"@id\":\"https:\\\/\\\/vcycletech.com\\\/product\\\/aluminum-chlorohydrate-ach\\\/\",\"url\":\"https:\\\/\\\/vcycletech.com\\\/product\\\/aluminum-chlorohydrate-ach\\\/\",\"name\":\"Aluminum Chlorohydrate (ACH) - vcycletech\",\"isPartOf\":{\"@id\":\"https:\\\/\\\/vcycletech.com\\\/#website\"},\"primaryImageOfPage\":{\"@id\":\"https:\\\/\\\/vcycletech.com\\\/product\\\/aluminum-chlorohydrate-ach\\\/#primaryimage\"},\"image\":{\"@id\":\"https:\\\/\\\/vcycletech.com\\\/product\\\/aluminum-chlorohydrate-ach\\\/#primaryimage\"},\"thumbnailUrl\":\"https:\\\/\\\/vcycletech.com\\\/wp-content\\\/uploads\\\/2023\\\/03\\\/WT-601-10.png\",\"datePublished\":\"2023-03-23T09:33:50+00:00\",\"dateModified\":\"2023-03-23T09:33:51+00:00\",\"description\":\"Get guaranteed water quality with Aluminum Chlorohydrate (ACH)! This powerful and versatile coagulant can be used in various drinking, wastewater and stormwater treatment applications for removing organic matter and total suspended solids (TSS). pH range compatibility ensures the perfect solution.\",\"breadcrumb\":{\"@id\":\"https:\\\/\\\/vcycletech.com\\\/product\\\/aluminum-chlorohydrate-ach\\\/#breadcrumb\"},\"inLanguage\":\"fr-FR\",\"potentialAction\":[{\"@type\":\"ReadAction\",\"target\":[\"https:\\\/\\\/vcycletech.com\\\/product\\\/aluminum-chlorohydrate-ach\\\/\"]}]},{\"@type\":\"ImageObject\",\"inLanguage\":\"fr-FR\",\"@id\":\"https:\\\/\\\/vcycletech.com\\\/product\\\/aluminum-chlorohydrate-ach\\\/#primaryimage\",\"url\":\"https:\\\/\\\/vcycletech.com\\\/wp-content\\\/uploads\\\/2023\\\/03\\\/WT-601-10.png\",\"contentUrl\":\"https:\\\/\\\/vcycletech.com\\\/wp-content\\\/uploads\\\/2023\\\/03\\\/WT-601-10.png\",\"width\":600,\"height\":600,\"caption\":\"Aluminum Chlorohydrate (ACH)\"},{\"@type\":\"BreadcrumbList\",\"@id\":\"https:\\\/\\\/vcycletech.com\\\/product\\\/aluminum-chlorohydrate-ach\\\/#breadcrumb\",\"itemListElement\":[{\"@type\":\"ListItem\",\"position\":1,\"name\":\"Home\",\"item\":\"https:\\\/\\\/vcycletech.com\\\/\"},{\"@type\":\"ListItem\",\"position\":2,\"name\":\"Water Treatment Chemicals Manufacturer\",\"item\":\"https:\\\/\\\/vcycletech.com\\\/water-treatment-chemicals-manufacturer\\\/\"},{\"@type\":\"ListItem\",\"position\":3,\"name\":\"Aluminum Chlorohydrate (ACH)\"}]},{\"@type\":\"WebSite\",\"@id\":\"https:\\\/\\\/vcycletech.com\\\/#website\",\"url\":\"https:\\\/\\\/vcycletech.com\\\/\",\"name\":\"vcycletech\",\"description\":\"China&#039;s top water treatment chemicals supplier\",\"publisher\":{\"@id\":\"https:\\\/\\\/vcycletech.com\\\/#organization\"},\"potentialAction\":[{\"@type\":\"SearchAction\",\"target\":{\"@type\":\"EntryPoint\",\"urlTemplate\":\"https:\\\/\\\/vcycletech.com\\\/?s={search_term_string}\"},\"query-input\":{\"@type\":\"PropertyValueSpecification\",\"valueRequired\":true,\"valueName\":\"search_term_string\"}}],\"inLanguage\":\"fr-FR\"},{\"@type\":\"Organization\",\"@id\":\"https:\\\/\\\/vcycletech.com\\\/#organization\",\"name\":\"vcycletech\",\"url\":\"https:\\\/\\\/vcycletech.com\\\/\",\"logo\":{\"@type\":\"ImageObject\",\"inLanguage\":\"fr-FR\",\"@id\":\"https:\\\/\\\/vcycletech.com\\\/#\\\/schema\\\/logo\\\/image\\\/\",\"url\":\"https:\\\/\\\/vcycletech.com\\\/wp-content\\\/uploads\\\/2023\\\/03\\\/logo-vcycletech-1.png\",\"contentUrl\":\"https:\\\/\\\/vcycletech.com\\\/wp-content\\\/uploads\\\/2023\\\/03\\\/logo-vcycletech-1.png\",\"width\":600,\"height\":400,\"caption\":\"vcycletech\"},\"image\":{\"@id\":\"https:\\\/\\\/vcycletech.com\\\/#\\\/schema\\\/logo\\\/image\\\/\"}}]}<\/script>\n<!-- \/ Yoast SEO Premium plugin. -->","yoast_head_json":{"title":"Chlorohydrate d&#039;aluminium (ACH) - vcycletech","description":"Obtenez une qualit\u00e9 d&#039;eau garantie avec le chlorhydrate d&#039;aluminium (ACH)\u00a0! Ce coagulant puissant et polyvalent peut \u00eatre utilis\u00e9 dans diverses applications de traitement des eaux potables, des eaux us\u00e9es et des eaux pluviales pour \u00e9liminer les mati\u00e8res organiques et le total des solides en suspension (TSS). La compatibilit\u00e9 de la plage de pH garantit la solution parfaite.","robots":{"index":"index","follow":"follow","max-snippet":"max-snippet:-1","max-image-preview":"max-image-preview:large","max-video-preview":"max-video-preview:-1"},"canonical":"https:\/\/vcycletech.com\/fr\/produit\/aluminium-chlorohydrate-ach\/","og_locale":"fr_FR","og_type":"article","og_title":"Aluminum Chlorohydrate (ACH)","og_description":"Get guaranteed water quality with Aluminum Chlorohydrate (ACH)! This powerful and versatile coagulant can be used in various drinking, wastewater and stormwater treatment applications for removing organic matter and total suspended solids (TSS). pH range compatibility ensures the perfect solution.","og_url":"https:\/\/vcycletech.com\/fr\/produit\/aluminium-chlorohydrate-ach\/","og_site_name":"vcycletech","article_modified_time":"2023-03-23T09:33:51+00:00","og_image":[{"width":600,"height":600,"url":"https:\/\/vcycletech.com\/wp-content\/uploads\/2023\/03\/WT-601-10.png","type":"image\/png"}],"twitter_card":"summary_large_image","twitter_misc":{"Dur\u00e9e de lecture estim\u00e9e":"2 minutes"},"schema":{"@context":"https:\/\/schema.org","@graph":[{"@type":"WebPage","@id":"https:\/\/vcycletech.com\/product\/aluminum-chlorohydrate-ach\/","url":"https:\/\/vcycletech.com\/product\/aluminum-chlorohydrate-ach\/","name":"Chlorohydrate d&#039;aluminium (ACH) - vcycletech","isPartOf":{"@id":"https:\/\/vcycletech.com\/#website"},"primaryImageOfPage":{"@id":"https:\/\/vcycletech.com\/product\/aluminum-chlorohydrate-ach\/#primaryimage"},"image":{"@id":"https:\/\/vcycletech.com\/product\/aluminum-chlorohydrate-ach\/#primaryimage"},"thumbnailUrl":"https:\/\/vcycletech.com\/wp-content\/uploads\/2023\/03\/WT-601-10.png","datePublished":"2023-03-23T09:33:50+00:00","dateModified":"2023-03-23T09:33:51+00:00","description":"Obtenez une qualit\u00e9 d&#039;eau garantie avec le chlorhydrate d&#039;aluminium (ACH)\u00a0! Ce coagulant puissant et polyvalent peut \u00eatre utilis\u00e9 dans diverses applications de traitement des eaux potables, des eaux us\u00e9es et des eaux pluviales pour \u00e9liminer les mati\u00e8res organiques et le total des solides en suspension (TSS). La compatibilit\u00e9 de la plage de pH garantit la solution parfaite.","breadcrumb":{"@id":"https:\/\/vcycletech.com\/product\/aluminum-chlorohydrate-ach\/#breadcrumb"},"inLanguage":"fr-FR","potentialAction":[{"@type":"ReadAction","target":["https:\/\/vcycletech.com\/product\/aluminum-chlorohydrate-ach\/"]}]},{"@type":"ImageObject","inLanguage":"fr-FR","@id":"https:\/\/vcycletech.com\/product\/aluminum-chlorohydrate-ach\/#primaryimage","url":"https:\/\/vcycletech.com\/wp-content\/uploads\/2023\/03\/WT-601-10.png","contentUrl":"https:\/\/vcycletech.com\/wp-content\/uploads\/2023\/03\/WT-601-10.png","width":600,"height":600,"caption":"Aluminum Chlorohydrate (ACH)"},{"@type":"BreadcrumbList","@id":"https:\/\/vcycletech.com\/product\/aluminum-chlorohydrate-ach\/#breadcrumb","itemListElement":[{"@type":"ListItem","position":1,"name":"Home","item":"https:\/\/vcycletech.com\/"},{"@type":"ListItem","position":2,"name":"Water Treatment Chemicals Manufacturer","item":"https:\/\/vcycletech.com\/water-treatment-chemicals-manufacturer\/"},{"@type":"ListItem","position":3,"name":"Aluminum Chlorohydrate (ACH)"}]},{"@type":"WebSite","@id":"https:\/\/vcycletech.com\/#website","url":"https:\/\/vcycletech.com\/","name":"vcycletech","description":"Meilleur fournisseur de produits chimiques pour le traitement de l&#039;eau en Chine","publisher":{"@id":"https:\/\/vcycletech.com\/#organization"},"potentialAction":[{"@type":"SearchAction","target":{"@type":"EntryPoint","urlTemplate":"https:\/\/vcycletech.com\/?s={search_term_string}"},"query-input":{"@type":"PropertyValueSpecification","valueRequired":true,"valueName":"search_term_string"}}],"inLanguage":"fr-FR"},{"@type":"Organization","@id":"https:\/\/vcycletech.com\/#organization","name":"vcycletech","url":"https:\/\/vcycletech.com\/","logo":{"@type":"ImageObject","inLanguage":"fr-FR","@id":"https:\/\/vcycletech.com\/#\/schema\/logo\/image\/","url":"https:\/\/vcycletech.com\/wp-content\/uploads\/2023\/03\/logo-vcycletech-1.png","contentUrl":"https:\/\/vcycletech.com\/wp-content\/uploads\/2023\/03\/logo-vcycletech-1.png","width":600,"height":400,"caption":"vcycletech"},"image":{"@id":"https:\/\/vcycletech.com\/#\/schema\/logo\/image\/"}}]}},"_links":{"self":[{"href":"https:\/\/vcycletech.com\/fr\/wp-json\/wp\/v2\/product\/2350","targetHints":{"allow":["GET"]}}],"collection":[{"href":"https:\/\/vcycletech.com\/fr\/wp-json\/wp\/v2\/product"}],"about":[{"href":"https:\/\/vcycletech.com\/fr\/wp-json\/wp\/v2\/types\/product"}],"wp:featuredmedia":[{"embeddable":true,"href":"https:\/\/vcycletech.com\/fr\/wp-json\/wp\/v2\/media\/2459"}],"wp:attachment":[{"href":"https:\/\/vcycletech.com\/fr\/wp-json\/wp\/v2\/media?parent=2350"}],"wp:term":[{"taxonomy":"product_brand","embeddable":true,"href":"https:\/\/vcycletech.com\/fr\/wp-json\/wp\/v2\/product_brand?post=2350"},{"taxonomy":"product_cat","embeddable":true,"href":"https:\/\/vcycletech.com\/fr\/wp-json\/wp\/v2\/product_cat?post=2350"},{"taxonomy":"product_tag","embeddable":true,"href":"https:\/\/vcycletech.com\/fr\/wp-json\/wp\/v2\/product_tag?post=2350"}],"curies":[{"name":"wp","href":"https:\/\/api.w.org\/{rel}","templated":true}]}}