{"id":2252,"date":"2023-03-23T06:24:40","date_gmt":"2023-03-23T06:24:40","guid":{"rendered":"https:\/\/vcycletech.com\/?post_type=product&#038;p=2252"},"modified":"2023-03-24T01:20:09","modified_gmt":"2023-03-24T01:20:09","slug":"acide-trichloroisocyanurique-tcca-2","status":"publish","type":"product","link":"https:\/\/vcycletech.com\/fr\/produit\/acide-trichloroisocyanurique-tcca-2\/","title":{"rendered":"Acide trichloroisocyanurique (TCCA)"},"content":{"rendered":"<h3>Formule mol\u00e9culaire : C3N3O3CL3<br \/>\nPoids mol\u00e9culaire\u00a0: 232,44<br \/>\nClasse dangereuse : 5.1<br \/>\nNo ONU\u00a0: 2468<br \/>\nN\u00b0 CAS\uff1a87-90-1<br \/>\nN\u00b0 SH\uff1a29336922<br \/>\nSp\u00e9cification:<\/h3>\n<div id=\"footable_parent_2265\"\n         class=\"footable_parent ninja_table_wrapper loading_ninja_table wp_table_data_press_parent semantic_ui\">\n                <table data-ninja_table_instance=\"ninja_table_instance_0\" data-footable_id=\"2265\" data-filter-delay=\"1000\" aria-label=\"Acide trichloroisocyanurique (TCCA).csv\"            id=\"footable_2265\"\n           data-unique_identifier=\"ninja_table_unique_id_3997114855_2265\"\n           class=\"foo-table ninja_footable foo_table_2265 ninja_table_unique_id_3997114855_2265 ui table  nt_type_legacy_table selectable striped vertical_centered  footable-paging-right ninja_table_pro\">\n                <colgroup>\n                            <col class=\"ninja_column_0\">\n                            <col class=\"ninja_column_1\">\n                    <\/colgroup>\n        <thead>\n<tr class=\"footable-header\">\n                                        <th scope=\"col\"  class=\"ninja_column_0 ninja_clmn_nm_dosageform\">Articles<\/th><th scope=\"col\"  class=\"ninja_column_1 ninja_clmn_nm_whitepowdergranularorflake\">Indice<\/th><\/tr>\n<\/thead>\n<tbody>\n\n        <tr data-row_id=\"389\" class=\"ninja_table_row_0 nt_row_id_389\">\n            <td>Cl efficace<\/td><td>\u226590%<\/td>        <\/tr>\n            <tr data-row_id=\"397\" class=\"ninja_table_row_1 nt_row_id_397\">\n            <td>Forme posologique<\/td><td>Poudre blanche, granulaire ou flocon<\/td>        <\/tr>\n            <tr data-row_id=\"390\" class=\"ninja_table_row_2 nt_row_id_390\">\n            <td>PH(1%solution)<\/td><td>2.7-3.3<\/td>        <\/tr>\n            <tr data-row_id=\"391\" class=\"ninja_table_row_3 nt_row_id_391\">\n            <td>Humidit\u00e9<\/td><td>\u22640.5%<\/td>        <\/tr>\n            <tr data-row_id=\"392\" class=\"ninja_table_row_4 nt_row_id_392\">\n            <td>Granulaire<\/td><td>8-30mesh, 20-60mesh (ou d\u00e9cid\u00e9 par le client)<\/td>        <\/tr>\n            <tr data-row_id=\"393\" class=\"ninja_table_row_5 nt_row_id_393\">\n            <td>Flocon<\/td><td>1g\/flake\u30015g\/flake\u300120g\/flake\u300150g\/flake\u3001200g\/flake (ou d\u00e9cid\u00e9 par le client)<\/td>        <\/tr>\n            <tr data-row_id=\"394\" class=\"ninja_table_row_6 nt_row_id_394\">\n            <td>Emballer<\/td><td>Tambour en plastique\uff1a1\/2\/5\/10\/25\/50kg\uff0c Tambour en carton\uff1a25kg\/50kg\uff0c (ou d\u00e9cid\u00e9 par le client)<\/td>        <\/tr>\n    <\/tbody><!--ninja_tobody_rendering_done-->\n    <\/table>\n    \n    \n    \n<\/div>\n\n<h3>Propri\u00e9t\u00e9s:<\/h3>\n<p>Il poss\u00e8de de fortes propri\u00e9t\u00e9s oxydantes et blanchissantes qui en font un bon choix pour les applications de d\u00e9sinfection, telles que la d\u00e9sinfection des piscines, la r\u00e9duction des odeurs et le contr\u00f4le de la propagation des bact\u00e9ries. De plus, le TCCA peut \u00eatre utilis\u00e9 dans les processus de synth\u00e8se organique, aidant \u00e0 cr\u00e9er des compos\u00e9s utiles \u00e0 partir de mati\u00e8res premi\u00e8res. Sa stabilit\u00e9 en fait un agent id\u00e9al pour les syst\u00e8mes de circulation ferm\u00e9s et son utilisation efficace r\u00e9duit les co\u00fbts de maintenance et les temps d&#039;arr\u00eat.<\/p>\n<h3>Usage:<\/h3>\n<p>Avec de puissantes propri\u00e9t\u00e9s blanchissantes et d\u00e9sinfectantes avec une composition chimique stable. Il est largement utilis\u00e9 pour la d\u00e9sinfection dans les environnements r\u00e9sidentiels, industriels et agricoles, ainsi que pour blanchir les v\u00eatements, les tissus synth\u00e9tiques et la laine anti-r\u00e9tr\u00e9cissement.<\/p>\n<h3>Emballage et stockage\u00a0:<\/h3>\n<p><strong>Acide trichloroisocyanurique (TCCA)<\/strong> doivent \u00eatre emball\u00e9s dans des conteneurs sp\u00e9cialis\u00e9s et stock\u00e9s \u00e0 l&#039;abri de la lumi\u00e8re directe du soleil, des temp\u00e9ratures \u00e9lev\u00e9es et des sources d&#039;inflammation. Il doit \u00eatre conserv\u00e9 dans un endroit frais et sec, \u00e0 l&#039;\u00e9cart des substances incompatibles telles que les composants organiques et les mat\u00e9riaux inflammables. Les r\u00e9cipients doivent \u00eatre faits d&#039;un mat\u00e9riau inerte et bien scell\u00e9s pour emp\u00eacher le produit d&#039;entrer en contact avec l&#039;humidit\u00e9 ou d&#039;autres substances volatiles. Une attention particuli\u00e8re doit \u00eatre port\u00e9e lors de la manipulation du TCCA afin d&#039;\u00e9viter tout accident r\u00e9sultant d&#039;un contact avec la peau ou de l&#039;inhalation de vapeurs.<\/p>\n<h3>FAQ sur l&#039;acide trichloroisocyanurique (TCCA)\u00a0:<\/h3>\n<p><strong>Qu&#039;est-ce que l&#039;acide trichloroisocyanurique (TCCA) ?<\/strong><br \/>\nL&#039;acide trichloroisocyanurique (TCCA) est un compos\u00e9 organique de formule C3O3N3Cl3, qui est largement utilis\u00e9 comme d\u00e9sinfectant et assainissant efficace dans les syst\u00e8mes de traitement de l&#039;eau. Les propri\u00e9t\u00e9s uniques du TCCA en font un choix id\u00e9al pour une vari\u00e9t\u00e9 d&#039;applications, telles que les piscines, les tours de refroidissement, les spas et les cuves thermales, les usines de transformation des aliments, etc. Il peut \u00e9galement \u00eatre utilis\u00e9 pour traiter l&#039;eau potable afin de r\u00e9duire les niveaux de bact\u00e9ries et d&#039;am\u00e9liorer la qualit\u00e9 globale de l&#039;eau.<\/p>\n<p><strong>Comment fonctionne l&#039;acide trichloroisocyanurique ?<\/strong><br \/>\nL&#039;acide trichloroisocyanurique agit en lib\u00e9rant du chlore actif lorsqu&#039;il entre en contact avec l&#039;eau. Le chlore actif tue ou inactive ensuite les micro-organismes pathog\u00e8nes dans l&#039;eau, ce qui permet aux humains de l&#039;utiliser et de la consommer en toute s\u00e9curit\u00e9. Le chlore actif lib\u00e9r\u00e9 par le TCCA aide \u00e9galement \u00e0 r\u00e9duire les compos\u00e9s responsables des odeurs dans l&#039;eau et emp\u00eache la croissance d&#039;algues ou d&#039;autres organismes aquatiques.<\/p>\n<p><strong>Quels sont les avantages de l&#039;utilisation de l&#039;acide trichloroisocyanurique\u00a0?<\/strong><br \/>\nLes principaux avantages de l&#039;utilisation de l&#039;acide trichloroisocyanurique sont son efficacit\u00e9 contre un large \u00e9ventail de contaminants, notamment les bact\u00e9ries, les virus, les champignons et les algues. son faible co\u00fbt ; sa capacit\u00e9 \u00e0 \u00eatre stock\u00e9 pendant de longues p\u00e9riodes sans perdre en efficacit\u00e9 ; et sa toxicit\u00e9 relativement faible par rapport aux autres d\u00e9sinfectants disponibles. De plus, le TCCA n\u00e9cessite moins de dosage par rapport aux autres produits chimiques utilis\u00e9s dans les syst\u00e8mes de traitement de l&#039;eau en raison de sa grande solubilit\u00e9 dans l&#039;eau et de son fort pouvoir d\u00e9sinfectant.<\/p>\n<p><strong>Comment puis-je utiliser l&#039;acide trichloroisocyanurique en toute s\u00e9curit\u00e9\u00a0?<\/strong><br \/>\nAfin d&#039;utiliser en toute s\u00e9curit\u00e9 l&#039;acide trichloroisocyanurique \u00e0 des fins de traitement de l&#039;eau, assurez-vous toujours de respecter strictement les instructions du fabricant concernant les quantit\u00e9s de dosage afin de ne pas surdoser votre syst\u00e8me car cela pourrait avoir des effets n\u00e9gatifs sur la sant\u00e9 humaine, comme mentionn\u00e9 ci-dessus. De plus, portez toujours un \u00e9quipement de protection tel que des gants\/masques lors de la manipulation du TCCA, car le contact direct peut irriter la peau ou les yeux, et l&#039;inhalation peut provoquer une irritation de la gorge\/du nez ou des difficult\u00e9s respiratoires, en particulier si des r\u00e9actions allergiques se produisent en raison d&#039;une exposition prolong\u00e9e sans \u00e9quipement de protection.<\/p>\n<p><a href=\"https:\/\/vcycletech.com\/fr\/produits-chimiques-pour-piscines\/\"><strong>Obtenez la solution compl\u00e8te de produits chimiques pour piscine.<\/strong><\/a><\/p>","protected":false},"excerpt":{"rendered":"<p><strong>Acide trichloroisocyanurique (TCCA)<\/strong> est un agent oxydant polyvalent et tr\u00e8s efficace qui offre une gamme d&#039;avantages par rapport aux autres solutions de d\u00e9sinfection. Il est largement utilis\u00e9 dans les syst\u00e8mes de filtration des piscines, les processus de synth\u00e8se organique et pour minimiser les odeurs et contr\u00f4ler la croissance des bact\u00e9ries. Le TCCA est \u00e9galement stable et peut \u00eatre stock\u00e9 facilement dans des conditions s\u00e8ches lorsqu&#039;il est correctement emball\u00e9. Ses fortes propri\u00e9t\u00e9s oxydantes en font un agent nettoyant puissant, offrant une d\u00e9sinfection sup\u00e9rieure avec des co\u00fbts de maintenance et des temps d&#039;arr\u00eat minimes.<\/p>\n<p>Si vous recherchez un inhibiteur de corrosion \u00e0 utiliser avec votre<strong> Acide trichloroisocyanurique (TCCA)<\/strong> pour les produits chimiques de traitement de l&#039;eau, contactez-nous d\u00e8s aujourd&#039;hui pour en savoir plus sur nos produits et comment ils peuvent b\u00e9n\u00e9ficier \u00e0 votre entreprise.<\/p>","protected":false},"featured_media":2259,"template":"","meta":{"site-sidebar-layout":"default","site-content-layout":"default","ast-site-content-layout":"default","site-content-style":"default","site-sidebar-style":"default","ast-global-header-display":"","ast-banner-title-visibility":"","ast-main-header-display":"","ast-hfb-above-header-display":"","ast-hfb-below-header-display":"","ast-hfb-mobile-header-display":"","site-post-title":"","ast-breadcrumbs-content":"","ast-featured-img":"","footer-sml-layout":"","ast-disable-related-posts":"","theme-transparent-header-meta":"default","adv-header-id-meta":"","stick-header-meta":"default","header-above-stick-meta":"","header-main-stick-meta":"","header-below-stick-meta":"","astra-migrate-meta-layouts":"default","ast-page-background-enabled":"default","ast-page-background-meta":{"desktop":{"background-color":"","background-image":"","background-repeat":"repeat","background-position":"center center","background-size":"auto","background-attachment":"scroll","background-type":"","background-media":"","overlay-type":"","overlay-color":"","overlay-opacity":"","overlay-gradient":""},"tablet":{"background-color":"","background-image":"","background-repeat":"repeat","background-position":"center center","background-size":"auto","background-attachment":"scroll","background-type":"","background-media":"","overlay-type":"","overlay-color":"","overlay-opacity":"","overlay-gradient":""},"mobile":{"background-color":"","background-image":"","background-repeat":"repeat","background-position":"center center","background-size":"auto","background-attachment":"scroll","background-type":"","background-media":"","overlay-type":"","overlay-color":"","overlay-opacity":"","overlay-gradient":""}},"ast-content-background-meta":{"desktop":{"background-color":"var(--ast-global-color-5)","background-image":"","background-repeat":"repeat","background-position":"center center","background-size":"auto","background-attachment":"scroll","background-type":"","background-media":"","overlay-type":"","overlay-color":"","overlay-opacity":"","overlay-gradient":""},"tablet":{"background-color":"var(--ast-global-color-5)","background-image":"","background-repeat":"repeat","background-position":"center center","background-size":"auto","background-attachment":"scroll","background-type":"","background-media":"","overlay-type":"","overlay-color":"","overlay-opacity":"","overlay-gradient":""},"mobile":{"background-color":"var(--ast-global-color-5)","background-image":"","background-repeat":"repeat","background-position":"center center","background-size":"auto","background-attachment":"scroll","background-type":"","background-media":"","overlay-type":"","overlay-color":"","overlay-opacity":"","overlay-gradient":""}}},"product_brand":[],"product_cat":[36],"product_tag":[],"class_list":{"0":"post-2252","1":"product","2":"type-product","3":"status-publish","4":"has-post-thumbnail","6":"product_cat-swimming-pool-chemicals","7":"desktop-align-left","8":"tablet-align-left","9":"mobile-align-left","10":"ast-product-gallery-layout-horizontal-slider","11":"ast-product-tabs-layout-horizontal","13":"first","14":"instock","15":"shipping-taxable","16":"product-type-simple"},"yoast_head":"<!-- This site is optimized with the Yoast SEO Premium plugin v26.3 (Yoast SEO v27.3) - https:\/\/yoast.com\/product\/yoast-seo-premium-wordpress\/ -->\n<title>Trichloroisocyanuric Acid (TCCA) - vcycletech<\/title>\n<meta name=\"description\" content=\"It has strong oxidizing and bleaching properties that make it a good choice for sanitization applications, such as disinfecting swimming pools, minimizing odors and controlling the spread of bacteria.\" \/>\n<meta name=\"robots\" content=\"index, follow, max-snippet:-1, max-image-preview:large, max-video-preview:-1\" \/>\n<link rel=\"canonical\" href=\"https:\/\/vcycletech.com\/fr\/produit\/acide-trichloroisocyanurique-tcca-2\/\" \/>\n<meta property=\"og:locale\" content=\"fr_FR\" \/>\n<meta property=\"og:type\" content=\"article\" \/>\n<meta property=\"og:title\" content=\"Trichloroisocyanuric Acid (TCCA)\" \/>\n<meta property=\"og:description\" content=\"It has strong oxidizing and bleaching properties that make it a good choice for sanitization applications, such as disinfecting swimming pools, minimizing odors and controlling the spread of bacteria.\" \/>\n<meta property=\"og:url\" content=\"https:\/\/vcycletech.com\/fr\/produit\/acide-trichloroisocyanurique-tcca-2\/\" \/>\n<meta property=\"og:site_name\" content=\"vcycletech\" \/>\n<meta property=\"article:modified_time\" content=\"2023-03-24T01:20:09+00:00\" \/>\n<meta property=\"og:image\" content=\"https:\/\/vcycletech.com\/wp-content\/uploads\/2023\/03\/1-96.png\" \/>\n\t<meta property=\"og:image:width\" content=\"600\" \/>\n\t<meta property=\"og:image:height\" content=\"600\" \/>\n\t<meta property=\"og:image:type\" content=\"image\/png\" \/>\n<meta name=\"twitter:card\" content=\"summary_large_image\" \/>\n<meta name=\"twitter:label1\" content=\"Dur\u00e9e de lecture estim\u00e9e\" \/>\n\t<meta name=\"twitter:data1\" content=\"3 minutes\" \/>\n<script type=\"application\/ld+json\" class=\"yoast-schema-graph\">{\"@context\":\"https:\\\/\\\/schema.org\",\"@graph\":[{\"@type\":\"WebPage\",\"@id\":\"https:\\\/\\\/vcycletech.com\\\/product\\\/trichloroisocyanuric-acid-tcca-2\\\/\",\"url\":\"https:\\\/\\\/vcycletech.com\\\/product\\\/trichloroisocyanuric-acid-tcca-2\\\/\",\"name\":\"Trichloroisocyanuric Acid (TCCA) - vcycletech\",\"isPartOf\":{\"@id\":\"https:\\\/\\\/vcycletech.com\\\/#website\"},\"primaryImageOfPage\":{\"@id\":\"https:\\\/\\\/vcycletech.com\\\/product\\\/trichloroisocyanuric-acid-tcca-2\\\/#primaryimage\"},\"image\":{\"@id\":\"https:\\\/\\\/vcycletech.com\\\/product\\\/trichloroisocyanuric-acid-tcca-2\\\/#primaryimage\"},\"thumbnailUrl\":\"https:\\\/\\\/vcycletech.com\\\/wp-content\\\/uploads\\\/2023\\\/03\\\/1-96.png\",\"datePublished\":\"2023-03-23T06:24:40+00:00\",\"dateModified\":\"2023-03-24T01:20:09+00:00\",\"description\":\"It has strong oxidizing and bleaching properties that make it a good choice for sanitization applications, such as disinfecting swimming pools, minimizing odors and controlling the spread of bacteria.\",\"breadcrumb\":{\"@id\":\"https:\\\/\\\/vcycletech.com\\\/product\\\/trichloroisocyanuric-acid-tcca-2\\\/#breadcrumb\"},\"inLanguage\":\"fr-FR\",\"potentialAction\":[{\"@type\":\"ReadAction\",\"target\":[\"https:\\\/\\\/vcycletech.com\\\/product\\\/trichloroisocyanuric-acid-tcca-2\\\/\"]}]},{\"@type\":\"ImageObject\",\"inLanguage\":\"fr-FR\",\"@id\":\"https:\\\/\\\/vcycletech.com\\\/product\\\/trichloroisocyanuric-acid-tcca-2\\\/#primaryimage\",\"url\":\"https:\\\/\\\/vcycletech.com\\\/wp-content\\\/uploads\\\/2023\\\/03\\\/1-96.png\",\"contentUrl\":\"https:\\\/\\\/vcycletech.com\\\/wp-content\\\/uploads\\\/2023\\\/03\\\/1-96.png\",\"width\":600,\"height\":600,\"caption\":\"Trichloroisocyanuric acid (TCCA)\"},{\"@type\":\"BreadcrumbList\",\"@id\":\"https:\\\/\\\/vcycletech.com\\\/product\\\/trichloroisocyanuric-acid-tcca-2\\\/#breadcrumb\",\"itemListElement\":[{\"@type\":\"ListItem\",\"position\":1,\"name\":\"Home\",\"item\":\"https:\\\/\\\/vcycletech.com\\\/\"},{\"@type\":\"ListItem\",\"position\":2,\"name\":\"Water Treatment Chemicals Manufacturer\",\"item\":\"https:\\\/\\\/vcycletech.com\\\/water-treatment-chemicals-manufacturer\\\/\"},{\"@type\":\"ListItem\",\"position\":3,\"name\":\"Trichloroisocyanuric Acid (TCCA)\"}]},{\"@type\":\"WebSite\",\"@id\":\"https:\\\/\\\/vcycletech.com\\\/#website\",\"url\":\"https:\\\/\\\/vcycletech.com\\\/\",\"name\":\"vcycletech\",\"description\":\"China&#039;s top water treatment chemicals supplier\",\"publisher\":{\"@id\":\"https:\\\/\\\/vcycletech.com\\\/#organization\"},\"potentialAction\":[{\"@type\":\"SearchAction\",\"target\":{\"@type\":\"EntryPoint\",\"urlTemplate\":\"https:\\\/\\\/vcycletech.com\\\/?s={search_term_string}\"},\"query-input\":{\"@type\":\"PropertyValueSpecification\",\"valueRequired\":true,\"valueName\":\"search_term_string\"}}],\"inLanguage\":\"fr-FR\"},{\"@type\":\"Organization\",\"@id\":\"https:\\\/\\\/vcycletech.com\\\/#organization\",\"name\":\"vcycletech\",\"url\":\"https:\\\/\\\/vcycletech.com\\\/\",\"logo\":{\"@type\":\"ImageObject\",\"inLanguage\":\"fr-FR\",\"@id\":\"https:\\\/\\\/vcycletech.com\\\/#\\\/schema\\\/logo\\\/image\\\/\",\"url\":\"https:\\\/\\\/vcycletech.com\\\/wp-content\\\/uploads\\\/2023\\\/03\\\/logo-vcycletech-1.png\",\"contentUrl\":\"https:\\\/\\\/vcycletech.com\\\/wp-content\\\/uploads\\\/2023\\\/03\\\/logo-vcycletech-1.png\",\"width\":600,\"height\":400,\"caption\":\"vcycletech\"},\"image\":{\"@id\":\"https:\\\/\\\/vcycletech.com\\\/#\\\/schema\\\/logo\\\/image\\\/\"}}]}<\/script>\n<!-- \/ Yoast SEO Premium plugin. -->","yoast_head_json":{"title":"Acide trichloroisocyanurique (TCCA) - vcycletech","description":"Il poss\u00e8de de fortes propri\u00e9t\u00e9s oxydantes et blanchissantes qui en font un bon choix pour les applications de d\u00e9sinfection, telles que la d\u00e9sinfection des piscines, la r\u00e9duction des odeurs et le contr\u00f4le de la propagation des bact\u00e9ries.","robots":{"index":"index","follow":"follow","max-snippet":"max-snippet:-1","max-image-preview":"max-image-preview:large","max-video-preview":"max-video-preview:-1"},"canonical":"https:\/\/vcycletech.com\/fr\/produit\/acide-trichloroisocyanurique-tcca-2\/","og_locale":"fr_FR","og_type":"article","og_title":"Trichloroisocyanuric Acid (TCCA)","og_description":"It has strong oxidizing and bleaching properties that make it a good choice for sanitization applications, such as disinfecting swimming pools, minimizing odors and controlling the spread of bacteria.","og_url":"https:\/\/vcycletech.com\/fr\/produit\/acide-trichloroisocyanurique-tcca-2\/","og_site_name":"vcycletech","article_modified_time":"2023-03-24T01:20:09+00:00","og_image":[{"width":600,"height":600,"url":"https:\/\/vcycletech.com\/wp-content\/uploads\/2023\/03\/1-96.png","type":"image\/png"}],"twitter_card":"summary_large_image","twitter_misc":{"Dur\u00e9e de lecture estim\u00e9e":"3 minutes"},"schema":{"@context":"https:\/\/schema.org","@graph":[{"@type":"WebPage","@id":"https:\/\/vcycletech.com\/product\/trichloroisocyanuric-acid-tcca-2\/","url":"https:\/\/vcycletech.com\/product\/trichloroisocyanuric-acid-tcca-2\/","name":"Acide trichloroisocyanurique (TCCA) - vcycletech","isPartOf":{"@id":"https:\/\/vcycletech.com\/#website"},"primaryImageOfPage":{"@id":"https:\/\/vcycletech.com\/product\/trichloroisocyanuric-acid-tcca-2\/#primaryimage"},"image":{"@id":"https:\/\/vcycletech.com\/product\/trichloroisocyanuric-acid-tcca-2\/#primaryimage"},"thumbnailUrl":"https:\/\/vcycletech.com\/wp-content\/uploads\/2023\/03\/1-96.png","datePublished":"2023-03-23T06:24:40+00:00","dateModified":"2023-03-24T01:20:09+00:00","description":"Il poss\u00e8de de fortes propri\u00e9t\u00e9s oxydantes et blanchissantes qui en font un bon choix pour les applications de d\u00e9sinfection, telles que la d\u00e9sinfection des piscines, la r\u00e9duction des odeurs et le contr\u00f4le de la propagation des bact\u00e9ries.","breadcrumb":{"@id":"https:\/\/vcycletech.com\/product\/trichloroisocyanuric-acid-tcca-2\/#breadcrumb"},"inLanguage":"fr-FR","potentialAction":[{"@type":"ReadAction","target":["https:\/\/vcycletech.com\/product\/trichloroisocyanuric-acid-tcca-2\/"]}]},{"@type":"ImageObject","inLanguage":"fr-FR","@id":"https:\/\/vcycletech.com\/product\/trichloroisocyanuric-acid-tcca-2\/#primaryimage","url":"https:\/\/vcycletech.com\/wp-content\/uploads\/2023\/03\/1-96.png","contentUrl":"https:\/\/vcycletech.com\/wp-content\/uploads\/2023\/03\/1-96.png","width":600,"height":600,"caption":"Trichloroisocyanuric acid (TCCA)"},{"@type":"BreadcrumbList","@id":"https:\/\/vcycletech.com\/product\/trichloroisocyanuric-acid-tcca-2\/#breadcrumb","itemListElement":[{"@type":"ListItem","position":1,"name":"Home","item":"https:\/\/vcycletech.com\/"},{"@type":"ListItem","position":2,"name":"Water Treatment Chemicals Manufacturer","item":"https:\/\/vcycletech.com\/water-treatment-chemicals-manufacturer\/"},{"@type":"ListItem","position":3,"name":"Trichloroisocyanuric Acid (TCCA)"}]},{"@type":"WebSite","@id":"https:\/\/vcycletech.com\/#website","url":"https:\/\/vcycletech.com\/","name":"vcycletech","description":"Meilleur fournisseur de produits chimiques pour le traitement de l&#039;eau en Chine","publisher":{"@id":"https:\/\/vcycletech.com\/#organization"},"potentialAction":[{"@type":"SearchAction","target":{"@type":"EntryPoint","urlTemplate":"https:\/\/vcycletech.com\/?s={search_term_string}"},"query-input":{"@type":"PropertyValueSpecification","valueRequired":true,"valueName":"search_term_string"}}],"inLanguage":"fr-FR"},{"@type":"Organization","@id":"https:\/\/vcycletech.com\/#organization","name":"vcycletech","url":"https:\/\/vcycletech.com\/","logo":{"@type":"ImageObject","inLanguage":"fr-FR","@id":"https:\/\/vcycletech.com\/#\/schema\/logo\/image\/","url":"https:\/\/vcycletech.com\/wp-content\/uploads\/2023\/03\/logo-vcycletech-1.png","contentUrl":"https:\/\/vcycletech.com\/wp-content\/uploads\/2023\/03\/logo-vcycletech-1.png","width":600,"height":400,"caption":"vcycletech"},"image":{"@id":"https:\/\/vcycletech.com\/#\/schema\/logo\/image\/"}}]}},"_links":{"self":[{"href":"https:\/\/vcycletech.com\/fr\/wp-json\/wp\/v2\/product\/2252","targetHints":{"allow":["GET"]}}],"collection":[{"href":"https:\/\/vcycletech.com\/fr\/wp-json\/wp\/v2\/product"}],"about":[{"href":"https:\/\/vcycletech.com\/fr\/wp-json\/wp\/v2\/types\/product"}],"wp:featuredmedia":[{"embeddable":true,"href":"https:\/\/vcycletech.com\/fr\/wp-json\/wp\/v2\/media\/2259"}],"wp:attachment":[{"href":"https:\/\/vcycletech.com\/fr\/wp-json\/wp\/v2\/media?parent=2252"}],"wp:term":[{"taxonomy":"product_brand","embeddable":true,"href":"https:\/\/vcycletech.com\/fr\/wp-json\/wp\/v2\/product_brand?post=2252"},{"taxonomy":"product_cat","embeddable":true,"href":"https:\/\/vcycletech.com\/fr\/wp-json\/wp\/v2\/product_cat?post=2252"},{"taxonomy":"product_tag","embeddable":true,"href":"https:\/\/vcycletech.com\/fr\/wp-json\/wp\/v2\/product_tag?post=2252"}],"curies":[{"name":"wp","href":"https:\/\/api.w.org\/{rel}","templated":true}]}}