{"id":1443,"date":"2023-03-22T07:37:57","date_gmt":"2023-03-22T07:37:57","guid":{"rendered":"https:\/\/vcycletech.com\/?post_type=product&#038;p=1443"},"modified":"2023-03-22T07:48:12","modified_gmt":"2023-03-22T07:48:12","slug":"inhibiteur-de-corrosion-pour-circuit-ferme","status":"publish","type":"product","link":"https:\/\/vcycletech.com\/fr\/produit\/inhibiteur-de-corrosion-pour-circuit-ferme\/","title":{"rendered":"Inhibiteur de corrosion pour syst\u00e8me de circulation ferm\u00e9"},"content":{"rendered":"<h2>Propri\u00e9t\u00e9s:<\/h2>\n<p>Ce produit est utilis\u00e9 comme inhibiteur de corrosion pour les syst\u00e8mes ferm\u00e9s, tels que le syst\u00e8me d&#039;eau de refroidissement et le syst\u00e8me de circulation d&#039;eau chaude dans lesquels le glycol, le m\u00e9thanol et l&#039;\u00e9thanol sont des agents de refroidissement. Il est compos\u00e9 d&#039;inhibiteurs de corrosion organiques, de dispersants, de nitrites et de molybdates pour fournir une protection fiable contre la corrosion sans aucune coloration ou coloration li\u00e9e au chromate des mat\u00e9riaux de surface comme l&#039;acier au carbone, l&#039;acier inoxydable, l&#039;alliage de cuivre et l&#039;alliage d&#039;aluminium. Ce produit est tr\u00e8s efficace pour inhiber la corrosion avec une utilisation pratique en cas d&#039;absence de fuite ou de faible fuite du syst\u00e8me ferm\u00e9.<\/p>\n<h3>Sp\u00e9cification:<\/h3>\n<div id=\"footable_parent_1465\"\n         class=\"footable_parent ninja_table_wrapper loading_ninja_table wp_table_data_press_parent semantic_ui\">\n                <table data-ninja_table_instance=\"ninja_table_instance_0\" data-footable_id=\"1465\" data-filter-delay=\"1000\" aria-label=\"Inhibiteur de corrosion pour syst\u00e8me de circulation ferm\u00e9.csv\"            id=\"footable_1465\"\n           data-unique_identifier=\"ninja_table_unique_id_4186379681_1465\"\n           class=\"foo-table ninja_footable foo_table_1465 ninja_table_unique_id_4186379681_1465 ui table  nt_type_legacy_table selectable striped vertical_centered  footable-paging-right ninja_table_pro\">\n                <colgroup>\n                            <col class=\"ninja_column_0\">\n                            <col class=\"ninja_column_1\">\n                    <\/colgroup>\n        <thead>\n<tr class=\"footable-header\">\n                                        <th scope=\"col\"  class=\"ninja_column_0 ninja_clmn_nm_items\">Articles<\/th><th scope=\"col\"  class=\"ninja_column_1 ninja_clmn_nm_index\">Indice<\/th><\/tr>\n<\/thead>\n<tbody>\n\n        <tr data-row_id=\"385\" class=\"ninja_table_row_0 nt_row_id_385\">\n            <td>Apparence<\/td><td>Liquide incolore ou l\u00e9g\u00e8rement ambr\u00e9<\/td>        <\/tr>\n            <tr data-row_id=\"386\" class=\"ninja_table_row_1 nt_row_id_386\">\n            <td>Contenu solide %<\/td><td>30.0min<\/td>        <\/tr>\n            <tr data-row_id=\"387\" class=\"ninja_table_row_2 nt_row_id_387\">\n            <td>pH (solution 1%)<\/td><td>9.0min<\/td>        <\/tr>\n            <tr data-row_id=\"388\" class=\"ninja_table_row_3 nt_row_id_388\">\n            <td>Densit\u00e9 (20\u2103), g\/cm3<\/td><td>1.1<\/td>        <\/tr>\n    <\/tbody><!--ninja_tobody_rendering_done-->\n    <\/table>\n    \n    \n    \n<\/div>\n\n<h3>Usage:<\/h3>\n<p>Doit \u00eatre ajout\u00e9 \u00e0 un syst\u00e8me ferm\u00e9 \u00e0 raison de 1500 mg\/l, avec 1,3 fois suppl\u00e9mentaire en fonctionnement normal pour des performances optimales. Lorsqu&#039;il est utilis\u00e9 comme inhibiteur de corrosion dans les p\u00e9troliers ou les bidons d&#039;huile, il peut \u00eatre associ\u00e9 \u00e0 un d\u00e9s\u00e9mulsifiant pour un effet am\u00e9lior\u00e9. L&#039;op\u00e9ration de tournage de pr\u00e9traitement n&#039;est pas n\u00e9cessaire lors de l&#039;utilisation de ce produit.<\/p>\n<h3>Emballage et stockage\u00a0:<\/h3>\n<p>Doit \u00eatre stock\u00e9 dans son emballage d&#039;origine, \u00e0 l&#039;abri de la lumi\u00e8re directe du soleil et des temp\u00e9ratures extr\u00eames. Ne pas m\u00e9langer avec d&#039;autres produits chimiques ou liquides et s&#039;assurer que le couvercle est bien ferm\u00e9 lorsqu&#039;il n&#039;est pas utilis\u00e9. Il doit \u00eatre manipul\u00e9 avec soin et \u00e9limin\u00e9 de mani\u00e8re responsable conform\u00e9ment aux r\u00e9glementations environnementales locales. F\u00fbt en plastique de 200 L, IBC (1000 L), exigence des clients. Stockage pendant dix mois dans une pi\u00e8ce ombrag\u00e9e et un endroit sec.<\/p>\n<h3>FAQ sur l&#039;inhibiteur de corrosion pour syst\u00e8me de circulation ferm\u00e9\u00a0:<\/h3>\n<p><strong>Quels sont les avantages de l&#039;utilisation d&#039;un inhibiteur de corrosion pour les syst\u00e8mes de circulation ferm\u00e9s\u00a0?<\/strong><br \/>\nUn inhibiteur de corrosion pour les syst\u00e8mes de circulation ferm\u00e9s aide \u00e0 prot\u00e9ger les surfaces m\u00e9talliques contre les dommages caus\u00e9s par les produits chimiques acides et alcalins. Il peut \u00e9galement aider \u00e0 r\u00e9duire ou \u00e0 \u00e9liminer la formation de d\u00e9p\u00f4ts de rouille, de boue et de tartre dans les tuyaux, les chaudi\u00e8res et les autres composants de l&#039;\u00e9quipement. Cela peut am\u00e9liorer l&#039;efficacit\u00e9 du syst\u00e8me, r\u00e9duire les temps d&#039;arr\u00eat dus \u00e0 la maintenance et prolonger la dur\u00e9e de vie utile de la tuyauterie et de l&#039;\u00e9quipement.<\/p>\n<p><strong>Comment fonctionne un inhibiteur de corrosion ?<\/strong><br \/>\nLes inhibiteurs de corrosion forment une couche protectrice sur les surfaces m\u00e9talliques, les emp\u00eachant d&#039;entrer en contact avec des produits chimiques corrosifs dans le syst\u00e8me de traitement de l&#039;eau. Les mol\u00e9cules de l&#039;inhibiteur se fixent \u00e0 la surface du m\u00e9tal, formant une barri\u00e8re invisible qui prot\u00e8ge contre les attaques chimiques. Le m\u00e9canisme exact d\u00e9pend du type d&#039;inhibiteur utilis\u00e9 - certains fonctionnent en fournissant une barri\u00e8re physique entre le m\u00e9tal et l&#039;eau, tandis que d&#039;autres forment des compos\u00e9s chimiques qui r\u00e9agissent avec et neutralisent les substances corrosives en contact avec la surface m\u00e9tallique.<\/p>\n<p><strong>Quels types d&#039;inhibiteurs de corrosion existe-t-il ?<\/strong><br \/>\nLes types d&#039;inhibiteurs de corrosion les plus couramment utilis\u00e9s comprennent les acides organiques (tels que l&#039;acide benzo\u00efque), les phosphates (tels que le phosphate de sodium) et les polym\u00e8res (tels que les polyphosphates). Il existe \u00e9galement des m\u00e9langes exclusifs qui combinent plusieurs types d&#039;inhibiteurs en un seul produit. Ces m\u00e9langes offrent une protection renforc\u00e9e par rapport aux produits monocomposants mais peuvent varier consid\u00e9rablement en fonction de leur formulation.<\/p>\n<p><strong>Comment choisir un inhibiteur de corrosion appropri\u00e9 ?<\/strong><br \/>\nLors de la s\u00e9lection d&#039;un inhibiteur de corrosion appropri\u00e9, il est important de prendre en compte sa compatibilit\u00e9 avec d&#039;autres produits chimiques utilis\u00e9s dans le syst\u00e8me, ainsi que ses performances dans diff\u00e9rentes conditions telles que les niveaux de pH et les plages de temp\u00e9rature - certains inhibiteurs ne sont efficaces que dans certains environnements ou pour des m\u00e9taux sp\u00e9cifiques . Tenez \u00e9galement compte de toutes les exigences r\u00e9glementaires, car certains inhibiteurs peuvent ne pas \u00eatre autoris\u00e9s dans certaines zones ou applications en raison de consid\u00e9rations environnementales ou de probl\u00e8mes de sant\u00e9.<\/p>\n<p><a href=\"https:\/\/vcycletech.com\/fr\/categorie-de-produit\/inhibiteurs-de-corrosion-et-agents-de-filmage-de-pretraitement-a-echelle-construite\/\"><strong>Obtenez la solution compl\u00e8te d&#039;inhibiteurs de corrosion et d&#039;agents de filmage de pr\u00e9traitement.<\/strong><\/a><\/p>","protected":false},"excerpt":{"rendered":"<p><strong>Inhibiteur de corrosion pour syst\u00e8me de circulation ferm\u00e9<\/strong> pour les produits chimiques de traitement de l\u2019eau aide \u00e0 prot\u00e9ger les surfaces m\u00e9talliques en contact avec l\u2019eau, les eaux us\u00e9es ou les fluides de traitement. C&#039;est un produit liquide concentr\u00e9 qui forme un film protecteur sur la surface m\u00e9tallique et la prot\u00e8ge de la corrosion. L&#039;inhibiteur peut \u00eatre utilis\u00e9 dans les syst\u00e8mes \u00e0 circulation ferm\u00e9e tels que les tours de refroidissement, les chaudi\u00e8res, les condenseurs et les \u00e9changeurs de chaleur. Il est \u00e9galement efficace dans les syst\u00e8mes ouverts tels que les rivi\u00e8res, les lacs et les oc\u00e9ans.<\/p>\n<p>L&#039;inhibiteur est disponible en Chine en grandes quantit\u00e9s pour les entreprises souhaitant acheter en gros. C&#039;est un produit respectueux de l&#039;environnement qui ne contient aucun produit chimique ni m\u00e9tal nocif. Il peut \u00eatre utilis\u00e9 en toute s\u00e9curit\u00e9 avec tous les types de produits chimiques de traitement de l\u2019eau et offre une protection \u00e0 long terme contre la corrosion.<\/p>","protected":false},"featured_media":1458,"template":"","meta":{"site-sidebar-layout":"default","site-content-layout":"default","ast-site-content-layout":"default","site-content-style":"default","site-sidebar-style":"default","ast-global-header-display":"","ast-banner-title-visibility":"","ast-main-header-display":"","ast-hfb-above-header-display":"","ast-hfb-below-header-display":"","ast-hfb-mobile-header-display":"","site-post-title":"","ast-breadcrumbs-content":"","ast-featured-img":"","footer-sml-layout":"","ast-disable-related-posts":"","theme-transparent-header-meta":"default","adv-header-id-meta":"","stick-header-meta":"default","header-above-stick-meta":"","header-main-stick-meta":"","header-below-stick-meta":"","astra-migrate-meta-layouts":"default","ast-page-background-enabled":"default","ast-page-background-meta":{"desktop":{"background-color":"","background-image":"","background-repeat":"repeat","background-position":"center center","background-size":"auto","background-attachment":"scroll","background-type":"","background-media":"","overlay-type":"","overlay-color":"","overlay-opacity":"","overlay-gradient":""},"tablet":{"background-color":"","background-image":"","background-repeat":"repeat","background-position":"center center","background-size":"auto","background-attachment":"scroll","background-type":"","background-media":"","overlay-type":"","overlay-color":"","overlay-opacity":"","overlay-gradient":""},"mobile":{"background-color":"","background-image":"","background-repeat":"repeat","background-position":"center center","background-size":"auto","background-attachment":"scroll","background-type":"","background-media":"","overlay-type":"","overlay-color":"","overlay-opacity":"","overlay-gradient":""}},"ast-content-background-meta":{"desktop":{"background-color":"var(--ast-global-color-5)","background-image":"","background-repeat":"repeat","background-position":"center center","background-size":"auto","background-attachment":"scroll","background-type":"","background-media":"","overlay-type":"","overlay-color":"","overlay-opacity":"","overlay-gradient":""},"tablet":{"background-color":"var(--ast-global-color-5)","background-image":"","background-repeat":"repeat","background-position":"center center","background-size":"auto","background-attachment":"scroll","background-type":"","background-media":"","overlay-type":"","overlay-color":"","overlay-opacity":"","overlay-gradient":""},"mobile":{"background-color":"var(--ast-global-color-5)","background-image":"","background-repeat":"repeat","background-position":"center center","background-size":"auto","background-attachment":"scroll","background-type":"","background-media":"","overlay-type":"","overlay-color":"","overlay-opacity":"","overlay-gradient":""}}},"product_brand":[],"product_cat":[32],"product_tag":[],"class_list":{"0":"post-1443","1":"product","2":"type-product","3":"status-publish","4":"has-post-thumbnail","6":"product_cat-built-scale-corrosion-inhibitors-and-pretreatment-filming-agents","7":"desktop-align-left","8":"tablet-align-left","9":"mobile-align-left","10":"ast-product-gallery-layout-horizontal-slider","11":"ast-product-tabs-layout-horizontal","13":"first","14":"instock","15":"shipping-taxable","16":"product-type-simple"},"yoast_head":"<!-- This site is optimized with the Yoast SEO Premium plugin v26.3 (Yoast SEO v27.3) - https:\/\/yoast.com\/product\/yoast-seo-premium-wordpress\/ -->\n<title>Corrosion Inhibitor For Closed Circulating System - vcycletech<\/title>\n<meta name=\"description\" content=\"It is an advanced corrosion inhibitor for industrial closed circulating systems. It reduces water hardness, prevents scale deposition, and enhances system efficiency by eliminating the need for pretreatment filming operations. This product is easy to use and can help reduce maintenance costs and downtime in your system. Additionally, it can be used as a corrosion inhibitor in oil tankers or oil cans when paired with a demulsifier to maximize its effectiveness.\" \/>\n<meta name=\"robots\" content=\"index, follow, max-snippet:-1, max-image-preview:large, max-video-preview:-1\" \/>\n<link rel=\"canonical\" href=\"https:\/\/vcycletech.com\/fr\/produit\/inhibiteur-de-corrosion-pour-circuit-ferme\/\" \/>\n<meta property=\"og:locale\" content=\"fr_FR\" \/>\n<meta property=\"og:type\" content=\"article\" \/>\n<meta property=\"og:title\" content=\"Corrosion Inhibitor For Closed Circulating System\" \/>\n<meta property=\"og:description\" content=\"It is an advanced corrosion inhibitor for industrial closed circulating systems. It reduces water hardness, prevents scale deposition, and enhances system efficiency by eliminating the need for pretreatment filming operations. This product is easy to use and can help reduce maintenance costs and downtime in your system. Additionally, it can be used as a corrosion inhibitor in oil tankers or oil cans when paired with a demulsifier to maximize its effectiveness.\" \/>\n<meta property=\"og:url\" content=\"https:\/\/vcycletech.com\/fr\/produit\/inhibiteur-de-corrosion-pour-circuit-ferme\/\" \/>\n<meta property=\"og:site_name\" content=\"vcycletech\" \/>\n<meta property=\"article:modified_time\" content=\"2023-03-22T07:48:12+00:00\" \/>\n<meta property=\"og:image\" content=\"https:\/\/vcycletech.com\/wp-content\/uploads\/2023\/03\/1-80.png\" \/>\n\t<meta property=\"og:image:width\" content=\"600\" \/>\n\t<meta property=\"og:image:height\" content=\"600\" \/>\n\t<meta property=\"og:image:type\" content=\"image\/png\" \/>\n<meta name=\"twitter:card\" content=\"summary_large_image\" \/>\n<meta name=\"twitter:label1\" content=\"Dur\u00e9e de lecture estim\u00e9e\" \/>\n\t<meta name=\"twitter:data1\" content=\"3 minutes\" \/>\n<script type=\"application\/ld+json\" class=\"yoast-schema-graph\">{\"@context\":\"https:\\\/\\\/schema.org\",\"@graph\":[{\"@type\":\"WebPage\",\"@id\":\"https:\\\/\\\/vcycletech.com\\\/product\\\/corrosion-inhibitor-for-closed-circulating-system\\\/\",\"url\":\"https:\\\/\\\/vcycletech.com\\\/product\\\/corrosion-inhibitor-for-closed-circulating-system\\\/\",\"name\":\"Corrosion Inhibitor For Closed Circulating System - vcycletech\",\"isPartOf\":{\"@id\":\"https:\\\/\\\/vcycletech.com\\\/#website\"},\"primaryImageOfPage\":{\"@id\":\"https:\\\/\\\/vcycletech.com\\\/product\\\/corrosion-inhibitor-for-closed-circulating-system\\\/#primaryimage\"},\"image\":{\"@id\":\"https:\\\/\\\/vcycletech.com\\\/product\\\/corrosion-inhibitor-for-closed-circulating-system\\\/#primaryimage\"},\"thumbnailUrl\":\"https:\\\/\\\/vcycletech.com\\\/wp-content\\\/uploads\\\/2023\\\/03\\\/1-80.png\",\"datePublished\":\"2023-03-22T07:37:57+00:00\",\"dateModified\":\"2023-03-22T07:48:12+00:00\",\"description\":\"It is an advanced corrosion inhibitor for industrial closed circulating systems. It reduces water hardness, prevents scale deposition, and enhances system efficiency by eliminating the need for pretreatment filming operations. This product is easy to use and can help reduce maintenance costs and downtime in your system. Additionally, it can be used as a corrosion inhibitor in oil tankers or oil cans when paired with a demulsifier to maximize its effectiveness.\",\"breadcrumb\":{\"@id\":\"https:\\\/\\\/vcycletech.com\\\/product\\\/corrosion-inhibitor-for-closed-circulating-system\\\/#breadcrumb\"},\"inLanguage\":\"fr-FR\",\"potentialAction\":[{\"@type\":\"ReadAction\",\"target\":[\"https:\\\/\\\/vcycletech.com\\\/product\\\/corrosion-inhibitor-for-closed-circulating-system\\\/\"]}]},{\"@type\":\"ImageObject\",\"inLanguage\":\"fr-FR\",\"@id\":\"https:\\\/\\\/vcycletech.com\\\/product\\\/corrosion-inhibitor-for-closed-circulating-system\\\/#primaryimage\",\"url\":\"https:\\\/\\\/vcycletech.com\\\/wp-content\\\/uploads\\\/2023\\\/03\\\/1-80.png\",\"contentUrl\":\"https:\\\/\\\/vcycletech.com\\\/wp-content\\\/uploads\\\/2023\\\/03\\\/1-80.png\",\"width\":600,\"height\":600,\"caption\":\"Corrosion Inhibitor for Closed Circulating System\"},{\"@type\":\"BreadcrumbList\",\"@id\":\"https:\\\/\\\/vcycletech.com\\\/product\\\/corrosion-inhibitor-for-closed-circulating-system\\\/#breadcrumb\",\"itemListElement\":[{\"@type\":\"ListItem\",\"position\":1,\"name\":\"Home\",\"item\":\"https:\\\/\\\/vcycletech.com\\\/\"},{\"@type\":\"ListItem\",\"position\":2,\"name\":\"Water Treatment Chemicals Manufacturer\",\"item\":\"https:\\\/\\\/vcycletech.com\\\/water-treatment-chemicals-manufacturer\\\/\"},{\"@type\":\"ListItem\",\"position\":3,\"name\":\"Corrosion Inhibitor For Closed Circulating System\"}]},{\"@type\":\"WebSite\",\"@id\":\"https:\\\/\\\/vcycletech.com\\\/#website\",\"url\":\"https:\\\/\\\/vcycletech.com\\\/\",\"name\":\"vcycletech\",\"description\":\"China&#039;s top water treatment chemicals supplier\",\"publisher\":{\"@id\":\"https:\\\/\\\/vcycletech.com\\\/#organization\"},\"potentialAction\":[{\"@type\":\"SearchAction\",\"target\":{\"@type\":\"EntryPoint\",\"urlTemplate\":\"https:\\\/\\\/vcycletech.com\\\/?s={search_term_string}\"},\"query-input\":{\"@type\":\"PropertyValueSpecification\",\"valueRequired\":true,\"valueName\":\"search_term_string\"}}],\"inLanguage\":\"fr-FR\"},{\"@type\":\"Organization\",\"@id\":\"https:\\\/\\\/vcycletech.com\\\/#organization\",\"name\":\"vcycletech\",\"url\":\"https:\\\/\\\/vcycletech.com\\\/\",\"logo\":{\"@type\":\"ImageObject\",\"inLanguage\":\"fr-FR\",\"@id\":\"https:\\\/\\\/vcycletech.com\\\/#\\\/schema\\\/logo\\\/image\\\/\",\"url\":\"https:\\\/\\\/vcycletech.com\\\/wp-content\\\/uploads\\\/2023\\\/03\\\/logo-vcycletech-1.png\",\"contentUrl\":\"https:\\\/\\\/vcycletech.com\\\/wp-content\\\/uploads\\\/2023\\\/03\\\/logo-vcycletech-1.png\",\"width\":600,\"height\":400,\"caption\":\"vcycletech\"},\"image\":{\"@id\":\"https:\\\/\\\/vcycletech.com\\\/#\\\/schema\\\/logo\\\/image\\\/\"}}]}<\/script>\n<!-- \/ Yoast SEO Premium plugin. -->","yoast_head_json":{"title":"Inhibiteur de corrosion pour syst\u00e8me de circulation ferm\u00e9 - vcycletech","description":"C&#039;est un inhibiteur de corrosion avanc\u00e9 pour les syst\u00e8mes de circulation ferm\u00e9s industriels. Il r\u00e9duit la duret\u00e9 de l&#039;eau, emp\u00eache le d\u00e9p\u00f4t de tartre et am\u00e9liore l&#039;efficacit\u00e9 du syst\u00e8me en \u00e9liminant le besoin d&#039;op\u00e9rations de filmage de pr\u00e9traitement. Ce produit est facile \u00e0 utiliser et peut aider \u00e0 r\u00e9duire les co\u00fbts de maintenance et les temps d&#039;arr\u00eat de votre syst\u00e8me. De plus, il peut \u00eatre utilis\u00e9 comme inhibiteur de corrosion dans les p\u00e9troliers ou les bidons d&#039;huile lorsqu&#039;il est associ\u00e9 \u00e0 un d\u00e9s\u00e9mulsifiant pour maximiser son efficacit\u00e9.","robots":{"index":"index","follow":"follow","max-snippet":"max-snippet:-1","max-image-preview":"max-image-preview:large","max-video-preview":"max-video-preview:-1"},"canonical":"https:\/\/vcycletech.com\/fr\/produit\/inhibiteur-de-corrosion-pour-circuit-ferme\/","og_locale":"fr_FR","og_type":"article","og_title":"Corrosion Inhibitor For Closed Circulating System","og_description":"It is an advanced corrosion inhibitor for industrial closed circulating systems. It reduces water hardness, prevents scale deposition, and enhances system efficiency by eliminating the need for pretreatment filming operations. This product is easy to use and can help reduce maintenance costs and downtime in your system. Additionally, it can be used as a corrosion inhibitor in oil tankers or oil cans when paired with a demulsifier to maximize its effectiveness.","og_url":"https:\/\/vcycletech.com\/fr\/produit\/inhibiteur-de-corrosion-pour-circuit-ferme\/","og_site_name":"vcycletech","article_modified_time":"2023-03-22T07:48:12+00:00","og_image":[{"width":600,"height":600,"url":"https:\/\/vcycletech.com\/wp-content\/uploads\/2023\/03\/1-80.png","type":"image\/png"}],"twitter_card":"summary_large_image","twitter_misc":{"Dur\u00e9e de lecture estim\u00e9e":"3 minutes"},"schema":{"@context":"https:\/\/schema.org","@graph":[{"@type":"WebPage","@id":"https:\/\/vcycletech.com\/product\/corrosion-inhibitor-for-closed-circulating-system\/","url":"https:\/\/vcycletech.com\/product\/corrosion-inhibitor-for-closed-circulating-system\/","name":"Inhibiteur de corrosion pour syst\u00e8me de circulation ferm\u00e9 - vcycletech","isPartOf":{"@id":"https:\/\/vcycletech.com\/#website"},"primaryImageOfPage":{"@id":"https:\/\/vcycletech.com\/product\/corrosion-inhibitor-for-closed-circulating-system\/#primaryimage"},"image":{"@id":"https:\/\/vcycletech.com\/product\/corrosion-inhibitor-for-closed-circulating-system\/#primaryimage"},"thumbnailUrl":"https:\/\/vcycletech.com\/wp-content\/uploads\/2023\/03\/1-80.png","datePublished":"2023-03-22T07:37:57+00:00","dateModified":"2023-03-22T07:48:12+00:00","description":"C&#039;est un inhibiteur de corrosion avanc\u00e9 pour les syst\u00e8mes de circulation ferm\u00e9s industriels. Il r\u00e9duit la duret\u00e9 de l&#039;eau, emp\u00eache le d\u00e9p\u00f4t de tartre et am\u00e9liore l&#039;efficacit\u00e9 du syst\u00e8me en \u00e9liminant le besoin d&#039;op\u00e9rations de filmage de pr\u00e9traitement. Ce produit est facile \u00e0 utiliser et peut aider \u00e0 r\u00e9duire les co\u00fbts de maintenance et les temps d&#039;arr\u00eat de votre syst\u00e8me. De plus, il peut \u00eatre utilis\u00e9 comme inhibiteur de corrosion dans les p\u00e9troliers ou les bidons d&#039;huile lorsqu&#039;il est associ\u00e9 \u00e0 un d\u00e9s\u00e9mulsifiant pour maximiser son efficacit\u00e9.","breadcrumb":{"@id":"https:\/\/vcycletech.com\/product\/corrosion-inhibitor-for-closed-circulating-system\/#breadcrumb"},"inLanguage":"fr-FR","potentialAction":[{"@type":"ReadAction","target":["https:\/\/vcycletech.com\/product\/corrosion-inhibitor-for-closed-circulating-system\/"]}]},{"@type":"ImageObject","inLanguage":"fr-FR","@id":"https:\/\/vcycletech.com\/product\/corrosion-inhibitor-for-closed-circulating-system\/#primaryimage","url":"https:\/\/vcycletech.com\/wp-content\/uploads\/2023\/03\/1-80.png","contentUrl":"https:\/\/vcycletech.com\/wp-content\/uploads\/2023\/03\/1-80.png","width":600,"height":600,"caption":"Corrosion Inhibitor for Closed Circulating System"},{"@type":"BreadcrumbList","@id":"https:\/\/vcycletech.com\/product\/corrosion-inhibitor-for-closed-circulating-system\/#breadcrumb","itemListElement":[{"@type":"ListItem","position":1,"name":"Home","item":"https:\/\/vcycletech.com\/"},{"@type":"ListItem","position":2,"name":"Water Treatment Chemicals Manufacturer","item":"https:\/\/vcycletech.com\/water-treatment-chemicals-manufacturer\/"},{"@type":"ListItem","position":3,"name":"Corrosion Inhibitor For Closed Circulating System"}]},{"@type":"WebSite","@id":"https:\/\/vcycletech.com\/#website","url":"https:\/\/vcycletech.com\/","name":"vcycletech","description":"Meilleur fournisseur de produits chimiques pour le traitement de l&#039;eau en Chine","publisher":{"@id":"https:\/\/vcycletech.com\/#organization"},"potentialAction":[{"@type":"SearchAction","target":{"@type":"EntryPoint","urlTemplate":"https:\/\/vcycletech.com\/?s={search_term_string}"},"query-input":{"@type":"PropertyValueSpecification","valueRequired":true,"valueName":"search_term_string"}}],"inLanguage":"fr-FR"},{"@type":"Organization","@id":"https:\/\/vcycletech.com\/#organization","name":"vcycletech","url":"https:\/\/vcycletech.com\/","logo":{"@type":"ImageObject","inLanguage":"fr-FR","@id":"https:\/\/vcycletech.com\/#\/schema\/logo\/image\/","url":"https:\/\/vcycletech.com\/wp-content\/uploads\/2023\/03\/logo-vcycletech-1.png","contentUrl":"https:\/\/vcycletech.com\/wp-content\/uploads\/2023\/03\/logo-vcycletech-1.png","width":600,"height":400,"caption":"vcycletech"},"image":{"@id":"https:\/\/vcycletech.com\/#\/schema\/logo\/image\/"}}]}},"_links":{"self":[{"href":"https:\/\/vcycletech.com\/fr\/wp-json\/wp\/v2\/product\/1443","targetHints":{"allow":["GET"]}}],"collection":[{"href":"https:\/\/vcycletech.com\/fr\/wp-json\/wp\/v2\/product"}],"about":[{"href":"https:\/\/vcycletech.com\/fr\/wp-json\/wp\/v2\/types\/product"}],"wp:featuredmedia":[{"embeddable":true,"href":"https:\/\/vcycletech.com\/fr\/wp-json\/wp\/v2\/media\/1458"}],"wp:attachment":[{"href":"https:\/\/vcycletech.com\/fr\/wp-json\/wp\/v2\/media?parent=1443"}],"wp:term":[{"taxonomy":"product_brand","embeddable":true,"href":"https:\/\/vcycletech.com\/fr\/wp-json\/wp\/v2\/product_brand?post=1443"},{"taxonomy":"product_cat","embeddable":true,"href":"https:\/\/vcycletech.com\/fr\/wp-json\/wp\/v2\/product_cat?post=1443"},{"taxonomy":"product_tag","embeddable":true,"href":"https:\/\/vcycletech.com\/fr\/wp-json\/wp\/v2\/product_tag?post=1443"}],"curies":[{"name":"wp","href":"https:\/\/api.w.org\/{rel}","templated":true}]}}