{"id":1434,"date":"2023-03-22T07:01:41","date_gmt":"2023-03-22T07:01:41","guid":{"rendered":"https:\/\/vcycletech.com\/?post_type=product&#038;p=1434"},"modified":"2023-03-27T02:41:54","modified_gmt":"2023-03-27T02:41:54","slug":"inhibiteur-de-tartre-et-de-corrosion-wt-619b","status":"publish","type":"product","link":"https:\/\/vcycletech.com\/fr\/produit\/inhibiteur-de-tartre-et-de-corrosion-wt-619b\/","title":{"rendered":"Inhibiteur de tartre et de corrosion WT-619B"},"content":{"rendered":"<h3 id=\"introduction_2\" class=\"xsj_heading_hash xsj_heading xsj_heading_h2\" data-source-line=\"6\" data-source-line-display=\"true\"><span class=\"xsj_heading_content\">Introduction:<\/span><\/h3>\n<p class=\"xsj_paragraph xsj_paragraph_level_0\" data-source-line=\"7\" data-source-line-display=\"true\"><strong>WT-619B<\/strong> est une solution innovante qui offre une protection sup\u00e9rieure contre la corrosion et le d\u00e9p\u00f4t de tartre sur les surfaces m\u00e9talliques. Cette formule unique comprend de l&#039;acide organophosphor\u00e9, de l&#039;acide polycarboxylique, un copolym\u00e8re de sulfosel et d&#039;autres ingr\u00e9dients cl\u00e9s. Une fois appliqu\u00e9s, ces composants forment une membrane protectrice qui \u00e9limine efficacement les effets du carbonate de calcium, des sels sulfuriques et des phosphates sur les surfaces m\u00e9talliques. Avec ses propri\u00e9t\u00e9s exceptionnelles de r\u00e9sistance \u00e0 la temp\u00e9rature et son taux d&#039;inhibition \u00e9lev\u00e9, <strong>WT-619B<\/strong> peut fournir une protection \u00e0 long terme contre les effets n\u00e9fastes de la corrosion et de l&#039;entartrage.<\/p>\n<div class=\"xiaoshujiang_element xsj_anchor\"><a class=\"blank_anchor_name\" name=\"features_3\"><\/a><a id=\"features_3\" class=\"blank_anchor_id\"><\/a><a class=\"blank_anchor_name\" name=\"features\"><\/a><a id=\"features\" class=\"blank_anchor_id\"><\/a><\/div>\n<h3 id=\"features_3\" class=\"xsj_heading_hash xsj_heading xsj_heading_h2\" data-source-line=\"9\" data-source-line-display=\"true\"><span class=\"xsj_heading_content\">Caract\u00e9ristiques:<\/span><\/h3>\n<p class=\"xsj_paragraph xsj_paragraph_level_0\" data-source-line=\"11\" data-source-line-display=\"true\">1, formul\u00e9 avec une combinaison d&#039;acides organiques et de polym\u00e8res pour une performance sup\u00e9rieure d&#039;inhibition de la corrosion<br \/>\n2, tr\u00e8s efficace contre le carbonate de calcium, les sels sulfuriques et les phosphates<br \/>\n3, excellente r\u00e9sistance aux variations de temp\u00e9rature<br \/>\n4, le rapport d&#039;inhibition \u00e0 grande \u00e9chelle assure une protection durable<br \/>\n5, facile \u00e0 nettoyer et \u00e0 appliquer sur les surfaces m\u00e9talliques<\/p>\n<div class=\"xiaoshujiang_element xsj_anchor\"><a class=\"blank_anchor_name\" name=\"applications_4\"><\/a><a id=\"applications_4\" class=\"blank_anchor_id\"><\/a><a class=\"blank_anchor_name\" name=\"applications\"><\/a><a id=\"applications\" class=\"blank_anchor_id\"><\/a><\/div>\n<div>\n<h3>Utilisation et emballage, et stockage\u00a0:<\/h3>\n<p>Ajouter<strong> WT-619B<\/strong> r\u00e9guli\u00e8rement dans la piscine en plastique, en veillant \u00e0 ce qu&#039;il soit toujours correctement dilu\u00e9 avec de l&#039;eau avant d&#039;\u00eatre ajout\u00e9 par la pompe doseuse ou la vanne doseuse. Pour des r\u00e9sultats optimaux, maintenez une concentration de 5 \u00e0 30 ppm. Avec des capacit\u00e9s de stockage fiables jusqu&#039;\u00e0 un an, nos f\u00fbts de 200 L et 1000 L sont parfaits pour garder votre produit en toute s\u00e9curit\u00e9, quel que soit l&#039;emplacement - assurez-vous simplement qu&#039;ils sont stock\u00e9s \u00e0 l&#039;abri de la lumi\u00e8re du soleil et de l&#039;humidit\u00e9\u00a0!<\/p>\n<\/div>\n<h3 id=\"applications_4\" class=\"xsj_heading_hash xsj_heading xsj_heading_h2\" data-source-line=\"17\" data-source-line-display=\"true\"><span class=\"xsj_heading_content\">Applications:<\/span><\/h3>\n<p class=\"xsj_paragraph xsj_paragraph_level_0\" data-source-line=\"19\" data-source-line-display=\"true\"><strong>WT-619B<\/strong> peut \u00eatre utilis\u00e9 dans de nombreux domaines o\u00f9 la corrosion ou l&#039;entartrage peut se produire. Il convient aux applications industrielles telles que les raffineries de p\u00e9trole, les usines de traitement des eaux, les centrales \u00e9lectriques et les usines chimiques, ainsi qu&#039;aux applications r\u00e9sidentielles telles que les cuisines et les salles de bains. De plus, cette solution de protection sup\u00e9rieure peut \u00eatre appliqu\u00e9e sur des surfaces m\u00e9talliques int\u00e9rieures et ext\u00e9rieures pour \u00e9viter les dommages caus\u00e9s par des \u00e9l\u00e9ments environnementaux comme la pluie ou la neige.<\/p>\n<div class=\"xiaoshujiang_element xsj_anchor\"><a class=\"blank_anchor_name\" name=\"faqs_5\"><\/a><a id=\"faqs_5\" class=\"blank_anchor_id\"><\/a><a class=\"blank_anchor_name\" name=\"faqs\"><\/a><a id=\"faqs\" class=\"blank_anchor_id\"><\/a><\/div>\n<h3 id=\"faqs_5\" class=\"xsj_heading_hash xsj_heading xsj_heading_h2\" data-source-line=\"21\" data-source-line-display=\"true\"><span class=\"xsj_heading_content\">FAQ\uff1a<\/span><\/h3>\n<div class=\"xiaoshujiang_element xsj_anchor\"><a class=\"blank_anchor_name\" name=\"q20what20is20wt-619b_6\"><\/a><a id=\"q20what20is20wt-619b_6\" class=\"blank_anchor_id\"><\/a><a class=\"blank_anchor_name\" name=\"q-what-is-wt-619b\"><\/a><a id=\"q-what-is-wt-619b\" class=\"blank_anchor_id\"><\/a><\/div>\n<p id=\"q20what20is20wt-619b_6\" class=\"xsj_heading_hash xsj_heading xsj_heading_h3\" data-source-line=\"23\" data-source-line-display=\"true\"><strong><span class=\"xsj_heading_content\">Q\u00a0: Qu&#039;est-ce que le WT-619B\u00a0?<\/span><\/strong><\/p>\n<p class=\"xsj_paragraph xsj_paragraph_level_0\" data-source-line=\"25\" data-source-line-display=\"true\">R : Le WT-619B est une formule protectrice sp\u00e9ciale compos\u00e9e d&#039;un organophosphor\u00e9, d&#039;un acide polycarboxylique, d&#039;un copolym\u00e8re de sulfosel et d&#039;autres ingr\u00e9dients cl\u00e9s pour une performance sup\u00e9rieure d&#039;inhibition de la corrosion.<\/p>\n<div class=\"xiaoshujiang_element xsj_anchor\"><a class=\"blank_anchor_name\" name=\"q20how20does20it20work_7\"><\/a><a id=\"q20how20does20it20work_7\" class=\"blank_anchor_id\"><\/a><a class=\"blank_anchor_name\" name=\"q-how-does-it-work\"><\/a><a id=\"q-how-does-it-work\" class=\"blank_anchor_id\"><\/a><\/div>\n<p id=\"q20how20does20it20work_7\" class=\"xsj_heading_hash xsj_heading xsj_heading_h3\" data-source-line=\"27\" data-source-line-display=\"true\"><strong><span class=\"xsj_heading_content\">Q : Comment \u00e7a marche ?<\/span><\/strong><\/p>\n<p class=\"xsj_paragraph xsj_paragraph_level_0\" data-source-line=\"29\" data-source-line-display=\"true\">R : Les composants de la formule forment une membrane protectrice sur la surface m\u00e9tallique qui agit par effet de ch\u00e9lation et action de distorsion du r\u00e9seau contre le carbonate de calcium, les sels sulfuriques et le phosphate pour inhiber la corrosion.<\/p>\n<div class=\"xiaoshujiang_element xsj_anchor\"><a class=\"blank_anchor_name\" name=\"q20what20types20of20metals20can20it20be20applied20to_8\"><\/a><a id=\"q20what20types20of20metals20can20it20be20applied20to_8\" class=\"blank_anchor_id\"><\/a><a class=\"blank_anchor_name\" name=\"q-what-types-of-metals-can-it-be-applied-to\"><\/a><a id=\"q-what-types-of-metals-can-it-be-applied-to\" class=\"blank_anchor_id\"><\/a><\/div>\n<p id=\"q20what20types20of20metals20can20it20be20applied20to_8\" class=\"xsj_heading_hash xsj_heading xsj_heading_h3\" data-source-line=\"31\" data-source-line-display=\"true\"><strong><span class=\"xsj_heading_content\">Q\u00a0: \u00c0 quels types de m\u00e9taux peut-il \u00eatre appliqu\u00e9\u00a0?<\/span><\/strong><\/p>\n<p class=\"xsj_paragraph xsj_paragraph_level_0\" data-source-line=\"33\" data-source-line-display=\"true\">R : Le WT-619B peut \u00eatre appliqu\u00e9 \u00e0 diff\u00e9rents types de m\u00e9taux, y compris les alliages de fer tels que l&#039;acier inoxydable ou l&#039;aluminium.<\/p>\n<div class=\"xiaoshujiang_element xsj_anchor\"><a class=\"blank_anchor_name\" name=\"q20is20it20easy20to20install_9\"><\/a><a id=\"q20is20it20easy20to20install_9\" class=\"blank_anchor_id\"><\/a><a class=\"blank_anchor_name\" name=\"q-is-it-easy-to-install\"><\/a><a id=\"q-is-it-easy-to-install\" class=\"blank_anchor_id\"><\/a><\/div>\n<p id=\"q20is20it20easy20to20install_9\" class=\"xsj_heading_hash xsj_heading xsj_heading_h3\" data-source-line=\"35\" data-source-line-display=\"true\"><strong><span class=\"xsj_heading_content\">Q : Est-ce facile \u00e0 installer ?<\/span><\/strong><\/p>\n<p class=\"xsj_paragraph xsj_paragraph_level_0\" data-source-line=\"37\" data-source-line-display=\"true\">R : Oui ! Il est facile \u00e0 nettoyer et \u00e0 appliquer gr\u00e2ce \u00e0 son \u00e9tat liquide.<\/p>\n<div class=\"xiaoshujiang_element xsj_anchor\"><a class=\"blank_anchor_name\" name=\"q20will20it20last20long_10\"><\/a><a id=\"q20will20it20last20long_10\" class=\"blank_anchor_id\"><\/a><a class=\"blank_anchor_name\" name=\"q-will-it-last-long\"><\/a><a id=\"q-will-it-last-long\" class=\"blank_anchor_id\"><\/a><\/div>\n<p id=\"q20will20it20last20long_10\" class=\"xsj_heading_hash xsj_heading xsj_heading_h3\" data-source-line=\"39\" data-source-line-display=\"true\"><strong><span class=\"xsj_heading_content\">Q : Cela durera-t-il longtemps ?<\/span><\/strong><\/p>\n<p class=\"xsj_paragraph xsj_paragraph_level_0\" data-source-line=\"41\" data-source-line-display=\"true\">R : Oui ! Son taux d&#039;inhibition \u00e0 grande \u00e9chelle assure une protection maximale dans le temps sans d\u00e9gradation, m\u00eame apr\u00e8s une utilisation r\u00e9guli\u00e8re.<\/p>\n<p class=\"xsj_paragraph xsj_paragraph_level_0\" data-source-line=\"44\" data-source-line-display=\"true\"><a class=\"xsj_link xsj_manu_link\" href=\"https:\/\/vcycletech.com\/fr\/categorie-de-produit\/inhibiteurs-de-corrosion-et-agents-de-filmage-de-pretraitement-a-echelle-construite\/\">Obtenez la solution compl\u00e8te d&#039;inhibiteurs de tartre et de corrosion et d&#039;agents de filmage de pr\u00e9traitement<\/a>.<\/p>","protected":false},"excerpt":{"rendered":"<p>Le <strong>WT-619B<\/strong> L&#039;inhibiteur de tartre et de corrosion est un produit de haute qualit\u00e9 avec une performance sup\u00e9rieure d&#039;inhibition de la corrosion. Il peut r\u00e9sister \u00e0 une utilisation r\u00e9guli\u00e8re sans se d\u00e9grader et sa combinaison d&#039;ingr\u00e9dients forme une membrane de protection efficace sur les surfaces m\u00e9talliques. Cette solution est id\u00e9ale pour une utilisation dans les industries o\u00f9 le tartre et la corrosion sont des probl\u00e8mes majeurs. Gr\u00e2ce \u00e0 sa r\u00e9sistance aux variations de temp\u00e9rature, il peut \u00eatre utilis\u00e9 dans divers contextes avec des r\u00e9sultats constants. Commandez maintenant et profitez de l&#039;inhibition durable du tartre et de la corrosion pour votre entreprise\u00a0!<\/p>\n<p class=\"xsj_paragraph xsj_paragraph_level_0\" data-source-line=\"48\" data-source-line-display=\"true\">","protected":false},"featured_media":1436,"template":"","meta":{"site-sidebar-layout":"default","site-content-layout":"default","ast-site-content-layout":"default","site-content-style":"default","site-sidebar-style":"default","ast-global-header-display":"","ast-banner-title-visibility":"","ast-main-header-display":"","ast-hfb-above-header-display":"","ast-hfb-below-header-display":"","ast-hfb-mobile-header-display":"","site-post-title":"","ast-breadcrumbs-content":"","ast-featured-img":"","footer-sml-layout":"","ast-disable-related-posts":"","theme-transparent-header-meta":"default","adv-header-id-meta":"","stick-header-meta":"default","header-above-stick-meta":"","header-main-stick-meta":"","header-below-stick-meta":"","astra-migrate-meta-layouts":"default","ast-page-background-enabled":"default","ast-page-background-meta":{"desktop":{"background-color":"","background-image":"","background-repeat":"repeat","background-position":"center center","background-size":"auto","background-attachment":"scroll","background-type":"","background-media":"","overlay-type":"","overlay-color":"","overlay-opacity":"","overlay-gradient":""},"tablet":{"background-color":"","background-image":"","background-repeat":"repeat","background-position":"center center","background-size":"auto","background-attachment":"scroll","background-type":"","background-media":"","overlay-type":"","overlay-color":"","overlay-opacity":"","overlay-gradient":""},"mobile":{"background-color":"","background-image":"","background-repeat":"repeat","background-position":"center center","background-size":"auto","background-attachment":"scroll","background-type":"","background-media":"","overlay-type":"","overlay-color":"","overlay-opacity":"","overlay-gradient":""}},"ast-content-background-meta":{"desktop":{"background-color":"var(--ast-global-color-5)","background-image":"","background-repeat":"repeat","background-position":"center center","background-size":"auto","background-attachment":"scroll","background-type":"","background-media":"","overlay-type":"","overlay-color":"","overlay-opacity":"","overlay-gradient":""},"tablet":{"background-color":"var(--ast-global-color-5)","background-image":"","background-repeat":"repeat","background-position":"center center","background-size":"auto","background-attachment":"scroll","background-type":"","background-media":"","overlay-type":"","overlay-color":"","overlay-opacity":"","overlay-gradient":""},"mobile":{"background-color":"var(--ast-global-color-5)","background-image":"","background-repeat":"repeat","background-position":"center center","background-size":"auto","background-attachment":"scroll","background-type":"","background-media":"","overlay-type":"","overlay-color":"","overlay-opacity":"","overlay-gradient":""}}},"product_brand":[],"product_cat":[32],"product_tag":[],"class_list":{"0":"post-1434","1":"product","2":"type-product","3":"status-publish","4":"has-post-thumbnail","6":"product_cat-built-scale-corrosion-inhibitors-and-pretreatment-filming-agents","7":"desktop-align-left","8":"tablet-align-left","9":"mobile-align-left","10":"ast-product-gallery-layout-horizontal-slider","11":"ast-product-gallery-with-no-image","12":"ast-product-tabs-layout-horizontal","14":"first","15":"instock","16":"shipping-taxable","17":"product-type-simple"},"yoast_head":"<!-- This site is optimized with the Yoast SEO Premium plugin v26.3 (Yoast SEO v27.3) - https:\/\/yoast.com\/product\/yoast-seo-premium-wordpress\/ -->\n<title>WT-619B Scale and Corrosion Inhibitor - vcycletech<\/title>\n<meta name=\"description\" content=\"The WT-619B Scale and Corrosion Inhibitor is a high-quality product with superior corrosion inhibition performance. It can withstand regular use without degradation, and its combination of ingredients forms an effective protection membrane on metal surfaces.\" \/>\n<meta name=\"robots\" content=\"index, follow, max-snippet:-1, max-image-preview:large, max-video-preview:-1\" \/>\n<link rel=\"canonical\" href=\"https:\/\/vcycletech.com\/fr\/produit\/inhibiteur-de-tartre-et-de-corrosion-wt-619b\/\" \/>\n<meta property=\"og:locale\" content=\"fr_FR\" \/>\n<meta property=\"og:type\" content=\"article\" \/>\n<meta property=\"og:title\" content=\"WT-619B Scale and Corrosion Inhibitor\" \/>\n<meta property=\"og:description\" content=\"The WT-619B Scale and Corrosion Inhibitor is a high-quality product with superior corrosion inhibition performance. It can withstand regular use without degradation, and its combination of ingredients forms an effective protection membrane on metal surfaces.\" \/>\n<meta property=\"og:url\" content=\"https:\/\/vcycletech.com\/fr\/produit\/inhibiteur-de-tartre-et-de-corrosion-wt-619b\/\" \/>\n<meta property=\"og:site_name\" content=\"vcycletech\" \/>\n<meta property=\"article:modified_time\" content=\"2023-03-27T02:41:54+00:00\" \/>\n<meta property=\"og:image\" content=\"https:\/\/vcycletech.com\/wp-content\/uploads\/2023\/03\/WT-601-4.png\" \/>\n\t<meta property=\"og:image:width\" content=\"600\" \/>\n\t<meta property=\"og:image:height\" content=\"600\" \/>\n\t<meta property=\"og:image:type\" content=\"image\/png\" \/>\n<meta name=\"twitter:card\" content=\"summary_large_image\" \/>\n<meta name=\"twitter:label1\" content=\"Dur\u00e9e de lecture estim\u00e9e\" \/>\n\t<meta name=\"twitter:data1\" content=\"2 minutes\" \/>\n<script type=\"application\/ld+json\" class=\"yoast-schema-graph\">{\"@context\":\"https:\\\/\\\/schema.org\",\"@graph\":[{\"@type\":\"WebPage\",\"@id\":\"https:\\\/\\\/vcycletech.com\\\/product\\\/wt-619b-scale-and-corrosion-inhibitor\\\/\",\"url\":\"https:\\\/\\\/vcycletech.com\\\/product\\\/wt-619b-scale-and-corrosion-inhibitor\\\/\",\"name\":\"WT-619B Scale and Corrosion Inhibitor - vcycletech\",\"isPartOf\":{\"@id\":\"https:\\\/\\\/vcycletech.com\\\/#website\"},\"primaryImageOfPage\":{\"@id\":\"https:\\\/\\\/vcycletech.com\\\/product\\\/wt-619b-scale-and-corrosion-inhibitor\\\/#primaryimage\"},\"image\":{\"@id\":\"https:\\\/\\\/vcycletech.com\\\/product\\\/wt-619b-scale-and-corrosion-inhibitor\\\/#primaryimage\"},\"thumbnailUrl\":\"https:\\\/\\\/vcycletech.com\\\/wp-content\\\/uploads\\\/2023\\\/03\\\/WT-601-4.png\",\"datePublished\":\"2023-03-22T07:01:41+00:00\",\"dateModified\":\"2023-03-27T02:41:54+00:00\",\"description\":\"The WT-619B Scale and Corrosion Inhibitor is a high-quality product with superior corrosion inhibition performance. It can withstand regular use without degradation, and its combination of ingredients forms an effective protection membrane on metal surfaces.\",\"breadcrumb\":{\"@id\":\"https:\\\/\\\/vcycletech.com\\\/product\\\/wt-619b-scale-and-corrosion-inhibitor\\\/#breadcrumb\"},\"inLanguage\":\"fr-FR\",\"potentialAction\":[{\"@type\":\"ReadAction\",\"target\":[\"https:\\\/\\\/vcycletech.com\\\/product\\\/wt-619b-scale-and-corrosion-inhibitor\\\/\"]}]},{\"@type\":\"ImageObject\",\"inLanguage\":\"fr-FR\",\"@id\":\"https:\\\/\\\/vcycletech.com\\\/product\\\/wt-619b-scale-and-corrosion-inhibitor\\\/#primaryimage\",\"url\":\"https:\\\/\\\/vcycletech.com\\\/wp-content\\\/uploads\\\/2023\\\/03\\\/WT-601-4.png\",\"contentUrl\":\"https:\\\/\\\/vcycletech.com\\\/wp-content\\\/uploads\\\/2023\\\/03\\\/WT-601-4.png\",\"width\":600,\"height\":600,\"caption\":\"WT-619B Scale and Corrosion Inhibitor\"},{\"@type\":\"BreadcrumbList\",\"@id\":\"https:\\\/\\\/vcycletech.com\\\/product\\\/wt-619b-scale-and-corrosion-inhibitor\\\/#breadcrumb\",\"itemListElement\":[{\"@type\":\"ListItem\",\"position\":1,\"name\":\"Home\",\"item\":\"https:\\\/\\\/vcycletech.com\\\/\"},{\"@type\":\"ListItem\",\"position\":2,\"name\":\"Water Treatment Chemicals Manufacturer\",\"item\":\"https:\\\/\\\/vcycletech.com\\\/water-treatment-chemicals-manufacturer\\\/\"},{\"@type\":\"ListItem\",\"position\":3,\"name\":\"WT-619B Scale and Corrosion Inhibitor\"}]},{\"@type\":\"WebSite\",\"@id\":\"https:\\\/\\\/vcycletech.com\\\/#website\",\"url\":\"https:\\\/\\\/vcycletech.com\\\/\",\"name\":\"vcycletech\",\"description\":\"China&#039;s top water treatment chemicals supplier\",\"publisher\":{\"@id\":\"https:\\\/\\\/vcycletech.com\\\/#organization\"},\"potentialAction\":[{\"@type\":\"SearchAction\",\"target\":{\"@type\":\"EntryPoint\",\"urlTemplate\":\"https:\\\/\\\/vcycletech.com\\\/?s={search_term_string}\"},\"query-input\":{\"@type\":\"PropertyValueSpecification\",\"valueRequired\":true,\"valueName\":\"search_term_string\"}}],\"inLanguage\":\"fr-FR\"},{\"@type\":\"Organization\",\"@id\":\"https:\\\/\\\/vcycletech.com\\\/#organization\",\"name\":\"vcycletech\",\"url\":\"https:\\\/\\\/vcycletech.com\\\/\",\"logo\":{\"@type\":\"ImageObject\",\"inLanguage\":\"fr-FR\",\"@id\":\"https:\\\/\\\/vcycletech.com\\\/#\\\/schema\\\/logo\\\/image\\\/\",\"url\":\"https:\\\/\\\/vcycletech.com\\\/wp-content\\\/uploads\\\/2023\\\/03\\\/logo-vcycletech-1.png\",\"contentUrl\":\"https:\\\/\\\/vcycletech.com\\\/wp-content\\\/uploads\\\/2023\\\/03\\\/logo-vcycletech-1.png\",\"width\":600,\"height\":400,\"caption\":\"vcycletech\"},\"image\":{\"@id\":\"https:\\\/\\\/vcycletech.com\\\/#\\\/schema\\\/logo\\\/image\\\/\"}}]}<\/script>\n<!-- \/ Yoast SEO Premium plugin. -->","yoast_head_json":{"title":"WT-619B Inhibiteur de tartre et de corrosion - vcycletech","description":"L&#039;inhibiteur de tartre et de corrosion WT-619B est un produit de haute qualit\u00e9 avec des performances sup\u00e9rieures d&#039;inhibition de la corrosion. Il peut r\u00e9sister \u00e0 une utilisation r\u00e9guli\u00e8re sans se d\u00e9grader et sa combinaison d&#039;ingr\u00e9dients forme une membrane de protection efficace sur les surfaces m\u00e9talliques.","robots":{"index":"index","follow":"follow","max-snippet":"max-snippet:-1","max-image-preview":"max-image-preview:large","max-video-preview":"max-video-preview:-1"},"canonical":"https:\/\/vcycletech.com\/fr\/produit\/inhibiteur-de-tartre-et-de-corrosion-wt-619b\/","og_locale":"fr_FR","og_type":"article","og_title":"WT-619B Scale and Corrosion Inhibitor","og_description":"The WT-619B Scale and Corrosion Inhibitor is a high-quality product with superior corrosion inhibition performance. It can withstand regular use without degradation, and its combination of ingredients forms an effective protection membrane on metal surfaces.","og_url":"https:\/\/vcycletech.com\/fr\/produit\/inhibiteur-de-tartre-et-de-corrosion-wt-619b\/","og_site_name":"vcycletech","article_modified_time":"2023-03-27T02:41:54+00:00","og_image":[{"width":600,"height":600,"url":"https:\/\/vcycletech.com\/wp-content\/uploads\/2023\/03\/WT-601-4.png","type":"image\/png"}],"twitter_card":"summary_large_image","twitter_misc":{"Dur\u00e9e de lecture estim\u00e9e":"2 minutes"},"schema":{"@context":"https:\/\/schema.org","@graph":[{"@type":"WebPage","@id":"https:\/\/vcycletech.com\/product\/wt-619b-scale-and-corrosion-inhibitor\/","url":"https:\/\/vcycletech.com\/product\/wt-619b-scale-and-corrosion-inhibitor\/","name":"WT-619B Inhibiteur de tartre et de corrosion - vcycletech","isPartOf":{"@id":"https:\/\/vcycletech.com\/#website"},"primaryImageOfPage":{"@id":"https:\/\/vcycletech.com\/product\/wt-619b-scale-and-corrosion-inhibitor\/#primaryimage"},"image":{"@id":"https:\/\/vcycletech.com\/product\/wt-619b-scale-and-corrosion-inhibitor\/#primaryimage"},"thumbnailUrl":"https:\/\/vcycletech.com\/wp-content\/uploads\/2023\/03\/WT-601-4.png","datePublished":"2023-03-22T07:01:41+00:00","dateModified":"2023-03-27T02:41:54+00:00","description":"L&#039;inhibiteur de tartre et de corrosion WT-619B est un produit de haute qualit\u00e9 avec des performances sup\u00e9rieures d&#039;inhibition de la corrosion. Il peut r\u00e9sister \u00e0 une utilisation r\u00e9guli\u00e8re sans se d\u00e9grader et sa combinaison d&#039;ingr\u00e9dients forme une membrane de protection efficace sur les surfaces m\u00e9talliques.","breadcrumb":{"@id":"https:\/\/vcycletech.com\/product\/wt-619b-scale-and-corrosion-inhibitor\/#breadcrumb"},"inLanguage":"fr-FR","potentialAction":[{"@type":"ReadAction","target":["https:\/\/vcycletech.com\/product\/wt-619b-scale-and-corrosion-inhibitor\/"]}]},{"@type":"ImageObject","inLanguage":"fr-FR","@id":"https:\/\/vcycletech.com\/product\/wt-619b-scale-and-corrosion-inhibitor\/#primaryimage","url":"https:\/\/vcycletech.com\/wp-content\/uploads\/2023\/03\/WT-601-4.png","contentUrl":"https:\/\/vcycletech.com\/wp-content\/uploads\/2023\/03\/WT-601-4.png","width":600,"height":600,"caption":"WT-619B Scale and Corrosion Inhibitor"},{"@type":"BreadcrumbList","@id":"https:\/\/vcycletech.com\/product\/wt-619b-scale-and-corrosion-inhibitor\/#breadcrumb","itemListElement":[{"@type":"ListItem","position":1,"name":"Home","item":"https:\/\/vcycletech.com\/"},{"@type":"ListItem","position":2,"name":"Water Treatment Chemicals Manufacturer","item":"https:\/\/vcycletech.com\/water-treatment-chemicals-manufacturer\/"},{"@type":"ListItem","position":3,"name":"WT-619B Scale and Corrosion Inhibitor"}]},{"@type":"WebSite","@id":"https:\/\/vcycletech.com\/#website","url":"https:\/\/vcycletech.com\/","name":"vcycletech","description":"Meilleur fournisseur de produits chimiques pour le traitement de l&#039;eau en Chine","publisher":{"@id":"https:\/\/vcycletech.com\/#organization"},"potentialAction":[{"@type":"SearchAction","target":{"@type":"EntryPoint","urlTemplate":"https:\/\/vcycletech.com\/?s={search_term_string}"},"query-input":{"@type":"PropertyValueSpecification","valueRequired":true,"valueName":"search_term_string"}}],"inLanguage":"fr-FR"},{"@type":"Organization","@id":"https:\/\/vcycletech.com\/#organization","name":"vcycletech","url":"https:\/\/vcycletech.com\/","logo":{"@type":"ImageObject","inLanguage":"fr-FR","@id":"https:\/\/vcycletech.com\/#\/schema\/logo\/image\/","url":"https:\/\/vcycletech.com\/wp-content\/uploads\/2023\/03\/logo-vcycletech-1.png","contentUrl":"https:\/\/vcycletech.com\/wp-content\/uploads\/2023\/03\/logo-vcycletech-1.png","width":600,"height":400,"caption":"vcycletech"},"image":{"@id":"https:\/\/vcycletech.com\/#\/schema\/logo\/image\/"}}]}},"_links":{"self":[{"href":"https:\/\/vcycletech.com\/fr\/wp-json\/wp\/v2\/product\/1434","targetHints":{"allow":["GET"]}}],"collection":[{"href":"https:\/\/vcycletech.com\/fr\/wp-json\/wp\/v2\/product"}],"about":[{"href":"https:\/\/vcycletech.com\/fr\/wp-json\/wp\/v2\/types\/product"}],"wp:featuredmedia":[{"embeddable":true,"href":"https:\/\/vcycletech.com\/fr\/wp-json\/wp\/v2\/media\/1436"}],"wp:attachment":[{"href":"https:\/\/vcycletech.com\/fr\/wp-json\/wp\/v2\/media?parent=1434"}],"wp:term":[{"taxonomy":"product_brand","embeddable":true,"href":"https:\/\/vcycletech.com\/fr\/wp-json\/wp\/v2\/product_brand?post=1434"},{"taxonomy":"product_cat","embeddable":true,"href":"https:\/\/vcycletech.com\/fr\/wp-json\/wp\/v2\/product_cat?post=1434"},{"taxonomy":"product_tag","embeddable":true,"href":"https:\/\/vcycletech.com\/fr\/wp-json\/wp\/v2\/product_tag?post=1434"}],"curies":[{"name":"wp","href":"https:\/\/api.w.org\/{rel}","templated":true}]}}