{"id":1427,"date":"2023-03-22T06:53:18","date_gmt":"2023-03-22T06:53:18","guid":{"rendered":"https:\/\/vcycletech.com\/?post_type=product&#038;p=1427"},"modified":"2023-03-27T02:44:54","modified_gmt":"2023-03-27T02:44:54","slug":"wt-610-inhibiteur-de-tartre-pour-eau-poussiere","status":"publish","type":"product","link":"https:\/\/vcycletech.com\/fr\/produit\/wt-610-inhibiteur-de-tartre-pour-eau-poussiere\/","title":{"rendered":"Inhibiteur de tartre WT-610 pour eau poussi\u00e9reuse"},"content":{"rendered":"<h3 id=\"introduction_2\" class=\"xsj_heading_hash xsj_heading xsj_heading_h2\" data-source-line=\"6\" data-source-line-display=\"true\"><span class=\"xsj_heading_content\">Introduction:<\/span><\/h3>\n<p class=\"xsj_paragraph xsj_paragraph_level_0\" data-source-line=\"7\" data-source-line-display=\"true\"><strong>WT-610<\/strong> est une formule de copolym\u00e8re avanc\u00e9e sp\u00e9cialement formul\u00e9e pour r\u00e9duire la poussi\u00e8re dans les syst\u00e8mes d&#039;eau. Il disperse efficacement les particules dans tout le syst\u00e8me d&#039;eau, assurant des propri\u00e9t\u00e9s optimales de distorsion des cristaux et un environnement propre. En savoir plus sur les fonctionnalit\u00e9s, les applications et la FAQ de ce puissant inhibiteur de tartre.<\/p>\n<div class=\"xiaoshujiang_element xsj_anchor\"><a class=\"blank_anchor_name\" name=\"features_3\"><\/a><a id=\"features_3\" class=\"blank_anchor_id\"><\/a><a class=\"blank_anchor_name\" name=\"features\"><\/a><a id=\"features\" class=\"blank_anchor_id\"><\/a><\/div>\n<h3 id=\"features_3\" class=\"xsj_heading_hash xsj_heading xsj_heading_h2\" data-source-line=\"9\" data-source-line-display=\"true\"><span class=\"xsj_heading_content\">Caract\u00e9ristiques:<br \/>\n<\/span><\/h3>\n<p class=\"xsj_paragraph xsj_paragraph_level_0\" data-source-line=\"12\" data-source-line-display=\"true\">La caract\u00e9ristique la plus remarquable du WT-610 est ses puissantes capacit\u00e9s de ch\u00e9lation. Cela lui permet de se disperser dans le syst\u00e8me d&#039;eau beaucoup plus efficacement que les formules traditionnelles, conduisant \u00e0 de meilleurs r\u00e9sultats de r\u00e9duction de la poussi\u00e8re. De plus, le WT-610 poss\u00e8de d&#039;excellentes capacit\u00e9s de protection contre la corrosion et est approuv\u00e9 pour une utilisation dans les syst\u00e8mes d&#039;eau potable, ce qui le rend parfait pour diverses applications industrielles.<\/p>\n<div class=\"xiaoshujiang_element xsj_anchor\"><a class=\"blank_anchor_name\" name=\"applications_4\"><\/a><a id=\"applications_4\" class=\"blank_anchor_id\"><\/a><a class=\"blank_anchor_name\" name=\"applications\"><\/a><a id=\"applications\" class=\"blank_anchor_id\"><\/a><\/div>\n<h3 id=\"applications_4\" class=\"xsj_heading_hash xsj_heading xsj_heading_h2\" data-source-line=\"14\" data-source-line-display=\"true\"><span class=\"xsj_heading_content\">Applications:<\/span><\/h3>\n<p class=\"xsj_paragraph xsj_paragraph_level_0\" data-source-line=\"16\" data-source-line-display=\"true\">Le WT-610 est utilis\u00e9 dans de nombreuses industries ; certaines des applications les plus courantes incluent les tours de refroidissement, les chaudi\u00e8res et les processus industriels tels que le raffinage du p\u00e9trole et la production de papier. Il peut \u00e9galement \u00eatre utilis\u00e9 dans divers environnements commerciaux et domestiques pour contr\u00f4ler l&#039;accumulation de d\u00e9p\u00f4ts de carbonate de calcium, aidant \u00e0 garder les tuyaux propres et \u00e0 fonctionner de mani\u00e8re optimale au fil du temps.<\/p>\n<h3>Sp\u00e9cification:<\/h3>\n<div>\n<table id=\"tablepress-5\" class=\"tablepress tablepress-id-5\">\n<thead>\n<tr class=\"row-1\">\n\t<th class=\"column-1\">Articles<\/th><th class=\"column-2\">Indice<\/th><td class=\"column-3\"><\/td>\n<\/tr>\n<\/thead>\n<tbody class=\"row-striping row-hover\">\n<tr class=\"row-2\">\n\t<td class=\"column-1\">Apparence<\/td><td class=\"column-2\">Liquide transparent ambr\u00e9<\/td><td class=\"column-3\"><\/td>\n<\/tr>\n<tr class=\"row-3\">\n\t<td class=\"column-1\">Contenu solide, %<\/td><td class=\"column-2\">40,0 minutes<\/td><td class=\"column-3\"><\/td>\n<\/tr>\n<tr class=\"row-4\">\n\t<td class=\"column-1\">Acide phosphorique total,(comme PO43-)%<\/td><td class=\"column-2\">25,0 minutes<\/td><td class=\"column-3\"><\/td>\n<\/tr>\n<tr class=\"row-5\">\n\t<td class=\"column-1\">pH,(1%solution aqueuse)<\/td><td class=\"column-2\">2.0\u00b10.5<\/td><td class=\"column-3\"><\/td>\n<\/tr>\n<tr class=\"row-6\">\n\t<td class=\"column-1\">Densit\u00e9(20\u2103), g\/cm3<\/td><td class=\"column-2\">1.20 mn<\/td><td class=\"column-3\"><\/td>\n<\/tr>\n<tr class=\"row-7\">\n\t<td class=\"column-1\"><span style=\"color:#222222;\"><strong><\/strong><\/span><\/td><td class=\"column-2\"><\/td><td class=\"column-3\"><\/td>\n<\/tr>\n<\/tbody>\n<\/table>\n<!-- #tablepress-5 from cache --><\/div>\n<div class=\"xiaoshujiang_element xsj_anchor\"><a class=\"blank_anchor_name\" name=\"faqs_5\"><\/a><a id=\"faqs_5\" class=\"blank_anchor_id\"><\/a><a class=\"blank_anchor_name\" name=\"faqs\"><\/a><a id=\"faqs\" class=\"blank_anchor_id\"><\/a><\/div>\n<h3 id=\"faqs_5\" class=\"xsj_heading_hash xsj_heading xsj_heading_h2\" data-source-line=\"18\" data-source-line-display=\"true\"><span class=\"xsj_heading_content\">FAQ\uff1a<\/span><\/h3>\n<div class=\"xiaoshujiang_element xsj_anchor\"><a class=\"blank_anchor_name\" name=\"q20what20makes20wt-61020different20from20other20scale20inhibitors_6\"><\/a><a id=\"q20what20makes20wt-61020different20from20other20scale20inhibitors_6\" class=\"blank_anchor_id\"><\/a><a class=\"blank_anchor_name\" name=\"q-what-makes-wt-610-different-from-other-scale-inhibitors\"><\/a><a id=\"q-what-makes-wt-610-different-from-other-scale-inhibitors\" class=\"blank_anchor_id\"><\/a><\/div>\n<p id=\"q20what20makes20wt-61020different20from20other20scale20inhibitors_6\" class=\"xsj_heading_hash xsj_heading xsj_heading_h3\" data-source-line=\"20\" data-source-line-display=\"true\"><strong><span class=\"xsj_heading_content\">Q\u00a0: Qu&#039;est-ce qui diff\u00e9rencie le WT-610 des autres inhibiteurs de tartre\u00a0?<\/span><\/strong><\/p>\n<p class=\"xsj_paragraph xsj_paragraph_level_0\" data-source-line=\"22\" data-source-line-display=\"true\">R : La principale diff\u00e9rence entre le WT-610 et les autres inhibiteurs de tartre r\u00e9side dans sa formule de copolym\u00e8re unique. Cette combinaison d&#039;\u00e9l\u00e9ments d&#039;acide organophosphine, d&#039;acide polycarboxylique et de sulfosel offre des capacit\u00e9s de ch\u00e9lation sup\u00e9rieures par rapport aux formules traditionnelles, ce qui lui permet de se disperser beaucoup plus efficacement dans les syst\u00e8mes d&#039;eau tout en offrant d&#039;excellents avantages de r\u00e9duction de la poussi\u00e8re.<\/p>\n<div class=\"xiaoshujiang_element xsj_anchor\"><a class=\"blank_anchor_name\" name=\"q20is20wt-61020safe20for20use20with20potable20water_7\"><\/a><a id=\"q20is20wt-61020safe20for20use20with20potable20water_7\" class=\"blank_anchor_id\"><\/a><a class=\"blank_anchor_name\" name=\"q-is-wt-610-safe-for-use-with-potable-water\"><\/a><a id=\"q-is-wt-610-safe-for-use-with-potable-water\" class=\"blank_anchor_id\"><\/a><\/div>\n<p id=\"q20is20wt-61020safe20for20use20with20potable20water_7\" class=\"xsj_heading_hash xsj_heading xsj_heading_h3\" data-source-line=\"24\" data-source-line-display=\"true\"><strong><span class=\"xsj_heading_content\">Q\u00a0: Le WT-610 peut-il \u00eatre utilis\u00e9 sans danger avec de l&#039;eau potable\u00a0?<\/span><\/strong><\/p>\n<p class=\"xsj_paragraph xsj_paragraph_level_0\" data-source-line=\"26\" data-source-line-display=\"true\">R : Absolument ! Le WT-610 a re\u00e7u l&#039;approbation de NSF International pour une utilisation dans les syst\u00e8mes d&#039;eau potable. Vous pouvez \u00eatre assur\u00e9 que votre eau restera s\u00fbre apr\u00e8s le traitement avec cet inhibiteur de tartre avanc\u00e9.<\/p>\n<div class=\"xiaoshujiang_element xsj_anchor\"><a class=\"blank_anchor_name\" name=\"q20how20often20should20i20use20wt-610_8\"><\/a><a id=\"q20how20often20should20i20use20wt-610_8\" class=\"blank_anchor_id\"><\/a><a class=\"blank_anchor_name\" name=\"q-how-often-should-i-use-wt-610\"><\/a><a id=\"q-how-often-should-i-use-wt-610\" class=\"blank_anchor_id\"><\/a><\/div>\n<p id=\"q20how20often20should20i20use20wt-610_8\" class=\"xsj_heading_hash xsj_heading xsj_heading_h3\" data-source-line=\"28\" data-source-line-display=\"true\"><strong><span class=\"xsj_heading_content\">Q\u00a0: \u00c0 quelle fr\u00e9quence dois-je utiliser le WT-610\u00a0?<\/span><\/strong><\/p>\n<p class=\"xsj_paragraph xsj_paragraph_level_0\" data-source-line=\"30\" data-source-line-display=\"true\">R : D&#039;une mani\u00e8re g\u00e9n\u00e9rale, vous devez utiliser le WT-610 toutes les 1 \u00e0 2 semaines, selon l&#039;intensit\u00e9 d&#039;utilisation de votre syst\u00e8me ; Cependant, nous vous recommandons de consulter un professionnel si vous n&#039;\u00eates pas s\u00fbr des exigences d&#039;utilisation exactes pour votre situation sp\u00e9cifique.<\/p>\n<div class=\"xiaoshujiang_element xsj_anchor\"><a class=\"blank_anchor_name\" name=\"q20what20are20some20signs20that20my20system20needs20treatment20with20wt-610_9\"><\/a><a id=\"q20what20are20some20signs20that20my20system20needs20treatment20with20wt-610_9\" class=\"blank_anchor_id\"><\/a><a class=\"blank_anchor_name\" name=\"q-what-are-some-signs-that-my-system-needs-treatment-with-wt-610\"><\/a><a id=\"q-what-are-some-signs-that-my-system-needs-treatment-with-wt-610\" class=\"blank_anchor_id\"><\/a><\/div>\n<p id=\"q20what20are20some20signs20that20my20system20needs20treatment20with20wt-610_9\" class=\"xsj_heading_hash xsj_heading xsj_heading_h3\" data-source-line=\"32\" data-source-line-display=\"true\"><strong><span class=\"xsj_heading_content\">Q\u00a0: Quels sont les signes indiquant que mon syst\u00e8me n\u00e9cessite un traitement avec le WT-610\u00a0?<\/span><\/strong><\/p>\n<p class=\"xsj_paragraph xsj_paragraph_level_0\" data-source-line=\"34\" data-source-line-display=\"true\">R\u00a0: Si vous remarquez la formation de d\u00e9p\u00f4ts de poussi\u00e8re ou de min\u00e9raux autour des luminaires ou des appareils connect\u00e9s \u00e0 votre syst\u00e8me, comme les toilettes ou les lave-vaisselle, il est peut-\u00eatre temps d&#039;appliquer une dose de WT-610. De plus, si l&#039;\u00e9quipement connect\u00e9 \u00e0 votre syst\u00e8me semble fonctionner plus lentement que d&#039;habitude ou si une odeur d\u00e9sagr\u00e9able \u00e9mane des robinets ou des tuyaux, cela pourrait indiquer qu&#039;un traitement antitartre est n\u00e9cessaire.<\/p>\n<p class=\"xsj_paragraph xsj_paragraph_level_0\" data-source-line=\"37\" data-source-line-display=\"true\"><a class=\"xsj_link xsj_manu_link\" href=\"https:\/\/vcycletech.com\/fr\/categorie-de-produit\/inhibiteurs-de-corrosion-et-agents-de-filmage-de-pretraitement-a-echelle-construite\/\">Obtenez la solution compl\u00e8te d&#039;inhibiteurs de tartre et de corrosion et d&#039;agents de filmage de pr\u00e9traitement<\/a>.<\/p>","protected":false},"excerpt":{"rendered":"<p>Si vous recherchez un inhibiteur de tartre pour aider \u00e0 r\u00e9duire la poussi\u00e8re dans votre syst\u00e8me d&#039;eau, ne cherchez pas plus loin que <strong>WT-610<\/strong>! Cette formule de copolym\u00e8re comprend des \u00e9l\u00e9ments d&#039;acide organophosphine, d&#039;acide polycarboxylique et de sulfosel, qui cr\u00e9ent un agent ch\u00e9lateur efficace. Les particules dispers\u00e9es dans le syst\u00e8me d&#039;eau d\u00e9formeront les cristaux et conduiront \u00e0 un environnement toujours propre. Non seulement cela, mais le WT-610 peut \u00e9galement aider \u00e0 r\u00e9duire les niveaux de poussi\u00e8re dans les op\u00e9rations de votre entreprise. Essayez-le aujourd&#039;hui\u00a0!<\/p>","protected":false},"featured_media":1430,"template":"","meta":{"site-sidebar-layout":"default","site-content-layout":"default","ast-site-content-layout":"default","site-content-style":"default","site-sidebar-style":"default","ast-global-header-display":"","ast-banner-title-visibility":"","ast-main-header-display":"","ast-hfb-above-header-display":"","ast-hfb-below-header-display":"","ast-hfb-mobile-header-display":"","site-post-title":"","ast-breadcrumbs-content":"","ast-featured-img":"","footer-sml-layout":"","ast-disable-related-posts":"","theme-transparent-header-meta":"default","adv-header-id-meta":"","stick-header-meta":"default","header-above-stick-meta":"","header-main-stick-meta":"","header-below-stick-meta":"","astra-migrate-meta-layouts":"default","ast-page-background-enabled":"default","ast-page-background-meta":{"desktop":{"background-color":"","background-image":"","background-repeat":"repeat","background-position":"center center","background-size":"auto","background-attachment":"scroll","background-type":"","background-media":"","overlay-type":"","overlay-color":"","overlay-opacity":"","overlay-gradient":""},"tablet":{"background-color":"","background-image":"","background-repeat":"repeat","background-position":"center center","background-size":"auto","background-attachment":"scroll","background-type":"","background-media":"","overlay-type":"","overlay-color":"","overlay-opacity":"","overlay-gradient":""},"mobile":{"background-color":"","background-image":"","background-repeat":"repeat","background-position":"center center","background-size":"auto","background-attachment":"scroll","background-type":"","background-media":"","overlay-type":"","overlay-color":"","overlay-opacity":"","overlay-gradient":""}},"ast-content-background-meta":{"desktop":{"background-color":"var(--ast-global-color-5)","background-image":"","background-repeat":"repeat","background-position":"center center","background-size":"auto","background-attachment":"scroll","background-type":"","background-media":"","overlay-type":"","overlay-color":"","overlay-opacity":"","overlay-gradient":""},"tablet":{"background-color":"var(--ast-global-color-5)","background-image":"","background-repeat":"repeat","background-position":"center center","background-size":"auto","background-attachment":"scroll","background-type":"","background-media":"","overlay-type":"","overlay-color":"","overlay-opacity":"","overlay-gradient":""},"mobile":{"background-color":"var(--ast-global-color-5)","background-image":"","background-repeat":"repeat","background-position":"center center","background-size":"auto","background-attachment":"scroll","background-type":"","background-media":"","overlay-type":"","overlay-color":"","overlay-opacity":"","overlay-gradient":""}}},"product_brand":[],"product_cat":[32],"product_tag":[],"class_list":{"0":"post-1427","1":"product","2":"type-product","3":"status-publish","4":"has-post-thumbnail","6":"product_cat-built-scale-corrosion-inhibitors-and-pretreatment-filming-agents","7":"desktop-align-left","8":"tablet-align-left","9":"mobile-align-left","10":"ast-product-gallery-layout-horizontal-slider","11":"ast-product-gallery-with-no-image","12":"ast-product-tabs-layout-horizontal","14":"first","15":"instock","16":"shipping-taxable","17":"product-type-simple"},"yoast_head":"<!-- This site is optimized with the Yoast SEO Premium plugin v26.3 (Yoast SEO v27.3) - https:\/\/yoast.com\/product\/yoast-seo-premium-wordpress\/ -->\n<title>WT-610 Scale Inhibitor for Dusty Water - vcycletech<\/title>\n<meta name=\"description\" content=\"WT-610 Scale Inhibitor for Dusty Water is the perfect solution to help keep your water system running normally! Its organophosphine acid, polycarboxylic acid and sulfosalt copolymer properties provide chelation and dispersion to recover crystal distortion.\" \/>\n<meta name=\"robots\" content=\"index, follow, max-snippet:-1, max-image-preview:large, max-video-preview:-1\" \/>\n<link rel=\"canonical\" href=\"https:\/\/vcycletech.com\/fr\/produit\/wt-610-inhibiteur-de-tartre-pour-eau-poussiere\/\" \/>\n<meta property=\"og:locale\" content=\"fr_FR\" \/>\n<meta property=\"og:type\" content=\"article\" \/>\n<meta property=\"og:title\" content=\"WT-610 Scale Inhibitor for Dusty Water\" \/>\n<meta property=\"og:description\" content=\"WT-610 Scale Inhibitor for Dusty Water is the perfect solution to help keep your water system running normally! Its organophosphine acid, polycarboxylic acid and sulfosalt copolymer properties provide chelation and dispersion to recover crystal distortion.\" \/>\n<meta property=\"og:url\" content=\"https:\/\/vcycletech.com\/fr\/produit\/wt-610-inhibiteur-de-tartre-pour-eau-poussiere\/\" \/>\n<meta property=\"og:site_name\" content=\"vcycletech\" \/>\n<meta property=\"article:modified_time\" content=\"2023-03-27T02:44:54+00:00\" \/>\n<meta property=\"og:image\" content=\"https:\/\/vcycletech.com\/wp-content\/uploads\/2023\/03\/WT-601-3.png\" \/>\n\t<meta property=\"og:image:width\" content=\"600\" \/>\n\t<meta property=\"og:image:height\" content=\"600\" \/>\n\t<meta property=\"og:image:type\" content=\"image\/png\" \/>\n<meta name=\"twitter:card\" content=\"summary_large_image\" \/>\n<meta name=\"twitter:label1\" content=\"Dur\u00e9e de lecture estim\u00e9e\" \/>\n\t<meta name=\"twitter:data1\" content=\"2 minutes\" \/>\n<script type=\"application\/ld+json\" class=\"yoast-schema-graph\">{\"@context\":\"https:\\\/\\\/schema.org\",\"@graph\":[{\"@type\":\"WebPage\",\"@id\":\"https:\\\/\\\/vcycletech.com\\\/product\\\/wt-610-scale-inhibitor-for-dusty-water\\\/\",\"url\":\"https:\\\/\\\/vcycletech.com\\\/product\\\/wt-610-scale-inhibitor-for-dusty-water\\\/\",\"name\":\"WT-610 Scale Inhibitor for Dusty Water - vcycletech\",\"isPartOf\":{\"@id\":\"https:\\\/\\\/vcycletech.com\\\/#website\"},\"primaryImageOfPage\":{\"@id\":\"https:\\\/\\\/vcycletech.com\\\/product\\\/wt-610-scale-inhibitor-for-dusty-water\\\/#primaryimage\"},\"image\":{\"@id\":\"https:\\\/\\\/vcycletech.com\\\/product\\\/wt-610-scale-inhibitor-for-dusty-water\\\/#primaryimage\"},\"thumbnailUrl\":\"https:\\\/\\\/vcycletech.com\\\/wp-content\\\/uploads\\\/2023\\\/03\\\/WT-601-3.png\",\"datePublished\":\"2023-03-22T06:53:18+00:00\",\"dateModified\":\"2023-03-27T02:44:54+00:00\",\"description\":\"WT-610 Scale Inhibitor for Dusty Water is the perfect solution to help keep your water system running normally! Its organophosphine acid, polycarboxylic acid and sulfosalt copolymer properties provide chelation and dispersion to recover crystal distortion.\",\"breadcrumb\":{\"@id\":\"https:\\\/\\\/vcycletech.com\\\/product\\\/wt-610-scale-inhibitor-for-dusty-water\\\/#breadcrumb\"},\"inLanguage\":\"fr-FR\",\"potentialAction\":[{\"@type\":\"ReadAction\",\"target\":[\"https:\\\/\\\/vcycletech.com\\\/product\\\/wt-610-scale-inhibitor-for-dusty-water\\\/\"]}]},{\"@type\":\"ImageObject\",\"inLanguage\":\"fr-FR\",\"@id\":\"https:\\\/\\\/vcycletech.com\\\/product\\\/wt-610-scale-inhibitor-for-dusty-water\\\/#primaryimage\",\"url\":\"https:\\\/\\\/vcycletech.com\\\/wp-content\\\/uploads\\\/2023\\\/03\\\/WT-601-3.png\",\"contentUrl\":\"https:\\\/\\\/vcycletech.com\\\/wp-content\\\/uploads\\\/2023\\\/03\\\/WT-601-3.png\",\"width\":600,\"height\":600,\"caption\":\"WT-610 Scale Inhibitor for Dusty Water\"},{\"@type\":\"BreadcrumbList\",\"@id\":\"https:\\\/\\\/vcycletech.com\\\/product\\\/wt-610-scale-inhibitor-for-dusty-water\\\/#breadcrumb\",\"itemListElement\":[{\"@type\":\"ListItem\",\"position\":1,\"name\":\"Home\",\"item\":\"https:\\\/\\\/vcycletech.com\\\/\"},{\"@type\":\"ListItem\",\"position\":2,\"name\":\"Water Treatment Chemicals Manufacturer\",\"item\":\"https:\\\/\\\/vcycletech.com\\\/water-treatment-chemicals-manufacturer\\\/\"},{\"@type\":\"ListItem\",\"position\":3,\"name\":\"WT-610 Scale Inhibitor for Dusty Water\"}]},{\"@type\":\"WebSite\",\"@id\":\"https:\\\/\\\/vcycletech.com\\\/#website\",\"url\":\"https:\\\/\\\/vcycletech.com\\\/\",\"name\":\"vcycletech\",\"description\":\"China&#039;s top water treatment chemicals supplier\",\"publisher\":{\"@id\":\"https:\\\/\\\/vcycletech.com\\\/#organization\"},\"potentialAction\":[{\"@type\":\"SearchAction\",\"target\":{\"@type\":\"EntryPoint\",\"urlTemplate\":\"https:\\\/\\\/vcycletech.com\\\/?s={search_term_string}\"},\"query-input\":{\"@type\":\"PropertyValueSpecification\",\"valueRequired\":true,\"valueName\":\"search_term_string\"}}],\"inLanguage\":\"fr-FR\"},{\"@type\":\"Organization\",\"@id\":\"https:\\\/\\\/vcycletech.com\\\/#organization\",\"name\":\"vcycletech\",\"url\":\"https:\\\/\\\/vcycletech.com\\\/\",\"logo\":{\"@type\":\"ImageObject\",\"inLanguage\":\"fr-FR\",\"@id\":\"https:\\\/\\\/vcycletech.com\\\/#\\\/schema\\\/logo\\\/image\\\/\",\"url\":\"https:\\\/\\\/vcycletech.com\\\/wp-content\\\/uploads\\\/2023\\\/03\\\/logo-vcycletech-1.png\",\"contentUrl\":\"https:\\\/\\\/vcycletech.com\\\/wp-content\\\/uploads\\\/2023\\\/03\\\/logo-vcycletech-1.png\",\"width\":600,\"height\":400,\"caption\":\"vcycletech\"},\"image\":{\"@id\":\"https:\\\/\\\/vcycletech.com\\\/#\\\/schema\\\/logo\\\/image\\\/\"}}]}<\/script>\n<!-- \/ Yoast SEO Premium plugin. -->","yoast_head_json":{"title":"Inhibiteur de tartre WT-610 pour eau poussi\u00e9reuse - vcycletech","description":"L&#039;inhibiteur de tartre WT-610 pour l&#039;eau poussi\u00e9reuse est la solution parfaite pour aider \u00e0 maintenir votre syst\u00e8me d&#039;eau en bon \u00e9tat de fonctionnement\u00a0! Ses propri\u00e9t\u00e9s de copolym\u00e8re d&#039;acide organophosphine, d&#039;acide polycarboxylique et de sulfosel assurent la ch\u00e9lation et la dispersion pour r\u00e9cup\u00e9rer la distorsion cristalline.","robots":{"index":"index","follow":"follow","max-snippet":"max-snippet:-1","max-image-preview":"max-image-preview:large","max-video-preview":"max-video-preview:-1"},"canonical":"https:\/\/vcycletech.com\/fr\/produit\/wt-610-inhibiteur-de-tartre-pour-eau-poussiere\/","og_locale":"fr_FR","og_type":"article","og_title":"WT-610 Scale Inhibitor for Dusty Water","og_description":"WT-610 Scale Inhibitor for Dusty Water is the perfect solution to help keep your water system running normally! Its organophosphine acid, polycarboxylic acid and sulfosalt copolymer properties provide chelation and dispersion to recover crystal distortion.","og_url":"https:\/\/vcycletech.com\/fr\/produit\/wt-610-inhibiteur-de-tartre-pour-eau-poussiere\/","og_site_name":"vcycletech","article_modified_time":"2023-03-27T02:44:54+00:00","og_image":[{"width":600,"height":600,"url":"https:\/\/vcycletech.com\/wp-content\/uploads\/2023\/03\/WT-601-3.png","type":"image\/png"}],"twitter_card":"summary_large_image","twitter_misc":{"Dur\u00e9e de lecture estim\u00e9e":"2 minutes"},"schema":{"@context":"https:\/\/schema.org","@graph":[{"@type":"WebPage","@id":"https:\/\/vcycletech.com\/product\/wt-610-scale-inhibitor-for-dusty-water\/","url":"https:\/\/vcycletech.com\/product\/wt-610-scale-inhibitor-for-dusty-water\/","name":"Inhibiteur de tartre WT-610 pour eau poussi\u00e9reuse - vcycletech","isPartOf":{"@id":"https:\/\/vcycletech.com\/#website"},"primaryImageOfPage":{"@id":"https:\/\/vcycletech.com\/product\/wt-610-scale-inhibitor-for-dusty-water\/#primaryimage"},"image":{"@id":"https:\/\/vcycletech.com\/product\/wt-610-scale-inhibitor-for-dusty-water\/#primaryimage"},"thumbnailUrl":"https:\/\/vcycletech.com\/wp-content\/uploads\/2023\/03\/WT-601-3.png","datePublished":"2023-03-22T06:53:18+00:00","dateModified":"2023-03-27T02:44:54+00:00","description":"L&#039;inhibiteur de tartre WT-610 pour l&#039;eau poussi\u00e9reuse est la solution parfaite pour aider \u00e0 maintenir votre syst\u00e8me d&#039;eau en bon \u00e9tat de fonctionnement\u00a0! Ses propri\u00e9t\u00e9s de copolym\u00e8re d&#039;acide organophosphine, d&#039;acide polycarboxylique et de sulfosel assurent la ch\u00e9lation et la dispersion pour r\u00e9cup\u00e9rer la distorsion cristalline.","breadcrumb":{"@id":"https:\/\/vcycletech.com\/product\/wt-610-scale-inhibitor-for-dusty-water\/#breadcrumb"},"inLanguage":"fr-FR","potentialAction":[{"@type":"ReadAction","target":["https:\/\/vcycletech.com\/product\/wt-610-scale-inhibitor-for-dusty-water\/"]}]},{"@type":"ImageObject","inLanguage":"fr-FR","@id":"https:\/\/vcycletech.com\/product\/wt-610-scale-inhibitor-for-dusty-water\/#primaryimage","url":"https:\/\/vcycletech.com\/wp-content\/uploads\/2023\/03\/WT-601-3.png","contentUrl":"https:\/\/vcycletech.com\/wp-content\/uploads\/2023\/03\/WT-601-3.png","width":600,"height":600,"caption":"WT-610 Scale Inhibitor for Dusty Water"},{"@type":"BreadcrumbList","@id":"https:\/\/vcycletech.com\/product\/wt-610-scale-inhibitor-for-dusty-water\/#breadcrumb","itemListElement":[{"@type":"ListItem","position":1,"name":"Home","item":"https:\/\/vcycletech.com\/"},{"@type":"ListItem","position":2,"name":"Water Treatment Chemicals Manufacturer","item":"https:\/\/vcycletech.com\/water-treatment-chemicals-manufacturer\/"},{"@type":"ListItem","position":3,"name":"WT-610 Scale Inhibitor for Dusty Water"}]},{"@type":"WebSite","@id":"https:\/\/vcycletech.com\/#website","url":"https:\/\/vcycletech.com\/","name":"vcycletech","description":"Meilleur fournisseur de produits chimiques pour le traitement de l&#039;eau en Chine","publisher":{"@id":"https:\/\/vcycletech.com\/#organization"},"potentialAction":[{"@type":"SearchAction","target":{"@type":"EntryPoint","urlTemplate":"https:\/\/vcycletech.com\/?s={search_term_string}"},"query-input":{"@type":"PropertyValueSpecification","valueRequired":true,"valueName":"search_term_string"}}],"inLanguage":"fr-FR"},{"@type":"Organization","@id":"https:\/\/vcycletech.com\/#organization","name":"vcycletech","url":"https:\/\/vcycletech.com\/","logo":{"@type":"ImageObject","inLanguage":"fr-FR","@id":"https:\/\/vcycletech.com\/#\/schema\/logo\/image\/","url":"https:\/\/vcycletech.com\/wp-content\/uploads\/2023\/03\/logo-vcycletech-1.png","contentUrl":"https:\/\/vcycletech.com\/wp-content\/uploads\/2023\/03\/logo-vcycletech-1.png","width":600,"height":400,"caption":"vcycletech"},"image":{"@id":"https:\/\/vcycletech.com\/#\/schema\/logo\/image\/"}}]}},"_links":{"self":[{"href":"https:\/\/vcycletech.com\/fr\/wp-json\/wp\/v2\/product\/1427","targetHints":{"allow":["GET"]}}],"collection":[{"href":"https:\/\/vcycletech.com\/fr\/wp-json\/wp\/v2\/product"}],"about":[{"href":"https:\/\/vcycletech.com\/fr\/wp-json\/wp\/v2\/types\/product"}],"wp:featuredmedia":[{"embeddable":true,"href":"https:\/\/vcycletech.com\/fr\/wp-json\/wp\/v2\/media\/1430"}],"wp:attachment":[{"href":"https:\/\/vcycletech.com\/fr\/wp-json\/wp\/v2\/media?parent=1427"}],"wp:term":[{"taxonomy":"product_brand","embeddable":true,"href":"https:\/\/vcycletech.com\/fr\/wp-json\/wp\/v2\/product_brand?post=1427"},{"taxonomy":"product_cat","embeddable":true,"href":"https:\/\/vcycletech.com\/fr\/wp-json\/wp\/v2\/product_cat?post=1427"},{"taxonomy":"product_tag","embeddable":true,"href":"https:\/\/vcycletech.com\/fr\/wp-json\/wp\/v2\/product_tag?post=1427"}],"curies":[{"name":"wp","href":"https:\/\/api.w.org\/{rel}","templated":true}]}}