{"id":1408,"date":"2023-03-22T06:53:12","date_gmt":"2023-03-22T06:53:12","guid":{"rendered":"https:\/\/vcycletech.com\/?post_type=product&#038;p=1408"},"modified":"2023-03-27T02:49:47","modified_gmt":"2023-03-27T02:49:47","slug":"kr-607-inhibiteur-de-tartre-pour-leau-de-remplissage-des-champs-petroliferes","status":"publish","type":"product","link":"https:\/\/vcycletech.com\/fr\/produit\/kr-607-inhibiteur-de-tartre-pour-leau-de-remplissage-des-champs-petroliferes\/","title":{"rendered":"Inhibiteur de tartre WT-607 pour l&#039;eau de remplissage des champs p\u00e9trolif\u00e8res"},"content":{"rendered":"<h3>Propri\u00e9t\u00e9s:<\/h3>\n<div class=\"break-words markdown-formatted-text\">\n<p class=\"my-0.5\"><strong>WT-607<\/strong> est un inhibiteur \u00e0 l&#039;\u00e9chelle industrielle utilis\u00e9 dans les conduites d&#039;eau de remplissage des champs p\u00e9trolif\u00e8res en raison de ses propri\u00e9t\u00e9s particuli\u00e8res. Il est construit avec de l&#039;acide organophosphorique, un tensioactif et des agents synergiques, lui permettant de se ch\u00e9later avec Ca2+ et Mg2+, dispersant ainsi efficacement les \u00e9cailles de carbonate de calcium, de sulfate de calcium et de phosphate de calcium. De plus, ce produit b\u00e9n\u00e9ficie de sa tol\u00e9rance aux temp\u00e9ratures \u00e9lev\u00e9es, de sa tol\u00e9rance alcaline, de sa tol\u00e9rance au sel et de sa stabilit\u00e9 dans les r\u00e9servoirs de champs p\u00e9trolif\u00e8res \u00e0 faibles doses.<\/p>\n<h3>Sp\u00e9cification:<\/h3>\n<div id=\"footable_parent_1425\"\n         class=\"footable_parent ninja_table_wrapper loading_ninja_table wp_table_data_press_parent semantic_ui\">\n                <table data-ninja_table_instance=\"ninja_table_instance_0\" data-footable_id=\"1425\" data-filter-delay=\"1000\" aria-label=\"Inhibiteur de tartre KR-607 pour l&#039;eau de remplissage des champs p\u00e9trolif\u00e8res.csv\"            id=\"footable_1425\"\n           data-unique_identifier=\"ninja_table_unique_id_4026077258_1425\"\n           class=\"foo-table ninja_footable foo_table_1425 ninja_table_unique_id_4026077258_1425 ui table  nt_type_legacy_table selectable striped vertical_centered  footable-paging-right ninja_table_pro\">\n                <colgroup>\n                            <col class=\"ninja_column_0\">\n                            <col class=\"ninja_column_1\">\n                    <\/colgroup>\n        <thead>\n<tr class=\"footable-header\">\n                                        <th scope=\"col\"  class=\"ninja_column_0 ninja_clmn_nm_items\">Articles<\/th><th scope=\"col\"  class=\"ninja_column_1 ninja_clmn_nm_index\">Indice<\/th><\/tr>\n<\/thead>\n<tbody>\n\n        <tr data-row_id=\"376\" class=\"ninja_table_row_0 nt_row_id_376\">\n            <td>Apparence<\/td><td>liquide incolore ou jaune clair<\/td>        <\/tr>\n            <tr data-row_id=\"377\" class=\"ninja_table_row_1 nt_row_id_377\">\n            <td>Contenu solide, %<\/td><td>30,0 minutes<\/td>        <\/tr>\n            <tr data-row_id=\"378\" class=\"ninja_table_row_2 nt_row_id_378\">\n            <td>pH (solution aqueuse 1%)<\/td><td>2.0\u00b11.5<\/td>        <\/tr>\n            <tr data-row_id=\"379\" class=\"ninja_table_row_3 nt_row_id_379\">\n            <td>Densit\u00e9 (20\u2103), g\/cm3<\/td><td>1.10 mn<\/td>        <\/tr>\n    <\/tbody><!--ninja_tobody_rendering_done-->\n    <\/table>\n    \n    \n    \n<\/div>\n\n<h3>Usage:<\/h3>\n<p>Ajouter <strong>WT-607<\/strong> dans une piscine ou une bo\u00eete en plastique chaque jour pour des performances optimales. Le diluer avec de l&#039;eau et l&#039;ajouter en continu \u00e0 l&#039;entr\u00e9e d&#039;une pompe doseuse ou d&#039;une vanne doseuse situ\u00e9e \u00e0 la sortie d&#039;un bac collecteur. Le dosage pr\u00e9f\u00e9r\u00e9 va de 10 \u00e0 50 ppm, selon l&#039;eau d&#039;appoint utilis\u00e9e.<\/p>\n<h3>Emballage et stockage\uff1a<\/h3>\n<p>L&#039;emballage et le stockage doivent avoir lieu dans des f\u00fbts en plastique de 200L ou des conteneurs IBC (1000L). Les clients peuvent \u00e9galement demander des solutions d&#039;emballage alternatives. Tous <strong>WT-607<\/strong> doit \u00eatre stock\u00e9 jusqu&#039;\u00e0 dix mois dans un endroit frais et sec, \u00e0 l&#039;abri de la lumi\u00e8re directe du soleil.<\/p>\n<h3>Guide complet\uff1a<\/h3>\n<p><strong>WT-607<\/strong> est un inhibiteur de tartre pour l&#039;eau de remplissage des champs p\u00e9trolif\u00e8res con\u00e7u pour les produits chimiques de traitement de l&#039;eau. Il est con\u00e7u pour emp\u00eacher efficacement la formation de tartre dans les canalisations. \u00c0 cette fin, il incorpore de l&#039;acide organophosphor\u00e9, des tensioactifs sp\u00e9ciaux et des agents synergiques qui ch\u00e9latent avec les ions calcium et magn\u00e9sium. Cela fait <strong>WT-607<\/strong> efficace et fiable pour les syst\u00e8mes d&#039;eau de remplissage des champs p\u00e9trolif\u00e8res et d&#039;autres applications industrielles.<\/p>\n<p>Fonction: <strong>WT-607<\/strong> inhibe l&#039;accumulation de d\u00e9p\u00f4ts min\u00e9raux tels que le carbonate de calcium et l&#039;hydroxyde de magn\u00e9sium dans les pipelines qui transportent l&#039;eau de remplissage des champs p\u00e9trolif\u00e8res. Cela permet de s&#039;assurer que le d\u00e9bit du liquide reste \u00e0 des niveaux optimaux et que les tuyaux restent exempts de colmatage.<\/p>\n<p>Principe d&#039;action\u00a0: L&#039;acide organophosphor\u00e9 <strong>WT-607<\/strong> agit comme un agent ch\u00e9lateur qui se lie aux ions calcium et magn\u00e9sium. Cela les emp\u00eache de pr\u00e9cipiter hors de la solution, \u00e9vitant ainsi l&#039;accumulation de d\u00e9p\u00f4ts min\u00e9raux sur les parois des tuyaux. Les tensioactifs sp\u00e9ciaux aident \u00e9galement \u00e0 r\u00e9duire la tension superficielle, ce qui augmente encore l&#039;efficacit\u00e9 de ce produit lorsqu&#039;il est utilis\u00e9 pour l&#039;inhibition du tartre dans les syst\u00e8mes d&#039;eau de remplissage des champs p\u00e9trolif\u00e8res.<\/p>\n<p>Champ d&#039;application: <strong>WT-607<\/strong> est adapt\u00e9 pour une utilisation dans les syst\u00e8mes d&#039;eau de remplissage des champs p\u00e9trolif\u00e8res et d&#039;autres applications industrielles o\u00f9 la formation de tartre doit \u00eatre \u00e9vit\u00e9e. Sa tol\u00e9rance aux temp\u00e9ratures \u00e9lev\u00e9es, sa tol\u00e9rance alcaline, sa tol\u00e9rance au sel et sa compatibilit\u00e9 avec d&#039;autres additifs en font un choix fiable lorsqu&#039;il est utilis\u00e9 dans ces environnements.<\/p>\n<p>Pr\u00e9cautions d&#039;emploi : Lors de l&#039;utilisation <strong>WT-607<\/strong>, il est essentiel de suivre toutes les pr\u00e9cautions de s\u00e9curit\u00e9 \u00e9nonc\u00e9es par le fabricant, notamment en veillant \u00e0 ne pas d\u00e9passer les doses recommand\u00e9es ou en l&#039;exposant \u00e0 des temp\u00e9ratures sup\u00e9rieures \u00e0 celles sp\u00e9cifi\u00e9es. De plus, des mesures de s\u00e9curit\u00e9 ad\u00e9quates doivent \u00eatre prises lors de la manipulation de ce produit chimique, notamment le port de gants, de lunettes et de v\u00eatements de protection.<\/p>\n<h3>FAQ\u00a0:<\/h3>\n<p><strong>Q\u00a0: Qu&#039;est-ce que le WT-607\u00a0?<\/strong><\/p>\n<p>Le WT-607 est un inhibiteur de tartre con\u00e7u pour les syst\u00e8mes d&#039;eau de remplissage des champs p\u00e9trolif\u00e8res afin d&#039;emp\u00eacher la formation de d\u00e9p\u00f4ts min\u00e9raux sur les parois des tuyaux. Il incorpore de l&#039;acide organophosphor\u00e9, des tensioactifs sp\u00e9ciaux et des agents synergiques qui ch\u00e9latent avec les ions calcium et magn\u00e9sium.<\/p>\n<p><strong>Q\u00a0: Comment fonctionne le WT-607\u00a0?<\/strong><\/p>\n<p>Le WT-607 agit en se liant aux ions calcium et magn\u00e9sium, les emp\u00eachant de pr\u00e9cipiter hors de la solution, emp\u00eachant ainsi les d\u00e9p\u00f4ts min\u00e9raux de s&#039;accumuler sur les parois des tuyaux dans les syst\u00e8mes d&#039;eau de remplissage des champs p\u00e9trolif\u00e8res.<\/p>\n<p><strong>Q\u00a0: Quels sont les avantages de l&#039;utilisation du WT-607\u00a0?<\/strong><\/p>\n<p>Certains avantages incluent la r\u00e9sistance aux hautes temp\u00e9ratures, la tol\u00e9rance alcaline, la tol\u00e9rance au sel et une bonne compatibilit\u00e9 avec d&#039;autres additifs, ce qui en fait un choix fiable lorsqu&#039;il est utilis\u00e9 dans divers environnements.<\/p>\n<p><strong>Q\uff1a Quelles pr\u00e9cautions faut-il prendre lors de l&#039;utilisation du WT-607 ?<\/strong><\/p>\n<p>Des pr\u00e9cautions de s\u00e9curit\u00e9 doivent toujours \u00eatre prises lors de la manipulation de produits chimiques, notamment le port de gants de protection, de lunettes, de v\u00eatements, etc. De plus, il convient de veiller \u00e0 ne pas d\u00e9passer les doses recommand\u00e9es ou \u00e0 ne pas l&#039;exposer \u00e0 des temp\u00e9ratures sup\u00e9rieures \u00e0 celles sp\u00e9cifi\u00e9es par le fabricant.<\/p>\n<p><strong>Q : Quelles applications peuvent b\u00e9n\u00e9ficier de l&#039;utilisation du WT-607 ?<\/strong><\/p>\n<p>Le WT-607 peut \u00eatre utilis\u00e9 dans n&#039;importe quel environnement o\u00f9 la formation de tartre doit \u00eatre emp\u00each\u00e9e, comme les syst\u00e8mes d&#039;eau de remplissage des champs p\u00e9trolif\u00e8res et d&#039;autres environnements industriels tels que les chaudi\u00e8res.<\/p>\n<p><strong>Q\u00a0: Existe-t-il des donn\u00e9es de recherche disponibles sur le WT-607\u00a0?<\/strong><\/p>\n<p>Des donn\u00e9es de recherche sont disponibles concernant son efficacit\u00e9 contre diff\u00e9rentes \u00e9chelles et son ad\u00e9quation \u00e0 diverses conditions environnementales telles que l&#039;alcalinit\u00e9.<\/p>\n<p><a href=\"https:\/\/vcycletech.com\/fr\/categorie-de-produit\/inhibiteurs-de-corrosion-et-agents-de-filmage-de-pretraitement-a-echelle-construite\/\">Obtenez la solution compl\u00e8te d&#039;inhibiteurs de corrosion et d&#039;agents de filmage de pr\u00e9traitement.<\/a><\/p>\n<\/div>","protected":false},"excerpt":{"rendered":"<p class=\"my-0.5\"><strong>WT-607 est un inhibiteur de tartre<\/strong> pour l&#039;eau de remplissage des champs p\u00e9trolif\u00e8res, sp\u00e9cialement con\u00e7u pour les produits chimiques de traitement de l&#039;eau. Il est construit avec de l&#039;acide organophosphorique, un tensioactif sp\u00e9cial et des agents synergiques qui peuvent ch\u00e9later avec Ca2+ et Mg2+. Cela fait <strong>WT-607<\/strong> un agent ch\u00e9lateur efficace qui emp\u00eache la formation de tartre dans les canalisations. Il pr\u00e9sente \u00e9galement les avantages d&#039;une r\u00e9sistance aux temp\u00e9ratures \u00e9lev\u00e9es, d&#039;une tol\u00e9rance aux alcalins, d&#039;une tol\u00e9rance au sel et d&#039;une bonne compatibilit\u00e9 avec d&#039;autres additifs. <strong>WT-607<\/strong> est un choix fiable pour les syst\u00e8mes d&#039;eau de remplissage des champs p\u00e9trolif\u00e8res et d&#039;autres applications industrielles.<\/p>","protected":false},"featured_media":2823,"template":"","meta":{"site-sidebar-layout":"default","site-content-layout":"default","ast-site-content-layout":"default","site-content-style":"default","site-sidebar-style":"default","ast-global-header-display":"","ast-banner-title-visibility":"","ast-main-header-display":"","ast-hfb-above-header-display":"","ast-hfb-below-header-display":"","ast-hfb-mobile-header-display":"","site-post-title":"","ast-breadcrumbs-content":"","ast-featured-img":"","footer-sml-layout":"","ast-disable-related-posts":"","theme-transparent-header-meta":"default","adv-header-id-meta":"","stick-header-meta":"default","header-above-stick-meta":"","header-main-stick-meta":"","header-below-stick-meta":"","astra-migrate-meta-layouts":"default","ast-page-background-enabled":"default","ast-page-background-meta":{"desktop":{"background-color":"","background-image":"","background-repeat":"repeat","background-position":"center center","background-size":"auto","background-attachment":"scroll","background-type":"","background-media":"","overlay-type":"","overlay-color":"","overlay-opacity":"","overlay-gradient":""},"tablet":{"background-color":"","background-image":"","background-repeat":"repeat","background-position":"center center","background-size":"auto","background-attachment":"scroll","background-type":"","background-media":"","overlay-type":"","overlay-color":"","overlay-opacity":"","overlay-gradient":""},"mobile":{"background-color":"","background-image":"","background-repeat":"repeat","background-position":"center center","background-size":"auto","background-attachment":"scroll","background-type":"","background-media":"","overlay-type":"","overlay-color":"","overlay-opacity":"","overlay-gradient":""}},"ast-content-background-meta":{"desktop":{"background-color":"var(--ast-global-color-5)","background-image":"","background-repeat":"repeat","background-position":"center center","background-size":"auto","background-attachment":"scroll","background-type":"","background-media":"","overlay-type":"","overlay-color":"","overlay-opacity":"","overlay-gradient":""},"tablet":{"background-color":"var(--ast-global-color-5)","background-image":"","background-repeat":"repeat","background-position":"center center","background-size":"auto","background-attachment":"scroll","background-type":"","background-media":"","overlay-type":"","overlay-color":"","overlay-opacity":"","overlay-gradient":""},"mobile":{"background-color":"var(--ast-global-color-5)","background-image":"","background-repeat":"repeat","background-position":"center center","background-size":"auto","background-attachment":"scroll","background-type":"","background-media":"","overlay-type":"","overlay-color":"","overlay-opacity":"","overlay-gradient":""}}},"product_brand":[],"product_cat":[32],"product_tag":[],"class_list":{"0":"post-1408","1":"product","2":"type-product","3":"status-publish","4":"has-post-thumbnail","6":"product_cat-built-scale-corrosion-inhibitors-and-pretreatment-filming-agents","7":"desktop-align-left","8":"tablet-align-left","9":"mobile-align-left","10":"ast-product-gallery-layout-horizontal-slider","11":"ast-product-gallery-with-no-image","12":"ast-product-tabs-layout-horizontal","14":"first","15":"instock","16":"shipping-taxable","17":"product-type-simple"},"yoast_head":"<!-- This site is optimized with the Yoast SEO Premium plugin v26.3 (Yoast SEO v27.3) - https:\/\/yoast.com\/product\/yoast-seo-premium-wordpress\/ -->\n<title>WT-607 Scale Inhibitor for Oilfield Refill Water - vcycletech<\/title>\n<meta name=\"description\" content=\"Keep your water clean and free from scale deposits with WT-607 Scale Inhibitor for Oilfield Refill Water. Get the ultimate water treatment chemicals now!\" \/>\n<meta name=\"robots\" content=\"index, follow, max-snippet:-1, max-image-preview:large, max-video-preview:-1\" \/>\n<link rel=\"canonical\" href=\"https:\/\/vcycletech.com\/fr\/produit\/kr-607-inhibiteur-de-tartre-pour-leau-de-remplissage-des-champs-petroliferes\/\" \/>\n<meta property=\"og:locale\" content=\"fr_FR\" \/>\n<meta property=\"og:type\" content=\"article\" \/>\n<meta property=\"og:title\" content=\"WT-607 Scale Inhibitor for Oilfield Refill Water\" \/>\n<meta property=\"og:description\" content=\"Keep your water clean and free from scale deposits with WT-607 Scale Inhibitor for Oilfield Refill Water. Get the ultimate water treatment chemicals now!\" \/>\n<meta property=\"og:url\" content=\"https:\/\/vcycletech.com\/fr\/produit\/kr-607-inhibiteur-de-tartre-pour-leau-de-remplissage-des-champs-petroliferes\/\" \/>\n<meta property=\"og:site_name\" content=\"vcycletech\" \/>\n<meta property=\"article:modified_time\" content=\"2023-03-27T02:49:47+00:00\" \/>\n<meta property=\"og:image\" content=\"https:\/\/vcycletech.com\/wp-content\/uploads\/2023\/03\/1-109.png\" \/>\n\t<meta property=\"og:image:width\" content=\"600\" \/>\n\t<meta property=\"og:image:height\" content=\"600\" \/>\n\t<meta property=\"og:image:type\" content=\"image\/png\" \/>\n<meta name=\"twitter:card\" content=\"summary_large_image\" \/>\n<meta name=\"twitter:label1\" content=\"Dur\u00e9e de lecture estim\u00e9e\" \/>\n\t<meta name=\"twitter:data1\" content=\"3 minutes\" \/>\n<script type=\"application\/ld+json\" class=\"yoast-schema-graph\">{\"@context\":\"https:\\\/\\\/schema.org\",\"@graph\":[{\"@type\":\"WebPage\",\"@id\":\"https:\\\/\\\/vcycletech.com\\\/product\\\/wt-607-scale-inhibitor-for-oilfield-refill-water-2\\\/\",\"url\":\"https:\\\/\\\/vcycletech.com\\\/product\\\/wt-607-scale-inhibitor-for-oilfield-refill-water-2\\\/\",\"name\":\"WT-607 Scale Inhibitor for Oilfield Refill Water - vcycletech\",\"isPartOf\":{\"@id\":\"https:\\\/\\\/vcycletech.com\\\/#website\"},\"primaryImageOfPage\":{\"@id\":\"https:\\\/\\\/vcycletech.com\\\/product\\\/wt-607-scale-inhibitor-for-oilfield-refill-water-2\\\/#primaryimage\"},\"image\":{\"@id\":\"https:\\\/\\\/vcycletech.com\\\/product\\\/wt-607-scale-inhibitor-for-oilfield-refill-water-2\\\/#primaryimage\"},\"thumbnailUrl\":\"https:\\\/\\\/vcycletech.com\\\/wp-content\\\/uploads\\\/2023\\\/03\\\/1-109.png\",\"datePublished\":\"2023-03-22T06:53:12+00:00\",\"dateModified\":\"2023-03-27T02:49:47+00:00\",\"description\":\"Keep your water clean and free from scale deposits with WT-607 Scale Inhibitor for Oilfield Refill Water. Get the ultimate water treatment chemicals now!\",\"breadcrumb\":{\"@id\":\"https:\\\/\\\/vcycletech.com\\\/product\\\/wt-607-scale-inhibitor-for-oilfield-refill-water-2\\\/#breadcrumb\"},\"inLanguage\":\"fr-FR\",\"potentialAction\":[{\"@type\":\"ReadAction\",\"target\":[\"https:\\\/\\\/vcycletech.com\\\/product\\\/wt-607-scale-inhibitor-for-oilfield-refill-water-2\\\/\"]}]},{\"@type\":\"ImageObject\",\"inLanguage\":\"fr-FR\",\"@id\":\"https:\\\/\\\/vcycletech.com\\\/product\\\/wt-607-scale-inhibitor-for-oilfield-refill-water-2\\\/#primaryimage\",\"url\":\"https:\\\/\\\/vcycletech.com\\\/wp-content\\\/uploads\\\/2023\\\/03\\\/1-109.png\",\"contentUrl\":\"https:\\\/\\\/vcycletech.com\\\/wp-content\\\/uploads\\\/2023\\\/03\\\/1-109.png\",\"width\":600,\"height\":600,\"caption\":\"WT-607 Scale Inhibitor for Oilfield Refill Water\"},{\"@type\":\"BreadcrumbList\",\"@id\":\"https:\\\/\\\/vcycletech.com\\\/product\\\/wt-607-scale-inhibitor-for-oilfield-refill-water-2\\\/#breadcrumb\",\"itemListElement\":[{\"@type\":\"ListItem\",\"position\":1,\"name\":\"Home\",\"item\":\"https:\\\/\\\/vcycletech.com\\\/\"},{\"@type\":\"ListItem\",\"position\":2,\"name\":\"Water Treatment Chemicals Manufacturer\",\"item\":\"https:\\\/\\\/vcycletech.com\\\/water-treatment-chemicals-manufacturer\\\/\"},{\"@type\":\"ListItem\",\"position\":3,\"name\":\"WT-607 Scale Inhibitor for Oilfield Refill Water\"}]},{\"@type\":\"WebSite\",\"@id\":\"https:\\\/\\\/vcycletech.com\\\/#website\",\"url\":\"https:\\\/\\\/vcycletech.com\\\/\",\"name\":\"vcycletech\",\"description\":\"China&#039;s top water treatment chemicals supplier\",\"publisher\":{\"@id\":\"https:\\\/\\\/vcycletech.com\\\/#organization\"},\"potentialAction\":[{\"@type\":\"SearchAction\",\"target\":{\"@type\":\"EntryPoint\",\"urlTemplate\":\"https:\\\/\\\/vcycletech.com\\\/?s={search_term_string}\"},\"query-input\":{\"@type\":\"PropertyValueSpecification\",\"valueRequired\":true,\"valueName\":\"search_term_string\"}}],\"inLanguage\":\"fr-FR\"},{\"@type\":\"Organization\",\"@id\":\"https:\\\/\\\/vcycletech.com\\\/#organization\",\"name\":\"vcycletech\",\"url\":\"https:\\\/\\\/vcycletech.com\\\/\",\"logo\":{\"@type\":\"ImageObject\",\"inLanguage\":\"fr-FR\",\"@id\":\"https:\\\/\\\/vcycletech.com\\\/#\\\/schema\\\/logo\\\/image\\\/\",\"url\":\"https:\\\/\\\/vcycletech.com\\\/wp-content\\\/uploads\\\/2023\\\/03\\\/logo-vcycletech-1.png\",\"contentUrl\":\"https:\\\/\\\/vcycletech.com\\\/wp-content\\\/uploads\\\/2023\\\/03\\\/logo-vcycletech-1.png\",\"width\":600,\"height\":400,\"caption\":\"vcycletech\"},\"image\":{\"@id\":\"https:\\\/\\\/vcycletech.com\\\/#\\\/schema\\\/logo\\\/image\\\/\"}}]}<\/script>\n<!-- \/ Yoast SEO Premium plugin. -->","yoast_head_json":{"title":"Inhibiteur de tartre WT-607 pour l&#039;eau de remplissage des champs p\u00e9trolif\u00e8res - vcycletech","description":"Gardez votre eau propre et exempte de d\u00e9p\u00f4ts de tartre avec l&#039;inhibiteur de tartre WT-607 pour l&#039;eau de remplissage des champs p\u00e9trolif\u00e8res. Obtenez les meilleurs produits chimiques de traitement de l&#039;eau maintenant\u00a0!","robots":{"index":"index","follow":"follow","max-snippet":"max-snippet:-1","max-image-preview":"max-image-preview:large","max-video-preview":"max-video-preview:-1"},"canonical":"https:\/\/vcycletech.com\/fr\/produit\/kr-607-inhibiteur-de-tartre-pour-leau-de-remplissage-des-champs-petroliferes\/","og_locale":"fr_FR","og_type":"article","og_title":"WT-607 Scale Inhibitor for Oilfield Refill Water","og_description":"Keep your water clean and free from scale deposits with WT-607 Scale Inhibitor for Oilfield Refill Water. Get the ultimate water treatment chemicals now!","og_url":"https:\/\/vcycletech.com\/fr\/produit\/kr-607-inhibiteur-de-tartre-pour-leau-de-remplissage-des-champs-petroliferes\/","og_site_name":"vcycletech","article_modified_time":"2023-03-27T02:49:47+00:00","og_image":[{"width":600,"height":600,"url":"https:\/\/vcycletech.com\/wp-content\/uploads\/2023\/03\/1-109.png","type":"image\/png"}],"twitter_card":"summary_large_image","twitter_misc":{"Dur\u00e9e de lecture estim\u00e9e":"3 minutes"},"schema":{"@context":"https:\/\/schema.org","@graph":[{"@type":"WebPage","@id":"https:\/\/vcycletech.com\/product\/wt-607-scale-inhibitor-for-oilfield-refill-water-2\/","url":"https:\/\/vcycletech.com\/product\/wt-607-scale-inhibitor-for-oilfield-refill-water-2\/","name":"Inhibiteur de tartre WT-607 pour l&#039;eau de remplissage des champs p\u00e9trolif\u00e8res - vcycletech","isPartOf":{"@id":"https:\/\/vcycletech.com\/#website"},"primaryImageOfPage":{"@id":"https:\/\/vcycletech.com\/product\/wt-607-scale-inhibitor-for-oilfield-refill-water-2\/#primaryimage"},"image":{"@id":"https:\/\/vcycletech.com\/product\/wt-607-scale-inhibitor-for-oilfield-refill-water-2\/#primaryimage"},"thumbnailUrl":"https:\/\/vcycletech.com\/wp-content\/uploads\/2023\/03\/1-109.png","datePublished":"2023-03-22T06:53:12+00:00","dateModified":"2023-03-27T02:49:47+00:00","description":"Gardez votre eau propre et exempte de d\u00e9p\u00f4ts de tartre avec l&#039;inhibiteur de tartre WT-607 pour l&#039;eau de remplissage des champs p\u00e9trolif\u00e8res. Obtenez les meilleurs produits chimiques de traitement de l&#039;eau maintenant\u00a0!","breadcrumb":{"@id":"https:\/\/vcycletech.com\/product\/wt-607-scale-inhibitor-for-oilfield-refill-water-2\/#breadcrumb"},"inLanguage":"fr-FR","potentialAction":[{"@type":"ReadAction","target":["https:\/\/vcycletech.com\/product\/wt-607-scale-inhibitor-for-oilfield-refill-water-2\/"]}]},{"@type":"ImageObject","inLanguage":"fr-FR","@id":"https:\/\/vcycletech.com\/product\/wt-607-scale-inhibitor-for-oilfield-refill-water-2\/#primaryimage","url":"https:\/\/vcycletech.com\/wp-content\/uploads\/2023\/03\/1-109.png","contentUrl":"https:\/\/vcycletech.com\/wp-content\/uploads\/2023\/03\/1-109.png","width":600,"height":600,"caption":"WT-607 Scale Inhibitor for Oilfield Refill Water"},{"@type":"BreadcrumbList","@id":"https:\/\/vcycletech.com\/product\/wt-607-scale-inhibitor-for-oilfield-refill-water-2\/#breadcrumb","itemListElement":[{"@type":"ListItem","position":1,"name":"Home","item":"https:\/\/vcycletech.com\/"},{"@type":"ListItem","position":2,"name":"Water Treatment Chemicals Manufacturer","item":"https:\/\/vcycletech.com\/water-treatment-chemicals-manufacturer\/"},{"@type":"ListItem","position":3,"name":"WT-607 Scale Inhibitor for Oilfield Refill Water"}]},{"@type":"WebSite","@id":"https:\/\/vcycletech.com\/#website","url":"https:\/\/vcycletech.com\/","name":"vcycletech","description":"Meilleur fournisseur de produits chimiques pour le traitement de l&#039;eau en Chine","publisher":{"@id":"https:\/\/vcycletech.com\/#organization"},"potentialAction":[{"@type":"SearchAction","target":{"@type":"EntryPoint","urlTemplate":"https:\/\/vcycletech.com\/?s={search_term_string}"},"query-input":{"@type":"PropertyValueSpecification","valueRequired":true,"valueName":"search_term_string"}}],"inLanguage":"fr-FR"},{"@type":"Organization","@id":"https:\/\/vcycletech.com\/#organization","name":"vcycletech","url":"https:\/\/vcycletech.com\/","logo":{"@type":"ImageObject","inLanguage":"fr-FR","@id":"https:\/\/vcycletech.com\/#\/schema\/logo\/image\/","url":"https:\/\/vcycletech.com\/wp-content\/uploads\/2023\/03\/logo-vcycletech-1.png","contentUrl":"https:\/\/vcycletech.com\/wp-content\/uploads\/2023\/03\/logo-vcycletech-1.png","width":600,"height":400,"caption":"vcycletech"},"image":{"@id":"https:\/\/vcycletech.com\/#\/schema\/logo\/image\/"}}]}},"_links":{"self":[{"href":"https:\/\/vcycletech.com\/fr\/wp-json\/wp\/v2\/product\/1408","targetHints":{"allow":["GET"]}}],"collection":[{"href":"https:\/\/vcycletech.com\/fr\/wp-json\/wp\/v2\/product"}],"about":[{"href":"https:\/\/vcycletech.com\/fr\/wp-json\/wp\/v2\/types\/product"}],"wp:featuredmedia":[{"embeddable":true,"href":"https:\/\/vcycletech.com\/fr\/wp-json\/wp\/v2\/media\/2823"}],"wp:attachment":[{"href":"https:\/\/vcycletech.com\/fr\/wp-json\/wp\/v2\/media?parent=1408"}],"wp:term":[{"taxonomy":"product_brand","embeddable":true,"href":"https:\/\/vcycletech.com\/fr\/wp-json\/wp\/v2\/product_brand?post=1408"},{"taxonomy":"product_cat","embeddable":true,"href":"https:\/\/vcycletech.com\/fr\/wp-json\/wp\/v2\/product_cat?post=1408"},{"taxonomy":"product_tag","embeddable":true,"href":"https:\/\/vcycletech.com\/fr\/wp-json\/wp\/v2\/product_tag?post=1408"}],"curies":[{"name":"wp","href":"https:\/\/api.w.org\/{rel}","templated":true}]}}