{"id":1390,"date":"2023-03-22T06:12:43","date_gmt":"2023-03-22T06:12:43","guid":{"rendered":"https:\/\/vcycletech.com\/?post_type=product&#038;p=1390"},"modified":"2023-03-27T03:02:44","modified_gmt":"2023-03-27T03:02:44","slug":"wt-601-inhibiteur-de-tartre-et-de-corrosion-pour-fer-acierie","status":"publish","type":"product","link":"https:\/\/vcycletech.com\/fr\/produit\/wt-601-inhibiteur-de-tartre-et-de-corrosion-pour-fer-acierie\/","title":{"rendered":"WT-601 Inhibiteur de tartre et de corrosion pour sid\u00e9rurgie"},"content":{"rendered":"<h3 id=\"introduction_2\" class=\"xsj_heading_hash xsj_heading xsj_heading_h2\" data-source-line=\"6\" data-source-line-display=\"true\"><span class=\"xsj_heading_content\">Introduction:<\/span><\/h3>\n<p class=\"xsj_paragraph xsj_paragraph_level_0\" data-source-line=\"7\" data-source-line-display=\"true\"><strong>WT-601<\/strong> est un puissant inhibiteur de tartre et de corrosion cr\u00e9\u00e9 \u00e0 partir d&#039;inhibiteurs d&#039;organophosphore, d&#039;acide polycarboxylique et de carbone-fer. Il ch\u00e9late efficacement les d\u00e9p\u00f4ts de carbonate de calcium et de phosphate pour prot\u00e9ger le fer et l&#039;acier dans les syst\u00e8mes d&#039;eau en circulation \u00e0 large ouverture, ce qui en fait une solution id\u00e9ale pour prot\u00e9ger ces mat\u00e9riaux contre l&#039;accumulation de dommages ou la corrosion. La combinaison avanc\u00e9e de compos\u00e9s organiques assure les performances sup\u00e9rieures du WT-601 par rapport aux autres marques.<\/p>\n<div class=\"xiaoshujiang_element xsj_anchor\"><a class=\"blank_anchor_name\" name=\"features20of20wt-601_3\"><\/a><a id=\"features20of20wt-601_3\" class=\"blank_anchor_id\"><\/a><a class=\"blank_anchor_name\" name=\"features-of-wt-601\"><\/a><a id=\"features-of-wt-601\" class=\"blank_anchor_id\"><\/a><\/div>\n<h3 id=\"features20of20wt-601_3\" class=\"xsj_heading_hash xsj_heading xsj_heading_h2\" data-source-line=\"9\" data-source-line-display=\"true\"><span class=\"xsj_heading_content\">Caract\u00e9ristiques:<\/span><\/h3>\n<p class=\"xsj_paragraph xsj_paragraph_level_0\" data-source-line=\"11\" data-source-line-display=\"true\">1, tr\u00e8s efficace - Con\u00e7u pour prot\u00e9ger le fer et l&#039;acier des dommages caus\u00e9s par l&#039;accumulation ou la corrosion.<br \/>\n2, facile \u00e0 utiliser-s&#039;installe facilement dans n&#039;importe quel syst\u00e8me d&#039;eau \u00e0 circulation large et ouvert sans n\u00e9cessiter d&#039;installations complexes.<br \/>\n3, haute compatibilit\u00e9 avec la plupart des mat\u00e9riaux de tuyaux - Assure une protection durable avec des exigences de maintenance minimales.<br \/>\n4, ch\u00e9lateur puissant - ch\u00e9late efficacement les d\u00e9p\u00f4ts de carbonate de calcium et de phosphate pour une protection maximale.<br \/>\n5, non toxique et ininflammable - S\u00fbr \u00e0 utiliser dans de nombreux environnements sans poser de risques pour la sant\u00e9 ou d&#039;incendie.<\/p>\n<h3 id=\"applications20of20wt-20601_4\" class=\"xsj_heading_hash xsj_heading xsj_heading_h2\" data-source-line=\"17\" data-source-line-display=\"true\"><span class=\"xsj_heading_content\">Applications:<\/span><\/h3>\n<p class=\"xsj_paragraph xsj_paragraph_level_0\" data-source-line=\"19\" data-source-line-display=\"true\">1, syst\u00e8mes d&#039;eau d&#039;alimentation de chaudi\u00e8re - Prot\u00e9gez contre l&#039;entartrage, l&#039;encrassement et la rouille tout en am\u00e9liorant l&#039;efficacit\u00e9 des chaudi\u00e8res en r\u00e9duisant le besoin de cycles de nettoyage fr\u00e9quents.<br \/>\n2, syst\u00e8mes HVAC - Aide \u00e0 r\u00e9duire les co\u00fbts \u00e9nerg\u00e9tiques en emp\u00eachant l&#039;accumulation sur les serpentins de l&#039;\u00e9vaporateur, ce qui peut entra\u00eener une baisse de l&#039;efficacit\u00e9 du refroidissement en raison de la perte d&#039;\u00e9nergie.<br \/>\n3, Usines de traitement des eaux us\u00e9es - Emp\u00eache l&#039;accumulation sur les tuyaux qui peut compromettre le processus de filtration, entra\u00eenant des co\u00fbts d&#039;exploitation plus \u00e9lev\u00e9s pour les propri\u00e9taires d&#039;usines.<\/p>\n<h3>Sp\u00e9cification:<\/h3>\n<div>\n<table id=\"tablepress-2\" class=\"tablepress tablepress-id-2\">\n<thead>\n<tr class=\"row-1\">\n\t<th class=\"column-1\">Articles<\/th><th class=\"column-2\">Indice<\/th>\n<\/tr>\n<\/thead>\n<tbody class=\"row-striping row-hover\">\n<tr class=\"row-2\">\n\t<td class=\"column-1\">Apparence<\/td><td class=\"column-2\">Liquide ambr\u00e9<\/td>\n<\/tr>\n<tr class=\"row-3\">\n\t<td class=\"column-1\">Contenu solide, %<\/td><td class=\"column-2\">30,0 minutes<\/td>\n<\/tr>\n<tr class=\"row-4\">\n\t<td class=\"column-1\">Acide phosphorique total,(comme PO43-)%<\/td><td class=\"column-2\">15,0 minutes<\/td>\n<\/tr>\n<tr class=\"row-5\">\n\t<td class=\"column-1\">pH,(1%solution aqueuse)<\/td><td class=\"column-2\">2.0\u00b11.0<\/td>\n<\/tr>\n<tr class=\"row-6\">\n\t<td class=\"column-1\">Densit\u00e9(20\u2103), g\/cm3<\/td><td class=\"column-2\">1.1<\/td>\n<\/tr>\n<tr class=\"row-7\">\n\t<td class=\"column-1\"><span style=\"color:#222222;\"><strong><\/strong><\/span><\/td><td class=\"column-2\"><\/td>\n<\/tr>\n<\/tbody>\n<\/table>\n<\/div>\n<div class=\"xiaoshujiang_element xsj_anchor\"><a class=\"blank_anchor_name\" name=\"frequently20asked20questions20about20wt-20601_4\"><\/a><a id=\"frequently20asked20questions20about20wt-20601_4\" class=\"blank_anchor_id\"><\/a><a class=\"blank_anchor_name\" name=\"frequently-asked-questions-about-wt-601\"><\/a><a id=\"frequently-asked-questions-about-wt-601\" class=\"blank_anchor_id\"><\/a><\/div>\n<h3 id=\"frequently20asked20questions20about20wt-20601_4\" class=\"xsj_heading_hash xsj_heading xsj_heading_h2\" data-source-line=\"21\" data-source-line-display=\"true\">FAQ\u00a0:<\/h3>\n<div class=\"xiaoshujiang_element xsj_anchor\"><a class=\"blank_anchor_name\" name=\"q20what20are20the20benefits20of20using20wt-601_5\"><\/a><a id=\"q20what20are20the20benefits20of20using20wt-601_5\" class=\"blank_anchor_id\"><\/a><a class=\"blank_anchor_name\" name=\"q-what-are-the-benefits-of-using-wt-601\"><\/a><a id=\"q-what-are-the-benefits-of-using-wt-601\" class=\"blank_anchor_id\"><\/a><\/div>\n<p id=\"q20what20are20the20benefits20of20using20wt-601_5\" class=\"xsj_heading_hash xsj_heading xsj_heading_h3\" data-source-line=\"23\" data-source-line-display=\"true\"><strong><span class=\"xsj_heading_content\">Q1\u00a0: Quels sont les avantages d&#039;utiliser le WT-601\u00a0?<\/span><\/strong><\/p>\n<p class=\"xsj_paragraph xsj_paragraph_level_0\" data-source-line=\"25\" data-source-line-display=\"true\">Le principal avantage est qu&#039;il est tr\u00e8s efficace pour prot\u00e9ger le fer et l&#039;acier contre les dommages caus\u00e9s par l&#039;accumulation ou la corrosion tout en \u00e9tant simple \u00e0 instiller dans n&#039;importe quel syst\u00e8me d&#039;eau \u00e0 circulation large ouvert avec des exigences d&#039;entretien minimales par la suite.<\/p>\n<div class=\"xiaoshujiang_element xsj_anchor\"><a class=\"blank_anchor_name\" name=\"q20is20wt-2060120non20toxic_6\"><\/a><a id=\"q20is20wt-2060120non20toxic_6\" class=\"blank_anchor_id\"><\/a><a class=\"blank_anchor_name\" name=\"q-is-wt-601-non-toxic\"><\/a><a id=\"q-is-wt-601-non-toxic\" class=\"blank_anchor_id\"><\/a><\/div>\n<p id=\"q20is20wt-2060120non20toxic_6\" class=\"xsj_heading_hash xsj_heading xsj_heading_h3\" data-source-line=\"27\" data-source-line-display=\"true\"><strong><span class=\"xsj_heading_content\">Q2 : Le WT-601 est-il non toxique ?<\/span><\/strong><\/p>\n<p class=\"xsj_paragraph xsj_paragraph_level_0\" data-source-line=\"29\" data-source-line-display=\"true\">Oui, il est non toxique et ininflammable, ce qui le rend s\u00fbr \u00e0 utiliser dans presque tous les environnements sans poser de risques pour la sant\u00e9 ou d&#039;incendie.<\/p>\n<div class=\"xiaoshujiang_element xsj_anchor\"><a class=\"blank_anchor_name\" name=\"q20how20does20wt-60120work_7\"><\/a><a id=\"q20how20does20wt-60120work_7\" class=\"blank_anchor_id\"><\/a><a class=\"blank_anchor_name\" name=\"q-how-does-wt-601-work\"><\/a><a id=\"q-how-does-wt-601-work\" class=\"blank_anchor_id\"><\/a><\/div>\n<p id=\"q20how20does20wt-60120work_7\" class=\"xsj_heading_hash xsj_heading xsj_heading_h3\" data-source-line=\"31\" data-source-line-display=\"true\"><strong><span class=\"xsj_heading_content\">Q3\u00a0: Comment fonctionne le WT-601\u00a0?<\/span><\/strong><\/p>\n<p class=\"xsj_paragraph xsj_paragraph_level_0\" data-source-line=\"33\" data-source-line-display=\"true\">Il agit en ch\u00e9latant les d\u00e9p\u00f4ts de carbonate de calcium et de phosphate, ce qui aide \u00e0 prot\u00e9ger le fer et l&#039;acier des dommages caus\u00e9s par l&#039;accumulation ou la corrosion lorsqu&#039;il est utilis\u00e9 dans un syst\u00e8me d&#039;eau \u00e0 circulation large ouvert tel qu&#039;un syst\u00e8me d&#039;eau d&#039;alimentation de chaudi\u00e8re ou un syst\u00e8me CVC.<\/p>\n<div class=\"xiaoshujiang_element xsj_anchor\"><a class=\"blank_anchor_name\" name=\"q20what20type20of20materials20are20compatible20with20wte28090601_8\"><\/a><a id=\"q20what20type20of20materials20are20compatible20with20wte28090601_8\" class=\"blank_anchor_id\"><\/a><a class=\"blank_anchor_name\" name=\"q-what-type-of-materials-are-compatible-with-wt601\"><\/a><a id=\"q-what-type-of-materials-are-compatible-with-wt601\" class=\"blank_anchor_id\"><\/a><\/div>\n<p id=\"q20what20type20of20materials20are20compatible20with20wte28090601_8\" class=\"xsj_heading_hash xsj_heading xsj_heading_h3\" data-source-line=\"35\" data-source-line-display=\"true\"><strong><span class=\"xsj_heading_content\">Q4\u00a0: Quels types de mat\u00e9riaux sont compatibles avec le WT\u2010601\u00a0?<\/span><\/strong><\/p>\n<p class=\"xsj_paragraph xsj_paragraph_level_0\" data-source-line=\"37\" data-source-line-display=\"true\">Le WT-601 est hautement compatible avec la plupart des mat\u00e9riaux de tuyauterie, vous n&#039;avez donc pas \u00e0 vous soucier d&#039;endommager la tuyauterie existante lors de son utilisation pour la protection contre l&#039;accumulation de tartre ou la corrosion.<\/p>\n<div class=\"xiaoshujiang_element xsj_anchor\"><a class=\"blank_anchor_name\" name=\"q20are20there20any20safety20concerns20associated20with20using20wte28090601_9\"><\/a><a id=\"q20are20there20any20safety20concerns20associated20with20using20wte28090601_9\" class=\"blank_anchor_id\"><\/a><a class=\"blank_anchor_name\" name=\"q-are-there-any-safety-concerns-associated-with-using-wt601\"><\/a><a id=\"q-are-there-any-safety-concerns-associated-with-using-wt601\" class=\"blank_anchor_id\"><\/a><\/div>\n<p id=\"q20are20there20any20safety20concerns20associated20with20using20wte28090601_9\" class=\"xsj_heading_hash xsj_heading xsj_heading_h3\" data-source-line=\"40\" data-source-line-display=\"true\"><strong><span class=\"xsj_heading_content\">Q5\u00a0: Y a-t-il des probl\u00e8mes de s\u00e9curit\u00e9 associ\u00e9s \u00e0 l&#039;utilisation du WT\u2010601\u00a0?<\/span><\/strong><\/p>\n<p class=\"xsj_paragraph xsj_paragraph_level_0\" data-source-line=\"42\" data-source-line-display=\"true\">Non, car il est non toxique et ininflammable, il n&#039;y a aucun probl\u00e8me de s\u00e9curit\u00e9 associ\u00e9 \u00e0 son utilisation en dehors des pr\u00e9cautions normales \u00e0 prendre lorsqu&#039;il s&#039;agit de produits chimiques.<\/p>\n<p class=\"xsj_paragraph xsj_paragraph_level_0\" data-source-line=\"44\" data-source-line-display=\"true\"><a class=\"xsj_link xsj_manu_link\" href=\"https:\/\/vcycletech.com\/fr\/categorie-de-produit\/inhibiteurs-de-corrosion-et-agents-de-filmage-de-pretraitement-a-echelle-construite\/\">Obtenez la solution compl\u00e8te d&#039;inhibiteurs de tartre et de corrosion et d&#039;agents de filmage de pr\u00e9traitement<\/a>.<\/p>","protected":false},"excerpt":{"rendered":"<p>Si vous recherchez un inhibiteur de tartre et de corrosion qui peut prot\u00e9ger l&#039;acier et le fer dans les syst\u00e8mes d&#039;eau froide \u00e0 circulation large et ouverte, alors <strong>WT<span style=\"font-size: 16px; font-style: normal;\">\u00a0<\/span><\/strong><span style=\"font-size: 16px;\"><strong>-601<\/strong> est un choix parfait. Ce produit est fabriqu\u00e9 \u00e0 partir d&#039;inhibiteurs d&#039;organophosphore, d&#039;acide polycarboxylique et de carbone-fer, ce qui le rend tr\u00e8s efficace pour ch\u00e9later les d\u00e9p\u00f4ts de carbonate de calcium et de phosphate. En utilisant <strong>WT-601<\/strong>, vous pouvez prot\u00e9ger vos mat\u00e9riaux contre l&#039;accumulation de dommages ou la corrosion.<\/span><\/p>","protected":false},"featured_media":1398,"template":"","meta":{"site-sidebar-layout":"default","site-content-layout":"default","ast-site-content-layout":"default","site-content-style":"default","site-sidebar-style":"default","ast-global-header-display":"","ast-banner-title-visibility":"","ast-main-header-display":"","ast-hfb-above-header-display":"","ast-hfb-below-header-display":"","ast-hfb-mobile-header-display":"","site-post-title":"","ast-breadcrumbs-content":"","ast-featured-img":"","footer-sml-layout":"","ast-disable-related-posts":"","theme-transparent-header-meta":"default","adv-header-id-meta":"","stick-header-meta":"default","header-above-stick-meta":"","header-main-stick-meta":"","header-below-stick-meta":"","astra-migrate-meta-layouts":"default","ast-page-background-enabled":"default","ast-page-background-meta":{"desktop":{"background-color":"","background-image":"","background-repeat":"repeat","background-position":"center center","background-size":"auto","background-attachment":"scroll","background-type":"","background-media":"","overlay-type":"","overlay-color":"","overlay-opacity":"","overlay-gradient":""},"tablet":{"background-color":"","background-image":"","background-repeat":"repeat","background-position":"center center","background-size":"auto","background-attachment":"scroll","background-type":"","background-media":"","overlay-type":"","overlay-color":"","overlay-opacity":"","overlay-gradient":""},"mobile":{"background-color":"","background-image":"","background-repeat":"repeat","background-position":"center center","background-size":"auto","background-attachment":"scroll","background-type":"","background-media":"","overlay-type":"","overlay-color":"","overlay-opacity":"","overlay-gradient":""}},"ast-content-background-meta":{"desktop":{"background-color":"var(--ast-global-color-5)","background-image":"","background-repeat":"repeat","background-position":"center center","background-size":"auto","background-attachment":"scroll","background-type":"","background-media":"","overlay-type":"","overlay-color":"","overlay-opacity":"","overlay-gradient":""},"tablet":{"background-color":"var(--ast-global-color-5)","background-image":"","background-repeat":"repeat","background-position":"center center","background-size":"auto","background-attachment":"scroll","background-type":"","background-media":"","overlay-type":"","overlay-color":"","overlay-opacity":"","overlay-gradient":""},"mobile":{"background-color":"var(--ast-global-color-5)","background-image":"","background-repeat":"repeat","background-position":"center center","background-size":"auto","background-attachment":"scroll","background-type":"","background-media":"","overlay-type":"","overlay-color":"","overlay-opacity":"","overlay-gradient":""}}},"product_brand":[],"product_cat":[32],"product_tag":[],"class_list":{"0":"post-1390","1":"product","2":"type-product","3":"status-publish","4":"has-post-thumbnail","6":"product_cat-built-scale-corrosion-inhibitors-and-pretreatment-filming-agents","7":"desktop-align-left","8":"tablet-align-left","9":"mobile-align-left","10":"ast-product-gallery-layout-horizontal-slider","11":"ast-product-gallery-with-no-image","12":"ast-product-tabs-layout-horizontal","14":"first","15":"instock","16":"shipping-taxable","17":"product-type-simple"},"yoast_head":"<!-- This site is optimized with the Yoast SEO Premium plugin v26.3 (Yoast SEO v27.3) - https:\/\/yoast.com\/product\/yoast-seo-premium-wordpress\/ -->\n<title>WT-601 Scale and Corrosion Inhibitor for Iron &amp; Steel Plant - vcycletech<\/title>\n<meta name=\"description\" content=\"Protect steel &amp; iron in open wide circulating cool water systems with WT-601 \u2013 a highly effective scale and corrosion inhibitor crafted from organophosphorus, polycarboxylic acid, and carbon iron inhibitors!\" \/>\n<meta name=\"robots\" content=\"index, follow, max-snippet:-1, max-image-preview:large, max-video-preview:-1\" \/>\n<link rel=\"canonical\" href=\"https:\/\/vcycletech.com\/fr\/produit\/wt-601-inhibiteur-de-tartre-et-de-corrosion-pour-fer-acierie\/\" \/>\n<meta property=\"og:locale\" content=\"fr_FR\" \/>\n<meta property=\"og:type\" content=\"article\" \/>\n<meta property=\"og:title\" content=\"WT-601 Scale and Corrosion Inhibitor for Iron &amp; Steel Plant\" \/>\n<meta property=\"og:description\" content=\"Protect steel &amp; iron in open wide circulating cool water systems with WT-601 \u2013 a highly effective scale and corrosion inhibitor crafted from organophosphorus, polycarboxylic acid, and carbon iron inhibitors!\" \/>\n<meta property=\"og:url\" content=\"https:\/\/vcycletech.com\/fr\/produit\/wt-601-inhibiteur-de-tartre-et-de-corrosion-pour-fer-acierie\/\" \/>\n<meta property=\"og:site_name\" content=\"vcycletech\" \/>\n<meta property=\"article:modified_time\" content=\"2023-03-27T03:02:44+00:00\" \/>\n<meta property=\"og:image\" content=\"https:\/\/vcycletech.com\/wp-content\/uploads\/2023\/03\/WT-601.png\" \/>\n\t<meta property=\"og:image:width\" content=\"600\" \/>\n\t<meta property=\"og:image:height\" content=\"600\" \/>\n\t<meta property=\"og:image:type\" content=\"image\/png\" \/>\n<meta name=\"twitter:card\" content=\"summary_large_image\" \/>\n<meta name=\"twitter:label1\" content=\"Dur\u00e9e de lecture estim\u00e9e\" \/>\n\t<meta name=\"twitter:data1\" content=\"2 minutes\" \/>\n<script type=\"application\/ld+json\" class=\"yoast-schema-graph\">{\"@context\":\"https:\\\/\\\/schema.org\",\"@graph\":[{\"@type\":\"WebPage\",\"@id\":\"https:\\\/\\\/vcycletech.com\\\/product\\\/wt-601-scale-and-corrosion-inhibitor-for-iron-steel-plant\\\/\",\"url\":\"https:\\\/\\\/vcycletech.com\\\/product\\\/wt-601-scale-and-corrosion-inhibitor-for-iron-steel-plant\\\/\",\"name\":\"WT-601 Scale and Corrosion Inhibitor for Iron & Steel Plant - vcycletech\",\"isPartOf\":{\"@id\":\"https:\\\/\\\/vcycletech.com\\\/#website\"},\"primaryImageOfPage\":{\"@id\":\"https:\\\/\\\/vcycletech.com\\\/product\\\/wt-601-scale-and-corrosion-inhibitor-for-iron-steel-plant\\\/#primaryimage\"},\"image\":{\"@id\":\"https:\\\/\\\/vcycletech.com\\\/product\\\/wt-601-scale-and-corrosion-inhibitor-for-iron-steel-plant\\\/#primaryimage\"},\"thumbnailUrl\":\"https:\\\/\\\/vcycletech.com\\\/wp-content\\\/uploads\\\/2023\\\/03\\\/WT-601.png\",\"datePublished\":\"2023-03-22T06:12:43+00:00\",\"dateModified\":\"2023-03-27T03:02:44+00:00\",\"description\":\"Protect steel & iron in open wide circulating cool water systems with WT-601 \u2013 a highly effective scale and corrosion inhibitor crafted from organophosphorus, polycarboxylic acid, and carbon iron inhibitors!\",\"breadcrumb\":{\"@id\":\"https:\\\/\\\/vcycletech.com\\\/product\\\/wt-601-scale-and-corrosion-inhibitor-for-iron-steel-plant\\\/#breadcrumb\"},\"inLanguage\":\"fr-FR\",\"potentialAction\":[{\"@type\":\"ReadAction\",\"target\":[\"https:\\\/\\\/vcycletech.com\\\/product\\\/wt-601-scale-and-corrosion-inhibitor-for-iron-steel-plant\\\/\"]}]},{\"@type\":\"ImageObject\",\"inLanguage\":\"fr-FR\",\"@id\":\"https:\\\/\\\/vcycletech.com\\\/product\\\/wt-601-scale-and-corrosion-inhibitor-for-iron-steel-plant\\\/#primaryimage\",\"url\":\"https:\\\/\\\/vcycletech.com\\\/wp-content\\\/uploads\\\/2023\\\/03\\\/WT-601.png\",\"contentUrl\":\"https:\\\/\\\/vcycletech.com\\\/wp-content\\\/uploads\\\/2023\\\/03\\\/WT-601.png\",\"width\":600,\"height\":600,\"caption\":\"WT-601 Scale and Corrosion Inhibitor for Iron & Steel Plant\"},{\"@type\":\"BreadcrumbList\",\"@id\":\"https:\\\/\\\/vcycletech.com\\\/product\\\/wt-601-scale-and-corrosion-inhibitor-for-iron-steel-plant\\\/#breadcrumb\",\"itemListElement\":[{\"@type\":\"ListItem\",\"position\":1,\"name\":\"Home\",\"item\":\"https:\\\/\\\/vcycletech.com\\\/\"},{\"@type\":\"ListItem\",\"position\":2,\"name\":\"Water Treatment Chemicals Manufacturer\",\"item\":\"https:\\\/\\\/vcycletech.com\\\/water-treatment-chemicals-manufacturer\\\/\"},{\"@type\":\"ListItem\",\"position\":3,\"name\":\"WT-601 Scale and Corrosion Inhibitor for Iron &#038; Steel Plant\"}]},{\"@type\":\"WebSite\",\"@id\":\"https:\\\/\\\/vcycletech.com\\\/#website\",\"url\":\"https:\\\/\\\/vcycletech.com\\\/\",\"name\":\"vcycletech\",\"description\":\"China&#039;s top water treatment chemicals supplier\",\"publisher\":{\"@id\":\"https:\\\/\\\/vcycletech.com\\\/#organization\"},\"potentialAction\":[{\"@type\":\"SearchAction\",\"target\":{\"@type\":\"EntryPoint\",\"urlTemplate\":\"https:\\\/\\\/vcycletech.com\\\/?s={search_term_string}\"},\"query-input\":{\"@type\":\"PropertyValueSpecification\",\"valueRequired\":true,\"valueName\":\"search_term_string\"}}],\"inLanguage\":\"fr-FR\"},{\"@type\":\"Organization\",\"@id\":\"https:\\\/\\\/vcycletech.com\\\/#organization\",\"name\":\"vcycletech\",\"url\":\"https:\\\/\\\/vcycletech.com\\\/\",\"logo\":{\"@type\":\"ImageObject\",\"inLanguage\":\"fr-FR\",\"@id\":\"https:\\\/\\\/vcycletech.com\\\/#\\\/schema\\\/logo\\\/image\\\/\",\"url\":\"https:\\\/\\\/vcycletech.com\\\/wp-content\\\/uploads\\\/2023\\\/03\\\/logo-vcycletech-1.png\",\"contentUrl\":\"https:\\\/\\\/vcycletech.com\\\/wp-content\\\/uploads\\\/2023\\\/03\\\/logo-vcycletech-1.png\",\"width\":600,\"height\":400,\"caption\":\"vcycletech\"},\"image\":{\"@id\":\"https:\\\/\\\/vcycletech.com\\\/#\\\/schema\\\/logo\\\/image\\\/\"}}]}<\/script>\n<!-- \/ Yoast SEO Premium plugin. -->","yoast_head_json":{"title":"WT-601 Inhibiteur de tartre et de corrosion pour sid\u00e9rurgie - vcycletech","description":"Prot\u00e9gez l&#039;acier et le fer dans les syst\u00e8mes d&#039;eau froide \u00e0 circulation large et ouverte avec le WT-601 - un inhibiteur de tartre et de corrosion tr\u00e8s efficace fabriqu\u00e9 \u00e0 partir d&#039;inhibiteurs d&#039;organophosphore, d&#039;acide polycarboxylique et de carbone-fer\u00a0!","robots":{"index":"index","follow":"follow","max-snippet":"max-snippet:-1","max-image-preview":"max-image-preview:large","max-video-preview":"max-video-preview:-1"},"canonical":"https:\/\/vcycletech.com\/fr\/produit\/wt-601-inhibiteur-de-tartre-et-de-corrosion-pour-fer-acierie\/","og_locale":"fr_FR","og_type":"article","og_title":"WT-601 Scale and Corrosion Inhibitor for Iron & Steel Plant","og_description":"Protect steel & iron in open wide circulating cool water systems with WT-601 \u2013 a highly effective scale and corrosion inhibitor crafted from organophosphorus, polycarboxylic acid, and carbon iron inhibitors!","og_url":"https:\/\/vcycletech.com\/fr\/produit\/wt-601-inhibiteur-de-tartre-et-de-corrosion-pour-fer-acierie\/","og_site_name":"vcycletech","article_modified_time":"2023-03-27T03:02:44+00:00","og_image":[{"width":600,"height":600,"url":"https:\/\/vcycletech.com\/wp-content\/uploads\/2023\/03\/WT-601.png","type":"image\/png"}],"twitter_card":"summary_large_image","twitter_misc":{"Dur\u00e9e de lecture estim\u00e9e":"2 minutes"},"schema":{"@context":"https:\/\/schema.org","@graph":[{"@type":"WebPage","@id":"https:\/\/vcycletech.com\/product\/wt-601-scale-and-corrosion-inhibitor-for-iron-steel-plant\/","url":"https:\/\/vcycletech.com\/product\/wt-601-scale-and-corrosion-inhibitor-for-iron-steel-plant\/","name":"WT-601 Inhibiteur de tartre et de corrosion pour sid\u00e9rurgie - vcycletech","isPartOf":{"@id":"https:\/\/vcycletech.com\/#website"},"primaryImageOfPage":{"@id":"https:\/\/vcycletech.com\/product\/wt-601-scale-and-corrosion-inhibitor-for-iron-steel-plant\/#primaryimage"},"image":{"@id":"https:\/\/vcycletech.com\/product\/wt-601-scale-and-corrosion-inhibitor-for-iron-steel-plant\/#primaryimage"},"thumbnailUrl":"https:\/\/vcycletech.com\/wp-content\/uploads\/2023\/03\/WT-601.png","datePublished":"2023-03-22T06:12:43+00:00","dateModified":"2023-03-27T03:02:44+00:00","description":"Prot\u00e9gez l&#039;acier et le fer dans les syst\u00e8mes d&#039;eau froide \u00e0 circulation large et ouverte avec le WT-601 - un inhibiteur de tartre et de corrosion tr\u00e8s efficace fabriqu\u00e9 \u00e0 partir d&#039;inhibiteurs d&#039;organophosphore, d&#039;acide polycarboxylique et de carbone-fer\u00a0!","breadcrumb":{"@id":"https:\/\/vcycletech.com\/product\/wt-601-scale-and-corrosion-inhibitor-for-iron-steel-plant\/#breadcrumb"},"inLanguage":"fr-FR","potentialAction":[{"@type":"ReadAction","target":["https:\/\/vcycletech.com\/product\/wt-601-scale-and-corrosion-inhibitor-for-iron-steel-plant\/"]}]},{"@type":"ImageObject","inLanguage":"fr-FR","@id":"https:\/\/vcycletech.com\/product\/wt-601-scale-and-corrosion-inhibitor-for-iron-steel-plant\/#primaryimage","url":"https:\/\/vcycletech.com\/wp-content\/uploads\/2023\/03\/WT-601.png","contentUrl":"https:\/\/vcycletech.com\/wp-content\/uploads\/2023\/03\/WT-601.png","width":600,"height":600,"caption":"WT-601 Scale and Corrosion Inhibitor for Iron & Steel Plant"},{"@type":"BreadcrumbList","@id":"https:\/\/vcycletech.com\/product\/wt-601-scale-and-corrosion-inhibitor-for-iron-steel-plant\/#breadcrumb","itemListElement":[{"@type":"ListItem","position":1,"name":"Home","item":"https:\/\/vcycletech.com\/"},{"@type":"ListItem","position":2,"name":"Water Treatment Chemicals Manufacturer","item":"https:\/\/vcycletech.com\/water-treatment-chemicals-manufacturer\/"},{"@type":"ListItem","position":3,"name":"WT-601 Scale and Corrosion Inhibitor for Iron &#038; Steel Plant"}]},{"@type":"WebSite","@id":"https:\/\/vcycletech.com\/#website","url":"https:\/\/vcycletech.com\/","name":"vcycletech","description":"Meilleur fournisseur de produits chimiques pour le traitement de l&#039;eau en Chine","publisher":{"@id":"https:\/\/vcycletech.com\/#organization"},"potentialAction":[{"@type":"SearchAction","target":{"@type":"EntryPoint","urlTemplate":"https:\/\/vcycletech.com\/?s={search_term_string}"},"query-input":{"@type":"PropertyValueSpecification","valueRequired":true,"valueName":"search_term_string"}}],"inLanguage":"fr-FR"},{"@type":"Organization","@id":"https:\/\/vcycletech.com\/#organization","name":"vcycletech","url":"https:\/\/vcycletech.com\/","logo":{"@type":"ImageObject","inLanguage":"fr-FR","@id":"https:\/\/vcycletech.com\/#\/schema\/logo\/image\/","url":"https:\/\/vcycletech.com\/wp-content\/uploads\/2023\/03\/logo-vcycletech-1.png","contentUrl":"https:\/\/vcycletech.com\/wp-content\/uploads\/2023\/03\/logo-vcycletech-1.png","width":600,"height":400,"caption":"vcycletech"},"image":{"@id":"https:\/\/vcycletech.com\/#\/schema\/logo\/image\/"}}]}},"_links":{"self":[{"href":"https:\/\/vcycletech.com\/fr\/wp-json\/wp\/v2\/product\/1390","targetHints":{"allow":["GET"]}}],"collection":[{"href":"https:\/\/vcycletech.com\/fr\/wp-json\/wp\/v2\/product"}],"about":[{"href":"https:\/\/vcycletech.com\/fr\/wp-json\/wp\/v2\/types\/product"}],"wp:featuredmedia":[{"embeddable":true,"href":"https:\/\/vcycletech.com\/fr\/wp-json\/wp\/v2\/media\/1398"}],"wp:attachment":[{"href":"https:\/\/vcycletech.com\/fr\/wp-json\/wp\/v2\/media?parent=1390"}],"wp:term":[{"taxonomy":"product_brand","embeddable":true,"href":"https:\/\/vcycletech.com\/fr\/wp-json\/wp\/v2\/product_brand?post=1390"},{"taxonomy":"product_cat","embeddable":true,"href":"https:\/\/vcycletech.com\/fr\/wp-json\/wp\/v2\/product_cat?post=1390"},{"taxonomy":"product_tag","embeddable":true,"href":"https:\/\/vcycletech.com\/fr\/wp-json\/wp\/v2\/product_tag?post=1390"}],"curies":[{"name":"wp","href":"https:\/\/api.w.org\/{rel}","templated":true}]}}