{"id":1386,"date":"2023-03-22T05:50:58","date_gmt":"2023-03-22T05:50:58","guid":{"rendered":"https:\/\/vcycletech.com\/?post_type=product&#038;p=1386"},"modified":"2023-03-22T06:43:00","modified_gmt":"2023-03-22T06:43:00","slug":"dodecyl-tetradecyl-dimethyl-amine-oxydeoa-14","status":"publish","type":"product","link":"https:\/\/vcycletech.com\/fr\/produit\/dodecyl-tetradecyl-dimethyl-amine-oxydeoa-14\/","title":{"rendered":"Oxyde de dod\u00e9cyl t\u00e9trad\u00e9cyl dim\u00e9thyl amine (OA-14)"},"content":{"rendered":"<h3>N\u00b0 CAS 3332-27-2<\/h3>\n<h3>Formule mol\u00e9culaire : C16H35NO<\/h3>\n<h3>Poids mol\u00e9culaire\u00a0: 257,46<\/h3>\n<h3>Formule structurelle:<\/h3>\n<figure id=\"attachment_1388\" aria-describedby=\"caption-attachment-1388\" style=\"width: 600px\" class=\"wp-caption alignnone\"><img fetchpriority=\"high\" decoding=\"async\" class=\"size-full wp-image-1388\" src=\"https:\/\/vcycletech.com\/wp-content\/uploads\/2023\/03\/1-73.png\" alt=\"Oxyde de dod\u00e9cylt\u00e9trad\u00e9cyl dim\u00e9thylamine (OA-14)\" width=\"600\" height=\"600\" srcset=\"https:\/\/vcycletech.com\/wp-content\/uploads\/2023\/03\/1-73.png 600w, https:\/\/vcycletech.com\/wp-content\/uploads\/2023\/03\/1-73-100x100.png 100w, https:\/\/vcycletech.com\/wp-content\/uploads\/2023\/03\/1-73-300x300.png 300w, https:\/\/vcycletech.com\/wp-content\/uploads\/2023\/03\/1-73-150x150.png 150w\" sizes=\"(max-width: 600px) 100vw, 600px\" \/><figcaption id=\"caption-attachment-1388\" class=\"wp-caption-text\">Oxyde de dod\u00e9cylt\u00e9trad\u00e9cyl dim\u00e9thylamine (OA-14)<\/figcaption><\/figure>\n<h3>Sp\u00e9cification:<\/h3>\n<div id=\"footable_parent_1389\"\n         class=\"footable_parent ninja_table_wrapper loading_ninja_table wp_table_data_press_parent semantic_ui\">\n                <table data-ninja_table_instance=\"ninja_table_instance_0\" data-footable_id=\"1389\" data-filter-delay=\"1000\" aria-label=\"Oxyde de dod\u00e9cylt\u00e9trad\u00e9cyl dim\u00e9thylamine (OA-14).csv\"            id=\"footable_1389\"\n           data-unique_identifier=\"ninja_table_unique_id_3487473514_1389\"\n           class=\"foo-table ninja_footable foo_table_1389 ninja_table_unique_id_3487473514_1389 ui table  nt_type_legacy_table selectable striped vertical_centered  footable-paging-right ninja_table_pro\">\n                <colgroup>\n                            <col class=\"ninja_column_0\">\n                            <col class=\"ninja_column_1\">\n                    <\/colgroup>\n        <thead>\n<tr class=\"footable-header\">\n                                        <th scope=\"col\"  class=\"ninja_column_0 ninja_clmn_nm_items\">Articles<\/th><th scope=\"col\"  class=\"ninja_column_1 ninja_clmn_nm_index\">Indice<\/th><\/tr>\n<\/thead>\n<tbody>\n\n        <tr data-row_id=\"368\" class=\"ninja_table_row_0 nt_row_id_368\">\n            <td>Apparence<\/td><td>Liquide transparent jaune clair<\/td>        <\/tr>\n            <tr data-row_id=\"369\" class=\"ninja_table_row_1 nt_row_id_369\">\n            <td>Contenu actif, %<\/td><td>28.0-32.0<\/td>        <\/tr>\n            <tr data-row_id=\"370\" class=\"ninja_table_row_2 nt_row_id_370\">\n            <td>Amine libre, %<\/td><td>1,0 maximum<\/td>        <\/tr>\n            <tr data-row_id=\"371\" class=\"ninja_table_row_3 nt_row_id_371\">\n            <td>PH (solution d&#039;eau 10%)<\/td><td>6.0-9.0<\/td>        <\/tr>\n    <\/tbody><!--ninja_tobody_rendering_done-->\n    <\/table>\n    \n    \n    \n<\/div>\n\n<h3>Propri\u00e9t\u00e9s:<\/h3>\n<p><strong>Oxyde de dod\u00e9cylt\u00e9trad\u00e9cyl dim\u00e9thylamine (OA-14)<\/strong> est un tensioactif zwitterionique \u00e0 base d&#039;oxyde d&#039;amine avec une queue alkyle en C14 (t\u00e9trad\u00e9cyle). Il est utilis\u00e9 comme stabilisateur de mousse et agent revitalisant pour les cheveux dans certains shampooings et revitalisants. <strong>Oxyde de dod\u00e9cylt\u00e9trad\u00e9cyl dim\u00e9thylamine (OA-14)<\/strong> est plus efficace contre les bact\u00e9ries courantes S. aureus et E. coli.<\/p>\n<h3>Usage:<\/h3>\n<p><strong>Oxyde de dod\u00e9cyl t\u00e9trad\u00e9cyl dim\u00e9thyl amine (OA-14)<\/strong> est principalement utilis\u00e9 dans les shampooings, rendant les cheveux plus souples et plus faciles \u00e0 coiffer. Il produit une mousse d\u00e9licate avec un lustre riche. De plus, il peut \u00eatre utilis\u00e9 comme agent de nettoyage pour les surfaces dures telles que la vaisselle, les carreaux de salle de bain et les murs des b\u00e2timents. Ce tensioactif donne de l&#039;\u00e9paisseur aux produits, am\u00e9liore la synergie et r\u00e9duit les irritations.<\/p>\n<h3>Emballage et stockage\u00a0:<\/h3>\n<p><strong>Oxyde de dod\u00e9cylt\u00e9trad\u00e9cyldim\u00e9thylamine (OA-14)<\/strong> doit \u00eatre stock\u00e9 et emball\u00e9 dans un contenant herm\u00e9tique, \u00e0 l&#039;abri de la chaleur, de l&#039;humidit\u00e9 et de la lumi\u00e8re directe du soleil. La dur\u00e9e de conservation du produit est recommand\u00e9e pour ne pas d\u00e9passer un an. F\u00fbt en plastique 200L, IBC (1000L), exigence des clients. Stockage pendant un an dans une pi\u00e8ce ombrag\u00e9e et un endroit sec.<\/p>\n<h3>Synonymes\u00a0:<\/h3>\n<p>OXYDE DE N,N-DIM\u00c9THYL-T\u00c9TRAD\u00c9CYLAMINE<\/p>\n<p>OXYDE DE MYRISTYL DIMETHYLAMINE<\/p>\n<p>1-T\u00e9trad\u00e9canamine,N,N-dim\u00e9thyl-,N-oxyde<\/p>\n<p>n,n-dim\u00e9thyl-1-t\u00e9trad\u00e9canaminn-oxyde<\/p>\n<p>Sol d&#039;oxyde de n,n-dim\u00e9thylt\u00e9trad\u00e9cylaminen<\/p>\n<p>N,N-dim\u00e9thylt\u00e9trad\u00e9cylamine-N-oxyde<\/p>\n<p>OXYDE DE MYRISTAMINE<\/p>\n<p>Oxyde de t\u00e9trad\u00e9cyldim\u00e9thylamine<\/p>\n<h3>FAQ sur l&#039;oxyde de dod\u00e9cylt\u00e9trad\u00e9cyl dim\u00e9thylamine (OA-14)\u00a0:<\/h3>\n<p><strong>Qu&#039;est-ce que l&#039;oxyde de dod\u00e9cylt\u00e9trad\u00e9cyl dim\u00e9thylamine (OA-14)\u00a0?<\/strong><br \/>\nR\u00e9ponse\u00a0: L&#039;oxyde de dod\u00e9cylt\u00e9trad\u00e9cyldim\u00e9thylamine (OA-14) est un tensioactif d&#039;oxyde d&#039;alkylamine couramment utilis\u00e9 dans le traitement de l&#039;eau et d&#039;autres applications industrielles. Il est compos\u00e9 de trois composants principaux - le groupe dod\u00e9cyle, le groupe t\u00e9trad\u00e9cyle et l&#039;oxyde de dim\u00e9thylamine - qui sont combin\u00e9s pour former une mol\u00e9cule amphiphile unique. Cette mol\u00e9cule poss\u00e8de \u00e0 la fois des propri\u00e9t\u00e9s hydrophiles et lipophiles, lui permettant d&#039;interagir \u00e0 la fois avec les mol\u00e9cules d&#039;eau et les compos\u00e9s organiques en solution.<\/p>\n<p><strong>Comment fonctionne OA-14 ?<\/strong><br \/>\nOA-14 fonctionne en agissant comme un \u00e9mulsifiant entre deux liquides non miscibles diff\u00e9rents, tels que l&#039;huile et l&#039;eau. La partie lipophile de la mol\u00e9cule se fixe \u00e0 l&#039;huile tandis que la partie hydrophile se fixe aux mol\u00e9cules d&#039;eau. Cela provoque la mise en suspension des deux substances ensemble dans un m\u00e9lange homog\u00e8ne appel\u00e9 \u00e9mulsion. Cette \u00e9mulsion peut ensuite \u00eatre utilis\u00e9e pour une vari\u00e9t\u00e9 d&#039;applications, y compris, mais sans s&#039;y limiter, le traitement des eaux us\u00e9es et les solutions de d\u00e9graissage.<\/p>\n<p><strong>Quelles sont les utilisations courantes de l&#039;OA-14\u00a0?<\/strong><br \/>\nOA-14 est souvent utilis\u00e9 dans les applications de traitement de l&#039;eau o\u00f9 il aide \u00e0 \u00e9liminer les huiles et les graisses des flux d&#039;eau contamin\u00e9s. Il est \u00e9galement couramment utilis\u00e9 dans les formulations agricoles comme insectifuge et fongicide, en plus d&#039;\u00eatre ajout\u00e9 aux shampooings, revitalisants, d\u00e9tergents, savons, cosm\u00e9tiques et autres agents de nettoyage pour am\u00e9liorer la formation de mousse ou les propri\u00e9t\u00e9s de solubilisation. De plus, OA-14 s&#039;est av\u00e9r\u00e9 fournir une inhibition efficace de la corrosion dans certaines conditions lorsqu&#039;il est m\u00e9lang\u00e9 avec d&#039;autres amines ou tensioactifs secondaires comme des \u00e9thoxylates d&#039;alcool ou des silicones.<\/p>\n<p><strong>Quels sont les avantages d&#039;utiliser OA-14\u00a0?<\/strong><br \/>\nLe principal avantage de l&#039;utilisation de l&#039;OA-14 est son excellente capacit\u00e9 \u00e0 r\u00e9duire la tension superficielle entre les liquides non miscibles en raison de sa nature amphiphile\u00a0; cela lui permet d&#039;\u00e9mulsifier efficacement les huiles dans les courants d&#039;eau plus efficacement que la plupart des autres types de tensioactifs ou d&#039;\u00e9mulsifiants disponibles sur le march\u00e9 aujourd&#039;hui. De plus, il a un niveau de toxicit\u00e9 relativement faible par rapport \u00e0 de nombreux autres tensioactifs commerciaux, de sorte qu&#039;il peut \u00eatre utilis\u00e9 en toute s\u00e9curit\u00e9 dans diverses formulations industrielles sans poser de risques majeurs pour la sant\u00e9 lorsqu&#039;il est manipul\u00e9 correctement conform\u00e9ment aux directives de s\u00e9curit\u00e9 \u00e9tablies par des organismes de r\u00e9glementation comme l&#039;OSHA ou l&#039;EPA.<\/p>\n<p><a href=\"https:\/\/vcycletech.com\/fr\/tensioactif-cationique\/\"><strong>Obtenez la solution compl\u00e8te de surfactant cationique.<\/strong><\/a><\/p>","protected":false},"excerpt":{"rendered":"<p>Vous recherchez un tensioactif et un additif d\u00e9tergent de haute qualit\u00e9 et abordable ? Ne cherchez pas plus loin que <strong>Oxyde de dod\u00e9cylt\u00e9trad\u00e9cyl dim\u00e9thylamine (OA-14)<\/strong> pour les produits chimiques de traitement de l&#039;eau. Ce produit est un excellent \u00e9mulsifiant et agent mouillant, aidant \u00e0 d\u00e9composer la salet\u00e9, les huiles et autres polluants.<\/p>\n<p>Fabriqu\u00e9 en Chine selon les normes les plus strictes, <strong>Oxyde de dod\u00e9cylt\u00e9trad\u00e9cyl dim\u00e9thylamine (OA-14)<\/strong> pour les produits chimiques de traitement de l&#039;eau est disponible \u00e0 un prix comp\u00e9titif. Donc, si vous recherchez un fournisseur fiable de tensioactifs et d&#039;additifs d\u00e9tergents de haute qualit\u00e9, ne cherchez pas plus loin que <strong>Oxyde de dod\u00e9cyl t\u00e9trad\u00e9cyl dim\u00e9thyl amine (OA-14)<\/strong> pour les produits chimiques de traitement de l&#039;eau en provenance de Chine\u00a0!<\/p>","protected":false},"featured_media":1392,"template":"","meta":{"site-sidebar-layout":"default","site-content-layout":"default","ast-site-content-layout":"default","site-content-style":"default","site-sidebar-style":"default","ast-global-header-display":"","ast-banner-title-visibility":"","ast-main-header-display":"","ast-hfb-above-header-display":"","ast-hfb-below-header-display":"","ast-hfb-mobile-header-display":"","site-post-title":"","ast-breadcrumbs-content":"","ast-featured-img":"","footer-sml-layout":"","ast-disable-related-posts":"","theme-transparent-header-meta":"default","adv-header-id-meta":"","stick-header-meta":"default","header-above-stick-meta":"","header-main-stick-meta":"","header-below-stick-meta":"","astra-migrate-meta-layouts":"default","ast-page-background-enabled":"default","ast-page-background-meta":{"desktop":{"background-color":"","background-image":"","background-repeat":"repeat","background-position":"center center","background-size":"auto","background-attachment":"scroll","background-type":"","background-media":"","overlay-type":"","overlay-color":"","overlay-opacity":"","overlay-gradient":""},"tablet":{"background-color":"","background-image":"","background-repeat":"repeat","background-position":"center center","background-size":"auto","background-attachment":"scroll","background-type":"","background-media":"","overlay-type":"","overlay-color":"","overlay-opacity":"","overlay-gradient":""},"mobile":{"background-color":"","background-image":"","background-repeat":"repeat","background-position":"center center","background-size":"auto","background-attachment":"scroll","background-type":"","background-media":"","overlay-type":"","overlay-color":"","overlay-opacity":"","overlay-gradient":""}},"ast-content-background-meta":{"desktop":{"background-color":"var(--ast-global-color-5)","background-image":"","background-repeat":"repeat","background-position":"center center","background-size":"auto","background-attachment":"scroll","background-type":"","background-media":"","overlay-type":"","overlay-color":"","overlay-opacity":"","overlay-gradient":""},"tablet":{"background-color":"var(--ast-global-color-5)","background-image":"","background-repeat":"repeat","background-position":"center center","background-size":"auto","background-attachment":"scroll","background-type":"","background-media":"","overlay-type":"","overlay-color":"","overlay-opacity":"","overlay-gradient":""},"mobile":{"background-color":"var(--ast-global-color-5)","background-image":"","background-repeat":"repeat","background-position":"center center","background-size":"auto","background-attachment":"scroll","background-type":"","background-media":"","overlay-type":"","overlay-color":"","overlay-opacity":"","overlay-gradient":""}}},"product_brand":[],"product_cat":[33],"product_tag":[],"class_list":{"0":"post-1386","1":"product","2":"type-product","3":"status-publish","4":"has-post-thumbnail","6":"product_cat-cationic-surfactant-list","7":"desktop-align-left","8":"tablet-align-left","9":"mobile-align-left","10":"ast-product-gallery-layout-horizontal-slider","11":"ast-product-tabs-layout-horizontal","13":"first","14":"instock","15":"shipping-taxable","16":"product-type-simple"},"yoast_head":"<!-- This site is optimized with the Yoast SEO Premium plugin v26.3 (Yoast SEO v27.3) - https:\/\/yoast.com\/product\/yoast-seo-premium-wordpress\/ -->\n<title>Dodecyl Tetradecyl Dimethyl Amine Oxide(OA-14) - vcycletech<\/title>\n<meta name=\"description\" content=\"DodecylTetradecyl Dimethyl Amine Oxide(OA-14) for Water Treatment Chemicals is a surfactant and detergent additive used in the water treatment industry. It is an effective emulsifier and wetting agent, and helps to break down dirt, oils and other pollutants. This product is available from china at a competitive price, making it an attractive option for companies looking to purchase wholesale quantities.\" \/>\n<meta name=\"robots\" content=\"index, follow, max-snippet:-1, max-image-preview:large, max-video-preview:-1\" \/>\n<link rel=\"canonical\" href=\"https:\/\/vcycletech.com\/fr\/produit\/dodecyl-tetradecyl-dimethyl-amine-oxydeoa-14\/\" \/>\n<meta property=\"og:locale\" content=\"fr_FR\" \/>\n<meta property=\"og:type\" content=\"article\" \/>\n<meta property=\"og:title\" content=\"Dodecyl Tetradecyl Dimethyl Amine Oxide(OA-14)\" \/>\n<meta property=\"og:description\" content=\"DodecylTetradecyl Dimethyl Amine Oxide(OA-14) for Water Treatment Chemicals is a surfactant and detergent additive used in the water treatment industry. It is an effective emulsifier and wetting agent, and helps to break down dirt, oils and other pollutants. This product is available from china at a competitive price, making it an attractive option for companies looking to purchase wholesale quantities.\" \/>\n<meta property=\"og:url\" content=\"https:\/\/vcycletech.com\/fr\/produit\/dodecyl-tetradecyl-dimethyl-amine-oxydeoa-14\/\" \/>\n<meta property=\"og:site_name\" content=\"vcycletech\" \/>\n<meta property=\"article:modified_time\" content=\"2023-03-22T06:43:00+00:00\" \/>\n<meta property=\"og:image\" content=\"https:\/\/vcycletech.com\/wp-content\/uploads\/2023\/03\/1-74.png\" \/>\n\t<meta property=\"og:image:width\" content=\"600\" \/>\n\t<meta property=\"og:image:height\" content=\"600\" \/>\n\t<meta property=\"og:image:type\" content=\"image\/png\" \/>\n<meta name=\"twitter:card\" content=\"summary_large_image\" \/>\n<meta name=\"twitter:label1\" content=\"Dur\u00e9e de lecture estim\u00e9e\" \/>\n\t<meta name=\"twitter:data1\" content=\"3 minutes\" \/>\n<script type=\"application\/ld+json\" class=\"yoast-schema-graph\">{\"@context\":\"https:\\\/\\\/schema.org\",\"@graph\":[{\"@type\":\"WebPage\",\"@id\":\"https:\\\/\\\/vcycletech.com\\\/product\\\/dodecyl-tetradecyl-dimethyl-amine-oxideoa-14\\\/\",\"url\":\"https:\\\/\\\/vcycletech.com\\\/product\\\/dodecyl-tetradecyl-dimethyl-amine-oxideoa-14\\\/\",\"name\":\"Dodecyl Tetradecyl Dimethyl Amine Oxide(OA-14) - vcycletech\",\"isPartOf\":{\"@id\":\"https:\\\/\\\/vcycletech.com\\\/#website\"},\"primaryImageOfPage\":{\"@id\":\"https:\\\/\\\/vcycletech.com\\\/product\\\/dodecyl-tetradecyl-dimethyl-amine-oxideoa-14\\\/#primaryimage\"},\"image\":{\"@id\":\"https:\\\/\\\/vcycletech.com\\\/product\\\/dodecyl-tetradecyl-dimethyl-amine-oxideoa-14\\\/#primaryimage\"},\"thumbnailUrl\":\"https:\\\/\\\/vcycletech.com\\\/wp-content\\\/uploads\\\/2023\\\/03\\\/1-74.png\",\"datePublished\":\"2023-03-22T05:50:58+00:00\",\"dateModified\":\"2023-03-22T06:43:00+00:00\",\"description\":\"DodecylTetradecyl Dimethyl Amine Oxide(OA-14) for Water Treatment Chemicals is a surfactant and detergent additive used in the water treatment industry. It is an effective emulsifier and wetting agent, and helps to break down dirt, oils and other pollutants. This product is available from china at a competitive price, making it an attractive option for companies looking to purchase wholesale quantities.\",\"breadcrumb\":{\"@id\":\"https:\\\/\\\/vcycletech.com\\\/product\\\/dodecyl-tetradecyl-dimethyl-amine-oxideoa-14\\\/#breadcrumb\"},\"inLanguage\":\"fr-FR\",\"potentialAction\":[{\"@type\":\"ReadAction\",\"target\":[\"https:\\\/\\\/vcycletech.com\\\/product\\\/dodecyl-tetradecyl-dimethyl-amine-oxideoa-14\\\/\"]}]},{\"@type\":\"ImageObject\",\"inLanguage\":\"fr-FR\",\"@id\":\"https:\\\/\\\/vcycletech.com\\\/product\\\/dodecyl-tetradecyl-dimethyl-amine-oxideoa-14\\\/#primaryimage\",\"url\":\"https:\\\/\\\/vcycletech.com\\\/wp-content\\\/uploads\\\/2023\\\/03\\\/1-74.png\",\"contentUrl\":\"https:\\\/\\\/vcycletech.com\\\/wp-content\\\/uploads\\\/2023\\\/03\\\/1-74.png\",\"width\":600,\"height\":600,\"caption\":\"DodecylTetradecyl Dimethyl Amine Oxide(OA-14)\"},{\"@type\":\"BreadcrumbList\",\"@id\":\"https:\\\/\\\/vcycletech.com\\\/product\\\/dodecyl-tetradecyl-dimethyl-amine-oxideoa-14\\\/#breadcrumb\",\"itemListElement\":[{\"@type\":\"ListItem\",\"position\":1,\"name\":\"Home\",\"item\":\"https:\\\/\\\/vcycletech.com\\\/\"},{\"@type\":\"ListItem\",\"position\":2,\"name\":\"Water Treatment Chemicals Manufacturer\",\"item\":\"https:\\\/\\\/vcycletech.com\\\/water-treatment-chemicals-manufacturer\\\/\"},{\"@type\":\"ListItem\",\"position\":3,\"name\":\"Dodecyl Tetradecyl Dimethyl Amine Oxide(OA-14)\"}]},{\"@type\":\"WebSite\",\"@id\":\"https:\\\/\\\/vcycletech.com\\\/#website\",\"url\":\"https:\\\/\\\/vcycletech.com\\\/\",\"name\":\"vcycletech\",\"description\":\"China&#039;s top water treatment chemicals supplier\",\"publisher\":{\"@id\":\"https:\\\/\\\/vcycletech.com\\\/#organization\"},\"potentialAction\":[{\"@type\":\"SearchAction\",\"target\":{\"@type\":\"EntryPoint\",\"urlTemplate\":\"https:\\\/\\\/vcycletech.com\\\/?s={search_term_string}\"},\"query-input\":{\"@type\":\"PropertyValueSpecification\",\"valueRequired\":true,\"valueName\":\"search_term_string\"}}],\"inLanguage\":\"fr-FR\"},{\"@type\":\"Organization\",\"@id\":\"https:\\\/\\\/vcycletech.com\\\/#organization\",\"name\":\"vcycletech\",\"url\":\"https:\\\/\\\/vcycletech.com\\\/\",\"logo\":{\"@type\":\"ImageObject\",\"inLanguage\":\"fr-FR\",\"@id\":\"https:\\\/\\\/vcycletech.com\\\/#\\\/schema\\\/logo\\\/image\\\/\",\"url\":\"https:\\\/\\\/vcycletech.com\\\/wp-content\\\/uploads\\\/2023\\\/03\\\/logo-vcycletech-1.png\",\"contentUrl\":\"https:\\\/\\\/vcycletech.com\\\/wp-content\\\/uploads\\\/2023\\\/03\\\/logo-vcycletech-1.png\",\"width\":600,\"height\":400,\"caption\":\"vcycletech\"},\"image\":{\"@id\":\"https:\\\/\\\/vcycletech.com\\\/#\\\/schema\\\/logo\\\/image\\\/\"}}]}<\/script>\n<!-- \/ Yoast SEO Premium plugin. -->","yoast_head_json":{"title":"Oxyde de dod\u00e9cyl t\u00e9trad\u00e9cyl dim\u00e9thyl amine (OA-14) - vcycletech","description":"L&#039;oxyde de dod\u00e9cylt\u00e9trad\u00e9cyl dim\u00e9thylamine (OA-14) pour les produits chimiques de traitement de l&#039;eau est un tensioactif et un additif d\u00e9tergent utilis\u00e9 dans l&#039;industrie du traitement de l&#039;eau. C&#039;est un \u00e9mulsifiant et un agent mouillant efficace, et aide \u00e0 d\u00e9composer la salet\u00e9, les huiles et autres polluants. Ce produit est disponible en Chine \u00e0 un prix comp\u00e9titif, ce qui en fait une option attrayante pour les entreprises qui cherchent \u00e0 acheter des quantit\u00e9s en gros.","robots":{"index":"index","follow":"follow","max-snippet":"max-snippet:-1","max-image-preview":"max-image-preview:large","max-video-preview":"max-video-preview:-1"},"canonical":"https:\/\/vcycletech.com\/fr\/produit\/dodecyl-tetradecyl-dimethyl-amine-oxydeoa-14\/","og_locale":"fr_FR","og_type":"article","og_title":"Dodecyl Tetradecyl Dimethyl Amine Oxide(OA-14)","og_description":"DodecylTetradecyl Dimethyl Amine Oxide(OA-14) for Water Treatment Chemicals is a surfactant and detergent additive used in the water treatment industry. It is an effective emulsifier and wetting agent, and helps to break down dirt, oils and other pollutants. This product is available from china at a competitive price, making it an attractive option for companies looking to purchase wholesale quantities.","og_url":"https:\/\/vcycletech.com\/fr\/produit\/dodecyl-tetradecyl-dimethyl-amine-oxydeoa-14\/","og_site_name":"vcycletech","article_modified_time":"2023-03-22T06:43:00+00:00","og_image":[{"width":600,"height":600,"url":"https:\/\/vcycletech.com\/wp-content\/uploads\/2023\/03\/1-74.png","type":"image\/png"}],"twitter_card":"summary_large_image","twitter_misc":{"Dur\u00e9e de lecture estim\u00e9e":"3 minutes"},"schema":{"@context":"https:\/\/schema.org","@graph":[{"@type":"WebPage","@id":"https:\/\/vcycletech.com\/product\/dodecyl-tetradecyl-dimethyl-amine-oxideoa-14\/","url":"https:\/\/vcycletech.com\/product\/dodecyl-tetradecyl-dimethyl-amine-oxideoa-14\/","name":"Oxyde de dod\u00e9cyl t\u00e9trad\u00e9cyl dim\u00e9thyl amine (OA-14) - vcycletech","isPartOf":{"@id":"https:\/\/vcycletech.com\/#website"},"primaryImageOfPage":{"@id":"https:\/\/vcycletech.com\/product\/dodecyl-tetradecyl-dimethyl-amine-oxideoa-14\/#primaryimage"},"image":{"@id":"https:\/\/vcycletech.com\/product\/dodecyl-tetradecyl-dimethyl-amine-oxideoa-14\/#primaryimage"},"thumbnailUrl":"https:\/\/vcycletech.com\/wp-content\/uploads\/2023\/03\/1-74.png","datePublished":"2023-03-22T05:50:58+00:00","dateModified":"2023-03-22T06:43:00+00:00","description":"L&#039;oxyde de dod\u00e9cylt\u00e9trad\u00e9cyl dim\u00e9thylamine (OA-14) pour les produits chimiques de traitement de l&#039;eau est un tensioactif et un additif d\u00e9tergent utilis\u00e9 dans l&#039;industrie du traitement de l&#039;eau. C&#039;est un \u00e9mulsifiant et un agent mouillant efficace, et aide \u00e0 d\u00e9composer la salet\u00e9, les huiles et autres polluants. Ce produit est disponible en Chine \u00e0 un prix comp\u00e9titif, ce qui en fait une option attrayante pour les entreprises qui cherchent \u00e0 acheter des quantit\u00e9s en gros.","breadcrumb":{"@id":"https:\/\/vcycletech.com\/product\/dodecyl-tetradecyl-dimethyl-amine-oxideoa-14\/#breadcrumb"},"inLanguage":"fr-FR","potentialAction":[{"@type":"ReadAction","target":["https:\/\/vcycletech.com\/product\/dodecyl-tetradecyl-dimethyl-amine-oxideoa-14\/"]}]},{"@type":"ImageObject","inLanguage":"fr-FR","@id":"https:\/\/vcycletech.com\/product\/dodecyl-tetradecyl-dimethyl-amine-oxideoa-14\/#primaryimage","url":"https:\/\/vcycletech.com\/wp-content\/uploads\/2023\/03\/1-74.png","contentUrl":"https:\/\/vcycletech.com\/wp-content\/uploads\/2023\/03\/1-74.png","width":600,"height":600,"caption":"DodecylTetradecyl Dimethyl Amine Oxide(OA-14)"},{"@type":"BreadcrumbList","@id":"https:\/\/vcycletech.com\/product\/dodecyl-tetradecyl-dimethyl-amine-oxideoa-14\/#breadcrumb","itemListElement":[{"@type":"ListItem","position":1,"name":"Home","item":"https:\/\/vcycletech.com\/"},{"@type":"ListItem","position":2,"name":"Water Treatment Chemicals Manufacturer","item":"https:\/\/vcycletech.com\/water-treatment-chemicals-manufacturer\/"},{"@type":"ListItem","position":3,"name":"Dodecyl Tetradecyl Dimethyl Amine Oxide(OA-14)"}]},{"@type":"WebSite","@id":"https:\/\/vcycletech.com\/#website","url":"https:\/\/vcycletech.com\/","name":"vcycletech","description":"Meilleur fournisseur de produits chimiques pour le traitement de l&#039;eau en Chine","publisher":{"@id":"https:\/\/vcycletech.com\/#organization"},"potentialAction":[{"@type":"SearchAction","target":{"@type":"EntryPoint","urlTemplate":"https:\/\/vcycletech.com\/?s={search_term_string}"},"query-input":{"@type":"PropertyValueSpecification","valueRequired":true,"valueName":"search_term_string"}}],"inLanguage":"fr-FR"},{"@type":"Organization","@id":"https:\/\/vcycletech.com\/#organization","name":"vcycletech","url":"https:\/\/vcycletech.com\/","logo":{"@type":"ImageObject","inLanguage":"fr-FR","@id":"https:\/\/vcycletech.com\/#\/schema\/logo\/image\/","url":"https:\/\/vcycletech.com\/wp-content\/uploads\/2023\/03\/logo-vcycletech-1.png","contentUrl":"https:\/\/vcycletech.com\/wp-content\/uploads\/2023\/03\/logo-vcycletech-1.png","width":600,"height":400,"caption":"vcycletech"},"image":{"@id":"https:\/\/vcycletech.com\/#\/schema\/logo\/image\/"}}]}},"_links":{"self":[{"href":"https:\/\/vcycletech.com\/fr\/wp-json\/wp\/v2\/product\/1386","targetHints":{"allow":["GET"]}}],"collection":[{"href":"https:\/\/vcycletech.com\/fr\/wp-json\/wp\/v2\/product"}],"about":[{"href":"https:\/\/vcycletech.com\/fr\/wp-json\/wp\/v2\/types\/product"}],"wp:featuredmedia":[{"embeddable":true,"href":"https:\/\/vcycletech.com\/fr\/wp-json\/wp\/v2\/media\/1392"}],"wp:attachment":[{"href":"https:\/\/vcycletech.com\/fr\/wp-json\/wp\/v2\/media?parent=1386"}],"wp:term":[{"taxonomy":"product_brand","embeddable":true,"href":"https:\/\/vcycletech.com\/fr\/wp-json\/wp\/v2\/product_brand?post=1386"},{"taxonomy":"product_cat","embeddable":true,"href":"https:\/\/vcycletech.com\/fr\/wp-json\/wp\/v2\/product_cat?post=1386"},{"taxonomy":"product_tag","embeddable":true,"href":"https:\/\/vcycletech.com\/fr\/wp-json\/wp\/v2\/product_tag?post=1386"}],"curies":[{"name":"wp","href":"https:\/\/api.w.org\/{rel}","templated":true}]}}