{"id":1378,"date":"2023-03-22T05:22:55","date_gmt":"2023-03-22T05:22:55","guid":{"rendered":"https:\/\/vcycletech.com\/?post_type=product&#038;p=1378"},"modified":"2023-03-22T06:42:12","modified_gmt":"2023-03-22T06:42:12","slug":"lauryl-dimethyl-amine-oxydeoa-12","status":"publish","type":"product","link":"https:\/\/vcycletech.com\/fr\/produit\/lauryl-dimethyl-amine-oxydeoa-12\/","title":{"rendered":"Oxyde de lauryl dim\u00e9thylamine (OA-12)"},"content":{"rendered":"<h3>N\u00b0 CAS 1643-20-5<\/h3>\n<h3>Formule mol\u00e9culaire : C14H31NO<\/h3>\n<h3>Poids mol\u00e9culaire\u00a0: 229,4<\/h3>\n<h3>Formule structurelle:<\/h3>\n<figure id=\"attachment_1380\" aria-describedby=\"caption-attachment-1380\" style=\"width: 600px\" class=\"wp-caption alignnone\"><img fetchpriority=\"high\" decoding=\"async\" class=\"size-full wp-image-1380\" src=\"https:\/\/vcycletech.com\/wp-content\/uploads\/2023\/03\/1-71.png\" alt=\"Oxyde de lauryl dim\u00e9thylamine (OA-12)\" width=\"600\" height=\"600\" srcset=\"https:\/\/vcycletech.com\/wp-content\/uploads\/2023\/03\/1-71.png 600w, https:\/\/vcycletech.com\/wp-content\/uploads\/2023\/03\/1-71-100x100.png 100w, https:\/\/vcycletech.com\/wp-content\/uploads\/2023\/03\/1-71-300x300.png 300w, https:\/\/vcycletech.com\/wp-content\/uploads\/2023\/03\/1-71-150x150.png 150w\" sizes=\"(max-width: 600px) 100vw, 600px\" \/><figcaption id=\"caption-attachment-1380\" class=\"wp-caption-text\">Oxyde de lauryl dim\u00e9thylamine (OA-12)<\/figcaption><\/figure>\n<h3>Sp\u00e9cification:<\/h3>\n<div id=\"footable_parent_1381\"\n         class=\"footable_parent ninja_table_wrapper loading_ninja_table wp_table_data_press_parent semantic_ui\">\n                <table data-ninja_table_instance=\"ninja_table_instance_0\" data-footable_id=\"1381\" data-filter-delay=\"1000\" aria-label=\"Oxyde de lauryl dim\u00e9thylamine (OA-12).csv\"            id=\"footable_1381\"\n           data-unique_identifier=\"ninja_table_unique_id_3940442499_1381\"\n           class=\"foo-table ninja_footable foo_table_1381 ninja_table_unique_id_3940442499_1381 ui table  nt_type_legacy_table selectable striped vertical_centered  footable-paging-right ninja_table_pro\">\n                <colgroup>\n                            <col class=\"ninja_column_0\">\n                            <col class=\"ninja_column_1\">\n                    <\/colgroup>\n        <thead>\n<tr class=\"footable-header\">\n                                        <th scope=\"col\"  class=\"ninja_column_0 ninja_clmn_nm_items\">Articles<\/th><th scope=\"col\"  class=\"ninja_column_1 ninja_clmn_nm_index\">Indice<\/th><\/tr>\n<\/thead>\n<tbody>\n\n        <tr data-row_id=\"364\" class=\"ninja_table_row_0 nt_row_id_364\">\n            <td>Apparence<\/td><td>Liquide transparent jaune clair<\/td>        <\/tr>\n            <tr data-row_id=\"365\" class=\"ninja_table_row_1 nt_row_id_365\">\n            <td>Contenu actif, %<\/td><td>28-32<\/td>        <\/tr>\n            <tr data-row_id=\"366\" class=\"ninja_table_row_2 nt_row_id_366\">\n            <td>Amine libre, %<\/td><td>1,5 maximum<\/td>        <\/tr>\n            <tr data-row_id=\"367\" class=\"ninja_table_row_3 nt_row_id_367\">\n            <td>PH (solution d&#039;eau 10%)<\/td><td>5.0-9.0<\/td>        <\/tr>\n    <\/tbody><!--ninja_tobody_rendering_done-->\n    <\/table>\n    \n    \n    \n<\/div>\n\n<h3>Propri\u00e9t\u00e9s:<\/h3>\n<p><strong>Oxyde de lauryl dim\u00e9thylamine (OA-12)<\/strong> est un tensioactif \u00e0 base d&#039;oxyde de cocoamine aux propri\u00e9t\u00e9s moussantes \u00e9lev\u00e9es, offrant un excellent couplage, d\u00e9tergence et compatibilit\u00e9 pour diverses applications industrielles.<strong> Oxyde de lauryl dim\u00e9thylamine (OA-12)<\/strong> est l&#039;oxyde d&#039;amine le plus moussant de sa cat\u00e9gorie.<\/p>\n<h3>Usage:<\/h3>\n<p>Lauryl Dimethyl Amine Oxide est un tensioactif concentr\u00e9 d&#039;oxyde de cocoamine avec des caract\u00e9ristiques remarquables de moussage, de couplage, de d\u00e9tergence et de compatibilit\u00e9. Il peut \u00eatre utilis\u00e9 dans une grande vari\u00e9t\u00e9 d&#039;applications de nettoyage industriel o\u00f9 ces caract\u00e9ristiques sont de la plus haute importance.<\/p>\n<h3>Emballage et stockage\u00a0:<\/h3>\n<p><strong>Oxyde de lauryldim\u00e9thylamine (OA-12)<\/strong> doit \u00eatre emball\u00e9 herm\u00e9tiquement dans un r\u00e9cipient scell\u00e9 et stock\u00e9 dans un endroit frais et sec. Il est important de s&#039;assurer que le produit n&#039;entre pas en contact avec de l&#039;eau, de la chaleur ou d&#039;autres substances nocives, car cela peut entra\u00eener la d\u00e9gradation du surfactant. F\u00fbt en plastique de 200 L, IBC (1000 L), exigence des clients. Stockage pendant un an dans une pi\u00e8ce ombrag\u00e9e et un endroit sec.<\/p>\n<h3>Synonymes\u00a0:<\/h3>\n<p>1-dod\u00e9canamine,N,N-dim\u00e9thyloxyde<\/p>\n<p>ammonyxao<\/p>\n<p>aromoxdmcd<\/p>\n<p>aromoxdmmc-w<\/p>\n<p>LDAO<\/p>\n<h3>FAQ sur l&#039;oxyde de lauryldim\u00e9thylamine (OA-12)\u00a0:<\/h3>\n<p><strong>Qu&#039;est-ce que l&#039;oxyde de lauryldim\u00e9thylamine (OA-12)\u00a0?<\/strong><br \/>\nL&#039;oxyde de lauryldim\u00e9thylamine (OA-12) est un compos\u00e9 organique qui appartient \u00e0 la famille des oxydes d&#039;amine. Il s&#039;agit d&#039;un tensioactif blanc, soluble dans l&#039;eau et non ionique avec une large gamme d&#039;applications dans des industries telles que les d\u00e9tergents, les produits de soins personnels et les produits chimiques de traitement de l&#039;eau.<\/p>\n<p><strong>Comment fonctionne l&#039;oxyde de lauryldim\u00e9thylamine (OA-12)\u00a0?<\/strong><br \/>\nL&#039;oxyde de lauryldim\u00e9thylamine (OA-12) agit en abaissant la tension superficielle \u00e0 l&#039;interface entre deux substances. Cela r\u00e9duit la tension interfaciale entre les mol\u00e9cules d&#039;huile et d&#039;eau, ce qui aide \u00e0 cr\u00e9er des \u00e9mulsions et des dispersions stables. La mol\u00e9cule poss\u00e8de \u00e9galement d&#039;excellentes propri\u00e9t\u00e9s mouillantes et des capacit\u00e9s moussantes, ce qui la rend appropri\u00e9e pour une utilisation dans les produits de nettoyage et divers autres proc\u00e9d\u00e9s industriels.<\/p>\n<p><strong>Quelles sont certaines des utilisations courantes de l&#039;oxyde de lauryl dim\u00e9thylamine (OA-12)\u00a0?<\/strong><br \/>\nLes utilisations courantes de l&#039;oxyde de lauryldim\u00e9thylamine (OA-12) comprennent son application comme tensioactif dans les d\u00e9tergents et les produits de soins personnels, la cr\u00e9ation d&#039;\u00e9mulsions et de dispersions stables, d&#039;agents mouillants dans les syst\u00e8mes de processus industriels et la stabilisation de la mousse pour les boissons comme la bi\u00e8re ou les boissons non alcoolis\u00e9es. Il est \u00e9galement utilis\u00e9 comme composant principal dans de nombreux produits chimiques de traitement de l&#039;eau en raison de sa capacit\u00e9 \u00e0 lier les polluants et \u00e0 les \u00e9liminer des flux d&#039;eaux us\u00e9es.<\/p>\n<p><strong>Y a-t-il des risques potentiels pour la sant\u00e9 associ\u00e9s \u00e0 l&#039;utilisation de l&#039;oxyde de lauryl dim\u00e9thylamine (OA-12)\u00a0?<\/strong><br \/>\nR\u00e9ponse : De mani\u00e8re g\u00e9n\u00e9rale, il n&#039;y a aucun risque connu pour la sant\u00e9 associ\u00e9 \u00e0 l&#039;utilisation de l&#039;oxyde de lauryl dim\u00e9thylamine (OA-12). Cependant, une exposition prolong\u00e9e \u00e0 des concentrations \u00e9lev\u00e9es peut provoquer une irritation de la peau ou une l\u00e9g\u00e8re irritation des yeux - des pr\u00e9cautions de s\u00e9curit\u00e9 doivent \u00eatre prises lors de la manipulation directe de cette substance ou du travail dans des environnements contr\u00f4l\u00e9s o\u00f9 elle est pr\u00e9sente.<\/p>\n<p><a href=\"https:\/\/vcycletech.com\/fr\/tensioactif-cationique\/\"><strong>Obtenez la solution compl\u00e8te de surfactant cationique.<\/strong><\/a><\/p>","protected":false},"excerpt":{"rendered":"<p><strong>Oxyde de lauryl dim\u00e9thylamine (OA-12)<\/strong> est utilis\u00e9 pour la production d\u2019eau potable, le traitement des eaux us\u00e9es, le blanchiment de la p\u00e2te \u00e0 papier et de nombreux autres proc\u00e9d\u00e9s industriels. Le dioxyde de chlore peut \u00e9galement \u00eatre produit sur place \u00e0 partir de chlorite de sodium et d&#039;acide chlorhydrique.<\/p>\n<p>Il est plus efficace pour tuer les bact\u00e9ries et les virus ; il ne produit pas de sous-produits canc\u00e9rig\u00e8nes tels que les trihalom\u00e9thanes (THM)\u00a0; il ne corrode pas les tuyaux ou raccords m\u00e9talliques\u00a0; et il se dissipe rapidement \u00e0 l&#039;air libre, il y a donc peu de risque d&#039;exposition pour les travailleurs ou le public.<\/p>\n<p>Si vous recherchez un fournisseur de <strong>Oxyde de DiLauryl Dim\u00e9thyl Amine (OA-12)<\/strong>, N&#039;h\u00e9sitez pas \u00e0 nous contacter. Nous serions heureux de vous offrir nos produits \u00e0 un prix comp\u00e9titif.<\/p>","protected":false},"featured_media":1382,"template":"","meta":{"site-sidebar-layout":"default","site-content-layout":"default","ast-site-content-layout":"default","site-content-style":"default","site-sidebar-style":"default","ast-global-header-display":"","ast-banner-title-visibility":"","ast-main-header-display":"","ast-hfb-above-header-display":"","ast-hfb-below-header-display":"","ast-hfb-mobile-header-display":"","site-post-title":"","ast-breadcrumbs-content":"","ast-featured-img":"","footer-sml-layout":"","ast-disable-related-posts":"","theme-transparent-header-meta":"default","adv-header-id-meta":"","stick-header-meta":"default","header-above-stick-meta":"","header-main-stick-meta":"","header-below-stick-meta":"","astra-migrate-meta-layouts":"default","ast-page-background-enabled":"default","ast-page-background-meta":{"desktop":{"background-color":"","background-image":"","background-repeat":"repeat","background-position":"center center","background-size":"auto","background-attachment":"scroll","background-type":"","background-media":"","overlay-type":"","overlay-color":"","overlay-opacity":"","overlay-gradient":""},"tablet":{"background-color":"","background-image":"","background-repeat":"repeat","background-position":"center center","background-size":"auto","background-attachment":"scroll","background-type":"","background-media":"","overlay-type":"","overlay-color":"","overlay-opacity":"","overlay-gradient":""},"mobile":{"background-color":"","background-image":"","background-repeat":"repeat","background-position":"center center","background-size":"auto","background-attachment":"scroll","background-type":"","background-media":"","overlay-type":"","overlay-color":"","overlay-opacity":"","overlay-gradient":""}},"ast-content-background-meta":{"desktop":{"background-color":"var(--ast-global-color-5)","background-image":"","background-repeat":"repeat","background-position":"center center","background-size":"auto","background-attachment":"scroll","background-type":"","background-media":"","overlay-type":"","overlay-color":"","overlay-opacity":"","overlay-gradient":""},"tablet":{"background-color":"var(--ast-global-color-5)","background-image":"","background-repeat":"repeat","background-position":"center center","background-size":"auto","background-attachment":"scroll","background-type":"","background-media":"","overlay-type":"","overlay-color":"","overlay-opacity":"","overlay-gradient":""},"mobile":{"background-color":"var(--ast-global-color-5)","background-image":"","background-repeat":"repeat","background-position":"center center","background-size":"auto","background-attachment":"scroll","background-type":"","background-media":"","overlay-type":"","overlay-color":"","overlay-opacity":"","overlay-gradient":""}}},"product_brand":[],"product_cat":[33],"product_tag":[],"class_list":{"0":"post-1378","1":"product","2":"type-product","3":"status-publish","4":"has-post-thumbnail","6":"product_cat-cationic-surfactant-list","7":"desktop-align-left","8":"tablet-align-left","9":"mobile-align-left","10":"ast-product-gallery-layout-horizontal-slider","11":"ast-product-tabs-layout-horizontal","13":"first","14":"instock","15":"shipping-taxable","16":"product-type-simple"},"yoast_head":"<!-- This site is optimized with the Yoast SEO Premium plugin v26.3 (Yoast SEO v27.3) - https:\/\/yoast.com\/product\/yoast-seo-premium-wordpress\/ -->\n<title>Lauryl Dimethyl Amine Oxide(OA-12) - vcycletech<\/title>\n<meta name=\"description\" content=\"Lauryl Dimethyl Amine Oxide (OA-12) is an organic compound that belongs to the amine oxide family. It is a white, water-soluble, nonionic surfactant with a wide range of applications in industries such as detergents, personal care products, and water treatment chemicals.\" \/>\n<meta name=\"robots\" content=\"index, follow, max-snippet:-1, max-image-preview:large, max-video-preview:-1\" \/>\n<link rel=\"canonical\" href=\"https:\/\/vcycletech.com\/fr\/produit\/lauryl-dimethyl-amine-oxydeoa-12\/\" \/>\n<meta property=\"og:locale\" content=\"fr_FR\" \/>\n<meta property=\"og:type\" content=\"article\" \/>\n<meta property=\"og:title\" content=\"Lauryl Dimethyl Amine Oxide(OA-12)\" \/>\n<meta property=\"og:description\" content=\"Lauryl Dimethyl Amine Oxide (OA-12) is an organic compound that belongs to the amine oxide family. It is a white, water-soluble, nonionic surfactant with a wide range of applications in industries such as detergents, personal care products, and water treatment chemicals.\" \/>\n<meta property=\"og:url\" content=\"https:\/\/vcycletech.com\/fr\/produit\/lauryl-dimethyl-amine-oxydeoa-12\/\" \/>\n<meta property=\"og:site_name\" content=\"vcycletech\" \/>\n<meta property=\"article:modified_time\" content=\"2023-03-22T06:42:12+00:00\" \/>\n<meta property=\"og:image\" content=\"https:\/\/vcycletech.com\/wp-content\/uploads\/2023\/03\/\u672a\u547d\u540d\u7684\u8bbe\u8ba1-2-17.png\" \/>\n\t<meta property=\"og:image:width\" content=\"600\" \/>\n\t<meta property=\"og:image:height\" content=\"600\" \/>\n\t<meta property=\"og:image:type\" content=\"image\/png\" \/>\n<meta name=\"twitter:card\" content=\"summary_large_image\" \/>\n<meta name=\"twitter:label1\" content=\"Dur\u00e9e de lecture estim\u00e9e\" \/>\n\t<meta name=\"twitter:data1\" content=\"3 minutes\" \/>\n<script type=\"application\/ld+json\" class=\"yoast-schema-graph\">{\"@context\":\"https:\\\/\\\/schema.org\",\"@graph\":[{\"@type\":\"WebPage\",\"@id\":\"https:\\\/\\\/vcycletech.com\\\/product\\\/lauryl-dimethyl-amine-oxideoa-12\\\/\",\"url\":\"https:\\\/\\\/vcycletech.com\\\/product\\\/lauryl-dimethyl-amine-oxideoa-12\\\/\",\"name\":\"Lauryl Dimethyl Amine Oxide(OA-12) - vcycletech\",\"isPartOf\":{\"@id\":\"https:\\\/\\\/vcycletech.com\\\/#website\"},\"primaryImageOfPage\":{\"@id\":\"https:\\\/\\\/vcycletech.com\\\/product\\\/lauryl-dimethyl-amine-oxideoa-12\\\/#primaryimage\"},\"image\":{\"@id\":\"https:\\\/\\\/vcycletech.com\\\/product\\\/lauryl-dimethyl-amine-oxideoa-12\\\/#primaryimage\"},\"thumbnailUrl\":\"https:\\\/\\\/vcycletech.com\\\/wp-content\\\/uploads\\\/2023\\\/03\\\/\u672a\u547d\u540d\u7684\u8bbe\u8ba1-2-17.png\",\"datePublished\":\"2023-03-22T05:22:55+00:00\",\"dateModified\":\"2023-03-22T06:42:12+00:00\",\"description\":\"Lauryl Dimethyl Amine Oxide (OA-12) is an organic compound that belongs to the amine oxide family. It is a white, water-soluble, nonionic surfactant with a wide range of applications in industries such as detergents, personal care products, and water treatment chemicals.\",\"breadcrumb\":{\"@id\":\"https:\\\/\\\/vcycletech.com\\\/product\\\/lauryl-dimethyl-amine-oxideoa-12\\\/#breadcrumb\"},\"inLanguage\":\"fr-FR\",\"potentialAction\":[{\"@type\":\"ReadAction\",\"target\":[\"https:\\\/\\\/vcycletech.com\\\/product\\\/lauryl-dimethyl-amine-oxideoa-12\\\/\"]}]},{\"@type\":\"ImageObject\",\"inLanguage\":\"fr-FR\",\"@id\":\"https:\\\/\\\/vcycletech.com\\\/product\\\/lauryl-dimethyl-amine-oxideoa-12\\\/#primaryimage\",\"url\":\"https:\\\/\\\/vcycletech.com\\\/wp-content\\\/uploads\\\/2023\\\/03\\\/\u672a\u547d\u540d\u7684\u8bbe\u8ba1-2-17.png\",\"contentUrl\":\"https:\\\/\\\/vcycletech.com\\\/wp-content\\\/uploads\\\/2023\\\/03\\\/\u672a\u547d\u540d\u7684\u8bbe\u8ba1-2-17.png\",\"width\":600,\"height\":600,\"caption\":\"Lauryl Dimethyl Amine Oxide(OA-12)\"},{\"@type\":\"BreadcrumbList\",\"@id\":\"https:\\\/\\\/vcycletech.com\\\/product\\\/lauryl-dimethyl-amine-oxideoa-12\\\/#breadcrumb\",\"itemListElement\":[{\"@type\":\"ListItem\",\"position\":1,\"name\":\"Home\",\"item\":\"https:\\\/\\\/vcycletech.com\\\/\"},{\"@type\":\"ListItem\",\"position\":2,\"name\":\"Water Treatment Chemicals Manufacturer\",\"item\":\"https:\\\/\\\/vcycletech.com\\\/water-treatment-chemicals-manufacturer\\\/\"},{\"@type\":\"ListItem\",\"position\":3,\"name\":\"Lauryl Dimethyl Amine Oxide(OA-12)\"}]},{\"@type\":\"WebSite\",\"@id\":\"https:\\\/\\\/vcycletech.com\\\/#website\",\"url\":\"https:\\\/\\\/vcycletech.com\\\/\",\"name\":\"vcycletech\",\"description\":\"China&#039;s top water treatment chemicals supplier\",\"publisher\":{\"@id\":\"https:\\\/\\\/vcycletech.com\\\/#organization\"},\"potentialAction\":[{\"@type\":\"SearchAction\",\"target\":{\"@type\":\"EntryPoint\",\"urlTemplate\":\"https:\\\/\\\/vcycletech.com\\\/?s={search_term_string}\"},\"query-input\":{\"@type\":\"PropertyValueSpecification\",\"valueRequired\":true,\"valueName\":\"search_term_string\"}}],\"inLanguage\":\"fr-FR\"},{\"@type\":\"Organization\",\"@id\":\"https:\\\/\\\/vcycletech.com\\\/#organization\",\"name\":\"vcycletech\",\"url\":\"https:\\\/\\\/vcycletech.com\\\/\",\"logo\":{\"@type\":\"ImageObject\",\"inLanguage\":\"fr-FR\",\"@id\":\"https:\\\/\\\/vcycletech.com\\\/#\\\/schema\\\/logo\\\/image\\\/\",\"url\":\"https:\\\/\\\/vcycletech.com\\\/wp-content\\\/uploads\\\/2023\\\/03\\\/logo-vcycletech-1.png\",\"contentUrl\":\"https:\\\/\\\/vcycletech.com\\\/wp-content\\\/uploads\\\/2023\\\/03\\\/logo-vcycletech-1.png\",\"width\":600,\"height\":400,\"caption\":\"vcycletech\"},\"image\":{\"@id\":\"https:\\\/\\\/vcycletech.com\\\/#\\\/schema\\\/logo\\\/image\\\/\"}}]}<\/script>\n<!-- \/ Yoast SEO Premium plugin. -->","yoast_head_json":{"title":"Oxyde de lauryl dim\u00e9thylamine (OA-12) - vcycletech","description":"L&#039;oxyde de lauryldim\u00e9thylamine (OA-12) est un compos\u00e9 organique qui appartient \u00e0 la famille des oxydes d&#039;amine. Il s&#039;agit d&#039;un tensioactif blanc, soluble dans l&#039;eau et non ionique avec une large gamme d&#039;applications dans des industries telles que les d\u00e9tergents, les produits de soins personnels et les produits chimiques de traitement de l&#039;eau.","robots":{"index":"index","follow":"follow","max-snippet":"max-snippet:-1","max-image-preview":"max-image-preview:large","max-video-preview":"max-video-preview:-1"},"canonical":"https:\/\/vcycletech.com\/fr\/produit\/lauryl-dimethyl-amine-oxydeoa-12\/","og_locale":"fr_FR","og_type":"article","og_title":"Lauryl Dimethyl Amine Oxide(OA-12)","og_description":"Lauryl Dimethyl Amine Oxide (OA-12) is an organic compound that belongs to the amine oxide family. It is a white, water-soluble, nonionic surfactant with a wide range of applications in industries such as detergents, personal care products, and water treatment chemicals.","og_url":"https:\/\/vcycletech.com\/fr\/produit\/lauryl-dimethyl-amine-oxydeoa-12\/","og_site_name":"vcycletech","article_modified_time":"2023-03-22T06:42:12+00:00","og_image":[{"width":600,"height":600,"url":"https:\/\/vcycletech.com\/wp-content\/uploads\/2023\/03\/\u672a\u547d\u540d\u7684\u8bbe\u8ba1-2-17.png","type":"image\/png"}],"twitter_card":"summary_large_image","twitter_misc":{"Dur\u00e9e de lecture estim\u00e9e":"3 minutes"},"schema":{"@context":"https:\/\/schema.org","@graph":[{"@type":"WebPage","@id":"https:\/\/vcycletech.com\/product\/lauryl-dimethyl-amine-oxideoa-12\/","url":"https:\/\/vcycletech.com\/product\/lauryl-dimethyl-amine-oxideoa-12\/","name":"Oxyde de lauryl dim\u00e9thylamine (OA-12) - vcycletech","isPartOf":{"@id":"https:\/\/vcycletech.com\/#website"},"primaryImageOfPage":{"@id":"https:\/\/vcycletech.com\/product\/lauryl-dimethyl-amine-oxideoa-12\/#primaryimage"},"image":{"@id":"https:\/\/vcycletech.com\/product\/lauryl-dimethyl-amine-oxideoa-12\/#primaryimage"},"thumbnailUrl":"https:\/\/vcycletech.com\/wp-content\/uploads\/2023\/03\/\u672a\u547d\u540d\u7684\u8bbe\u8ba1-2-17.png","datePublished":"2023-03-22T05:22:55+00:00","dateModified":"2023-03-22T06:42:12+00:00","description":"L&#039;oxyde de lauryldim\u00e9thylamine (OA-12) est un compos\u00e9 organique qui appartient \u00e0 la famille des oxydes d&#039;amine. Il s&#039;agit d&#039;un tensioactif blanc, soluble dans l&#039;eau et non ionique avec une large gamme d&#039;applications dans des industries telles que les d\u00e9tergents, les produits de soins personnels et les produits chimiques de traitement de l&#039;eau.","breadcrumb":{"@id":"https:\/\/vcycletech.com\/product\/lauryl-dimethyl-amine-oxideoa-12\/#breadcrumb"},"inLanguage":"fr-FR","potentialAction":[{"@type":"ReadAction","target":["https:\/\/vcycletech.com\/product\/lauryl-dimethyl-amine-oxideoa-12\/"]}]},{"@type":"ImageObject","inLanguage":"fr-FR","@id":"https:\/\/vcycletech.com\/product\/lauryl-dimethyl-amine-oxideoa-12\/#primaryimage","url":"https:\/\/vcycletech.com\/wp-content\/uploads\/2023\/03\/\u672a\u547d\u540d\u7684\u8bbe\u8ba1-2-17.png","contentUrl":"https:\/\/vcycletech.com\/wp-content\/uploads\/2023\/03\/\u672a\u547d\u540d\u7684\u8bbe\u8ba1-2-17.png","width":600,"height":600,"caption":"Lauryl Dimethyl Amine Oxide(OA-12)"},{"@type":"BreadcrumbList","@id":"https:\/\/vcycletech.com\/product\/lauryl-dimethyl-amine-oxideoa-12\/#breadcrumb","itemListElement":[{"@type":"ListItem","position":1,"name":"Home","item":"https:\/\/vcycletech.com\/"},{"@type":"ListItem","position":2,"name":"Water Treatment Chemicals Manufacturer","item":"https:\/\/vcycletech.com\/water-treatment-chemicals-manufacturer\/"},{"@type":"ListItem","position":3,"name":"Lauryl Dimethyl Amine Oxide(OA-12)"}]},{"@type":"WebSite","@id":"https:\/\/vcycletech.com\/#website","url":"https:\/\/vcycletech.com\/","name":"vcycletech","description":"Meilleur fournisseur de produits chimiques pour le traitement de l&#039;eau en Chine","publisher":{"@id":"https:\/\/vcycletech.com\/#organization"},"potentialAction":[{"@type":"SearchAction","target":{"@type":"EntryPoint","urlTemplate":"https:\/\/vcycletech.com\/?s={search_term_string}"},"query-input":{"@type":"PropertyValueSpecification","valueRequired":true,"valueName":"search_term_string"}}],"inLanguage":"fr-FR"},{"@type":"Organization","@id":"https:\/\/vcycletech.com\/#organization","name":"vcycletech","url":"https:\/\/vcycletech.com\/","logo":{"@type":"ImageObject","inLanguage":"fr-FR","@id":"https:\/\/vcycletech.com\/#\/schema\/logo\/image\/","url":"https:\/\/vcycletech.com\/wp-content\/uploads\/2023\/03\/logo-vcycletech-1.png","contentUrl":"https:\/\/vcycletech.com\/wp-content\/uploads\/2023\/03\/logo-vcycletech-1.png","width":600,"height":400,"caption":"vcycletech"},"image":{"@id":"https:\/\/vcycletech.com\/#\/schema\/logo\/image\/"}}]}},"_links":{"self":[{"href":"https:\/\/vcycletech.com\/fr\/wp-json\/wp\/v2\/product\/1378","targetHints":{"allow":["GET"]}}],"collection":[{"href":"https:\/\/vcycletech.com\/fr\/wp-json\/wp\/v2\/product"}],"about":[{"href":"https:\/\/vcycletech.com\/fr\/wp-json\/wp\/v2\/types\/product"}],"wp:featuredmedia":[{"embeddable":true,"href":"https:\/\/vcycletech.com\/fr\/wp-json\/wp\/v2\/media\/1382"}],"wp:attachment":[{"href":"https:\/\/vcycletech.com\/fr\/wp-json\/wp\/v2\/media?parent=1378"}],"wp:term":[{"taxonomy":"product_brand","embeddable":true,"href":"https:\/\/vcycletech.com\/fr\/wp-json\/wp\/v2\/product_brand?post=1378"},{"taxonomy":"product_cat","embeddable":true,"href":"https:\/\/vcycletech.com\/fr\/wp-json\/wp\/v2\/product_cat?post=1378"},{"taxonomy":"product_tag","embeddable":true,"href":"https:\/\/vcycletech.com\/fr\/wp-json\/wp\/v2\/product_tag?post=1378"}],"curies":[{"name":"wp","href":"https:\/\/api.w.org\/{rel}","templated":true}]}}