{"id":1365,"date":"2023-03-22T06:11:12","date_gmt":"2023-03-22T06:11:12","guid":{"rendered":"https:\/\/vcycletech.com\/?post_type=product&#038;p=1365"},"modified":"2023-03-27T03:11:58","modified_gmt":"2023-03-27T03:11:58","slug":"wt-706-detergent-deshuilant","status":"publish","type":"product","link":"https:\/\/vcycletech.com\/fr\/produit\/wt-706-detergent-deshuilant\/","title":{"rendered":"D\u00e9tergent d\u00e9shuilant WT-706"},"content":{"rendered":"<h3>Propri\u00e9t\u00e9s:<\/h3>\n<div class=\"break-words markdown-formatted-text\">\n<p class=\"my-0.5\"><strong>KR-706<\/strong> est un d\u00e9tergent d\u00e9shuilant puissant qui \u00e9limine les films d&#039;huile, l&#039;huile \u00e9mulsionn\u00e9e et le tartre. Il nettoie et d\u00e9tartre efficacement les surfaces gr\u00e2ce \u00e0 ses composants ch\u00e9lateurs, nettoyants, d\u00e9shuilants, dispersants et p\u00e9n\u00e9trants. Le KR-706 est \u00e9galement compatible avec les inhibiteurs de tartre et de corrosion de la s\u00e9rie phosphore pour une protection accrue.<\/p>\n<\/div>\n<h3 class=\"flex w-full items-center justify-end flex-wrap pt-0 !mt-2 @md:!mt-0 @md:pt-1.5\" data-exclude-from-screenshot=\"true\">Sp\u00e9cification:<\/h3>\n<div id=\"footable_parent_1367\"\n         class=\"footable_parent ninja_table_wrapper loading_ninja_table wp_table_data_press_parent semantic_ui\">\n                <table data-ninja_table_instance=\"ninja_table_instance_0\" data-footable_id=\"1367\" data-filter-delay=\"1000\" aria-label=\"KR-706 D\u00e9tergent d\u00e9shuilant.csv\"            id=\"footable_1367\"\n           data-unique_identifier=\"ninja_table_unique_id_2064236113_1367\"\n           class=\"foo-table ninja_footable foo_table_1367 ninja_table_unique_id_2064236113_1367 ui table  nt_type_legacy_table selectable striped vertical_centered  footable-paging-right ninja_table_pro\">\n                <colgroup>\n                            <col class=\"ninja_column_0\">\n                            <col class=\"ninja_column_1\">\n                    <\/colgroup>\n        <thead>\n<tr class=\"footable-header\">\n                                        <th scope=\"col\"  class=\"ninja_column_0 ninja_clmn_nm_items\">Articles<\/th><th scope=\"col\"  class=\"ninja_column_1 ninja_clmn_nm_index\">Indice<\/th><\/tr>\n<\/thead>\n<tbody>\n\n        <tr data-row_id=\"355\" class=\"ninja_table_row_0 nt_row_id_355\">\n            <td>Apparence<\/td><td>Liquide brumeux Ambe<\/td>        <\/tr>\n            <tr data-row_id=\"356\" class=\"ninja_table_row_1 nt_row_id_356\">\n            <td>Contenu solide, %<\/td><td>30,0 minutes<\/td>        <\/tr>\n            <tr data-row_id=\"357\" class=\"ninja_table_row_2 nt_row_id_357\">\n            <td>Densit\u00e9 (20\u2103), g\/cm3<\/td><td>1,25\u00b10,1<\/td>        <\/tr>\n            <tr data-row_id=\"358\" class=\"ninja_table_row_3 nt_row_id_358\">\n            <td>pH (solution aqueuse 1%)<\/td><td>2.0\u00b11.0<\/td>        <\/tr>\n    <\/tbody><!--ninja_tobody_rendering_done-->\n    <\/table>\n    \n    \n    \n<\/div>\n\n<h3>Usage:<\/h3>\n<p>La circulation effective de l&#039;eau froide par un technicien qualifi\u00e9 doit d\u00e9terminer le dosage.<\/p>\n<h3>Emballage et stockage\u00a0:<\/h3>\n<p>Selon les demandes des clients, le produit est disponible en f\u00fbts plastiques de 200L et en IBC (1000L). Il doit \u00eatre stock\u00e9 dans un environnement ombrag\u00e9 et sec pendant six mois.<\/p>\n<h3>Protection de s\u00e9curit\u00e9:<\/h3>\n<p>Il est acide et ne doit pas entrer en contact avec les yeux ou la peau. En cas de contact, rincez abondamment la zone affect\u00e9e avec de l&#039;eau.<\/p>\n<h3>FAQ\u00a0:<\/h3>\n<p><strong>Q1\u00a0: Qu&#039;est-ce que le d\u00e9tergent de d\u00e9shuilage WT-706\u00a0?<\/strong><br \/>\nLe d\u00e9tergent de d\u00e9shuilage WT-706 est un produit chimique de traitement de l&#039;eau sp\u00e9cialis\u00e9 utilis\u00e9 pour \u00e9liminer les huiles et les graisses de l&#039;eau. Il est couramment utilis\u00e9 dans la production de p\u00e9trole, le raffinage, la p\u00e9trochimie et d&#039;autres processus industriels pour r\u00e9duire la pollution de l&#039;environnement.<\/p>\n<p><strong>Q2\u00a0: Comment fonctionne le d\u00e9tergent de d\u00e9shuilage WT-706\u00a0?<\/strong><br \/>\nLe d\u00e9tergent agit en d\u00e9composant la structure mol\u00e9culaire des mol\u00e9cules d&#039;huile, leur permettant d&#039;\u00eatre s\u00e9par\u00e9es de l&#039;eau. Il fonctionne en se combinant avec les mol\u00e9cules d&#039;hydrocarbure dans l&#039;huile et en formant une \u00e9mulsion qui peut ensuite \u00eatre facilement \u00e9limin\u00e9e de la solution trait\u00e9e.<\/p>\n<p><strong>Q3\u00a0: Quels sont les avantages de l&#039;utilisation du d\u00e9tergent de d\u00e9shuilage WT-706\u00a0?<\/strong><br \/>\nL&#039;utilisation du d\u00e9tergent de d\u00e9shuilage WT-706 pr\u00e9sente un certain nombre d&#039;avantages pour les processus industriels. Ce d\u00e9tergent peut aider \u00e0 r\u00e9duire la pollution caus\u00e9e par les eaux us\u00e9es huileuses, \u00e0 am\u00e9liorer l&#039;efficacit\u00e9 des processus, \u00e0 augmenter les taux de r\u00e9cup\u00e9ration des produits et \u00e0 r\u00e9duire les co\u00fbts associ\u00e9s au traitement des eaux contamin\u00e9es. De plus, il peut \u00eatre utilis\u00e9 en conjonction avec d&#039;autres formes de produits chimiques de traitement de l&#039;eau pour garantir des r\u00e9sultats optimaux.<\/p>\n<p><strong>Q4\u00a0: Y a-t-il des risques associ\u00e9s \u00e0 l&#039;utilisation du d\u00e9tergent de d\u00e9shuilage WT-706\u00a0?<\/strong><br \/>\nBien que l&#039;utilisation de ce type de d\u00e9tergent soit g\u00e9n\u00e9ralement consid\u00e9r\u00e9e comme s\u00fbre, les utilisateurs doivent prendre des pr\u00e9cautions lors de sa manipulation en raison de sa forme tr\u00e8s concentr\u00e9e. L&#039;\u00e9limination des revendeurs d&#039;occasion doit \u00e9galement \u00eatre g\u00e9r\u00e9e avec soin pour \u00e9viter toute contamination potentielle de l&#039;environnement.<\/p>\n<p><a href=\"https:\/\/vcycletech.com\/fr\/categorie-de-produit\/inhibiteurs-de-corrosion-et-agents-de-filmage-de-pretraitement-a-echelle-construite\/\">Obtenez la solution compl\u00e8te d&#039;inhibiteurs de corrosion et d&#039;agents de filmage de pr\u00e9traitement.<\/a><\/p>","protected":false},"excerpt":{"rendered":"<p><strong>D\u00e9tergent d\u00e9shuilant WT-706<\/strong> est un produit chimique de traitement de l&#039;eau efficace utilis\u00e9 pour le d\u00e9shuilage, le d\u00e9tartrage et le nettoyage. Il peut \u00e9liminer efficacement le tartre, le film d&#039;huile et l&#039;huile \u00e9mulsionn\u00e9e des surfaces. ce qui en fait un choix id\u00e9al pour les applications de nettoyage d\u00e9graissant dans les environnements industriels. De plus, il s&#039;agit d&#039;un agent de nettoyage respectueux de l&#039;environnement qui contient du 40% en poids des ingr\u00e9dients de la composition tels que le sel de sodium de l&#039;inhibiteur de corrosion tolyltriazole Tta Na m\u00e9thylbenzotriazole, le sel disodique de l&#039;acide 1-hydroxy \u00e9thylid\u00e8ne-1,1-diphosphonique et l&#039;acide hexam\u00e9thyl\u00e8nediaminet\u00e9tra (acide m\u00e9thyl\u00e8nephosphonique). ) HMDTMPA.<\/p>","protected":false},"featured_media":1402,"template":"","meta":{"site-sidebar-layout":"default","site-content-layout":"default","ast-site-content-layout":"default","site-content-style":"default","site-sidebar-style":"default","ast-global-header-display":"","ast-banner-title-visibility":"","ast-main-header-display":"","ast-hfb-above-header-display":"","ast-hfb-below-header-display":"","ast-hfb-mobile-header-display":"","site-post-title":"","ast-breadcrumbs-content":"","ast-featured-img":"","footer-sml-layout":"","ast-disable-related-posts":"","theme-transparent-header-meta":"default","adv-header-id-meta":"","stick-header-meta":"default","header-above-stick-meta":"","header-main-stick-meta":"","header-below-stick-meta":"","astra-migrate-meta-layouts":"default","ast-page-background-enabled":"default","ast-page-background-meta":{"desktop":{"background-color":"","background-image":"","background-repeat":"repeat","background-position":"center center","background-size":"auto","background-attachment":"scroll","background-type":"","background-media":"","overlay-type":"","overlay-color":"","overlay-opacity":"","overlay-gradient":""},"tablet":{"background-color":"","background-image":"","background-repeat":"repeat","background-position":"center center","background-size":"auto","background-attachment":"scroll","background-type":"","background-media":"","overlay-type":"","overlay-color":"","overlay-opacity":"","overlay-gradient":""},"mobile":{"background-color":"","background-image":"","background-repeat":"repeat","background-position":"center center","background-size":"auto","background-attachment":"scroll","background-type":"","background-media":"","overlay-type":"","overlay-color":"","overlay-opacity":"","overlay-gradient":""}},"ast-content-background-meta":{"desktop":{"background-color":"var(--ast-global-color-5)","background-image":"","background-repeat":"repeat","background-position":"center center","background-size":"auto","background-attachment":"scroll","background-type":"","background-media":"","overlay-type":"","overlay-color":"","overlay-opacity":"","overlay-gradient":""},"tablet":{"background-color":"var(--ast-global-color-5)","background-image":"","background-repeat":"repeat","background-position":"center center","background-size":"auto","background-attachment":"scroll","background-type":"","background-media":"","overlay-type":"","overlay-color":"","overlay-opacity":"","overlay-gradient":""},"mobile":{"background-color":"var(--ast-global-color-5)","background-image":"","background-repeat":"repeat","background-position":"center center","background-size":"auto","background-attachment":"scroll","background-type":"","background-media":"","overlay-type":"","overlay-color":"","overlay-opacity":"","overlay-gradient":""}}},"product_brand":[],"product_cat":[32],"product_tag":[],"class_list":{"0":"post-1365","1":"product","2":"type-product","3":"status-publish","4":"has-post-thumbnail","6":"product_cat-built-scale-corrosion-inhibitors-and-pretreatment-filming-agents","7":"desktop-align-left","8":"tablet-align-left","9":"mobile-align-left","10":"ast-product-gallery-layout-horizontal-slider","11":"ast-product-gallery-with-no-image","12":"ast-product-tabs-layout-horizontal","14":"first","15":"instock","16":"shipping-taxable","17":"product-type-simple"},"yoast_head":"<!-- This site is optimized with the Yoast SEO Premium plugin v26.3 (Yoast SEO v27.3) - https:\/\/yoast.com\/product\/yoast-seo-premium-wordpress\/ -->\n<title>WT-706 Deoiling Detergent - vcycletech<\/title>\n<meta name=\"description\" content=\"Is your water treatment process not working? WT-706 Deoiling Detergent is your solution for successful results!\" \/>\n<meta name=\"robots\" content=\"index, follow, max-snippet:-1, max-image-preview:large, max-video-preview:-1\" \/>\n<link rel=\"canonical\" href=\"https:\/\/vcycletech.com\/fr\/produit\/wt-706-detergent-deshuilant\/\" \/>\n<meta property=\"og:locale\" content=\"fr_FR\" \/>\n<meta property=\"og:type\" content=\"article\" \/>\n<meta property=\"og:title\" content=\"WT-706 Deoiling Detergent\" \/>\n<meta property=\"og:description\" content=\"Is your water treatment process not working? WT-706 Deoiling Detergent is your solution for successful results!\" \/>\n<meta property=\"og:url\" content=\"https:\/\/vcycletech.com\/fr\/produit\/wt-706-detergent-deshuilant\/\" \/>\n<meta property=\"og:site_name\" content=\"vcycletech\" \/>\n<meta property=\"article:modified_time\" content=\"2023-03-27T03:11:58+00:00\" \/>\n<meta property=\"og:image\" content=\"https:\/\/vcycletech.com\/wp-content\/uploads\/2023\/03\/1-75.png\" \/>\n\t<meta property=\"og:image:width\" content=\"600\" \/>\n\t<meta property=\"og:image:height\" content=\"600\" \/>\n\t<meta property=\"og:image:type\" content=\"image\/png\" \/>\n<meta name=\"twitter:card\" content=\"summary_large_image\" \/>\n<meta name=\"twitter:label1\" content=\"Dur\u00e9e de lecture estim\u00e9e\" \/>\n\t<meta name=\"twitter:data1\" content=\"2 minutes\" \/>\n<script type=\"application\/ld+json\" class=\"yoast-schema-graph\">{\"@context\":\"https:\\\/\\\/schema.org\",\"@graph\":[{\"@type\":\"WebPage\",\"@id\":\"https:\\\/\\\/vcycletech.com\\\/product\\\/wt-706-deoiling-detergent\\\/\",\"url\":\"https:\\\/\\\/vcycletech.com\\\/product\\\/wt-706-deoiling-detergent\\\/\",\"name\":\"WT-706 Deoiling Detergent - vcycletech\",\"isPartOf\":{\"@id\":\"https:\\\/\\\/vcycletech.com\\\/#website\"},\"primaryImageOfPage\":{\"@id\":\"https:\\\/\\\/vcycletech.com\\\/product\\\/wt-706-deoiling-detergent\\\/#primaryimage\"},\"image\":{\"@id\":\"https:\\\/\\\/vcycletech.com\\\/product\\\/wt-706-deoiling-detergent\\\/#primaryimage\"},\"thumbnailUrl\":\"https:\\\/\\\/vcycletech.com\\\/wp-content\\\/uploads\\\/2023\\\/03\\\/1-75.png\",\"datePublished\":\"2023-03-22T06:11:12+00:00\",\"dateModified\":\"2023-03-27T03:11:58+00:00\",\"description\":\"Is your water treatment process not working? WT-706 Deoiling Detergent is your solution for successful results!\",\"breadcrumb\":{\"@id\":\"https:\\\/\\\/vcycletech.com\\\/product\\\/wt-706-deoiling-detergent\\\/#breadcrumb\"},\"inLanguage\":\"fr-FR\",\"potentialAction\":[{\"@type\":\"ReadAction\",\"target\":[\"https:\\\/\\\/vcycletech.com\\\/product\\\/wt-706-deoiling-detergent\\\/\"]}]},{\"@type\":\"ImageObject\",\"inLanguage\":\"fr-FR\",\"@id\":\"https:\\\/\\\/vcycletech.com\\\/product\\\/wt-706-deoiling-detergent\\\/#primaryimage\",\"url\":\"https:\\\/\\\/vcycletech.com\\\/wp-content\\\/uploads\\\/2023\\\/03\\\/1-75.png\",\"contentUrl\":\"https:\\\/\\\/vcycletech.com\\\/wp-content\\\/uploads\\\/2023\\\/03\\\/1-75.png\",\"width\":600,\"height\":600,\"caption\":\"Deoiling Detergent\"},{\"@type\":\"BreadcrumbList\",\"@id\":\"https:\\\/\\\/vcycletech.com\\\/product\\\/wt-706-deoiling-detergent\\\/#breadcrumb\",\"itemListElement\":[{\"@type\":\"ListItem\",\"position\":1,\"name\":\"Home\",\"item\":\"https:\\\/\\\/vcycletech.com\\\/\"},{\"@type\":\"ListItem\",\"position\":2,\"name\":\"Water Treatment Chemicals Manufacturer\",\"item\":\"https:\\\/\\\/vcycletech.com\\\/water-treatment-chemicals-manufacturer\\\/\"},{\"@type\":\"ListItem\",\"position\":3,\"name\":\"WT-706 Deoiling Detergent\"}]},{\"@type\":\"WebSite\",\"@id\":\"https:\\\/\\\/vcycletech.com\\\/#website\",\"url\":\"https:\\\/\\\/vcycletech.com\\\/\",\"name\":\"vcycletech\",\"description\":\"China&#039;s top water treatment chemicals supplier\",\"publisher\":{\"@id\":\"https:\\\/\\\/vcycletech.com\\\/#organization\"},\"potentialAction\":[{\"@type\":\"SearchAction\",\"target\":{\"@type\":\"EntryPoint\",\"urlTemplate\":\"https:\\\/\\\/vcycletech.com\\\/?s={search_term_string}\"},\"query-input\":{\"@type\":\"PropertyValueSpecification\",\"valueRequired\":true,\"valueName\":\"search_term_string\"}}],\"inLanguage\":\"fr-FR\"},{\"@type\":\"Organization\",\"@id\":\"https:\\\/\\\/vcycletech.com\\\/#organization\",\"name\":\"vcycletech\",\"url\":\"https:\\\/\\\/vcycletech.com\\\/\",\"logo\":{\"@type\":\"ImageObject\",\"inLanguage\":\"fr-FR\",\"@id\":\"https:\\\/\\\/vcycletech.com\\\/#\\\/schema\\\/logo\\\/image\\\/\",\"url\":\"https:\\\/\\\/vcycletech.com\\\/wp-content\\\/uploads\\\/2023\\\/03\\\/logo-vcycletech-1.png\",\"contentUrl\":\"https:\\\/\\\/vcycletech.com\\\/wp-content\\\/uploads\\\/2023\\\/03\\\/logo-vcycletech-1.png\",\"width\":600,\"height\":400,\"caption\":\"vcycletech\"},\"image\":{\"@id\":\"https:\\\/\\\/vcycletech.com\\\/#\\\/schema\\\/logo\\\/image\\\/\"}}]}<\/script>\n<!-- \/ Yoast SEO Premium plugin. -->","yoast_head_json":{"title":"D\u00e9tergent d\u00e9shuilant WT-706 - vcycletech","description":"Votre proc\u00e9d\u00e9 de traitement de l&#039;eau ne fonctionne pas ? Le d\u00e9tergent d\u00e9shuilant WT-706 est votre solution pour des r\u00e9sultats r\u00e9ussis\u00a0!","robots":{"index":"index","follow":"follow","max-snippet":"max-snippet:-1","max-image-preview":"max-image-preview:large","max-video-preview":"max-video-preview:-1"},"canonical":"https:\/\/vcycletech.com\/fr\/produit\/wt-706-detergent-deshuilant\/","og_locale":"fr_FR","og_type":"article","og_title":"WT-706 Deoiling Detergent","og_description":"Is your water treatment process not working? WT-706 Deoiling Detergent is your solution for successful results!","og_url":"https:\/\/vcycletech.com\/fr\/produit\/wt-706-detergent-deshuilant\/","og_site_name":"vcycletech","article_modified_time":"2023-03-27T03:11:58+00:00","og_image":[{"width":600,"height":600,"url":"https:\/\/vcycletech.com\/wp-content\/uploads\/2023\/03\/1-75.png","type":"image\/png"}],"twitter_card":"summary_large_image","twitter_misc":{"Dur\u00e9e de lecture estim\u00e9e":"2 minutes"},"schema":{"@context":"https:\/\/schema.org","@graph":[{"@type":"WebPage","@id":"https:\/\/vcycletech.com\/product\/wt-706-deoiling-detergent\/","url":"https:\/\/vcycletech.com\/product\/wt-706-deoiling-detergent\/","name":"D\u00e9tergent d\u00e9shuilant WT-706 - vcycletech","isPartOf":{"@id":"https:\/\/vcycletech.com\/#website"},"primaryImageOfPage":{"@id":"https:\/\/vcycletech.com\/product\/wt-706-deoiling-detergent\/#primaryimage"},"image":{"@id":"https:\/\/vcycletech.com\/product\/wt-706-deoiling-detergent\/#primaryimage"},"thumbnailUrl":"https:\/\/vcycletech.com\/wp-content\/uploads\/2023\/03\/1-75.png","datePublished":"2023-03-22T06:11:12+00:00","dateModified":"2023-03-27T03:11:58+00:00","description":"Votre proc\u00e9d\u00e9 de traitement de l&#039;eau ne fonctionne pas ? Le d\u00e9tergent d\u00e9shuilant WT-706 est votre solution pour des r\u00e9sultats r\u00e9ussis\u00a0!","breadcrumb":{"@id":"https:\/\/vcycletech.com\/product\/wt-706-deoiling-detergent\/#breadcrumb"},"inLanguage":"fr-FR","potentialAction":[{"@type":"ReadAction","target":["https:\/\/vcycletech.com\/product\/wt-706-deoiling-detergent\/"]}]},{"@type":"ImageObject","inLanguage":"fr-FR","@id":"https:\/\/vcycletech.com\/product\/wt-706-deoiling-detergent\/#primaryimage","url":"https:\/\/vcycletech.com\/wp-content\/uploads\/2023\/03\/1-75.png","contentUrl":"https:\/\/vcycletech.com\/wp-content\/uploads\/2023\/03\/1-75.png","width":600,"height":600,"caption":"Deoiling Detergent"},{"@type":"BreadcrumbList","@id":"https:\/\/vcycletech.com\/product\/wt-706-deoiling-detergent\/#breadcrumb","itemListElement":[{"@type":"ListItem","position":1,"name":"Home","item":"https:\/\/vcycletech.com\/"},{"@type":"ListItem","position":2,"name":"Water Treatment Chemicals Manufacturer","item":"https:\/\/vcycletech.com\/water-treatment-chemicals-manufacturer\/"},{"@type":"ListItem","position":3,"name":"WT-706 Deoiling Detergent"}]},{"@type":"WebSite","@id":"https:\/\/vcycletech.com\/#website","url":"https:\/\/vcycletech.com\/","name":"vcycletech","description":"Meilleur fournisseur de produits chimiques pour le traitement de l&#039;eau en Chine","publisher":{"@id":"https:\/\/vcycletech.com\/#organization"},"potentialAction":[{"@type":"SearchAction","target":{"@type":"EntryPoint","urlTemplate":"https:\/\/vcycletech.com\/?s={search_term_string}"},"query-input":{"@type":"PropertyValueSpecification","valueRequired":true,"valueName":"search_term_string"}}],"inLanguage":"fr-FR"},{"@type":"Organization","@id":"https:\/\/vcycletech.com\/#organization","name":"vcycletech","url":"https:\/\/vcycletech.com\/","logo":{"@type":"ImageObject","inLanguage":"fr-FR","@id":"https:\/\/vcycletech.com\/#\/schema\/logo\/image\/","url":"https:\/\/vcycletech.com\/wp-content\/uploads\/2023\/03\/logo-vcycletech-1.png","contentUrl":"https:\/\/vcycletech.com\/wp-content\/uploads\/2023\/03\/logo-vcycletech-1.png","width":600,"height":400,"caption":"vcycletech"},"image":{"@id":"https:\/\/vcycletech.com\/#\/schema\/logo\/image\/"}}]}},"_links":{"self":[{"href":"https:\/\/vcycletech.com\/fr\/wp-json\/wp\/v2\/product\/1365","targetHints":{"allow":["GET"]}}],"collection":[{"href":"https:\/\/vcycletech.com\/fr\/wp-json\/wp\/v2\/product"}],"about":[{"href":"https:\/\/vcycletech.com\/fr\/wp-json\/wp\/v2\/types\/product"}],"wp:featuredmedia":[{"embeddable":true,"href":"https:\/\/vcycletech.com\/fr\/wp-json\/wp\/v2\/media\/1402"}],"wp:attachment":[{"href":"https:\/\/vcycletech.com\/fr\/wp-json\/wp\/v2\/media?parent=1365"}],"wp:term":[{"taxonomy":"product_brand","embeddable":true,"href":"https:\/\/vcycletech.com\/fr\/wp-json\/wp\/v2\/product_brand?post=1365"},{"taxonomy":"product_cat","embeddable":true,"href":"https:\/\/vcycletech.com\/fr\/wp-json\/wp\/v2\/product_cat?post=1365"},{"taxonomy":"product_tag","embeddable":true,"href":"https:\/\/vcycletech.com\/fr\/wp-json\/wp\/v2\/product_tag?post=1365"}],"curies":[{"name":"wp","href":"https:\/\/api.w.org\/{rel}","templated":true}]}}