{"id":1345,"date":"2023-03-22T02:53:53","date_gmt":"2023-03-22T02:53:53","guid":{"rendered":"https:\/\/vcycletech.com\/?post_type=product&#038;p=1345"},"modified":"2023-03-27T03:19:25","modified_gmt":"2023-03-27T03:19:25","slug":"kr-707-agent-de-filmage-de-pretraitement","status":"publish","type":"product","link":"https:\/\/vcycletech.com\/fr\/produit\/kr-707-agent-de-filmage-de-pretraitement\/","title":{"rendered":"Agent de filmage de pr\u00e9traitement WT-707"},"content":{"rendered":"<h3>Propri\u00e9t\u00e9s:<\/h3>\n<p><strong>WT-707<\/strong> est une combinaison sp\u00e9ciale d&#039;agents ch\u00e9lateurs, de dispersants, d&#039;un film de pr\u00e9traitement et d&#039;un tensioactif con\u00e7u pour fournir des r\u00e9sultats sup\u00e9rieurs. Il adsorbe chimiquement les ions ferriques et calcium et forme un film dur sur les surfaces m\u00e9talliques. Ce film adh\u00e8re rapidement, s&#039;homog\u00e9n\u00e9ise uniform\u00e9ment sur toute la surface et offre une excellente stabilit\u00e9 chimique avec de faibles niveaux de corrosion. La combinaison unique de composants du WT-707 le rend insensible aux ions cuivre ou ferriques dans les syst\u00e8mes d&#039;eau. C&#039;est le produit id\u00e9al pour le pr\u00e9traitement des \u00e9quipements et des canalisations pour les nouveaux syst\u00e8mes ou apr\u00e8s de lourdes r\u00e9parations.<\/p>\n<h3>Sp\u00e9cification:<\/h3>\n<div id=\"footable_parent_1359\"\n         class=\"footable_parent ninja_table_wrapper loading_ninja_table wp_table_data_press_parent semantic_ui\">\n                <table data-ninja_table_instance=\"ninja_table_instance_0\" data-footable_id=\"1359\" data-filter-delay=\"1000\" aria-label=\"Agent de filmage de pr\u00e9traitement KR-707.csv\"            id=\"footable_1359\"\n           data-unique_identifier=\"ninja_table_unique_id_574452129_1359\"\n           class=\"foo-table ninja_footable foo_table_1359 ninja_table_unique_id_574452129_1359 ui table  nt_type_legacy_table selectable striped vertical_centered  footable-paging-right ninja_table_pro\">\n                <colgroup>\n                            <col class=\"ninja_column_0\">\n                            <col class=\"ninja_column_1\">\n                    <\/colgroup>\n        <thead>\n<tr class=\"footable-header\">\n                                        <th scope=\"col\"  class=\"ninja_column_0 ninja_clmn_nm_items\">Articles<\/th><th scope=\"col\"  class=\"ninja_column_1 ninja_clmn_nm_index\">Indice<\/th><\/tr>\n<\/thead>\n<tbody>\n\n        <tr data-row_id=\"351\" class=\"ninja_table_row_0 nt_row_id_351\">\n            <td>Apparence<\/td><td>Liquide transparent d&#039;ombre<\/td>        <\/tr>\n            <tr data-row_id=\"352\" class=\"ninja_table_row_1 nt_row_id_352\">\n            <td>Contenu solide, %<\/td><td>20,0 minutes<\/td>        <\/tr>\n            <tr data-row_id=\"353\" class=\"ninja_table_row_2 nt_row_id_353\">\n            <td>Densit\u00e9 (20\u2103), g\/cm3<\/td><td>1,25\u00b10,1<\/td>        <\/tr>\n            <tr data-row_id=\"354\" class=\"ninja_table_row_3 nt_row_id_354\">\n            <td>pH (solution aqueuse 1%)<\/td><td>2.0\u00b11.0<\/td>        <\/tr>\n    <\/tbody><!--ninja_tobody_rendering_done-->\n    <\/table>\n    \n    \n    \n<\/div>\n\n<h3>Caract\u00e9ristiques du produit:<\/h3>\n<p><strong>Agent de filmage de pr\u00e9traitement WT-707<\/strong> est un produit avanc\u00e9 et performant con\u00e7u pour les op\u00e9rations de pr\u00e9traitement dans une gamme d&#039;industries. Il convient \u00e0 tous les tissus et m\u00e9langes de coton, y compris les fibres synth\u00e9tiques telles que le polyester, le spandex et le nylon. Il offre d&#039;excellentes performances pour r\u00e9duire la diff\u00e9rence de couleur entre la production d&#039;\u00e9chantillons et la production en vrac, am\u00e9liorant ainsi la solidit\u00e9 globale des couleurs du tissu trait\u00e9. De plus, il peut am\u00e9liorer consid\u00e9rablement le liss\u00e9 de la surface avec de bonnes propri\u00e9t\u00e9s hydrophiles, ce qui facilite la teinture du tissu avec une forte force d&#039;adh\u00e9rence. Le WT-707 est facile \u00e0 utiliser et peut \u00eatre dilu\u00e9 avant utilisation, ce qui le rend plus \u00e9conomique.<\/p>\n<h4>Usage:<\/h4>\n<p>Pour des r\u00e9sultats optimaux, une dose de 200-500 mg\/L est recommand\u00e9e. Pour les \u00e9tats froids, le temps de tournage du pr\u00e9traitement doit \u00eatre compris entre 48 et 72 heures, tandis que pour les \u00e9tats chauds, le temps de tournage sugg\u00e9r\u00e9 est de 24 \u00e0 48 heures.<\/p>\n<h4>Emballage et stockage\u00a0:<\/h4>\n<p>Le produit est livr\u00e9 en f\u00fbt plastique de 200L ou IBC (1000L). Les clients peuvent \u00e9galement demander des packages personnalis\u00e9s si n\u00e9cessaire. Le produit doit \u00eatre stock\u00e9 dans une pi\u00e8ce ombrag\u00e9e et un endroit sec jusqu&#039;\u00e0 un an.<\/p>\n<h4>Protection de s\u00e9curit\u00e9:<\/h4>\n<p>Le produit acide ne doit pas entrer en contact avec les yeux ou la peau. Si cela se produit, rincez imm\u00e9diatement \u00e0 l&#039;eau.<\/p>\n<h3>FAQ\u00a0:<\/h3>\n<p><strong>Q1\u00a0: Quel est le but de l&#039;agent de filmage de pr\u00e9traitement WT-707\u00a0?<\/strong><br \/>\nL&#039;agent de filmage de pr\u00e9traitement WT-707 est un type de produit chimique de traitement de l&#039;eau utilis\u00e9 pour pr\u00e9parer les surfaces avant de les recouvrir d&#039;un film protecteur comme la peinture ou le vernis. Le produit chimique cr\u00e9e une barri\u00e8re mince et uniforme sur la surface qui aide \u00e0 assurer une meilleure adh\u00e9rence et une couverture plus uniforme de la couche de finition appliqu\u00e9e par la suite.<br \/>\n<strong>Q2\u00a0: Quels types de mat\u00e9riaux peuvent b\u00e9n\u00e9ficier de l&#039;utilisation du WT-707\u00a0?<\/strong><br \/>\nLe WT-707 peut \u00eatre utilis\u00e9 sur une grande vari\u00e9t\u00e9 de mat\u00e9riaux, y compris les m\u00e9taux, les plastiques, le b\u00e9ton et d&#039;autres surfaces. Il est particuli\u00e8rement efficace pour les applications o\u00f9 une forte adh\u00e9rence des couches de finition est essentielle, comme dans l&#039;industrie automobile ou pour les \u00e9quipements industriels.<br \/>\n<strong>Q3\u00a0:Comment le WT-707 am\u00e9liore-t-il l&#039;adh\u00e9rence par rapport aux autres produits\u00a0?<\/strong><br \/>\nWT-707 contient des ingr\u00e9dients sp\u00e9ciaux con\u00e7us pour fournir des propri\u00e9t\u00e9s d&#039;adh\u00e9rence sup\u00e9rieures par rapport aux appr\u00eats et rev\u00eatements traditionnels. La faible viscosit\u00e9 de la formulation lui permet de p\u00e9n\u00e9trer profond\u00e9ment m\u00eame dans les plus petits pores du mat\u00e9riau, cr\u00e9ant une base optimale pour les couches de finition qui ne se d\u00e9colleront pas, ne s&#039;\u00e9cailleront pas ou ne se d\u00e9colleront pas facilement avec le temps.<br \/>\n<strong>Q4\u00a0: Quelles sont les consid\u00e9rations de s\u00e9curit\u00e9 pour l&#039;utilisation du WT-707\u00a0?<\/strong><br \/>\nLe WT-707 doit toujours \u00eatre manipul\u00e9 avec les pr\u00e9cautions de s\u00e9curit\u00e9 appropri\u00e9es car il s&#039;agit d&#039;un mat\u00e9riau dangereux qui peut provoquer une irritation cutan\u00e9e au contact et l&#039;inhalation peut irriter les voies respiratoires s&#039;il est inhal\u00e9 directement \u00e0 partir de son r\u00e9cipient ou s&#039;il est pulv\u00e9ris\u00e9 \u00e0 haute pression pendant l&#039;application. Des v\u00eatements et des lunettes de protection appropri\u00e9s doivent \u00eatre port\u00e9s en tout temps lorsque vous travaillez avec ce produit, et tout d\u00e9versement doit \u00eatre nettoy\u00e9 imm\u00e9diatement avec un mat\u00e9riau absorbant tel que de la liti\u00e8re pour chat ou du sable.<br \/>\n<strong>Q5\u00a0: Existe-t-il une mani\u00e8re sp\u00e9cifique d&#039;appliquer le WT-707\u00a0?<\/strong><br \/>\nLe WT-707 doit \u00eatre appliqu\u00e9 uniform\u00e9ment conform\u00e9ment aux instructions du fabricant afin d&#039;obtenir des r\u00e9sultats de performance optimaux. Ce produit peut g\u00e9n\u00e9ralement \u00eatre appliqu\u00e9 au pinceau, au pulv\u00e9risateur ou au rouleau en fonction de la taille de la zone \u00e0 traiter et n\u00e9cessite suffisamment de temps (10 \u00e0 20 minutes) pour s\u00e9cher avant d&#039;ajouter des couches suppl\u00e9mentaires telles qu&#039;un appr\u00eat ou des rev\u00eatements de finition.<\/p>\n<p><a href=\"https:\/\/vcycletech.com\/fr\/categorie-de-produit\/inhibiteurs-de-corrosion-et-agents-de-filmage-de-pretraitement-a-echelle-construite\/\">Obtenez la solution compl\u00e8te d&#039;inhibiteurs de corrosion et d&#039;agents de filmage de pr\u00e9traitement.<\/a><\/p>","protected":false},"excerpt":{"rendered":"<p class=\"my-0.5\"><strong>Agent de filmage de pr\u00e9traitement WT-707<\/strong> est un produit chimique de traitement de l&#039;eau avec divers avantages. Il filme rapidement, filme les surfaces de mani\u00e8re homog\u00e8ne, est chimiquement stable et a un faible taux de corrosion. Il contient \u00e9galement un agent ch\u00e9lateur qui peut adsorber le fer et le calcium, formant un film dur sur les surfaces m\u00e9talliques. En outre, <strong>WT-707 <\/strong>peut curate rozaduras en las ingles, ce qui en fait un choix id\u00e9al pour les applications de traitement de l&#039;eau. Sa polyvalence le rend appropri\u00e9 pour une utilisation dans les quartiers industriels et r\u00e9sidentiels. <strong>Agent de filmage de pr\u00e9traitement WT-707<\/strong> est un excellent choix pour les produits chimiques de traitement de l&#039;eau avec ses nombreux avantages.<\/p>","protected":false},"featured_media":1364,"template":"","meta":{"site-sidebar-layout":"default","site-content-layout":"default","ast-site-content-layout":"default","site-content-style":"default","site-sidebar-style":"default","ast-global-header-display":"","ast-banner-title-visibility":"","ast-main-header-display":"","ast-hfb-above-header-display":"","ast-hfb-below-header-display":"","ast-hfb-mobile-header-display":"","site-post-title":"","ast-breadcrumbs-content":"","ast-featured-img":"","footer-sml-layout":"","ast-disable-related-posts":"","theme-transparent-header-meta":"default","adv-header-id-meta":"","stick-header-meta":"default","header-above-stick-meta":"","header-main-stick-meta":"","header-below-stick-meta":"","astra-migrate-meta-layouts":"default","ast-page-background-enabled":"default","ast-page-background-meta":{"desktop":{"background-color":"","background-image":"","background-repeat":"repeat","background-position":"center center","background-size":"auto","background-attachment":"scroll","background-type":"","background-media":"","overlay-type":"","overlay-color":"","overlay-opacity":"","overlay-gradient":""},"tablet":{"background-color":"","background-image":"","background-repeat":"repeat","background-position":"center center","background-size":"auto","background-attachment":"scroll","background-type":"","background-media":"","overlay-type":"","overlay-color":"","overlay-opacity":"","overlay-gradient":""},"mobile":{"background-color":"","background-image":"","background-repeat":"repeat","background-position":"center center","background-size":"auto","background-attachment":"scroll","background-type":"","background-media":"","overlay-type":"","overlay-color":"","overlay-opacity":"","overlay-gradient":""}},"ast-content-background-meta":{"desktop":{"background-color":"var(--ast-global-color-5)","background-image":"","background-repeat":"repeat","background-position":"center center","background-size":"auto","background-attachment":"scroll","background-type":"","background-media":"","overlay-type":"","overlay-color":"","overlay-opacity":"","overlay-gradient":""},"tablet":{"background-color":"var(--ast-global-color-5)","background-image":"","background-repeat":"repeat","background-position":"center center","background-size":"auto","background-attachment":"scroll","background-type":"","background-media":"","overlay-type":"","overlay-color":"","overlay-opacity":"","overlay-gradient":""},"mobile":{"background-color":"var(--ast-global-color-5)","background-image":"","background-repeat":"repeat","background-position":"center center","background-size":"auto","background-attachment":"scroll","background-type":"","background-media":"","overlay-type":"","overlay-color":"","overlay-opacity":"","overlay-gradient":""}}},"product_brand":[],"product_cat":[32],"product_tag":[],"class_list":{"0":"post-1345","1":"product","2":"type-product","3":"status-publish","4":"has-post-thumbnail","6":"product_cat-built-scale-corrosion-inhibitors-and-pretreatment-filming-agents","7":"desktop-align-left","8":"tablet-align-left","9":"mobile-align-left","10":"ast-product-gallery-layout-horizontal-slider","11":"ast-product-gallery-with-no-image","12":"ast-product-tabs-layout-horizontal","14":"first","15":"instock","16":"shipping-taxable","17":"product-type-simple"},"yoast_head":"<!-- This site is optimized with the Yoast SEO Premium plugin v26.3 (Yoast SEO v27.3) - https:\/\/yoast.com\/product\/yoast-seo-premium-wordpress\/ -->\n<title>WT-707 Pretreatment Filming Agent - vcycletech<\/title>\n<meta name=\"description\" content=\"Tackle your toughest water treatments with the power of WT-707 Pretreatment Filming Agent! Get superior results with our selection of treatment chemicals now.\" \/>\n<meta name=\"robots\" content=\"index, follow, max-snippet:-1, max-image-preview:large, max-video-preview:-1\" \/>\n<link rel=\"canonical\" href=\"https:\/\/vcycletech.com\/fr\/produit\/kr-707-agent-de-filmage-de-pretraitement\/\" \/>\n<meta property=\"og:locale\" content=\"fr_FR\" \/>\n<meta property=\"og:type\" content=\"article\" \/>\n<meta property=\"og:title\" content=\"WT-707 Pretreatment Filming Agent\" \/>\n<meta property=\"og:description\" content=\"Tackle your toughest water treatments with the power of WT-707 Pretreatment Filming Agent! Get superior results with our selection of treatment chemicals now.\" \/>\n<meta property=\"og:url\" content=\"https:\/\/vcycletech.com\/fr\/produit\/kr-707-agent-de-filmage-de-pretraitement\/\" \/>\n<meta property=\"og:site_name\" content=\"vcycletech\" \/>\n<meta property=\"article:modified_time\" content=\"2023-03-27T03:19:25+00:00\" \/>\n<meta property=\"og:image\" content=\"https:\/\/vcycletech.com\/wp-content\/uploads\/2023\/03\/1-68.png\" \/>\n\t<meta property=\"og:image:width\" content=\"600\" \/>\n\t<meta property=\"og:image:height\" content=\"600\" \/>\n\t<meta property=\"og:image:type\" content=\"image\/png\" \/>\n<meta name=\"twitter:card\" content=\"summary_large_image\" \/>\n<meta name=\"twitter:label1\" content=\"Dur\u00e9e de lecture estim\u00e9e\" \/>\n\t<meta name=\"twitter:data1\" content=\"3 minutes\" \/>\n<script type=\"application\/ld+json\" class=\"yoast-schema-graph\">{\"@context\":\"https:\\\/\\\/schema.org\",\"@graph\":[{\"@type\":\"WebPage\",\"@id\":\"https:\\\/\\\/vcycletech.com\\\/product\\\/wt-707-pretreatment-filming-agent\\\/\",\"url\":\"https:\\\/\\\/vcycletech.com\\\/product\\\/wt-707-pretreatment-filming-agent\\\/\",\"name\":\"WT-707 Pretreatment Filming Agent - vcycletech\",\"isPartOf\":{\"@id\":\"https:\\\/\\\/vcycletech.com\\\/#website\"},\"primaryImageOfPage\":{\"@id\":\"https:\\\/\\\/vcycletech.com\\\/product\\\/wt-707-pretreatment-filming-agent\\\/#primaryimage\"},\"image\":{\"@id\":\"https:\\\/\\\/vcycletech.com\\\/product\\\/wt-707-pretreatment-filming-agent\\\/#primaryimage\"},\"thumbnailUrl\":\"https:\\\/\\\/vcycletech.com\\\/wp-content\\\/uploads\\\/2023\\\/03\\\/1-68.png\",\"datePublished\":\"2023-03-22T02:53:53+00:00\",\"dateModified\":\"2023-03-27T03:19:25+00:00\",\"description\":\"Tackle your toughest water treatments with the power of WT-707 Pretreatment Filming Agent! Get superior results with our selection of treatment chemicals now.\",\"breadcrumb\":{\"@id\":\"https:\\\/\\\/vcycletech.com\\\/product\\\/wt-707-pretreatment-filming-agent\\\/#breadcrumb\"},\"inLanguage\":\"fr-FR\",\"potentialAction\":[{\"@type\":\"ReadAction\",\"target\":[\"https:\\\/\\\/vcycletech.com\\\/product\\\/wt-707-pretreatment-filming-agent\\\/\"]}]},{\"@type\":\"ImageObject\",\"inLanguage\":\"fr-FR\",\"@id\":\"https:\\\/\\\/vcycletech.com\\\/product\\\/wt-707-pretreatment-filming-agent\\\/#primaryimage\",\"url\":\"https:\\\/\\\/vcycletech.com\\\/wp-content\\\/uploads\\\/2023\\\/03\\\/1-68.png\",\"contentUrl\":\"https:\\\/\\\/vcycletech.com\\\/wp-content\\\/uploads\\\/2023\\\/03\\\/1-68.png\",\"width\":600,\"height\":600,\"caption\":\"KR-707 Pretreatment Filming Agent\"},{\"@type\":\"BreadcrumbList\",\"@id\":\"https:\\\/\\\/vcycletech.com\\\/product\\\/wt-707-pretreatment-filming-agent\\\/#breadcrumb\",\"itemListElement\":[{\"@type\":\"ListItem\",\"position\":1,\"name\":\"Home\",\"item\":\"https:\\\/\\\/vcycletech.com\\\/\"},{\"@type\":\"ListItem\",\"position\":2,\"name\":\"Water Treatment Chemicals Manufacturer\",\"item\":\"https:\\\/\\\/vcycletech.com\\\/water-treatment-chemicals-manufacturer\\\/\"},{\"@type\":\"ListItem\",\"position\":3,\"name\":\"WT-707 Pretreatment Filming Agent\"}]},{\"@type\":\"WebSite\",\"@id\":\"https:\\\/\\\/vcycletech.com\\\/#website\",\"url\":\"https:\\\/\\\/vcycletech.com\\\/\",\"name\":\"vcycletech\",\"description\":\"China&#039;s top water treatment chemicals supplier\",\"publisher\":{\"@id\":\"https:\\\/\\\/vcycletech.com\\\/#organization\"},\"potentialAction\":[{\"@type\":\"SearchAction\",\"target\":{\"@type\":\"EntryPoint\",\"urlTemplate\":\"https:\\\/\\\/vcycletech.com\\\/?s={search_term_string}\"},\"query-input\":{\"@type\":\"PropertyValueSpecification\",\"valueRequired\":true,\"valueName\":\"search_term_string\"}}],\"inLanguage\":\"fr-FR\"},{\"@type\":\"Organization\",\"@id\":\"https:\\\/\\\/vcycletech.com\\\/#organization\",\"name\":\"vcycletech\",\"url\":\"https:\\\/\\\/vcycletech.com\\\/\",\"logo\":{\"@type\":\"ImageObject\",\"inLanguage\":\"fr-FR\",\"@id\":\"https:\\\/\\\/vcycletech.com\\\/#\\\/schema\\\/logo\\\/image\\\/\",\"url\":\"https:\\\/\\\/vcycletech.com\\\/wp-content\\\/uploads\\\/2023\\\/03\\\/logo-vcycletech-1.png\",\"contentUrl\":\"https:\\\/\\\/vcycletech.com\\\/wp-content\\\/uploads\\\/2023\\\/03\\\/logo-vcycletech-1.png\",\"width\":600,\"height\":400,\"caption\":\"vcycletech\"},\"image\":{\"@id\":\"https:\\\/\\\/vcycletech.com\\\/#\\\/schema\\\/logo\\\/image\\\/\"}}]}<\/script>\n<!-- \/ Yoast SEO Premium plugin. -->","yoast_head_json":{"title":"Agent de filmage de pr\u00e9traitement WT-707 - vcycletech","description":"Attaquez-vous \u00e0 vos traitements d&#039;eau les plus difficiles avec la puissance de l&#039;agent de filmage de pr\u00e9traitement WT-707\u00a0! Obtenez d\u00e8s maintenant des r\u00e9sultats sup\u00e9rieurs avec notre s\u00e9lection de produits chimiques de traitement.","robots":{"index":"index","follow":"follow","max-snippet":"max-snippet:-1","max-image-preview":"max-image-preview:large","max-video-preview":"max-video-preview:-1"},"canonical":"https:\/\/vcycletech.com\/fr\/produit\/kr-707-agent-de-filmage-de-pretraitement\/","og_locale":"fr_FR","og_type":"article","og_title":"WT-707 Pretreatment Filming Agent","og_description":"Tackle your toughest water treatments with the power of WT-707 Pretreatment Filming Agent! Get superior results with our selection of treatment chemicals now.","og_url":"https:\/\/vcycletech.com\/fr\/produit\/kr-707-agent-de-filmage-de-pretraitement\/","og_site_name":"vcycletech","article_modified_time":"2023-03-27T03:19:25+00:00","og_image":[{"width":600,"height":600,"url":"https:\/\/vcycletech.com\/wp-content\/uploads\/2023\/03\/1-68.png","type":"image\/png"}],"twitter_card":"summary_large_image","twitter_misc":{"Dur\u00e9e de lecture estim\u00e9e":"3 minutes"},"schema":{"@context":"https:\/\/schema.org","@graph":[{"@type":"WebPage","@id":"https:\/\/vcycletech.com\/product\/wt-707-pretreatment-filming-agent\/","url":"https:\/\/vcycletech.com\/product\/wt-707-pretreatment-filming-agent\/","name":"Agent de filmage de pr\u00e9traitement WT-707 - vcycletech","isPartOf":{"@id":"https:\/\/vcycletech.com\/#website"},"primaryImageOfPage":{"@id":"https:\/\/vcycletech.com\/product\/wt-707-pretreatment-filming-agent\/#primaryimage"},"image":{"@id":"https:\/\/vcycletech.com\/product\/wt-707-pretreatment-filming-agent\/#primaryimage"},"thumbnailUrl":"https:\/\/vcycletech.com\/wp-content\/uploads\/2023\/03\/1-68.png","datePublished":"2023-03-22T02:53:53+00:00","dateModified":"2023-03-27T03:19:25+00:00","description":"Attaquez-vous \u00e0 vos traitements d&#039;eau les plus difficiles avec la puissance de l&#039;agent de filmage de pr\u00e9traitement WT-707\u00a0! Obtenez d\u00e8s maintenant des r\u00e9sultats sup\u00e9rieurs avec notre s\u00e9lection de produits chimiques de traitement.","breadcrumb":{"@id":"https:\/\/vcycletech.com\/product\/wt-707-pretreatment-filming-agent\/#breadcrumb"},"inLanguage":"fr-FR","potentialAction":[{"@type":"ReadAction","target":["https:\/\/vcycletech.com\/product\/wt-707-pretreatment-filming-agent\/"]}]},{"@type":"ImageObject","inLanguage":"fr-FR","@id":"https:\/\/vcycletech.com\/product\/wt-707-pretreatment-filming-agent\/#primaryimage","url":"https:\/\/vcycletech.com\/wp-content\/uploads\/2023\/03\/1-68.png","contentUrl":"https:\/\/vcycletech.com\/wp-content\/uploads\/2023\/03\/1-68.png","width":600,"height":600,"caption":"KR-707 Pretreatment Filming Agent"},{"@type":"BreadcrumbList","@id":"https:\/\/vcycletech.com\/product\/wt-707-pretreatment-filming-agent\/#breadcrumb","itemListElement":[{"@type":"ListItem","position":1,"name":"Home","item":"https:\/\/vcycletech.com\/"},{"@type":"ListItem","position":2,"name":"Water Treatment Chemicals Manufacturer","item":"https:\/\/vcycletech.com\/water-treatment-chemicals-manufacturer\/"},{"@type":"ListItem","position":3,"name":"WT-707 Pretreatment Filming Agent"}]},{"@type":"WebSite","@id":"https:\/\/vcycletech.com\/#website","url":"https:\/\/vcycletech.com\/","name":"vcycletech","description":"Meilleur fournisseur de produits chimiques pour le traitement de l&#039;eau en Chine","publisher":{"@id":"https:\/\/vcycletech.com\/#organization"},"potentialAction":[{"@type":"SearchAction","target":{"@type":"EntryPoint","urlTemplate":"https:\/\/vcycletech.com\/?s={search_term_string}"},"query-input":{"@type":"PropertyValueSpecification","valueRequired":true,"valueName":"search_term_string"}}],"inLanguage":"fr-FR"},{"@type":"Organization","@id":"https:\/\/vcycletech.com\/#organization","name":"vcycletech","url":"https:\/\/vcycletech.com\/","logo":{"@type":"ImageObject","inLanguage":"fr-FR","@id":"https:\/\/vcycletech.com\/#\/schema\/logo\/image\/","url":"https:\/\/vcycletech.com\/wp-content\/uploads\/2023\/03\/logo-vcycletech-1.png","contentUrl":"https:\/\/vcycletech.com\/wp-content\/uploads\/2023\/03\/logo-vcycletech-1.png","width":600,"height":400,"caption":"vcycletech"},"image":{"@id":"https:\/\/vcycletech.com\/#\/schema\/logo\/image\/"}}]}},"_links":{"self":[{"href":"https:\/\/vcycletech.com\/fr\/wp-json\/wp\/v2\/product\/1345","targetHints":{"allow":["GET"]}}],"collection":[{"href":"https:\/\/vcycletech.com\/fr\/wp-json\/wp\/v2\/product"}],"about":[{"href":"https:\/\/vcycletech.com\/fr\/wp-json\/wp\/v2\/types\/product"}],"wp:featuredmedia":[{"embeddable":true,"href":"https:\/\/vcycletech.com\/fr\/wp-json\/wp\/v2\/media\/1364"}],"wp:attachment":[{"href":"https:\/\/vcycletech.com\/fr\/wp-json\/wp\/v2\/media?parent=1345"}],"wp:term":[{"taxonomy":"product_brand","embeddable":true,"href":"https:\/\/vcycletech.com\/fr\/wp-json\/wp\/v2\/product_brand?post=1345"},{"taxonomy":"product_cat","embeddable":true,"href":"https:\/\/vcycletech.com\/fr\/wp-json\/wp\/v2\/product_cat?post=1345"},{"taxonomy":"product_tag","embeddable":true,"href":"https:\/\/vcycletech.com\/fr\/wp-json\/wp\/v2\/product_tag?post=1345"}],"curies":[{"name":"wp","href":"https:\/\/api.w.org\/{rel}","templated":true}]}}