{"id":1343,"date":"2023-03-22T02:17:11","date_gmt":"2023-03-22T02:17:11","guid":{"rendered":"https:\/\/vcycletech.com\/?post_type=product&#038;p=1343"},"modified":"2023-03-27T03:27:32","modified_gmt":"2023-03-27T03:27:32","slug":"wt-504-inhibiteur-de-tartre-et-de-corrosion-pour-eau-de-chauffage","status":"publish","type":"product","link":"https:\/\/vcycletech.com\/fr\/produit\/wt-504-inhibiteur-de-tartre-et-de-corrosion-pour-eau-de-chauffage\/","title":{"rendered":"WT-504 Inhibiteur de tartre et de corrosion pour l&#039;eau de chauffage"},"content":{"rendered":"<h3 id=\"introduction_2\" class=\"xsj_heading_hash xsj_heading xsj_heading_h2\" data-source-line=\"6\" data-source-line-display=\"true\"><span class=\"xsj_heading_content\">Introduction:<\/span><\/h3>\n<p class=\"xsj_paragraph xsj_paragraph_level_0\" data-source-line=\"7\" data-source-line-display=\"true\"><strong>WT-504<\/strong> est un composite organique avanc\u00e9 con\u00e7u pour fournir une inhibition sup\u00e9rieure du tartre et une protection contre la corrosion pour les syst\u00e8mes d&#039;eau chaude. C&#039;est un produit tol\u00e9rant aux hautes temp\u00e9ratures qui forme un film protecteur sur les surfaces m\u00e9talliques, d\u00e9formant efficacement la formation de cristaux de carbonates et de sulfates afin que le tartre ne puisse pas se lier fermement aux parois des vaisseaux. Il pr\u00e9sente \u00e9galement une incroyable biod\u00e9gradabilit\u00e9 et est exempt de substances canc\u00e9rig\u00e8nes comme le nitrite de sodium, ce qui en fait une solution s\u00fbre et respectueuse de l&#039;environnement !<\/p>\n<div class=\"xiaoshujiang_element xsj_anchor\"><a class=\"blank_anchor_name\" name=\"features_3\"><\/a><a id=\"features_3\" class=\"blank_anchor_id\"><\/a><a class=\"blank_anchor_name\" name=\"features\"><\/a><a id=\"features\" class=\"blank_anchor_id\"><\/a><\/div>\n<h3 id=\"features_3\" class=\"xsj_heading_hash xsj_heading xsj_heading_h2\" data-source-line=\"9\" data-source-line-display=\"true\"><span class=\"xsj_heading_content\">Caract\u00e9ristiques:<\/span><\/h3>\n<p class=\"xsj_paragraph xsj_paragraph_level_0\" data-source-line=\"11\" data-source-line-display=\"true\"><strong>WT-504<\/strong> offre des performances sup\u00e9rieures en formant un film protecteur qui adh\u00e8re \u00e9troitement \u00e0 la surface m\u00e9tallique. Cela offre une excellente inhibition du tartre et une protection contre la corrosion. La tol\u00e9rance aux hautes temp\u00e9ratures de ce produit assure son efficacit\u00e9 m\u00eame dans les environnements les plus difficiles. De plus, il est exempt de substances canc\u00e9rig\u00e8nes comme le nitrite de sodium, ce qui en fait une option \u00e9cologique. De plus, sa nature biod\u00e9gradable garantit un impact minimal sur l&#039;environnement et la s\u00e9curit\u00e9 dans les applications d&#039;eau potable.<\/p>\n<div class=\"xiaoshujiang_element xsj_anchor\"><a class=\"blank_anchor_name\" name=\"applications_4\"><\/a><a id=\"applications_4\" class=\"blank_anchor_id\"><\/a><a class=\"blank_anchor_name\" name=\"applications\"><\/a><a id=\"applications\" class=\"blank_anchor_id\"><\/a><\/div>\n<h3 id=\"applications_4\" class=\"xsj_heading_hash xsj_heading xsj_heading_h2\" data-source-line=\"13\" data-source-line-display=\"true\"><span class=\"xsj_heading_content\">Applications:<\/span><\/h3>\n<p class=\"xsj_paragraph xsj_paragraph_level_0\" data-source-line=\"15\" data-source-line-display=\"true\"><strong>WT-504<\/strong> est id\u00e9al pour les syst\u00e8mes d&#039;eau chaude o\u00f9 une protection contre le tartre et la corrosion est souhait\u00e9e sans compromettre la s\u00e9curit\u00e9 ou le respect de l&#039;environnement. Il convient aux syst\u00e8mes de chauffage r\u00e9sidentiels, commerciaux ou industriels, aux pompes \u00e0 chaleur g\u00e9othermiques, aux refroidisseurs et aux tours de refroidissement, pour n&#039;en nommer que quelques-uns. En outre, <strong>WT-504<\/strong> peut \u00eatre utilis\u00e9 dans les applications d&#039;eau potable pour prot\u00e9ger contre la formation de tartre sans introduire de produits chimiques dangereux.<\/p>\n<div class=\"xiaoshujiang_element xsj_anchor\"><a class=\"blank_anchor_name\" name=\"faqs_5\"><\/a><a id=\"faqs_5\" class=\"blank_anchor_id\"><\/a><a class=\"blank_anchor_name\" name=\"faqs\"><\/a><a id=\"faqs\" class=\"blank_anchor_id\"><\/a><\/div>\n<div>\n<h3>Utilisation et emballage et stockage\u00a0:<\/h3>\n<p>Notre produit est parfait pour chauffer les syst\u00e8mes d&#039;eau en raison de sa concentration pr\u00e9cise de 50 \u00e0 200 g par tonne, tandis que du maquillage suppl\u00e9mentaire peut \u00eatre ajout\u00e9 en proportion. Il est id\u00e9alement emball\u00e9 et stock\u00e9 \u00e0 200L\/f\u00fbt en plastique ou capacit\u00e9 IBC\/1000L, \u00e9galement adapt\u00e9 selon les pr\u00e9f\u00e9rences du client\u00a0; assurant une dur\u00e9e de conservation optimale d&#039;un an lorsqu&#039;il est conserv\u00e9 dans un endroit frais et sec.<\/p>\n<\/div>\n<h3 id=\"faqs_5\" class=\"xsj_heading_hash xsj_heading xsj_heading_h2\" data-source-line=\"17\" data-source-line-display=\"true\"><span class=\"xsj_heading_content\">FAQ\u00a0:<\/span><\/h3>\n<p class=\"xiaoshujiang_element xsj_anchor\"><strong><a class=\"blank_anchor_name\" name=\"120what20are20the20benefits20of20using20wt-504_6\"><\/a><a id=\"120what20are20the20benefits20of20using20wt-504_6\" class=\"blank_anchor_id\"><\/a><a class=\"blank_anchor_name\" name=\"1-what-are-the-benefits-of-using-wt-504\"><\/a><a id=\"1-what-are-the-benefits-of-using-wt-504\" class=\"blank_anchor_id\"><\/a><\/strong><\/p>\n<p id=\"120what20are20the20benefits20of20using20wt-504_6\" class=\"xsj_heading_hash xsj_heading xsj_heading_h3\" data-source-line=\"19\" data-source-line-display=\"true\"><strong><span class=\"xsj_heading_content\">Q1\u00a0:\u00a0Quels sont les avantages d&#039;utiliser le WT-504\u00a0?<\/span><\/strong><\/p>\n<p class=\"xsj_paragraph xsj_paragraph_level_0\" data-source-line=\"21\" data-source-line-display=\"true\">Le WT-504 offre une inhibition sup\u00e9rieure du tartre et une protection contre la corrosion tout en \u00e9tant s\u00fbr et respectueux de l&#039;environnement, sans produits chimiques dangereux comme le nitrite de sodium dans le produit.<\/p>\n<div class=\"xiaoshujiang_element xsj_anchor\"><a class=\"blank_anchor_name\" name=\"220is20wt-50420suitable20for20drinking20water20applications_7\"><\/a><a id=\"220is20wt-50420suitable20for20drinking20water20applications_7\" class=\"blank_anchor_id\"><\/a><a class=\"blank_anchor_name\" name=\"2-is-wt-504-suitable-for-drinking-water-applications\"><\/a><a id=\"2-is-wt-504-suitable-for-drinking-water-applications\" class=\"blank_anchor_id\"><\/a><\/div>\n<p id=\"220is20wt-50420suitable20for20drinking20water20applications_7\" class=\"xsj_heading_hash xsj_heading xsj_heading_h3\" data-source-line=\"23\" data-source-line-display=\"true\"><strong><span class=\"xsj_heading_content\">Q2 : Le WT-504 convient-il aux applications d&#039;eau potable ?<\/span><\/strong><\/p>\n<p class=\"xsj_paragraph xsj_paragraph_level_0\" data-source-line=\"25\" data-source-line-display=\"true\">Le WT 504 convient aux applications d&#039;eau potable r\u00e9sidentielles et commerciales car il est exempt de produits chimiques dangereux comme le nitrite de sodium, ce qui le rend s\u00fbr \u00e0 utiliser m\u00eame en consommant l&#039;eau directement.<\/p>\n<div class=\"xiaoshujiang_element xsj_anchor\"><a class=\"blank_anchor_name\" name=\"320does20wt2050420work20in20high20temperatures_8\"><\/a><a id=\"320does20wt2050420work20in20high20temperatures_8\" class=\"blank_anchor_id\"><\/a><a class=\"blank_anchor_name\" name=\"3-does-wt-504-work-in-high-temperatures\"><\/a><a id=\"3-does-wt-504-work-in-high-temperatures\" class=\"blank_anchor_id\"><\/a><\/div>\n<p id=\"320does20wt2050420work20in20high20temperatures_8\" class=\"xsj_heading_hash xsj_heading xsj_heading_h3\" data-source-line=\"27\" data-source-line-display=\"true\"><strong><span class=\"xsj_heading_content\">Q3\u00a0: Le WT 504 fonctionne-t-il \u00e0 des temp\u00e9ratures \u00e9lev\u00e9es\u00a0?<\/span><\/strong><\/p>\n<p class=\"xsj_paragraph xsj_paragraph_level_0\" data-source-line=\"29\" data-source-line-display=\"true\">Le WT 504 fonctionne efficacement m\u00eame \u00e0 des temp\u00e9ratures \u00e9lev\u00e9es gr\u00e2ce \u00e0 ses excellentes propri\u00e9t\u00e9s de stabilit\u00e9 thermique garantissant des performances optimales quelles que soient les conditions environnementales.<\/p>\n<div class=\"xiaoshujiang_element xsj_anchor\"><a class=\"blank_anchor_name\" name=\"420does20wt2050420form20a20protective20film_9\"><\/a><a id=\"420does20wt2050420form20a20protective20film_9\" class=\"blank_anchor_id\"><\/a><a class=\"blank_anchor_name\" name=\"4-does-wt-504-form-a-protective-film\"><\/a><a id=\"4-does-wt-504-form-a-protective-film\" class=\"blank_anchor_id\"><\/a><\/div>\n<p id=\"420does20wt2050420form20a20protective20film_9\" class=\"xsj_heading_hash xsj_heading xsj_heading_h3\" data-source-line=\"31\" data-source-line-display=\"true\"><strong><span class=\"xsj_heading_content\">Q4\u00a0: Le WT 504 forme-t-il un film protecteur\u00a0?<\/span><\/strong><\/p>\n<p class=\"xsj_paragraph xsj_paragraph_level_0\" data-source-line=\"33\" data-source-line-display=\"true\">Le WT 504 forme un film protecteur de liaison incroyablement serr\u00e9 sur les surfaces m\u00e9talliques qui d\u00e9forme la formation de cristaux de carbonates et de sulfates afin que le tartre ne puisse pas se lier fermement aux parois des vaisseaux, offrant ainsi une protection supr\u00eame contre la formation de tartre et une protection contre la corrosion dans les environnements difficiles.<\/p>\n<div class=\"xiaoshujiang_element xsj_anchor\"><a class=\"blank_anchor_name\" name=\"520is20wt2050420bio20degradable_10\"><\/a><a id=\"520is20wt2050420bio20degradable_10\" class=\"blank_anchor_id\"><\/a><a class=\"blank_anchor_name\" name=\"5-is-wt-504-bio-degradable\"><\/a><a id=\"5-is-wt-504-bio-degradable\" class=\"blank_anchor_id\"><\/a><\/div>\n<p id=\"520is20wt2050420bio20degradable_10\" class=\"xsj_heading_hash xsj_heading xsj_heading_h3\" data-source-line=\"35\" data-source-line-display=\"true\"><strong><span class=\"xsj_heading_content\">Q5\u00a0: Le WT 504 est-il biod\u00e9gradable\u00a0?<\/span><\/strong><\/p>\n<p class=\"xsj_paragraph xsj_paragraph_level_0\" data-source-line=\"37\" data-source-line-display=\"true\">Le WT 504 poss\u00e8de des propri\u00e9t\u00e9s de biod\u00e9gradabilit\u00e9 \u00e9tonnantes, garantissant un impact environnemental minimal lors de son utilisation.<\/p>\n<p class=\"xsj_paragraph xsj_paragraph_level_0\" data-source-line=\"39\" data-source-line-display=\"true\"><a class=\"xsj_link xsj_manu_link\" href=\"https:\/\/vcycletech.com\/fr\/categorie-de-produit\/inhibiteurs-de-corrosion-et-agents-de-filmage-de-pretraitement-a-echelle-construite\/\">Obtenez la solution compl\u00e8te d&#039;inhibiteurs de tartre et de corrosion et d&#039;agents de filmage de pr\u00e9traitement<\/a>.<\/p>","protected":false},"excerpt":{"rendered":"<p>Si vous recherchez un inhibiteur de tartre et de corrosion avanc\u00e9 et respectueux de l&#039;environnement pour votre syst\u00e8me d&#039;eau chaude, ne cherchez pas plus loin que <strong>WT-504<\/strong>! Ce produit est con\u00e7u pour fournir une protection sup\u00e9rieure contre le tartre et la corrosion tout en \u00e9tant sans danger pour l&#039;environnement et votre sant\u00e9. Le WT-504 est compos\u00e9 de composites organiques qui forment un film protecteur sur les surfaces m\u00e9talliques, emp\u00eachant les cristaux de se lier et de former des \u00e9cailles. De plus, ce produit est biod\u00e9gradable et exempt de substances canc\u00e9rig\u00e8nes. Donc, si vous voulez la meilleure protection pour votre syst\u00e8me d&#039;eau chaude, choisissez le WT-504\u00a0!<\/p>\n<p class=\"xsj_paragraph xsj_paragraph_level_0\" data-source-line=\"43\" data-source-line-display=\"true\">","protected":false},"featured_media":1355,"template":"","meta":{"site-sidebar-layout":"default","site-content-layout":"default","ast-site-content-layout":"default","site-content-style":"default","site-sidebar-style":"default","ast-global-header-display":"","ast-banner-title-visibility":"","ast-main-header-display":"","ast-hfb-above-header-display":"","ast-hfb-below-header-display":"","ast-hfb-mobile-header-display":"","site-post-title":"","ast-breadcrumbs-content":"","ast-featured-img":"","footer-sml-layout":"","ast-disable-related-posts":"","theme-transparent-header-meta":"default","adv-header-id-meta":"","stick-header-meta":"default","header-above-stick-meta":"","header-main-stick-meta":"","header-below-stick-meta":"","astra-migrate-meta-layouts":"default","ast-page-background-enabled":"default","ast-page-background-meta":{"desktop":{"background-color":"","background-image":"","background-repeat":"repeat","background-position":"center center","background-size":"auto","background-attachment":"scroll","background-type":"","background-media":"","overlay-type":"","overlay-color":"","overlay-opacity":"","overlay-gradient":""},"tablet":{"background-color":"","background-image":"","background-repeat":"repeat","background-position":"center center","background-size":"auto","background-attachment":"scroll","background-type":"","background-media":"","overlay-type":"","overlay-color":"","overlay-opacity":"","overlay-gradient":""},"mobile":{"background-color":"","background-image":"","background-repeat":"repeat","background-position":"center center","background-size":"auto","background-attachment":"scroll","background-type":"","background-media":"","overlay-type":"","overlay-color":"","overlay-opacity":"","overlay-gradient":""}},"ast-content-background-meta":{"desktop":{"background-color":"var(--ast-global-color-5)","background-image":"","background-repeat":"repeat","background-position":"center center","background-size":"auto","background-attachment":"scroll","background-type":"","background-media":"","overlay-type":"","overlay-color":"","overlay-opacity":"","overlay-gradient":""},"tablet":{"background-color":"var(--ast-global-color-5)","background-image":"","background-repeat":"repeat","background-position":"center center","background-size":"auto","background-attachment":"scroll","background-type":"","background-media":"","overlay-type":"","overlay-color":"","overlay-opacity":"","overlay-gradient":""},"mobile":{"background-color":"var(--ast-global-color-5)","background-image":"","background-repeat":"repeat","background-position":"center center","background-size":"auto","background-attachment":"scroll","background-type":"","background-media":"","overlay-type":"","overlay-color":"","overlay-opacity":"","overlay-gradient":""}}},"product_brand":[],"product_cat":[32],"product_tag":[],"class_list":{"0":"post-1343","1":"product","2":"type-product","3":"status-publish","4":"has-post-thumbnail","6":"product_cat-built-scale-corrosion-inhibitors-and-pretreatment-filming-agents","7":"desktop-align-left","8":"tablet-align-left","9":"mobile-align-left","10":"ast-product-gallery-layout-horizontal-slider","11":"ast-product-gallery-with-no-image","12":"ast-product-tabs-layout-horizontal","14":"first","15":"instock","16":"shipping-taxable","17":"product-type-simple"},"yoast_head":"<!-- This site is optimized with the Yoast SEO Premium plugin v26.3 (Yoast SEO v27.3) - https:\/\/yoast.com\/product\/yoast-seo-premium-wordpress\/ -->\n<title>WT-504 Scale and Corrosion Inhibitor for Heating Water - vcycletech<\/title>\n<meta name=\"description\" content=\"Protect your hot water system with WT-504 Scale and Corrosion Inhibitor. This advanced organic composite provides superior scale inhibition &amp; corrosion protection in high temperature environments. Try it today!\" \/>\n<meta name=\"robots\" content=\"index, follow, max-snippet:-1, max-image-preview:large, max-video-preview:-1\" \/>\n<link rel=\"canonical\" href=\"https:\/\/vcycletech.com\/fr\/produit\/wt-504-inhibiteur-de-tartre-et-de-corrosion-pour-eau-de-chauffage\/\" \/>\n<meta property=\"og:locale\" content=\"fr_FR\" \/>\n<meta property=\"og:type\" content=\"article\" \/>\n<meta property=\"og:title\" content=\"WT-504 Scale and Corrosion Inhibitor for Heating Water\" \/>\n<meta property=\"og:description\" content=\"Protect your hot water system with WT-504 Scale and Corrosion Inhibitor. This advanced organic composite provides superior scale inhibition &amp; corrosion protection in high temperature environments. Try it today!\" \/>\n<meta property=\"og:url\" content=\"https:\/\/vcycletech.com\/fr\/produit\/wt-504-inhibiteur-de-tartre-et-de-corrosion-pour-eau-de-chauffage\/\" \/>\n<meta property=\"og:site_name\" content=\"vcycletech\" \/>\n<meta property=\"article:modified_time\" content=\"2023-03-27T03:27:32+00:00\" \/>\n<meta property=\"og:image\" content=\"https:\/\/vcycletech.com\/wp-content\/uploads\/2023\/03\/Benzalkonium-Chloride-Dodecyl-Dimethyl-Benzyl-Ammonium-Chloride-4.png\" \/>\n\t<meta property=\"og:image:width\" content=\"600\" \/>\n\t<meta property=\"og:image:height\" content=\"600\" \/>\n\t<meta property=\"og:image:type\" content=\"image\/png\" \/>\n<meta name=\"twitter:card\" content=\"summary_large_image\" \/>\n<meta name=\"twitter:label1\" content=\"Dur\u00e9e de lecture estim\u00e9e\" \/>\n\t<meta name=\"twitter:data1\" content=\"2 minutes\" \/>\n<script type=\"application\/ld+json\" class=\"yoast-schema-graph\">{\"@context\":\"https:\\\/\\\/schema.org\",\"@graph\":[{\"@type\":\"WebPage\",\"@id\":\"https:\\\/\\\/vcycletech.com\\\/product\\\/wt-504-scale-and-corrosion-inhibitor-for-heating-water\\\/\",\"url\":\"https:\\\/\\\/vcycletech.com\\\/product\\\/wt-504-scale-and-corrosion-inhibitor-for-heating-water\\\/\",\"name\":\"WT-504 Scale and Corrosion Inhibitor for Heating Water - vcycletech\",\"isPartOf\":{\"@id\":\"https:\\\/\\\/vcycletech.com\\\/#website\"},\"primaryImageOfPage\":{\"@id\":\"https:\\\/\\\/vcycletech.com\\\/product\\\/wt-504-scale-and-corrosion-inhibitor-for-heating-water\\\/#primaryimage\"},\"image\":{\"@id\":\"https:\\\/\\\/vcycletech.com\\\/product\\\/wt-504-scale-and-corrosion-inhibitor-for-heating-water\\\/#primaryimage\"},\"thumbnailUrl\":\"https:\\\/\\\/vcycletech.com\\\/wp-content\\\/uploads\\\/2023\\\/03\\\/Benzalkonium-Chloride-Dodecyl-Dimethyl-Benzyl-Ammonium-Chloride-4.png\",\"datePublished\":\"2023-03-22T02:17:11+00:00\",\"dateModified\":\"2023-03-27T03:27:32+00:00\",\"description\":\"Protect your hot water system with WT-504 Scale and Corrosion Inhibitor. This advanced organic composite provides superior scale inhibition & corrosion protection in high temperature environments. Try it today!\",\"breadcrumb\":{\"@id\":\"https:\\\/\\\/vcycletech.com\\\/product\\\/wt-504-scale-and-corrosion-inhibitor-for-heating-water\\\/#breadcrumb\"},\"inLanguage\":\"fr-FR\",\"potentialAction\":[{\"@type\":\"ReadAction\",\"target\":[\"https:\\\/\\\/vcycletech.com\\\/product\\\/wt-504-scale-and-corrosion-inhibitor-for-heating-water\\\/\"]}]},{\"@type\":\"ImageObject\",\"inLanguage\":\"fr-FR\",\"@id\":\"https:\\\/\\\/vcycletech.com\\\/product\\\/wt-504-scale-and-corrosion-inhibitor-for-heating-water\\\/#primaryimage\",\"url\":\"https:\\\/\\\/vcycletech.com\\\/wp-content\\\/uploads\\\/2023\\\/03\\\/Benzalkonium-Chloride-Dodecyl-Dimethyl-Benzyl-Ammonium-Chloride-4.png\",\"contentUrl\":\"https:\\\/\\\/vcycletech.com\\\/wp-content\\\/uploads\\\/2023\\\/03\\\/Benzalkonium-Chloride-Dodecyl-Dimethyl-Benzyl-Ammonium-Chloride-4.png\",\"width\":600,\"height\":600,\"caption\":\"WT-504 Scale and Corrosion Inhibitor for Heating Water\"},{\"@type\":\"BreadcrumbList\",\"@id\":\"https:\\\/\\\/vcycletech.com\\\/product\\\/wt-504-scale-and-corrosion-inhibitor-for-heating-water\\\/#breadcrumb\",\"itemListElement\":[{\"@type\":\"ListItem\",\"position\":1,\"name\":\"Home\",\"item\":\"https:\\\/\\\/vcycletech.com\\\/\"},{\"@type\":\"ListItem\",\"position\":2,\"name\":\"Water Treatment Chemicals Manufacturer\",\"item\":\"https:\\\/\\\/vcycletech.com\\\/water-treatment-chemicals-manufacturer\\\/\"},{\"@type\":\"ListItem\",\"position\":3,\"name\":\"WT-504 Scale and Corrosion Inhibitor for Heating Water\"}]},{\"@type\":\"WebSite\",\"@id\":\"https:\\\/\\\/vcycletech.com\\\/#website\",\"url\":\"https:\\\/\\\/vcycletech.com\\\/\",\"name\":\"vcycletech\",\"description\":\"China&#039;s top water treatment chemicals supplier\",\"publisher\":{\"@id\":\"https:\\\/\\\/vcycletech.com\\\/#organization\"},\"potentialAction\":[{\"@type\":\"SearchAction\",\"target\":{\"@type\":\"EntryPoint\",\"urlTemplate\":\"https:\\\/\\\/vcycletech.com\\\/?s={search_term_string}\"},\"query-input\":{\"@type\":\"PropertyValueSpecification\",\"valueRequired\":true,\"valueName\":\"search_term_string\"}}],\"inLanguage\":\"fr-FR\"},{\"@type\":\"Organization\",\"@id\":\"https:\\\/\\\/vcycletech.com\\\/#organization\",\"name\":\"vcycletech\",\"url\":\"https:\\\/\\\/vcycletech.com\\\/\",\"logo\":{\"@type\":\"ImageObject\",\"inLanguage\":\"fr-FR\",\"@id\":\"https:\\\/\\\/vcycletech.com\\\/#\\\/schema\\\/logo\\\/image\\\/\",\"url\":\"https:\\\/\\\/vcycletech.com\\\/wp-content\\\/uploads\\\/2023\\\/03\\\/logo-vcycletech-1.png\",\"contentUrl\":\"https:\\\/\\\/vcycletech.com\\\/wp-content\\\/uploads\\\/2023\\\/03\\\/logo-vcycletech-1.png\",\"width\":600,\"height\":400,\"caption\":\"vcycletech\"},\"image\":{\"@id\":\"https:\\\/\\\/vcycletech.com\\\/#\\\/schema\\\/logo\\\/image\\\/\"}}]}<\/script>\n<!-- \/ Yoast SEO Premium plugin. -->","yoast_head_json":{"title":"WT-504 Inhibiteur de tartre et de corrosion pour l&#039;eau de chauffage - vcycletech","description":"Prot\u00e9gez votre syst\u00e8me d&#039;eau chaude avec l&#039;inhibiteur de tartre et de corrosion WT-504. Ce composite organique avanc\u00e9 offre une inhibition sup\u00e9rieure du tartre et une protection contre la corrosion dans les environnements \u00e0 haute temp\u00e9rature. Essayez-le aujourd&#039;hui!","robots":{"index":"index","follow":"follow","max-snippet":"max-snippet:-1","max-image-preview":"max-image-preview:large","max-video-preview":"max-video-preview:-1"},"canonical":"https:\/\/vcycletech.com\/fr\/produit\/wt-504-inhibiteur-de-tartre-et-de-corrosion-pour-eau-de-chauffage\/","og_locale":"fr_FR","og_type":"article","og_title":"WT-504 Scale and Corrosion Inhibitor for Heating Water","og_description":"Protect your hot water system with WT-504 Scale and Corrosion Inhibitor. This advanced organic composite provides superior scale inhibition & corrosion protection in high temperature environments. Try it today!","og_url":"https:\/\/vcycletech.com\/fr\/produit\/wt-504-inhibiteur-de-tartre-et-de-corrosion-pour-eau-de-chauffage\/","og_site_name":"vcycletech","article_modified_time":"2023-03-27T03:27:32+00:00","og_image":[{"width":600,"height":600,"url":"https:\/\/vcycletech.com\/wp-content\/uploads\/2023\/03\/Benzalkonium-Chloride-Dodecyl-Dimethyl-Benzyl-Ammonium-Chloride-4.png","type":"image\/png"}],"twitter_card":"summary_large_image","twitter_misc":{"Dur\u00e9e de lecture estim\u00e9e":"2 minutes"},"schema":{"@context":"https:\/\/schema.org","@graph":[{"@type":"WebPage","@id":"https:\/\/vcycletech.com\/product\/wt-504-scale-and-corrosion-inhibitor-for-heating-water\/","url":"https:\/\/vcycletech.com\/product\/wt-504-scale-and-corrosion-inhibitor-for-heating-water\/","name":"WT-504 Inhibiteur de tartre et de corrosion pour l&#039;eau de chauffage - vcycletech","isPartOf":{"@id":"https:\/\/vcycletech.com\/#website"},"primaryImageOfPage":{"@id":"https:\/\/vcycletech.com\/product\/wt-504-scale-and-corrosion-inhibitor-for-heating-water\/#primaryimage"},"image":{"@id":"https:\/\/vcycletech.com\/product\/wt-504-scale-and-corrosion-inhibitor-for-heating-water\/#primaryimage"},"thumbnailUrl":"https:\/\/vcycletech.com\/wp-content\/uploads\/2023\/03\/Benzalkonium-Chloride-Dodecyl-Dimethyl-Benzyl-Ammonium-Chloride-4.png","datePublished":"2023-03-22T02:17:11+00:00","dateModified":"2023-03-27T03:27:32+00:00","description":"Prot\u00e9gez votre syst\u00e8me d&#039;eau chaude avec l&#039;inhibiteur de tartre et de corrosion WT-504. Ce composite organique avanc\u00e9 offre une inhibition sup\u00e9rieure du tartre et une protection contre la corrosion dans les environnements \u00e0 haute temp\u00e9rature. Essayez-le aujourd&#039;hui!","breadcrumb":{"@id":"https:\/\/vcycletech.com\/product\/wt-504-scale-and-corrosion-inhibitor-for-heating-water\/#breadcrumb"},"inLanguage":"fr-FR","potentialAction":[{"@type":"ReadAction","target":["https:\/\/vcycletech.com\/product\/wt-504-scale-and-corrosion-inhibitor-for-heating-water\/"]}]},{"@type":"ImageObject","inLanguage":"fr-FR","@id":"https:\/\/vcycletech.com\/product\/wt-504-scale-and-corrosion-inhibitor-for-heating-water\/#primaryimage","url":"https:\/\/vcycletech.com\/wp-content\/uploads\/2023\/03\/Benzalkonium-Chloride-Dodecyl-Dimethyl-Benzyl-Ammonium-Chloride-4.png","contentUrl":"https:\/\/vcycletech.com\/wp-content\/uploads\/2023\/03\/Benzalkonium-Chloride-Dodecyl-Dimethyl-Benzyl-Ammonium-Chloride-4.png","width":600,"height":600,"caption":"WT-504 Scale and Corrosion Inhibitor for Heating Water"},{"@type":"BreadcrumbList","@id":"https:\/\/vcycletech.com\/product\/wt-504-scale-and-corrosion-inhibitor-for-heating-water\/#breadcrumb","itemListElement":[{"@type":"ListItem","position":1,"name":"Home","item":"https:\/\/vcycletech.com\/"},{"@type":"ListItem","position":2,"name":"Water Treatment Chemicals Manufacturer","item":"https:\/\/vcycletech.com\/water-treatment-chemicals-manufacturer\/"},{"@type":"ListItem","position":3,"name":"WT-504 Scale and Corrosion Inhibitor for Heating Water"}]},{"@type":"WebSite","@id":"https:\/\/vcycletech.com\/#website","url":"https:\/\/vcycletech.com\/","name":"vcycletech","description":"Meilleur fournisseur de produits chimiques pour le traitement de l&#039;eau en Chine","publisher":{"@id":"https:\/\/vcycletech.com\/#organization"},"potentialAction":[{"@type":"SearchAction","target":{"@type":"EntryPoint","urlTemplate":"https:\/\/vcycletech.com\/?s={search_term_string}"},"query-input":{"@type":"PropertyValueSpecification","valueRequired":true,"valueName":"search_term_string"}}],"inLanguage":"fr-FR"},{"@type":"Organization","@id":"https:\/\/vcycletech.com\/#organization","name":"vcycletech","url":"https:\/\/vcycletech.com\/","logo":{"@type":"ImageObject","inLanguage":"fr-FR","@id":"https:\/\/vcycletech.com\/#\/schema\/logo\/image\/","url":"https:\/\/vcycletech.com\/wp-content\/uploads\/2023\/03\/logo-vcycletech-1.png","contentUrl":"https:\/\/vcycletech.com\/wp-content\/uploads\/2023\/03\/logo-vcycletech-1.png","width":600,"height":400,"caption":"vcycletech"},"image":{"@id":"https:\/\/vcycletech.com\/#\/schema\/logo\/image\/"}}]}},"_links":{"self":[{"href":"https:\/\/vcycletech.com\/fr\/wp-json\/wp\/v2\/product\/1343","targetHints":{"allow":["GET"]}}],"collection":[{"href":"https:\/\/vcycletech.com\/fr\/wp-json\/wp\/v2\/product"}],"about":[{"href":"https:\/\/vcycletech.com\/fr\/wp-json\/wp\/v2\/types\/product"}],"wp:featuredmedia":[{"embeddable":true,"href":"https:\/\/vcycletech.com\/fr\/wp-json\/wp\/v2\/media\/1355"}],"wp:attachment":[{"href":"https:\/\/vcycletech.com\/fr\/wp-json\/wp\/v2\/media?parent=1343"}],"wp:term":[{"taxonomy":"product_brand","embeddable":true,"href":"https:\/\/vcycletech.com\/fr\/wp-json\/wp\/v2\/product_brand?post=1343"},{"taxonomy":"product_cat","embeddable":true,"href":"https:\/\/vcycletech.com\/fr\/wp-json\/wp\/v2\/product_cat?post=1343"},{"taxonomy":"product_tag","embeddable":true,"href":"https:\/\/vcycletech.com\/fr\/wp-json\/wp\/v2\/product_tag?post=1343"}],"curies":[{"name":"wp","href":"https:\/\/api.w.org\/{rel}","templated":true}]}}