{"id":1336,"date":"2023-03-22T01:49:05","date_gmt":"2023-03-22T01:49:05","guid":{"rendered":"https:\/\/vcycletech.com\/?post_type=product&#038;p=1336"},"modified":"2023-03-27T03:31:25","modified_gmt":"2023-03-27T03:31:25","slug":"wt-503b-inhibiteur-de-tartre-et-de-corrosion-pour-chaudiere","status":"publish","type":"product","link":"https:\/\/vcycletech.com\/fr\/produit\/wt-503b-inhibiteur-de-tartre-et-de-corrosion-pour-chaudiere\/","title":{"rendered":"WT-503B Inhibiteur de tartre et de corrosion pour chaudi\u00e8re"},"content":{"rendered":"<h3 id=\"introduction_2\" class=\"xsj_heading_hash xsj_heading xsj_heading_h2\" data-source-line=\"6\" data-source-line-display=\"true\"><span class=\"xsj_heading_content\">Introduction:<\/span><\/h3>\n<p class=\"xsj_paragraph xsj_paragraph_level_0\" data-source-line=\"7\" data-source-line-display=\"true\">Le <strong>Inhibiteur de tartre et de corrosion WT-503<\/strong> est un produit tr\u00e8s efficace qui prot\u00e8ge les chaudi\u00e8res basse pression, les usines de dessalement, les processus de distillation et les r\u00e9servoirs d&#039;eau des bus contre l&#039;entartrage et la corrosion. Cet inhibiteur offre une tol\u00e9rance thermique impressionnante, ce qui en fait un choix id\u00e9al pour ceux qui ont besoin d&#039;une protection fiable contre les effets n\u00e9fastes du tartre et de la corrosion.<\/p>\n<div class=\"xiaoshujiang_element xsj_anchor\"><a class=\"blank_anchor_name\" name=\"features_3\"><\/a><a id=\"features_3\" class=\"blank_anchor_id\"><\/a><a class=\"blank_anchor_name\" name=\"features\"><\/a><a id=\"features\" class=\"blank_anchor_id\"><\/a><\/div>\n<h3 id=\"features_3\" class=\"xsj_heading_hash xsj_heading xsj_heading_h2\" data-source-line=\"9\" data-source-line-display=\"true\"><span class=\"xsj_heading_content\">Caract\u00e9ristiques:<\/span><\/h3>\n<p class=\"xsj_paragraph xsj_paragraph_level_0\" data-source-line=\"11\" data-source-line-display=\"true\">Le <strong>Inhibiteur de tartre et de corrosion WT-503<\/strong> poss\u00e8de plusieurs caract\u00e9ristiques qui en font un excellent choix pour la protection des chaudi\u00e8res. Il poss\u00e8de une tol\u00e9rance thermique impressionnante, ce qui signifie qu&#039;il peut \u00eatre utilis\u00e9 dans des environnements \u00e0 haute temp\u00e9rature. Il offre \u00e9galement une protection fiable contre l&#039;entartrage et la corrosion dans divers traitements de l&#039;eau. L&#039;inhibiteur est efficace \u00e0 des temp\u00e9ratures allant de -20\u00b0C \u00e0 plus de 100\u00b0C. Sa formule avanc\u00e9e permet une distribution uniforme dans n&#039;importe quel syst\u00e8me, assurant des performances optimales.<\/p>\n<div class=\"xiaoshujiang_element xsj_anchor\"><a class=\"blank_anchor_name\" name=\"applications_4\"><\/a><a id=\"applications_4\" class=\"blank_anchor_id\"><\/a><a class=\"blank_anchor_name\" name=\"applications\"><\/a><a id=\"applications\" class=\"blank_anchor_id\"><\/a><\/div>\n<h3 id=\"applications_4\" class=\"xsj_heading_hash xsj_heading xsj_heading_h2\" data-source-line=\"13\" data-source-line-display=\"true\"><span class=\"xsj_heading_content\">Applications:<\/span><\/h3>\n<p class=\"xsj_paragraph xsj_paragraph_level_0\" data-source-line=\"15\" data-source-line-display=\"true\">Le <strong>Inhibiteur de tartre et de corrosion WT-503<\/strong> peut prot\u00e9ger une large gamme d&#039;\u00e9quipements, y compris les chaudi\u00e8res basse pression telles que les radiateurs et les locomotives \u00e0 vapeur, les usines de dessalement, les processus de distillation et les r\u00e9servoirs d&#039;eau des bus. Il fonctionne \u00e9galement bien dans les syst\u00e8mes de refroidissement, les piscines, les syst\u00e8mes d&#039;irrigation, les spas, les aquariums et les climatiseurs.<\/p>\n<h3>Sp\u00e9cification:<\/h3>\n<div>\n<table id=\"tablepress-1\" class=\"tablepress tablepress-id-1\">\n<thead>\n<tr class=\"row-1\">\n\t<th class=\"column-1\">Articles<\/th><th class=\"column-2\">Indice<\/th>\n<\/tr>\n<\/thead>\n<tbody class=\"row-striping row-hover\">\n<tr class=\"row-2\">\n\t<td class=\"column-1\">Apparence<\/td><td class=\"column-2\">Liquide ambr\u00e9<\/td>\n<\/tr>\n<tr class=\"row-3\">\n\t<td class=\"column-1\">Contenu solide, %<\/td><td class=\"column-2\">40,0 minutes<\/td>\n<\/tr>\n<tr class=\"row-4\">\n\t<td class=\"column-1\">Densit\u00e9,(20\u2103)g\/cm3<\/td><td class=\"column-2\">1,25\u00b10,1<\/td>\n<\/tr>\n<tr class=\"row-5\">\n\t<td class=\"column-1\">pH, (solution aqueuse 1%)<\/td><td class=\"column-2\">2.0\u00b11.0<\/td>\n<\/tr>\n<\/tbody>\n<\/table>\n<\/div>\n<div class=\"xiaoshujiang_element xsj_anchor\"><a class=\"blank_anchor_name\" name=\"faqs_5\"><\/a><a id=\"faqs_5\" class=\"blank_anchor_id\"><\/a><a class=\"blank_anchor_name\" name=\"faqs\"><\/a><a id=\"faqs\" class=\"blank_anchor_id\"><\/a><\/div>\n<h3 id=\"faqs_5\" class=\"xsj_heading_hash xsj_heading xsj_heading_h2\" data-source-line=\"17\" data-source-line-display=\"true\"><span class=\"xsj_heading_content\">FAQ\u00a0:<\/span><\/h3>\n<div class=\"xiaoshujiang_element xsj_anchor\"><a class=\"blank_anchor_name\" name=\"120what20are20the20benefits20of20using20the20wt-50320scale20and20corrosion20inhibitor_6\"><\/a><a id=\"120what20are20the20benefits20of20using20the20wt-50320scale20and20corrosion20inhibitor_6\" class=\"blank_anchor_id\"><\/a><a class=\"blank_anchor_name\" name=\"1-what-are-the-benefits-of-using-the-wt-503-scale-and-corrosion-inhibitor\"><\/a><a id=\"1-what-are-the-benefits-of-using-the-wt-503-scale-and-corrosion-inhibitor\" class=\"blank_anchor_id\"><\/a><\/div>\n<p id=\"120what20are20the20benefits20of20using20the20wt-50320scale20and20corrosion20inhibitor_6\" class=\"xsj_heading_hash xsj_heading xsj_heading_h3\" data-source-line=\"19\" data-source-line-display=\"true\"><strong><span class=\"xsj_heading_content\">Q1\u00a0: Quels sont les avantages de l&#039;utilisation de l&#039;inhibiteur de tartre et de corrosion WT-503\u00a0?<\/span><\/strong><\/p>\n<p class=\"xsj_paragraph xsj_paragraph_level_0\" data-source-line=\"21\" data-source-line-display=\"true\">R\u00e9ponse\u00a0: L&#039;inhibiteur de tartre et de corrosion WT-503 offre une protection fiable contre le tartre et la corrosion dans divers traitements de l&#039;eau tout en offrant une tol\u00e9rance thermique impressionnante avec des temp\u00e9ratures allant de -20\u00a0\u00b0C \u00e0 plus de 100\u00a0\u00b0C.<\/p>\n<div class=\"xiaoshujiang_element xsj_anchor\"><a class=\"blank_anchor_name\" name=\"220is20this20product20safe20to20use_7\"><\/a><a id=\"220is20this20product20safe20to20use_7\" class=\"blank_anchor_id\"><\/a><a class=\"blank_anchor_name\" name=\"2-is-this-product-safe-to-use\"><\/a><a id=\"2-is-this-product-safe-to-use\" class=\"blank_anchor_id\"><\/a><\/div>\n<p id=\"220is20this20product20safe20to20use_7\" class=\"xsj_heading_hash xsj_heading xsj_heading_h3\" data-source-line=\"23\" data-source-line-display=\"true\"><strong><span class=\"xsj_heading_content\">Q2\u00a0: Ce produit peut-il \u00eatre utilis\u00e9 en toute s\u00e9curit\u00e9\u00a0?<\/span><\/strong><\/p>\n<p class=\"xsj_paragraph xsj_paragraph_level_0\" data-source-line=\"25\" data-source-line-display=\"true\">R\u00e9ponse : Oui ! L&#039;inhibiteur de tartre et de corrosion WT-503 est non toxique et respectueux de l&#039;environnement, sans odeurs ni \u00e9manations d\u00e9sagr\u00e9ables, ce qui le rend s\u00fbr pour une utilisation autour des personnes ou des animaux.<\/p>\n<div class=\"xiaoshujiang_element xsj_anchor\"><a class=\"blank_anchor_name\" name=\"320how20long20does20this20product20last_8\"><\/a><a id=\"320how20long20does20this20product20last_8\" class=\"blank_anchor_id\"><\/a><a class=\"blank_anchor_name\" name=\"3-how-long-does-this-product-last\"><\/a><a id=\"3-how-long-does-this-product-last\" class=\"blank_anchor_id\"><\/a><\/div>\n<p id=\"320how20long20does20this20product20last_8\" class=\"xsj_heading_hash xsj_heading xsj_heading_h3\" data-source-line=\"27\" data-source-line-display=\"true\"><strong><span class=\"xsj_heading_content\">Q3\u00a0: combien de temps dure ce produit\u00a0?<\/span><\/strong><\/p>\n<p class=\"xsj_paragraph xsj_paragraph_level_0\" data-source-line=\"29\" data-source-line-display=\"true\">R\u00e9ponse : Selon l&#039;application, l&#039;inhibiteur de tartre et de corrosion WT-503 peut durer jusqu&#039;\u00e0 6 mois avant de devoir \u00eatre r\u00e9appliqu\u00e9 ou remplac\u00e9 en fonction des niveaux d&#039;utilisation.<\/p>\n<div class=\"xiaoshujiang_element xsj_anchor\"><a class=\"blank_anchor_name\" name=\"420can20i20use20this20product20with20any20type20of20system_9\"><\/a><a id=\"420can20i20use20this20product20with20any20type20of20system_9\" class=\"blank_anchor_id\"><\/a><a class=\"blank_anchor_name\" name=\"4-can-i-use-this-product-with-any-type-of-system\"><\/a><a id=\"4-can-i-use-this-product-with-any-type-of-system\" class=\"blank_anchor_id\"><\/a><\/div>\n<p id=\"420can20i20use20this20product20with20any20type20of20system_9\" class=\"xsj_heading_hash xsj_heading xsj_heading_h3\" data-source-line=\"31\" data-source-line-display=\"true\"><strong><span class=\"xsj_heading_content\">Q4\u00a0:Puis-je utiliser ce produit avec n&#039;importe quel syst\u00e8me\u00a0?<\/span><\/strong><\/p>\n<p class=\"xsj_paragraph xsj_paragraph_level_0\" data-source-line=\"33\" data-source-line-display=\"true\">R\u00e9ponse : Oui ! L&#039;inhibiteur de tartre et de corrosion WT-503 peut \u00eatre utilis\u00e9 dans tous les types de syst\u00e8mes, y compris les applications r\u00e9sidentielles, les applications commerciales, les utilisations industrielles telles que les syst\u00e8mes de refroidissement et d&#039;autres installations \u00e0 grande \u00e9chelle.<\/p>\n<p class=\"xsj_paragraph xsj_paragraph_level_0\" data-source-line=\"35\" data-source-line-display=\"true\"><a class=\"xsj_link xsj_manu_link\" href=\"https:\/\/vcycletech.com\/fr\/categorie-de-produit\/inhibiteurs-de-corrosion-et-agents-de-filmage-de-pretraitement-a-echelle-construite\/\">Obtenez la solution compl\u00e8te d&#039;inhibiteurs de tartre et de corrosion et d&#039;agents de filmage de pr\u00e9traitement<\/a>.<\/p>","protected":false},"excerpt":{"rendered":"<p>Si vous recherchez un moyen efficace et fiable pour nettoyer et prot\u00e9ger votre chaudi\u00e8re, ne cherchez pas plus loin que le <strong>Inhibiteur de tartre et de corrosion WT-503B<\/strong>. Ce produit est con\u00e7u pour fournir un nettoyage rapide sans endommager le corps de la chaudi\u00e8re et fournir des r\u00e9sultats exceptionnels \u00e0 chaque fois. Il est \u00e9galement efficace dans les syst\u00e8mes d&#039;eau \u00e0 haute teneur en ions de fer ou de cuivre, ce qui en fait une option polyvalente pour de nombreuses applications. Donc, si vous cherchez un moyen simple et efficace d&#039;assurer le bon fonctionnement de votre chaudi\u00e8re, consultez le <strong>Inhibiteur de tartre et de corrosion WT-503B<\/strong>!<\/p>","protected":false},"featured_media":1341,"template":"","meta":{"site-sidebar-layout":"default","site-content-layout":"default","ast-site-content-layout":"default","site-content-style":"default","site-sidebar-style":"default","ast-global-header-display":"","ast-banner-title-visibility":"","ast-main-header-display":"","ast-hfb-above-header-display":"","ast-hfb-below-header-display":"","ast-hfb-mobile-header-display":"","site-post-title":"","ast-breadcrumbs-content":"","ast-featured-img":"","footer-sml-layout":"","ast-disable-related-posts":"","theme-transparent-header-meta":"default","adv-header-id-meta":"","stick-header-meta":"default","header-above-stick-meta":"","header-main-stick-meta":"","header-below-stick-meta":"","astra-migrate-meta-layouts":"default","ast-page-background-enabled":"default","ast-page-background-meta":{"desktop":{"background-color":"","background-image":"","background-repeat":"repeat","background-position":"center center","background-size":"auto","background-attachment":"scroll","background-type":"","background-media":"","overlay-type":"","overlay-color":"","overlay-opacity":"","overlay-gradient":""},"tablet":{"background-color":"","background-image":"","background-repeat":"repeat","background-position":"center center","background-size":"auto","background-attachment":"scroll","background-type":"","background-media":"","overlay-type":"","overlay-color":"","overlay-opacity":"","overlay-gradient":""},"mobile":{"background-color":"","background-image":"","background-repeat":"repeat","background-position":"center center","background-size":"auto","background-attachment":"scroll","background-type":"","background-media":"","overlay-type":"","overlay-color":"","overlay-opacity":"","overlay-gradient":""}},"ast-content-background-meta":{"desktop":{"background-color":"var(--ast-global-color-5)","background-image":"","background-repeat":"repeat","background-position":"center center","background-size":"auto","background-attachment":"scroll","background-type":"","background-media":"","overlay-type":"","overlay-color":"","overlay-opacity":"","overlay-gradient":""},"tablet":{"background-color":"var(--ast-global-color-5)","background-image":"","background-repeat":"repeat","background-position":"center center","background-size":"auto","background-attachment":"scroll","background-type":"","background-media":"","overlay-type":"","overlay-color":"","overlay-opacity":"","overlay-gradient":""},"mobile":{"background-color":"var(--ast-global-color-5)","background-image":"","background-repeat":"repeat","background-position":"center center","background-size":"auto","background-attachment":"scroll","background-type":"","background-media":"","overlay-type":"","overlay-color":"","overlay-opacity":"","overlay-gradient":""}}},"product_brand":[],"product_cat":[32],"product_tag":[],"class_list":{"0":"post-1336","1":"product","2":"type-product","3":"status-publish","4":"has-post-thumbnail","6":"product_cat-built-scale-corrosion-inhibitors-and-pretreatment-filming-agents","7":"desktop-align-left","8":"tablet-align-left","9":"mobile-align-left","10":"ast-product-gallery-layout-horizontal-slider","11":"ast-product-gallery-with-no-image","12":"ast-product-tabs-layout-horizontal","14":"first","15":"instock","16":"shipping-taxable","17":"product-type-simple"},"yoast_head":"<!-- This site is optimized with the Yoast SEO Premium plugin v26.3 (Yoast SEO v27.3) - https:\/\/yoast.com\/product\/yoast-seo-premium-wordpress\/ -->\n<title>WT-503B Scale and Corrosion Inhibitor for Boiler - vcycletech<\/title>\n<meta name=\"description\" content=\"Ready to take boiler maintenance to the next level? Try WT-503B Scale and Corrosion Inhibitor - a combination of chelating, cleaning &amp; dispersing agents that guarantees quick &amp; effective results so you can keep your boiler running smoothly.\" \/>\n<meta name=\"robots\" content=\"index, follow, max-snippet:-1, max-image-preview:large, max-video-preview:-1\" \/>\n<link rel=\"canonical\" href=\"https:\/\/vcycletech.com\/fr\/produit\/wt-503b-inhibiteur-de-tartre-et-de-corrosion-pour-chaudiere\/\" \/>\n<meta property=\"og:locale\" content=\"fr_FR\" \/>\n<meta property=\"og:type\" content=\"article\" \/>\n<meta property=\"og:title\" content=\"WT-503B Scale and Corrosion Inhibitor for Boiler\" \/>\n<meta property=\"og:description\" content=\"Ready to take boiler maintenance to the next level? Try WT-503B Scale and Corrosion Inhibitor - a combination of chelating, cleaning &amp; dispersing agents that guarantees quick &amp; effective results so you can keep your boiler running smoothly.\" \/>\n<meta property=\"og:url\" content=\"https:\/\/vcycletech.com\/fr\/produit\/wt-503b-inhibiteur-de-tartre-et-de-corrosion-pour-chaudiere\/\" \/>\n<meta property=\"og:site_name\" content=\"vcycletech\" \/>\n<meta property=\"article:modified_time\" content=\"2023-03-27T03:31:25+00:00\" \/>\n<meta property=\"og:image\" content=\"https:\/\/vcycletech.com\/wp-content\/uploads\/2023\/03\/Benzalkonium-Chloride-Dodecyl-Dimethyl-Benzyl-Ammonium-Chloride-2.png\" \/>\n\t<meta property=\"og:image:width\" content=\"600\" \/>\n\t<meta property=\"og:image:height\" content=\"600\" \/>\n\t<meta property=\"og:image:type\" content=\"image\/png\" \/>\n<meta name=\"twitter:card\" content=\"summary_large_image\" \/>\n<meta name=\"twitter:label1\" content=\"Dur\u00e9e de lecture estim\u00e9e\" \/>\n\t<meta name=\"twitter:data1\" content=\"2 minutes\" \/>\n<script type=\"application\/ld+json\" class=\"yoast-schema-graph\">{\"@context\":\"https:\\\/\\\/schema.org\",\"@graph\":[{\"@type\":\"WebPage\",\"@id\":\"https:\\\/\\\/vcycletech.com\\\/product\\\/wt-503b-scale-and-corrosion-inhibitor-for-boiler\\\/\",\"url\":\"https:\\\/\\\/vcycletech.com\\\/product\\\/wt-503b-scale-and-corrosion-inhibitor-for-boiler\\\/\",\"name\":\"WT-503B Scale and Corrosion Inhibitor for Boiler - vcycletech\",\"isPartOf\":{\"@id\":\"https:\\\/\\\/vcycletech.com\\\/#website\"},\"primaryImageOfPage\":{\"@id\":\"https:\\\/\\\/vcycletech.com\\\/product\\\/wt-503b-scale-and-corrosion-inhibitor-for-boiler\\\/#primaryimage\"},\"image\":{\"@id\":\"https:\\\/\\\/vcycletech.com\\\/product\\\/wt-503b-scale-and-corrosion-inhibitor-for-boiler\\\/#primaryimage\"},\"thumbnailUrl\":\"https:\\\/\\\/vcycletech.com\\\/wp-content\\\/uploads\\\/2023\\\/03\\\/Benzalkonium-Chloride-Dodecyl-Dimethyl-Benzyl-Ammonium-Chloride-2.png\",\"datePublished\":\"2023-03-22T01:49:05+00:00\",\"dateModified\":\"2023-03-27T03:31:25+00:00\",\"description\":\"Ready to take boiler maintenance to the next level? Try WT-503B Scale and Corrosion Inhibitor - a combination of chelating, cleaning & dispersing agents that guarantees quick & effective results so you can keep your boiler running smoothly.\",\"breadcrumb\":{\"@id\":\"https:\\\/\\\/vcycletech.com\\\/product\\\/wt-503b-scale-and-corrosion-inhibitor-for-boiler\\\/#breadcrumb\"},\"inLanguage\":\"fr-FR\",\"potentialAction\":[{\"@type\":\"ReadAction\",\"target\":[\"https:\\\/\\\/vcycletech.com\\\/product\\\/wt-503b-scale-and-corrosion-inhibitor-for-boiler\\\/\"]}]},{\"@type\":\"ImageObject\",\"inLanguage\":\"fr-FR\",\"@id\":\"https:\\\/\\\/vcycletech.com\\\/product\\\/wt-503b-scale-and-corrosion-inhibitor-for-boiler\\\/#primaryimage\",\"url\":\"https:\\\/\\\/vcycletech.com\\\/wp-content\\\/uploads\\\/2023\\\/03\\\/Benzalkonium-Chloride-Dodecyl-Dimethyl-Benzyl-Ammonium-Chloride-2.png\",\"contentUrl\":\"https:\\\/\\\/vcycletech.com\\\/wp-content\\\/uploads\\\/2023\\\/03\\\/Benzalkonium-Chloride-Dodecyl-Dimethyl-Benzyl-Ammonium-Chloride-2.png\",\"width\":600,\"height\":600,\"caption\":\"WT-503B Scale and Corrosion Inhibitor for Boiler\"},{\"@type\":\"BreadcrumbList\",\"@id\":\"https:\\\/\\\/vcycletech.com\\\/product\\\/wt-503b-scale-and-corrosion-inhibitor-for-boiler\\\/#breadcrumb\",\"itemListElement\":[{\"@type\":\"ListItem\",\"position\":1,\"name\":\"Home\",\"item\":\"https:\\\/\\\/vcycletech.com\\\/\"},{\"@type\":\"ListItem\",\"position\":2,\"name\":\"Water Treatment Chemicals Manufacturer\",\"item\":\"https:\\\/\\\/vcycletech.com\\\/water-treatment-chemicals-manufacturer\\\/\"},{\"@type\":\"ListItem\",\"position\":3,\"name\":\"WT-503B Scale and Corrosion Inhibitor for Boiler\"}]},{\"@type\":\"WebSite\",\"@id\":\"https:\\\/\\\/vcycletech.com\\\/#website\",\"url\":\"https:\\\/\\\/vcycletech.com\\\/\",\"name\":\"vcycletech\",\"description\":\"China&#039;s top water treatment chemicals supplier\",\"publisher\":{\"@id\":\"https:\\\/\\\/vcycletech.com\\\/#organization\"},\"potentialAction\":[{\"@type\":\"SearchAction\",\"target\":{\"@type\":\"EntryPoint\",\"urlTemplate\":\"https:\\\/\\\/vcycletech.com\\\/?s={search_term_string}\"},\"query-input\":{\"@type\":\"PropertyValueSpecification\",\"valueRequired\":true,\"valueName\":\"search_term_string\"}}],\"inLanguage\":\"fr-FR\"},{\"@type\":\"Organization\",\"@id\":\"https:\\\/\\\/vcycletech.com\\\/#organization\",\"name\":\"vcycletech\",\"url\":\"https:\\\/\\\/vcycletech.com\\\/\",\"logo\":{\"@type\":\"ImageObject\",\"inLanguage\":\"fr-FR\",\"@id\":\"https:\\\/\\\/vcycletech.com\\\/#\\\/schema\\\/logo\\\/image\\\/\",\"url\":\"https:\\\/\\\/vcycletech.com\\\/wp-content\\\/uploads\\\/2023\\\/03\\\/logo-vcycletech-1.png\",\"contentUrl\":\"https:\\\/\\\/vcycletech.com\\\/wp-content\\\/uploads\\\/2023\\\/03\\\/logo-vcycletech-1.png\",\"width\":600,\"height\":400,\"caption\":\"vcycletech\"},\"image\":{\"@id\":\"https:\\\/\\\/vcycletech.com\\\/#\\\/schema\\\/logo\\\/image\\\/\"}}]}<\/script>\n<!-- \/ Yoast SEO Premium plugin. -->","yoast_head_json":{"title":"WT-503B Inhibiteur de tartre et de corrosion pour chaudi\u00e8re - vcycletech","description":"Pr\u00eat \u00e0 faire passer l&#039;entretien de la chaudi\u00e8re au niveau sup\u00e9rieur\u00a0? Essayez l&#039;inhibiteur de tartre et de corrosion WT-503B - une combinaison d&#039;agents ch\u00e9lateurs, nettoyants et dispersants qui garantit des r\u00e9sultats rapides et efficaces afin que vous puissiez maintenir votre chaudi\u00e8re en bon \u00e9tat de fonctionnement.","robots":{"index":"index","follow":"follow","max-snippet":"max-snippet:-1","max-image-preview":"max-image-preview:large","max-video-preview":"max-video-preview:-1"},"canonical":"https:\/\/vcycletech.com\/fr\/produit\/wt-503b-inhibiteur-de-tartre-et-de-corrosion-pour-chaudiere\/","og_locale":"fr_FR","og_type":"article","og_title":"WT-503B Scale and Corrosion Inhibitor for Boiler","og_description":"Ready to take boiler maintenance to the next level? Try WT-503B Scale and Corrosion Inhibitor - a combination of chelating, cleaning & dispersing agents that guarantees quick & effective results so you can keep your boiler running smoothly.","og_url":"https:\/\/vcycletech.com\/fr\/produit\/wt-503b-inhibiteur-de-tartre-et-de-corrosion-pour-chaudiere\/","og_site_name":"vcycletech","article_modified_time":"2023-03-27T03:31:25+00:00","og_image":[{"width":600,"height":600,"url":"https:\/\/vcycletech.com\/wp-content\/uploads\/2023\/03\/Benzalkonium-Chloride-Dodecyl-Dimethyl-Benzyl-Ammonium-Chloride-2.png","type":"image\/png"}],"twitter_card":"summary_large_image","twitter_misc":{"Dur\u00e9e de lecture estim\u00e9e":"2 minutes"},"schema":{"@context":"https:\/\/schema.org","@graph":[{"@type":"WebPage","@id":"https:\/\/vcycletech.com\/product\/wt-503b-scale-and-corrosion-inhibitor-for-boiler\/","url":"https:\/\/vcycletech.com\/product\/wt-503b-scale-and-corrosion-inhibitor-for-boiler\/","name":"WT-503B Inhibiteur de tartre et de corrosion pour chaudi\u00e8re - vcycletech","isPartOf":{"@id":"https:\/\/vcycletech.com\/#website"},"primaryImageOfPage":{"@id":"https:\/\/vcycletech.com\/product\/wt-503b-scale-and-corrosion-inhibitor-for-boiler\/#primaryimage"},"image":{"@id":"https:\/\/vcycletech.com\/product\/wt-503b-scale-and-corrosion-inhibitor-for-boiler\/#primaryimage"},"thumbnailUrl":"https:\/\/vcycletech.com\/wp-content\/uploads\/2023\/03\/Benzalkonium-Chloride-Dodecyl-Dimethyl-Benzyl-Ammonium-Chloride-2.png","datePublished":"2023-03-22T01:49:05+00:00","dateModified":"2023-03-27T03:31:25+00:00","description":"Pr\u00eat \u00e0 faire passer l&#039;entretien de la chaudi\u00e8re au niveau sup\u00e9rieur\u00a0? Essayez l&#039;inhibiteur de tartre et de corrosion WT-503B - une combinaison d&#039;agents ch\u00e9lateurs, nettoyants et dispersants qui garantit des r\u00e9sultats rapides et efficaces afin que vous puissiez maintenir votre chaudi\u00e8re en bon \u00e9tat de fonctionnement.","breadcrumb":{"@id":"https:\/\/vcycletech.com\/product\/wt-503b-scale-and-corrosion-inhibitor-for-boiler\/#breadcrumb"},"inLanguage":"fr-FR","potentialAction":[{"@type":"ReadAction","target":["https:\/\/vcycletech.com\/product\/wt-503b-scale-and-corrosion-inhibitor-for-boiler\/"]}]},{"@type":"ImageObject","inLanguage":"fr-FR","@id":"https:\/\/vcycletech.com\/product\/wt-503b-scale-and-corrosion-inhibitor-for-boiler\/#primaryimage","url":"https:\/\/vcycletech.com\/wp-content\/uploads\/2023\/03\/Benzalkonium-Chloride-Dodecyl-Dimethyl-Benzyl-Ammonium-Chloride-2.png","contentUrl":"https:\/\/vcycletech.com\/wp-content\/uploads\/2023\/03\/Benzalkonium-Chloride-Dodecyl-Dimethyl-Benzyl-Ammonium-Chloride-2.png","width":600,"height":600,"caption":"WT-503B Scale and Corrosion Inhibitor for Boiler"},{"@type":"BreadcrumbList","@id":"https:\/\/vcycletech.com\/product\/wt-503b-scale-and-corrosion-inhibitor-for-boiler\/#breadcrumb","itemListElement":[{"@type":"ListItem","position":1,"name":"Home","item":"https:\/\/vcycletech.com\/"},{"@type":"ListItem","position":2,"name":"Water Treatment Chemicals Manufacturer","item":"https:\/\/vcycletech.com\/water-treatment-chemicals-manufacturer\/"},{"@type":"ListItem","position":3,"name":"WT-503B Scale and Corrosion Inhibitor for Boiler"}]},{"@type":"WebSite","@id":"https:\/\/vcycletech.com\/#website","url":"https:\/\/vcycletech.com\/","name":"vcycletech","description":"Meilleur fournisseur de produits chimiques pour le traitement de l&#039;eau en Chine","publisher":{"@id":"https:\/\/vcycletech.com\/#organization"},"potentialAction":[{"@type":"SearchAction","target":{"@type":"EntryPoint","urlTemplate":"https:\/\/vcycletech.com\/?s={search_term_string}"},"query-input":{"@type":"PropertyValueSpecification","valueRequired":true,"valueName":"search_term_string"}}],"inLanguage":"fr-FR"},{"@type":"Organization","@id":"https:\/\/vcycletech.com\/#organization","name":"vcycletech","url":"https:\/\/vcycletech.com\/","logo":{"@type":"ImageObject","inLanguage":"fr-FR","@id":"https:\/\/vcycletech.com\/#\/schema\/logo\/image\/","url":"https:\/\/vcycletech.com\/wp-content\/uploads\/2023\/03\/logo-vcycletech-1.png","contentUrl":"https:\/\/vcycletech.com\/wp-content\/uploads\/2023\/03\/logo-vcycletech-1.png","width":600,"height":400,"caption":"vcycletech"},"image":{"@id":"https:\/\/vcycletech.com\/#\/schema\/logo\/image\/"}}]}},"_links":{"self":[{"href":"https:\/\/vcycletech.com\/fr\/wp-json\/wp\/v2\/product\/1336","targetHints":{"allow":["GET"]}}],"collection":[{"href":"https:\/\/vcycletech.com\/fr\/wp-json\/wp\/v2\/product"}],"about":[{"href":"https:\/\/vcycletech.com\/fr\/wp-json\/wp\/v2\/types\/product"}],"wp:featuredmedia":[{"embeddable":true,"href":"https:\/\/vcycletech.com\/fr\/wp-json\/wp\/v2\/media\/1341"}],"wp:attachment":[{"href":"https:\/\/vcycletech.com\/fr\/wp-json\/wp\/v2\/media?parent=1336"}],"wp:term":[{"taxonomy":"product_brand","embeddable":true,"href":"https:\/\/vcycletech.com\/fr\/wp-json\/wp\/v2\/product_brand?post=1336"},{"taxonomy":"product_cat","embeddable":true,"href":"https:\/\/vcycletech.com\/fr\/wp-json\/wp\/v2\/product_cat?post=1336"},{"taxonomy":"product_tag","embeddable":true,"href":"https:\/\/vcycletech.com\/fr\/wp-json\/wp\/v2\/product_tag?post=1336"}],"curies":[{"name":"wp","href":"https:\/\/api.w.org\/{rel}","templated":true}]}}