{"id":1332,"date":"2023-03-22T02:10:09","date_gmt":"2023-03-22T02:10:09","guid":{"rendered":"https:\/\/vcycletech.com\/?post_type=product&#038;p=1332"},"modified":"2023-03-22T06:39:26","modified_gmt":"2023-03-22T06:39:26","slug":"chlorure-de-diotyl-dimethyl-ammonium0821","status":"publish","type":"product","link":"https:\/\/vcycletech.com\/fr\/produit\/chlorure-de-diotyl-dimethyl-ammonium0821\/","title":{"rendered":"Chlorure de di\u00e9thyldim\u00e9thylammonium (D0821)"},"content":{"rendered":"<h3>N\u00b0 CAS 5538-94-3<\/h3>\n<h3>Formule mol\u00e9culaire : C18H40ClN<\/h3>\n<h3>Poids mol\u00e9culaire : 305,97<\/h3>\n<h3>Formule structurelle:<\/h3>\n<figure id=\"attachment_1335\" aria-describedby=\"caption-attachment-1335\" style=\"width: 600px\" class=\"wp-caption alignnone\"><img fetchpriority=\"high\" decoding=\"async\" class=\"size-full wp-image-1335\" src=\"https:\/\/vcycletech.com\/wp-content\/uploads\/2023\/03\/1-64.png\" alt=\"D0821\" width=\"600\" height=\"600\" srcset=\"https:\/\/vcycletech.com\/wp-content\/uploads\/2023\/03\/1-64.png 600w, https:\/\/vcycletech.com\/wp-content\/uploads\/2023\/03\/1-64-100x100.png 100w, https:\/\/vcycletech.com\/wp-content\/uploads\/2023\/03\/1-64-300x300.png 300w, https:\/\/vcycletech.com\/wp-content\/uploads\/2023\/03\/1-64-150x150.png 150w\" sizes=\"(max-width: 600px) 100vw, 600px\" \/><figcaption id=\"caption-attachment-1335\" class=\"wp-caption-text\">D0821<\/figcaption><\/figure>\n<h3>Sp\u00e9cification:<\/h3>\n<div id=\"footable_parent_1338\"\n         class=\"footable_parent ninja_table_wrapper loading_ninja_table wp_table_data_press_parent semantic_ui\">\n                <table data-ninja_table_instance=\"ninja_table_instance_0\" data-footable_id=\"1338\" data-filter-delay=\"1000\" aria-label=\"D0821.csv\"            id=\"footable_1338\"\n           data-unique_identifier=\"ninja_table_unique_id_117232134_1338\"\n           class=\"foo-table ninja_footable foo_table_1338 ninja_table_unique_id_117232134_1338 ui table  nt_type_legacy_table selectable striped vertical_centered  footable-paging-right ninja_table_pro\">\n                <colgroup>\n                            <col class=\"ninja_column_0\">\n                            <col class=\"ninja_column_1\">\n                            <col class=\"ninja_column_2\">\n                    <\/colgroup>\n        <thead>\n<tr class=\"footable-header\">\n                                                        <th scope=\"col\"  class=\"ninja_column_0 ninja_clmn_nm_items\">Articles<\/th><th scope=\"col\"  class=\"ninja_column_1 ninja_clmn_nm_index\">Indice<\/th><th scope=\"col\"  class=\"ninja_column_2 ninja_clmn_nm_ninja_column_3\"><\/th><\/tr>\n<\/thead>\n<tbody>\n\n        <tr data-row_id=\"342\" class=\"ninja_table_row_0 nt_row_id_342\">\n            <td>Apparence<\/td><td>Liquide clair, jaune p\u00e2le \u00e0 paille<\/td><td>Liquide clair, jaune p\u00e2le \u00e0 paille<\/td>        <\/tr>\n            <tr data-row_id=\"343\" class=\"ninja_table_row_1 nt_row_id_343\">\n            <td>Contenu actif, %<\/td><td>48-52<\/td><td>78-82<\/td>        <\/tr>\n            <tr data-row_id=\"344\" class=\"ninja_table_row_2 nt_row_id_344\">\n            <td>PH (solution d&#039;eau 10%)<\/td><td>5.0-9.0<\/td><td>5.0-9.0<\/td>        <\/tr>\n            <tr data-row_id=\"345\" class=\"ninja_table_row_3 nt_row_id_345\">\n            <td>Amine libre, %<\/td><td>2.0max<\/td><td>2.0max<\/td>        <\/tr>\n            <tr data-row_id=\"346\" class=\"ninja_table_row_4 nt_row_id_346\">\n            <td>Couleur (APHA)<\/td><td>200max<\/td><td>200max<\/td>        <\/tr>\n    <\/tbody><!--ninja_tobody_rendering_done-->\n    <\/table>\n    \n    \n    \n<\/div>\n\n<h3>Propri\u00e9t\u00e9s:<\/h3>\n<p><strong>Chlorure de diotyldim\u00e9thylammonium (DDAC)<\/strong> est un compos\u00e9 d&#039;ammonium quaternaire \u00e0 double cha\u00eene qui fournit une action biocide contr\u00f4l\u00e9e de la mousse. Il s&#039;est av\u00e9r\u00e9 qu&#039;il pr\u00e9sentait une mousse \u00e0 rupture rapide avec des performances de mousse dynamiques et contr\u00f4l\u00e9es exceptionnelles dans les d\u00e9sinfectants pour surfaces dures enregistr\u00e9s FIFRA1, les assainissants et certains types de formulations de traitement de l&#039;eau. Le DDAC offre une action germicide puissante contre un large \u00e9ventail d&#039;organismes microbiens, y compris les bact\u00e9ries, les champignons, les virus et les algues, m\u00eame sous de fortes charges de sol organique et des conditions d&#039;eau complexes.<\/p>\n<h3>Usage:<\/h3>\n<p><strong>Chlorure de diotyldim\u00e9thylammonium (DDAC)<\/strong> est un antimicrobien \u00e0 base d&#039;ammonium quaternaire utilis\u00e9 comme bact\u00e9riostatique, d\u00e9sinfectant ou microbiocide. Il est id\u00e9al pour les syst\u00e8mes de recirculation d&#039;eau o\u00f9 le contr\u00f4le des microbes ind\u00e9sirables sans mousse excessive est essentiel.<\/p>\n<p>Le DDAC s&#039;est av\u00e9r\u00e9 efficace dans une vari\u00e9t\u00e9 de domaines, y compris le traitement de l&#039;eau d&#039;injection dans les champs p\u00e9trolif\u00e8res et les syst\u00e8mes de refroidissement \u00e0 circulation industriels, la d\u00e9sinfection des champignons et des bact\u00e9ries, les agents de pr\u00e9servation du bois et les agents antimites textiles. De plus, il peut \u00e9galement \u00eatre utilis\u00e9 avec du dioxyde de chlore lors du traitement de surfaces dures pour \u00e9liminer les bact\u00e9ries.<\/p>\n<h3>Emballage et stockage\u00a0:<\/h3>\n<p><strong>Chlorure de diotyldim\u00e9thylammonium (DDAC, D0821)<\/strong> doit \u00eatre stock\u00e9 dans les conteneurs d&#039;origine dans un endroit sec et bien ventil\u00e9 \u00e0 l&#039;abri des temp\u00e9ratures extr\u00eames. Il est recommand\u00e9 de garder le produit scell\u00e9 et \u00e0 l&#039;abri de la lumi\u00e8re directe du soleil car des temp\u00e9ratures \u00e9lev\u00e9es peuvent d\u00e9grader son efficacit\u00e9. Lors de la manipulation du DDAC, des v\u00eatements de protection tels que des gants, des \u00e9crans faciaux, des respirateurs, des bottes et des tabliers r\u00e9sistants aux produits chimiques sont recommand\u00e9s. F\u00fbt en plastique de 200\u00a0L, IBC (1000\u00a0L), exigence des clients\u00a0: stockage pendant un an dans une pi\u00e8ce ombrag\u00e9e et un endroit sec.<\/p>\n<h3>Synonymes\u00a0:<\/h3>\n<p>chlorure de dioctyl dim\u00e9thyl ammonium<\/p>\n<p>chlorure de dim\u00e9thyldioctylammonium<\/p>\n<p>chlorure de n,n-dim\u00e9thyl-n,n-dioctylammonium<\/p>\n<p>chlorure de dioctyl dim\u00e9thyl ammonium\u2013dodac<\/p>\n<p>Bardac LF \/Bardac LF-80<\/p>\n<p>chlorure de bisoctyl dim\u00e9thyl ammonium<br \/>\nchlorure de n,n-dim\u00e9thyl-n-octyl-1-octanaminium<\/p>\n<h3>FAQ sur D0821 pour les produits chimiques de traitement de l&#039;eau :<\/h3>\n<p><strong>Qu&#039;est-ce que le Chlorure de Diotyl Dim\u00e9thyl Ammonium (D0821) ?<\/strong><br \/>\nLe chlorure de di\u00e9thyldim\u00e9thylammonium (D0821) est un tensioactif cationique utilis\u00e9 dans les produits chimiques de traitement de l&#039;eau. Il s&#039;agit d&#039;un liquide jaune p\u00e2le clair et incolore qui agit comme d\u00e9sinfectant, algicide et agent floculant. Il peut contr\u00f4ler les bact\u00e9ries, les algues, les champignons, les organismes producteurs de boue et les solides en suspension dans l&#039;eau.<\/p>\n<p><strong>Quelles sont les utilisations de Diotyl Dimethyl Ammonium Chloride (D0821)?<\/strong><br \/>\nLe chlorure de di\u00e9thyldim\u00e9thylammonium (D0821) peut \u00eatre utilis\u00e9 dans de nombreuses applications, y compris la d\u00e9sinfection des eaux us\u00e9es, le traitement des eaux us\u00e9es industrielles, la d\u00e9sinfection de l&#039;eau potable, la d\u00e9sinfection des piscines, le nettoyage et l&#039;entretien des tours de refroidissement, la formulation de produits chimiques pour champs p\u00e9trolif\u00e8res et les processus de production. En plus de son utilisation comme agent biocide contre les micro-organismes, il aide \u00e9galement \u00e0 solidifier les particules en suspension dans l&#039;eau et aide \u00e0 les \u00e9liminer du syst\u00e8me.<\/p>\n<p><strong>Existe-t-il des probl\u00e8mes de s\u00e9curit\u00e9 associ\u00e9s \u00e0 l&#039;utilisation de chlorure de di\u00e9thyldim\u00e9thylammonium (D0821)\u00a0?<\/strong><\/p>\n<p>Bien qu&#039;il soit g\u00e9n\u00e9ralement s\u00fbr \u00e0 utiliser lorsqu&#039;il est appliqu\u00e9 conform\u00e9ment aux instructions et en suivant les protocoles de s\u00e9curit\u00e9 appropri\u00e9s lors de la manipulation de ce produit, une surexposition ou une mauvaise utilisation peut entra\u00eener des risques pour la sant\u00e9 tels qu&#039;une irritation de la peau ou des l\u00e9sions oculaires. Portez toujours un \u00e9quipement de protection tel que des gants lors de la manipulation de ce produit et \u00e9vitez tout contact avec les yeux et la peau. En cas de contact accidentel, consulter imm\u00e9diatement un m\u00e9decin. Ce produit ne doit en aucun cas \u00eatre ing\u00e9r\u00e9. Il doit toujours \u00eatre stock\u00e9 \u00e0 l&#039;\u00e9cart des aliments ou des boissons pour \u00e9viter de contaminer les produits alimentaires ou les boissons avec ce compos\u00e9 chimique.<\/p>\n<p><strong>Le Chlorure de Diotyl Dim\u00e9thyl Ammonium (D0821) est-il \u00e9cologique ?<\/strong><br \/>\nOui! Lorsqu&#039;il est utilis\u00e9 de mani\u00e8re responsable aux concentrations recommand\u00e9es, il pose un risque environnemental minimal en raison de son taux de d\u00e9gradation rapide une fois rejet\u00e9 dans les syst\u00e8mes aquatiques. Cependant, une mauvaise utilisation peut entra\u00eener une accumulation de mati\u00e8res toxiques qui pourraient constituer une menace pour les esp\u00e8ces marines sensibles telles que les poissons ou d&#039;autres formes de vie aquatique. Par cons\u00e9quent, des directives de dilution appropri\u00e9es doivent \u00eatre suivies lors de l&#039;utilisation de ce produit pour le traitement de l&#039;eau.<\/p>\n<p><strong>Comment appliquer le Chlorure de Diotyl Dim\u00e9thyl Ammonium (D0821) pour le traitement de l&#039;eau ?<\/strong><br \/>\nLa quantit\u00e9 de terre de diatom\u00e9es requise d\u00e9pend du nombre de contaminants pr\u00e9sents dans l&#039;eau trait\u00e9e, mais varie g\u00e9n\u00e9ralement entre 0,02 et 0,11 TP3T selon le type de contaminants pr\u00e9sents dans la masse d&#039;eau trait\u00e9e. Pour garantir des r\u00e9sultats efficaces, il est essentiel de suivre toutes les instructions sur l&#039;\u00e9tiquette ou de consulter un professionnel avant d&#039;utiliser en cas de doute sur les concentrations n\u00e9cessaires \u00e0 des fins d&#039;application.<\/p>\n<p><a href=\"https:\/\/vcycletech.com\/fr\/tensioactif-cationique\/\"><strong>Obtenez la solution compl\u00e8te de surfactant cationique.<\/strong><\/a><\/p>","protected":false},"excerpt":{"rendered":"<p><strong>Chlorure de di\u00e9thyldim\u00e9thylammonium (D0821)<\/strong> Le sel d&#039;ammonium quaternaire pour le traitement de l&#039;eau est largement utilis\u00e9 dans le traitement de l&#039;eau, le textile, la fabrication du papier, le cuir et d&#039;autres industries. Il pr\u00e9sente une bonne stabilit\u00e9 au chlore et peut \u00e9liminer efficacement les mati\u00e8res organiques, les collo\u00efdes et la couleur de l&#039;eau.<\/p>\n<p>Ce produit est de haute qualit\u00e9 <strong>Chlorure de di\u00e9thyldim\u00e9thylammonium (D0821)<\/strong> pour les produits chimiques de traitement de l&#039;eau provenant de Chine. Il est disponible en grande quantit\u00e9 \u00e0 des prix comp\u00e9titifs. Entreprises cherchant \u00e0 acheter <strong>Chlorure de di\u00e9thyldim\u00e9thylammonium (D0821)<\/strong> pour les produits chimiques de traitement de l&#039;eau en vrac doivent nous contacter d\u00e8s aujourd&#039;hui.<\/p>","protected":false},"featured_media":1347,"template":"","meta":{"site-sidebar-layout":"default","site-content-layout":"default","ast-site-content-layout":"default","site-content-style":"default","site-sidebar-style":"default","ast-global-header-display":"","ast-banner-title-visibility":"","ast-main-header-display":"","ast-hfb-above-header-display":"","ast-hfb-below-header-display":"","ast-hfb-mobile-header-display":"","site-post-title":"","ast-breadcrumbs-content":"","ast-featured-img":"","footer-sml-layout":"","ast-disable-related-posts":"","theme-transparent-header-meta":"default","adv-header-id-meta":"","stick-header-meta":"default","header-above-stick-meta":"","header-main-stick-meta":"","header-below-stick-meta":"","astra-migrate-meta-layouts":"default","ast-page-background-enabled":"default","ast-page-background-meta":{"desktop":{"background-color":"","background-image":"","background-repeat":"repeat","background-position":"center center","background-size":"auto","background-attachment":"scroll","background-type":"","background-media":"","overlay-type":"","overlay-color":"","overlay-opacity":"","overlay-gradient":""},"tablet":{"background-color":"","background-image":"","background-repeat":"repeat","background-position":"center center","background-size":"auto","background-attachment":"scroll","background-type":"","background-media":"","overlay-type":"","overlay-color":"","overlay-opacity":"","overlay-gradient":""},"mobile":{"background-color":"","background-image":"","background-repeat":"repeat","background-position":"center center","background-size":"auto","background-attachment":"scroll","background-type":"","background-media":"","overlay-type":"","overlay-color":"","overlay-opacity":"","overlay-gradient":""}},"ast-content-background-meta":{"desktop":{"background-color":"var(--ast-global-color-5)","background-image":"","background-repeat":"repeat","background-position":"center center","background-size":"auto","background-attachment":"scroll","background-type":"","background-media":"","overlay-type":"","overlay-color":"","overlay-opacity":"","overlay-gradient":""},"tablet":{"background-color":"var(--ast-global-color-5)","background-image":"","background-repeat":"repeat","background-position":"center center","background-size":"auto","background-attachment":"scroll","background-type":"","background-media":"","overlay-type":"","overlay-color":"","overlay-opacity":"","overlay-gradient":""},"mobile":{"background-color":"var(--ast-global-color-5)","background-image":"","background-repeat":"repeat","background-position":"center center","background-size":"auto","background-attachment":"scroll","background-type":"","background-media":"","overlay-type":"","overlay-color":"","overlay-opacity":"","overlay-gradient":""}}},"product_brand":[],"product_cat":[33],"product_tag":[],"class_list":{"0":"post-1332","1":"product","2":"type-product","3":"status-publish","4":"has-post-thumbnail","6":"product_cat-cationic-surfactant-list","7":"desktop-align-left","8":"tablet-align-left","9":"mobile-align-left","10":"ast-product-gallery-layout-horizontal-slider","11":"ast-product-tabs-layout-horizontal","13":"first","14":"instock","15":"shipping-taxable","16":"product-type-simple"},"yoast_head":"<!-- This site is optimized with the Yoast SEO Premium plugin v26.3 (Yoast SEO v27.3) - https:\/\/yoast.com\/product\/yoast-seo-premium-wordpress\/ -->\n<title>Diotyl Dimethyl Ammonium Chloride(D0821) - vcycletech<\/title>\n<meta name=\"description\" content=\"DDAC has been found to be effective in a variety of fields including injection water treatment in oilfields and industrial circulating cooling systems, fungi, and bacteria disinfection, wood preservative agents, and textile moth-proofing agents. Additionally, it can also be used with chlorine dioxide when treating hard surfaces to eliminate bacteria.\" \/>\n<meta name=\"robots\" content=\"index, follow, max-snippet:-1, max-image-preview:large, max-video-preview:-1\" \/>\n<link rel=\"canonical\" href=\"https:\/\/vcycletech.com\/fr\/produit\/chlorure-de-diotyl-dimethyl-ammonium0821\/\" \/>\n<meta property=\"og:locale\" content=\"fr_FR\" \/>\n<meta property=\"og:type\" content=\"article\" \/>\n<meta property=\"og:title\" content=\"Diotyl Dimethyl Ammonium Chloride(D0821)\" \/>\n<meta property=\"og:description\" content=\"DDAC has been found to be effective in a variety of fields including injection water treatment in oilfields and industrial circulating cooling systems, fungi, and bacteria disinfection, wood preservative agents, and textile moth-proofing agents. Additionally, it can also be used with chlorine dioxide when treating hard surfaces to eliminate bacteria.\" \/>\n<meta property=\"og:url\" content=\"https:\/\/vcycletech.com\/fr\/produit\/chlorure-de-diotyl-dimethyl-ammonium0821\/\" \/>\n<meta property=\"og:site_name\" content=\"vcycletech\" \/>\n<meta property=\"article:modified_time\" content=\"2023-03-22T06:39:26+00:00\" \/>\n<meta property=\"og:image\" content=\"https:\/\/vcycletech.com\/wp-content\/uploads\/2023\/03\/1-65.png\" \/>\n\t<meta property=\"og:image:width\" content=\"600\" \/>\n\t<meta property=\"og:image:height\" content=\"600\" \/>\n\t<meta property=\"og:image:type\" content=\"image\/png\" \/>\n<meta name=\"twitter:card\" content=\"summary_large_image\" \/>\n<meta name=\"twitter:label1\" content=\"Dur\u00e9e de lecture estim\u00e9e\" \/>\n\t<meta name=\"twitter:data1\" content=\"4 minutes\" \/>\n<script type=\"application\/ld+json\" class=\"yoast-schema-graph\">{\"@context\":\"https:\\\/\\\/schema.org\",\"@graph\":[{\"@type\":\"WebPage\",\"@id\":\"https:\\\/\\\/vcycletech.com\\\/product\\\/diotyl-dimethyl-ammonium-chlorided0821\\\/\",\"url\":\"https:\\\/\\\/vcycletech.com\\\/product\\\/diotyl-dimethyl-ammonium-chlorided0821\\\/\",\"name\":\"Diotyl Dimethyl Ammonium Chloride(D0821) - vcycletech\",\"isPartOf\":{\"@id\":\"https:\\\/\\\/vcycletech.com\\\/#website\"},\"primaryImageOfPage\":{\"@id\":\"https:\\\/\\\/vcycletech.com\\\/product\\\/diotyl-dimethyl-ammonium-chlorided0821\\\/#primaryimage\"},\"image\":{\"@id\":\"https:\\\/\\\/vcycletech.com\\\/product\\\/diotyl-dimethyl-ammonium-chlorided0821\\\/#primaryimage\"},\"thumbnailUrl\":\"https:\\\/\\\/vcycletech.com\\\/wp-content\\\/uploads\\\/2023\\\/03\\\/1-65.png\",\"datePublished\":\"2023-03-22T02:10:09+00:00\",\"dateModified\":\"2023-03-22T06:39:26+00:00\",\"description\":\"DDAC has been found to be effective in a variety of fields including injection water treatment in oilfields and industrial circulating cooling systems, fungi, and bacteria disinfection, wood preservative agents, and textile moth-proofing agents. Additionally, it can also be used with chlorine dioxide when treating hard surfaces to eliminate bacteria.\",\"breadcrumb\":{\"@id\":\"https:\\\/\\\/vcycletech.com\\\/product\\\/diotyl-dimethyl-ammonium-chlorided0821\\\/#breadcrumb\"},\"inLanguage\":\"fr-FR\",\"potentialAction\":[{\"@type\":\"ReadAction\",\"target\":[\"https:\\\/\\\/vcycletech.com\\\/product\\\/diotyl-dimethyl-ammonium-chlorided0821\\\/\"]}]},{\"@type\":\"ImageObject\",\"inLanguage\":\"fr-FR\",\"@id\":\"https:\\\/\\\/vcycletech.com\\\/product\\\/diotyl-dimethyl-ammonium-chlorided0821\\\/#primaryimage\",\"url\":\"https:\\\/\\\/vcycletech.com\\\/wp-content\\\/uploads\\\/2023\\\/03\\\/1-65.png\",\"contentUrl\":\"https:\\\/\\\/vcycletech.com\\\/wp-content\\\/uploads\\\/2023\\\/03\\\/1-65.png\",\"width\":600,\"height\":600,\"caption\":\"Diotyl dimethyl Ammonium Chloride(D0821)\"},{\"@type\":\"BreadcrumbList\",\"@id\":\"https:\\\/\\\/vcycletech.com\\\/product\\\/diotyl-dimethyl-ammonium-chlorided0821\\\/#breadcrumb\",\"itemListElement\":[{\"@type\":\"ListItem\",\"position\":1,\"name\":\"Home\",\"item\":\"https:\\\/\\\/vcycletech.com\\\/\"},{\"@type\":\"ListItem\",\"position\":2,\"name\":\"Water Treatment Chemicals Manufacturer\",\"item\":\"https:\\\/\\\/vcycletech.com\\\/water-treatment-chemicals-manufacturer\\\/\"},{\"@type\":\"ListItem\",\"position\":3,\"name\":\"Diotyl Dimethyl Ammonium Chloride(D0821)\"}]},{\"@type\":\"WebSite\",\"@id\":\"https:\\\/\\\/vcycletech.com\\\/#website\",\"url\":\"https:\\\/\\\/vcycletech.com\\\/\",\"name\":\"vcycletech\",\"description\":\"China&#039;s top water treatment chemicals supplier\",\"publisher\":{\"@id\":\"https:\\\/\\\/vcycletech.com\\\/#organization\"},\"potentialAction\":[{\"@type\":\"SearchAction\",\"target\":{\"@type\":\"EntryPoint\",\"urlTemplate\":\"https:\\\/\\\/vcycletech.com\\\/?s={search_term_string}\"},\"query-input\":{\"@type\":\"PropertyValueSpecification\",\"valueRequired\":true,\"valueName\":\"search_term_string\"}}],\"inLanguage\":\"fr-FR\"},{\"@type\":\"Organization\",\"@id\":\"https:\\\/\\\/vcycletech.com\\\/#organization\",\"name\":\"vcycletech\",\"url\":\"https:\\\/\\\/vcycletech.com\\\/\",\"logo\":{\"@type\":\"ImageObject\",\"inLanguage\":\"fr-FR\",\"@id\":\"https:\\\/\\\/vcycletech.com\\\/#\\\/schema\\\/logo\\\/image\\\/\",\"url\":\"https:\\\/\\\/vcycletech.com\\\/wp-content\\\/uploads\\\/2023\\\/03\\\/logo-vcycletech-1.png\",\"contentUrl\":\"https:\\\/\\\/vcycletech.com\\\/wp-content\\\/uploads\\\/2023\\\/03\\\/logo-vcycletech-1.png\",\"width\":600,\"height\":400,\"caption\":\"vcycletech\"},\"image\":{\"@id\":\"https:\\\/\\\/vcycletech.com\\\/#\\\/schema\\\/logo\\\/image\\\/\"}}]}<\/script>\n<!-- \/ Yoast SEO Premium plugin. -->","yoast_head_json":{"title":"Chlorure de diotyl dim\u00e9thyl ammonium (D0821) - vcycletech","description":"Le DDAC s&#039;est av\u00e9r\u00e9 efficace dans une vari\u00e9t\u00e9 de domaines, y compris le traitement de l&#039;eau d&#039;injection dans les champs p\u00e9trolif\u00e8res et les syst\u00e8mes de refroidissement \u00e0 circulation industriels, la d\u00e9sinfection des champignons et des bact\u00e9ries, les agents de pr\u00e9servation du bois et les agents antimites textiles. De plus, il peut \u00e9galement \u00eatre utilis\u00e9 avec du dioxyde de chlore lors du traitement de surfaces dures pour \u00e9liminer les bact\u00e9ries.","robots":{"index":"index","follow":"follow","max-snippet":"max-snippet:-1","max-image-preview":"max-image-preview:large","max-video-preview":"max-video-preview:-1"},"canonical":"https:\/\/vcycletech.com\/fr\/produit\/chlorure-de-diotyl-dimethyl-ammonium0821\/","og_locale":"fr_FR","og_type":"article","og_title":"Diotyl Dimethyl Ammonium Chloride(D0821)","og_description":"DDAC has been found to be effective in a variety of fields including injection water treatment in oilfields and industrial circulating cooling systems, fungi, and bacteria disinfection, wood preservative agents, and textile moth-proofing agents. Additionally, it can also be used with chlorine dioxide when treating hard surfaces to eliminate bacteria.","og_url":"https:\/\/vcycletech.com\/fr\/produit\/chlorure-de-diotyl-dimethyl-ammonium0821\/","og_site_name":"vcycletech","article_modified_time":"2023-03-22T06:39:26+00:00","og_image":[{"width":600,"height":600,"url":"https:\/\/vcycletech.com\/wp-content\/uploads\/2023\/03\/1-65.png","type":"image\/png"}],"twitter_card":"summary_large_image","twitter_misc":{"Dur\u00e9e de lecture estim\u00e9e":"4 minutes"},"schema":{"@context":"https:\/\/schema.org","@graph":[{"@type":"WebPage","@id":"https:\/\/vcycletech.com\/product\/diotyl-dimethyl-ammonium-chlorided0821\/","url":"https:\/\/vcycletech.com\/product\/diotyl-dimethyl-ammonium-chlorided0821\/","name":"Chlorure de diotyl dim\u00e9thyl ammonium (D0821) - vcycletech","isPartOf":{"@id":"https:\/\/vcycletech.com\/#website"},"primaryImageOfPage":{"@id":"https:\/\/vcycletech.com\/product\/diotyl-dimethyl-ammonium-chlorided0821\/#primaryimage"},"image":{"@id":"https:\/\/vcycletech.com\/product\/diotyl-dimethyl-ammonium-chlorided0821\/#primaryimage"},"thumbnailUrl":"https:\/\/vcycletech.com\/wp-content\/uploads\/2023\/03\/1-65.png","datePublished":"2023-03-22T02:10:09+00:00","dateModified":"2023-03-22T06:39:26+00:00","description":"Le DDAC s&#039;est av\u00e9r\u00e9 efficace dans une vari\u00e9t\u00e9 de domaines, y compris le traitement de l&#039;eau d&#039;injection dans les champs p\u00e9trolif\u00e8res et les syst\u00e8mes de refroidissement \u00e0 circulation industriels, la d\u00e9sinfection des champignons et des bact\u00e9ries, les agents de pr\u00e9servation du bois et les agents antimites textiles. De plus, il peut \u00e9galement \u00eatre utilis\u00e9 avec du dioxyde de chlore lors du traitement de surfaces dures pour \u00e9liminer les bact\u00e9ries.","breadcrumb":{"@id":"https:\/\/vcycletech.com\/product\/diotyl-dimethyl-ammonium-chlorided0821\/#breadcrumb"},"inLanguage":"fr-FR","potentialAction":[{"@type":"ReadAction","target":["https:\/\/vcycletech.com\/product\/diotyl-dimethyl-ammonium-chlorided0821\/"]}]},{"@type":"ImageObject","inLanguage":"fr-FR","@id":"https:\/\/vcycletech.com\/product\/diotyl-dimethyl-ammonium-chlorided0821\/#primaryimage","url":"https:\/\/vcycletech.com\/wp-content\/uploads\/2023\/03\/1-65.png","contentUrl":"https:\/\/vcycletech.com\/wp-content\/uploads\/2023\/03\/1-65.png","width":600,"height":600,"caption":"Diotyl dimethyl Ammonium Chloride(D0821)"},{"@type":"BreadcrumbList","@id":"https:\/\/vcycletech.com\/product\/diotyl-dimethyl-ammonium-chlorided0821\/#breadcrumb","itemListElement":[{"@type":"ListItem","position":1,"name":"Home","item":"https:\/\/vcycletech.com\/"},{"@type":"ListItem","position":2,"name":"Water Treatment Chemicals Manufacturer","item":"https:\/\/vcycletech.com\/water-treatment-chemicals-manufacturer\/"},{"@type":"ListItem","position":3,"name":"Diotyl Dimethyl Ammonium Chloride(D0821)"}]},{"@type":"WebSite","@id":"https:\/\/vcycletech.com\/#website","url":"https:\/\/vcycletech.com\/","name":"vcycletech","description":"Meilleur fournisseur de produits chimiques pour le traitement de l&#039;eau en Chine","publisher":{"@id":"https:\/\/vcycletech.com\/#organization"},"potentialAction":[{"@type":"SearchAction","target":{"@type":"EntryPoint","urlTemplate":"https:\/\/vcycletech.com\/?s={search_term_string}"},"query-input":{"@type":"PropertyValueSpecification","valueRequired":true,"valueName":"search_term_string"}}],"inLanguage":"fr-FR"},{"@type":"Organization","@id":"https:\/\/vcycletech.com\/#organization","name":"vcycletech","url":"https:\/\/vcycletech.com\/","logo":{"@type":"ImageObject","inLanguage":"fr-FR","@id":"https:\/\/vcycletech.com\/#\/schema\/logo\/image\/","url":"https:\/\/vcycletech.com\/wp-content\/uploads\/2023\/03\/logo-vcycletech-1.png","contentUrl":"https:\/\/vcycletech.com\/wp-content\/uploads\/2023\/03\/logo-vcycletech-1.png","width":600,"height":400,"caption":"vcycletech"},"image":{"@id":"https:\/\/vcycletech.com\/#\/schema\/logo\/image\/"}}]}},"_links":{"self":[{"href":"https:\/\/vcycletech.com\/fr\/wp-json\/wp\/v2\/product\/1332","targetHints":{"allow":["GET"]}}],"collection":[{"href":"https:\/\/vcycletech.com\/fr\/wp-json\/wp\/v2\/product"}],"about":[{"href":"https:\/\/vcycletech.com\/fr\/wp-json\/wp\/v2\/types\/product"}],"wp:featuredmedia":[{"embeddable":true,"href":"https:\/\/vcycletech.com\/fr\/wp-json\/wp\/v2\/media\/1347"}],"wp:attachment":[{"href":"https:\/\/vcycletech.com\/fr\/wp-json\/wp\/v2\/media?parent=1332"}],"wp:term":[{"taxonomy":"product_brand","embeddable":true,"href":"https:\/\/vcycletech.com\/fr\/wp-json\/wp\/v2\/product_brand?post=1332"},{"taxonomy":"product_cat","embeddable":true,"href":"https:\/\/vcycletech.com\/fr\/wp-json\/wp\/v2\/product_cat?post=1332"},{"taxonomy":"product_tag","embeddable":true,"href":"https:\/\/vcycletech.com\/fr\/wp-json\/wp\/v2\/product_tag?post=1332"}],"curies":[{"name":"wp","href":"https:\/\/api.w.org\/{rel}","templated":true}]}}